{"id":32538,"date":"2025-01-15T12:52:13","date_gmt":"2025-01-15T12:52:13","guid":{"rendered":"https:\/\/www.legendyuvas.cz\/allgemeine-bedingungen-fuer-die-anmeldung-zu-den-trackdays\/"},"modified":"2025-11-09T13:27:21","modified_gmt":"2025-11-09T13:27:21","slug":"allgemeine-bedingungen-fuer-die-anmeldung-zu-den-trackdays","status":"publish","type":"page","link":"https:\/\/www.legendyuvas.cz\/de\/allgemeine-bedingungen-fuer-die-anmeldung-zu-den-trackdays\/","title":{"rendered":"Allgemeine Bedingungen f\u00fcr die Anmeldung zu den Trackdays"},"content":{"rendered":"\t\t<div data-elementor-type=\"wp-page\" data-elementor-id=\"32538\" class=\"elementor elementor-32538 elementor-15180\" data-elementor-post-type=\"page\">\n\t\t\t\t\t\t<section class=\"elementor-section elementor-top-section elementor-element elementor-element-1d333d1f elementor-section-boxed elementor-section-height-default elementor-section-height-default\" data-id=\"1d333d1f\" data-element_type=\"section\">\n\t\t\t\t\t\t<div class=\"elementor-container elementor-column-gap-default\">\n\t\t\t\t\t<div class=\"elementor-column elementor-col-100 elementor-top-column elementor-element elementor-element-2270f0df\" data-id=\"2270f0df\" data-element_type=\"column\">\n\t\t\t<div class=\"elementor-widget-wrap elementor-element-populated\">\n\t\t\t\t\t\t<div class=\"elementor-element elementor-element-4e6de45c elementor-widget elementor-widget-text-editor\" data-id=\"4e6de45c\" data-element_type=\"widget\" data-widget_type=\"text-editor.default\">\n\t\t\t\t<div class=\"elementor-widget-container\">\n\t\t\t\t\t\t\t\t\t<p><span style=\"font-family: Segoe UI, serif;\"><b>ALLGEMEINE REGISTRIERUNGSBEDINGUNGEN F\u00dcR TRACKDAYS<\/b><\/span><\/p><br><p><span style=\"font-family: Segoe UI, serif;\"><b>1. Anmeldung und technische Bedingungen der Fahrzeuge<\/b><\/span><\/p><br><p><span style=\"font-family: Segoe UI, serif;\">1.1 Jedes f\u00fcr die Teilnahme an Trackdays zugelassene Fahrzeug muss \u00fcber eine g\u00fcltige STK und Kennzeichen verf\u00fcgen.<\/span><\/p><br><p><span style=\"font-family: Segoe UI, serif;\"><b>2. L\u00e4rmgrenzwerte<\/b><\/span><\/p><br><p><span style=\"font-family: Segoe UI, serif;\">2.1 Alle Fahrzeuge m\u00fcssen je nach Standort die folgenden L\u00e4rmgrenzwerte einhalten:<\/span><\/p><br><ul>\r\n<li>\r\n<p><span style=\"font-family: Segoe UI, serif;\">Autodromo Most: 102+2 dB bei 4.500 U\/min oder 3\/4 der H\u00f6chstgeschwindigkeit, gemessen 1 Meter hinter dem Ende des Auspuffs.<\/span><\/p>\r\n<\/li>.\r\n<li>.\r\n<p><span style=\"font-family: Segoe UI, serif;\">Automotodrom Brno: 107 dB.<\/span><\/p>\r\n<\/li>\r\n<li>\r\n<p><span style=\"font-family: Segoe UI, serif;\">Autodrom Sosnov\u00e1: 96 dB.<\/span><\/p>\r\n<\/li>\r\n<li>\r\n<p><span style=\"font-family: Segoe UI, serif;\">Polygon Hradec Kr\u00e1lov\u00e9: 95 dB.<\/span><\/p>\r\n<\/li>\r\n<li>\r\n<p><span style=\"font-family: Segoe UI, serif;\">Slovakiaring: 102 dB.<\/span><\/p>\r\n<\/li>\r\n<\/ul><br><p><span style=\"font-family: Segoe UI, serif;\"><b>3. Vorgeschriebene Fahrzeugausr\u00fcstung<\/b><\/span><\/p><br><p><span style=\"font-family: Segoe UI, serif;\">3.1 Jedes Fahrzeug muss mit einer Abschlepp\u00f6se ausgestattet sein. Es wird empfohlen, die Abschlepp\u00f6se vorzumontieren, falls ein Abschleppen erforderlich ist.<\/span><\/p><br><p><span style=\"font-family: Segoe UI, serif;\"><b>4. 4.1 Bei der Einfahrt auf die Strecke ist der durch zwei wei\u00dfe Linien definierte Korridor einzuhalten (g\u00fcltig f\u00fcr Autodrom Most, Automotodrom Brno und Slovakiaring).<\/span><\/p><br><p><span style=\"font-family: Segoe UI, serif;\">4.2 Die zul\u00e4ssige H\u00f6chstgeschwindigkeit in der Boxengasse betr\u00e4gt 60 km\/h.<\/span><\/p><br><p><a name=\"_GoBack\"><\/a> <span style=\"font-family: Segoe UI, serif;\">4.3 Das Tragen eines Schutzhelms ist f\u00fcr Fahrer von Fahrzeugen ohne festes Dach oder von Fahrzeugen, die mit einem Sicherheitsrahmen ausgestattet sind, vorgeschrieben.<\/span><\/p><br><p><span style=\"font-family: Segoe UI, serif;\"><b>5. Regeln f\u00fcr das \u00dcberholen auf der Strecke<\/b><\/span><\/p><br><p><span style=\"font-family: Segoe UI, serif;\">5.1 Schnelleres Fahrzeug:<\/span><\/p><br><ul>\r\n<li>\r\n<p><span style=\"font-family: Segoe UI, serif;\">l\u00e4sst beim \u00dcberholen besondere Vorsicht walten und \u00fcberholt nur unter sicheren Bedingungen ohne \u00fcberm\u00e4\u00dfiges Risiko.<\/span><\/p>\r\n<\/li>\r\n<li>\r\n<p><span style=\"font-family: Segoe UI, serif;\">Die Fahrweise sollte defensiv sein und der Fahrer muss das Verhalten des \u00fcberholten Fahrzeugs st\u00e4ndig beobachten.<\/span><\/p>\r\n<\/li>\r\n<\/ul><br><p><span style=\"font-family: Segoe UI, serif;\">5.2 Langsameres Fahrzeug:<\/span><\/p><br><ul>\r\n<li>\r\n<p><span style=\"font-family: Segoe UI, serif;\">Wenn es die Situation erlaubt, muss es nach rechts ausweichen und mit dem rechten Blinker zum \u00dcberholen blinken.<\/span><\/p>\r\n<\/li>\r\n<li>\r\n<p><span style=\"font-family: Segoe UI, serif;\">Kann leicht abbremsen, darf aber nicht pl\u00f6tzlich bremsen oder die Geschwindigkeit unerwartet \u00e4ndern.<\/span><\/p>\r\n<\/li>\r\n<li>\r\n<p><span style=\"font-family: Segoe UI, serif;\">\u00dcberpr\u00fcft regelm\u00e4\u00dfig die Situation in den R\u00fcckspiegeln.<\/span><\/p>\r\n<\/li>\r\n<\/ul><br><p><span style=\"font-family: Segoe UI, serif;\"><b>6. Flaggensignalisierung<\/b><\/span><\/p><br><p><span style=\"font-family: Segoe UI, serif;\">6.1 Die Kommunikation auf der Strecke darf nur durch Flaggensignale erfolgen. Die Fahrer sind verpflichtet, den Flaggen h\u00f6chste Aufmerksamkeit zu schenken:<\/span><\/p><br><ul>\r\n<li>\r\n<p><span style=\"font-family: Segoe UI, serif;\"><b>Gelbe Flagge:<\/b><\/span><span style=\"font-family: Segoe UI, serif;\"> signalisiert eine Gefahr auf der Strecke. Der Fahrer muss langsamer werden und zum Anhalten bereit sein. \u00dcberholen ist verboten.<\/span><\/p>\r\n<\/li>\r\n<li>\r\n<p><span style=\"font-family: Segoe UI, serif;\"><b>Blaue Flagge:<\/b><\/span><span style=\"font-family: Segoe UI, serif;\"> Warnt vor einem schnelleren Fahrzeug, das sich n\u00e4hert und wahrscheinlich \u00fcberholen will.<\/span><\/p>\r\n<\/li>\r\n<li>\r\n<p><span style=\"font-family: Segoe UI, serif;\"><b>Gelbe Flagge mit roten Streifen:<\/b><\/span><span style=\"font-family: Segoe UI, serif;\">Warnt vor einer Verschlechterung der Fahrbahnoberfl\u00e4che (\u00d6l, Wasser, Schmutz).<\/span><\/p>\r\n<\/li>\r\n<li>\r\n<p><span style=\"font-family: Segoe UI, serif;\"><b>Rote Flagge:<\/b><\/span><span style=\"font-family: Segoe UI, serif;\"> Zeigt eine Unterbrechung der Fahrt an. Der Fahrer muss abbremsen und an die Box zur\u00fcckkehren. \u00dcberholen ist verboten.<\/span><\/p>\r\n<\/li>\r\n<li>\r\n<p><span style=\"font-family: Segoe UI, serif;\"><b>Gr\u00fcne Flagge:<\/b><\/span><span style=\"font-family: Segoe UI, serif;\"> Signalisiert die Wiederherstellung einer sicheren Situation und die M\u00f6glichkeit des \u00dcberholens.<\/span><\/p>\r\n<\/li>\r\n<li>\r\n<p><span style=\"font-family: Segoe UI, serif;\"><b>Schwarze Flagge:<\/b><\/span><span style=\"font-family: Segoe UI, serif;\"> Zeigt ein Problem an (unsicheres Fahrverhalten oder technischer Defekt am Fahrzeug). Der Fahrer muss sofort in die Boxengasse fahren und den Veranstalter kontaktieren.<\/span><\/p>\r\n<\/li>\r\n<\/ul><br><p><span style=\"font-family: Segoe UI, serif;\"><b>7. Kein Driften<\/b><\/span><\/p><br><p><span style=\"font-family: Segoe UI, serif;\">7.1 Driften ist auf den folgenden Strecken verboten.\r\n<p><span style=\"font-family.\r\n<p><span style=\"font-family: Segoe UI, serif;\"><b>8.\r\n<p><span style=\"font-family: Segoe UI, serif;\">8.1 Mit der Anmeldung zu den Trackdays erkl\u00e4rt sich jeder Teilnehmer mit den oben genannten Bedingungen einverstanden, um die Sicherheit und den reibungslosen Ablauf der Veranstaltung zu gew\u00e4hrleisten.<\/span><span style=\"color: #3333;\"><span style=\"font-family: Segoe UI, serif;\">&nbsp;<\/span><\/span><\/p>\t\t\t\t\t\t\t\t<\/div>\n\t\t\t\t<\/div>\n\t\t\t\t\t<\/div>\n\t\t<\/div>\n\t\t\t\t\t<\/div>\n\t\t<\/section>\n\t\t\t\t<\/div>\n\t\t","protected":false},"excerpt":{"rendered":"<p>ALLGEMEINE REGISTRIERUNGSBEDINGUNGEN F\u00dcR TRACKDAYS 1. Anmeldung und technische Bedingungen der Fahrzeuge 1.1 Jedes f\u00fcr die Teilnahme an Trackdays zugelassene Fahrzeug muss \u00fcber eine g\u00fcltige STK und Kennzeichen verf\u00fcgen. 2. L\u00e4rmgrenzwerte 2.1 Alle Fahrzeuge m\u00fcssen je nach Standort die folgenden L\u00e4rmgrenzwerte einhalten: Autodromo Most: 102+2 dB bei 4.500 U\/min oder 3\/4 der H\u00f6chstgeschwindigkeit, gemessen 1 Meter [&hellip;]<\/p>\n","protected":false},"author":3,"featured_media":0,"parent":0,"menu_order":0,"comment_status":"closed","ping_status":"closed","template":"","meta":{"footnotes":""},"class_list":["post-32538","page","type-page","status-publish","hentry"],"yoast_head":"<!-- This site is optimized with the Yoast SEO plugin v24.8.1 - https:\/\/yoast.com\/wordpress\/plugins\/seo\/ -->\n<title>Allgemeine Bedingungen f\u00fcr die Anmeldung zu den Trackdays - Legendy U V\u00e1s<\/title>\n<meta name=\"robots\" content=\"index, follow, max-snippet:-1, max-image-preview:large, max-video-preview:-1\" \/>\n<link rel=\"canonical\" href=\"https:\/\/www.legendyuvas.cz\/vseobecne-podminky-registrace-na-trackdays\/\" \/>\n<meta property=\"og:locale\" content=\"de_DE\" \/>\n<meta property=\"og:type\" content=\"article\" \/>\n<meta property=\"og:title\" content=\"Allgemeine Bedingungen f\u00fcr die Anmeldung zu den Trackdays - Legendy U V\u00e1s\" \/>\n<meta property=\"og:description\" content=\"ALLGEMEINE REGISTRIERUNGSBEDINGUNGEN F\u00dcR TRACKDAYS 1. Anmeldung und technische Bedingungen der Fahrzeuge 1.1 Jedes f\u00fcr die Teilnahme an Trackdays zugelassene Fahrzeug muss \u00fcber eine g\u00fcltige STK und Kennzeichen verf\u00fcgen. 2. L\u00e4rmgrenzwerte 2.1 Alle Fahrzeuge m\u00fcssen je nach Standort die folgenden L\u00e4rmgrenzwerte einhalten: Autodromo Most: 102+2 dB bei 4.500 U\/min oder 3\/4 der H\u00f6chstgeschwindigkeit, gemessen 1 Meter [&hellip;]\" \/>\n<meta property=\"og:url\" content=\"https:\/\/www.legendyuvas.cz\/vseobecne-podminky-registrace-na-trackdays\/\" \/>\n<meta property=\"og:site_name\" content=\"Legendy U V\u00e1s\" \/>\n<meta property=\"article:publisher\" content=\"https:\/\/www.facebook.com\/autolegendyuvas\" \/>\n<meta property=\"article:modified_time\" content=\"2025-11-09T13:27:21+00:00\" \/>\n<meta property=\"og:image\" content=\"https:\/\/www.legendyuvas.cz\/wp-content\/uploads\/2023\/06\/Porsche-GT3-RS-1-min.jpg\" \/>\n\t<meta property=\"og:image:width\" content=\"1024\" \/>\n\t<meta property=\"og:image:height\" content=\"630\" \/>\n\t<meta property=\"og:image:type\" content=\"image\/jpeg\" \/>\n<meta name=\"twitter:card\" content=\"summary_large_image\" \/>\n<meta name=\"twitter:label1\" content=\"Gesch\u00e4tzte Lesezeit\" \/>\n\t<meta name=\"twitter:data1\" content=\"2\u00a0Minuten\" \/>\n<script type=\"application\/ld+json\" class=\"yoast-schema-graph\">{\"@context\":\"https:\/\/schema.org\",\"@graph\":[{\"@type\":\"WebPage\",\"@id\":\"https:\/\/www.legendyuvas.cz\/vseobecne-podminky-registrace-na-trackdays\/\",\"url\":\"https:\/\/www.legendyuvas.cz\/vseobecne-podminky-registrace-na-trackdays\/\",\"name\":\"Allgemeine Bedingungen f\u00fcr die Anmeldung zu den Trackdays - Legendy U V\u00e1s\",\"isPartOf\":{\"@id\":\"https:\/\/www.legendyuvas.cz\/#website\"},\"datePublished\":\"2025-01-15T12:52:13+00:00\",\"dateModified\":\"2025-11-09T13:27:21+00:00\",\"breadcrumb\":{\"@id\":\"https:\/\/www.legendyuvas.cz\/vseobecne-podminky-registrace-na-trackdays\/#breadcrumb\"},\"inLanguage\":\"de\",\"potentialAction\":[{\"@type\":\"ReadAction\",\"target\":[\"https:\/\/www.legendyuvas.cz\/vseobecne-podminky-registrace-na-trackdays\/\"]}]},{\"@type\":\"BreadcrumbList\",\"@id\":\"https:\/\/www.legendyuvas.cz\/vseobecne-podminky-registrace-na-trackdays\/#breadcrumb\",\"itemListElement\":[{\"@type\":\"ListItem\",\"position\":1,\"name\":\"Dom\u016f\",\"item\":\"https:\/\/www.legendyuvas.cz\/\"},{\"@type\":\"ListItem\",\"position\":2,\"name\":\"Allgemeine Bedingungen f\u00fcr die Anmeldung zu den Trackdays\"}]},{\"@type\":\"WebSite\",\"@id\":\"https:\/\/www.legendyuvas.cz\/#website\",\"url\":\"https:\/\/www.legendyuvas.cz\/\",\"name\":\"Legendy U V\u00e1s\",\"description\":\"Dechberouc\u00ed z\u00e1\u017eitky v autech a motork\u00e1ch\",\"publisher\":{\"@id\":\"https:\/\/www.legendyuvas.cz\/#organization\"},\"potentialAction\":[{\"@type\":\"SearchAction\",\"target\":{\"@type\":\"EntryPoint\",\"urlTemplate\":\"https:\/\/www.legendyuvas.cz\/?s={search_term_string}\"},\"query-input\":{\"@type\":\"PropertyValueSpecification\",\"valueRequired\":true,\"valueName\":\"search_term_string\"}}],\"inLanguage\":\"de\"},{\"@type\":\"Organization\",\"@id\":\"https:\/\/www.legendyuvas.cz\/#organization\",\"name\":\"Bontex2 s.r.o.\",\"url\":\"https:\/\/www.legendyuvas.cz\/\",\"logo\":{\"@type\":\"ImageObject\",\"inLanguage\":\"de\",\"@id\":\"https:\/\/www.legendyuvas.cz\/#\/schema\/logo\/image\/\",\"url\":\"https:\/\/www.legendyuvas.cz\/wp-content\/uploads\/2021\/03\/Legendy-u-Vas.jpg\",\"contentUrl\":\"https:\/\/www.legendyuvas.cz\/wp-content\/uploads\/2021\/03\/Legendy-u-Vas.jpg\",\"width\":400,\"height\":240,\"caption\":\"Bontex2 s.r.o.\"},\"image\":{\"@id\":\"https:\/\/www.legendyuvas.cz\/#\/schema\/logo\/image\/\"},\"sameAs\":[\"https:\/\/www.facebook.com\/autolegendyuvas\",\"https:\/\/www.facebook.com\/motolegendyuvas\",\"https:\/\/www.instagram.com\/autolegendyuvas\/\",\"https:\/\/www.instagram.com\/motolegendyuvas\/\"]}]}<\/script>\n<!-- \/ Yoast SEO plugin. -->","yoast_head_json":{"title":"Allgemeine Bedingungen f\u00fcr die Anmeldung zu den Trackdays - Legendy U V\u00e1s","robots":{"index":"index","follow":"follow","max-snippet":"max-snippet:-1","max-image-preview":"max-image-preview:large","max-video-preview":"max-video-preview:-1"},"canonical":"https:\/\/www.legendyuvas.cz\/vseobecne-podminky-registrace-na-trackdays\/","og_locale":"de_DE","og_type":"article","og_title":"Allgemeine Bedingungen f\u00fcr die Anmeldung zu den Trackdays - Legendy U V\u00e1s","og_description":"ALLGEMEINE REGISTRIERUNGSBEDINGUNGEN F\u00dcR TRACKDAYS 1. Anmeldung und technische Bedingungen der Fahrzeuge 1.1 Jedes f\u00fcr die Teilnahme an Trackdays zugelassene Fahrzeug muss \u00fcber eine g\u00fcltige STK und Kennzeichen verf\u00fcgen. 2. L\u00e4rmgrenzwerte 2.1 Alle Fahrzeuge m\u00fcssen je nach Standort die folgenden L\u00e4rmgrenzwerte einhalten: Autodromo Most: 102+2 dB bei 4.500 U\/min oder 3\/4 der H\u00f6chstgeschwindigkeit, gemessen 1 Meter [&hellip;]","og_url":"https:\/\/www.legendyuvas.cz\/vseobecne-podminky-registrace-na-trackdays\/","og_site_name":"Legendy U V\u00e1s","article_publisher":"https:\/\/www.facebook.com\/autolegendyuvas","article_modified_time":"2025-11-09T13:27:21+00:00","og_image":[{"width":1024,"height":630,"url":"https:\/\/www.legendyuvas.cz\/wp-content\/uploads\/2023\/06\/Porsche-GT3-RS-1-min.jpg","type":"image\/jpeg"}],"twitter_card":"summary_large_image","twitter_misc":{"Gesch\u00e4tzte Lesezeit":"2\u00a0Minuten"},"schema":{"@context":"https:\/\/schema.org","@graph":[{"@type":"WebPage","@id":"https:\/\/www.legendyuvas.cz\/vseobecne-podminky-registrace-na-trackdays\/","url":"https:\/\/www.legendyuvas.cz\/vseobecne-podminky-registrace-na-trackdays\/","name":"Allgemeine Bedingungen f\u00fcr die Anmeldung zu den Trackdays - Legendy U V\u00e1s","isPartOf":{"@id":"https:\/\/www.legendyuvas.cz\/#website"},"datePublished":"2025-01-15T12:52:13+00:00","dateModified":"2025-11-09T13:27:21+00:00","breadcrumb":{"@id":"https:\/\/www.legendyuvas.cz\/vseobecne-podminky-registrace-na-trackdays\/#breadcrumb"},"inLanguage":"de","potentialAction":[{"@type":"ReadAction","target":["https:\/\/www.legendyuvas.cz\/vseobecne-podminky-registrace-na-trackdays\/"]}]},{"@type":"BreadcrumbList","@id":"https:\/\/www.legendyuvas.cz\/vseobecne-podminky-registrace-na-trackdays\/#breadcrumb","itemListElement":[{"@type":"ListItem","position":1,"name":"Dom\u016f","item":"https:\/\/www.legendyuvas.cz\/"},{"@type":"ListItem","position":2,"name":"Allgemeine Bedingungen f\u00fcr die Anmeldung zu den Trackdays"}]},{"@type":"WebSite","@id":"https:\/\/www.legendyuvas.cz\/#website","url":"https:\/\/www.legendyuvas.cz\/","name":"Legendy U V\u00e1s","description":"Dechberouc\u00ed z\u00e1\u017eitky v autech a motork\u00e1ch","publisher":{"@id":"https:\/\/www.legendyuvas.cz\/#organization"},"potentialAction":[{"@type":"SearchAction","target":{"@type":"EntryPoint","urlTemplate":"https:\/\/www.legendyuvas.cz\/?s={search_term_string}"},"query-input":{"@type":"PropertyValueSpecification","valueRequired":true,"valueName":"search_term_string"}}],"inLanguage":"de"},{"@type":"Organization","@id":"https:\/\/www.legendyuvas.cz\/#organization","name":"Bontex2 s.r.o.","url":"https:\/\/www.legendyuvas.cz\/","logo":{"@type":"ImageObject","inLanguage":"de","@id":"https:\/\/www.legendyuvas.cz\/#\/schema\/logo\/image\/","url":"https:\/\/www.legendyuvas.cz\/wp-content\/uploads\/2021\/03\/Legendy-u-Vas.jpg","contentUrl":"https:\/\/www.legendyuvas.cz\/wp-content\/uploads\/2021\/03\/Legendy-u-Vas.jpg","width":400,"height":240,"caption":"Bontex2 s.r.o."},"image":{"@id":"https:\/\/www.legendyuvas.cz\/#\/schema\/logo\/image\/"},"sameAs":["https:\/\/www.facebook.com\/autolegendyuvas","https:\/\/www.facebook.com\/motolegendyuvas","https:\/\/www.instagram.com\/autolegendyuvas\/","https:\/\/www.instagram.com\/motolegendyuvas\/"]}]}},"_links":{"self":[{"href":"https:\/\/www.legendyuvas.cz\/de\/wp-json\/wp\/v2\/pages\/32538","targetHints":{"allow":["GET"]}}],"collection":[{"href":"https:\/\/www.legendyuvas.cz\/de\/wp-json\/wp\/v2\/pages"}],"about":[{"href":"https:\/\/www.legendyuvas.cz\/de\/wp-json\/wp\/v2\/types\/page"}],"author":[{"embeddable":true,"href":"https:\/\/www.legendyuvas.cz\/de\/wp-json\/wp\/v2\/users\/3"}],"replies":[{"embeddable":true,"href":"https:\/\/www.legendyuvas.cz\/de\/wp-json\/wp\/v2\/comments?post=32538"}],"version-history":[{"count":1,"href":"https:\/\/www.legendyuvas.cz\/de\/wp-json\/wp\/v2\/pages\/32538\/revisions"}],"predecessor-version":[{"id":32539,"href":"https:\/\/www.legendyuvas.cz\/de\/wp-json\/wp\/v2\/pages\/32538\/revisions\/32539"}],"wp:attachment":[{"href":"https:\/\/www.legendyuvas.cz\/de\/wp-json\/wp\/v2\/media?parent=32538"}],"curies":[{"name":"wp","href":"https:\/\/api.w.org\/{rel}","templated":true}]}}