{"id":33357,"date":"2023-07-06T08:12:25","date_gmt":"2023-07-06T08:12:25","guid":{"rendered":"https:\/\/www.legendyuvas.cz\/muster-widerrufsformular\/"},"modified":"2025-11-11T16:14:22","modified_gmt":"2025-11-11T16:14:22","slug":"muster-widerrufsformular","status":"publish","type":"page","link":"https:\/\/www.legendyuvas.cz\/de\/muster-widerrufsformular\/","title":{"rendered":"Muster-Widerrufsformular"},"content":{"rendered":"<p><\/p><p>Absender:<br\/>Vor- und Nachname:<br\/>Wohnsitz:<br\/>(oder E-Mail, Telefonnummer):<\/p><p>Empf\u00e4nger:<br\/>Bontex2 s.r.o.<br\/>I\u010c: 14285991<br\/>mit Sitz: Pod Turnovskou trat\u00ed 182\/18,198 00, Prag 9 &#8211; Hloub\u011bt\u00edn<\/p><p>Mitteilung \u00fcber den R\u00fccktritt vom Kaufvertrag<\/p><p>Am &#8230;&#8230;&#8230;. habe ich auf Ihrer Website\/Ihrem Online-Shop www.legendyuvas.cz eine Bestellung f\u00fcr &#8230;&#8230; aufgegeben, Bestellnummer &#8230;&#8230;, im Wert von &#8230;&#8230;.. CZK. Ich habe die bestellte Ware am &#8230;&#8230;.. erhalten.<\/p><p>Gem\u00e4\u00df \u00a7 1829 Abs. 1 in Verbindung mit \u00a7 1818 des Gesetzes Nr. 89\/2012 Slg. des B\u00fcrgerlichen Gesetzbuches mache ich von meinem gesetzlichen Recht Gebrauch und widerrufe den \u00fcber das Internet abgeschlossenen Kaufvertrag \u00fcber die oben genannte Ware, die ich Ihnen mit diesem Schreiben zur\u00fccksende, und bitte Sie gleichzeitig um die \u00dcberweisung des Kaufpreises in H\u00f6he von &#8230;&#8230;&#8230;. CZK und &#8230;&#8230;&#8230; CZK f\u00fcr Porto auf mein Konto &#8230;&#8230;.. innerhalb von 14 Tagen nach Erhalt dieses Widerrufs zu \u00fcberweisen.<\/p><p>V &#8230;&#8230;.. dne &#8230;&#8230;..<\/p><p>&#8230;&#8230;&#8230;&#8230;&#8230;&#8230;&#8230;&#8230;&#8230;&#8230;&#8230;&#8230;&#8230;&#8230;&#8230;&#8230;&#8230;&#8230;&#8230;&#8230;&#8230;&#8230;&#8230;&#8230;&#8230;&#8230;<br\/>Vor- und Nachname des K\u00e4ufers &#8211; Verbrauchers<br\/>(Unterschrift)<\/p><p>Beilagen: &#8211; Kaufbeleg<\/p>","protected":false},"excerpt":{"rendered":"<p>Absender:Vor- und Nachname:Wohnsitz:(oder E-Mail, Telefonnummer): Empf\u00e4nger:Bontex2 s.r.o.I\u010c: 14285991mit Sitz: Pod Turnovskou trat\u00ed 182\/18,198 00, Prag 9 &#8211; Hloub\u011bt\u00edn Mitteilung \u00fcber den R\u00fccktritt vom Kaufvertrag Am &#8230;&#8230;&#8230;. habe ich auf Ihrer Website\/Ihrem Online-Shop www.legendyuvas.cz eine Bestellung f\u00fcr &#8230;&#8230; aufgegeben, Bestellnummer &#8230;&#8230;, im Wert von &#8230;&#8230;.. CZK. Ich habe die bestellte Ware am &#8230;&#8230;.. erhalten. Gem\u00e4\u00df \u00a7 [&hellip;]<\/p>\n","protected":false},"author":3,"featured_media":0,"parent":0,"menu_order":0,"comment_status":"closed","ping_status":"closed","template":"","meta":{"footnotes":""},"class_list":["post-33357","page","type-page","status-publish","hentry"],"yoast_head":"<!-- This site is optimized with the Yoast SEO plugin v24.8.1 - https:\/\/yoast.com\/wordpress\/plugins\/seo\/ -->\n<title>Muster-Widerrufsformular - Legendy U V\u00e1s<\/title>\n<meta name=\"robots\" content=\"index, follow, max-snippet:-1, max-image-preview:large, max-video-preview:-1\" \/>\n<link rel=\"canonical\" href=\"https:\/\/www.legendyuvas.cz\/de\/muster-widerrufsformular\/\" \/>\n<meta property=\"og:locale\" content=\"de_DE\" \/>\n<meta property=\"og:type\" content=\"article\" \/>\n<meta property=\"og:title\" content=\"Muster-Widerrufsformular - Legendy U V\u00e1s\" \/>\n<meta property=\"og:description\" content=\"Absender:Vor- und Nachname:Wohnsitz:(oder E-Mail, Telefonnummer): Empf\u00e4nger:Bontex2 s.r.o.I\u010c: 14285991mit Sitz: Pod Turnovskou trat\u00ed 182\/18,198 00, Prag 9 &#8211; Hloub\u011bt\u00edn Mitteilung \u00fcber den R\u00fccktritt vom Kaufvertrag Am &#8230;&#8230;&#8230;. habe ich auf Ihrer Website\/Ihrem Online-Shop www.legendyuvas.cz eine Bestellung f\u00fcr &#8230;&#8230; aufgegeben, Bestellnummer &#8230;&#8230;, im Wert von &#8230;&#8230;.. CZK. Ich habe die bestellte Ware am &#8230;&#8230;.. erhalten. Gem\u00e4\u00df \u00a7 [&hellip;]\" \/>\n<meta property=\"og:url\" content=\"https:\/\/www.legendyuvas.cz\/de\/muster-widerrufsformular\/\" \/>\n<meta property=\"og:site_name\" content=\"Legendy U V\u00e1s\" \/>\n<meta property=\"article:publisher\" content=\"https:\/\/www.facebook.com\/autolegendyuvas\" \/>\n<meta property=\"article:modified_time\" content=\"2025-11-11T16:14:22+00:00\" \/>\n<meta property=\"og:image\" content=\"https:\/\/www.legendyuvas.cz\/wp-content\/uploads\/2023\/06\/Porsche-GT3-RS-1-min.jpg\" \/>\n\t<meta property=\"og:image:width\" content=\"1024\" \/>\n\t<meta property=\"og:image:height\" content=\"630\" \/>\n\t<meta property=\"og:image:type\" content=\"image\/jpeg\" \/>\n<meta name=\"twitter:card\" content=\"summary_large_image\" \/>\n<meta name=\"twitter:label1\" content=\"Gesch\u00e4tzte Lesezeit\" \/>\n\t<meta name=\"twitter:data1\" content=\"1\u00a0Minute\" \/>\n<script type=\"application\/ld+json\" class=\"yoast-schema-graph\">{\"@context\":\"https:\/\/schema.org\",\"@graph\":[{\"@type\":\"WebPage\",\"@id\":\"https:\/\/www.legendyuvas.cz\/de\/muster-widerrufsformular\/\",\"url\":\"https:\/\/www.legendyuvas.cz\/de\/muster-widerrufsformular\/\",\"name\":\"Muster-Widerrufsformular - Legendy U V\u00e1s\",\"isPartOf\":{\"@id\":\"https:\/\/www.legendyuvas.cz\/#website\"},\"datePublished\":\"2023-07-06T08:12:25+00:00\",\"dateModified\":\"2025-11-11T16:14:22+00:00\",\"breadcrumb\":{\"@id\":\"https:\/\/www.legendyuvas.cz\/de\/muster-widerrufsformular\/#breadcrumb\"},\"inLanguage\":\"de\",\"potentialAction\":[{\"@type\":\"ReadAction\",\"target\":[\"https:\/\/www.legendyuvas.cz\/de\/muster-widerrufsformular\/\"]}]},{\"@type\":\"BreadcrumbList\",\"@id\":\"https:\/\/www.legendyuvas.cz\/de\/muster-widerrufsformular\/#breadcrumb\",\"itemListElement\":[{\"@type\":\"ListItem\",\"position\":1,\"name\":\"Dom\u016f\",\"item\":\"https:\/\/www.legendyuvas.cz\/\"},{\"@type\":\"ListItem\",\"position\":2,\"name\":\"Muster-Widerrufsformular\"}]},{\"@type\":\"WebSite\",\"@id\":\"https:\/\/www.legendyuvas.cz\/#website\",\"url\":\"https:\/\/www.legendyuvas.cz\/\",\"name\":\"Legendy U V\u00e1s\",\"description\":\"Dechberouc\u00ed z\u00e1\u017eitky v autech a motork\u00e1ch\",\"publisher\":{\"@id\":\"https:\/\/www.legendyuvas.cz\/#organization\"},\"potentialAction\":[{\"@type\":\"SearchAction\",\"target\":{\"@type\":\"EntryPoint\",\"urlTemplate\":\"https:\/\/www.legendyuvas.cz\/?s={search_term_string}\"},\"query-input\":{\"@type\":\"PropertyValueSpecification\",\"valueRequired\":true,\"valueName\":\"search_term_string\"}}],\"inLanguage\":\"de\"},{\"@type\":\"Organization\",\"@id\":\"https:\/\/www.legendyuvas.cz\/#organization\",\"name\":\"Bontex2 s.r.o.\",\"url\":\"https:\/\/www.legendyuvas.cz\/\",\"logo\":{\"@type\":\"ImageObject\",\"inLanguage\":\"de\",\"@id\":\"https:\/\/www.legendyuvas.cz\/#\/schema\/logo\/image\/\",\"url\":\"https:\/\/www.legendyuvas.cz\/wp-content\/uploads\/2021\/03\/Legendy-u-Vas.jpg\",\"contentUrl\":\"https:\/\/www.legendyuvas.cz\/wp-content\/uploads\/2021\/03\/Legendy-u-Vas.jpg\",\"width\":400,\"height\":240,\"caption\":\"Bontex2 s.r.o.\"},\"image\":{\"@id\":\"https:\/\/www.legendyuvas.cz\/#\/schema\/logo\/image\/\"},\"sameAs\":[\"https:\/\/www.facebook.com\/autolegendyuvas\",\"https:\/\/www.facebook.com\/motolegendyuvas\",\"https:\/\/www.instagram.com\/autolegendyuvas\/\",\"https:\/\/www.instagram.com\/motolegendyuvas\/\"]}]}<\/script>\n<!-- \/ Yoast SEO plugin. -->","yoast_head_json":{"title":"Muster-Widerrufsformular - Legendy U V\u00e1s","robots":{"index":"index","follow":"follow","max-snippet":"max-snippet:-1","max-image-preview":"max-image-preview:large","max-video-preview":"max-video-preview:-1"},"canonical":"https:\/\/www.legendyuvas.cz\/de\/muster-widerrufsformular\/","og_locale":"de_DE","og_type":"article","og_title":"Muster-Widerrufsformular - Legendy U V\u00e1s","og_description":"Absender:Vor- und Nachname:Wohnsitz:(oder E-Mail, Telefonnummer): Empf\u00e4nger:Bontex2 s.r.o.I\u010c: 14285991mit Sitz: Pod Turnovskou trat\u00ed 182\/18,198 00, Prag 9 &#8211; Hloub\u011bt\u00edn Mitteilung \u00fcber den R\u00fccktritt vom Kaufvertrag Am &#8230;&#8230;&#8230;. habe ich auf Ihrer Website\/Ihrem Online-Shop www.legendyuvas.cz eine Bestellung f\u00fcr &#8230;&#8230; aufgegeben, Bestellnummer &#8230;&#8230;, im Wert von &#8230;&#8230;.. CZK. Ich habe die bestellte Ware am &#8230;&#8230;.. erhalten. Gem\u00e4\u00df \u00a7 [&hellip;]","og_url":"https:\/\/www.legendyuvas.cz\/de\/muster-widerrufsformular\/","og_site_name":"Legendy U V\u00e1s","article_publisher":"https:\/\/www.facebook.com\/autolegendyuvas","article_modified_time":"2025-11-11T16:14:22+00:00","og_image":[{"width":1024,"height":630,"url":"https:\/\/www.legendyuvas.cz\/wp-content\/uploads\/2023\/06\/Porsche-GT3-RS-1-min.jpg","type":"image\/jpeg"}],"twitter_card":"summary_large_image","twitter_misc":{"Gesch\u00e4tzte Lesezeit":"1\u00a0Minute"},"schema":{"@context":"https:\/\/schema.org","@graph":[{"@type":"WebPage","@id":"https:\/\/www.legendyuvas.cz\/de\/muster-widerrufsformular\/","url":"https:\/\/www.legendyuvas.cz\/de\/muster-widerrufsformular\/","name":"Muster-Widerrufsformular - Legendy U V\u00e1s","isPartOf":{"@id":"https:\/\/www.legendyuvas.cz\/#website"},"datePublished":"2023-07-06T08:12:25+00:00","dateModified":"2025-11-11T16:14:22+00:00","breadcrumb":{"@id":"https:\/\/www.legendyuvas.cz\/de\/muster-widerrufsformular\/#breadcrumb"},"inLanguage":"de","potentialAction":[{"@type":"ReadAction","target":["https:\/\/www.legendyuvas.cz\/de\/muster-widerrufsformular\/"]}]},{"@type":"BreadcrumbList","@id":"https:\/\/www.legendyuvas.cz\/de\/muster-widerrufsformular\/#breadcrumb","itemListElement":[{"@type":"ListItem","position":1,"name":"Dom\u016f","item":"https:\/\/www.legendyuvas.cz\/"},{"@type":"ListItem","position":2,"name":"Muster-Widerrufsformular"}]},{"@type":"WebSite","@id":"https:\/\/www.legendyuvas.cz\/#website","url":"https:\/\/www.legendyuvas.cz\/","name":"Legendy U V\u00e1s","description":"Dechberouc\u00ed z\u00e1\u017eitky v autech a motork\u00e1ch","publisher":{"@id":"https:\/\/www.legendyuvas.cz\/#organization"},"potentialAction":[{"@type":"SearchAction","target":{"@type":"EntryPoint","urlTemplate":"https:\/\/www.legendyuvas.cz\/?s={search_term_string}"},"query-input":{"@type":"PropertyValueSpecification","valueRequired":true,"valueName":"search_term_string"}}],"inLanguage":"de"},{"@type":"Organization","@id":"https:\/\/www.legendyuvas.cz\/#organization","name":"Bontex2 s.r.o.","url":"https:\/\/www.legendyuvas.cz\/","logo":{"@type":"ImageObject","inLanguage":"de","@id":"https:\/\/www.legendyuvas.cz\/#\/schema\/logo\/image\/","url":"https:\/\/www.legendyuvas.cz\/wp-content\/uploads\/2021\/03\/Legendy-u-Vas.jpg","contentUrl":"https:\/\/www.legendyuvas.cz\/wp-content\/uploads\/2021\/03\/Legendy-u-Vas.jpg","width":400,"height":240,"caption":"Bontex2 s.r.o."},"image":{"@id":"https:\/\/www.legendyuvas.cz\/#\/schema\/logo\/image\/"},"sameAs":["https:\/\/www.facebook.com\/autolegendyuvas","https:\/\/www.facebook.com\/motolegendyuvas","https:\/\/www.instagram.com\/autolegendyuvas\/","https:\/\/www.instagram.com\/motolegendyuvas\/"]}]}},"_links":{"self":[{"href":"https:\/\/www.legendyuvas.cz\/de\/wp-json\/wp\/v2\/pages\/33357","targetHints":{"allow":["GET"]}}],"collection":[{"href":"https:\/\/www.legendyuvas.cz\/de\/wp-json\/wp\/v2\/pages"}],"about":[{"href":"https:\/\/www.legendyuvas.cz\/de\/wp-json\/wp\/v2\/types\/page"}],"author":[{"embeddable":true,"href":"https:\/\/www.legendyuvas.cz\/de\/wp-json\/wp\/v2\/users\/3"}],"replies":[{"embeddable":true,"href":"https:\/\/www.legendyuvas.cz\/de\/wp-json\/wp\/v2\/comments?post=33357"}],"version-history":[{"count":1,"href":"https:\/\/www.legendyuvas.cz\/de\/wp-json\/wp\/v2\/pages\/33357\/revisions"}],"predecessor-version":[{"id":33358,"href":"https:\/\/www.legendyuvas.cz\/de\/wp-json\/wp\/v2\/pages\/33357\/revisions\/33358"}],"wp:attachment":[{"href":"https:\/\/www.legendyuvas.cz\/de\/wp-json\/wp\/v2\/media?parent=33357"}],"curies":[{"name":"wp","href":"https:\/\/api.w.org\/{rel}","templated":true}]}}