{"id":33369,"date":"2023-07-06T08:13:34","date_gmt":"2023-07-06T08:13:34","guid":{"rendered":"https:\/\/www.legendyuvas.cz\/grundsaetze-der-verarbeitung-personenbezogener-daten\/"},"modified":"2025-11-11T16:22:51","modified_gmt":"2025-11-11T16:22:51","slug":"grundsaetze-der-verarbeitung-personenbezogener-daten","status":"publish","type":"page","link":"https:\/\/www.legendyuvas.cz\/de\/grundsaetze-der-verarbeitung-personenbezogener-daten\/","title":{"rendered":"Grunds\u00e4tze der Verarbeitung personenbezogener Daten"},"content":{"rendered":"\t\t<div data-elementor-type=\"wp-page\" data-elementor-id=\"33369\" class=\"elementor elementor-33369 elementor-1406\" data-elementor-post-type=\"page\">\n\t\t\t\t\t\t<section class=\"elementor-section elementor-top-section elementor-element elementor-element-17c40ae5 elementor-section-boxed elementor-section-height-default elementor-section-height-default\" data-id=\"17c40ae5\" data-element_type=\"section\">\n\t\t\t\t\t\t<div class=\"elementor-container elementor-column-gap-default\">\n\t\t\t\t\t<div class=\"elementor-column elementor-col-100 elementor-top-column elementor-element elementor-element-59244d1f\" data-id=\"59244d1f\" data-element_type=\"column\">\n\t\t\t<div class=\"elementor-widget-wrap elementor-element-populated\">\n\t\t\t\t\t\t<div class=\"elementor-element elementor-element-3370e99 elementor-widget elementor-widget-text-editor\" data-id=\"3370e99\" data-element_type=\"widget\" data-widget_type=\"text-editor.default\">\n\t\t\t\t<div class=\"elementor-widget-container\">\n\t\t\t\t\t\t\t\t\t<br><br>Grunds\u00e4tze der Verarbeitung personenbezogener Daten<br><br><br><br>I. Grundlegende Bestimmungen<br><br><br><br>1. Der f\u00fcr die Verarbeitung personenbezogener Daten Verantwortliche im Sinne von Art. 4 Nr. 7 der Verordnung (EU) 2016\/679 des Europ\u00e4ischen Parlaments und des Rates zum Schutz nat\u00fcrlicher Personen bei der Verarbeitung personenbezogener Daten und zum freien Datenverkehr (nachfolgend: &#8222;DSGVO&#8220;) ist die Bontex2 s.r.o., ID-Nr.: 14285991, mit Sitz in Pod Turnovskou trat\u00ed 182\/18, Prag 9, eingetragen im Handelsregister des Stadtgerichts Prag, Abteilung C, Insert 363403, vertreten durch Bc. Martin Zima, Gesch\u00e4ftsf\u00fchrer (im Folgenden &#8222;Verwalter&#8220; genannt).<br><br><br><br>2. Die Kontaktdaten des Verwalters lauten Bontex2 s.r.o., Pod Turnovskou trat\u00ed 182\/18, Prag 9, 198 00, Tel: 602 444 244, E-Mail: info@legendyuvas.cz.<br><br><br><br>3. Personenbezogene Daten sind alle Informationen \u00fcber eine bestimmte oder bestimmbare nat\u00fcrliche Person; als bestimmbar wird eine nat\u00fcrliche Person angesehen, die direkt oder indirekt identifiziert werden kann, insbesondere durch Zuordnung zu einer Kennung wie einem Namen, zu einer Kennnummer, zu Standortdaten, zu einer Netzkennung oder zu einem oder mehreren besonderen Merkmalen der physischen, physiologischen, genetischen, psychischen, wirtschaftlichen, kulturellen oder sozialen Identit\u00e4t dieser nat\u00fcrlichen Person.<br><br><br><br>4. Der f\u00fcr die Verarbeitung Verantwortliche hat einen Datenschutzbeauftragten bestellt. Die Kontaktdaten des Datenschutzbeauftragten lauten: Pavel \u0160piryt, E-Mail: info@legendyuvas.cz, Tel.: 602 444 244.<br><br><br><br>II. Quellen und Kategorien der verarbeiteten personenbezogenen Daten<br><br><br><br>1. Der f\u00fcr die Verarbeitung Verantwortliche verarbeitet personenbezogene Daten, die Sie dem f\u00fcr die Verarbeitung Verantwortlichen zur Verf\u00fcgung gestellt haben, oder personenbezogene Daten, die der f\u00fcr die Verarbeitung Verantwortliche im Rahmen der Erf\u00fcllung Ihrer Bestellung erhalten hat. Wenn Sie bei dem f\u00fcr die Verarbeitung Verantwortlichen Waren oder Dienstleistungen bestellen, ben\u00f6tigt der f\u00fcr die Verarbeitung Verantwortliche von Ihnen Daten, die im Bestellvorgang als obligatorisch gekennzeichnet sind (dies sind vor allem Ihr Name, Ihr Wohnort oder Ihre Lieferadresse). Liegen dem f\u00fcr die Verarbeitung Verantwortlichen diese Informationen nicht vor, kann er die Waren nicht ordnungsgem\u00e4\u00df liefern. Dar\u00fcber hinaus ben\u00f6tigt der f\u00fcr die Verarbeitung Verantwortliche zum Zwecke des Verkaufs von Waren oder Dienstleistungen Ihre E-Mail-Adresse, an die er Ihnen eine Auftragsbest\u00e4tigung sendet, sowie eine Telefonnummer zur Abwicklung der Bestellung.<br><br><br><br>2. Wenn Sie die Website www.legendyuvas.cz (die &#8222;Website&#8220; oder der &#8222;Online-Shop&#8220;) des f\u00fcr die Verarbeitung Verantwortlichen besuchen, kann der f\u00fcr die Verarbeitung Verantwortliche bestimmte Informationen \u00fcber Sie erfassen, wie z. B. Ihre IP-Adresse, das Datum und die Uhrzeit Ihres Zugriffs auf die Website, Informationen \u00fcber Ihren Internetbrowser, Ihr Betriebssystem oder Ihre Spracheinstellungen. Er kann auch Informationen \u00fcber Ihr Verhalten auf seiner Website verarbeiten, z. B. welche Links Sie auf unserer Website besuchen und welche Waren Ihnen angezeigt werden. Die Informationen \u00fcber Ihr Verhalten auf der Website werden jedoch im Interesse Ihrer gr\u00f6\u00dftm\u00f6glichen Privatsph\u00e4re anonymisiert und k\u00f6nnen daher vom Administrator nicht einem bestimmten Nutzer, d.h. einer bestimmten Person, zugeordnet werden.<br><br><br><br>3. Wenn Sie von einem Mobiltelefon oder einem \u00e4hnlichen Ger\u00e4t auf die Website des f\u00fcr die Verarbeitung Verantwortlichen zugreifen, kann der f\u00fcr die Verarbeitung Verantwortliche auch Informationen \u00fcber Ihr mobiles Ger\u00e4t verarbeiten (Daten \u00fcber Ihr Mobiltelefon usw.)<br><br><br><br>III. Cookies<br><br><br><br>1. Der Administrator verarbeitet automatisch Cookies, eine kleine Textdatei, die bei jedem Besuch einer Webseite erstellt wird. Sie wird als Standardwerkzeug verwendet, um Informationen dar\u00fcber zu speichern, wie die Website des Administrators genutzt wird.<br><br><br><br>2 Der Administrator verwendet die folgenden Cookies:<br>Technische Cookies: damit der Online-Shop richtig funktioniert. Diese Cookies sind immer aktiv (ihre Verarbeitung kann nicht verweigert werden), da sie f\u00fcr das tats\u00e4chliche Funktionieren der Website notwendig sind.<br>Funktionale Cookies: die Verwendung dieser Cookies ist nicht notwendig, aber sie machen den Besuch des Online-Shops des Verwalters viel angenehmer und einfacher. Die Verarbeitung dieser Cookies kann abgelehnt werden.<br>Analytische Cookies: Sie helfen, den Online-Shop zu verbessern. Analytische Cookies auf der Website des Verwalters werden durch das Cookie Notice Plugin gesammelt, das diese Daten dann anonymisiert. Nach der Anonymisierung handelt es sich nicht mehr um personenbezogene Daten, da anonymisierte Cookies nicht einem bestimmten Nutzer oder einer bestimmten Person zugeordnet werden k\u00f6nnen. Der Administrator arbeitet nur mit Cookies in anonymisierter Form. Die Verarbeitung dieser Cookies kann abgelehnt werden.<br><br><br><br>3. Wenn Sie Einfluss darauf nehmen wollen, welche Cookies von dem f\u00fcr die Verarbeitung Verantwortlichen verarbeitet werden, verwenden Sie bitte einen der g\u00e4ngigen Internetbrowser (z.B. Internet Explorer, Safari, Firefox, Chrome) mit aktivierter Anonymisierungsfunktion, die die Speicherung von Daten \u00fcber die von Ihnen besuchten Websites verhindert, oder Sie k\u00f6nnen die Speicherung von Cookies in Ihrem Browser vollst\u00e4ndig deaktivieren. Wenn Sie jedoch auch die Verarbeitung von technischen und funktionalen Cookies deaktivieren, verhindern Sie, dass einige Funktionen, die Ihnen helfen, funktionieren.<br><br><br><br>4. Um die Verarbeitung von Cookies (mit Ausnahme von technischen Cookies) abzulehnen, wenden Sie sich bitte an den Administrator unter der in Artikel I, Absatz 2 dieser Richtlinie genannten E-Mail-Adresse. Die Verweigerung der Verarbeitung von funktionalen und analytischen Cookies hat weder zur Folge, dass der Zugang zum Online-Shop des f\u00fcr die Verarbeitung Verantwortlichen nicht m\u00f6glich ist, noch f\u00fchrt sie zur Verweigerung der Dienstleistungen des f\u00fcr die Verarbeitung Verantwortlichen. Die Weigerung, funktionale und analytische Cookies zu verarbeiten, kann jedoch dazu f\u00fchren, dass der Online-Shop des Verwalters nicht ordnungsgem\u00e4\u00df funktioniert und einige Funktionen nicht verf\u00fcgbar sind. Das Gesamterlebnis beim Surfen im Online-Shop kann daher beeintr\u00e4chtigt sein.<br><br><br><br>IV. Grund und Zweck der Verarbeitung personenbezogener Daten<br><br><br><br>1. Der Grund f\u00fcr die Verarbeitung personenbezogener Daten ist<br>&#8211; die Ausf\u00fchrung eines Auftrags und die Erf\u00fcllung eines Vertrags zwischen Ihnen und dem f\u00fcr die Verarbeitung Verantwortlichen gem\u00e4\u00df Artikel 6 Absatz 1 Buchstabe b der DSGVO,<br><br><br><br>2. der Zweck der Verarbeitung personenbezogener Daten ist<br>&#8211; die Abwicklung Ihrer Bestellung und die Wahrnehmung der Rechte und Pflichten aus dem Vertragsverh\u00e4ltnis zwischen Ihnen und dem f\u00fcr die Verarbeitung Verantwortlichen; bei der Bestellung werden personenbezogene Daten ben\u00f6tigt, die f\u00fcr die erfolgreiche Abwicklung der Bestellung erforderlich sind (Name und Anschrift, Kontakt), die Bereitstellung personenbezogener Daten ist eine notwendige Voraussetzung f\u00fcr den Abschluss und die Erf\u00fcllung des Vertrages, ohne die Bereitstellung personenbezogener Daten ist der Abschluss des Vertrages oder dessen Erf\u00fcllung durch den f\u00fcr die Verarbeitung Verantwortlichen nicht m\u00f6glich,<br><br><br><br>3. Es findet keine automatisierte individuelle Entscheidungsfindung durch den f\u00fcr die Verarbeitung Verantwortlichen im Sinne von Artikel 22 der DSGVO statt.<br><br><br><br>V. Aufbewahrungsfrist der Daten<br><br><br><br>1. Der f\u00fcr die Verarbeitung Verantwortliche speichert personenbezogene Daten<br>&#8211; f\u00fcr den Zeitraum, der erforderlich ist, um die Rechte und Pflichten aus dem Vertragsverh\u00e4ltnis zwischen Ihnen und dem f\u00fcr die Verarbeitung Verantwortlichen wahrzunehmen und um Anspr\u00fcche aus diesem Vertragsverh\u00e4ltnis geltend zu machen<br>&#8211; f\u00fcr einen Zeitraum von 7 Jahren<br><br><br><br>2. Nach Ablauf der Aufbewahrungsfrist hat der f\u00fcr die Verarbeitung Verantwortliche die personenbezogenen Daten zu l\u00f6schen.<br><br><br><br>VI. Empf\u00e4nger von personenbezogenen Daten (Unterauftragnehmer des f\u00fcr die Verarbeitung Verantwortlichen)<br><br><br><br>1. Empf\u00e4nger der personenbezogenen Daten sind die Personen: Martin Zima, David Abraham, Radek Sm\u00ed\u0161ek, Pavel \u0160piryt, Martina Vr\u00e1nov\u00e1, Petra \u0160usterov\u00e1<br>&#8211; die an der Lieferung von Waren \/ Dienstleistungen \/ Ausf\u00fchrung von Zahlungen auf der Grundlage des Vertrages beteiligt sind,<br>&#8211; die Dienstleistungen f\u00fcr den Betrieb des Onlineshops und andere Dienstleistungen im Zusammenhang mit dem Betrieb des Onlineshops erbringen,<br><br><br><br>2. der f\u00fcr die Verarbeitung Verantwortliche nicht beabsichtigt, personenbezogene Daten an ein Drittland (Nicht-EU-Land) oder eine internationale Organisation zu \u00fcbermitteln.<br><br><br><br>VII. Ihre Rechte<br><br><br><br>1. Unter den in der DSGVO festgelegten Bedingungen haben Sie<br>&#8211; das Recht auf Auskunft \u00fcber Ihre personenbezogenen Daten gem\u00e4\u00df Artikel 15 der DSGVO,<br>&#8211; das Recht auf Berichtigung personenbezogener Daten gem\u00e4\u00df Artikel 16 der DSGVO oder auf Einschr\u00e4nkung der Verarbeitung gem\u00e4\u00df Artikel 18 der DSGVO,<br>&#8211; das Recht auf L\u00f6schung personenbezogener Daten gem\u00e4\u00df Artikel 18 der DSGVO. 17 der DSGVO,<br>&#8211; das Recht auf Widerspruch gegen die Verarbeitung gem\u00e4\u00df Artikel 21 der DSGVO,<br>&#8211; das Recht auf Daten\u00fcbertragbarkeit gem\u00e4\u00df Artikel 20 der DSGVO und<br>&#8211; das Recht, die Einwilligung in die Verarbeitung schriftlich oder elektronisch an die in Artikel I Absatz 4 dieser Bedingungen genannte Anschrift oder E-Mail-Adresse des f\u00fcr die Verarbeitung Verantwortlichen zu widerrufen.<br><br><br><br>2. Sie haben auch das Recht, eine Beschwerde beim Amt f\u00fcr den Schutz personenbezogener Daten einzureichen, wenn Sie glauben, dass Ihr Recht auf Schutz personenbezogener Daten verletzt wurde.<br><br><br><br>VIII. Richtlinie zum Schutz personenbezogener Daten<br><br><br><br>1. Der f\u00fcr die Verarbeitung Verantwortliche erkl\u00e4rt, dass er alle geeigneten technischen und organisatorischen Ma\u00dfnahmen zum Schutz personenbezogener Daten getroffen hat.<br><br><br><br>2. Der f\u00fcr die Verarbeitung Verantwortliche hat technische Ma\u00dfnahmen ergriffen, um die Speicherung und Aufbewahrung von personenbezogenen Daten in Papierform zu sichern. Der f\u00fcr die Verarbeitung Verantwortliche erkl\u00e4rt, dass nur von ihm autorisierte Personen Zugang zu den personenbezogenen Daten haben.<br><br><br><br>IX. Schlussbestimmungen<br><br><br><br>1. Mit dem Absenden einer Bestellung \u00fcber das Online-Bestellformular des Online-Shops best\u00e4tigen Sie, dass Sie die Datenschutzbestimmungen zur Kenntnis genommen haben und diese in vollem Umfang akzeptieren.<br><br><br><br>2 Sie erkl\u00e4ren sich mit dieser Richtlinie einverstanden, indem Sie das Zustimmungsfeld \u00fcber das Online-Formular im Online-Shop ankreuzen. Indem Sie das Zustimmungsfeld ankreuzen, best\u00e4tigen Sie, dass Sie die Datenschutzbestimmungen zur Kenntnis genommen haben und sie in vollem Umfang akzeptieren.<br><br><br><br>3 Der f\u00fcr die Verarbeitung Verantwortliche ist berechtigt, diese Bedingungen zu \u00e4ndern. Er wird die neue Version der Datenschutzbestimmungen auf seiner Website ver\u00f6ffentlichen oder Ihnen eine neue Version der Datenschutzbestimmungen an die E-Mail-Adresse senden, die Sie dem f\u00fcr die Verarbeitung Verantwortlichen mitgeteilt haben.<br><br><br><br>Diese Richtlinie wird am 1. November 2020 in Kraft treten.<br><br><br><br>Prag, 1.11.2020<br><br><br><br>Bontex2 s.r.o.<br>Bc. Martin Zima, Managing Director<br><br>\t\t\t\t\t\t\t\t<\/div>\n\t\t\t\t<\/div>\n\t\t\t\t\t<\/div>\n\t\t<\/div>\n\t\t\t\t\t<\/div>\n\t\t<\/section>\n\t\t\t\t<\/div>\n\t\t","protected":false},"excerpt":{"rendered":"<p>Grunds\u00e4tze der Verarbeitung personenbezogener Daten I. Grundlegende Bestimmungen 1. Der f\u00fcr die Verarbeitung personenbezogener Daten Verantwortliche im Sinne von Art. 4 Nr. 7 der Verordnung (EU) 2016\/679 des Europ\u00e4ischen Parlaments und des Rates zum Schutz nat\u00fcrlicher Personen bei der Verarbeitung personenbezogener Daten und zum freien Datenverkehr (nachfolgend: &#8222;DSGVO&#8220;) ist die Bontex2 s.r.o., ID-Nr.: 14285991, mit [&hellip;]<\/p>\n","protected":false},"author":3,"featured_media":0,"parent":0,"menu_order":0,"comment_status":"closed","ping_status":"closed","template":"","meta":{"footnotes":""},"class_list":["post-33369","page","type-page","status-publish","hentry"],"yoast_head":"<!-- This site is optimized with the Yoast SEO plugin v24.8.1 - https:\/\/yoast.com\/wordpress\/plugins\/seo\/ -->\n<title>Grunds\u00e4tze der Verarbeitung personenbezogener Daten - Legendy U V\u00e1s<\/title>\n<meta name=\"robots\" content=\"index, follow, max-snippet:-1, max-image-preview:large, max-video-preview:-1\" \/>\n<link rel=\"canonical\" href=\"https:\/\/www.legendyuvas.cz\/zasady-zpracovani-osobnich-udaju\/\" \/>\n<meta property=\"og:locale\" content=\"de_DE\" \/>\n<meta property=\"og:type\" content=\"article\" \/>\n<meta property=\"og:title\" content=\"Grunds\u00e4tze der Verarbeitung personenbezogener Daten - Legendy U V\u00e1s\" \/>\n<meta property=\"og:description\" content=\"Grunds\u00e4tze der Verarbeitung personenbezogener Daten I. Grundlegende Bestimmungen 1. Der f\u00fcr die Verarbeitung personenbezogener Daten Verantwortliche im Sinne von Art. 4 Nr. 7 der Verordnung (EU) 2016\/679 des Europ\u00e4ischen Parlaments und des Rates zum Schutz nat\u00fcrlicher Personen bei der Verarbeitung personenbezogener Daten und zum freien Datenverkehr (nachfolgend: &#8222;DSGVO&#8220;) ist die Bontex2 s.r.o., ID-Nr.: 14285991, mit [&hellip;]\" \/>\n<meta property=\"og:url\" content=\"https:\/\/www.legendyuvas.cz\/zasady-zpracovani-osobnich-udaju\/\" \/>\n<meta property=\"og:site_name\" content=\"Legendy U V\u00e1s\" \/>\n<meta property=\"article:publisher\" content=\"https:\/\/www.facebook.com\/autolegendyuvas\" \/>\n<meta property=\"article:modified_time\" content=\"2025-11-11T16:22:51+00:00\" \/>\n<meta property=\"og:image\" content=\"https:\/\/www.legendyuvas.cz\/wp-content\/uploads\/2023\/06\/Porsche-GT3-RS-1-min.jpg\" \/>\n\t<meta property=\"og:image:width\" content=\"1024\" \/>\n\t<meta property=\"og:image:height\" content=\"630\" \/>\n\t<meta property=\"og:image:type\" content=\"image\/jpeg\" \/>\n<meta name=\"twitter:card\" content=\"summary_large_image\" \/>\n<meta name=\"twitter:label1\" content=\"Gesch\u00e4tzte Lesezeit\" \/>\n\t<meta name=\"twitter:data1\" content=\"8\u00a0Minuten\" \/>\n<script type=\"application\/ld+json\" class=\"yoast-schema-graph\">{\"@context\":\"https:\/\/schema.org\",\"@graph\":[{\"@type\":\"WebPage\",\"@id\":\"https:\/\/www.legendyuvas.cz\/zasady-zpracovani-osobnich-udaju\/\",\"url\":\"https:\/\/www.legendyuvas.cz\/zasady-zpracovani-osobnich-udaju\/\",\"name\":\"Grunds\u00e4tze der Verarbeitung personenbezogener Daten - Legendy U V\u00e1s\",\"isPartOf\":{\"@id\":\"https:\/\/www.legendyuvas.cz\/#website\"},\"datePublished\":\"2023-07-06T08:13:34+00:00\",\"dateModified\":\"2025-11-11T16:22:51+00:00\",\"breadcrumb\":{\"@id\":\"https:\/\/www.legendyuvas.cz\/zasady-zpracovani-osobnich-udaju\/#breadcrumb\"},\"inLanguage\":\"de\",\"potentialAction\":[{\"@type\":\"ReadAction\",\"target\":[\"https:\/\/www.legendyuvas.cz\/zasady-zpracovani-osobnich-udaju\/\"]}]},{\"@type\":\"BreadcrumbList\",\"@id\":\"https:\/\/www.legendyuvas.cz\/zasady-zpracovani-osobnich-udaju\/#breadcrumb\",\"itemListElement\":[{\"@type\":\"ListItem\",\"position\":1,\"name\":\"Dom\u016f\",\"item\":\"https:\/\/www.legendyuvas.cz\/\"},{\"@type\":\"ListItem\",\"position\":2,\"name\":\"Grunds\u00e4tze der Verarbeitung personenbezogener Daten\"}]},{\"@type\":\"WebSite\",\"@id\":\"https:\/\/www.legendyuvas.cz\/#website\",\"url\":\"https:\/\/www.legendyuvas.cz\/\",\"name\":\"Legendy U V\u00e1s\",\"description\":\"Dechberouc\u00ed z\u00e1\u017eitky v autech a motork\u00e1ch\",\"publisher\":{\"@id\":\"https:\/\/www.legendyuvas.cz\/#organization\"},\"potentialAction\":[{\"@type\":\"SearchAction\",\"target\":{\"@type\":\"EntryPoint\",\"urlTemplate\":\"https:\/\/www.legendyuvas.cz\/?s={search_term_string}\"},\"query-input\":{\"@type\":\"PropertyValueSpecification\",\"valueRequired\":true,\"valueName\":\"search_term_string\"}}],\"inLanguage\":\"de\"},{\"@type\":\"Organization\",\"@id\":\"https:\/\/www.legendyuvas.cz\/#organization\",\"name\":\"Bontex2 s.r.o.\",\"url\":\"https:\/\/www.legendyuvas.cz\/\",\"logo\":{\"@type\":\"ImageObject\",\"inLanguage\":\"de\",\"@id\":\"https:\/\/www.legendyuvas.cz\/#\/schema\/logo\/image\/\",\"url\":\"https:\/\/www.legendyuvas.cz\/wp-content\/uploads\/2021\/03\/Legendy-u-Vas.jpg\",\"contentUrl\":\"https:\/\/www.legendyuvas.cz\/wp-content\/uploads\/2021\/03\/Legendy-u-Vas.jpg\",\"width\":400,\"height\":240,\"caption\":\"Bontex2 s.r.o.\"},\"image\":{\"@id\":\"https:\/\/www.legendyuvas.cz\/#\/schema\/logo\/image\/\"},\"sameAs\":[\"https:\/\/www.facebook.com\/autolegendyuvas\",\"https:\/\/www.facebook.com\/motolegendyuvas\",\"https:\/\/www.instagram.com\/autolegendyuvas\/\",\"https:\/\/www.instagram.com\/motolegendyuvas\/\"]}]}<\/script>\n<!-- \/ Yoast SEO plugin. -->","yoast_head_json":{"title":"Grunds\u00e4tze der Verarbeitung personenbezogener Daten - Legendy U V\u00e1s","robots":{"index":"index","follow":"follow","max-snippet":"max-snippet:-1","max-image-preview":"max-image-preview:large","max-video-preview":"max-video-preview:-1"},"canonical":"https:\/\/www.legendyuvas.cz\/zasady-zpracovani-osobnich-udaju\/","og_locale":"de_DE","og_type":"article","og_title":"Grunds\u00e4tze der Verarbeitung personenbezogener Daten - Legendy U V\u00e1s","og_description":"Grunds\u00e4tze der Verarbeitung personenbezogener Daten I. Grundlegende Bestimmungen 1. Der f\u00fcr die Verarbeitung personenbezogener Daten Verantwortliche im Sinne von Art. 4 Nr. 7 der Verordnung (EU) 2016\/679 des Europ\u00e4ischen Parlaments und des Rates zum Schutz nat\u00fcrlicher Personen bei der Verarbeitung personenbezogener Daten und zum freien Datenverkehr (nachfolgend: &#8222;DSGVO&#8220;) ist die Bontex2 s.r.o., ID-Nr.: 14285991, mit [&hellip;]","og_url":"https:\/\/www.legendyuvas.cz\/zasady-zpracovani-osobnich-udaju\/","og_site_name":"Legendy U V\u00e1s","article_publisher":"https:\/\/www.facebook.com\/autolegendyuvas","article_modified_time":"2025-11-11T16:22:51+00:00","og_image":[{"width":1024,"height":630,"url":"https:\/\/www.legendyuvas.cz\/wp-content\/uploads\/2023\/06\/Porsche-GT3-RS-1-min.jpg","type":"image\/jpeg"}],"twitter_card":"summary_large_image","twitter_misc":{"Gesch\u00e4tzte Lesezeit":"8\u00a0Minuten"},"schema":{"@context":"https:\/\/schema.org","@graph":[{"@type":"WebPage","@id":"https:\/\/www.legendyuvas.cz\/zasady-zpracovani-osobnich-udaju\/","url":"https:\/\/www.legendyuvas.cz\/zasady-zpracovani-osobnich-udaju\/","name":"Grunds\u00e4tze der Verarbeitung personenbezogener Daten - Legendy U V\u00e1s","isPartOf":{"@id":"https:\/\/www.legendyuvas.cz\/#website"},"datePublished":"2023-07-06T08:13:34+00:00","dateModified":"2025-11-11T16:22:51+00:00","breadcrumb":{"@id":"https:\/\/www.legendyuvas.cz\/zasady-zpracovani-osobnich-udaju\/#breadcrumb"},"inLanguage":"de","potentialAction":[{"@type":"ReadAction","target":["https:\/\/www.legendyuvas.cz\/zasady-zpracovani-osobnich-udaju\/"]}]},{"@type":"BreadcrumbList","@id":"https:\/\/www.legendyuvas.cz\/zasady-zpracovani-osobnich-udaju\/#breadcrumb","itemListElement":[{"@type":"ListItem","position":1,"name":"Dom\u016f","item":"https:\/\/www.legendyuvas.cz\/"},{"@type":"ListItem","position":2,"name":"Grunds\u00e4tze der Verarbeitung personenbezogener Daten"}]},{"@type":"WebSite","@id":"https:\/\/www.legendyuvas.cz\/#website","url":"https:\/\/www.legendyuvas.cz\/","name":"Legendy U V\u00e1s","description":"Dechberouc\u00ed z\u00e1\u017eitky v autech a motork\u00e1ch","publisher":{"@id":"https:\/\/www.legendyuvas.cz\/#organization"},"potentialAction":[{"@type":"SearchAction","target":{"@type":"EntryPoint","urlTemplate":"https:\/\/www.legendyuvas.cz\/?s={search_term_string}"},"query-input":{"@type":"PropertyValueSpecification","valueRequired":true,"valueName":"search_term_string"}}],"inLanguage":"de"},{"@type":"Organization","@id":"https:\/\/www.legendyuvas.cz\/#organization","name":"Bontex2 s.r.o.","url":"https:\/\/www.legendyuvas.cz\/","logo":{"@type":"ImageObject","inLanguage":"de","@id":"https:\/\/www.legendyuvas.cz\/#\/schema\/logo\/image\/","url":"https:\/\/www.legendyuvas.cz\/wp-content\/uploads\/2021\/03\/Legendy-u-Vas.jpg","contentUrl":"https:\/\/www.legendyuvas.cz\/wp-content\/uploads\/2021\/03\/Legendy-u-Vas.jpg","width":400,"height":240,"caption":"Bontex2 s.r.o."},"image":{"@id":"https:\/\/www.legendyuvas.cz\/#\/schema\/logo\/image\/"},"sameAs":["https:\/\/www.facebook.com\/autolegendyuvas","https:\/\/www.facebook.com\/motolegendyuvas","https:\/\/www.instagram.com\/autolegendyuvas\/","https:\/\/www.instagram.com\/motolegendyuvas\/"]}]}},"_links":{"self":[{"href":"https:\/\/www.legendyuvas.cz\/de\/wp-json\/wp\/v2\/pages\/33369","targetHints":{"allow":["GET"]}}],"collection":[{"href":"https:\/\/www.legendyuvas.cz\/de\/wp-json\/wp\/v2\/pages"}],"about":[{"href":"https:\/\/www.legendyuvas.cz\/de\/wp-json\/wp\/v2\/types\/page"}],"author":[{"embeddable":true,"href":"https:\/\/www.legendyuvas.cz\/de\/wp-json\/wp\/v2\/users\/3"}],"replies":[{"embeddable":true,"href":"https:\/\/www.legendyuvas.cz\/de\/wp-json\/wp\/v2\/comments?post=33369"}],"version-history":[{"count":3,"href":"https:\/\/www.legendyuvas.cz\/de\/wp-json\/wp\/v2\/pages\/33369\/revisions"}],"predecessor-version":[{"id":33372,"href":"https:\/\/www.legendyuvas.cz\/de\/wp-json\/wp\/v2\/pages\/33369\/revisions\/33372"}],"wp:attachment":[{"href":"https:\/\/www.legendyuvas.cz\/de\/wp-json\/wp\/v2\/media?parent=33369"}],"curies":[{"name":"wp","href":"https:\/\/api.w.org\/{rel}","templated":true}]}}