{"id":33611,"date":"2025-01-21T12:18:47","date_gmt":"2025-01-21T12:18:47","guid":{"rendered":"https:\/\/www.legendyuvas.cz\/grundsaetze-der-verarbeitung-personenbezogener-daten-zu-marketingzwecken\/"},"modified":"2025-11-12T14:55:33","modified_gmt":"2025-11-12T14:55:33","slug":"grundsaetze-der-verarbeitung-personenbezogener-daten-zu-marketingzwecken","status":"publish","type":"page","link":"https:\/\/www.legendyuvas.cz\/de\/grundsaetze-der-verarbeitung-personenbezogener-daten-zu-marketingzwecken\/","title":{"rendered":"Grunds\u00e4tze der Verarbeitung personenbezogener Daten zu Marketingzwecken"},"content":{"rendered":"\t\t<div data-elementor-type=\"wp-page\" data-elementor-id=\"33611\" class=\"elementor elementor-33611 elementor-15267\" data-elementor-post-type=\"page\">\n\t\t\t\t\t\t<section class=\"elementor-section elementor-top-section elementor-element elementor-element-1d333d1f elementor-section-boxed elementor-section-height-default elementor-section-height-default\" data-id=\"1d333d1f\" data-element_type=\"section\">\n\t\t\t\t\t\t<div class=\"elementor-container elementor-column-gap-default\">\n\t\t\t\t\t<div class=\"elementor-column elementor-col-100 elementor-top-column elementor-element elementor-element-2270f0df\" data-id=\"2270f0df\" data-element_type=\"column\">\n\t\t\t<div class=\"elementor-widget-wrap elementor-element-populated\">\n\t\t\t\t\t\t<div class=\"elementor-element elementor-element-4e6de45c elementor-widget elementor-widget-text-editor\" data-id=\"4e6de45c\" data-element_type=\"widget\" data-widget_type=\"text-editor.default\">\n\t\t\t\t<div class=\"elementor-widget-container\">\n\t\t\t\t\t\t\t\t\t<p style=\"line-height: 100%; margin-bottom: 0.19in; background: #ffffff;\"><span style=\"font-family: Times New Roman, serif;\"><span style=\"font-size: medium;\"><span style=\"color: #000000;\"><span style=\"font-family: Arial, serif;\">Grunds\u00e4tze\r\nVerarbeitung von personenbezogenen Daten zu Marketingzwecken<\/span><\/span><\/span><\/span><\/p><br><p style=\"line-height: 100%; margin-bottom: 0.19in; background: #ffffff;\"><span style=\"font-family: Times New Roman, serif;\"><span style=\"font-size: medium;\"><span style=\"color: #000000;\"><span style=\"font-family: Arial, serif;\">I.\r\nGrundlegende Bestimmungen<\/span><\/span><\/span><\/span><\/p><br><p style=\"line-height: 100%; margin-bottom: 0.19in; background: #ffffff;\"><span style=\"font-family: Times New Roman, serif;\"><span style=\"font-size: medium;\"><span style=\"color: #000000;\"><span style=\"font-family: Arial, serif;\">1.\r\nDer f\u00fcr die Verarbeitung personenbezogener Daten Verantwortliche im Sinne von Artikel 4 Absatz 7 der Europ\u00e4ischen Verordnung\r\ndes Europ\u00e4ischen Parlaments und des Rates (EU) 2016\/679 zum Schutz nat\u00fcrlicher Personen bei der\r\nbei der Verarbeitung personenbezogener Daten und zum freien Verkehr dieser Daten\r\nDie verantwortliche Stelle f\u00fcr die Verarbeitung dieser Daten (im Folgenden: &#8222;GDPR&#8220;) ist Bontex2\r\ns.r.o., ID: 14285991 mit Sitz in Pod Turnovskou trat\u00ed 182\/18, Prag\r\n9, eingetragen im Handelsregister des Stadtgerichts Prag, Abteilung C, Einlage\r\nPrag, Abteilung C, Einlage 363403, vertreten durch Bc. Martin Zima,\r\nGesch\u00e4ftsf\u00fchrer (nachstehend &#8222;Verwalter&#8220; genannt).<\/span><\/span><\/span><\/span><\/p><br><p style=\"line-height: 100%; margin-bottom: 0.19in; background: #ffffff;\"><span style=\"font-family: Times New Roman, serif;\"><span style=\"font-size: medium;\"><span style=\"color: #000000;\"><span style=\"font-family: Arial, serif;\">2.\r\nDie Kontaktdaten des Administrators lauten Bontex2 s.r.o., Pod Turnovskou trat\u00ed\r\n182\/18, Prag 9, 198 00, Tel: 602 444 244, E-Mail:\r\ninfo@legendyuvas.cz.<\/span><\/span><\/span><\/span><\/p><br><p style=\"line-height: 100%; margin-bottom: 0.19in; background: #ffffff;\"><span style=\"font-family: Times New Roman, serif;\"><span style=\"font-size: medium;\"><span style=\"color: #000000;\"><span style=\"font-family: Arial, serif;\">3.\r\nPersonenbezogene Daten sind alle Informationen \u00fcber eine bestimmte\r\noder identifizierbare nat\u00fcrliche Person; eine identifizierbare nat\u00fcrliche\r\nnat\u00fcrliche Person ist eine nat\u00fcrliche Person, die direkt oder indirekt identifiziert werden kann\r\nidentifiziert werden kann, insbesondere durch Zuordnung zu einer Kennung, wie z.B.\r\nName, Identifikationsnummer, Standortdaten, Netz\r\nStandortdaten, Netzkennungen oder einem oder mehreren besonderen Merkmalen einer nat\u00fcrlichen Person,\r\nphysiologischen, genetischen, psychologischen, wirtschaftlichen, kulturellen oder\r\nIdentit\u00e4t dieser nat\u00fcrlichen Person.<\/span><\/span><\/span><\/span><\/p><br><p style=\"line-height: 100%; margin-bottom: 0.19in; background: #ffffff;\"><a name=\"_GoBack\"><\/a>\r\n<span style=\"font-family: Times New Roman, serif;\"><span style=\"font-size: medium;\"><span style=\"color: #000000;\"><span style=\"font-family: Arial, serif;\">4.\r\nDer f\u00fcr die Verarbeitung Verantwortliche hat einen Datenschutzbeauftragten ernannt.\r\nPavel \u0160piryt, E-Mail:\r\ninfo@legendyuvas.cz, Tel: 602 444 244.<\/span><\/span><\/span><\/span><\/p><br><p style=\"line-height: 108%; margin-bottom: 0.11in;\"><span style=\"font-family: Arial, serif;\"><span style=\"font-size: medium;\">II.\r\nVerarbeitung personenbezogener Daten zu Marketingzwecken<\/span><\/span><\/p><br><p style=\"line-height: 108%; margin-bottom: 0.11in;\"><span style=\"font-family: Arial, serif;\"><span style=\"font-size: medium;\">1.\r\nWir verarbeiten die Daten unserer Kunden zum Zweck der Direktwerbung\r\nDirektmarketing in \u00dcbereinstimmung mit den gesetzlichen Bestimmungen. Im Rahmen dieses Prozesses\r\nstellen wir insbesondere sicher, dass unsere Dienstleistungen so weit wie m\u00f6glich\r\nauf Ihre Bed\u00fcrfnisse zugeschnitten sind. Mittels probabilistischer Werte\r\nversuchen wir, Ihnen nur Werbung zu zeigen, die so relevant wie m\u00f6glich ist.\r\nInhalte, die f\u00fcr Sie von Interesse sind.<\/span><\/span><\/p><br><p style=\"line-height: 108%; margin-bottom: 0.11in;\"><span style=\"font-family: Arial, serif;\"><span style=\"font-size: medium;\">2.\r\nDurch eine kurze schriftliche Mitteilung an info@legendyuvas.cz\r\nk\u00f6nnen Sie der Verwendung Ihrer Daten jederzeit widersprechen\r\nf\u00fcr Zwecke des Direktmarketings widersprechen oder Ihre Einwilligung widerrufen, indem Sie\r\nkostenlos, mit Ausnahme der f\u00fcr die \u00dcbermittlung anfallenden Kosten nach den\r\nGrundtarifen.<\/span><\/span><\/p><br><p style=\"line-height: 108%; margin-bottom: 0.11in;\"><span style=\"font-family: Arial, serif;\"><span style=\"font-size: medium;\">3.\r\nWenn Sie den Newsletter abbestellen m\u00f6chten, k\u00f6nnen Sie\r\nk\u00f6nnen Sie den entsprechenden Link am Ende des Newsletters benutzen. <\/span><\/span><\/p><br><p style=\"line-height: 108%; margin-bottom: 0.11in;\"><span style=\"font-family: Arial, serif;\"><span style=\"font-size: medium;\">4.\r\nWenn Sie widersprechen, Ihre angegebene Kontaktadresse f\u00fcr\r\nWeiterverarbeitung im Zusammenhang mit der Werbung. Wir m\u00f6chten\r\nm\u00f6chten Sie darauf hinweisen, dass in Ausnahmef\u00e4llen\r\nAusnahmef\u00e4llen auch nach Eingang Ihres Widerspruchs weiterhin Werbematerialien verschickt\r\nWiderspruch erhalten haben. Dies hat technische Gr\u00fcnde und bedeutet nicht, dass,\r\ndass wir Ihren Widerspruch nicht bearbeiten.<\/span><\/span><\/p><br><p style=\"line-height: 108%; margin-bottom: 0.11in;\"><span style=\"font-family: Arial, serif;\"><span style=\"font-size: medium;\">5.\r\nWir \u00fcbermitteln Ihre Daten an Gesch\u00e4ftspartner zum Zweck der\r\nVersendung von Marketingmaterial.<\/span><\/span><\/p><br><p style=\"line-height: 108%; margin-bottom: 0.11in;\"><span style=\"font-family: Arial, serif;\"><span style=\"font-size: medium;\">6.\r\nDie Rechtsgrundlage f\u00fcr diese Verarbeitung ist Abschnitt 7(3) des Gesetzes Nr.\r\n480\/2004 Slg. \u00fcber bestimmte Dienste der Informationsgesellschaft, und\r\nArtikel 6(1)(f) der EU GDPR. Unser Interesse an der Adressierung von Anzeigen\r\nUnser Interesse an einer bedarfsgerechten Adressierung der Werbung ist ein berechtigtes Interesse im Sinne der oben genannten Bestimmung.\r\nder oben genannten Bestimmung.<\/span><\/span><\/p><br><p style=\"line-height: 108%; margin-bottom: 0.11in;\"><style type=\"text\/css\">p { line-height: 115%; text-align: left; orphans: 2; widows: 2; margin-bottom: 0.1in; direction: ltr; background: transparent }<\/style><\/p>\t\t\t\t\t\t\t\t<\/div>\n\t\t\t\t<\/div>\n\t\t\t\t\t<\/div>\n\t\t<\/div>\n\t\t\t\t\t<\/div>\n\t\t<\/section>\n\t\t\t\t<\/div>\n\t\t","protected":false},"excerpt":{"rendered":"<p>Grunds\u00e4tze Verarbeitung von personenbezogenen Daten zu Marketingzwecken I. Grundlegende Bestimmungen 1. Der f\u00fcr die Verarbeitung personenbezogener Daten Verantwortliche im Sinne von Artikel 4 Absatz 7 der Europ\u00e4ischen Verordnung des Europ\u00e4ischen Parlaments und des Rates (EU) 2016\/679 zum Schutz nat\u00fcrlicher Personen bei der bei der Verarbeitung personenbezogener Daten und zum freien Verkehr dieser Daten Die verantwortliche [&hellip;]<\/p>\n","protected":false},"author":3,"featured_media":0,"parent":0,"menu_order":0,"comment_status":"closed","ping_status":"closed","template":"","meta":{"footnotes":""},"class_list":["post-33611","page","type-page","status-publish","hentry"],"yoast_head":"<!-- This site is optimized with the Yoast SEO plugin v24.8.1 - https:\/\/yoast.com\/wordpress\/plugins\/seo\/ -->\n<title>Grunds\u00e4tze der Verarbeitung personenbezogener Daten zu Marketingzwecken - Legendy U V\u00e1s<\/title>\n<meta name=\"robots\" content=\"index, follow, max-snippet:-1, max-image-preview:large, max-video-preview:-1\" \/>\n<link rel=\"canonical\" href=\"https:\/\/www.legendyuvas.cz\/zasady-zpracovani-osobnich-udaju-pro-marketingove-ucely\/\" \/>\n<meta property=\"og:locale\" content=\"de_DE\" \/>\n<meta property=\"og:type\" content=\"article\" \/>\n<meta property=\"og:title\" content=\"Grunds\u00e4tze der Verarbeitung personenbezogener Daten zu Marketingzwecken - Legendy U V\u00e1s\" \/>\n<meta property=\"og:description\" content=\"Grunds\u00e4tze Verarbeitung von personenbezogenen Daten zu Marketingzwecken I. Grundlegende Bestimmungen 1. Der f\u00fcr die Verarbeitung personenbezogener Daten Verantwortliche im Sinne von Artikel 4 Absatz 7 der Europ\u00e4ischen Verordnung des Europ\u00e4ischen Parlaments und des Rates (EU) 2016\/679 zum Schutz nat\u00fcrlicher Personen bei der bei der Verarbeitung personenbezogener Daten und zum freien Verkehr dieser Daten Die verantwortliche [&hellip;]\" \/>\n<meta property=\"og:url\" content=\"https:\/\/www.legendyuvas.cz\/zasady-zpracovani-osobnich-udaju-pro-marketingove-ucely\/\" \/>\n<meta property=\"og:site_name\" content=\"Legendy U V\u00e1s\" \/>\n<meta property=\"article:publisher\" content=\"https:\/\/www.facebook.com\/autolegendyuvas\" \/>\n<meta property=\"article:modified_time\" content=\"2025-11-12T14:55:33+00:00\" \/>\n<meta property=\"og:image\" content=\"https:\/\/www.legendyuvas.cz\/wp-content\/uploads\/2023\/06\/Porsche-GT3-RS-1-min.jpg\" \/>\n\t<meta property=\"og:image:width\" content=\"1024\" \/>\n\t<meta property=\"og:image:height\" content=\"630\" \/>\n\t<meta property=\"og:image:type\" content=\"image\/jpeg\" \/>\n<meta name=\"twitter:card\" content=\"summary_large_image\" \/>\n<meta name=\"twitter:label1\" content=\"Gesch\u00e4tzte Lesezeit\" \/>\n\t<meta name=\"twitter:data1\" content=\"2\u00a0Minuten\" \/>\n<script type=\"application\/ld+json\" class=\"yoast-schema-graph\">{\"@context\":\"https:\/\/schema.org\",\"@graph\":[{\"@type\":\"WebPage\",\"@id\":\"https:\/\/www.legendyuvas.cz\/zasady-zpracovani-osobnich-udaju-pro-marketingove-ucely\/\",\"url\":\"https:\/\/www.legendyuvas.cz\/zasady-zpracovani-osobnich-udaju-pro-marketingove-ucely\/\",\"name\":\"Grunds\u00e4tze der Verarbeitung personenbezogener Daten zu Marketingzwecken - Legendy U V\u00e1s\",\"isPartOf\":{\"@id\":\"https:\/\/www.legendyuvas.cz\/#website\"},\"datePublished\":\"2025-01-21T12:18:47+00:00\",\"dateModified\":\"2025-11-12T14:55:33+00:00\",\"breadcrumb\":{\"@id\":\"https:\/\/www.legendyuvas.cz\/zasady-zpracovani-osobnich-udaju-pro-marketingove-ucely\/#breadcrumb\"},\"inLanguage\":\"de\",\"potentialAction\":[{\"@type\":\"ReadAction\",\"target\":[\"https:\/\/www.legendyuvas.cz\/zasady-zpracovani-osobnich-udaju-pro-marketingove-ucely\/\"]}]},{\"@type\":\"BreadcrumbList\",\"@id\":\"https:\/\/www.legendyuvas.cz\/zasady-zpracovani-osobnich-udaju-pro-marketingove-ucely\/#breadcrumb\",\"itemListElement\":[{\"@type\":\"ListItem\",\"position\":1,\"name\":\"Dom\u016f\",\"item\":\"https:\/\/www.legendyuvas.cz\/\"},{\"@type\":\"ListItem\",\"position\":2,\"name\":\"Grunds\u00e4tze der Verarbeitung personenbezogener Daten zu Marketingzwecken\"}]},{\"@type\":\"WebSite\",\"@id\":\"https:\/\/www.legendyuvas.cz\/#website\",\"url\":\"https:\/\/www.legendyuvas.cz\/\",\"name\":\"Legendy U V\u00e1s\",\"description\":\"Dechberouc\u00ed z\u00e1\u017eitky v autech a motork\u00e1ch\",\"publisher\":{\"@id\":\"https:\/\/www.legendyuvas.cz\/#organization\"},\"potentialAction\":[{\"@type\":\"SearchAction\",\"target\":{\"@type\":\"EntryPoint\",\"urlTemplate\":\"https:\/\/www.legendyuvas.cz\/?s={search_term_string}\"},\"query-input\":{\"@type\":\"PropertyValueSpecification\",\"valueRequired\":true,\"valueName\":\"search_term_string\"}}],\"inLanguage\":\"de\"},{\"@type\":\"Organization\",\"@id\":\"https:\/\/www.legendyuvas.cz\/#organization\",\"name\":\"Bontex2 s.r.o.\",\"url\":\"https:\/\/www.legendyuvas.cz\/\",\"logo\":{\"@type\":\"ImageObject\",\"inLanguage\":\"de\",\"@id\":\"https:\/\/www.legendyuvas.cz\/#\/schema\/logo\/image\/\",\"url\":\"https:\/\/www.legendyuvas.cz\/wp-content\/uploads\/2021\/03\/Legendy-u-Vas.jpg\",\"contentUrl\":\"https:\/\/www.legendyuvas.cz\/wp-content\/uploads\/2021\/03\/Legendy-u-Vas.jpg\",\"width\":400,\"height\":240,\"caption\":\"Bontex2 s.r.o.\"},\"image\":{\"@id\":\"https:\/\/www.legendyuvas.cz\/#\/schema\/logo\/image\/\"},\"sameAs\":[\"https:\/\/www.facebook.com\/autolegendyuvas\",\"https:\/\/www.facebook.com\/motolegendyuvas\",\"https:\/\/www.instagram.com\/autolegendyuvas\/\",\"https:\/\/www.instagram.com\/motolegendyuvas\/\"]}]}<\/script>\n<!-- \/ Yoast SEO plugin. -->","yoast_head_json":{"title":"Grunds\u00e4tze der Verarbeitung personenbezogener Daten zu Marketingzwecken - Legendy U V\u00e1s","robots":{"index":"index","follow":"follow","max-snippet":"max-snippet:-1","max-image-preview":"max-image-preview:large","max-video-preview":"max-video-preview:-1"},"canonical":"https:\/\/www.legendyuvas.cz\/zasady-zpracovani-osobnich-udaju-pro-marketingove-ucely\/","og_locale":"de_DE","og_type":"article","og_title":"Grunds\u00e4tze der Verarbeitung personenbezogener Daten zu Marketingzwecken - Legendy U V\u00e1s","og_description":"Grunds\u00e4tze Verarbeitung von personenbezogenen Daten zu Marketingzwecken I. Grundlegende Bestimmungen 1. Der f\u00fcr die Verarbeitung personenbezogener Daten Verantwortliche im Sinne von Artikel 4 Absatz 7 der Europ\u00e4ischen Verordnung des Europ\u00e4ischen Parlaments und des Rates (EU) 2016\/679 zum Schutz nat\u00fcrlicher Personen bei der bei der Verarbeitung personenbezogener Daten und zum freien Verkehr dieser Daten Die verantwortliche [&hellip;]","og_url":"https:\/\/www.legendyuvas.cz\/zasady-zpracovani-osobnich-udaju-pro-marketingove-ucely\/","og_site_name":"Legendy U V\u00e1s","article_publisher":"https:\/\/www.facebook.com\/autolegendyuvas","article_modified_time":"2025-11-12T14:55:33+00:00","og_image":[{"width":1024,"height":630,"url":"https:\/\/www.legendyuvas.cz\/wp-content\/uploads\/2023\/06\/Porsche-GT3-RS-1-min.jpg","type":"image\/jpeg"}],"twitter_card":"summary_large_image","twitter_misc":{"Gesch\u00e4tzte Lesezeit":"2\u00a0Minuten"},"schema":{"@context":"https:\/\/schema.org","@graph":[{"@type":"WebPage","@id":"https:\/\/www.legendyuvas.cz\/zasady-zpracovani-osobnich-udaju-pro-marketingove-ucely\/","url":"https:\/\/www.legendyuvas.cz\/zasady-zpracovani-osobnich-udaju-pro-marketingove-ucely\/","name":"Grunds\u00e4tze der Verarbeitung personenbezogener Daten zu Marketingzwecken - Legendy U V\u00e1s","isPartOf":{"@id":"https:\/\/www.legendyuvas.cz\/#website"},"datePublished":"2025-01-21T12:18:47+00:00","dateModified":"2025-11-12T14:55:33+00:00","breadcrumb":{"@id":"https:\/\/www.legendyuvas.cz\/zasady-zpracovani-osobnich-udaju-pro-marketingove-ucely\/#breadcrumb"},"inLanguage":"de","potentialAction":[{"@type":"ReadAction","target":["https:\/\/www.legendyuvas.cz\/zasady-zpracovani-osobnich-udaju-pro-marketingove-ucely\/"]}]},{"@type":"BreadcrumbList","@id":"https:\/\/www.legendyuvas.cz\/zasady-zpracovani-osobnich-udaju-pro-marketingove-ucely\/#breadcrumb","itemListElement":[{"@type":"ListItem","position":1,"name":"Dom\u016f","item":"https:\/\/www.legendyuvas.cz\/"},{"@type":"ListItem","position":2,"name":"Grunds\u00e4tze der Verarbeitung personenbezogener Daten zu Marketingzwecken"}]},{"@type":"WebSite","@id":"https:\/\/www.legendyuvas.cz\/#website","url":"https:\/\/www.legendyuvas.cz\/","name":"Legendy U V\u00e1s","description":"Dechberouc\u00ed z\u00e1\u017eitky v autech a motork\u00e1ch","publisher":{"@id":"https:\/\/www.legendyuvas.cz\/#organization"},"potentialAction":[{"@type":"SearchAction","target":{"@type":"EntryPoint","urlTemplate":"https:\/\/www.legendyuvas.cz\/?s={search_term_string}"},"query-input":{"@type":"PropertyValueSpecification","valueRequired":true,"valueName":"search_term_string"}}],"inLanguage":"de"},{"@type":"Organization","@id":"https:\/\/www.legendyuvas.cz\/#organization","name":"Bontex2 s.r.o.","url":"https:\/\/www.legendyuvas.cz\/","logo":{"@type":"ImageObject","inLanguage":"de","@id":"https:\/\/www.legendyuvas.cz\/#\/schema\/logo\/image\/","url":"https:\/\/www.legendyuvas.cz\/wp-content\/uploads\/2021\/03\/Legendy-u-Vas.jpg","contentUrl":"https:\/\/www.legendyuvas.cz\/wp-content\/uploads\/2021\/03\/Legendy-u-Vas.jpg","width":400,"height":240,"caption":"Bontex2 s.r.o."},"image":{"@id":"https:\/\/www.legendyuvas.cz\/#\/schema\/logo\/image\/"},"sameAs":["https:\/\/www.facebook.com\/autolegendyuvas","https:\/\/www.facebook.com\/motolegendyuvas","https:\/\/www.instagram.com\/autolegendyuvas\/","https:\/\/www.instagram.com\/motolegendyuvas\/"]}]}},"_links":{"self":[{"href":"https:\/\/www.legendyuvas.cz\/de\/wp-json\/wp\/v2\/pages\/33611","targetHints":{"allow":["GET"]}}],"collection":[{"href":"https:\/\/www.legendyuvas.cz\/de\/wp-json\/wp\/v2\/pages"}],"about":[{"href":"https:\/\/www.legendyuvas.cz\/de\/wp-json\/wp\/v2\/types\/page"}],"author":[{"embeddable":true,"href":"https:\/\/www.legendyuvas.cz\/de\/wp-json\/wp\/v2\/users\/3"}],"replies":[{"embeddable":true,"href":"https:\/\/www.legendyuvas.cz\/de\/wp-json\/wp\/v2\/comments?post=33611"}],"version-history":[{"count":1,"href":"https:\/\/www.legendyuvas.cz\/de\/wp-json\/wp\/v2\/pages\/33611\/revisions"}],"predecessor-version":[{"id":33612,"href":"https:\/\/www.legendyuvas.cz\/de\/wp-json\/wp\/v2\/pages\/33611\/revisions\/33612"}],"wp:attachment":[{"href":"https:\/\/www.legendyuvas.cz\/de\/wp-json\/wp\/v2\/media?parent=33611"}],"curies":[{"name":"wp","href":"https:\/\/api.w.org\/{rel}","templated":true}]}}