{"id":32253,"date":"2024-11-16T13:50:20","date_gmt":"2024-11-16T13:50:20","guid":{"rendered":"https:\/\/www.legendyuvas.cz\/produkt\/ktm-x-bow-gtx\/"},"modified":"2025-12-27T00:02:36","modified_gmt":"2025-12-27T00:02:36","slug":"ktm-x-bow-gtx","status":"publish","type":"product","link":"https:\/\/www.legendyuvas.cz\/de\/produkt\/ktm-x-bow-gtx\/","title":{"rendered":"KTM X-BOW GTX"},"content":{"rendered":"<h1>KTM Rennrakete<\/h1>\n<p>Leistung und Purismus vereint in einem einzigartigen und extremen Design, und <strong>bereit f\u00fcr das Abenteuer<\/strong> &#8211; das ist der <strong>KTM X-BOW GTX.<\/strong> Die Konzentration auf das Wesentliche (Gewichtsreduktion, Leistung, Aerodynamik, Handling) bietet eine F\u00fclle neuer technischer Innovationen, verbesserte Ergonomie und Benutzerfreundlichkeit, sowie einen fast <strong>revolution\u00e4ren Sicherheitsstandard.<\/strong> Er ist der erste Renn-GT, der ein <strong>homologiertes Monocoque<\/strong> mit einem homologierten GT-\u00dcberrollk\u00e4fig und einem Carbon-Rennsitz kombiniert.<\/p>\n<p><img fetchpriority=\"high\" decoding=\"async\" class=\"wp-image-12681 size-full\" src=\"https:\/\/www.legendyuvas.cz\/wp-content\/uploads\/2024\/11\/240214_ES_archive_132151-scaled.jpg\" alt=\"\" width=\"2560\" height=\"1707\" srcset=\"https:\/\/www.legendyuvas.cz\/wp-content\/uploads\/2024\/11\/240214_ES_archive_132151-scaled.jpg 2560w, https:\/\/www.legendyuvas.cz\/wp-content\/uploads\/2024\/11\/240214_ES_archive_132151-300x200.jpg 300w, https:\/\/www.legendyuvas.cz\/wp-content\/uploads\/2024\/11\/240214_ES_archive_132151-1024x683.jpg 1024w, https:\/\/www.legendyuvas.cz\/wp-content\/uploads\/2024\/11\/240214_ES_archive_132151-768x512.jpg 768w, https:\/\/www.legendyuvas.cz\/wp-content\/uploads\/2024\/11\/240214_ES_archive_132151-1536x1024.jpg 1536w, https:\/\/www.legendyuvas.cz\/wp-content\/uploads\/2024\/11\/240214_ES_archive_132151-2048x1366.jpg 2048w, https:\/\/www.legendyuvas.cz\/wp-content\/uploads\/2024\/11\/240214_ES_archive_132151-600x400.jpg 600w\" sizes=\"(max-width: 2560px) 100vw, 2560px\" \/><\/p>\n<p>Neben herausragender Technik zeichnen sich die neuen Modelle auch durch ein au\u00dfergew\u00f6hnliches Design aus: Die <strong>Renntauglichkeit k\u00f6nnte nicht besser sein.<\/strong> Auf dieser Basis kann der KTM X-BOW GTX in Sachen Leistungsgewicht, Kurvengeschwindigkeit, Bremsweg, H\u00f6chstgeschwindigkeit und nat\u00fcrlich <strong>Rundenzeiten<\/strong> mit weitaus leistungsst\u00e4rkeren Sportwagen mithalten &#8211; ob auf der N\u00fcrburgring Nordschleife, im Profirennen oder <strong>bei Track Days.<\/strong> Nat\u00fcrlich bleibt er der DNA des originalen KTM X-BOW absolut treu: radikal, puristisch, pr\u00e4zise und <strong>leistungsorientiert. <\/strong><\/p>\n<p>&nbsp;<\/p>\n<p><img decoding=\"async\" class=\"aligncenter wp-image-12683 size-full\" src=\"https:\/\/www.legendyuvas.cz\/wp-content\/uploads\/2024\/11\/240214_ES_archive_105509-scaled.jpg\" alt=\"\" width=\"2560\" height=\"1707\" srcset=\"https:\/\/www.legendyuvas.cz\/wp-content\/uploads\/2024\/11\/240214_ES_archive_105509-scaled.jpg 2560w, https:\/\/www.legendyuvas.cz\/wp-content\/uploads\/2024\/11\/240214_ES_archive_105509-300x200.jpg 300w, https:\/\/www.legendyuvas.cz\/wp-content\/uploads\/2024\/11\/240214_ES_archive_105509-1024x683.jpg 1024w, https:\/\/www.legendyuvas.cz\/wp-content\/uploads\/2024\/11\/240214_ES_archive_105509-768x512.jpg 768w, https:\/\/www.legendyuvas.cz\/wp-content\/uploads\/2024\/11\/240214_ES_archive_105509-1536x1024.jpg 1536w, https:\/\/www.legendyuvas.cz\/wp-content\/uploads\/2024\/11\/240214_ES_archive_105509-2048x1366.jpg 2048w, https:\/\/www.legendyuvas.cz\/wp-content\/uploads\/2024\/11\/240214_ES_archive_105509-600x400.jpg 600w\" sizes=\"(max-width: 2560px) 100vw, 2560px\" \/><\/p>\n<p><strong>Setzen Sie sich<\/strong> auf den Beifahrersitz und erleben Sie eine Fahrt wie beim <strong>Profi-Rennen.<\/strong> Der KTM X-BOW GTX ist eine <strong>Fabrik der Gef\u00fchle.<\/strong><\/p>\n<p>&nbsp;<\/p>\n<h1><\/h1>\n<p>&nbsp;<\/p>\n","protected":false},"excerpt":{"rendered":"<p>Das Fahren im KTM X-BOW GTX ist nur als Beifahrer mit einem Rennfahrer m\u00f6glich.<\/p>\n","protected":false},"featured_media":71633,"comment_status":"open","ping_status":"closed","template":"","meta":[],"product_brand":[],"product_cat":[451],"product_tag":[],"class_list":{"0":"post-32253","1":"product","2":"type-product","3":"status-publish","4":"has-post-thumbnail","6":"product_cat-auta","8":"first","9":"instock","10":"shipping-taxable","11":"purchasable","12":"product-type-variable"},"yoast_head":"<!-- This site is optimized with the Yoast SEO plugin v24.8.1 - https:\/\/yoast.com\/wordpress\/plugins\/seo\/ -->\n<title>KTM X-BOW GTX - Legendy U V\u00e1s<\/title>\n<meta name=\"description\" content=\"Adrenalin-Erlebnis mit Legends U V\u00e1s - ein originelles Geschenk nicht nur f\u00fcr M\u00e4nner und Autoliebhaber. Fahren in Sportwagen (Ferrari, Lamborghini, Porsche, ...) auf der Rennstrecke und Landtstra\u00dfen.\" \/>\n<meta name=\"robots\" content=\"index, follow, max-snippet:-1, max-image-preview:large, max-video-preview:-1\" \/>\n<link rel=\"canonical\" href=\"https:\/\/www.legendyuvas.cz\/produkt\/ktm-x-bow-gtx\/\" \/>\n<meta property=\"og:locale\" content=\"de_DE\" \/>\n<meta property=\"og:type\" content=\"article\" \/>\n<meta property=\"og:title\" content=\"KTM X-BOW GTX - Legendy U V\u00e1s\" \/>\n<meta property=\"og:description\" content=\"Adrenalin-Erlebnis mit Legends U V\u00e1s - ein originelles Geschenk nicht nur f\u00fcr M\u00e4nner und Autoliebhaber. Fahren in Sportwagen (Ferrari, Lamborghini, Porsche, ...) auf der Rennstrecke und Landtstra\u00dfen.\" \/>\n<meta property=\"og:url\" content=\"https:\/\/www.legendyuvas.cz\/produkt\/ktm-x-bow-gtx\/\" \/>\n<meta property=\"og:site_name\" content=\"Legendy U V\u00e1s\" \/>\n<meta property=\"article:publisher\" content=\"https:\/\/www.facebook.com\/autolegendyuvas\" \/>\n<meta property=\"article:modified_time\" content=\"2025-12-27T00:02:36+00:00\" \/>\n<meta property=\"og:image\" content=\"https:\/\/www.legendyuvas.cz\/wp-content\/uploads\/2024\/11\/R5PF4484_3543x2362-1536x1024-1.webp\" \/>\n\t<meta property=\"og:image:width\" content=\"1536\" \/>\n\t<meta property=\"og:image:height\" content=\"1024\" \/>\n\t<meta property=\"og:image:type\" content=\"image\/webp\" \/>\n<meta name=\"twitter:card\" content=\"summary_large_image\" \/>\n<meta name=\"twitter:label1\" content=\"Gesch\u00e4tzte Lesezeit\" \/>\n\t<meta name=\"twitter:data1\" content=\"1\u00a0Minute\" \/>\n<script type=\"application\/ld+json\" class=\"yoast-schema-graph\">{\"@context\":\"https:\/\/schema.org\",\"@graph\":[{\"@type\":\"WebPage\",\"@id\":\"https:\/\/www.legendyuvas.cz\/produkt\/ktm-x-bow-gtx\/\",\"url\":\"https:\/\/www.legendyuvas.cz\/produkt\/ktm-x-bow-gtx\/\",\"name\":\"KTM X-BOW GTX - Legendy U V\u00e1s\",\"isPartOf\":{\"@id\":\"https:\/\/www.legendyuvas.cz\/#website\"},\"primaryImageOfPage\":{\"@id\":\"https:\/\/www.legendyuvas.cz\/produkt\/ktm-x-bow-gtx\/#primaryimage\"},\"image\":{\"@id\":\"https:\/\/www.legendyuvas.cz\/produkt\/ktm-x-bow-gtx\/#primaryimage\"},\"thumbnailUrl\":\"https:\/\/www.legendyuvas.cz\/wp-content\/uploads\/2024\/11\/DSC06425-scaled.jpg\",\"datePublished\":\"2024-11-16T13:50:20+00:00\",\"dateModified\":\"2025-12-27T00:02:36+00:00\",\"description\":\"Adrenalin-Erlebnis mit Legends U V\u00e1s - ein originelles Geschenk nicht nur f\u00fcr M\u00e4nner und Autoliebhaber. Fahren in Sportwagen (Ferrari, Lamborghini, Porsche, ...) auf der Rennstrecke und Landtstra\u00dfen.\",\"breadcrumb\":{\"@id\":\"https:\/\/www.legendyuvas.cz\/produkt\/ktm-x-bow-gtx\/#breadcrumb\"},\"inLanguage\":\"de\",\"potentialAction\":[{\"@type\":\"ReadAction\",\"target\":[\"https:\/\/www.legendyuvas.cz\/produkt\/ktm-x-bow-gtx\/\"]}]},{\"@type\":\"ImageObject\",\"inLanguage\":\"de\",\"@id\":\"https:\/\/www.legendyuvas.cz\/produkt\/ktm-x-bow-gtx\/#primaryimage\",\"url\":\"https:\/\/www.legendyuvas.cz\/wp-content\/uploads\/2024\/11\/DSC06425-scaled.jpg\",\"contentUrl\":\"https:\/\/www.legendyuvas.cz\/wp-content\/uploads\/2024\/11\/DSC06425-scaled.jpg\",\"width\":2560,\"height\":1707},{\"@type\":\"BreadcrumbList\",\"@id\":\"https:\/\/www.legendyuvas.cz\/produkt\/ktm-x-bow-gtx\/#breadcrumb\",\"itemListElement\":[{\"@type\":\"ListItem\",\"position\":1,\"name\":\"Dom\u016f\",\"item\":\"https:\/\/www.legendyuvas.cz\/\"},{\"@type\":\"ListItem\",\"position\":2,\"name\":\"Shop\",\"item\":\"https:\/\/www.legendyuvas.cz\/de\/shop\/\"},{\"@type\":\"ListItem\",\"position\":3,\"name\":\"KTM X-BOW GTX\"}]},{\"@type\":\"WebSite\",\"@id\":\"https:\/\/www.legendyuvas.cz\/#website\",\"url\":\"https:\/\/www.legendyuvas.cz\/\",\"name\":\"Legendy U V\u00e1s\",\"description\":\"Dechberouc\u00ed z\u00e1\u017eitky v autech a motork\u00e1ch\",\"publisher\":{\"@id\":\"https:\/\/www.legendyuvas.cz\/#organization\"},\"potentialAction\":[{\"@type\":\"SearchAction\",\"target\":{\"@type\":\"EntryPoint\",\"urlTemplate\":\"https:\/\/www.legendyuvas.cz\/?s={search_term_string}\"},\"query-input\":{\"@type\":\"PropertyValueSpecification\",\"valueRequired\":true,\"valueName\":\"search_term_string\"}}],\"inLanguage\":\"de\"},{\"@type\":\"Organization\",\"@id\":\"https:\/\/www.legendyuvas.cz\/#organization\",\"name\":\"Bontex2 s.r.o.\",\"url\":\"https:\/\/www.legendyuvas.cz\/\",\"logo\":{\"@type\":\"ImageObject\",\"inLanguage\":\"de\",\"@id\":\"https:\/\/www.legendyuvas.cz\/#\/schema\/logo\/image\/\",\"url\":\"https:\/\/www.legendyuvas.cz\/wp-content\/uploads\/2021\/03\/Legendy-u-Vas.jpg\",\"contentUrl\":\"https:\/\/www.legendyuvas.cz\/wp-content\/uploads\/2021\/03\/Legendy-u-Vas.jpg\",\"width\":400,\"height\":240,\"caption\":\"Bontex2 s.r.o.\"},\"image\":{\"@id\":\"https:\/\/www.legendyuvas.cz\/#\/schema\/logo\/image\/\"},\"sameAs\":[\"https:\/\/www.facebook.com\/autolegendyuvas\",\"https:\/\/www.facebook.com\/motolegendyuvas\",\"https:\/\/www.instagram.com\/autolegendyuvas\/\",\"https:\/\/www.instagram.com\/motolegendyuvas\/\"]}]}<\/script>\n<!-- \/ Yoast SEO plugin. -->","yoast_head_json":{"title":"KTM X-BOW GTX - Legendy U V\u00e1s","description":"Adrenalin-Erlebnis mit Legends U V\u00e1s - ein originelles Geschenk nicht nur f\u00fcr M\u00e4nner und Autoliebhaber. Fahren in Sportwagen (Ferrari, Lamborghini, Porsche, ...) auf der Rennstrecke und Landtstra\u00dfen.","robots":{"index":"index","follow":"follow","max-snippet":"max-snippet:-1","max-image-preview":"max-image-preview:large","max-video-preview":"max-video-preview:-1"},"canonical":"https:\/\/www.legendyuvas.cz\/produkt\/ktm-x-bow-gtx\/","og_locale":"de_DE","og_type":"article","og_title":"KTM X-BOW GTX - Legendy U V\u00e1s","og_description":"Adrenalin-Erlebnis mit Legends U V\u00e1s - ein originelles Geschenk nicht nur f\u00fcr M\u00e4nner und Autoliebhaber. Fahren in Sportwagen (Ferrari, Lamborghini, Porsche, ...) auf der Rennstrecke und Landtstra\u00dfen.","og_url":"https:\/\/www.legendyuvas.cz\/produkt\/ktm-x-bow-gtx\/","og_site_name":"Legendy U V\u00e1s","article_publisher":"https:\/\/www.facebook.com\/autolegendyuvas","article_modified_time":"2025-12-27T00:02:36+00:00","og_image":[{"width":1536,"height":1024,"url":"https:\/\/www.legendyuvas.cz\/wp-content\/uploads\/2024\/11\/R5PF4484_3543x2362-1536x1024-1.webp","type":"image\/webp"}],"twitter_card":"summary_large_image","twitter_misc":{"Gesch\u00e4tzte Lesezeit":"1\u00a0Minute"},"schema":{"@context":"https:\/\/schema.org","@graph":[{"@type":"WebPage","@id":"https:\/\/www.legendyuvas.cz\/produkt\/ktm-x-bow-gtx\/","url":"https:\/\/www.legendyuvas.cz\/produkt\/ktm-x-bow-gtx\/","name":"KTM X-BOW GTX - Legendy U V\u00e1s","isPartOf":{"@id":"https:\/\/www.legendyuvas.cz\/#website"},"primaryImageOfPage":{"@id":"https:\/\/www.legendyuvas.cz\/produkt\/ktm-x-bow-gtx\/#primaryimage"},"image":{"@id":"https:\/\/www.legendyuvas.cz\/produkt\/ktm-x-bow-gtx\/#primaryimage"},"thumbnailUrl":"https:\/\/www.legendyuvas.cz\/wp-content\/uploads\/2024\/11\/DSC06425-scaled.jpg","datePublished":"2024-11-16T13:50:20+00:00","dateModified":"2025-12-27T00:02:36+00:00","description":"Adrenalin-Erlebnis mit Legends U V\u00e1s - ein originelles Geschenk nicht nur f\u00fcr M\u00e4nner und Autoliebhaber. Fahren in Sportwagen (Ferrari, Lamborghini, Porsche, ...) auf der Rennstrecke und Landtstra\u00dfen.","breadcrumb":{"@id":"https:\/\/www.legendyuvas.cz\/produkt\/ktm-x-bow-gtx\/#breadcrumb"},"inLanguage":"de","potentialAction":[{"@type":"ReadAction","target":["https:\/\/www.legendyuvas.cz\/produkt\/ktm-x-bow-gtx\/"]}]},{"@type":"ImageObject","inLanguage":"de","@id":"https:\/\/www.legendyuvas.cz\/produkt\/ktm-x-bow-gtx\/#primaryimage","url":"https:\/\/www.legendyuvas.cz\/wp-content\/uploads\/2024\/11\/DSC06425-scaled.jpg","contentUrl":"https:\/\/www.legendyuvas.cz\/wp-content\/uploads\/2024\/11\/DSC06425-scaled.jpg","width":2560,"height":1707},{"@type":"BreadcrumbList","@id":"https:\/\/www.legendyuvas.cz\/produkt\/ktm-x-bow-gtx\/#breadcrumb","itemListElement":[{"@type":"ListItem","position":1,"name":"Dom\u016f","item":"https:\/\/www.legendyuvas.cz\/"},{"@type":"ListItem","position":2,"name":"Shop","item":"https:\/\/www.legendyuvas.cz\/de\/shop\/"},{"@type":"ListItem","position":3,"name":"KTM X-BOW GTX"}]},{"@type":"WebSite","@id":"https:\/\/www.legendyuvas.cz\/#website","url":"https:\/\/www.legendyuvas.cz\/","name":"Legendy U V\u00e1s","description":"Dechberouc\u00ed z\u00e1\u017eitky v autech a motork\u00e1ch","publisher":{"@id":"https:\/\/www.legendyuvas.cz\/#organization"},"potentialAction":[{"@type":"SearchAction","target":{"@type":"EntryPoint","urlTemplate":"https:\/\/www.legendyuvas.cz\/?s={search_term_string}"},"query-input":{"@type":"PropertyValueSpecification","valueRequired":true,"valueName":"search_term_string"}}],"inLanguage":"de"},{"@type":"Organization","@id":"https:\/\/www.legendyuvas.cz\/#organization","name":"Bontex2 s.r.o.","url":"https:\/\/www.legendyuvas.cz\/","logo":{"@type":"ImageObject","inLanguage":"de","@id":"https:\/\/www.legendyuvas.cz\/#\/schema\/logo\/image\/","url":"https:\/\/www.legendyuvas.cz\/wp-content\/uploads\/2021\/03\/Legendy-u-Vas.jpg","contentUrl":"https:\/\/www.legendyuvas.cz\/wp-content\/uploads\/2021\/03\/Legendy-u-Vas.jpg","width":400,"height":240,"caption":"Bontex2 s.r.o."},"image":{"@id":"https:\/\/www.legendyuvas.cz\/#\/schema\/logo\/image\/"},"sameAs":["https:\/\/www.facebook.com\/autolegendyuvas","https:\/\/www.facebook.com\/motolegendyuvas","https:\/\/www.instagram.com\/autolegendyuvas\/","https:\/\/www.instagram.com\/motolegendyuvas\/"]}]}},"_links":{"self":[{"href":"https:\/\/www.legendyuvas.cz\/de\/wp-json\/wp\/v2\/product\/32253","targetHints":{"allow":["GET"]}}],"collection":[{"href":"https:\/\/www.legendyuvas.cz\/de\/wp-json\/wp\/v2\/product"}],"about":[{"href":"https:\/\/www.legendyuvas.cz\/de\/wp-json\/wp\/v2\/types\/product"}],"replies":[{"embeddable":true,"href":"https:\/\/www.legendyuvas.cz\/de\/wp-json\/wp\/v2\/comments?post=32253"}],"version-history":[{"count":0,"href":"https:\/\/www.legendyuvas.cz\/de\/wp-json\/wp\/v2\/product\/32253\/revisions"}],"wp:featuredmedia":[{"embeddable":true,"href":"https:\/\/www.legendyuvas.cz\/de\/wp-json\/wp\/v2\/media\/71633"}],"wp:attachment":[{"href":"https:\/\/www.legendyuvas.cz\/de\/wp-json\/wp\/v2\/media?parent=32253"}],"wp:term":[{"taxonomy":"product_brand","embeddable":true,"href":"https:\/\/www.legendyuvas.cz\/de\/wp-json\/wp\/v2\/product_brand?post=32253"},{"taxonomy":"product_cat","embeddable":true,"href":"https:\/\/www.legendyuvas.cz\/de\/wp-json\/wp\/v2\/product_cat?post=32253"},{"taxonomy":"product_tag","embeddable":true,"href":"https:\/\/www.legendyuvas.cz\/de\/wp-json\/wp\/v2\/product_tag?post=32253"}],"curies":[{"name":"wp","href":"https:\/\/api.w.org\/{rel}","templated":true}]}}