{"id":32285,"date":"2024-11-19T08:51:19","date_gmt":"2024-11-19T08:51:19","guid":{"rendered":"https:\/\/www.legendyuvas.cz\/produkt\/bmw-m4-csl-at\/"},"modified":"2025-12-27T00:02:39","modified_gmt":"2025-12-27T00:02:39","slug":"bmw-m4-csl-at","status":"publish","type":"product","link":"https:\/\/www.legendyuvas.cz\/de\/produkt\/bmw-m4-csl-at\/","title":{"rendered":"BMW M4 CSL (AT)"},"content":{"rendered":"<h1>Deutsche Symphonie aus Kraft und Eleganz<\/h1>\n<p>Den BMW M4 CSL zu fahren ist wie ein <strong>k\u00fcnstlerischer Tanz zwischen der Stra\u00dfe und dir<\/strong>. Du sp\u00fcrst jede Vibration des Wagens, jede Ber\u00fchrung des Pedals und jede Kurve, die du mit der <strong>pr\u00e4zisen Lenkung<\/strong> immer wieder meisterst. Der unvergessliche Sound des Motors dringt in dein Herz und steigert dein <strong>Gef\u00fchl der Erregung<\/strong>.<\/p>\n<p><iframe title=\"BMW M day na okruhu\" width=\"800\" height=\"450\" src=\"https:\/\/www.youtube.com\/embed\/cllb0nl59Kk?feature=oembed&#038;enablejsapi=1&#038;origin=https:\/\/www.legendyuvas.cz\" frameborder=\"0\" allow=\"accelerometer; autoplay; clipboard-write; encrypted-media; gyroscope; picture-in-picture; web-share\" referrerpolicy=\"strict-origin-when-cross-origin\" allowfullscreen><\/iframe><\/p>\n<p>Das Design des BMW M4 CSL ist voll von Aggressivit\u00e4t und <strong>Spitzenaerodynamik<\/strong>. Jedes Detail des Fahrzeugs wurde sorgf\u00e4ltig durchdacht und auf maximale Leistung und optische Verbl\u00fcffung ausgelegt. Die sportliche Karosserie, die aggressive Motorhaube und die markanten aerodynamischen Elemente schaffen einen unverwechselbaren Look, der Kraft und Dynamik ausstrahlt.<\/p>\n<p>Der BMW M4 CSL ist der ultimative Sportwagen, der unmittelbare Leistung, perfekte Dynamik und elegantes Design vereint. Er ist ein Auto, das <strong>Ihre Erwartungen definiert<\/strong>, sie erf\u00fcllt und das Erlebnis sofort auf ein neues Niveau hebt.<\/p>\n<p>Unter der Haube dieser Maschine befindet sich ein leistungsstarker und innovativer Motor, der explosive Kraft erzeugt. Dank pr\u00e4ziser Abstimmung, <strong>Automatikgetriebe (ZF)<\/strong> und leistungsf\u00e4higer Technologien liefert der BMW M4 CSL <strong>beeindruckende 550 PS<\/strong>, mit denen Sie extreme Geschwindigkeiten und Beschleunigungen erreichen. Von 0 auf 100 km\/h in <strong>3,7 Sekunden<\/strong>.<\/p>\n<p><img fetchpriority=\"high\" decoding=\"async\" class=\"alignnone wp-image-359 size-large\" src=\"https:\/\/www.legendyuvas.cz\/wp-content\/uploads\/2023\/06\/C5D_5395-min-1024x683.jpg\" alt=\"\" width=\"800\" height=\"534\" srcset=\"https:\/\/www.legendyuvas.cz\/wp-content\/uploads\/2023\/06\/C5D_5395-min-1024x683.jpg 1024w, https:\/\/www.legendyuvas.cz\/wp-content\/uploads\/2023\/06\/C5D_5395-min-300x200.jpg 300w, https:\/\/www.legendyuvas.cz\/wp-content\/uploads\/2023\/06\/C5D_5395-min-768x512.jpg 768w, https:\/\/www.legendyuvas.cz\/wp-content\/uploads\/2023\/06\/C5D_5395-min-1536x1024.jpg 1536w, https:\/\/www.legendyuvas.cz\/wp-content\/uploads\/2023\/06\/C5D_5395-min-2048x1365.jpg 2048w, https:\/\/www.legendyuvas.cz\/wp-content\/uploads\/2023\/06\/C5D_5395-min-600x400.jpg 600w\" sizes=\"(max-width: 800px) 100vw, 800px\" \/><\/p>\n<p>&nbsp;<\/p>\n<p>Geben Sie Ihren Liebsten die Gelegenheit, dieses Meisterwerk zu erleben. Der BMW M4 CSL ist ein Symbol f\u00fcr Exzellenz und <strong>Lust am Fahren<\/strong>. Es ist ein Erlebnis, das ein unausl\u00f6schliches Gef\u00fchl im Herzen eines jeden Autoliebhabers hinterlassen wird. Klicken Sie unten, um dieses unglaubliche Erlebnis noch heute zu buchen.<\/p>\n","protected":false},"excerpt":{"rendered":"<p>Alle unsere Autos <strong>k\u00f6nnen Sie selbst fahren<\/strong> oder als Beifahrer bei einem Rennfahrer mitfahren.<\/p>\n","protected":false},"featured_media":41373,"comment_status":"open","ping_status":"closed","template":"","meta":[],"product_brand":[],"product_cat":[451],"product_tag":[],"class_list":{"0":"post-32285","1":"product","2":"type-product","3":"status-publish","4":"has-post-thumbnail","6":"product_cat-auta","8":"first","9":"instock","10":"shipping-taxable","11":"purchasable","12":"product-type-variable"},"yoast_head":"<!-- This site is optimized with the Yoast SEO plugin v24.8.1 - https:\/\/yoast.com\/wordpress\/plugins\/seo\/ -->\n<title>BMW M4 CSL (AT) - Legendy U V\u00e1s<\/title>\n<meta name=\"description\" content=\"Adrenalin-Erlebnis mit Legends U V\u00e1s - ein originelles Geschenk nicht nur f\u00fcr M\u00e4nner und Autoliebhaber. Fahren in Sportwagen (Ferrari, Lamborghini, Porsche, ...) auf der Rennstrecke und Bezirk.\" \/>\n<meta name=\"robots\" content=\"index, follow, max-snippet:-1, max-image-preview:large, max-video-preview:-1\" \/>\n<link rel=\"canonical\" href=\"https:\/\/www.legendyuvas.cz\/produkt\/zazitkova-jizda-v-bmw-m4-csl\/\" \/>\n<meta property=\"og:locale\" content=\"de_DE\" \/>\n<meta property=\"og:type\" content=\"article\" \/>\n<meta property=\"og:title\" content=\"BMW M4 CSL (AT) - Legendy U V\u00e1s\" \/>\n<meta property=\"og:description\" content=\"Adrenalin-Erlebnis mit Legends U V\u00e1s - ein originelles Geschenk nicht nur f\u00fcr M\u00e4nner und Autoliebhaber. Fahren in Sportwagen (Ferrari, Lamborghini, Porsche, ...) auf der Rennstrecke und Bezirk.\" \/>\n<meta property=\"og:url\" content=\"https:\/\/www.legendyuvas.cz\/produkt\/zazitkova-jizda-v-bmw-m4-csl\/\" \/>\n<meta property=\"og:site_name\" content=\"Legendy U V\u00e1s\" \/>\n<meta property=\"article:publisher\" content=\"https:\/\/www.facebook.com\/autolegendyuvas\" \/>\n<meta property=\"article:modified_time\" content=\"2025-12-27T00:02:39+00:00\" \/>\n<meta property=\"og:image\" content=\"https:\/\/www.legendyuvas.cz\/wp-content\/uploads\/2024\/11\/IMG_9371-01-1536x1024-1.webp\" \/>\n\t<meta property=\"og:image:width\" content=\"1536\" \/>\n\t<meta property=\"og:image:height\" content=\"1024\" \/>\n\t<meta property=\"og:image:type\" content=\"image\/webp\" \/>\n<meta name=\"twitter:card\" content=\"summary_large_image\" \/>\n<meta name=\"twitter:label1\" content=\"Gesch\u00e4tzte Lesezeit\" \/>\n\t<meta name=\"twitter:data1\" content=\"1\u00a0Minute\" \/>\n<script type=\"application\/ld+json\" class=\"yoast-schema-graph\">{\"@context\":\"https:\/\/schema.org\",\"@graph\":[{\"@type\":\"WebPage\",\"@id\":\"https:\/\/www.legendyuvas.cz\/produkt\/zazitkova-jizda-v-bmw-m4-csl\/\",\"url\":\"https:\/\/www.legendyuvas.cz\/produkt\/zazitkova-jizda-v-bmw-m4-csl\/\",\"name\":\"BMW M4 CSL (AT) - Legendy U V\u00e1s\",\"isPartOf\":{\"@id\":\"https:\/\/www.legendyuvas.cz\/#website\"},\"primaryImageOfPage\":{\"@id\":\"https:\/\/www.legendyuvas.cz\/produkt\/zazitkova-jizda-v-bmw-m4-csl\/#primaryimage\"},\"image\":{\"@id\":\"https:\/\/www.legendyuvas.cz\/produkt\/zazitkova-jizda-v-bmw-m4-csl\/#primaryimage\"},\"thumbnailUrl\":\"https:\/\/www.legendyuvas.cz\/wp-content\/uploads\/2024\/11\/IMG_9371-01-1536x1024-1-1.webp\",\"datePublished\":\"2024-11-19T08:51:19+00:00\",\"dateModified\":\"2025-12-27T00:02:39+00:00\",\"description\":\"Adrenalin-Erlebnis mit Legends U V\u00e1s - ein originelles Geschenk nicht nur f\u00fcr M\u00e4nner und Autoliebhaber. Fahren in Sportwagen (Ferrari, Lamborghini, Porsche, ...) auf der Rennstrecke und Bezirk.\",\"breadcrumb\":{\"@id\":\"https:\/\/www.legendyuvas.cz\/produkt\/zazitkova-jizda-v-bmw-m4-csl\/#breadcrumb\"},\"inLanguage\":\"de\",\"potentialAction\":[{\"@type\":\"ReadAction\",\"target\":[\"https:\/\/www.legendyuvas.cz\/produkt\/zazitkova-jizda-v-bmw-m4-csl\/\"]}]},{\"@type\":\"ImageObject\",\"inLanguage\":\"de\",\"@id\":\"https:\/\/www.legendyuvas.cz\/produkt\/zazitkova-jizda-v-bmw-m4-csl\/#primaryimage\",\"url\":\"https:\/\/www.legendyuvas.cz\/wp-content\/uploads\/2024\/11\/IMG_9371-01-1536x1024-1-1.webp\",\"contentUrl\":\"https:\/\/www.legendyuvas.cz\/wp-content\/uploads\/2024\/11\/IMG_9371-01-1536x1024-1-1.webp\",\"width\":1536,\"height\":1024},{\"@type\":\"BreadcrumbList\",\"@id\":\"https:\/\/www.legendyuvas.cz\/produkt\/zazitkova-jizda-v-bmw-m4-csl\/#breadcrumb\",\"itemListElement\":[{\"@type\":\"ListItem\",\"position\":1,\"name\":\"Dom\u016f\",\"item\":\"https:\/\/www.legendyuvas.cz\/\"},{\"@type\":\"ListItem\",\"position\":2,\"name\":\"Shop\",\"item\":\"https:\/\/www.legendyuvas.cz\/de\/shop\/\"},{\"@type\":\"ListItem\",\"position\":3,\"name\":\"BMW M4 CSL (AT)\"}]},{\"@type\":\"WebSite\",\"@id\":\"https:\/\/www.legendyuvas.cz\/#website\",\"url\":\"https:\/\/www.legendyuvas.cz\/\",\"name\":\"Legendy U V\u00e1s\",\"description\":\"Dechberouc\u00ed z\u00e1\u017eitky v autech a motork\u00e1ch\",\"publisher\":{\"@id\":\"https:\/\/www.legendyuvas.cz\/#organization\"},\"potentialAction\":[{\"@type\":\"SearchAction\",\"target\":{\"@type\":\"EntryPoint\",\"urlTemplate\":\"https:\/\/www.legendyuvas.cz\/?s={search_term_string}\"},\"query-input\":{\"@type\":\"PropertyValueSpecification\",\"valueRequired\":true,\"valueName\":\"search_term_string\"}}],\"inLanguage\":\"de\"},{\"@type\":\"Organization\",\"@id\":\"https:\/\/www.legendyuvas.cz\/#organization\",\"name\":\"Bontex2 s.r.o.\",\"url\":\"https:\/\/www.legendyuvas.cz\/\",\"logo\":{\"@type\":\"ImageObject\",\"inLanguage\":\"de\",\"@id\":\"https:\/\/www.legendyuvas.cz\/#\/schema\/logo\/image\/\",\"url\":\"https:\/\/www.legendyuvas.cz\/wp-content\/uploads\/2021\/03\/Legendy-u-Vas.jpg\",\"contentUrl\":\"https:\/\/www.legendyuvas.cz\/wp-content\/uploads\/2021\/03\/Legendy-u-Vas.jpg\",\"width\":400,\"height\":240,\"caption\":\"Bontex2 s.r.o.\"},\"image\":{\"@id\":\"https:\/\/www.legendyuvas.cz\/#\/schema\/logo\/image\/\"},\"sameAs\":[\"https:\/\/www.facebook.com\/autolegendyuvas\",\"https:\/\/www.facebook.com\/motolegendyuvas\",\"https:\/\/www.instagram.com\/autolegendyuvas\/\",\"https:\/\/www.instagram.com\/motolegendyuvas\/\"]}]}<\/script>\n<!-- \/ Yoast SEO plugin. -->","yoast_head_json":{"title":"BMW M4 CSL (AT) - Legendy U V\u00e1s","description":"Adrenalin-Erlebnis mit Legends U V\u00e1s - ein originelles Geschenk nicht nur f\u00fcr M\u00e4nner und Autoliebhaber. Fahren in Sportwagen (Ferrari, Lamborghini, Porsche, ...) auf der Rennstrecke und Bezirk.","robots":{"index":"index","follow":"follow","max-snippet":"max-snippet:-1","max-image-preview":"max-image-preview:large","max-video-preview":"max-video-preview:-1"},"canonical":"https:\/\/www.legendyuvas.cz\/produkt\/zazitkova-jizda-v-bmw-m4-csl\/","og_locale":"de_DE","og_type":"article","og_title":"BMW M4 CSL (AT) - Legendy U V\u00e1s","og_description":"Adrenalin-Erlebnis mit Legends U V\u00e1s - ein originelles Geschenk nicht nur f\u00fcr M\u00e4nner und Autoliebhaber. Fahren in Sportwagen (Ferrari, Lamborghini, Porsche, ...) auf der Rennstrecke und Bezirk.","og_url":"https:\/\/www.legendyuvas.cz\/produkt\/zazitkova-jizda-v-bmw-m4-csl\/","og_site_name":"Legendy U V\u00e1s","article_publisher":"https:\/\/www.facebook.com\/autolegendyuvas","article_modified_time":"2025-12-27T00:02:39+00:00","og_image":[{"width":1536,"height":1024,"url":"https:\/\/www.legendyuvas.cz\/wp-content\/uploads\/2024\/11\/IMG_9371-01-1536x1024-1.webp","type":"image\/webp"}],"twitter_card":"summary_large_image","twitter_misc":{"Gesch\u00e4tzte Lesezeit":"1\u00a0Minute"},"schema":{"@context":"https:\/\/schema.org","@graph":[{"@type":"WebPage","@id":"https:\/\/www.legendyuvas.cz\/produkt\/zazitkova-jizda-v-bmw-m4-csl\/","url":"https:\/\/www.legendyuvas.cz\/produkt\/zazitkova-jizda-v-bmw-m4-csl\/","name":"BMW M4 CSL (AT) - Legendy U V\u00e1s","isPartOf":{"@id":"https:\/\/www.legendyuvas.cz\/#website"},"primaryImageOfPage":{"@id":"https:\/\/www.legendyuvas.cz\/produkt\/zazitkova-jizda-v-bmw-m4-csl\/#primaryimage"},"image":{"@id":"https:\/\/www.legendyuvas.cz\/produkt\/zazitkova-jizda-v-bmw-m4-csl\/#primaryimage"},"thumbnailUrl":"https:\/\/www.legendyuvas.cz\/wp-content\/uploads\/2024\/11\/IMG_9371-01-1536x1024-1-1.webp","datePublished":"2024-11-19T08:51:19+00:00","dateModified":"2025-12-27T00:02:39+00:00","description":"Adrenalin-Erlebnis mit Legends U V\u00e1s - ein originelles Geschenk nicht nur f\u00fcr M\u00e4nner und Autoliebhaber. Fahren in Sportwagen (Ferrari, Lamborghini, Porsche, ...) auf der Rennstrecke und Bezirk.","breadcrumb":{"@id":"https:\/\/www.legendyuvas.cz\/produkt\/zazitkova-jizda-v-bmw-m4-csl\/#breadcrumb"},"inLanguage":"de","potentialAction":[{"@type":"ReadAction","target":["https:\/\/www.legendyuvas.cz\/produkt\/zazitkova-jizda-v-bmw-m4-csl\/"]}]},{"@type":"ImageObject","inLanguage":"de","@id":"https:\/\/www.legendyuvas.cz\/produkt\/zazitkova-jizda-v-bmw-m4-csl\/#primaryimage","url":"https:\/\/www.legendyuvas.cz\/wp-content\/uploads\/2024\/11\/IMG_9371-01-1536x1024-1-1.webp","contentUrl":"https:\/\/www.legendyuvas.cz\/wp-content\/uploads\/2024\/11\/IMG_9371-01-1536x1024-1-1.webp","width":1536,"height":1024},{"@type":"BreadcrumbList","@id":"https:\/\/www.legendyuvas.cz\/produkt\/zazitkova-jizda-v-bmw-m4-csl\/#breadcrumb","itemListElement":[{"@type":"ListItem","position":1,"name":"Dom\u016f","item":"https:\/\/www.legendyuvas.cz\/"},{"@type":"ListItem","position":2,"name":"Shop","item":"https:\/\/www.legendyuvas.cz\/de\/shop\/"},{"@type":"ListItem","position":3,"name":"BMW M4 CSL (AT)"}]},{"@type":"WebSite","@id":"https:\/\/www.legendyuvas.cz\/#website","url":"https:\/\/www.legendyuvas.cz\/","name":"Legendy U V\u00e1s","description":"Dechberouc\u00ed z\u00e1\u017eitky v autech a motork\u00e1ch","publisher":{"@id":"https:\/\/www.legendyuvas.cz\/#organization"},"potentialAction":[{"@type":"SearchAction","target":{"@type":"EntryPoint","urlTemplate":"https:\/\/www.legendyuvas.cz\/?s={search_term_string}"},"query-input":{"@type":"PropertyValueSpecification","valueRequired":true,"valueName":"search_term_string"}}],"inLanguage":"de"},{"@type":"Organization","@id":"https:\/\/www.legendyuvas.cz\/#organization","name":"Bontex2 s.r.o.","url":"https:\/\/www.legendyuvas.cz\/","logo":{"@type":"ImageObject","inLanguage":"de","@id":"https:\/\/www.legendyuvas.cz\/#\/schema\/logo\/image\/","url":"https:\/\/www.legendyuvas.cz\/wp-content\/uploads\/2021\/03\/Legendy-u-Vas.jpg","contentUrl":"https:\/\/www.legendyuvas.cz\/wp-content\/uploads\/2021\/03\/Legendy-u-Vas.jpg","width":400,"height":240,"caption":"Bontex2 s.r.o."},"image":{"@id":"https:\/\/www.legendyuvas.cz\/#\/schema\/logo\/image\/"},"sameAs":["https:\/\/www.facebook.com\/autolegendyuvas","https:\/\/www.facebook.com\/motolegendyuvas","https:\/\/www.instagram.com\/autolegendyuvas\/","https:\/\/www.instagram.com\/motolegendyuvas\/"]}]}},"_links":{"self":[{"href":"https:\/\/www.legendyuvas.cz\/de\/wp-json\/wp\/v2\/product\/32285","targetHints":{"allow":["GET"]}}],"collection":[{"href":"https:\/\/www.legendyuvas.cz\/de\/wp-json\/wp\/v2\/product"}],"about":[{"href":"https:\/\/www.legendyuvas.cz\/de\/wp-json\/wp\/v2\/types\/product"}],"replies":[{"embeddable":true,"href":"https:\/\/www.legendyuvas.cz\/de\/wp-json\/wp\/v2\/comments?post=32285"}],"version-history":[{"count":0,"href":"https:\/\/www.legendyuvas.cz\/de\/wp-json\/wp\/v2\/product\/32285\/revisions"}],"wp:featuredmedia":[{"embeddable":true,"href":"https:\/\/www.legendyuvas.cz\/de\/wp-json\/wp\/v2\/media\/41373"}],"wp:attachment":[{"href":"https:\/\/www.legendyuvas.cz\/de\/wp-json\/wp\/v2\/media?parent=32285"}],"wp:term":[{"taxonomy":"product_brand","embeddable":true,"href":"https:\/\/www.legendyuvas.cz\/de\/wp-json\/wp\/v2\/product_brand?post=32285"},{"taxonomy":"product_cat","embeddable":true,"href":"https:\/\/www.legendyuvas.cz\/de\/wp-json\/wp\/v2\/product_cat?post=32285"},{"taxonomy":"product_tag","embeddable":true,"href":"https:\/\/www.legendyuvas.cz\/de\/wp-json\/wp\/v2\/product_tag?post=32285"}],"curies":[{"name":"wp","href":"https:\/\/api.w.org\/{rel}","templated":true}]}}