{"id":32294,"date":"2025-02-06T14:43:39","date_gmt":"2025-02-06T14:43:39","guid":{"rendered":"https:\/\/www.legendyuvas.cz\/produkt\/universal-autogutschein-2\/"},"modified":"2024-12-17T08:47:39","modified_gmt":"2024-12-17T08:47:39","slug":"universal-autogutschein-2","status":"publish","type":"product","link":"https:\/\/www.legendyuvas.cz\/de\/produkt\/universal-autogutschein-2\/","title":{"rendered":"UNIVERSAL-AUTOGUTSCHEIN"},"content":{"rendered":"<h2>SURPRISE GIFT!<\/h2>\n<p><b>Wollen<\/b> Sie eine Erlebnisfahrt verschenken, wissen aber <strong>nicht<\/strong>, welches Auto Sie w\u00e4hlen sollen? Dann ist der Universalgutschein genau das Richtige f\u00fcr Sie! W\u00e4hlen Sie einfach den Betrag aus und der Rest liegt in der Hand des Beschenkten. Mit diesem Geschenk machst du garantiert <strong>keinen Fehler<\/strong>.<\/p>\n<p><img fetchpriority=\"high\" decoding=\"async\" class=\"alignnone size-medium wp-image-1284\" src=\"http:\/\/www.gogi.cz\/wp-content\/uploads\/2023\/07\/zazitky-images-300x231.png\" alt=\"\" width=\"300\" height=\"231\" srcset=\"https:\/\/www.legendyuvas.cz\/wp-content\/uploads\/2023\/07\/zazitky-images-300x231.png 300w, https:\/\/www.legendyuvas.cz\/wp-content\/uploads\/2023\/07\/zazitky-images-1024x788.png 1024w, https:\/\/www.legendyuvas.cz\/wp-content\/uploads\/2023\/07\/zazitky-images-768x591.png 768w, https:\/\/www.legendyuvas.cz\/wp-content\/uploads\/2023\/07\/zazitky-images-600x462.png 600w, https:\/\/www.legendyuvas.cz\/wp-content\/uploads\/2023\/07\/zazitky-images.png 1300w\" sizes=\"(max-width: 300px) 100vw, 300px\" \/><\/p>\n<p>Der Beschenkte w\u00e4hlt dann das Auto, den Ort und ggf. die Anzahl der R\u00e4der <strong>nach eigenem Ermessen aus.<\/strong> W\u00e4hlt er eine Option, die teurer ist als der Betrag auf dem Gutschein, kann er den Restbetrag bezahlen und seine Traumfahrt genie\u00dfen. Der Beschenkte kann den Gutschein auch f\u00fcr mehrere Autos einl\u00f6sen. Die M\u00f6glichkeiten der Einl\u00f6sung sind vielf\u00e4ltig.<\/p>\n","protected":false},"excerpt":{"rendered":"<p>Alle unsere Autos <strong>k\u00f6nnen Sie selbst fahren<\/strong> oder als Beifahrer bei einem Rennfahrer mitfahren.<\/p>\n","protected":false},"featured_media":26178,"comment_status":"open","ping_status":"closed","template":"","meta":[],"product_brand":[],"product_cat":[451],"product_tag":[],"class_list":{"0":"post-32294","1":"product","2":"type-product","3":"status-publish","4":"has-post-thumbnail","6":"product_cat-auta","8":"first","9":"instock","10":"shipping-taxable","11":"purchasable","12":"product-type-variable"},"yoast_head":"<!-- This site is optimized with the Yoast SEO plugin v24.8.1 - https:\/\/yoast.com\/wordpress\/plugins\/seo\/ -->\n<title>UNIVERSAL-AUTOGUTSCHEIN - Legendy U V\u00e1s<\/title>\n<meta name=\"robots\" content=\"index, follow, max-snippet:-1, max-image-preview:large, max-video-preview:-1\" \/>\n<link rel=\"canonical\" href=\"https:\/\/www.legendyuvas.cz\/produkt\/univerzalni-poukaz-auta-eur\/\" \/>\n<meta property=\"og:locale\" content=\"de_DE\" \/>\n<meta property=\"og:type\" content=\"article\" \/>\n<meta property=\"og:title\" content=\"UNIVERSAL-AUTOGUTSCHEIN - Legendy U V\u00e1s\" \/>\n<meta property=\"og:description\" content=\"Alle unsere Autos k\u00f6nnen Sie selbst fahren oder als Beifahrer bei einem Rennfahrer mitfahren.\" \/>\n<meta property=\"og:url\" content=\"https:\/\/www.legendyuvas.cz\/produkt\/univerzalni-poukaz-auta-eur\/\" \/>\n<meta property=\"og:site_name\" content=\"Legendy U V\u00e1s\" \/>\n<meta property=\"article:publisher\" content=\"https:\/\/www.facebook.com\/autolegendyuvas\" \/>\n<meta property=\"og:image\" content=\"https:\/\/www.legendyuvas.cz\/wp-content\/uploads\/2023\/12\/InShot_20241115_102122962-scaled-e1731767372606.jpg\" \/>\n\t<meta property=\"og:image:width\" content=\"2560\" \/>\n\t<meta property=\"og:image:height\" content=\"1476\" \/>\n\t<meta property=\"og:image:type\" content=\"image\/jpeg\" \/>\n<meta name=\"twitter:card\" content=\"summary_large_image\" \/>\n<meta name=\"twitter:label1\" content=\"Gesch\u00e4tzte Lesezeit\" \/>\n\t<meta name=\"twitter:data1\" content=\"1\u00a0Minute\" \/>\n<script type=\"application\/ld+json\" class=\"yoast-schema-graph\">{\"@context\":\"https:\/\/schema.org\",\"@graph\":[{\"@type\":\"WebPage\",\"@id\":\"https:\/\/www.legendyuvas.cz\/produkt\/univerzalni-poukaz-auta-eur\/\",\"url\":\"https:\/\/www.legendyuvas.cz\/produkt\/univerzalni-poukaz-auta-eur\/\",\"name\":\"UNIVERSAL-AUTOGUTSCHEIN - Legendy U V\u00e1s\",\"isPartOf\":{\"@id\":\"https:\/\/www.legendyuvas.cz\/#website\"},\"primaryImageOfPage\":{\"@id\":\"https:\/\/www.legendyuvas.cz\/produkt\/univerzalni-poukaz-auta-eur\/#primaryimage\"},\"image\":{\"@id\":\"https:\/\/www.legendyuvas.cz\/produkt\/univerzalni-poukaz-auta-eur\/#primaryimage\"},\"thumbnailUrl\":\"https:\/\/www.legendyuvas.cz\/wp-content\/uploads\/2023\/12\/InShot_20241115_102122962-scaled-e1731767372606.jpg\",\"datePublished\":\"2025-02-06T14:43:39+00:00\",\"breadcrumb\":{\"@id\":\"https:\/\/www.legendyuvas.cz\/produkt\/univerzalni-poukaz-auta-eur\/#breadcrumb\"},\"inLanguage\":\"de\",\"potentialAction\":[{\"@type\":\"ReadAction\",\"target\":[\"https:\/\/www.legendyuvas.cz\/produkt\/univerzalni-poukaz-auta-eur\/\"]}]},{\"@type\":\"ImageObject\",\"inLanguage\":\"de\",\"@id\":\"https:\/\/www.legendyuvas.cz\/produkt\/univerzalni-poukaz-auta-eur\/#primaryimage\",\"url\":\"https:\/\/www.legendyuvas.cz\/wp-content\/uploads\/2023\/12\/InShot_20241115_102122962-scaled-e1731767372606.jpg\",\"contentUrl\":\"https:\/\/www.legendyuvas.cz\/wp-content\/uploads\/2023\/12\/InShot_20241115_102122962-scaled-e1731767372606.jpg\",\"width\":2560,\"height\":1476},{\"@type\":\"BreadcrumbList\",\"@id\":\"https:\/\/www.legendyuvas.cz\/produkt\/univerzalni-poukaz-auta-eur\/#breadcrumb\",\"itemListElement\":[{\"@type\":\"ListItem\",\"position\":1,\"name\":\"Dom\u016f\",\"item\":\"https:\/\/www.legendyuvas.cz\/\"},{\"@type\":\"ListItem\",\"position\":2,\"name\":\"Shop\",\"item\":\"https:\/\/www.legendyuvas.cz\/de\/shop\/\"},{\"@type\":\"ListItem\",\"position\":3,\"name\":\"UNIVERSAL-AUTOGUTSCHEIN\"}]},{\"@type\":\"WebSite\",\"@id\":\"https:\/\/www.legendyuvas.cz\/#website\",\"url\":\"https:\/\/www.legendyuvas.cz\/\",\"name\":\"Legendy U V\u00e1s\",\"description\":\"Dechberouc\u00ed z\u00e1\u017eitky v autech a motork\u00e1ch\",\"publisher\":{\"@id\":\"https:\/\/www.legendyuvas.cz\/#organization\"},\"potentialAction\":[{\"@type\":\"SearchAction\",\"target\":{\"@type\":\"EntryPoint\",\"urlTemplate\":\"https:\/\/www.legendyuvas.cz\/?s={search_term_string}\"},\"query-input\":{\"@type\":\"PropertyValueSpecification\",\"valueRequired\":true,\"valueName\":\"search_term_string\"}}],\"inLanguage\":\"de\"},{\"@type\":\"Organization\",\"@id\":\"https:\/\/www.legendyuvas.cz\/#organization\",\"name\":\"Bontex2 s.r.o.\",\"url\":\"https:\/\/www.legendyuvas.cz\/\",\"logo\":{\"@type\":\"ImageObject\",\"inLanguage\":\"de\",\"@id\":\"https:\/\/www.legendyuvas.cz\/#\/schema\/logo\/image\/\",\"url\":\"https:\/\/www.legendyuvas.cz\/wp-content\/uploads\/2021\/03\/Legendy-u-Vas.jpg\",\"contentUrl\":\"https:\/\/www.legendyuvas.cz\/wp-content\/uploads\/2021\/03\/Legendy-u-Vas.jpg\",\"width\":400,\"height\":240,\"caption\":\"Bontex2 s.r.o.\"},\"image\":{\"@id\":\"https:\/\/www.legendyuvas.cz\/#\/schema\/logo\/image\/\"},\"sameAs\":[\"https:\/\/www.facebook.com\/autolegendyuvas\",\"https:\/\/www.facebook.com\/motolegendyuvas\",\"https:\/\/www.instagram.com\/autolegendyuvas\/\",\"https:\/\/www.instagram.com\/motolegendyuvas\/\"]}]}<\/script>\n<!-- \/ Yoast SEO plugin. -->","yoast_head_json":{"title":"UNIVERSAL-AUTOGUTSCHEIN - Legendy U V\u00e1s","robots":{"index":"index","follow":"follow","max-snippet":"max-snippet:-1","max-image-preview":"max-image-preview:large","max-video-preview":"max-video-preview:-1"},"canonical":"https:\/\/www.legendyuvas.cz\/produkt\/univerzalni-poukaz-auta-eur\/","og_locale":"de_DE","og_type":"article","og_title":"UNIVERSAL-AUTOGUTSCHEIN - Legendy U V\u00e1s","og_description":"Alle unsere Autos k\u00f6nnen Sie selbst fahren oder als Beifahrer bei einem Rennfahrer mitfahren.","og_url":"https:\/\/www.legendyuvas.cz\/produkt\/univerzalni-poukaz-auta-eur\/","og_site_name":"Legendy U V\u00e1s","article_publisher":"https:\/\/www.facebook.com\/autolegendyuvas","og_image":[{"width":2560,"height":1476,"url":"https:\/\/www.legendyuvas.cz\/wp-content\/uploads\/2023\/12\/InShot_20241115_102122962-scaled-e1731767372606.jpg","type":"image\/jpeg"}],"twitter_card":"summary_large_image","twitter_misc":{"Gesch\u00e4tzte Lesezeit":"1\u00a0Minute"},"schema":{"@context":"https:\/\/schema.org","@graph":[{"@type":"WebPage","@id":"https:\/\/www.legendyuvas.cz\/produkt\/univerzalni-poukaz-auta-eur\/","url":"https:\/\/www.legendyuvas.cz\/produkt\/univerzalni-poukaz-auta-eur\/","name":"UNIVERSAL-AUTOGUTSCHEIN - Legendy U V\u00e1s","isPartOf":{"@id":"https:\/\/www.legendyuvas.cz\/#website"},"primaryImageOfPage":{"@id":"https:\/\/www.legendyuvas.cz\/produkt\/univerzalni-poukaz-auta-eur\/#primaryimage"},"image":{"@id":"https:\/\/www.legendyuvas.cz\/produkt\/univerzalni-poukaz-auta-eur\/#primaryimage"},"thumbnailUrl":"https:\/\/www.legendyuvas.cz\/wp-content\/uploads\/2023\/12\/InShot_20241115_102122962-scaled-e1731767372606.jpg","datePublished":"2025-02-06T14:43:39+00:00","breadcrumb":{"@id":"https:\/\/www.legendyuvas.cz\/produkt\/univerzalni-poukaz-auta-eur\/#breadcrumb"},"inLanguage":"de","potentialAction":[{"@type":"ReadAction","target":["https:\/\/www.legendyuvas.cz\/produkt\/univerzalni-poukaz-auta-eur\/"]}]},{"@type":"ImageObject","inLanguage":"de","@id":"https:\/\/www.legendyuvas.cz\/produkt\/univerzalni-poukaz-auta-eur\/#primaryimage","url":"https:\/\/www.legendyuvas.cz\/wp-content\/uploads\/2023\/12\/InShot_20241115_102122962-scaled-e1731767372606.jpg","contentUrl":"https:\/\/www.legendyuvas.cz\/wp-content\/uploads\/2023\/12\/InShot_20241115_102122962-scaled-e1731767372606.jpg","width":2560,"height":1476},{"@type":"BreadcrumbList","@id":"https:\/\/www.legendyuvas.cz\/produkt\/univerzalni-poukaz-auta-eur\/#breadcrumb","itemListElement":[{"@type":"ListItem","position":1,"name":"Dom\u016f","item":"https:\/\/www.legendyuvas.cz\/"},{"@type":"ListItem","position":2,"name":"Shop","item":"https:\/\/www.legendyuvas.cz\/de\/shop\/"},{"@type":"ListItem","position":3,"name":"UNIVERSAL-AUTOGUTSCHEIN"}]},{"@type":"WebSite","@id":"https:\/\/www.legendyuvas.cz\/#website","url":"https:\/\/www.legendyuvas.cz\/","name":"Legendy U V\u00e1s","description":"Dechberouc\u00ed z\u00e1\u017eitky v autech a motork\u00e1ch","publisher":{"@id":"https:\/\/www.legendyuvas.cz\/#organization"},"potentialAction":[{"@type":"SearchAction","target":{"@type":"EntryPoint","urlTemplate":"https:\/\/www.legendyuvas.cz\/?s={search_term_string}"},"query-input":{"@type":"PropertyValueSpecification","valueRequired":true,"valueName":"search_term_string"}}],"inLanguage":"de"},{"@type":"Organization","@id":"https:\/\/www.legendyuvas.cz\/#organization","name":"Bontex2 s.r.o.","url":"https:\/\/www.legendyuvas.cz\/","logo":{"@type":"ImageObject","inLanguage":"de","@id":"https:\/\/www.legendyuvas.cz\/#\/schema\/logo\/image\/","url":"https:\/\/www.legendyuvas.cz\/wp-content\/uploads\/2021\/03\/Legendy-u-Vas.jpg","contentUrl":"https:\/\/www.legendyuvas.cz\/wp-content\/uploads\/2021\/03\/Legendy-u-Vas.jpg","width":400,"height":240,"caption":"Bontex2 s.r.o."},"image":{"@id":"https:\/\/www.legendyuvas.cz\/#\/schema\/logo\/image\/"},"sameAs":["https:\/\/www.facebook.com\/autolegendyuvas","https:\/\/www.facebook.com\/motolegendyuvas","https:\/\/www.instagram.com\/autolegendyuvas\/","https:\/\/www.instagram.com\/motolegendyuvas\/"]}]}},"_links":{"self":[{"href":"https:\/\/www.legendyuvas.cz\/de\/wp-json\/wp\/v2\/product\/32294","targetHints":{"allow":["GET"]}}],"collection":[{"href":"https:\/\/www.legendyuvas.cz\/de\/wp-json\/wp\/v2\/product"}],"about":[{"href":"https:\/\/www.legendyuvas.cz\/de\/wp-json\/wp\/v2\/types\/product"}],"replies":[{"embeddable":true,"href":"https:\/\/www.legendyuvas.cz\/de\/wp-json\/wp\/v2\/comments?post=32294"}],"version-history":[{"count":0,"href":"https:\/\/www.legendyuvas.cz\/de\/wp-json\/wp\/v2\/product\/32294\/revisions"}],"wp:featuredmedia":[{"embeddable":true,"href":"https:\/\/www.legendyuvas.cz\/de\/wp-json\/wp\/v2\/media\/26178"}],"wp:attachment":[{"href":"https:\/\/www.legendyuvas.cz\/de\/wp-json\/wp\/v2\/media?parent=32294"}],"wp:term":[{"taxonomy":"product_brand","embeddable":true,"href":"https:\/\/www.legendyuvas.cz\/de\/wp-json\/wp\/v2\/product_brand?post=32294"},{"taxonomy":"product_cat","embeddable":true,"href":"https:\/\/www.legendyuvas.cz\/de\/wp-json\/wp\/v2\/product_cat?post=32294"},{"taxonomy":"product_tag","embeddable":true,"href":"https:\/\/www.legendyuvas.cz\/de\/wp-json\/wp\/v2\/product_tag?post=32294"}],"curies":[{"name":"wp","href":"https:\/\/api.w.org\/{rel}","templated":true}]}}