{"id":32297,"date":"2025-11-26T10:50:43","date_gmt":"2025-11-26T10:50:43","guid":{"rendered":"https:\/\/www.legendyuvas.cz\/produkt\/lamborghini-huracan-sto-at\/"},"modified":"2025-12-27T00:02:42","modified_gmt":"2025-12-27T00:02:42","slug":"lamborghini-huracan-sto-at","status":"publish","type":"product","link":"https:\/\/www.legendyuvas.cz\/de\/produkt\/lamborghini-huracan-sto-at\/","title":{"rendered":"Lamborghini Hurac\u00e1n STO (AT)"},"content":{"rendered":"<h1>Die Bestie aus Italien<\/h1>\n<p>Machen Sie sich bereit f\u00fcr ein <strong>unvergessliches Erlebnis<\/strong> hinter dem Steuer eines der exklusivsten und leistungsst\u00e4rksten <strong>Supersportwagen<\/strong> der Welt. Der Lamborghini Hurac\u00e1n STO ist f\u00fcr die Rennstrecke geboren und kombiniert <strong>atemberaubende<\/strong> Leistung mit pr\u00e4ziser Kontrolle. Das Herzst\u00fcck dieses Wagens ist ein 5,2-Liter <strong>V10<\/strong>-Motor, der unglaubliche <strong>640 PS<\/strong> produziert und eine Beschleunigungszeit von 0-100 km\/h von nur 3 Sekunden und eine H\u00f6chstgeschwindigkeit von \u00fcber 300 km\/h erm\u00f6glicht!<\/p>\n<p><img fetchpriority=\"high\" decoding=\"async\" class=\"aligncenter wp-image-12385 size-full\" src=\"https:\/\/www.legendyuvas.cz\/wp-content\/uploads\/2024\/11\/DSC08803-Edit-2-scaled.jpg\" alt=\"\" width=\"2560\" height=\"1707\" srcset=\"https:\/\/www.legendyuvas.cz\/wp-content\/uploads\/2024\/11\/DSC08803-Edit-2-scaled.jpg 2560w, https:\/\/www.legendyuvas.cz\/wp-content\/uploads\/2024\/11\/DSC08803-Edit-2-300x200.jpg 300w, https:\/\/www.legendyuvas.cz\/wp-content\/uploads\/2024\/11\/DSC08803-Edit-2-1024x683.jpg 1024w, https:\/\/www.legendyuvas.cz\/wp-content\/uploads\/2024\/11\/DSC08803-Edit-2-768x512.jpg 768w, https:\/\/www.legendyuvas.cz\/wp-content\/uploads\/2024\/11\/DSC08803-Edit-2-1536x1024.jpg 1536w, https:\/\/www.legendyuvas.cz\/wp-content\/uploads\/2024\/11\/DSC08803-Edit-2-2048x1365.jpg 2048w, https:\/\/www.legendyuvas.cz\/wp-content\/uploads\/2024\/11\/DSC08803-Edit-2-600x400.jpg 600w\" sizes=\"(max-width: 2560px) 100vw, 2560px\" \/><\/p>\n<p>Dieses Auto ist eine Sonderedition, inspiriert von <strong>Rennsporttechnologie<\/strong>. Leichte <strong>Kohlefaser<\/strong>&#8211;<strong>Konstruktion<\/strong>, Rennsport-Aerodynamik und kompromisslose Bremsen lassen Sie das <strong>unverf\u00e4lschte Gef\u00fchl<\/strong> des Rennsports erleben. Ob Sie sich hinter das Steuer setzen oder als Beifahrer eine adrenalingeladene Fahrt genie\u00dfen, Sie werden Zeuge purer <strong>automobiler Perfektion<\/strong>.<\/p>\n<p>&nbsp;<\/p>\n<h1><img decoding=\"async\" class=\"aligncenter wp-image-12386 size-full\" src=\"https:\/\/www.legendyuvas.cz\/wp-content\/uploads\/2024\/11\/DSC09971-Enhanced-NR-scaled.jpg\" alt=\"\" width=\"2560\" height=\"1707\" srcset=\"https:\/\/www.legendyuvas.cz\/wp-content\/uploads\/2024\/11\/DSC09971-Enhanced-NR-scaled.jpg 2560w, https:\/\/www.legendyuvas.cz\/wp-content\/uploads\/2024\/11\/DSC09971-Enhanced-NR-300x200.jpg 300w, https:\/\/www.legendyuvas.cz\/wp-content\/uploads\/2024\/11\/DSC09971-Enhanced-NR-1024x683.jpg 1024w, https:\/\/www.legendyuvas.cz\/wp-content\/uploads\/2024\/11\/DSC09971-Enhanced-NR-768x512.jpg 768w, https:\/\/www.legendyuvas.cz\/wp-content\/uploads\/2024\/11\/DSC09971-Enhanced-NR-1536x1024.jpg 1536w, https:\/\/www.legendyuvas.cz\/wp-content\/uploads\/2024\/11\/DSC09971-Enhanced-NR-2048x1365.jpg 2048w, https:\/\/www.legendyuvas.cz\/wp-content\/uploads\/2024\/11\/DSC09971-Enhanced-NR-600x400.jpg 600w\" sizes=\"(max-width: 2560px) 100vw, 2560px\" \/><\/h1>\n<p>Machen Sie sich bereit f\u00fcr ein <strong>einzigartiges Erlebnis,<\/strong> das Ihr Blut in Wallung bringen wird. Begeben Sie sich auf die Rennstrecke und \u00fcbernehmen Sie die Kontrolle \u00fcber dieses Biest, das Ihnen auf jeder Geraden und in jeder Kurve das <strong>Gewinngef\u00fchl<\/strong> geben wird. F\u00fcr Liebhaber von Geschwindigkeit und extremer Leistung ist dies das ultimative Erlebnis, das sie <strong>niemals vergessen werden!<\/strong><\/p>\n<p>&nbsp;<\/p>\n","protected":false},"excerpt":{"rendered":"<p>Alle unsere Autos <strong>k\u00f6nnen Sie selbst fahren<\/strong> oder als Beifahrer bei einem Rennfahrer mitfahren.<\/p>\n<p>\ud83d\udc49 Sie gehen kein Risiko ein. Sie k\u00f6nnen das Erlebnis bis zum 15. Januar KOSTENLOS umtauschen oder vollst\u00e4ndig zur\u00fcckgeben, und wir erstatten Ihnen umgehend Ihr Geld zur\u00fcck. \ud83c\udf81<\/p>\n<p>G\u00fcltig f\u00fcr Eink\u00e4ufe vom 1.11. bis 31.12.2025.<\/p>\n","protected":false},"featured_media":41227,"comment_status":"open","ping_status":"closed","template":"","meta":[],"product_brand":[],"product_cat":[451],"product_tag":[],"class_list":{"0":"post-32297","1":"product","2":"type-product","3":"status-publish","4":"has-post-thumbnail","6":"product_cat-auta","8":"first","9":"instock","10":"shipping-taxable","11":"purchasable","12":"product-type-variable"},"yoast_head":"<!-- This site is optimized with the Yoast SEO plugin v24.8.1 - https:\/\/yoast.com\/wordpress\/plugins\/seo\/ -->\n<title>Lamborghini Hurac\u00e1n STO (AT) - Legendy U V\u00e1s<\/title>\n<meta name=\"description\" content=\"Adrenalin-Erlebnis mit Legendy U V\u00e1s - ein originelles Geschenk nicht nur f\u00fcr M\u00e4nner und Autoliebhaber. Fahren in Sportwagen (Ferrari, Lamborghini, Porsche, ...) auf der Rennstrecke und den Landstra\u00dfen.\" \/>\n<meta name=\"robots\" content=\"index, follow, max-snippet:-1, max-image-preview:large, max-video-preview:-1\" \/>\n<link rel=\"canonical\" href=\"https:\/\/www.legendyuvas.cz\/de\/produkt\/lamborghini-huracan-sto-at\/\" \/>\n<meta property=\"og:locale\" content=\"de_DE\" \/>\n<meta property=\"og:type\" content=\"article\" \/>\n<meta property=\"og:title\" content=\"Lamborghini Hurac\u00e1n STO (AT) - Legendy U V\u00e1s\" \/>\n<meta property=\"og:description\" content=\"Adrenalin-Erlebnis mit Legendy U V\u00e1s - ein originelles Geschenk nicht nur f\u00fcr M\u00e4nner und Autoliebhaber. Fahren in Sportwagen (Ferrari, Lamborghini, Porsche, ...) auf der Rennstrecke und den Landstra\u00dfen.\" \/>\n<meta property=\"og:url\" content=\"https:\/\/www.legendyuvas.cz\/de\/produkt\/lamborghini-huracan-sto-at\/\" \/>\n<meta property=\"og:site_name\" content=\"Legendy U V\u00e1s\" \/>\n<meta property=\"article:publisher\" content=\"https:\/\/www.facebook.com\/autolegendyuvas\" \/>\n<meta property=\"article:modified_time\" content=\"2025-12-27T00:02:42+00:00\" \/>\n<meta property=\"og:image\" content=\"https:\/\/www.legendyuvas.cz\/wp-content\/uploads\/2025\/11\/nahledovka-2-scaled-1.webp\" \/>\n\t<meta property=\"og:image:width\" content=\"2560\" \/>\n\t<meta property=\"og:image:height\" content=\"1707\" \/>\n\t<meta property=\"og:image:type\" content=\"image\/webp\" \/>\n<meta name=\"twitter:card\" content=\"summary_large_image\" \/>\n<meta name=\"twitter:label1\" content=\"Gesch\u00e4tzte Lesezeit\" \/>\n\t<meta name=\"twitter:data1\" content=\"1\u00a0Minute\" \/>\n<script type=\"application\/ld+json\" class=\"yoast-schema-graph\">{\"@context\":\"https:\/\/schema.org\",\"@graph\":[{\"@type\":\"WebPage\",\"@id\":\"https:\/\/www.legendyuvas.cz\/de\/produkt\/lamborghini-huracan-sto-at\/\",\"url\":\"https:\/\/www.legendyuvas.cz\/de\/produkt\/lamborghini-huracan-sto-at\/\",\"name\":\"Lamborghini Hurac\u00e1n STO (AT) - Legendy U V\u00e1s\",\"isPartOf\":{\"@id\":\"https:\/\/www.legendyuvas.cz\/#website\"},\"primaryImageOfPage\":{\"@id\":\"https:\/\/www.legendyuvas.cz\/de\/produkt\/lamborghini-huracan-sto-at\/#primaryimage\"},\"image\":{\"@id\":\"https:\/\/www.legendyuvas.cz\/de\/produkt\/lamborghini-huracan-sto-at\/#primaryimage\"},\"thumbnailUrl\":\"https:\/\/www.legendyuvas.cz\/wp-content\/uploads\/2025\/11\/nahledovka-2-scaled-1.webp\",\"datePublished\":\"2025-11-26T10:50:43+00:00\",\"dateModified\":\"2025-12-27T00:02:42+00:00\",\"description\":\"Adrenalin-Erlebnis mit Legendy U V\u00e1s - ein originelles Geschenk nicht nur f\u00fcr M\u00e4nner und Autoliebhaber. Fahren in Sportwagen (Ferrari, Lamborghini, Porsche, ...) auf der Rennstrecke und den Landstra\u00dfen.\",\"breadcrumb\":{\"@id\":\"https:\/\/www.legendyuvas.cz\/de\/produkt\/lamborghini-huracan-sto-at\/#breadcrumb\"},\"inLanguage\":\"de\",\"potentialAction\":[{\"@type\":\"ReadAction\",\"target\":[\"https:\/\/www.legendyuvas.cz\/de\/produkt\/lamborghini-huracan-sto-at\/\"]}]},{\"@type\":\"ImageObject\",\"inLanguage\":\"de\",\"@id\":\"https:\/\/www.legendyuvas.cz\/de\/produkt\/lamborghini-huracan-sto-at\/#primaryimage\",\"url\":\"https:\/\/www.legendyuvas.cz\/wp-content\/uploads\/2025\/11\/nahledovka-2-scaled-1.webp\",\"contentUrl\":\"https:\/\/www.legendyuvas.cz\/wp-content\/uploads\/2025\/11\/nahledovka-2-scaled-1.webp\",\"width\":2560,\"height\":1707},{\"@type\":\"BreadcrumbList\",\"@id\":\"https:\/\/www.legendyuvas.cz\/de\/produkt\/lamborghini-huracan-sto-at\/#breadcrumb\",\"itemListElement\":[{\"@type\":\"ListItem\",\"position\":1,\"name\":\"Dom\u016f\",\"item\":\"https:\/\/www.legendyuvas.cz\/\"},{\"@type\":\"ListItem\",\"position\":2,\"name\":\"Shop\",\"item\":\"https:\/\/www.legendyuvas.cz\/de\/shop\/\"},{\"@type\":\"ListItem\",\"position\":3,\"name\":\"Lamborghini Hurac\u00e1n STO (AT)\"}]},{\"@type\":\"WebSite\",\"@id\":\"https:\/\/www.legendyuvas.cz\/#website\",\"url\":\"https:\/\/www.legendyuvas.cz\/\",\"name\":\"Legendy U V\u00e1s\",\"description\":\"Dechberouc\u00ed z\u00e1\u017eitky v autech a motork\u00e1ch\",\"publisher\":{\"@id\":\"https:\/\/www.legendyuvas.cz\/#organization\"},\"potentialAction\":[{\"@type\":\"SearchAction\",\"target\":{\"@type\":\"EntryPoint\",\"urlTemplate\":\"https:\/\/www.legendyuvas.cz\/?s={search_term_string}\"},\"query-input\":{\"@type\":\"PropertyValueSpecification\",\"valueRequired\":true,\"valueName\":\"search_term_string\"}}],\"inLanguage\":\"de\"},{\"@type\":\"Organization\",\"@id\":\"https:\/\/www.legendyuvas.cz\/#organization\",\"name\":\"Bontex2 s.r.o.\",\"url\":\"https:\/\/www.legendyuvas.cz\/\",\"logo\":{\"@type\":\"ImageObject\",\"inLanguage\":\"de\",\"@id\":\"https:\/\/www.legendyuvas.cz\/#\/schema\/logo\/image\/\",\"url\":\"https:\/\/www.legendyuvas.cz\/wp-content\/uploads\/2021\/03\/Legendy-u-Vas.jpg\",\"contentUrl\":\"https:\/\/www.legendyuvas.cz\/wp-content\/uploads\/2021\/03\/Legendy-u-Vas.jpg\",\"width\":400,\"height\":240,\"caption\":\"Bontex2 s.r.o.\"},\"image\":{\"@id\":\"https:\/\/www.legendyuvas.cz\/#\/schema\/logo\/image\/\"},\"sameAs\":[\"https:\/\/www.facebook.com\/autolegendyuvas\",\"https:\/\/www.facebook.com\/motolegendyuvas\",\"https:\/\/www.instagram.com\/autolegendyuvas\/\",\"https:\/\/www.instagram.com\/motolegendyuvas\/\"]}]}<\/script>\n<!-- \/ Yoast SEO plugin. -->","yoast_head_json":{"title":"Lamborghini Hurac\u00e1n STO (AT) - Legendy U V\u00e1s","description":"Adrenalin-Erlebnis mit Legendy U V\u00e1s - ein originelles Geschenk nicht nur f\u00fcr M\u00e4nner und Autoliebhaber. Fahren in Sportwagen (Ferrari, Lamborghini, Porsche, ...) auf der Rennstrecke und den Landstra\u00dfen.","robots":{"index":"index","follow":"follow","max-snippet":"max-snippet:-1","max-image-preview":"max-image-preview:large","max-video-preview":"max-video-preview:-1"},"canonical":"https:\/\/www.legendyuvas.cz\/de\/produkt\/lamborghini-huracan-sto-at\/","og_locale":"de_DE","og_type":"article","og_title":"Lamborghini Hurac\u00e1n STO (AT) - Legendy U V\u00e1s","og_description":"Adrenalin-Erlebnis mit Legendy U V\u00e1s - ein originelles Geschenk nicht nur f\u00fcr M\u00e4nner und Autoliebhaber. Fahren in Sportwagen (Ferrari, Lamborghini, Porsche, ...) auf der Rennstrecke und den Landstra\u00dfen.","og_url":"https:\/\/www.legendyuvas.cz\/de\/produkt\/lamborghini-huracan-sto-at\/","og_site_name":"Legendy U V\u00e1s","article_publisher":"https:\/\/www.facebook.com\/autolegendyuvas","article_modified_time":"2025-12-27T00:02:42+00:00","og_image":[{"width":2560,"height":1707,"url":"https:\/\/www.legendyuvas.cz\/wp-content\/uploads\/2025\/11\/nahledovka-2-scaled-1.webp","type":"image\/webp"}],"twitter_card":"summary_large_image","twitter_misc":{"Gesch\u00e4tzte Lesezeit":"1\u00a0Minute"},"schema":{"@context":"https:\/\/schema.org","@graph":[{"@type":"WebPage","@id":"https:\/\/www.legendyuvas.cz\/de\/produkt\/lamborghini-huracan-sto-at\/","url":"https:\/\/www.legendyuvas.cz\/de\/produkt\/lamborghini-huracan-sto-at\/","name":"Lamborghini Hurac\u00e1n STO (AT) - Legendy U V\u00e1s","isPartOf":{"@id":"https:\/\/www.legendyuvas.cz\/#website"},"primaryImageOfPage":{"@id":"https:\/\/www.legendyuvas.cz\/de\/produkt\/lamborghini-huracan-sto-at\/#primaryimage"},"image":{"@id":"https:\/\/www.legendyuvas.cz\/de\/produkt\/lamborghini-huracan-sto-at\/#primaryimage"},"thumbnailUrl":"https:\/\/www.legendyuvas.cz\/wp-content\/uploads\/2025\/11\/nahledovka-2-scaled-1.webp","datePublished":"2025-11-26T10:50:43+00:00","dateModified":"2025-12-27T00:02:42+00:00","description":"Adrenalin-Erlebnis mit Legendy U V\u00e1s - ein originelles Geschenk nicht nur f\u00fcr M\u00e4nner und Autoliebhaber. Fahren in Sportwagen (Ferrari, Lamborghini, Porsche, ...) auf der Rennstrecke und den Landstra\u00dfen.","breadcrumb":{"@id":"https:\/\/www.legendyuvas.cz\/de\/produkt\/lamborghini-huracan-sto-at\/#breadcrumb"},"inLanguage":"de","potentialAction":[{"@type":"ReadAction","target":["https:\/\/www.legendyuvas.cz\/de\/produkt\/lamborghini-huracan-sto-at\/"]}]},{"@type":"ImageObject","inLanguage":"de","@id":"https:\/\/www.legendyuvas.cz\/de\/produkt\/lamborghini-huracan-sto-at\/#primaryimage","url":"https:\/\/www.legendyuvas.cz\/wp-content\/uploads\/2025\/11\/nahledovka-2-scaled-1.webp","contentUrl":"https:\/\/www.legendyuvas.cz\/wp-content\/uploads\/2025\/11\/nahledovka-2-scaled-1.webp","width":2560,"height":1707},{"@type":"BreadcrumbList","@id":"https:\/\/www.legendyuvas.cz\/de\/produkt\/lamborghini-huracan-sto-at\/#breadcrumb","itemListElement":[{"@type":"ListItem","position":1,"name":"Dom\u016f","item":"https:\/\/www.legendyuvas.cz\/"},{"@type":"ListItem","position":2,"name":"Shop","item":"https:\/\/www.legendyuvas.cz\/de\/shop\/"},{"@type":"ListItem","position":3,"name":"Lamborghini Hurac\u00e1n STO (AT)"}]},{"@type":"WebSite","@id":"https:\/\/www.legendyuvas.cz\/#website","url":"https:\/\/www.legendyuvas.cz\/","name":"Legendy U V\u00e1s","description":"Dechberouc\u00ed z\u00e1\u017eitky v autech a motork\u00e1ch","publisher":{"@id":"https:\/\/www.legendyuvas.cz\/#organization"},"potentialAction":[{"@type":"SearchAction","target":{"@type":"EntryPoint","urlTemplate":"https:\/\/www.legendyuvas.cz\/?s={search_term_string}"},"query-input":{"@type":"PropertyValueSpecification","valueRequired":true,"valueName":"search_term_string"}}],"inLanguage":"de"},{"@type":"Organization","@id":"https:\/\/www.legendyuvas.cz\/#organization","name":"Bontex2 s.r.o.","url":"https:\/\/www.legendyuvas.cz\/","logo":{"@type":"ImageObject","inLanguage":"de","@id":"https:\/\/www.legendyuvas.cz\/#\/schema\/logo\/image\/","url":"https:\/\/www.legendyuvas.cz\/wp-content\/uploads\/2021\/03\/Legendy-u-Vas.jpg","contentUrl":"https:\/\/www.legendyuvas.cz\/wp-content\/uploads\/2021\/03\/Legendy-u-Vas.jpg","width":400,"height":240,"caption":"Bontex2 s.r.o."},"image":{"@id":"https:\/\/www.legendyuvas.cz\/#\/schema\/logo\/image\/"},"sameAs":["https:\/\/www.facebook.com\/autolegendyuvas","https:\/\/www.facebook.com\/motolegendyuvas","https:\/\/www.instagram.com\/autolegendyuvas\/","https:\/\/www.instagram.com\/motolegendyuvas\/"]}]}},"_links":{"self":[{"href":"https:\/\/www.legendyuvas.cz\/de\/wp-json\/wp\/v2\/product\/32297","targetHints":{"allow":["GET"]}}],"collection":[{"href":"https:\/\/www.legendyuvas.cz\/de\/wp-json\/wp\/v2\/product"}],"about":[{"href":"https:\/\/www.legendyuvas.cz\/de\/wp-json\/wp\/v2\/types\/product"}],"replies":[{"embeddable":true,"href":"https:\/\/www.legendyuvas.cz\/de\/wp-json\/wp\/v2\/comments?post=32297"}],"version-history":[{"count":2,"href":"https:\/\/www.legendyuvas.cz\/de\/wp-json\/wp\/v2\/product\/32297\/revisions"}],"predecessor-version":[{"id":40384,"href":"https:\/\/www.legendyuvas.cz\/de\/wp-json\/wp\/v2\/product\/32297\/revisions\/40384"}],"wp:featuredmedia":[{"embeddable":true,"href":"https:\/\/www.legendyuvas.cz\/de\/wp-json\/wp\/v2\/media\/41227"}],"wp:attachment":[{"href":"https:\/\/www.legendyuvas.cz\/de\/wp-json\/wp\/v2\/media?parent=32297"}],"wp:term":[{"taxonomy":"product_brand","embeddable":true,"href":"https:\/\/www.legendyuvas.cz\/de\/wp-json\/wp\/v2\/product_brand?post=32297"},{"taxonomy":"product_cat","embeddable":true,"href":"https:\/\/www.legendyuvas.cz\/de\/wp-json\/wp\/v2\/product_cat?post=32297"},{"taxonomy":"product_tag","embeddable":true,"href":"https:\/\/www.legendyuvas.cz\/de\/wp-json\/wp\/v2\/product_tag?post=32297"}],"curies":[{"name":"wp","href":"https:\/\/api.w.org\/{rel}","templated":true}]}}