{"id":32301,"date":"2025-11-26T10:48:32","date_gmt":"2025-11-26T10:48:32","guid":{"rendered":"https:\/\/www.legendyuvas.cz\/produkt\/porsche-911-gt3-rs-992-at\/"},"modified":"2025-12-27T00:02:44","modified_gmt":"2025-12-27T00:02:44","slug":"porsche-911-gt3-rs-992-at","status":"publish","type":"product","link":"https:\/\/www.legendyuvas.cz\/de\/produkt\/porsche-911-gt3-rs-992-at\/","title":{"rendered":"Porsche 911 GT3 RS 992 (AT)"},"content":{"rendered":"<h1>Eine reinrassige Rennmaschine f\u00fcr echte Enthusiasten<\/h1>\n<p>Erleben Sie die kompromisslose Leistung und perfekte Aerodynamik der sch\u00e4rfsten Version der Ikone 911! Der <strong>Porsche 911 GT3 RS (992)<\/strong> ist der ultimative Sportwagen, der Technologie direkt aus dem Motorsport auf die Rennstrecke bringt. Mit einer extrem leichten Konstruktion, einem ausgekl\u00fcgelten Aerodynamikpaket und einem Motor, der bis zu 9.000 Umdrehungen pro Minute erreicht, erwartet Sie eine Fahrt, die Sie so schnell nicht vergessen werden.<\/p>\n<p><img fetchpriority=\"high\" decoding=\"async\" class=\"alignnone wp-image-16159 size-full\" src=\"https:\/\/www.legendyuvas.cz\/wp-content\/uploads\/2025\/02\/iris-6.webp\" alt=\"\" width=\"1920\" height=\"1080\" srcset=\"https:\/\/www.legendyuvas.cz\/wp-content\/uploads\/2025\/02\/iris-6.webp 1920w, https:\/\/www.legendyuvas.cz\/wp-content\/uploads\/2025\/02\/iris-6-300x169.webp 300w, https:\/\/www.legendyuvas.cz\/wp-content\/uploads\/2025\/02\/iris-6-1024x576.webp 1024w, https:\/\/www.legendyuvas.cz\/wp-content\/uploads\/2025\/02\/iris-6-768x432.webp 768w, https:\/\/www.legendyuvas.cz\/wp-content\/uploads\/2025\/02\/iris-6-1536x864.webp 1536w, https:\/\/www.legendyuvas.cz\/wp-content\/uploads\/2025\/02\/iris-6-600x338.webp 600w\" sizes=\"(max-width: 1920px) 100vw, 1920px\" \/><\/p>\n<p>Unter der Haube steckt ein stimmungsvoller <strong>Vierliter-Sechszylinder mit 525 PS<\/strong>, der die Kraft \u00fcber ein <strong>Siebengang-PDK-Automatikgetriebe<\/strong> auf die Hinterr\u00e4der \u00fcbertr\u00e4gt. Er sprintet in <strong>nur 3,2 Sekunden<\/strong> von 0 auf 100 km\/h und erreicht eine H\u00f6chstgeschwindigkeit von <strong>296 km\/h<\/strong>. Das Auto ist auf maximalen Abtrieb und Kurvenstabilit\u00e4t ausgelegt, was es zu einem der besten Autos f\u00fcr Rennstreckenfahrten macht.<\/p>\n<p>&nbsp;<\/p>\n<h1><img decoding=\"async\" class=\"alignnone wp-image-16160 size-full\" src=\"https:\/\/www.legendyuvas.cz\/wp-content\/uploads\/2025\/02\/iris-9.webp\" alt=\"\" width=\"1920\" height=\"1080\" srcset=\"https:\/\/www.legendyuvas.cz\/wp-content\/uploads\/2025\/02\/iris-9.webp 1920w, https:\/\/www.legendyuvas.cz\/wp-content\/uploads\/2025\/02\/iris-9-300x169.webp 300w, https:\/\/www.legendyuvas.cz\/wp-content\/uploads\/2025\/02\/iris-9-1024x576.webp 1024w, https:\/\/www.legendyuvas.cz\/wp-content\/uploads\/2025\/02\/iris-9-768x432.webp 768w, https:\/\/www.legendyuvas.cz\/wp-content\/uploads\/2025\/02\/iris-9-1536x864.webp 1536w, https:\/\/www.legendyuvas.cz\/wp-content\/uploads\/2025\/02\/iris-9-600x338.webp 600w\" sizes=\"(max-width: 1920px) 100vw, 1920px\" \/><\/h1>\n<p>Beim Porsche GT3 RS geht es nicht nur um Geschwindigkeit, sondern auch um eine <strong>pr\u00e4zise Bedienung<\/strong>. Jedes Detail des Fahrwerks und der aerodynamischen Elemente ist auf ein Ziel ausgerichtet &#8211; perfekten Grip und maximale Effizienz auf der Rennstrecke zu gew\u00e4hrleisten. Aktive aerodynamische Elemente und ein von der Rennstrecke inspiriertes Fahrwerk geben Ihnen das Gef\u00fchl, ein echter Rennfahrer zu sein.<\/p>\n<p>M\u00f6chten Sie <strong>den puren Adrenalinkick und das Gef\u00fchl eines echten Rennwagens<\/strong> erleben? Setzen Sie sich hinter das Steuer dieses Unget\u00fcms und lassen Sie sich von der Leistung und der Technologie an die Grenzen bringen. <strong>Buchen Sie noch heute Ihre Fahrt und erleben Sie den Porsche GT3 RS auf eigene Haut!<\/strong><\/p>\n<p>&nbsp;<\/p>\n","protected":false},"excerpt":{"rendered":"<p>Alle unsere Fahrzeuge <strong>k\u00f6nnen Sie selbst fahren<\/strong> oder als Beifahrer bei einem Rennfahrer mitfahren.<\/p>\n<p>\ud83d\udc49 Sie gehen kein Risiko ein. Sie k\u00f6nnen das Erlebnis bis zum 15. Januar KOSTENLOS umtauschen oder vollst\u00e4ndig zur\u00fcckgeben, und wir erstatten Ihnen umgehend Ihr Geld zur\u00fcck. \ud83c\udf81<\/p>\n<p>G\u00fcltig f\u00fcr Eink\u00e4ufe vom 1.11. bis 31.12.2025.<\/p>\n","protected":false},"featured_media":41245,"comment_status":"open","ping_status":"closed","template":"","meta":[],"product_brand":[],"product_cat":[451],"product_tag":[],"class_list":{"0":"post-32301","1":"product","2":"type-product","3":"status-publish","4":"has-post-thumbnail","6":"product_cat-auta","8":"first","9":"instock","10":"shipping-taxable","11":"purchasable","12":"product-type-variable"},"yoast_head":"<!-- This site is optimized with the Yoast SEO plugin v24.8.1 - https:\/\/yoast.com\/wordpress\/plugins\/seo\/ -->\n<title>Porsche 911 GT3 RS 992 (AT) - Legendy U V\u00e1s<\/title>\n<meta name=\"description\" content=\"Adrenalin-Erlebnis mit Legendy U V\u00e1s - ein originelles Geschenk nicht nur f\u00fcr M\u00e4nner und Autoliebhaber. Fahren in Sportwagen (Ferrari, Lamborghini, Porsche, ...) auf der Rennstrecke und Landstra\u00dfe.\" \/>\n<meta name=\"robots\" content=\"index, follow, max-snippet:-1, max-image-preview:large, max-video-preview:-1\" \/>\n<link rel=\"canonical\" href=\"https:\/\/www.legendyuvas.cz\/de\/produkt\/porsche-911-gt3-rs-992-at\/\" \/>\n<meta property=\"og:locale\" content=\"de_DE\" \/>\n<meta property=\"og:type\" content=\"article\" \/>\n<meta property=\"og:title\" content=\"Porsche 911 GT3 RS 992 (AT) - Legendy U V\u00e1s\" \/>\n<meta property=\"og:description\" content=\"Adrenalin-Erlebnis mit Legendy U V\u00e1s - ein originelles Geschenk nicht nur f\u00fcr M\u00e4nner und Autoliebhaber. Fahren in Sportwagen (Ferrari, Lamborghini, Porsche, ...) auf der Rennstrecke und Landstra\u00dfe.\" \/>\n<meta property=\"og:url\" content=\"https:\/\/www.legendyuvas.cz\/de\/produkt\/porsche-911-gt3-rs-992-at\/\" \/>\n<meta property=\"og:site_name\" content=\"Legendy U V\u00e1s\" \/>\n<meta property=\"article:publisher\" content=\"https:\/\/www.facebook.com\/autolegendyuvas\" \/>\n<meta property=\"article:modified_time\" content=\"2025-12-27T00:02:44+00:00\" \/>\n<meta property=\"og:image\" content=\"https:\/\/www.legendyuvas.cz\/wp-content\/uploads\/2025\/02\/Navrh-bez-nazvu-1.jpg\" \/>\n\t<meta property=\"og:image:width\" content=\"2048\" \/>\n\t<meta property=\"og:image:height\" content=\"1365\" \/>\n\t<meta property=\"og:image:type\" content=\"image\/jpeg\" \/>\n<meta name=\"twitter:card\" content=\"summary_large_image\" \/>\n<meta name=\"twitter:label1\" content=\"Gesch\u00e4tzte Lesezeit\" \/>\n\t<meta name=\"twitter:data1\" content=\"1\u00a0Minute\" \/>\n<script type=\"application\/ld+json\" class=\"yoast-schema-graph\">{\"@context\":\"https:\/\/schema.org\",\"@graph\":[{\"@type\":\"WebPage\",\"@id\":\"https:\/\/www.legendyuvas.cz\/de\/produkt\/porsche-911-gt3-rs-992-at\/\",\"url\":\"https:\/\/www.legendyuvas.cz\/de\/produkt\/porsche-911-gt3-rs-992-at\/\",\"name\":\"Porsche 911 GT3 RS 992 (AT) - Legendy U V\u00e1s\",\"isPartOf\":{\"@id\":\"https:\/\/www.legendyuvas.cz\/#website\"},\"primaryImageOfPage\":{\"@id\":\"https:\/\/www.legendyuvas.cz\/de\/produkt\/porsche-911-gt3-rs-992-at\/#primaryimage\"},\"image\":{\"@id\":\"https:\/\/www.legendyuvas.cz\/de\/produkt\/porsche-911-gt3-rs-992-at\/#primaryimage\"},\"thumbnailUrl\":\"https:\/\/www.legendyuvas.cz\/wp-content\/uploads\/2025\/11\/DSC_0755-scaled-1.webp\",\"datePublished\":\"2025-11-26T10:48:32+00:00\",\"dateModified\":\"2025-12-27T00:02:44+00:00\",\"description\":\"Adrenalin-Erlebnis mit Legendy U V\u00e1s - ein originelles Geschenk nicht nur f\u00fcr M\u00e4nner und Autoliebhaber. Fahren in Sportwagen (Ferrari, Lamborghini, Porsche, ...) auf der Rennstrecke und Landstra\u00dfe.\",\"breadcrumb\":{\"@id\":\"https:\/\/www.legendyuvas.cz\/de\/produkt\/porsche-911-gt3-rs-992-at\/#breadcrumb\"},\"inLanguage\":\"de\",\"potentialAction\":[{\"@type\":\"ReadAction\",\"target\":[\"https:\/\/www.legendyuvas.cz\/de\/produkt\/porsche-911-gt3-rs-992-at\/\"]}]},{\"@type\":\"ImageObject\",\"inLanguage\":\"de\",\"@id\":\"https:\/\/www.legendyuvas.cz\/de\/produkt\/porsche-911-gt3-rs-992-at\/#primaryimage\",\"url\":\"https:\/\/www.legendyuvas.cz\/wp-content\/uploads\/2025\/11\/DSC_0755-scaled-1.webp\",\"contentUrl\":\"https:\/\/www.legendyuvas.cz\/wp-content\/uploads\/2025\/11\/DSC_0755-scaled-1.webp\",\"width\":2560,\"height\":1707},{\"@type\":\"BreadcrumbList\",\"@id\":\"https:\/\/www.legendyuvas.cz\/de\/produkt\/porsche-911-gt3-rs-992-at\/#breadcrumb\",\"itemListElement\":[{\"@type\":\"ListItem\",\"position\":1,\"name\":\"Dom\u016f\",\"item\":\"https:\/\/www.legendyuvas.cz\/\"},{\"@type\":\"ListItem\",\"position\":2,\"name\":\"Shop\",\"item\":\"https:\/\/www.legendyuvas.cz\/de\/shop\/\"},{\"@type\":\"ListItem\",\"position\":3,\"name\":\"Porsche 911 GT3 RS 992 (AT)\"}]},{\"@type\":\"WebSite\",\"@id\":\"https:\/\/www.legendyuvas.cz\/#website\",\"url\":\"https:\/\/www.legendyuvas.cz\/\",\"name\":\"Legendy U V\u00e1s\",\"description\":\"Dechberouc\u00ed z\u00e1\u017eitky v autech a motork\u00e1ch\",\"publisher\":{\"@id\":\"https:\/\/www.legendyuvas.cz\/#organization\"},\"potentialAction\":[{\"@type\":\"SearchAction\",\"target\":{\"@type\":\"EntryPoint\",\"urlTemplate\":\"https:\/\/www.legendyuvas.cz\/?s={search_term_string}\"},\"query-input\":{\"@type\":\"PropertyValueSpecification\",\"valueRequired\":true,\"valueName\":\"search_term_string\"}}],\"inLanguage\":\"de\"},{\"@type\":\"Organization\",\"@id\":\"https:\/\/www.legendyuvas.cz\/#organization\",\"name\":\"Bontex2 s.r.o.\",\"url\":\"https:\/\/www.legendyuvas.cz\/\",\"logo\":{\"@type\":\"ImageObject\",\"inLanguage\":\"de\",\"@id\":\"https:\/\/www.legendyuvas.cz\/#\/schema\/logo\/image\/\",\"url\":\"https:\/\/www.legendyuvas.cz\/wp-content\/uploads\/2021\/03\/Legendy-u-Vas.jpg\",\"contentUrl\":\"https:\/\/www.legendyuvas.cz\/wp-content\/uploads\/2021\/03\/Legendy-u-Vas.jpg\",\"width\":400,\"height\":240,\"caption\":\"Bontex2 s.r.o.\"},\"image\":{\"@id\":\"https:\/\/www.legendyuvas.cz\/#\/schema\/logo\/image\/\"},\"sameAs\":[\"https:\/\/www.facebook.com\/autolegendyuvas\",\"https:\/\/www.facebook.com\/motolegendyuvas\",\"https:\/\/www.instagram.com\/autolegendyuvas\/\",\"https:\/\/www.instagram.com\/motolegendyuvas\/\"]}]}<\/script>\n<!-- \/ Yoast SEO plugin. -->","yoast_head_json":{"title":"Porsche 911 GT3 RS 992 (AT) - Legendy U V\u00e1s","description":"Adrenalin-Erlebnis mit Legendy U V\u00e1s - ein originelles Geschenk nicht nur f\u00fcr M\u00e4nner und Autoliebhaber. Fahren in Sportwagen (Ferrari, Lamborghini, Porsche, ...) auf der Rennstrecke und Landstra\u00dfe.","robots":{"index":"index","follow":"follow","max-snippet":"max-snippet:-1","max-image-preview":"max-image-preview:large","max-video-preview":"max-video-preview:-1"},"canonical":"https:\/\/www.legendyuvas.cz\/de\/produkt\/porsche-911-gt3-rs-992-at\/","og_locale":"de_DE","og_type":"article","og_title":"Porsche 911 GT3 RS 992 (AT) - Legendy U V\u00e1s","og_description":"Adrenalin-Erlebnis mit Legendy U V\u00e1s - ein originelles Geschenk nicht nur f\u00fcr M\u00e4nner und Autoliebhaber. Fahren in Sportwagen (Ferrari, Lamborghini, Porsche, ...) auf der Rennstrecke und Landstra\u00dfe.","og_url":"https:\/\/www.legendyuvas.cz\/de\/produkt\/porsche-911-gt3-rs-992-at\/","og_site_name":"Legendy U V\u00e1s","article_publisher":"https:\/\/www.facebook.com\/autolegendyuvas","article_modified_time":"2025-12-27T00:02:44+00:00","og_image":[{"width":2048,"height":1365,"url":"https:\/\/www.legendyuvas.cz\/wp-content\/uploads\/2025\/02\/Navrh-bez-nazvu-1.jpg","type":"image\/jpeg"}],"twitter_card":"summary_large_image","twitter_misc":{"Gesch\u00e4tzte Lesezeit":"1\u00a0Minute"},"schema":{"@context":"https:\/\/schema.org","@graph":[{"@type":"WebPage","@id":"https:\/\/www.legendyuvas.cz\/de\/produkt\/porsche-911-gt3-rs-992-at\/","url":"https:\/\/www.legendyuvas.cz\/de\/produkt\/porsche-911-gt3-rs-992-at\/","name":"Porsche 911 GT3 RS 992 (AT) - Legendy U V\u00e1s","isPartOf":{"@id":"https:\/\/www.legendyuvas.cz\/#website"},"primaryImageOfPage":{"@id":"https:\/\/www.legendyuvas.cz\/de\/produkt\/porsche-911-gt3-rs-992-at\/#primaryimage"},"image":{"@id":"https:\/\/www.legendyuvas.cz\/de\/produkt\/porsche-911-gt3-rs-992-at\/#primaryimage"},"thumbnailUrl":"https:\/\/www.legendyuvas.cz\/wp-content\/uploads\/2025\/11\/DSC_0755-scaled-1.webp","datePublished":"2025-11-26T10:48:32+00:00","dateModified":"2025-12-27T00:02:44+00:00","description":"Adrenalin-Erlebnis mit Legendy U V\u00e1s - ein originelles Geschenk nicht nur f\u00fcr M\u00e4nner und Autoliebhaber. Fahren in Sportwagen (Ferrari, Lamborghini, Porsche, ...) auf der Rennstrecke und Landstra\u00dfe.","breadcrumb":{"@id":"https:\/\/www.legendyuvas.cz\/de\/produkt\/porsche-911-gt3-rs-992-at\/#breadcrumb"},"inLanguage":"de","potentialAction":[{"@type":"ReadAction","target":["https:\/\/www.legendyuvas.cz\/de\/produkt\/porsche-911-gt3-rs-992-at\/"]}]},{"@type":"ImageObject","inLanguage":"de","@id":"https:\/\/www.legendyuvas.cz\/de\/produkt\/porsche-911-gt3-rs-992-at\/#primaryimage","url":"https:\/\/www.legendyuvas.cz\/wp-content\/uploads\/2025\/11\/DSC_0755-scaled-1.webp","contentUrl":"https:\/\/www.legendyuvas.cz\/wp-content\/uploads\/2025\/11\/DSC_0755-scaled-1.webp","width":2560,"height":1707},{"@type":"BreadcrumbList","@id":"https:\/\/www.legendyuvas.cz\/de\/produkt\/porsche-911-gt3-rs-992-at\/#breadcrumb","itemListElement":[{"@type":"ListItem","position":1,"name":"Dom\u016f","item":"https:\/\/www.legendyuvas.cz\/"},{"@type":"ListItem","position":2,"name":"Shop","item":"https:\/\/www.legendyuvas.cz\/de\/shop\/"},{"@type":"ListItem","position":3,"name":"Porsche 911 GT3 RS 992 (AT)"}]},{"@type":"WebSite","@id":"https:\/\/www.legendyuvas.cz\/#website","url":"https:\/\/www.legendyuvas.cz\/","name":"Legendy U V\u00e1s","description":"Dechberouc\u00ed z\u00e1\u017eitky v autech a motork\u00e1ch","publisher":{"@id":"https:\/\/www.legendyuvas.cz\/#organization"},"potentialAction":[{"@type":"SearchAction","target":{"@type":"EntryPoint","urlTemplate":"https:\/\/www.legendyuvas.cz\/?s={search_term_string}"},"query-input":{"@type":"PropertyValueSpecification","valueRequired":true,"valueName":"search_term_string"}}],"inLanguage":"de"},{"@type":"Organization","@id":"https:\/\/www.legendyuvas.cz\/#organization","name":"Bontex2 s.r.o.","url":"https:\/\/www.legendyuvas.cz\/","logo":{"@type":"ImageObject","inLanguage":"de","@id":"https:\/\/www.legendyuvas.cz\/#\/schema\/logo\/image\/","url":"https:\/\/www.legendyuvas.cz\/wp-content\/uploads\/2021\/03\/Legendy-u-Vas.jpg","contentUrl":"https:\/\/www.legendyuvas.cz\/wp-content\/uploads\/2021\/03\/Legendy-u-Vas.jpg","width":400,"height":240,"caption":"Bontex2 s.r.o."},"image":{"@id":"https:\/\/www.legendyuvas.cz\/#\/schema\/logo\/image\/"},"sameAs":["https:\/\/www.facebook.com\/autolegendyuvas","https:\/\/www.facebook.com\/motolegendyuvas","https:\/\/www.instagram.com\/autolegendyuvas\/","https:\/\/www.instagram.com\/motolegendyuvas\/"]}]}},"_links":{"self":[{"href":"https:\/\/www.legendyuvas.cz\/de\/wp-json\/wp\/v2\/product\/32301","targetHints":{"allow":["GET"]}}],"collection":[{"href":"https:\/\/www.legendyuvas.cz\/de\/wp-json\/wp\/v2\/product"}],"about":[{"href":"https:\/\/www.legendyuvas.cz\/de\/wp-json\/wp\/v2\/types\/product"}],"replies":[{"embeddable":true,"href":"https:\/\/www.legendyuvas.cz\/de\/wp-json\/wp\/v2\/comments?post=32301"}],"version-history":[{"count":2,"href":"https:\/\/www.legendyuvas.cz\/de\/wp-json\/wp\/v2\/product\/32301\/revisions"}],"predecessor-version":[{"id":40380,"href":"https:\/\/www.legendyuvas.cz\/de\/wp-json\/wp\/v2\/product\/32301\/revisions\/40380"}],"wp:featuredmedia":[{"embeddable":true,"href":"https:\/\/www.legendyuvas.cz\/de\/wp-json\/wp\/v2\/media\/41245"}],"wp:attachment":[{"href":"https:\/\/www.legendyuvas.cz\/de\/wp-json\/wp\/v2\/media?parent=32301"}],"wp:term":[{"taxonomy":"product_brand","embeddable":true,"href":"https:\/\/www.legendyuvas.cz\/de\/wp-json\/wp\/v2\/product_brand?post=32301"},{"taxonomy":"product_cat","embeddable":true,"href":"https:\/\/www.legendyuvas.cz\/de\/wp-json\/wp\/v2\/product_cat?post=32301"},{"taxonomy":"product_tag","embeddable":true,"href":"https:\/\/www.legendyuvas.cz\/de\/wp-json\/wp\/v2\/product_tag?post=32301"}],"curies":[{"name":"wp","href":"https:\/\/api.w.org\/{rel}","templated":true}]}}