{"id":32639,"date":"2025-11-26T10:52:47","date_gmt":"2025-11-26T10:52:47","guid":{"rendered":"https:\/\/www.legendyuvas.cz\/produkt\/porsche-718-gt4-rs-at\/"},"modified":"2025-12-27T00:02:43","modified_gmt":"2025-12-27T00:02:43","slug":"porsche-718-gt4-rs-at","status":"publish","type":"product","link":"https:\/\/www.legendyuvas.cz\/de\/produkt\/porsche-718-gt4-rs-at\/","title":{"rendered":"Porsche 718 GT4 RS (AT)"},"content":{"rendered":"<h1>Eine kompromisslose Track-Maschine<\/h1>\n<p>Der Porsche GT4 wurde unmittelbar nach seiner Premiere zu einem <strong>riesigen Hit<\/strong>. Es ist daher kaum \u00fcberraschend, dass die ersten Informationen zum <strong>GT4 RS<\/strong> die <strong>Sportwagenwelt ordentlich aufger\u00fcttelt<\/strong> haben. K\u00f6nnte der ohnehin schon hervorragende Cayman GT4 <strong>noch besser<\/strong> sein? Ja \u2013 den Ingenieuren in Stuttgart ist das <strong>wirklich gelungen.<\/strong><br \/>\nDas Highlight des Porsche GT4 RS ist eindeutig der <strong>neue Motor.<\/strong> Er stammt jetzt direkt aus dem <strong>Porsche GT3<\/strong>, der ihn wiederum aus dem <strong>GT3 Cup<\/strong> \u00fcbernommen hat. Genau wie der GT3 hat er <strong>500 PS<\/strong> \u2013 also 80 PS mehr als der GT4 bisher hatte. Im Gegensatz zum GT3 sitzt dieser <strong>hochtourige Sechszylinder-Boxer<\/strong> mit 4,0 Litern Hubraum im GT4 RS <strong>direkt hinter Ihrem R\u00fccken.<\/strong> Ja \u2013 das <strong>Mittelmotor-Konzept<\/strong> bleibt wie beim normalen GT4. <strong>9.000 U\/min<\/strong> direkt hinter sich zu h\u00f6ren ist ein Erlebnis, bei dem der Adrenalinspiegel regelrecht in astronomische H\u00f6hen schie\u00dft. In Kombination mit dem <strong>PDK-Automatikgetriebe<\/strong> ergibt sich eine <strong>Traumkombination.<\/strong><br \/>\n<img fetchpriority=\"high\" decoding=\"async\" class=\"alignnone wp-image-29609 size-full\" src=\"https:\/\/www.legendyuvas.cz\/wp-content\/uploads\/2024\/11\/DSC06218-scaled.jpg\" alt=\"\" width=\"2560\" height=\"1706\" srcset=\"https:\/\/www.legendyuvas.cz\/wp-content\/uploads\/2024\/11\/DSC06218-scaled.jpg 2560w, https:\/\/www.legendyuvas.cz\/wp-content\/uploads\/2024\/11\/DSC06218-300x200.jpg 300w, https:\/\/www.legendyuvas.cz\/wp-content\/uploads\/2024\/11\/DSC06218-1024x683.jpg 1024w, https:\/\/www.legendyuvas.cz\/wp-content\/uploads\/2024\/11\/DSC06218-768x512.jpg 768w, https:\/\/www.legendyuvas.cz\/wp-content\/uploads\/2024\/11\/DSC06218-1536x1024.jpg 1536w, https:\/\/www.legendyuvas.cz\/wp-content\/uploads\/2024\/11\/DSC06218-2048x1365.jpg 2048w, https:\/\/www.legendyuvas.cz\/wp-content\/uploads\/2024\/11\/DSC06218-600x400.jpg 600w\" sizes=\"(max-width: 2560px) 100vw, 2560px\" \/><br \/>\nDas Ganze wird von einer \u00fcberarbeiteten Aerodynamik abgerundet, die das Auto noch kompromissloser f\u00fcr die Rennstrecke macht, als es ohnehin war. Auf den ersten Blick kaum zu \u00fcbersehen: der <strong>neue Heckfl\u00fcgel<\/strong>, inspiriert vom <strong>911 RSR GT<\/strong> \u2013 und auch im neuen GT3 zu finden.<br \/>\n<img decoding=\"async\" class=\"alignnone wp-image-29624 size-full\" src=\"https:\/\/www.legendyuvas.cz\/wp-content\/uploads\/2024\/11\/DSC07083-scaled.jpg\" alt=\"\" width=\"2560\" height=\"1707\" srcset=\"https:\/\/www.legendyuvas.cz\/wp-content\/uploads\/2024\/11\/DSC07083-scaled.jpg 2560w, https:\/\/www.legendyuvas.cz\/wp-content\/uploads\/2024\/11\/DSC07083-300x200.jpg 300w, https:\/\/www.legendyuvas.cz\/wp-content\/uploads\/2024\/11\/DSC07083-1024x683.jpg 1024w, https:\/\/www.legendyuvas.cz\/wp-content\/uploads\/2024\/11\/DSC07083-768x512.jpg 768w, https:\/\/www.legendyuvas.cz\/wp-content\/uploads\/2024\/11\/DSC07083-1536x1024.jpg 1536w, https:\/\/www.legendyuvas.cz\/wp-content\/uploads\/2024\/11\/DSC07083-2048x1365.jpg 2048w, https:\/\/www.legendyuvas.cz\/wp-content\/uploads\/2024\/11\/DSC07083-600x400.jpg 600w\" sizes=\"(max-width: 2560px) 100vw, 2560px\" \/><br \/>\nDer Porsche GT4 RS ist als Gesamtpaket ein Auto, das einen <strong>bleibenden Eindruck<\/strong> hinterl\u00e4sst \u2013 einen, an den man <strong>noch lange zur\u00fcckdenkt.<\/strong> Seine Fahreigenschaften sind <strong>faszinierend<\/strong> und dank des messerscharfen Motorsounds f\u00fchlt man sich <strong>wie ein Rennfahrer.<\/strong> Kein Wunder also, dass der GT4 RS zu den <strong>meistdiskutierten<\/strong> Sportwagen unserer Zeit geh\u00f6rt.<\/p>\n","protected":false},"excerpt":{"rendered":"<p>\u201eAlle unsere Autos <strong>k\u00f6nnen Sie selbst fahren<\/strong> oder Sie k\u00f6nnen w\u00e4hlen, dass Sie als Beifahrer mit einem Rennfahrer mitfahren.\u201c<\/p>\n","protected":false},"featured_media":29621,"comment_status":"open","ping_status":"closed","template":"","meta":[],"product_brand":[],"product_cat":[451],"product_tag":[],"class_list":{"0":"post-32639","1":"product","2":"type-product","3":"status-publish","4":"has-post-thumbnail","6":"product_cat-auta","8":"first","9":"instock","10":"shipping-taxable","11":"purchasable","12":"product-type-variable"},"yoast_head":"<!-- This site is optimized with the Yoast SEO plugin v24.8.1 - https:\/\/yoast.com\/wordpress\/plugins\/seo\/ -->\n<title>Porsche 718 GT4 RS (AT) - Legendy U V\u00e1s<\/title>\n<meta name=\"description\" content=\"\u201eEin Adrenalinerlebnis mit Legendy U V\u00e1s \u2013 ein originelles Geschenk, nicht nur f\u00fcr M\u00e4nner und Autoliebhaber. Fahrt in Sportwagen (Ferrari, Lamborghini, Porsche, ...) auf der Rennstrecke und auf Landstra\u00dfen.\u201c\" \/>\n<meta name=\"robots\" content=\"index, follow, max-snippet:-1, max-image-preview:large, max-video-preview:-1\" \/>\n<link rel=\"canonical\" href=\"https:\/\/www.legendyuvas.cz\/produkt\/porsche-gt4-rs\/\" \/>\n<meta property=\"og:locale\" content=\"de_DE\" \/>\n<meta property=\"og:type\" content=\"article\" \/>\n<meta property=\"og:title\" content=\"Porsche 718 GT4 RS (AT) - Legendy U V\u00e1s\" \/>\n<meta property=\"og:description\" content=\"\u201eEin Adrenalinerlebnis mit Legendy U V\u00e1s \u2013 ein originelles Geschenk, nicht nur f\u00fcr M\u00e4nner und Autoliebhaber. Fahrt in Sportwagen (Ferrari, Lamborghini, Porsche, ...) auf der Rennstrecke und auf Landstra\u00dfen.\u201c\" \/>\n<meta property=\"og:url\" content=\"https:\/\/www.legendyuvas.cz\/produkt\/porsche-gt4-rs\/\" \/>\n<meta property=\"og:site_name\" content=\"Legendy U V\u00e1s\" \/>\n<meta property=\"article:publisher\" content=\"https:\/\/www.facebook.com\/autolegendyuvas\" \/>\n<meta property=\"article:modified_time\" content=\"2025-12-27T00:02:43+00:00\" \/>\n<meta property=\"og:image\" content=\"https:\/\/www.legendyuvas.cz\/wp-content\/uploads\/2024\/11\/R1PF7326-1-scaled.jpg\" \/>\n\t<meta property=\"og:image:width\" content=\"2560\" \/>\n\t<meta property=\"og:image:height\" content=\"1707\" \/>\n\t<meta property=\"og:image:type\" content=\"image\/jpeg\" \/>\n<meta name=\"twitter:card\" content=\"summary_large_image\" \/>\n<meta name=\"twitter:label1\" content=\"Gesch\u00e4tzte Lesezeit\" \/>\n\t<meta name=\"twitter:data1\" content=\"1\u00a0Minute\" \/>\n<script type=\"application\/ld+json\" class=\"yoast-schema-graph\">{\"@context\":\"https:\/\/schema.org\",\"@graph\":[{\"@type\":\"WebPage\",\"@id\":\"https:\/\/www.legendyuvas.cz\/produkt\/porsche-gt4-rs\/\",\"url\":\"https:\/\/www.legendyuvas.cz\/produkt\/porsche-gt4-rs\/\",\"name\":\"Porsche 718 GT4 RS (AT) - Legendy U V\u00e1s\",\"isPartOf\":{\"@id\":\"https:\/\/www.legendyuvas.cz\/#website\"},\"primaryImageOfPage\":{\"@id\":\"https:\/\/www.legendyuvas.cz\/produkt\/porsche-gt4-rs\/#primaryimage\"},\"image\":{\"@id\":\"https:\/\/www.legendyuvas.cz\/produkt\/porsche-gt4-rs\/#primaryimage\"},\"thumbnailUrl\":\"https:\/\/www.legendyuvas.cz\/wp-content\/uploads\/2024\/11\/R1PF7326-1-scaled.jpg\",\"datePublished\":\"2025-11-26T10:52:47+00:00\",\"dateModified\":\"2025-12-27T00:02:43+00:00\",\"description\":\"\u201eEin Adrenalinerlebnis mit Legendy U V\u00e1s \u2013 ein originelles Geschenk, nicht nur f\u00fcr M\u00e4nner und Autoliebhaber. Fahrt in Sportwagen (Ferrari, Lamborghini, Porsche, ...) auf der Rennstrecke und auf Landstra\u00dfen.\u201c\",\"breadcrumb\":{\"@id\":\"https:\/\/www.legendyuvas.cz\/produkt\/porsche-gt4-rs\/#breadcrumb\"},\"inLanguage\":\"de\",\"potentialAction\":[{\"@type\":\"ReadAction\",\"target\":[\"https:\/\/www.legendyuvas.cz\/produkt\/porsche-gt4-rs\/\"]}]},{\"@type\":\"ImageObject\",\"inLanguage\":\"de\",\"@id\":\"https:\/\/www.legendyuvas.cz\/produkt\/porsche-gt4-rs\/#primaryimage\",\"url\":\"https:\/\/www.legendyuvas.cz\/wp-content\/uploads\/2024\/11\/R1PF7326-1-scaled.jpg\",\"contentUrl\":\"https:\/\/www.legendyuvas.cz\/wp-content\/uploads\/2024\/11\/R1PF7326-1-scaled.jpg\",\"width\":2560,\"height\":1707},{\"@type\":\"BreadcrumbList\",\"@id\":\"https:\/\/www.legendyuvas.cz\/produkt\/porsche-gt4-rs\/#breadcrumb\",\"itemListElement\":[{\"@type\":\"ListItem\",\"position\":1,\"name\":\"Dom\u016f\",\"item\":\"https:\/\/www.legendyuvas.cz\/\"},{\"@type\":\"ListItem\",\"position\":2,\"name\":\"Shop\",\"item\":\"https:\/\/www.legendyuvas.cz\/de\/shop\/\"},{\"@type\":\"ListItem\",\"position\":3,\"name\":\"Porsche 718 GT4 RS (AT)\"}]},{\"@type\":\"WebSite\",\"@id\":\"https:\/\/www.legendyuvas.cz\/#website\",\"url\":\"https:\/\/www.legendyuvas.cz\/\",\"name\":\"Legendy U V\u00e1s\",\"description\":\"Dechberouc\u00ed z\u00e1\u017eitky v autech a motork\u00e1ch\",\"publisher\":{\"@id\":\"https:\/\/www.legendyuvas.cz\/#organization\"},\"potentialAction\":[{\"@type\":\"SearchAction\",\"target\":{\"@type\":\"EntryPoint\",\"urlTemplate\":\"https:\/\/www.legendyuvas.cz\/?s={search_term_string}\"},\"query-input\":{\"@type\":\"PropertyValueSpecification\",\"valueRequired\":true,\"valueName\":\"search_term_string\"}}],\"inLanguage\":\"de\"},{\"@type\":\"Organization\",\"@id\":\"https:\/\/www.legendyuvas.cz\/#organization\",\"name\":\"Bontex2 s.r.o.\",\"url\":\"https:\/\/www.legendyuvas.cz\/\",\"logo\":{\"@type\":\"ImageObject\",\"inLanguage\":\"de\",\"@id\":\"https:\/\/www.legendyuvas.cz\/#\/schema\/logo\/image\/\",\"url\":\"https:\/\/www.legendyuvas.cz\/wp-content\/uploads\/2021\/03\/Legendy-u-Vas.jpg\",\"contentUrl\":\"https:\/\/www.legendyuvas.cz\/wp-content\/uploads\/2021\/03\/Legendy-u-Vas.jpg\",\"width\":400,\"height\":240,\"caption\":\"Bontex2 s.r.o.\"},\"image\":{\"@id\":\"https:\/\/www.legendyuvas.cz\/#\/schema\/logo\/image\/\"},\"sameAs\":[\"https:\/\/www.facebook.com\/autolegendyuvas\",\"https:\/\/www.facebook.com\/motolegendyuvas\",\"https:\/\/www.instagram.com\/autolegendyuvas\/\",\"https:\/\/www.instagram.com\/motolegendyuvas\/\"]}]}<\/script>\n<!-- \/ Yoast SEO plugin. -->","yoast_head_json":{"title":"Porsche 718 GT4 RS (AT) - Legendy U V\u00e1s","description":"\u201eEin Adrenalinerlebnis mit Legendy U V\u00e1s \u2013 ein originelles Geschenk, nicht nur f\u00fcr M\u00e4nner und Autoliebhaber. Fahrt in Sportwagen (Ferrari, Lamborghini, Porsche, ...) auf der Rennstrecke und auf Landstra\u00dfen.\u201c","robots":{"index":"index","follow":"follow","max-snippet":"max-snippet:-1","max-image-preview":"max-image-preview:large","max-video-preview":"max-video-preview:-1"},"canonical":"https:\/\/www.legendyuvas.cz\/produkt\/porsche-gt4-rs\/","og_locale":"de_DE","og_type":"article","og_title":"Porsche 718 GT4 RS (AT) - Legendy U V\u00e1s","og_description":"\u201eEin Adrenalinerlebnis mit Legendy U V\u00e1s \u2013 ein originelles Geschenk, nicht nur f\u00fcr M\u00e4nner und Autoliebhaber. Fahrt in Sportwagen (Ferrari, Lamborghini, Porsche, ...) auf der Rennstrecke und auf Landstra\u00dfen.\u201c","og_url":"https:\/\/www.legendyuvas.cz\/produkt\/porsche-gt4-rs\/","og_site_name":"Legendy U V\u00e1s","article_publisher":"https:\/\/www.facebook.com\/autolegendyuvas","article_modified_time":"2025-12-27T00:02:43+00:00","og_image":[{"width":2560,"height":1707,"url":"https:\/\/www.legendyuvas.cz\/wp-content\/uploads\/2024\/11\/R1PF7326-1-scaled.jpg","type":"image\/jpeg"}],"twitter_card":"summary_large_image","twitter_misc":{"Gesch\u00e4tzte Lesezeit":"1\u00a0Minute"},"schema":{"@context":"https:\/\/schema.org","@graph":[{"@type":"WebPage","@id":"https:\/\/www.legendyuvas.cz\/produkt\/porsche-gt4-rs\/","url":"https:\/\/www.legendyuvas.cz\/produkt\/porsche-gt4-rs\/","name":"Porsche 718 GT4 RS (AT) - Legendy U V\u00e1s","isPartOf":{"@id":"https:\/\/www.legendyuvas.cz\/#website"},"primaryImageOfPage":{"@id":"https:\/\/www.legendyuvas.cz\/produkt\/porsche-gt4-rs\/#primaryimage"},"image":{"@id":"https:\/\/www.legendyuvas.cz\/produkt\/porsche-gt4-rs\/#primaryimage"},"thumbnailUrl":"https:\/\/www.legendyuvas.cz\/wp-content\/uploads\/2024\/11\/R1PF7326-1-scaled.jpg","datePublished":"2025-11-26T10:52:47+00:00","dateModified":"2025-12-27T00:02:43+00:00","description":"\u201eEin Adrenalinerlebnis mit Legendy U V\u00e1s \u2013 ein originelles Geschenk, nicht nur f\u00fcr M\u00e4nner und Autoliebhaber. Fahrt in Sportwagen (Ferrari, Lamborghini, Porsche, ...) auf der Rennstrecke und auf Landstra\u00dfen.\u201c","breadcrumb":{"@id":"https:\/\/www.legendyuvas.cz\/produkt\/porsche-gt4-rs\/#breadcrumb"},"inLanguage":"de","potentialAction":[{"@type":"ReadAction","target":["https:\/\/www.legendyuvas.cz\/produkt\/porsche-gt4-rs\/"]}]},{"@type":"ImageObject","inLanguage":"de","@id":"https:\/\/www.legendyuvas.cz\/produkt\/porsche-gt4-rs\/#primaryimage","url":"https:\/\/www.legendyuvas.cz\/wp-content\/uploads\/2024\/11\/R1PF7326-1-scaled.jpg","contentUrl":"https:\/\/www.legendyuvas.cz\/wp-content\/uploads\/2024\/11\/R1PF7326-1-scaled.jpg","width":2560,"height":1707},{"@type":"BreadcrumbList","@id":"https:\/\/www.legendyuvas.cz\/produkt\/porsche-gt4-rs\/#breadcrumb","itemListElement":[{"@type":"ListItem","position":1,"name":"Dom\u016f","item":"https:\/\/www.legendyuvas.cz\/"},{"@type":"ListItem","position":2,"name":"Shop","item":"https:\/\/www.legendyuvas.cz\/de\/shop\/"},{"@type":"ListItem","position":3,"name":"Porsche 718 GT4 RS (AT)"}]},{"@type":"WebSite","@id":"https:\/\/www.legendyuvas.cz\/#website","url":"https:\/\/www.legendyuvas.cz\/","name":"Legendy U V\u00e1s","description":"Dechberouc\u00ed z\u00e1\u017eitky v autech a motork\u00e1ch","publisher":{"@id":"https:\/\/www.legendyuvas.cz\/#organization"},"potentialAction":[{"@type":"SearchAction","target":{"@type":"EntryPoint","urlTemplate":"https:\/\/www.legendyuvas.cz\/?s={search_term_string}"},"query-input":{"@type":"PropertyValueSpecification","valueRequired":true,"valueName":"search_term_string"}}],"inLanguage":"de"},{"@type":"Organization","@id":"https:\/\/www.legendyuvas.cz\/#organization","name":"Bontex2 s.r.o.","url":"https:\/\/www.legendyuvas.cz\/","logo":{"@type":"ImageObject","inLanguage":"de","@id":"https:\/\/www.legendyuvas.cz\/#\/schema\/logo\/image\/","url":"https:\/\/www.legendyuvas.cz\/wp-content\/uploads\/2021\/03\/Legendy-u-Vas.jpg","contentUrl":"https:\/\/www.legendyuvas.cz\/wp-content\/uploads\/2021\/03\/Legendy-u-Vas.jpg","width":400,"height":240,"caption":"Bontex2 s.r.o."},"image":{"@id":"https:\/\/www.legendyuvas.cz\/#\/schema\/logo\/image\/"},"sameAs":["https:\/\/www.facebook.com\/autolegendyuvas","https:\/\/www.facebook.com\/motolegendyuvas","https:\/\/www.instagram.com\/autolegendyuvas\/","https:\/\/www.instagram.com\/motolegendyuvas\/"]}]}},"_links":{"self":[{"href":"https:\/\/www.legendyuvas.cz\/de\/wp-json\/wp\/v2\/product\/32639","targetHints":{"allow":["GET"]}}],"collection":[{"href":"https:\/\/www.legendyuvas.cz\/de\/wp-json\/wp\/v2\/product"}],"about":[{"href":"https:\/\/www.legendyuvas.cz\/de\/wp-json\/wp\/v2\/types\/product"}],"replies":[{"embeddable":true,"href":"https:\/\/www.legendyuvas.cz\/de\/wp-json\/wp\/v2\/comments?post=32639"}],"version-history":[{"count":0,"href":"https:\/\/www.legendyuvas.cz\/de\/wp-json\/wp\/v2\/product\/32639\/revisions"}],"wp:featuredmedia":[{"embeddable":true,"href":"https:\/\/www.legendyuvas.cz\/de\/wp-json\/wp\/v2\/media\/29621"}],"wp:attachment":[{"href":"https:\/\/www.legendyuvas.cz\/de\/wp-json\/wp\/v2\/media?parent=32639"}],"wp:term":[{"taxonomy":"product_brand","embeddable":true,"href":"https:\/\/www.legendyuvas.cz\/de\/wp-json\/wp\/v2\/product_brand?post=32639"},{"taxonomy":"product_cat","embeddable":true,"href":"https:\/\/www.legendyuvas.cz\/de\/wp-json\/wp\/v2\/product_cat?post=32639"},{"taxonomy":"product_tag","embeddable":true,"href":"https:\/\/www.legendyuvas.cz\/de\/wp-json\/wp\/v2\/product_tag?post=32639"}],"curies":[{"name":"wp","href":"https:\/\/api.w.org\/{rel}","templated":true}]}}