{"id":32780,"date":"2024-11-19T08:50:07","date_gmt":"2024-11-19T08:50:07","guid":{"rendered":"https:\/\/www.legendyuvas.cz\/?post_type=product&#038;p=32780"},"modified":"2025-12-27T00:02:48","modified_gmt":"2025-12-27T00:02:48","slug":"audi-tt-rs-at","status":"publish","type":"product","link":"https:\/\/www.legendyuvas.cz\/de\/produkt\/audi-tt-rs-at\/","title":{"rendered":"Audi TT RS (AT)"},"content":{"rendered":"<h1>Kompakte Rakete mit F\u00fcnfzylinder-Herz<\/h1>\n<p> Der Audi TT RS beweist, dass auch ein kompakter Sportwagen atemberaubende Leistung bieten kann. Unter der Haube arbeitet der legend\u00e4re <strong data-start=\"332\" data-end=\"360\">2.5 TFSI F\u00fcnfzylinder-Turbomotor<\/strong> mit <strong data-start=\"370\" data-end=\"380\">400 PS<\/strong>, kombiniert mit einem <strong data-start=\"393\" data-end=\"451\">7-Gang-Doppelkupplungs-Automatikgetriebe<\/strong> und <strong data-start=\"462\" data-end=\"473\">quattro<\/strong>-Allradantrieb. Diese Kombination sorgt f\u00fcr sofortige Reaktion, kompromisslose Traktion und eine Beschleunigung von 0 auf 100 km\/h in deutlich unter vier Sekunden. Der TT RS ist ein reinrassiger Sportler in jeder Hinsicht \u2013 kompakt, agil und beeindruckend effizient. <img fetchpriority=\"high\" decoding=\"async\" class=\"alignnone size-full wp-image-30805\" src=\"https:\/\/www.legendyuvas.cz\/wp-content\/uploads\/2025\/10\/DSC02657-scaled.jpg\" alt=\"\" width=\"2560\" height=\"1707\" srcset=\"https:\/\/www.legendyuvas.cz\/wp-content\/uploads\/2025\/10\/DSC02657-scaled.jpg 2560w, https:\/\/www.legendyuvas.cz\/wp-content\/uploads\/2025\/10\/DSC02657-300x200.jpg 300w, https:\/\/www.legendyuvas.cz\/wp-content\/uploads\/2025\/10\/DSC02657-1024x683.jpg 1024w, https:\/\/www.legendyuvas.cz\/wp-content\/uploads\/2025\/10\/DSC02657-768x512.jpg 768w, https:\/\/www.legendyuvas.cz\/wp-content\/uploads\/2025\/10\/DSC02657-1536x1024.jpg 1536w, https:\/\/www.legendyuvas.cz\/wp-content\/uploads\/2025\/10\/DSC02657-2048x1365.jpg 2048w, https:\/\/www.legendyuvas.cz\/wp-content\/uploads\/2025\/10\/DSC02657-600x400.jpg 600w\" sizes=\"(max-width: 2560px) 100vw, 2560px\" \/><\/p>\n<p>Der <strong data-start=\"753\" data-end=\"764\">quattro<\/strong>-Allradantrieb verteilt die Leistung mit h\u00f6chster Pr\u00e4zision zwischen den Achsen, sodass der TT RS sowohl in schnellen Kurven als auch bei Sprints auf der Geraden absolute Stabilit\u00e4t bietet. Der 2.5 TFSI-Motor ist dank seines unverwechselbaren Sounds und des linearen Turboladers, der an Rennwagen der 80er Jahre erinnert, zu einer Ikone geworden. In Kombination mit geringem Gewicht und pr\u00e4ziser Lenkung bietet der Audi TT RS ein Fahrerlebnis, das mit deutlich teureren Supersportwagen mithalten kann.<\/p>\n<p><img decoding=\"async\" class=\"alignnone wp-image-30810 size-full\" src=\"https:\/\/www.legendyuvas.cz\/wp-content\/uploads\/2025\/10\/DSC02634-scaled.jpg\" alt=\"\" width=\"2560\" height=\"1707\" srcset=\"https:\/\/www.legendyuvas.cz\/wp-content\/uploads\/2025\/10\/DSC02634-scaled.jpg 2560w, https:\/\/www.legendyuvas.cz\/wp-content\/uploads\/2025\/10\/DSC02634-300x200.jpg 300w, https:\/\/www.legendyuvas.cz\/wp-content\/uploads\/2025\/10\/DSC02634-1024x683.jpg 1024w, https:\/\/www.legendyuvas.cz\/wp-content\/uploads\/2025\/10\/DSC02634-768x512.jpg 768w, https:\/\/www.legendyuvas.cz\/wp-content\/uploads\/2025\/10\/DSC02634-1536x1024.jpg 1536w, https:\/\/www.legendyuvas.cz\/wp-content\/uploads\/2025\/10\/DSC02634-2048x1365.jpg 2048w, https:\/\/www.legendyuvas.cz\/wp-content\/uploads\/2025\/10\/DSC02634-600x400.jpg 600w\" sizes=\"(max-width: 2560px) 100vw, 2560px\" \/><\/p>\n<p>Dieses spezielle Fahrzeug aus dem Jahr <strong data-start=\"1225\" data-end=\"1233\">2019<\/strong> befindet sich <strong data-start=\"1239\" data-end=\"1269\">im originalen Serienzustand<\/strong>, jedoch in einer einzigartigen Konfiguration \u2013 <strong data-start=\"1310\" data-end=\"1328\">Lackierung Nardo Grey<\/strong> kombiniert mit einem <strong data-start=\"1340\" data-end=\"1394\">braunen Audi Exclusive-Innenraum mit Carbon-Dekor<\/strong>. Elegantes Design, hochwertige Verarbeitung und kompromisslose Technik machen den TT RS zur perfekten Kombination aus Alltagstauglichkeit und reinem Fahrspa\u00df. Audi TT RS \u2013 eine kompakte Legende mit der Kraft und dem Charakter ihrer gro\u00dfen Br\u00fcder.<\/p>\n","protected":false},"excerpt":{"rendered":"<p>Alle unsere Autos <strong>k\u00f6nnen von Ihnen gefahren werden<\/strong> oder Sie k\u00f6nnen w\u00e4hlen, als Beifahrer mit einem Rennfahrer zu fahren.<\/p>\n","protected":false},"featured_media":30817,"comment_status":"open","ping_status":"closed","template":"","meta":[],"product_brand":[],"product_cat":[451],"product_tag":[],"class_list":{"0":"post-32780","1":"product","2":"type-product","3":"status-publish","4":"has-post-thumbnail","6":"product_cat-auta","8":"first","9":"instock","10":"shipping-taxable","11":"purchasable","12":"product-type-variable"},"yoast_head":"<!-- This site is optimized with the Yoast SEO plugin v24.8.1 - https:\/\/yoast.com\/wordpress\/plugins\/seo\/ -->\n<title>Audi TT RS (AT) - Legendy U V\u00e1s<\/title>\n<meta name=\"description\" content=\"Ein Adrenalin-Erlebnis mit Legendy u V\u00e1s \u2013 ein originelles Geschenk nicht nur f\u00fcr M\u00e4nner und Autoenthusiasten. Fahren Sie Sportwagen (Ferrari, Lamborghini, Porsche, ...) auf der Rennstrecke und auf der Landstra\u00dfe.\" \/>\n<meta name=\"robots\" content=\"index, follow, max-snippet:-1, max-image-preview:large, max-video-preview:-1\" \/>\n<link rel=\"canonical\" href=\"https:\/\/www.legendyuvas.cz\/?post_type=product&p=30776\" \/>\n<meta property=\"og:locale\" content=\"de_DE\" \/>\n<meta property=\"og:type\" content=\"article\" \/>\n<meta property=\"og:title\" content=\"Audi TT RS (AT) - Legendy U V\u00e1s\" \/>\n<meta property=\"og:description\" content=\"Ein Adrenalin-Erlebnis mit Legendy u V\u00e1s \u2013 ein originelles Geschenk nicht nur f\u00fcr M\u00e4nner und Autoenthusiasten. Fahren Sie Sportwagen (Ferrari, Lamborghini, Porsche, ...) auf der Rennstrecke und auf der Landstra\u00dfe.\" \/>\n<meta property=\"og:url\" content=\"https:\/\/www.legendyuvas.cz\/?post_type=product&amp;p=30776\" \/>\n<meta property=\"og:site_name\" content=\"Legendy U V\u00e1s\" \/>\n<meta property=\"article:publisher\" content=\"https:\/\/www.facebook.com\/autolegendyuvas\" \/>\n<meta property=\"article:modified_time\" content=\"2025-12-27T00:02:48+00:00\" \/>\n<meta property=\"og:image\" content=\"https:\/\/www.legendyuvas.cz\/wp-content\/uploads\/2025\/10\/DSC02670-scaled.jpg\" \/>\n\t<meta property=\"og:image:width\" content=\"2560\" \/>\n\t<meta property=\"og:image:height\" content=\"1707\" \/>\n\t<meta property=\"og:image:type\" content=\"image\/jpeg\" \/>\n<meta name=\"twitter:card\" content=\"summary_large_image\" \/>\n<meta name=\"twitter:label1\" content=\"Gesch\u00e4tzte Lesezeit\" \/>\n\t<meta name=\"twitter:data1\" content=\"1\u00a0Minute\" \/>\n<script type=\"application\/ld+json\" class=\"yoast-schema-graph\">{\"@context\":\"https:\/\/schema.org\",\"@graph\":[{\"@type\":\"WebPage\",\"@id\":\"https:\/\/www.legendyuvas.cz\/?post_type=product&p=30776\",\"url\":\"https:\/\/www.legendyuvas.cz\/?post_type=product&p=30776\",\"name\":\"Audi TT RS (AT) - Legendy U V\u00e1s\",\"isPartOf\":{\"@id\":\"https:\/\/www.legendyuvas.cz\/#website\"},\"primaryImageOfPage\":{\"@id\":\"https:\/\/www.legendyuvas.cz\/?post_type=product&p=30776#primaryimage\"},\"image\":{\"@id\":\"https:\/\/www.legendyuvas.cz\/?post_type=product&p=30776#primaryimage\"},\"thumbnailUrl\":\"https:\/\/www.legendyuvas.cz\/wp-content\/uploads\/2025\/10\/DSC02670-scaled.jpg\",\"datePublished\":\"2024-11-19T08:50:07+00:00\",\"dateModified\":\"2025-12-27T00:02:48+00:00\",\"description\":\"Ein Adrenalin-Erlebnis mit Legendy u V\u00e1s \u2013 ein originelles Geschenk nicht nur f\u00fcr M\u00e4nner und Autoenthusiasten. Fahren Sie Sportwagen (Ferrari, Lamborghini, Porsche, ...) auf der Rennstrecke und auf der Landstra\u00dfe.\",\"breadcrumb\":{\"@id\":\"https:\/\/www.legendyuvas.cz\/?post_type=product&p=30776#breadcrumb\"},\"inLanguage\":\"de\",\"potentialAction\":[{\"@type\":\"ReadAction\",\"target\":[\"https:\/\/www.legendyuvas.cz\/?post_type=product&p=30776\"]}]},{\"@type\":\"ImageObject\",\"inLanguage\":\"de\",\"@id\":\"https:\/\/www.legendyuvas.cz\/?post_type=product&p=30776#primaryimage\",\"url\":\"https:\/\/www.legendyuvas.cz\/wp-content\/uploads\/2025\/10\/DSC02670-scaled.jpg\",\"contentUrl\":\"https:\/\/www.legendyuvas.cz\/wp-content\/uploads\/2025\/10\/DSC02670-scaled.jpg\",\"width\":2560,\"height\":1707},{\"@type\":\"BreadcrumbList\",\"@id\":\"https:\/\/www.legendyuvas.cz\/?post_type=product&p=30776#breadcrumb\",\"itemListElement\":[{\"@type\":\"ListItem\",\"position\":1,\"name\":\"Dom\u016f\",\"item\":\"https:\/\/www.legendyuvas.cz\/\"},{\"@type\":\"ListItem\",\"position\":2,\"name\":\"Shop\",\"item\":\"https:\/\/www.legendyuvas.cz\/de\/shop\/\"},{\"@type\":\"ListItem\",\"position\":3,\"name\":\"Audi TT RS (AT)\"}]},{\"@type\":\"WebSite\",\"@id\":\"https:\/\/www.legendyuvas.cz\/#website\",\"url\":\"https:\/\/www.legendyuvas.cz\/\",\"name\":\"Legendy U V\u00e1s\",\"description\":\"Dechberouc\u00ed z\u00e1\u017eitky v autech a motork\u00e1ch\",\"publisher\":{\"@id\":\"https:\/\/www.legendyuvas.cz\/#organization\"},\"potentialAction\":[{\"@type\":\"SearchAction\",\"target\":{\"@type\":\"EntryPoint\",\"urlTemplate\":\"https:\/\/www.legendyuvas.cz\/?s={search_term_string}\"},\"query-input\":{\"@type\":\"PropertyValueSpecification\",\"valueRequired\":true,\"valueName\":\"search_term_string\"}}],\"inLanguage\":\"de\"},{\"@type\":\"Organization\",\"@id\":\"https:\/\/www.legendyuvas.cz\/#organization\",\"name\":\"Bontex2 s.r.o.\",\"url\":\"https:\/\/www.legendyuvas.cz\/\",\"logo\":{\"@type\":\"ImageObject\",\"inLanguage\":\"de\",\"@id\":\"https:\/\/www.legendyuvas.cz\/#\/schema\/logo\/image\/\",\"url\":\"https:\/\/www.legendyuvas.cz\/wp-content\/uploads\/2021\/03\/Legendy-u-Vas.jpg\",\"contentUrl\":\"https:\/\/www.legendyuvas.cz\/wp-content\/uploads\/2021\/03\/Legendy-u-Vas.jpg\",\"width\":400,\"height\":240,\"caption\":\"Bontex2 s.r.o.\"},\"image\":{\"@id\":\"https:\/\/www.legendyuvas.cz\/#\/schema\/logo\/image\/\"},\"sameAs\":[\"https:\/\/www.facebook.com\/autolegendyuvas\",\"https:\/\/www.facebook.com\/motolegendyuvas\",\"https:\/\/www.instagram.com\/autolegendyuvas\/\",\"https:\/\/www.instagram.com\/motolegendyuvas\/\"]}]}<\/script>\n<!-- \/ Yoast SEO plugin. -->","yoast_head_json":{"title":"Audi TT RS (AT) - Legendy U V\u00e1s","description":"Ein Adrenalin-Erlebnis mit Legendy u V\u00e1s \u2013 ein originelles Geschenk nicht nur f\u00fcr M\u00e4nner und Autoenthusiasten. Fahren Sie Sportwagen (Ferrari, Lamborghini, Porsche, ...) auf der Rennstrecke und auf der Landstra\u00dfe.","robots":{"index":"index","follow":"follow","max-snippet":"max-snippet:-1","max-image-preview":"max-image-preview:large","max-video-preview":"max-video-preview:-1"},"canonical":"https:\/\/www.legendyuvas.cz\/?post_type=product&p=30776","og_locale":"de_DE","og_type":"article","og_title":"Audi TT RS (AT) - Legendy U V\u00e1s","og_description":"Ein Adrenalin-Erlebnis mit Legendy u V\u00e1s \u2013 ein originelles Geschenk nicht nur f\u00fcr M\u00e4nner und Autoenthusiasten. Fahren Sie Sportwagen (Ferrari, Lamborghini, Porsche, ...) auf der Rennstrecke und auf der Landstra\u00dfe.","og_url":"https:\/\/www.legendyuvas.cz\/?post_type=product&p=30776","og_site_name":"Legendy U V\u00e1s","article_publisher":"https:\/\/www.facebook.com\/autolegendyuvas","article_modified_time":"2025-12-27T00:02:48+00:00","og_image":[{"width":2560,"height":1707,"url":"https:\/\/www.legendyuvas.cz\/wp-content\/uploads\/2025\/10\/DSC02670-scaled.jpg","type":"image\/jpeg"}],"twitter_card":"summary_large_image","twitter_misc":{"Gesch\u00e4tzte Lesezeit":"1\u00a0Minute"},"schema":{"@context":"https:\/\/schema.org","@graph":[{"@type":"WebPage","@id":"https:\/\/www.legendyuvas.cz\/?post_type=product&p=30776","url":"https:\/\/www.legendyuvas.cz\/?post_type=product&p=30776","name":"Audi TT RS (AT) - Legendy U V\u00e1s","isPartOf":{"@id":"https:\/\/www.legendyuvas.cz\/#website"},"primaryImageOfPage":{"@id":"https:\/\/www.legendyuvas.cz\/?post_type=product&p=30776#primaryimage"},"image":{"@id":"https:\/\/www.legendyuvas.cz\/?post_type=product&p=30776#primaryimage"},"thumbnailUrl":"https:\/\/www.legendyuvas.cz\/wp-content\/uploads\/2025\/10\/DSC02670-scaled.jpg","datePublished":"2024-11-19T08:50:07+00:00","dateModified":"2025-12-27T00:02:48+00:00","description":"Ein Adrenalin-Erlebnis mit Legendy u V\u00e1s \u2013 ein originelles Geschenk nicht nur f\u00fcr M\u00e4nner und Autoenthusiasten. Fahren Sie Sportwagen (Ferrari, Lamborghini, Porsche, ...) auf der Rennstrecke und auf der Landstra\u00dfe.","breadcrumb":{"@id":"https:\/\/www.legendyuvas.cz\/?post_type=product&p=30776#breadcrumb"},"inLanguage":"de","potentialAction":[{"@type":"ReadAction","target":["https:\/\/www.legendyuvas.cz\/?post_type=product&p=30776"]}]},{"@type":"ImageObject","inLanguage":"de","@id":"https:\/\/www.legendyuvas.cz\/?post_type=product&p=30776#primaryimage","url":"https:\/\/www.legendyuvas.cz\/wp-content\/uploads\/2025\/10\/DSC02670-scaled.jpg","contentUrl":"https:\/\/www.legendyuvas.cz\/wp-content\/uploads\/2025\/10\/DSC02670-scaled.jpg","width":2560,"height":1707},{"@type":"BreadcrumbList","@id":"https:\/\/www.legendyuvas.cz\/?post_type=product&p=30776#breadcrumb","itemListElement":[{"@type":"ListItem","position":1,"name":"Dom\u016f","item":"https:\/\/www.legendyuvas.cz\/"},{"@type":"ListItem","position":2,"name":"Shop","item":"https:\/\/www.legendyuvas.cz\/de\/shop\/"},{"@type":"ListItem","position":3,"name":"Audi TT RS (AT)"}]},{"@type":"WebSite","@id":"https:\/\/www.legendyuvas.cz\/#website","url":"https:\/\/www.legendyuvas.cz\/","name":"Legendy U V\u00e1s","description":"Dechberouc\u00ed z\u00e1\u017eitky v autech a motork\u00e1ch","publisher":{"@id":"https:\/\/www.legendyuvas.cz\/#organization"},"potentialAction":[{"@type":"SearchAction","target":{"@type":"EntryPoint","urlTemplate":"https:\/\/www.legendyuvas.cz\/?s={search_term_string}"},"query-input":{"@type":"PropertyValueSpecification","valueRequired":true,"valueName":"search_term_string"}}],"inLanguage":"de"},{"@type":"Organization","@id":"https:\/\/www.legendyuvas.cz\/#organization","name":"Bontex2 s.r.o.","url":"https:\/\/www.legendyuvas.cz\/","logo":{"@type":"ImageObject","inLanguage":"de","@id":"https:\/\/www.legendyuvas.cz\/#\/schema\/logo\/image\/","url":"https:\/\/www.legendyuvas.cz\/wp-content\/uploads\/2021\/03\/Legendy-u-Vas.jpg","contentUrl":"https:\/\/www.legendyuvas.cz\/wp-content\/uploads\/2021\/03\/Legendy-u-Vas.jpg","width":400,"height":240,"caption":"Bontex2 s.r.o."},"image":{"@id":"https:\/\/www.legendyuvas.cz\/#\/schema\/logo\/image\/"},"sameAs":["https:\/\/www.facebook.com\/autolegendyuvas","https:\/\/www.facebook.com\/motolegendyuvas","https:\/\/www.instagram.com\/autolegendyuvas\/","https:\/\/www.instagram.com\/motolegendyuvas\/"]}]}},"_links":{"self":[{"href":"https:\/\/www.legendyuvas.cz\/de\/wp-json\/wp\/v2\/product\/32780","targetHints":{"allow":["GET"]}}],"collection":[{"href":"https:\/\/www.legendyuvas.cz\/de\/wp-json\/wp\/v2\/product"}],"about":[{"href":"https:\/\/www.legendyuvas.cz\/de\/wp-json\/wp\/v2\/types\/product"}],"replies":[{"embeddable":true,"href":"https:\/\/www.legendyuvas.cz\/de\/wp-json\/wp\/v2\/comments?post=32780"}],"version-history":[{"count":1,"href":"https:\/\/www.legendyuvas.cz\/de\/wp-json\/wp\/v2\/product\/32780\/revisions"}],"predecessor-version":[{"id":33230,"href":"https:\/\/www.legendyuvas.cz\/de\/wp-json\/wp\/v2\/product\/32780\/revisions\/33230"}],"wp:featuredmedia":[{"embeddable":true,"href":"https:\/\/www.legendyuvas.cz\/de\/wp-json\/wp\/v2\/media\/30817"}],"wp:attachment":[{"href":"https:\/\/www.legendyuvas.cz\/de\/wp-json\/wp\/v2\/media?parent=32780"}],"wp:term":[{"taxonomy":"product_brand","embeddable":true,"href":"https:\/\/www.legendyuvas.cz\/de\/wp-json\/wp\/v2\/product_brand?post=32780"},{"taxonomy":"product_cat","embeddable":true,"href":"https:\/\/www.legendyuvas.cz\/de\/wp-json\/wp\/v2\/product_cat?post=32780"},{"taxonomy":"product_tag","embeddable":true,"href":"https:\/\/www.legendyuvas.cz\/de\/wp-json\/wp\/v2\/product_tag?post=32780"}],"curies":[{"name":"wp","href":"https:\/\/api.w.org\/{rel}","templated":true}]}}