{"id":33101,"date":"2024-11-19T08:52:29","date_gmt":"2024-11-19T08:52:29","guid":{"rendered":"https:\/\/www.legendyuvas.cz\/produkt\/chevrolet-corvette-c8-at\/"},"modified":"2025-12-27T00:02:40","modified_gmt":"2025-12-27T00:02:40","slug":"chevrolet-corvette-c8-at","status":"publish","type":"product","link":"https:\/\/www.legendyuvas.cz\/de\/produkt\/chevrolet-corvette-c8-at\/","title":{"rendered":"Chevrolet Corvette C8 (AT)"},"content":{"rendered":"<h1>Der amerikanische Traum auf R\u00e4dern!<\/h1>\n<p> Mach dich bereit f\u00fcr eine Fahrt, die dich in die Welt von <strong>reiner Leistung<\/strong> und Eleganz entf\u00fchrt. Der <strong>Corvette C8 Convertible<\/strong>, dieser ikonische amerikanische Sportwagen mit Mittelmotor, zeigt dir, was <strong>Geschwindigkeit<\/strong> wirklich bedeutet! Unter der Haube arbeitet ein <strong>6,2-Liter-V8-Motor<\/strong> mit beeindruckenden <strong>495 PS<\/strong> und 637 Nm Drehmoment. Damit sprintest du in nur <strong>3 Sekunden<\/strong> von 0 auf 100 km\/h und erreichst eine H\u00f6chstgeschwindigkeit von <strong>\u00fcber 300 km\/h!<\/strong><\/p>\n<p>Dank des ausgekl\u00fcgelten 8-Gang-Doppelkupplungs<strong>automatikgetriebes<\/strong> und des Heckantriebs genie\u00dft du <strong>pure Dynamik<\/strong> und pr\u00e4zises Handling auf jedem Meter der Strecke. Die aktive Aerodynamik und adaptiven D\u00e4mpfer sorgen f\u00fcr <strong>perfekte Stabilit\u00e4t und Haftung,<\/strong> sodass jede Kurve <strong>zum Vergn\u00fcgen<\/strong> wird.<\/p>\n<p>Und was ist mit einer Fahrt <strong>mit dem Wind in den Haaren?<\/strong> Dieses Fahrzeug l\u00e4sst sich leicht in ein <strong>Cabriolet<\/strong> verwandeln, sodass du nicht nur den Motorsound, sondern auch die Sonne <strong>\u00fcber dir<\/strong> genie\u00dfen kannst.<\/p>\n<p>Egal, ob du dich entscheidest, <strong>selbst ans Steuer zu gehen<\/strong> oder die Fahrt als <strong>Beifahrer<\/strong> zu genie\u00dfen \u2013 der Corvette C8 Convertible wird dich mit seiner Kraft, Eleganz und dem unvergesslichen Fahrerlebnis begeistern.<\/p>\n","protected":false},"excerpt":{"rendered":"<p>Alle unsere Autos <strong>k\u00f6nnen von Ihnen gefahren werden<\/strong>, oder Sie k\u00f6nnen w\u00e4hlen, als Beifahrer mit einem Rennfahrer zu fahren.<\/p>\n","protected":false},"featured_media":41268,"comment_status":"open","ping_status":"closed","template":"","meta":[],"product_brand":[],"product_cat":[451],"product_tag":[],"class_list":{"0":"post-33101","1":"product","2":"type-product","3":"status-publish","4":"has-post-thumbnail","6":"product_cat-auta","8":"first","9":"instock","10":"shipping-taxable","11":"purchasable","12":"product-type-variable"},"yoast_head":"<!-- This site is optimized with the Yoast SEO plugin v24.8.1 - https:\/\/yoast.com\/wordpress\/plugins\/seo\/ -->\n<title>Chevrolet Corvette C8 (AT) - Legendy U V\u00e1s<\/title>\n<meta name=\"description\" content=\"Ein Adrenalin-Erlebnis mit Legendy u V\u00e1s \u2013 ein originelles Geschenk nicht nur f\u00fcr M\u00e4nner und Autoenthusiasten. Fahren Sie Sportwagen (Ferrari, Lamborghini, Porsche, ...) auf der Rennstrecke und auf der Landstra\u00dfe.\" \/>\n<meta name=\"robots\" content=\"index, follow, max-snippet:-1, max-image-preview:large, max-video-preview:-1\" \/>\n<link rel=\"canonical\" href=\"https:\/\/www.legendyuvas.cz\/de\/produkt\/chevrolet-corvette-c8-at\/\" \/>\n<meta property=\"og:locale\" content=\"de_DE\" \/>\n<meta property=\"og:type\" content=\"article\" \/>\n<meta property=\"og:title\" content=\"Chevrolet Corvette C8 (AT) - Legendy U V\u00e1s\" \/>\n<meta property=\"og:description\" content=\"Ein Adrenalin-Erlebnis mit Legendy u V\u00e1s \u2013 ein originelles Geschenk nicht nur f\u00fcr M\u00e4nner und Autoenthusiasten. Fahren Sie Sportwagen (Ferrari, Lamborghini, Porsche, ...) auf der Rennstrecke und auf der Landstra\u00dfe.\" \/>\n<meta property=\"og:url\" content=\"https:\/\/www.legendyuvas.cz\/de\/produkt\/chevrolet-corvette-c8-at\/\" \/>\n<meta property=\"og:site_name\" content=\"Legendy U V\u00e1s\" \/>\n<meta property=\"article:publisher\" content=\"https:\/\/www.facebook.com\/autolegendyuvas\" \/>\n<meta property=\"article:modified_time\" content=\"2025-12-27T00:02:40+00:00\" \/>\n<meta property=\"og:image\" content=\"https:\/\/www.legendyuvas.cz\/wp-content\/uploads\/2024\/11\/417-DSC_8537-scaled.jpg\" \/>\n\t<meta property=\"og:image:width\" content=\"2560\" \/>\n\t<meta property=\"og:image:height\" content=\"1707\" \/>\n\t<meta property=\"og:image:type\" content=\"image\/jpeg\" \/>\n<meta name=\"twitter:card\" content=\"summary_large_image\" \/>\n<meta name=\"twitter:label1\" content=\"Gesch\u00e4tzte Lesezeit\" \/>\n\t<meta name=\"twitter:data1\" content=\"1\u00a0Minute\" \/>\n<script type=\"application\/ld+json\" class=\"yoast-schema-graph\">{\"@context\":\"https:\/\/schema.org\",\"@graph\":[{\"@type\":\"WebPage\",\"@id\":\"https:\/\/www.legendyuvas.cz\/de\/produkt\/chevrolet-corvette-c8-at\/\",\"url\":\"https:\/\/www.legendyuvas.cz\/de\/produkt\/chevrolet-corvette-c8-at\/\",\"name\":\"Chevrolet Corvette C8 (AT) - Legendy U V\u00e1s\",\"isPartOf\":{\"@id\":\"https:\/\/www.legendyuvas.cz\/#website\"},\"primaryImageOfPage\":{\"@id\":\"https:\/\/www.legendyuvas.cz\/de\/produkt\/chevrolet-corvette-c8-at\/#primaryimage\"},\"image\":{\"@id\":\"https:\/\/www.legendyuvas.cz\/de\/produkt\/chevrolet-corvette-c8-at\/#primaryimage\"},\"thumbnailUrl\":\"https:\/\/www.legendyuvas.cz\/wp-content\/uploads\/2024\/11\/417-DSC_8537-scaled-1.webp\",\"datePublished\":\"2024-11-19T08:52:29+00:00\",\"dateModified\":\"2025-12-27T00:02:40+00:00\",\"description\":\"Ein Adrenalin-Erlebnis mit Legendy u V\u00e1s \u2013 ein originelles Geschenk nicht nur f\u00fcr M\u00e4nner und Autoenthusiasten. Fahren Sie Sportwagen (Ferrari, Lamborghini, Porsche, ...) auf der Rennstrecke und auf der Landstra\u00dfe.\",\"breadcrumb\":{\"@id\":\"https:\/\/www.legendyuvas.cz\/de\/produkt\/chevrolet-corvette-c8-at\/#breadcrumb\"},\"inLanguage\":\"de\",\"potentialAction\":[{\"@type\":\"ReadAction\",\"target\":[\"https:\/\/www.legendyuvas.cz\/de\/produkt\/chevrolet-corvette-c8-at\/\"]}]},{\"@type\":\"ImageObject\",\"inLanguage\":\"de\",\"@id\":\"https:\/\/www.legendyuvas.cz\/de\/produkt\/chevrolet-corvette-c8-at\/#primaryimage\",\"url\":\"https:\/\/www.legendyuvas.cz\/wp-content\/uploads\/2024\/11\/417-DSC_8537-scaled-1.webp\",\"contentUrl\":\"https:\/\/www.legendyuvas.cz\/wp-content\/uploads\/2024\/11\/417-DSC_8537-scaled-1.webp\",\"width\":2560,\"height\":1707},{\"@type\":\"BreadcrumbList\",\"@id\":\"https:\/\/www.legendyuvas.cz\/de\/produkt\/chevrolet-corvette-c8-at\/#breadcrumb\",\"itemListElement\":[{\"@type\":\"ListItem\",\"position\":1,\"name\":\"Dom\u016f\",\"item\":\"https:\/\/www.legendyuvas.cz\/\"},{\"@type\":\"ListItem\",\"position\":2,\"name\":\"Shop\",\"item\":\"https:\/\/www.legendyuvas.cz\/de\/shop\/\"},{\"@type\":\"ListItem\",\"position\":3,\"name\":\"Chevrolet Corvette C8 (AT)\"}]},{\"@type\":\"WebSite\",\"@id\":\"https:\/\/www.legendyuvas.cz\/#website\",\"url\":\"https:\/\/www.legendyuvas.cz\/\",\"name\":\"Legendy U V\u00e1s\",\"description\":\"Dechberouc\u00ed z\u00e1\u017eitky v autech a motork\u00e1ch\",\"publisher\":{\"@id\":\"https:\/\/www.legendyuvas.cz\/#organization\"},\"potentialAction\":[{\"@type\":\"SearchAction\",\"target\":{\"@type\":\"EntryPoint\",\"urlTemplate\":\"https:\/\/www.legendyuvas.cz\/?s={search_term_string}\"},\"query-input\":{\"@type\":\"PropertyValueSpecification\",\"valueRequired\":true,\"valueName\":\"search_term_string\"}}],\"inLanguage\":\"de\"},{\"@type\":\"Organization\",\"@id\":\"https:\/\/www.legendyuvas.cz\/#organization\",\"name\":\"Bontex2 s.r.o.\",\"url\":\"https:\/\/www.legendyuvas.cz\/\",\"logo\":{\"@type\":\"ImageObject\",\"inLanguage\":\"de\",\"@id\":\"https:\/\/www.legendyuvas.cz\/#\/schema\/logo\/image\/\",\"url\":\"https:\/\/www.legendyuvas.cz\/wp-content\/uploads\/2021\/03\/Legendy-u-Vas.jpg\",\"contentUrl\":\"https:\/\/www.legendyuvas.cz\/wp-content\/uploads\/2021\/03\/Legendy-u-Vas.jpg\",\"width\":400,\"height\":240,\"caption\":\"Bontex2 s.r.o.\"},\"image\":{\"@id\":\"https:\/\/www.legendyuvas.cz\/#\/schema\/logo\/image\/\"},\"sameAs\":[\"https:\/\/www.facebook.com\/autolegendyuvas\",\"https:\/\/www.facebook.com\/motolegendyuvas\",\"https:\/\/www.instagram.com\/autolegendyuvas\/\",\"https:\/\/www.instagram.com\/motolegendyuvas\/\"]}]}<\/script>\n<!-- \/ Yoast SEO plugin. -->","yoast_head_json":{"title":"Chevrolet Corvette C8 (AT) - Legendy U V\u00e1s","description":"Ein Adrenalin-Erlebnis mit Legendy u V\u00e1s \u2013 ein originelles Geschenk nicht nur f\u00fcr M\u00e4nner und Autoenthusiasten. Fahren Sie Sportwagen (Ferrari, Lamborghini, Porsche, ...) auf der Rennstrecke und auf der Landstra\u00dfe.","robots":{"index":"index","follow":"follow","max-snippet":"max-snippet:-1","max-image-preview":"max-image-preview:large","max-video-preview":"max-video-preview:-1"},"canonical":"https:\/\/www.legendyuvas.cz\/de\/produkt\/chevrolet-corvette-c8-at\/","og_locale":"de_DE","og_type":"article","og_title":"Chevrolet Corvette C8 (AT) - Legendy U V\u00e1s","og_description":"Ein Adrenalin-Erlebnis mit Legendy u V\u00e1s \u2013 ein originelles Geschenk nicht nur f\u00fcr M\u00e4nner und Autoenthusiasten. Fahren Sie Sportwagen (Ferrari, Lamborghini, Porsche, ...) auf der Rennstrecke und auf der Landstra\u00dfe.","og_url":"https:\/\/www.legendyuvas.cz\/de\/produkt\/chevrolet-corvette-c8-at\/","og_site_name":"Legendy U V\u00e1s","article_publisher":"https:\/\/www.facebook.com\/autolegendyuvas","article_modified_time":"2025-12-27T00:02:40+00:00","og_image":[{"width":2560,"height":1707,"url":"https:\/\/www.legendyuvas.cz\/wp-content\/uploads\/2024\/11\/417-DSC_8537-scaled.jpg","type":"image\/jpeg"}],"twitter_card":"summary_large_image","twitter_misc":{"Gesch\u00e4tzte Lesezeit":"1\u00a0Minute"},"schema":{"@context":"https:\/\/schema.org","@graph":[{"@type":"WebPage","@id":"https:\/\/www.legendyuvas.cz\/de\/produkt\/chevrolet-corvette-c8-at\/","url":"https:\/\/www.legendyuvas.cz\/de\/produkt\/chevrolet-corvette-c8-at\/","name":"Chevrolet Corvette C8 (AT) - Legendy U V\u00e1s","isPartOf":{"@id":"https:\/\/www.legendyuvas.cz\/#website"},"primaryImageOfPage":{"@id":"https:\/\/www.legendyuvas.cz\/de\/produkt\/chevrolet-corvette-c8-at\/#primaryimage"},"image":{"@id":"https:\/\/www.legendyuvas.cz\/de\/produkt\/chevrolet-corvette-c8-at\/#primaryimage"},"thumbnailUrl":"https:\/\/www.legendyuvas.cz\/wp-content\/uploads\/2024\/11\/417-DSC_8537-scaled-1.webp","datePublished":"2024-11-19T08:52:29+00:00","dateModified":"2025-12-27T00:02:40+00:00","description":"Ein Adrenalin-Erlebnis mit Legendy u V\u00e1s \u2013 ein originelles Geschenk nicht nur f\u00fcr M\u00e4nner und Autoenthusiasten. Fahren Sie Sportwagen (Ferrari, Lamborghini, Porsche, ...) auf der Rennstrecke und auf der Landstra\u00dfe.","breadcrumb":{"@id":"https:\/\/www.legendyuvas.cz\/de\/produkt\/chevrolet-corvette-c8-at\/#breadcrumb"},"inLanguage":"de","potentialAction":[{"@type":"ReadAction","target":["https:\/\/www.legendyuvas.cz\/de\/produkt\/chevrolet-corvette-c8-at\/"]}]},{"@type":"ImageObject","inLanguage":"de","@id":"https:\/\/www.legendyuvas.cz\/de\/produkt\/chevrolet-corvette-c8-at\/#primaryimage","url":"https:\/\/www.legendyuvas.cz\/wp-content\/uploads\/2024\/11\/417-DSC_8537-scaled-1.webp","contentUrl":"https:\/\/www.legendyuvas.cz\/wp-content\/uploads\/2024\/11\/417-DSC_8537-scaled-1.webp","width":2560,"height":1707},{"@type":"BreadcrumbList","@id":"https:\/\/www.legendyuvas.cz\/de\/produkt\/chevrolet-corvette-c8-at\/#breadcrumb","itemListElement":[{"@type":"ListItem","position":1,"name":"Dom\u016f","item":"https:\/\/www.legendyuvas.cz\/"},{"@type":"ListItem","position":2,"name":"Shop","item":"https:\/\/www.legendyuvas.cz\/de\/shop\/"},{"@type":"ListItem","position":3,"name":"Chevrolet Corvette C8 (AT)"}]},{"@type":"WebSite","@id":"https:\/\/www.legendyuvas.cz\/#website","url":"https:\/\/www.legendyuvas.cz\/","name":"Legendy U V\u00e1s","description":"Dechberouc\u00ed z\u00e1\u017eitky v autech a motork\u00e1ch","publisher":{"@id":"https:\/\/www.legendyuvas.cz\/#organization"},"potentialAction":[{"@type":"SearchAction","target":{"@type":"EntryPoint","urlTemplate":"https:\/\/www.legendyuvas.cz\/?s={search_term_string}"},"query-input":{"@type":"PropertyValueSpecification","valueRequired":true,"valueName":"search_term_string"}}],"inLanguage":"de"},{"@type":"Organization","@id":"https:\/\/www.legendyuvas.cz\/#organization","name":"Bontex2 s.r.o.","url":"https:\/\/www.legendyuvas.cz\/","logo":{"@type":"ImageObject","inLanguage":"de","@id":"https:\/\/www.legendyuvas.cz\/#\/schema\/logo\/image\/","url":"https:\/\/www.legendyuvas.cz\/wp-content\/uploads\/2021\/03\/Legendy-u-Vas.jpg","contentUrl":"https:\/\/www.legendyuvas.cz\/wp-content\/uploads\/2021\/03\/Legendy-u-Vas.jpg","width":400,"height":240,"caption":"Bontex2 s.r.o."},"image":{"@id":"https:\/\/www.legendyuvas.cz\/#\/schema\/logo\/image\/"},"sameAs":["https:\/\/www.facebook.com\/autolegendyuvas","https:\/\/www.facebook.com\/motolegendyuvas","https:\/\/www.instagram.com\/autolegendyuvas\/","https:\/\/www.instagram.com\/motolegendyuvas\/"]}]}},"_links":{"self":[{"href":"https:\/\/www.legendyuvas.cz\/de\/wp-json\/wp\/v2\/product\/33101","targetHints":{"allow":["GET"]}}],"collection":[{"href":"https:\/\/www.legendyuvas.cz\/de\/wp-json\/wp\/v2\/product"}],"about":[{"href":"https:\/\/www.legendyuvas.cz\/de\/wp-json\/wp\/v2\/types\/product"}],"replies":[{"embeddable":true,"href":"https:\/\/www.legendyuvas.cz\/de\/wp-json\/wp\/v2\/comments?post=33101"}],"version-history":[{"count":1,"href":"https:\/\/www.legendyuvas.cz\/de\/wp-json\/wp\/v2\/product\/33101\/revisions"}],"predecessor-version":[{"id":33102,"href":"https:\/\/www.legendyuvas.cz\/de\/wp-json\/wp\/v2\/product\/33101\/revisions\/33102"}],"wp:featuredmedia":[{"embeddable":true,"href":"https:\/\/www.legendyuvas.cz\/de\/wp-json\/wp\/v2\/media\/41268"}],"wp:attachment":[{"href":"https:\/\/www.legendyuvas.cz\/de\/wp-json\/wp\/v2\/media?parent=33101"}],"wp:term":[{"taxonomy":"product_brand","embeddable":true,"href":"https:\/\/www.legendyuvas.cz\/de\/wp-json\/wp\/v2\/product_brand?post=33101"},{"taxonomy":"product_cat","embeddable":true,"href":"https:\/\/www.legendyuvas.cz\/de\/wp-json\/wp\/v2\/product_cat?post=33101"},{"taxonomy":"product_tag","embeddable":true,"href":"https:\/\/www.legendyuvas.cz\/de\/wp-json\/wp\/v2\/product_tag?post=33101"}],"curies":[{"name":"wp","href":"https:\/\/api.w.org\/{rel}","templated":true}]}}