{"id":33111,"date":"2025-11-26T10:47:40","date_gmt":"2025-11-26T10:47:40","guid":{"rendered":"https:\/\/www.legendyuvas.cz\/produkt\/porsche-911-gt3-rs-991-1-at\/"},"modified":"2025-12-27T00:02:41","modified_gmt":"2025-12-27T00:02:41","slug":"porsche-911-gt3-rs-991-1-at","status":"publish","type":"product","link":"https:\/\/www.legendyuvas.cz\/de\/produkt\/porsche-911-gt3-rs-991-1-at\/","title":{"rendered":"Porsche 911 GT3 RS 991.1 (AT)"},"content":{"rendered":"<h1>Brutalit\u00e4t auf vier R\u00e4dern<\/h1>\n<p> Schon beim Einsteigen wird klar, dass man hier eher in einem <strong>Raumschiff<\/strong> als in einem Auto sitzt. Jedes Detail ist perfekt abgestimmt, um maximale Leistung, Pr\u00e4zision und Geschwindigkeit zu erreichen. Mit einer atemberaubenden Beschleunigung von 0 auf 100 km\/h in nur 3,3 Sekunden und einem <strong>automatischen Doppelkupplungsgetriebe (PDK)<\/strong> verk\u00f6rpert der GT3 RS die Essenz von Geschwindigkeit und Agilit\u00e4t.<\/p>\n<p><iframe title=\"Porsche GT3 RS\ud83c\udfc1\ud83e\udde1\" width=\"800\" height=\"450\" src=\"https:\/\/www.youtube.com\/embed\/ZSHKunwAnLI?feature=oembed&#038;enablejsapi=1&#038;origin=https:\/\/www.legendyuvas.cz\" frameborder=\"0\" allow=\"accelerometer; autoplay; clipboard-write; encrypted-media; gyroscope; picture-in-picture; web-share\" referrerpolicy=\"strict-origin-when-cross-origin\" allowfullscreen><\/iframe><\/p>\n<p>Er ist ein Rennbiest, das mit keinem anderen Fahrzeug vergleichbar ist. Mit einem Gewicht von nur 1.420 kg zeigt der GT3 RS auf der Rennstrecke sein volles Potenzial \u2013 hoher Abtrieb und perfekt abgestimmte Geometrie machen ihn nicht nur unglaublich schnell, sondern auch extrem pr\u00e4zise und kontrollierbar. Jeder wird diese Fahrt lieben \u2013 egal, ob man selbst f\u00e4hrt oder sich von unserem Profi-Fahrer mitnehmen l\u00e4sst.<\/p>\n<h1><img fetchpriority=\"high\" decoding=\"async\" class=\"alignnone wp-image-19115 size-full\" src=\"https:\/\/www.legendyuvas.cz\/wp-content\/uploads\/2025\/04\/1000086499-scaled.jpg\" alt=\"\" width=\"2560\" height=\"1707\" srcset=\"https:\/\/www.legendyuvas.cz\/wp-content\/uploads\/2025\/04\/1000086499-scaled.jpg 2560w, https:\/\/www.legendyuvas.cz\/wp-content\/uploads\/2025\/04\/1000086499-300x200.jpg 300w, https:\/\/www.legendyuvas.cz\/wp-content\/uploads\/2025\/04\/1000086499-1024x683.jpg 1024w, https:\/\/www.legendyuvas.cz\/wp-content\/uploads\/2025\/04\/1000086499-768x512.jpg 768w, https:\/\/www.legendyuvas.cz\/wp-content\/uploads\/2025\/04\/1000086499-1536x1024.jpg 1536w, https:\/\/www.legendyuvas.cz\/wp-content\/uploads\/2025\/04\/1000086499-2048x1365.jpg 2048w, https:\/\/www.legendyuvas.cz\/wp-content\/uploads\/2025\/04\/1000086499-600x400.jpg 600w\" sizes=\"(max-width: 2560px) 100vw, 2560px\" \/><\/h1>\n<p>Dieses Erlebnis ist das perfekte Geschenk f\u00fcr alle Motorsport-Fans und Liebhaber schneller Autos. Das ist nicht einfach nur eine Fahrt \u2013 das ist ein Erlebnis, bei dem man sich wie ein echter Rennfahrer f\u00fchlt.<\/p>\n","protected":false},"excerpt":{"rendered":"<p>Alle unsere Autos <strong>k\u00f6nnen Sie selbst fahren<\/strong> oder als Beifahrer bei einem Rennfahrer mitfahren.<\/p>\n","protected":false},"featured_media":41252,"comment_status":"open","ping_status":"closed","template":"","meta":[],"product_brand":[],"product_cat":[451],"product_tag":[],"class_list":{"0":"post-33111","1":"product","2":"type-product","3":"status-publish","4":"has-post-thumbnail","6":"product_cat-auta","8":"first","9":"instock","10":"shipping-taxable","11":"purchasable","12":"product-type-variable"},"yoast_head":"<!-- This site is optimized with the Yoast SEO plugin v24.8.1 - https:\/\/yoast.com\/wordpress\/plugins\/seo\/ -->\n<title>Porsche 911 GT3 RS 991.1 (AT) - Legendy U V\u00e1s<\/title>\n<meta name=\"description\" content=\"Adrenalin-Erlebnis mit Legends U V\u00e1s - ein originelles Geschenk nicht nur f\u00fcr M\u00e4nner und Autoliebhaber. Fahren in Sportwagen (Ferrari, Lamborghini, Porsche, ...) auf der Rennstrecke und Bezirk.\" \/>\n<meta name=\"robots\" content=\"index, follow, max-snippet:-1, max-image-preview:large, max-video-preview:-1\" \/>\n<link rel=\"canonical\" href=\"https:\/\/www.legendyuvas.cz\/de\/produkt\/porsche-911-gt3-rs-991-1-at\/\" \/>\n<meta property=\"og:locale\" content=\"de_DE\" \/>\n<meta property=\"og:type\" content=\"article\" \/>\n<meta property=\"og:title\" content=\"Porsche 911 GT3 RS 991.1 (AT) - Legendy U V\u00e1s\" \/>\n<meta property=\"og:description\" content=\"Adrenalin-Erlebnis mit Legends U V\u00e1s - ein originelles Geschenk nicht nur f\u00fcr M\u00e4nner und Autoliebhaber. Fahren in Sportwagen (Ferrari, Lamborghini, Porsche, ...) auf der Rennstrecke und Bezirk.\" \/>\n<meta property=\"og:url\" content=\"https:\/\/www.legendyuvas.cz\/de\/produkt\/porsche-911-gt3-rs-991-1-at\/\" \/>\n<meta property=\"og:site_name\" content=\"Legendy U V\u00e1s\" \/>\n<meta property=\"article:publisher\" content=\"https:\/\/www.facebook.com\/autolegendyuvas\" \/>\n<meta property=\"article:modified_time\" content=\"2025-12-27T00:02:41+00:00\" \/>\n<meta property=\"og:image\" content=\"https:\/\/www.legendyuvas.cz\/wp-content\/uploads\/2024\/11\/IMG_9353-01-1536x1024-1.webp\" \/>\n\t<meta property=\"og:image:width\" content=\"1536\" \/>\n\t<meta property=\"og:image:height\" content=\"1024\" \/>\n\t<meta property=\"og:image:type\" content=\"image\/webp\" \/>\n<meta name=\"twitter:card\" content=\"summary_large_image\" \/>\n<meta name=\"twitter:label1\" content=\"Gesch\u00e4tzte Lesezeit\" \/>\n\t<meta name=\"twitter:data1\" content=\"1\u00a0Minute\" \/>\n<script type=\"application\/ld+json\" class=\"yoast-schema-graph\">{\"@context\":\"https:\/\/schema.org\",\"@graph\":[{\"@type\":\"WebPage\",\"@id\":\"https:\/\/www.legendyuvas.cz\/de\/produkt\/porsche-911-gt3-rs-991-1-at\/\",\"url\":\"https:\/\/www.legendyuvas.cz\/de\/produkt\/porsche-911-gt3-rs-991-1-at\/\",\"name\":\"Porsche 911 GT3 RS 991.1 (AT) - Legendy U V\u00e1s\",\"isPartOf\":{\"@id\":\"https:\/\/www.legendyuvas.cz\/#website\"},\"primaryImageOfPage\":{\"@id\":\"https:\/\/www.legendyuvas.cz\/de\/produkt\/porsche-911-gt3-rs-991-1-at\/#primaryimage\"},\"image\":{\"@id\":\"https:\/\/www.legendyuvas.cz\/de\/produkt\/porsche-911-gt3-rs-991-1-at\/#primaryimage\"},\"thumbnailUrl\":\"https:\/\/www.legendyuvas.cz\/wp-content\/uploads\/2025\/11\/IMG_9353-01-1536x1024-1.webp\",\"datePublished\":\"2025-11-26T10:47:40+00:00\",\"dateModified\":\"2025-12-27T00:02:41+00:00\",\"description\":\"Adrenalin-Erlebnis mit Legends U V\u00e1s - ein originelles Geschenk nicht nur f\u00fcr M\u00e4nner und Autoliebhaber. Fahren in Sportwagen (Ferrari, Lamborghini, Porsche, ...) auf der Rennstrecke und Bezirk.\",\"breadcrumb\":{\"@id\":\"https:\/\/www.legendyuvas.cz\/de\/produkt\/porsche-911-gt3-rs-991-1-at\/#breadcrumb\"},\"inLanguage\":\"de\",\"potentialAction\":[{\"@type\":\"ReadAction\",\"target\":[\"https:\/\/www.legendyuvas.cz\/de\/produkt\/porsche-911-gt3-rs-991-1-at\/\"]}]},{\"@type\":\"ImageObject\",\"inLanguage\":\"de\",\"@id\":\"https:\/\/www.legendyuvas.cz\/de\/produkt\/porsche-911-gt3-rs-991-1-at\/#primaryimage\",\"url\":\"https:\/\/www.legendyuvas.cz\/wp-content\/uploads\/2025\/11\/IMG_9353-01-1536x1024-1.webp\",\"contentUrl\":\"https:\/\/www.legendyuvas.cz\/wp-content\/uploads\/2025\/11\/IMG_9353-01-1536x1024-1.webp\",\"width\":1536,\"height\":1024},{\"@type\":\"BreadcrumbList\",\"@id\":\"https:\/\/www.legendyuvas.cz\/de\/produkt\/porsche-911-gt3-rs-991-1-at\/#breadcrumb\",\"itemListElement\":[{\"@type\":\"ListItem\",\"position\":1,\"name\":\"Dom\u016f\",\"item\":\"https:\/\/www.legendyuvas.cz\/\"},{\"@type\":\"ListItem\",\"position\":2,\"name\":\"Shop\",\"item\":\"https:\/\/www.legendyuvas.cz\/de\/shop\/\"},{\"@type\":\"ListItem\",\"position\":3,\"name\":\"Porsche 911 GT3 RS 991.1 (AT)\"}]},{\"@type\":\"WebSite\",\"@id\":\"https:\/\/www.legendyuvas.cz\/#website\",\"url\":\"https:\/\/www.legendyuvas.cz\/\",\"name\":\"Legendy U V\u00e1s\",\"description\":\"Dechberouc\u00ed z\u00e1\u017eitky v autech a motork\u00e1ch\",\"publisher\":{\"@id\":\"https:\/\/www.legendyuvas.cz\/#organization\"},\"potentialAction\":[{\"@type\":\"SearchAction\",\"target\":{\"@type\":\"EntryPoint\",\"urlTemplate\":\"https:\/\/www.legendyuvas.cz\/?s={search_term_string}\"},\"query-input\":{\"@type\":\"PropertyValueSpecification\",\"valueRequired\":true,\"valueName\":\"search_term_string\"}}],\"inLanguage\":\"de\"},{\"@type\":\"Organization\",\"@id\":\"https:\/\/www.legendyuvas.cz\/#organization\",\"name\":\"Bontex2 s.r.o.\",\"url\":\"https:\/\/www.legendyuvas.cz\/\",\"logo\":{\"@type\":\"ImageObject\",\"inLanguage\":\"de\",\"@id\":\"https:\/\/www.legendyuvas.cz\/#\/schema\/logo\/image\/\",\"url\":\"https:\/\/www.legendyuvas.cz\/wp-content\/uploads\/2021\/03\/Legendy-u-Vas.jpg\",\"contentUrl\":\"https:\/\/www.legendyuvas.cz\/wp-content\/uploads\/2021\/03\/Legendy-u-Vas.jpg\",\"width\":400,\"height\":240,\"caption\":\"Bontex2 s.r.o.\"},\"image\":{\"@id\":\"https:\/\/www.legendyuvas.cz\/#\/schema\/logo\/image\/\"},\"sameAs\":[\"https:\/\/www.facebook.com\/autolegendyuvas\",\"https:\/\/www.facebook.com\/motolegendyuvas\",\"https:\/\/www.instagram.com\/autolegendyuvas\/\",\"https:\/\/www.instagram.com\/motolegendyuvas\/\"]}]}<\/script>\n<!-- \/ Yoast SEO plugin. -->","yoast_head_json":{"title":"Porsche 911 GT3 RS 991.1 (AT) - Legendy U V\u00e1s","description":"Adrenalin-Erlebnis mit Legends U V\u00e1s - ein originelles Geschenk nicht nur f\u00fcr M\u00e4nner und Autoliebhaber. Fahren in Sportwagen (Ferrari, Lamborghini, Porsche, ...) auf der Rennstrecke und Bezirk.","robots":{"index":"index","follow":"follow","max-snippet":"max-snippet:-1","max-image-preview":"max-image-preview:large","max-video-preview":"max-video-preview:-1"},"canonical":"https:\/\/www.legendyuvas.cz\/de\/produkt\/porsche-911-gt3-rs-991-1-at\/","og_locale":"de_DE","og_type":"article","og_title":"Porsche 911 GT3 RS 991.1 (AT) - Legendy U V\u00e1s","og_description":"Adrenalin-Erlebnis mit Legends U V\u00e1s - ein originelles Geschenk nicht nur f\u00fcr M\u00e4nner und Autoliebhaber. Fahren in Sportwagen (Ferrari, Lamborghini, Porsche, ...) auf der Rennstrecke und Bezirk.","og_url":"https:\/\/www.legendyuvas.cz\/de\/produkt\/porsche-911-gt3-rs-991-1-at\/","og_site_name":"Legendy U V\u00e1s","article_publisher":"https:\/\/www.facebook.com\/autolegendyuvas","article_modified_time":"2025-12-27T00:02:41+00:00","og_image":[{"width":1536,"height":1024,"url":"https:\/\/www.legendyuvas.cz\/wp-content\/uploads\/2024\/11\/IMG_9353-01-1536x1024-1.webp","type":"image\/webp"}],"twitter_card":"summary_large_image","twitter_misc":{"Gesch\u00e4tzte Lesezeit":"1\u00a0Minute"},"schema":{"@context":"https:\/\/schema.org","@graph":[{"@type":"WebPage","@id":"https:\/\/www.legendyuvas.cz\/de\/produkt\/porsche-911-gt3-rs-991-1-at\/","url":"https:\/\/www.legendyuvas.cz\/de\/produkt\/porsche-911-gt3-rs-991-1-at\/","name":"Porsche 911 GT3 RS 991.1 (AT) - Legendy U V\u00e1s","isPartOf":{"@id":"https:\/\/www.legendyuvas.cz\/#website"},"primaryImageOfPage":{"@id":"https:\/\/www.legendyuvas.cz\/de\/produkt\/porsche-911-gt3-rs-991-1-at\/#primaryimage"},"image":{"@id":"https:\/\/www.legendyuvas.cz\/de\/produkt\/porsche-911-gt3-rs-991-1-at\/#primaryimage"},"thumbnailUrl":"https:\/\/www.legendyuvas.cz\/wp-content\/uploads\/2025\/11\/IMG_9353-01-1536x1024-1.webp","datePublished":"2025-11-26T10:47:40+00:00","dateModified":"2025-12-27T00:02:41+00:00","description":"Adrenalin-Erlebnis mit Legends U V\u00e1s - ein originelles Geschenk nicht nur f\u00fcr M\u00e4nner und Autoliebhaber. Fahren in Sportwagen (Ferrari, Lamborghini, Porsche, ...) auf der Rennstrecke und Bezirk.","breadcrumb":{"@id":"https:\/\/www.legendyuvas.cz\/de\/produkt\/porsche-911-gt3-rs-991-1-at\/#breadcrumb"},"inLanguage":"de","potentialAction":[{"@type":"ReadAction","target":["https:\/\/www.legendyuvas.cz\/de\/produkt\/porsche-911-gt3-rs-991-1-at\/"]}]},{"@type":"ImageObject","inLanguage":"de","@id":"https:\/\/www.legendyuvas.cz\/de\/produkt\/porsche-911-gt3-rs-991-1-at\/#primaryimage","url":"https:\/\/www.legendyuvas.cz\/wp-content\/uploads\/2025\/11\/IMG_9353-01-1536x1024-1.webp","contentUrl":"https:\/\/www.legendyuvas.cz\/wp-content\/uploads\/2025\/11\/IMG_9353-01-1536x1024-1.webp","width":1536,"height":1024},{"@type":"BreadcrumbList","@id":"https:\/\/www.legendyuvas.cz\/de\/produkt\/porsche-911-gt3-rs-991-1-at\/#breadcrumb","itemListElement":[{"@type":"ListItem","position":1,"name":"Dom\u016f","item":"https:\/\/www.legendyuvas.cz\/"},{"@type":"ListItem","position":2,"name":"Shop","item":"https:\/\/www.legendyuvas.cz\/de\/shop\/"},{"@type":"ListItem","position":3,"name":"Porsche 911 GT3 RS 991.1 (AT)"}]},{"@type":"WebSite","@id":"https:\/\/www.legendyuvas.cz\/#website","url":"https:\/\/www.legendyuvas.cz\/","name":"Legendy U V\u00e1s","description":"Dechberouc\u00ed z\u00e1\u017eitky v autech a motork\u00e1ch","publisher":{"@id":"https:\/\/www.legendyuvas.cz\/#organization"},"potentialAction":[{"@type":"SearchAction","target":{"@type":"EntryPoint","urlTemplate":"https:\/\/www.legendyuvas.cz\/?s={search_term_string}"},"query-input":{"@type":"PropertyValueSpecification","valueRequired":true,"valueName":"search_term_string"}}],"inLanguage":"de"},{"@type":"Organization","@id":"https:\/\/www.legendyuvas.cz\/#organization","name":"Bontex2 s.r.o.","url":"https:\/\/www.legendyuvas.cz\/","logo":{"@type":"ImageObject","inLanguage":"de","@id":"https:\/\/www.legendyuvas.cz\/#\/schema\/logo\/image\/","url":"https:\/\/www.legendyuvas.cz\/wp-content\/uploads\/2021\/03\/Legendy-u-Vas.jpg","contentUrl":"https:\/\/www.legendyuvas.cz\/wp-content\/uploads\/2021\/03\/Legendy-u-Vas.jpg","width":400,"height":240,"caption":"Bontex2 s.r.o."},"image":{"@id":"https:\/\/www.legendyuvas.cz\/#\/schema\/logo\/image\/"},"sameAs":["https:\/\/www.facebook.com\/autolegendyuvas","https:\/\/www.facebook.com\/motolegendyuvas","https:\/\/www.instagram.com\/autolegendyuvas\/","https:\/\/www.instagram.com\/motolegendyuvas\/"]}]}},"_links":{"self":[{"href":"https:\/\/www.legendyuvas.cz\/de\/wp-json\/wp\/v2\/product\/33111","targetHints":{"allow":["GET"]}}],"collection":[{"href":"https:\/\/www.legendyuvas.cz\/de\/wp-json\/wp\/v2\/product"}],"about":[{"href":"https:\/\/www.legendyuvas.cz\/de\/wp-json\/wp\/v2\/types\/product"}],"replies":[{"embeddable":true,"href":"https:\/\/www.legendyuvas.cz\/de\/wp-json\/wp\/v2\/comments?post=33111"}],"version-history":[{"count":1,"href":"https:\/\/www.legendyuvas.cz\/de\/wp-json\/wp\/v2\/product\/33111\/revisions"}],"predecessor-version":[{"id":33112,"href":"https:\/\/www.legendyuvas.cz\/de\/wp-json\/wp\/v2\/product\/33111\/revisions\/33112"}],"wp:featuredmedia":[{"embeddable":true,"href":"https:\/\/www.legendyuvas.cz\/de\/wp-json\/wp\/v2\/media\/41252"}],"wp:attachment":[{"href":"https:\/\/www.legendyuvas.cz\/de\/wp-json\/wp\/v2\/media?parent=33111"}],"wp:term":[{"taxonomy":"product_brand","embeddable":true,"href":"https:\/\/www.legendyuvas.cz\/de\/wp-json\/wp\/v2\/product_brand?post=33111"},{"taxonomy":"product_cat","embeddable":true,"href":"https:\/\/www.legendyuvas.cz\/de\/wp-json\/wp\/v2\/product_cat?post=33111"},{"taxonomy":"product_tag","embeddable":true,"href":"https:\/\/www.legendyuvas.cz\/de\/wp-json\/wp\/v2\/product_tag?post=33111"}],"curies":[{"name":"wp","href":"https:\/\/api.w.org\/{rel}","templated":true}]}}