{"id":38781,"date":"2025-11-26T10:45:52","date_gmt":"2025-11-26T10:45:52","guid":{"rendered":"https:\/\/www.legendyuvas.cz\/produkt\/toyota-gr-yaris-mt\/"},"modified":"2025-12-27T00:02:18","modified_gmt":"2025-12-27T00:02:18","slug":"toyota-gr-yaris-mt","status":"publish","type":"product","link":"https:\/\/www.legendyuvas.cz\/de\/produkt\/toyota-gr-yaris-mt\/","title":{"rendered":"TOYOTA GR YARIS (MT)"},"content":{"rendered":"<p data-start=\"4016\" data-end=\"4271\"><strong data-start=\"4016\" data-end=\"4043\">Japanischer Rallye-Star<\/strong><br data-start=\"4043\" data-end=\"4046\" \/>Suchen Sie ein originelles Geschenk f\u00fcr Rallye- und Sportwagenfans? Der Toyota GR Yaris ist nicht nur ein Geschenk \u2013 es ist ein Erlebnis, das Spannung und Fahrfreude in einem Auto bietet, das f\u00fcr Geschwindigkeit gebaut wurde.<\/p>\n<p data-start=\"4273\" data-end=\"4709\">Dieser kompakte Sportwagen ist mit dem st\u00e4rksten serienm\u00e4\u00dfigen 1,6-Liter-Dreizylinder ausgestattet. Unser GR Yaris verf\u00fcgt zudem \u00fcber ein modifiziertes Milltek-Saug- und Abgassystem. Dank dieser Modifikationen erreicht er eine Leistung von bis zu 300 PS. Zusammen mit dem geringen Fahrzeuggewicht (nur 1280 kg) und dem Schaltgetriebe beschleunigt er in nur 5,5 Sekunden von 0 auf 100 km\/h \u2013 ein Erlebnis, das der Beschenkte lieben wird.<\/p>\n<p data-start=\"4711\" data-end=\"5162\">Der Toyota GR Yaris ist nicht nur ein gew\u00f6hnliches Auto. Er ist das Ergebnis sorgf\u00e4ltiger Entwicklung unter der Leitung von Toyota und dem vierfachen Rallye-Weltmeister Tommi M\u00e4kinen. Jedes Detail wurde so gestaltet, dass der Fahrer das Gef\u00fchl hat, an einem echten Rallye-Rennen teilzunehmen. Unser Auto wurde zus\u00e4tzlich mit einem Renn-Design und einem Sportfl\u00fcgel ausgestattet. F\u00fcr ein noch besseres Fahrerlebnis wurden die Sitze um 4,5 cm abgesenkt.<\/p>\n<p data-start=\"5164\" data-end=\"5472\">Egal, ob Sie ein Geschenk f\u00fcr einen Geschwindigkeitsfan oder f\u00fcr jemanden suchen, der ein einzigartiges Erlebnis m\u00f6chte, der GR Yaris zaubert garantiert jedem ein L\u00e4cheln ins Gesicht, der seine Fahrdynamik und Geschwindigkeit erlebt. Z\u00f6gern Sie nicht und buchen Sie dieses unvergessliche Erlebnis noch heute.<\/p>\n","protected":false},"excerpt":{"rendered":"<p>Japanischer Rallye-StarSuchen Sie ein originelles Geschenk f\u00fcr Rallye- und Sportwagenfans? Der Toyota GR Yaris ist nicht nur ein Geschenk \u2013 es ist ein Erlebnis, das Spannung und Fahrfreude in einem Auto bietet, das f\u00fcr Geschwindigkeit gebaut wurde. Dieser kompakte Sportwagen ist mit dem st\u00e4rksten serienm\u00e4\u00dfigen 1,6-Liter-Dreizylinder ausgestattet. Unser GR Yaris verf\u00fcgt zudem \u00fcber ein modifiziertes [&hellip;]<\/p>\n","protected":false},"featured_media":41263,"comment_status":"open","ping_status":"closed","template":"","meta":[],"product_brand":[],"product_cat":[451],"product_tag":[],"class_list":{"0":"post-38781","1":"product","2":"type-product","3":"status-publish","4":"has-post-thumbnail","6":"product_cat-auta","8":"first","9":"instock","10":"shipping-taxable","11":"purchasable","12":"product-type-variable"},"yoast_head":"<!-- This site is optimized with the Yoast SEO plugin v24.8.1 - https:\/\/yoast.com\/wordpress\/plugins\/seo\/ -->\n<title>TOYOTA GR YARIS (MT) - Legendy U V\u00e1s<\/title>\n<meta name=\"description\" content=\"Adrenalin-Erlebnis mit Legendy U V\u00e1s \u2013 ein originelles Geschenk nicht nur f\u00fcr M\u00e4nner und Autoliebhaber. Fahrt in Sportwagen (Ferrari, Lamborghini, Porsche, ...) auf der Rennstrecke und auf Landstra\u00dfen.\" \/>\n<meta name=\"robots\" content=\"index, follow, max-snippet:-1, max-image-preview:large, max-video-preview:-1\" \/>\n<link rel=\"canonical\" href=\"https:\/\/www.legendyuvas.cz\/produkt\/zazitkova-jizda-toyota-gr-yaris\/\" \/>\n<meta property=\"og:locale\" content=\"de_DE\" \/>\n<meta property=\"og:type\" content=\"article\" \/>\n<meta property=\"og:title\" content=\"TOYOTA GR YARIS (MT) - Legendy U V\u00e1s\" \/>\n<meta property=\"og:description\" content=\"Adrenalin-Erlebnis mit Legendy U V\u00e1s \u2013 ein originelles Geschenk nicht nur f\u00fcr M\u00e4nner und Autoliebhaber. Fahrt in Sportwagen (Ferrari, Lamborghini, Porsche, ...) auf der Rennstrecke und auf Landstra\u00dfen.\" \/>\n<meta property=\"og:url\" content=\"https:\/\/www.legendyuvas.cz\/produkt\/zazitkova-jizda-toyota-gr-yaris\/\" \/>\n<meta property=\"og:site_name\" content=\"Legendy U V\u00e1s\" \/>\n<meta property=\"article:publisher\" content=\"https:\/\/www.facebook.com\/autolegendyuvas\" \/>\n<meta property=\"article:modified_time\" content=\"2025-12-27T00:02:18+00:00\" \/>\n<meta property=\"og:image\" content=\"https:\/\/www.legendyuvas.cz\/wp-content\/uploads\/2023\/07\/typeelementorsiteurlhttpswww.legendyuvas.czwp-jsonelementsidba0c5c1elTypewidgetisInnerfalseisLockedfalsesettingsbg_imageurlhttpswww.legendyuvas.czwp-contentuploads202410DSC_0620-2-scale-6.jpg\" \/>\n\t<meta property=\"og:image:width\" content=\"2048\" \/>\n\t<meta property=\"og:image:height\" content=\"1365\" \/>\n\t<meta property=\"og:image:type\" content=\"image\/jpeg\" \/>\n<meta name=\"twitter:card\" content=\"summary_large_image\" \/>\n<meta name=\"twitter:label1\" content=\"Gesch\u00e4tzte Lesezeit\" \/>\n\t<meta name=\"twitter:data1\" content=\"1\u00a0Minute\" \/>\n<script type=\"application\/ld+json\" class=\"yoast-schema-graph\">{\"@context\":\"https:\/\/schema.org\",\"@graph\":[{\"@type\":\"WebPage\",\"@id\":\"https:\/\/www.legendyuvas.cz\/produkt\/zazitkova-jizda-toyota-gr-yaris\/\",\"url\":\"https:\/\/www.legendyuvas.cz\/produkt\/zazitkova-jizda-toyota-gr-yaris\/\",\"name\":\"TOYOTA GR YARIS (MT) - Legendy U V\u00e1s\",\"isPartOf\":{\"@id\":\"https:\/\/www.legendyuvas.cz\/#website\"},\"primaryImageOfPage\":{\"@id\":\"https:\/\/www.legendyuvas.cz\/produkt\/zazitkova-jizda-toyota-gr-yaris\/#primaryimage\"},\"image\":{\"@id\":\"https:\/\/www.legendyuvas.cz\/produkt\/zazitkova-jizda-toyota-gr-yaris\/#primaryimage\"},\"thumbnailUrl\":\"https:\/\/www.legendyuvas.cz\/wp-content\/uploads\/2025\/11\/R1PF8348-scaled-1.webp\",\"datePublished\":\"2025-11-26T10:45:52+00:00\",\"dateModified\":\"2025-12-27T00:02:18+00:00\",\"description\":\"Adrenalin-Erlebnis mit Legendy U V\u00e1s \u2013 ein originelles Geschenk nicht nur f\u00fcr M\u00e4nner und Autoliebhaber. Fahrt in Sportwagen (Ferrari, Lamborghini, Porsche, ...) auf der Rennstrecke und auf Landstra\u00dfen.\",\"breadcrumb\":{\"@id\":\"https:\/\/www.legendyuvas.cz\/produkt\/zazitkova-jizda-toyota-gr-yaris\/#breadcrumb\"},\"inLanguage\":\"de\",\"potentialAction\":[{\"@type\":\"ReadAction\",\"target\":[\"https:\/\/www.legendyuvas.cz\/produkt\/zazitkova-jizda-toyota-gr-yaris\/\"]}]},{\"@type\":\"ImageObject\",\"inLanguage\":\"de\",\"@id\":\"https:\/\/www.legendyuvas.cz\/produkt\/zazitkova-jizda-toyota-gr-yaris\/#primaryimage\",\"url\":\"https:\/\/www.legendyuvas.cz\/wp-content\/uploads\/2025\/11\/R1PF8348-scaled-1.webp\",\"contentUrl\":\"https:\/\/www.legendyuvas.cz\/wp-content\/uploads\/2025\/11\/R1PF8348-scaled-1.webp\",\"width\":2560,\"height\":1707},{\"@type\":\"BreadcrumbList\",\"@id\":\"https:\/\/www.legendyuvas.cz\/produkt\/zazitkova-jizda-toyota-gr-yaris\/#breadcrumb\",\"itemListElement\":[{\"@type\":\"ListItem\",\"position\":1,\"name\":\"Dom\u016f\",\"item\":\"https:\/\/www.legendyuvas.cz\/\"},{\"@type\":\"ListItem\",\"position\":2,\"name\":\"Shop\",\"item\":\"https:\/\/www.legendyuvas.cz\/de\/shop\/\"},{\"@type\":\"ListItem\",\"position\":3,\"name\":\"TOYOTA GR YARIS (MT)\"}]},{\"@type\":\"WebSite\",\"@id\":\"https:\/\/www.legendyuvas.cz\/#website\",\"url\":\"https:\/\/www.legendyuvas.cz\/\",\"name\":\"Legendy U V\u00e1s\",\"description\":\"Dechberouc\u00ed z\u00e1\u017eitky v autech a motork\u00e1ch\",\"publisher\":{\"@id\":\"https:\/\/www.legendyuvas.cz\/#organization\"},\"potentialAction\":[{\"@type\":\"SearchAction\",\"target\":{\"@type\":\"EntryPoint\",\"urlTemplate\":\"https:\/\/www.legendyuvas.cz\/?s={search_term_string}\"},\"query-input\":{\"@type\":\"PropertyValueSpecification\",\"valueRequired\":true,\"valueName\":\"search_term_string\"}}],\"inLanguage\":\"de\"},{\"@type\":\"Organization\",\"@id\":\"https:\/\/www.legendyuvas.cz\/#organization\",\"name\":\"Bontex2 s.r.o.\",\"url\":\"https:\/\/www.legendyuvas.cz\/\",\"logo\":{\"@type\":\"ImageObject\",\"inLanguage\":\"de\",\"@id\":\"https:\/\/www.legendyuvas.cz\/#\/schema\/logo\/image\/\",\"url\":\"https:\/\/www.legendyuvas.cz\/wp-content\/uploads\/2021\/03\/Legendy-u-Vas.jpg\",\"contentUrl\":\"https:\/\/www.legendyuvas.cz\/wp-content\/uploads\/2021\/03\/Legendy-u-Vas.jpg\",\"width\":400,\"height\":240,\"caption\":\"Bontex2 s.r.o.\"},\"image\":{\"@id\":\"https:\/\/www.legendyuvas.cz\/#\/schema\/logo\/image\/\"},\"sameAs\":[\"https:\/\/www.facebook.com\/autolegendyuvas\",\"https:\/\/www.facebook.com\/motolegendyuvas\",\"https:\/\/www.instagram.com\/autolegendyuvas\/\",\"https:\/\/www.instagram.com\/motolegendyuvas\/\"]}]}<\/script>\n<!-- \/ Yoast SEO plugin. -->","yoast_head_json":{"title":"TOYOTA GR YARIS (MT) - Legendy U V\u00e1s","description":"Adrenalin-Erlebnis mit Legendy U V\u00e1s \u2013 ein originelles Geschenk nicht nur f\u00fcr M\u00e4nner und Autoliebhaber. Fahrt in Sportwagen (Ferrari, Lamborghini, Porsche, ...) auf der Rennstrecke und auf Landstra\u00dfen.","robots":{"index":"index","follow":"follow","max-snippet":"max-snippet:-1","max-image-preview":"max-image-preview:large","max-video-preview":"max-video-preview:-1"},"canonical":"https:\/\/www.legendyuvas.cz\/produkt\/zazitkova-jizda-toyota-gr-yaris\/","og_locale":"de_DE","og_type":"article","og_title":"TOYOTA GR YARIS (MT) - Legendy U V\u00e1s","og_description":"Adrenalin-Erlebnis mit Legendy U V\u00e1s \u2013 ein originelles Geschenk nicht nur f\u00fcr M\u00e4nner und Autoliebhaber. Fahrt in Sportwagen (Ferrari, Lamborghini, Porsche, ...) auf der Rennstrecke und auf Landstra\u00dfen.","og_url":"https:\/\/www.legendyuvas.cz\/produkt\/zazitkova-jizda-toyota-gr-yaris\/","og_site_name":"Legendy U V\u00e1s","article_publisher":"https:\/\/www.facebook.com\/autolegendyuvas","article_modified_time":"2025-12-27T00:02:18+00:00","og_image":[{"width":2048,"height":1365,"url":"https:\/\/www.legendyuvas.cz\/wp-content\/uploads\/2023\/07\/typeelementorsiteurlhttpswww.legendyuvas.czwp-jsonelementsidba0c5c1elTypewidgetisInnerfalseisLockedfalsesettingsbg_imageurlhttpswww.legendyuvas.czwp-contentuploads202410DSC_0620-2-scale-6.jpg","type":"image\/jpeg"}],"twitter_card":"summary_large_image","twitter_misc":{"Gesch\u00e4tzte Lesezeit":"1\u00a0Minute"},"schema":{"@context":"https:\/\/schema.org","@graph":[{"@type":"WebPage","@id":"https:\/\/www.legendyuvas.cz\/produkt\/zazitkova-jizda-toyota-gr-yaris\/","url":"https:\/\/www.legendyuvas.cz\/produkt\/zazitkova-jizda-toyota-gr-yaris\/","name":"TOYOTA GR YARIS (MT) - Legendy U V\u00e1s","isPartOf":{"@id":"https:\/\/www.legendyuvas.cz\/#website"},"primaryImageOfPage":{"@id":"https:\/\/www.legendyuvas.cz\/produkt\/zazitkova-jizda-toyota-gr-yaris\/#primaryimage"},"image":{"@id":"https:\/\/www.legendyuvas.cz\/produkt\/zazitkova-jizda-toyota-gr-yaris\/#primaryimage"},"thumbnailUrl":"https:\/\/www.legendyuvas.cz\/wp-content\/uploads\/2025\/11\/R1PF8348-scaled-1.webp","datePublished":"2025-11-26T10:45:52+00:00","dateModified":"2025-12-27T00:02:18+00:00","description":"Adrenalin-Erlebnis mit Legendy U V\u00e1s \u2013 ein originelles Geschenk nicht nur f\u00fcr M\u00e4nner und Autoliebhaber. Fahrt in Sportwagen (Ferrari, Lamborghini, Porsche, ...) auf der Rennstrecke und auf Landstra\u00dfen.","breadcrumb":{"@id":"https:\/\/www.legendyuvas.cz\/produkt\/zazitkova-jizda-toyota-gr-yaris\/#breadcrumb"},"inLanguage":"de","potentialAction":[{"@type":"ReadAction","target":["https:\/\/www.legendyuvas.cz\/produkt\/zazitkova-jizda-toyota-gr-yaris\/"]}]},{"@type":"ImageObject","inLanguage":"de","@id":"https:\/\/www.legendyuvas.cz\/produkt\/zazitkova-jizda-toyota-gr-yaris\/#primaryimage","url":"https:\/\/www.legendyuvas.cz\/wp-content\/uploads\/2025\/11\/R1PF8348-scaled-1.webp","contentUrl":"https:\/\/www.legendyuvas.cz\/wp-content\/uploads\/2025\/11\/R1PF8348-scaled-1.webp","width":2560,"height":1707},{"@type":"BreadcrumbList","@id":"https:\/\/www.legendyuvas.cz\/produkt\/zazitkova-jizda-toyota-gr-yaris\/#breadcrumb","itemListElement":[{"@type":"ListItem","position":1,"name":"Dom\u016f","item":"https:\/\/www.legendyuvas.cz\/"},{"@type":"ListItem","position":2,"name":"Shop","item":"https:\/\/www.legendyuvas.cz\/de\/shop\/"},{"@type":"ListItem","position":3,"name":"TOYOTA GR YARIS (MT)"}]},{"@type":"WebSite","@id":"https:\/\/www.legendyuvas.cz\/#website","url":"https:\/\/www.legendyuvas.cz\/","name":"Legendy U V\u00e1s","description":"Dechberouc\u00ed z\u00e1\u017eitky v autech a motork\u00e1ch","publisher":{"@id":"https:\/\/www.legendyuvas.cz\/#organization"},"potentialAction":[{"@type":"SearchAction","target":{"@type":"EntryPoint","urlTemplate":"https:\/\/www.legendyuvas.cz\/?s={search_term_string}"},"query-input":{"@type":"PropertyValueSpecification","valueRequired":true,"valueName":"search_term_string"}}],"inLanguage":"de"},{"@type":"Organization","@id":"https:\/\/www.legendyuvas.cz\/#organization","name":"Bontex2 s.r.o.","url":"https:\/\/www.legendyuvas.cz\/","logo":{"@type":"ImageObject","inLanguage":"de","@id":"https:\/\/www.legendyuvas.cz\/#\/schema\/logo\/image\/","url":"https:\/\/www.legendyuvas.cz\/wp-content\/uploads\/2021\/03\/Legendy-u-Vas.jpg","contentUrl":"https:\/\/www.legendyuvas.cz\/wp-content\/uploads\/2021\/03\/Legendy-u-Vas.jpg","width":400,"height":240,"caption":"Bontex2 s.r.o."},"image":{"@id":"https:\/\/www.legendyuvas.cz\/#\/schema\/logo\/image\/"},"sameAs":["https:\/\/www.facebook.com\/autolegendyuvas","https:\/\/www.facebook.com\/motolegendyuvas","https:\/\/www.instagram.com\/autolegendyuvas\/","https:\/\/www.instagram.com\/motolegendyuvas\/"]}]}},"_links":{"self":[{"href":"https:\/\/www.legendyuvas.cz\/de\/wp-json\/wp\/v2\/product\/38781","targetHints":{"allow":["GET"]}}],"collection":[{"href":"https:\/\/www.legendyuvas.cz\/de\/wp-json\/wp\/v2\/product"}],"about":[{"href":"https:\/\/www.legendyuvas.cz\/de\/wp-json\/wp\/v2\/types\/product"}],"replies":[{"embeddable":true,"href":"https:\/\/www.legendyuvas.cz\/de\/wp-json\/wp\/v2\/comments?post=38781"}],"version-history":[{"count":0,"href":"https:\/\/www.legendyuvas.cz\/de\/wp-json\/wp\/v2\/product\/38781\/revisions"}],"wp:featuredmedia":[{"embeddable":true,"href":"https:\/\/www.legendyuvas.cz\/de\/wp-json\/wp\/v2\/media\/41263"}],"wp:attachment":[{"href":"https:\/\/www.legendyuvas.cz\/de\/wp-json\/wp\/v2\/media?parent=38781"}],"wp:term":[{"taxonomy":"product_brand","embeddable":true,"href":"https:\/\/www.legendyuvas.cz\/de\/wp-json\/wp\/v2\/product_brand?post=38781"},{"taxonomy":"product_cat","embeddable":true,"href":"https:\/\/www.legendyuvas.cz\/de\/wp-json\/wp\/v2\/product_cat?post=38781"},{"taxonomy":"product_tag","embeddable":true,"href":"https:\/\/www.legendyuvas.cz\/de\/wp-json\/wp\/v2\/product_tag?post=38781"}],"curies":[{"name":"wp","href":"https:\/\/api.w.org\/{rel}","templated":true}]}}