{"id":39018,"date":"2025-11-26T10:49:58","date_gmt":"2025-11-26T10:49:58","guid":{"rendered":"https:\/\/www.legendyuvas.cz\/produkt\/bmw-m2-f87-mt\/"},"modified":"2025-12-27T00:02:20","modified_gmt":"2025-12-27T00:02:20","slug":"bmw-m2-f87-mt","status":"publish","type":"product","link":"https:\/\/www.legendyuvas.cz\/de\/produkt\/bmw-m2-f87-mt\/","title":{"rendered":"BMW M2 F87 (MT)"},"content":{"rendered":"<p data-start=\"4052\" data-end=\"4316\"><strong data-start=\"4052\" data-end=\"4075\">Deutsche Spa\u00dfrakete<\/strong><br data-start=\"4075\" data-end=\"4078\" \/>Der BMW M2 ist ein faszinierendes Exemplar in der Reihe der Sportwagen und l\u00e4dt in eine Welt voller endloser Spannung und Aufregung ein. Das Fahren dieses Autos ist eine perfekte Symphonie aus Dynamik, Kraft und Fahrfreude in jeder Kurve.<\/p>\n<p data-start=\"4318\" data-end=\"4642\">Unter der Haube dieses modernen Klassikers befindet sich ein 3,0-Liter-Reihensechszylinder mit Turbolader, der unglaubliche 370 PS liefert. Mit raketenartiger Beschleunigung von 0 auf 100 km\/h in nur 4,3 Sekunden und Schaltgetriebe erzeugt der BMW M2 am Steuer ein Konzert der Motorger\u00e4usche, das komplett in den Bann zieht.<\/p>\n<p data-start=\"4644\" data-end=\"4878\">Jedes Detail dieses Fahrzeugs ist sorgf\u00e4ltig auf maximale Leistung und Effizienz ausgelegt. Sein aerodynamisches Design und der ikonische K\u00fchlergrill sind Symbole von Geschwindigkeit und Eleganz, die auf den ersten Blick beeindrucken.<\/p>\n<p data-start=\"4880\" data-end=\"5149\">Am Steuer dieses Boliden verschmelzen Motorenger\u00e4usche und quietschende Reifen zu einer perfekten Melodie. Jede Kurve, jede Beschleunigung, jedes Turbo-Ger\u00e4usch schafft eine musikalische Komposition, die die Leidenschaft und Aufregung des Fahrens perfekt widerspiegelt.<\/p>\n<p data-start=\"5151\" data-end=\"5492\">Geben Sie Ihren Liebsten die Chance, Teil dieser Symphonie zu werden. Der BMW M2 F87 ist nicht nur ein Auto \u2013 es ist ein akustisches und visuelles Erlebnis, das einen bleibenden Eindruck hinterl\u00e4sst und jedem ein L\u00e4cheln ins Gesicht zaubert, der hinter das Steuer kommt. Z\u00f6gern Sie nicht und buchen Sie diese unvergessliche Fahrt noch heute.<\/p>\n","protected":false},"excerpt":{"rendered":"<p>Deutsche Spa\u00dfraketeDer BMW M2 ist ein faszinierendes Exemplar in der Reihe der Sportwagen und l\u00e4dt in eine Welt voller endloser Spannung und Aufregung ein. Das Fahren dieses Autos ist eine perfekte Symphonie aus Dynamik, Kraft und Fahrfreude in jeder Kurve. Unter der Haube dieses modernen Klassikers befindet sich ein 3,0-Liter-Reihensechszylinder mit Turbolader, der unglaubliche 370 [&hellip;]<\/p>\n","protected":false},"featured_media":41238,"comment_status":"open","ping_status":"closed","template":"","meta":[],"product_brand":[],"product_cat":[451],"product_tag":[],"class_list":{"0":"post-39018","1":"product","2":"type-product","3":"status-publish","4":"has-post-thumbnail","6":"product_cat-auta","8":"first","9":"instock","10":"shipping-taxable","11":"purchasable","12":"product-type-variable"},"yoast_head":"<!-- This site is optimized with the Yoast SEO plugin v24.8.1 - https:\/\/yoast.com\/wordpress\/plugins\/seo\/ -->\n<title>BMW M2 F87 (MT) - Legendy U V\u00e1s<\/title>\n<meta name=\"description\" content=\"Adrenalin-Erlebnis mit Legendy U V\u00e1s \u2013 ein originelles Geschenk nicht nur f\u00fcr M\u00e4nner und Autoliebhaber. Fahrt in Sportwagen (Ferrari, Lamborghini, Porsche, ...) auf der Rennstrecke und auf Landstra\u00dfen.\" \/>\n<meta name=\"robots\" content=\"index, follow, max-snippet:-1, max-image-preview:large, max-video-preview:-1\" \/>\n<link rel=\"canonical\" href=\"https:\/\/www.legendyuvas.cz\/produkt\/taxi-jizda-v-bmw-m2\/\" \/>\n<meta property=\"og:locale\" content=\"de_DE\" \/>\n<meta property=\"og:type\" content=\"article\" \/>\n<meta property=\"og:title\" content=\"BMW M2 F87 (MT) - Legendy U V\u00e1s\" \/>\n<meta property=\"og:description\" content=\"Adrenalin-Erlebnis mit Legendy U V\u00e1s \u2013 ein originelles Geschenk nicht nur f\u00fcr M\u00e4nner und Autoliebhaber. Fahrt in Sportwagen (Ferrari, Lamborghini, Porsche, ...) auf der Rennstrecke und auf Landstra\u00dfen.\" \/>\n<meta property=\"og:url\" content=\"https:\/\/www.legendyuvas.cz\/produkt\/taxi-jizda-v-bmw-m2\/\" \/>\n<meta property=\"og:site_name\" content=\"Legendy U V\u00e1s\" \/>\n<meta property=\"article:publisher\" content=\"https:\/\/www.facebook.com\/autolegendyuvas\" \/>\n<meta property=\"article:modified_time\" content=\"2025-12-27T00:02:20+00:00\" \/>\n<meta property=\"og:image\" content=\"https:\/\/www.legendyuvas.cz\/wp-content\/uploads\/2023\/07\/typeelementorsiteurlhttpswww.legendyuvas.czwp-jsonelementsidba0c5c1elTypewidgetisInnerfalseisLockedfalsesettingsbg_imageurlhttpswww.legendyuvas.czwp-contentuploads202410DSC_0620-2-scale-9.jpg\" \/>\n\t<meta property=\"og:image:width\" content=\"2048\" \/>\n\t<meta property=\"og:image:height\" content=\"1365\" \/>\n\t<meta property=\"og:image:type\" content=\"image\/jpeg\" \/>\n<meta name=\"twitter:card\" content=\"summary_large_image\" \/>\n<meta name=\"twitter:label1\" content=\"Gesch\u00e4tzte Lesezeit\" \/>\n\t<meta name=\"twitter:data1\" content=\"1\u00a0Minute\" \/>\n<script type=\"application\/ld+json\" class=\"yoast-schema-graph\">{\"@context\":\"https:\/\/schema.org\",\"@graph\":[{\"@type\":\"WebPage\",\"@id\":\"https:\/\/www.legendyuvas.cz\/produkt\/taxi-jizda-v-bmw-m2\/\",\"url\":\"https:\/\/www.legendyuvas.cz\/produkt\/taxi-jizda-v-bmw-m2\/\",\"name\":\"BMW M2 F87 (MT) - Legendy U V\u00e1s\",\"isPartOf\":{\"@id\":\"https:\/\/www.legendyuvas.cz\/#website\"},\"primaryImageOfPage\":{\"@id\":\"https:\/\/www.legendyuvas.cz\/produkt\/taxi-jizda-v-bmw-m2\/#primaryimage\"},\"image\":{\"@id\":\"https:\/\/www.legendyuvas.cz\/produkt\/taxi-jizda-v-bmw-m2\/#primaryimage\"},\"thumbnailUrl\":\"https:\/\/www.legendyuvas.cz\/wp-content\/uploads\/2025\/11\/C5D_2109-1536x1024-1.webp\",\"datePublished\":\"2025-11-26T10:49:58+00:00\",\"dateModified\":\"2025-12-27T00:02:20+00:00\",\"description\":\"Adrenalin-Erlebnis mit Legendy U V\u00e1s \u2013 ein originelles Geschenk nicht nur f\u00fcr M\u00e4nner und Autoliebhaber. Fahrt in Sportwagen (Ferrari, Lamborghini, Porsche, ...) auf der Rennstrecke und auf Landstra\u00dfen.\",\"breadcrumb\":{\"@id\":\"https:\/\/www.legendyuvas.cz\/produkt\/taxi-jizda-v-bmw-m2\/#breadcrumb\"},\"inLanguage\":\"de\",\"potentialAction\":[{\"@type\":\"ReadAction\",\"target\":[\"https:\/\/www.legendyuvas.cz\/produkt\/taxi-jizda-v-bmw-m2\/\"]}]},{\"@type\":\"ImageObject\",\"inLanguage\":\"de\",\"@id\":\"https:\/\/www.legendyuvas.cz\/produkt\/taxi-jizda-v-bmw-m2\/#primaryimage\",\"url\":\"https:\/\/www.legendyuvas.cz\/wp-content\/uploads\/2025\/11\/C5D_2109-1536x1024-1.webp\",\"contentUrl\":\"https:\/\/www.legendyuvas.cz\/wp-content\/uploads\/2025\/11\/C5D_2109-1536x1024-1.webp\",\"width\":1536,\"height\":1024},{\"@type\":\"BreadcrumbList\",\"@id\":\"https:\/\/www.legendyuvas.cz\/produkt\/taxi-jizda-v-bmw-m2\/#breadcrumb\",\"itemListElement\":[{\"@type\":\"ListItem\",\"position\":1,\"name\":\"Dom\u016f\",\"item\":\"https:\/\/www.legendyuvas.cz\/\"},{\"@type\":\"ListItem\",\"position\":2,\"name\":\"Shop\",\"item\":\"https:\/\/www.legendyuvas.cz\/de\/shop\/\"},{\"@type\":\"ListItem\",\"position\":3,\"name\":\"BMW M2 F87 (MT)\"}]},{\"@type\":\"WebSite\",\"@id\":\"https:\/\/www.legendyuvas.cz\/#website\",\"url\":\"https:\/\/www.legendyuvas.cz\/\",\"name\":\"Legendy U V\u00e1s\",\"description\":\"Dechberouc\u00ed z\u00e1\u017eitky v autech a motork\u00e1ch\",\"publisher\":{\"@id\":\"https:\/\/www.legendyuvas.cz\/#organization\"},\"potentialAction\":[{\"@type\":\"SearchAction\",\"target\":{\"@type\":\"EntryPoint\",\"urlTemplate\":\"https:\/\/www.legendyuvas.cz\/?s={search_term_string}\"},\"query-input\":{\"@type\":\"PropertyValueSpecification\",\"valueRequired\":true,\"valueName\":\"search_term_string\"}}],\"inLanguage\":\"de\"},{\"@type\":\"Organization\",\"@id\":\"https:\/\/www.legendyuvas.cz\/#organization\",\"name\":\"Bontex2 s.r.o.\",\"url\":\"https:\/\/www.legendyuvas.cz\/\",\"logo\":{\"@type\":\"ImageObject\",\"inLanguage\":\"de\",\"@id\":\"https:\/\/www.legendyuvas.cz\/#\/schema\/logo\/image\/\",\"url\":\"https:\/\/www.legendyuvas.cz\/wp-content\/uploads\/2021\/03\/Legendy-u-Vas.jpg\",\"contentUrl\":\"https:\/\/www.legendyuvas.cz\/wp-content\/uploads\/2021\/03\/Legendy-u-Vas.jpg\",\"width\":400,\"height\":240,\"caption\":\"Bontex2 s.r.o.\"},\"image\":{\"@id\":\"https:\/\/www.legendyuvas.cz\/#\/schema\/logo\/image\/\"},\"sameAs\":[\"https:\/\/www.facebook.com\/autolegendyuvas\",\"https:\/\/www.facebook.com\/motolegendyuvas\",\"https:\/\/www.instagram.com\/autolegendyuvas\/\",\"https:\/\/www.instagram.com\/motolegendyuvas\/\"]}]}<\/script>\n<!-- \/ Yoast SEO plugin. -->","yoast_head_json":{"title":"BMW M2 F87 (MT) - Legendy U V\u00e1s","description":"Adrenalin-Erlebnis mit Legendy U V\u00e1s \u2013 ein originelles Geschenk nicht nur f\u00fcr M\u00e4nner und Autoliebhaber. Fahrt in Sportwagen (Ferrari, Lamborghini, Porsche, ...) auf der Rennstrecke und auf Landstra\u00dfen.","robots":{"index":"index","follow":"follow","max-snippet":"max-snippet:-1","max-image-preview":"max-image-preview:large","max-video-preview":"max-video-preview:-1"},"canonical":"https:\/\/www.legendyuvas.cz\/produkt\/taxi-jizda-v-bmw-m2\/","og_locale":"de_DE","og_type":"article","og_title":"BMW M2 F87 (MT) - Legendy U V\u00e1s","og_description":"Adrenalin-Erlebnis mit Legendy U V\u00e1s \u2013 ein originelles Geschenk nicht nur f\u00fcr M\u00e4nner und Autoliebhaber. Fahrt in Sportwagen (Ferrari, Lamborghini, Porsche, ...) auf der Rennstrecke und auf Landstra\u00dfen.","og_url":"https:\/\/www.legendyuvas.cz\/produkt\/taxi-jizda-v-bmw-m2\/","og_site_name":"Legendy U V\u00e1s","article_publisher":"https:\/\/www.facebook.com\/autolegendyuvas","article_modified_time":"2025-12-27T00:02:20+00:00","og_image":[{"width":2048,"height":1365,"url":"https:\/\/www.legendyuvas.cz\/wp-content\/uploads\/2023\/07\/typeelementorsiteurlhttpswww.legendyuvas.czwp-jsonelementsidba0c5c1elTypewidgetisInnerfalseisLockedfalsesettingsbg_imageurlhttpswww.legendyuvas.czwp-contentuploads202410DSC_0620-2-scale-9.jpg","type":"image\/jpeg"}],"twitter_card":"summary_large_image","twitter_misc":{"Gesch\u00e4tzte Lesezeit":"1\u00a0Minute"},"schema":{"@context":"https:\/\/schema.org","@graph":[{"@type":"WebPage","@id":"https:\/\/www.legendyuvas.cz\/produkt\/taxi-jizda-v-bmw-m2\/","url":"https:\/\/www.legendyuvas.cz\/produkt\/taxi-jizda-v-bmw-m2\/","name":"BMW M2 F87 (MT) - Legendy U V\u00e1s","isPartOf":{"@id":"https:\/\/www.legendyuvas.cz\/#website"},"primaryImageOfPage":{"@id":"https:\/\/www.legendyuvas.cz\/produkt\/taxi-jizda-v-bmw-m2\/#primaryimage"},"image":{"@id":"https:\/\/www.legendyuvas.cz\/produkt\/taxi-jizda-v-bmw-m2\/#primaryimage"},"thumbnailUrl":"https:\/\/www.legendyuvas.cz\/wp-content\/uploads\/2025\/11\/C5D_2109-1536x1024-1.webp","datePublished":"2025-11-26T10:49:58+00:00","dateModified":"2025-12-27T00:02:20+00:00","description":"Adrenalin-Erlebnis mit Legendy U V\u00e1s \u2013 ein originelles Geschenk nicht nur f\u00fcr M\u00e4nner und Autoliebhaber. Fahrt in Sportwagen (Ferrari, Lamborghini, Porsche, ...) auf der Rennstrecke und auf Landstra\u00dfen.","breadcrumb":{"@id":"https:\/\/www.legendyuvas.cz\/produkt\/taxi-jizda-v-bmw-m2\/#breadcrumb"},"inLanguage":"de","potentialAction":[{"@type":"ReadAction","target":["https:\/\/www.legendyuvas.cz\/produkt\/taxi-jizda-v-bmw-m2\/"]}]},{"@type":"ImageObject","inLanguage":"de","@id":"https:\/\/www.legendyuvas.cz\/produkt\/taxi-jizda-v-bmw-m2\/#primaryimage","url":"https:\/\/www.legendyuvas.cz\/wp-content\/uploads\/2025\/11\/C5D_2109-1536x1024-1.webp","contentUrl":"https:\/\/www.legendyuvas.cz\/wp-content\/uploads\/2025\/11\/C5D_2109-1536x1024-1.webp","width":1536,"height":1024},{"@type":"BreadcrumbList","@id":"https:\/\/www.legendyuvas.cz\/produkt\/taxi-jizda-v-bmw-m2\/#breadcrumb","itemListElement":[{"@type":"ListItem","position":1,"name":"Dom\u016f","item":"https:\/\/www.legendyuvas.cz\/"},{"@type":"ListItem","position":2,"name":"Shop","item":"https:\/\/www.legendyuvas.cz\/de\/shop\/"},{"@type":"ListItem","position":3,"name":"BMW M2 F87 (MT)"}]},{"@type":"WebSite","@id":"https:\/\/www.legendyuvas.cz\/#website","url":"https:\/\/www.legendyuvas.cz\/","name":"Legendy U V\u00e1s","description":"Dechberouc\u00ed z\u00e1\u017eitky v autech a motork\u00e1ch","publisher":{"@id":"https:\/\/www.legendyuvas.cz\/#organization"},"potentialAction":[{"@type":"SearchAction","target":{"@type":"EntryPoint","urlTemplate":"https:\/\/www.legendyuvas.cz\/?s={search_term_string}"},"query-input":{"@type":"PropertyValueSpecification","valueRequired":true,"valueName":"search_term_string"}}],"inLanguage":"de"},{"@type":"Organization","@id":"https:\/\/www.legendyuvas.cz\/#organization","name":"Bontex2 s.r.o.","url":"https:\/\/www.legendyuvas.cz\/","logo":{"@type":"ImageObject","inLanguage":"de","@id":"https:\/\/www.legendyuvas.cz\/#\/schema\/logo\/image\/","url":"https:\/\/www.legendyuvas.cz\/wp-content\/uploads\/2021\/03\/Legendy-u-Vas.jpg","contentUrl":"https:\/\/www.legendyuvas.cz\/wp-content\/uploads\/2021\/03\/Legendy-u-Vas.jpg","width":400,"height":240,"caption":"Bontex2 s.r.o."},"image":{"@id":"https:\/\/www.legendyuvas.cz\/#\/schema\/logo\/image\/"},"sameAs":["https:\/\/www.facebook.com\/autolegendyuvas","https:\/\/www.facebook.com\/motolegendyuvas","https:\/\/www.instagram.com\/autolegendyuvas\/","https:\/\/www.instagram.com\/motolegendyuvas\/"]}]}},"_links":{"self":[{"href":"https:\/\/www.legendyuvas.cz\/de\/wp-json\/wp\/v2\/product\/39018","targetHints":{"allow":["GET"]}}],"collection":[{"href":"https:\/\/www.legendyuvas.cz\/de\/wp-json\/wp\/v2\/product"}],"about":[{"href":"https:\/\/www.legendyuvas.cz\/de\/wp-json\/wp\/v2\/types\/product"}],"replies":[{"embeddable":true,"href":"https:\/\/www.legendyuvas.cz\/de\/wp-json\/wp\/v2\/comments?post=39018"}],"version-history":[{"count":0,"href":"https:\/\/www.legendyuvas.cz\/de\/wp-json\/wp\/v2\/product\/39018\/revisions"}],"wp:featuredmedia":[{"embeddable":true,"href":"https:\/\/www.legendyuvas.cz\/de\/wp-json\/wp\/v2\/media\/41238"}],"wp:attachment":[{"href":"https:\/\/www.legendyuvas.cz\/de\/wp-json\/wp\/v2\/media?parent=39018"}],"wp:term":[{"taxonomy":"product_brand","embeddable":true,"href":"https:\/\/www.legendyuvas.cz\/de\/wp-json\/wp\/v2\/product_brand?post=39018"},{"taxonomy":"product_cat","embeddable":true,"href":"https:\/\/www.legendyuvas.cz\/de\/wp-json\/wp\/v2\/product_cat?post=39018"},{"taxonomy":"product_tag","embeddable":true,"href":"https:\/\/www.legendyuvas.cz\/de\/wp-json\/wp\/v2\/product_tag?post=39018"}],"curies":[{"name":"wp","href":"https:\/\/api.w.org\/{rel}","templated":true}]}}