{"id":39088,"date":"2023-07-10T16:34:55","date_gmt":"2023-07-10T16:34:55","guid":{"rendered":"https:\/\/www.legendyuvas.cz\/produkt\/univerzalni-poukaz-moto-de\/"},"modified":"2023-07-10T16:34:55","modified_gmt":"2023-07-10T16:34:55","slug":"univerzalni-poukaz-moto-de","status":"publish","type":"product","link":"https:\/\/www.legendyuvas.cz\/de\/produkt\/univerzalni-poukaz-moto-de\/","title":{"rendered":"UNIVERZ\u00c1LN\u00cd POUKAZ MOTO DE"},"content":{"rendered":"<p data-start=\"3539\" data-end=\"3877\"><strong data-start=\"3539\" data-end=\"3582\">Verschenke ein Erlebnis auf zwei R\u00e4dern<\/strong><br data-start=\"3582\" data-end=\"3585\" \/>Ein fantastisches Geschenk ist eines, das im Herzen des Beschenkten eine unvergessliche Spur von Abenteuer und Aufregung hinterl\u00e4sst. Verlasse den \u00fcblichen Weg materieller Geschenke und ersetze ihn durch ein aufregendes Fahrerlebnis, das den Beschenkten auf eine Reise voller Abenteuer f\u00fchrt.<\/p>\n<p data-start=\"3879\" data-end=\"4183\"><strong data-start=\"3879\" data-end=\"3900\">Hohe Flexibilit\u00e4t<\/strong><br data-start=\"3900\" data-end=\"3903\" \/>Unsere umfangreiche Sammlung an Motorr\u00e4dern umfasst sowohl legend\u00e4re Maschinen von Marken wie JAWA als auch moderne Rennmaschinen von CFMOTO, BMW und HONDA. Jeder findet hier ein Motorrad, auf dem er fahren m\u00f6chte, egal ob er Klassiker oder moderne Tourer und Scrambler bevorzugt.<\/p>\n<p data-start=\"4185\" data-end=\"4469\"><strong data-start=\"4185\" data-end=\"4230\">Zufriedenheit garantiert ohne Kompromisse<\/strong><br data-start=\"4230\" data-end=\"4233\" \/>Wir setzen auf fairen und freundlichen Service, und die Zufriedenheit unserer Kunden steht f\u00fcr uns an erster Stelle. Sie k\u00f6nnen sicher sein, dass unsere Motorr\u00e4der stets in perfektem Zustand sind und Sie unterwegs nicht im Stich lassen.<\/p>\n<p data-start=\"4471\" data-end=\"4656\">Unser Geschenkgutschein ist 12 Monate g\u00fcltig, sodass der Beschenkte gen\u00fcgend Zeit hat, seine Fahrt zu planen. Dieses Geschenk ist ein echtes Erlebnis, das man nicht so schnell vergisst.<\/p>\n<p data-start=\"4658\" data-end=\"4776\">Es gibt keine verpflichtenden Zusatzkosten, und der Schutz gegen Diebstahl oder Unfall ist bereits im Preis enthalten.<\/p>\n","protected":false},"excerpt":{"rendered":"<p>Verschenke ein Erlebnis auf zwei R\u00e4dernEin fantastisches Geschenk ist eines, das im Herzen des Beschenkten eine unvergessliche Spur von Abenteuer und Aufregung hinterl\u00e4sst. Verlasse den \u00fcblichen Weg materieller Geschenke und ersetze ihn durch ein aufregendes Fahrerlebnis, das den Beschenkten auf eine Reise voller Abenteuer f\u00fchrt. Hohe Flexibilit\u00e4tUnsere umfangreiche Sammlung an Motorr\u00e4dern umfasst sowohl legend\u00e4re Maschinen [&hellip;]<\/p>\n","protected":false},"featured_media":20526,"comment_status":"open","ping_status":"closed","template":"","meta":[],"product_brand":[],"product_cat":[464],"product_tag":[],"class_list":{"0":"post-39088","1":"product","2":"type-product","3":"status-publish","4":"has-post-thumbnail","6":"product_cat-motorrader","8":"first","9":"instock","10":"shipping-taxable","11":"purchasable","12":"product-type-variable"},"yoast_head":"<!-- This site is optimized with the Yoast SEO plugin v24.8.1 - https:\/\/yoast.com\/wordpress\/plugins\/seo\/ -->\n<title>UNIVERZ\u00c1LN\u00cd POUKAZ MOTO DE - Legendy U V\u00e1s<\/title>\n<meta name=\"robots\" content=\"index, follow, max-snippet:-1, max-image-preview:large, max-video-preview:-1\" \/>\n<link rel=\"canonical\" href=\"https:\/\/www.legendyuvas.cz\/de\/produkt\/univerzalni-poukaz-moto-de\/\" \/>\n<meta property=\"og:locale\" content=\"de_DE\" \/>\n<meta property=\"og:type\" content=\"article\" \/>\n<meta property=\"og:title\" content=\"UNIVERZ\u00c1LN\u00cd POUKAZ MOTO DE - Legendy U V\u00e1s\" \/>\n<meta property=\"og:description\" content=\"Verschenke ein Erlebnis auf zwei R\u00e4dernEin fantastisches Geschenk ist eines, das im Herzen des Beschenkten eine unvergessliche Spur von Abenteuer und Aufregung hinterl\u00e4sst. Verlasse den \u00fcblichen Weg materieller Geschenke und ersetze ihn durch ein aufregendes Fahrerlebnis, das den Beschenkten auf eine Reise voller Abenteuer f\u00fchrt. Hohe Flexibilit\u00e4tUnsere umfangreiche Sammlung an Motorr\u00e4dern umfasst sowohl legend\u00e4re Maschinen [&hellip;]\" \/>\n<meta property=\"og:url\" content=\"https:\/\/www.legendyuvas.cz\/de\/produkt\/univerzalni-poukaz-moto-de\/\" \/>\n<meta property=\"og:site_name\" content=\"Legendy U V\u00e1s\" \/>\n<meta property=\"article:publisher\" content=\"https:\/\/www.facebook.com\/autolegendyuvas\" \/>\n<meta property=\"og:image\" content=\"https:\/\/www.legendyuvas.cz\/wp-content\/uploads\/2023\/06\/C5D_0272-1-min-scaled.jpg\" \/>\n\t<meta property=\"og:image:width\" content=\"2560\" \/>\n\t<meta property=\"og:image:height\" content=\"1707\" \/>\n\t<meta property=\"og:image:type\" content=\"image\/jpeg\" \/>\n<meta name=\"twitter:card\" content=\"summary_large_image\" \/>\n<meta name=\"twitter:label1\" content=\"Gesch\u00e4tzte Lesezeit\" \/>\n\t<meta name=\"twitter:data1\" content=\"1\u00a0Minute\" \/>\n<script type=\"application\/ld+json\" class=\"yoast-schema-graph\">{\"@context\":\"https:\/\/schema.org\",\"@graph\":[{\"@type\":\"WebPage\",\"@id\":\"https:\/\/www.legendyuvas.cz\/de\/produkt\/univerzalni-poukaz-moto-de\/\",\"url\":\"https:\/\/www.legendyuvas.cz\/de\/produkt\/univerzalni-poukaz-moto-de\/\",\"name\":\"UNIVERZ\u00c1LN\u00cd POUKAZ MOTO DE - Legendy U V\u00e1s\",\"isPartOf\":{\"@id\":\"https:\/\/www.legendyuvas.cz\/#website\"},\"primaryImageOfPage\":{\"@id\":\"https:\/\/www.legendyuvas.cz\/de\/produkt\/univerzalni-poukaz-moto-de\/#primaryimage\"},\"image\":{\"@id\":\"https:\/\/www.legendyuvas.cz\/de\/produkt\/univerzalni-poukaz-moto-de\/#primaryimage\"},\"thumbnailUrl\":\"https:\/\/www.legendyuvas.cz\/wp-content\/uploads\/2023\/06\/C5D_0272-1-min-scaled.jpg\",\"datePublished\":\"2023-07-10T16:34:55+00:00\",\"breadcrumb\":{\"@id\":\"https:\/\/www.legendyuvas.cz\/de\/produkt\/univerzalni-poukaz-moto-de\/#breadcrumb\"},\"inLanguage\":\"de\",\"potentialAction\":[{\"@type\":\"ReadAction\",\"target\":[\"https:\/\/www.legendyuvas.cz\/de\/produkt\/univerzalni-poukaz-moto-de\/\"]}]},{\"@type\":\"ImageObject\",\"inLanguage\":\"de\",\"@id\":\"https:\/\/www.legendyuvas.cz\/de\/produkt\/univerzalni-poukaz-moto-de\/#primaryimage\",\"url\":\"https:\/\/www.legendyuvas.cz\/wp-content\/uploads\/2023\/06\/C5D_0272-1-min-scaled.jpg\",\"contentUrl\":\"https:\/\/www.legendyuvas.cz\/wp-content\/uploads\/2023\/06\/C5D_0272-1-min-scaled.jpg\",\"width\":2560,\"height\":1707},{\"@type\":\"BreadcrumbList\",\"@id\":\"https:\/\/www.legendyuvas.cz\/de\/produkt\/univerzalni-poukaz-moto-de\/#breadcrumb\",\"itemListElement\":[{\"@type\":\"ListItem\",\"position\":1,\"name\":\"Dom\u016f\",\"item\":\"https:\/\/www.legendyuvas.cz\/\"},{\"@type\":\"ListItem\",\"position\":2,\"name\":\"Shop\",\"item\":\"https:\/\/www.legendyuvas.cz\/de\/shop\/\"},{\"@type\":\"ListItem\",\"position\":3,\"name\":\"UNIVERZ\u00c1LN\u00cd POUKAZ MOTO DE\"}]},{\"@type\":\"WebSite\",\"@id\":\"https:\/\/www.legendyuvas.cz\/#website\",\"url\":\"https:\/\/www.legendyuvas.cz\/\",\"name\":\"Legendy U V\u00e1s\",\"description\":\"Dechberouc\u00ed z\u00e1\u017eitky v autech a motork\u00e1ch\",\"publisher\":{\"@id\":\"https:\/\/www.legendyuvas.cz\/#organization\"},\"potentialAction\":[{\"@type\":\"SearchAction\",\"target\":{\"@type\":\"EntryPoint\",\"urlTemplate\":\"https:\/\/www.legendyuvas.cz\/?s={search_term_string}\"},\"query-input\":{\"@type\":\"PropertyValueSpecification\",\"valueRequired\":true,\"valueName\":\"search_term_string\"}}],\"inLanguage\":\"de\"},{\"@type\":\"Organization\",\"@id\":\"https:\/\/www.legendyuvas.cz\/#organization\",\"name\":\"Bontex2 s.r.o.\",\"url\":\"https:\/\/www.legendyuvas.cz\/\",\"logo\":{\"@type\":\"ImageObject\",\"inLanguage\":\"de\",\"@id\":\"https:\/\/www.legendyuvas.cz\/#\/schema\/logo\/image\/\",\"url\":\"https:\/\/www.legendyuvas.cz\/wp-content\/uploads\/2021\/03\/Legendy-u-Vas.jpg\",\"contentUrl\":\"https:\/\/www.legendyuvas.cz\/wp-content\/uploads\/2021\/03\/Legendy-u-Vas.jpg\",\"width\":400,\"height\":240,\"caption\":\"Bontex2 s.r.o.\"},\"image\":{\"@id\":\"https:\/\/www.legendyuvas.cz\/#\/schema\/logo\/image\/\"},\"sameAs\":[\"https:\/\/www.facebook.com\/autolegendyuvas\",\"https:\/\/www.facebook.com\/motolegendyuvas\",\"https:\/\/www.instagram.com\/autolegendyuvas\/\",\"https:\/\/www.instagram.com\/motolegendyuvas\/\"]}]}<\/script>\n<!-- \/ Yoast SEO plugin. -->","yoast_head_json":{"title":"UNIVERZ\u00c1LN\u00cd POUKAZ MOTO DE - Legendy U V\u00e1s","robots":{"index":"index","follow":"follow","max-snippet":"max-snippet:-1","max-image-preview":"max-image-preview:large","max-video-preview":"max-video-preview:-1"},"canonical":"https:\/\/www.legendyuvas.cz\/de\/produkt\/univerzalni-poukaz-moto-de\/","og_locale":"de_DE","og_type":"article","og_title":"UNIVERZ\u00c1LN\u00cd POUKAZ MOTO DE - Legendy U V\u00e1s","og_description":"Verschenke ein Erlebnis auf zwei R\u00e4dernEin fantastisches Geschenk ist eines, das im Herzen des Beschenkten eine unvergessliche Spur von Abenteuer und Aufregung hinterl\u00e4sst. Verlasse den \u00fcblichen Weg materieller Geschenke und ersetze ihn durch ein aufregendes Fahrerlebnis, das den Beschenkten auf eine Reise voller Abenteuer f\u00fchrt. Hohe Flexibilit\u00e4tUnsere umfangreiche Sammlung an Motorr\u00e4dern umfasst sowohl legend\u00e4re Maschinen [&hellip;]","og_url":"https:\/\/www.legendyuvas.cz\/de\/produkt\/univerzalni-poukaz-moto-de\/","og_site_name":"Legendy U V\u00e1s","article_publisher":"https:\/\/www.facebook.com\/autolegendyuvas","og_image":[{"width":2560,"height":1707,"url":"https:\/\/www.legendyuvas.cz\/wp-content\/uploads\/2023\/06\/C5D_0272-1-min-scaled.jpg","type":"image\/jpeg"}],"twitter_card":"summary_large_image","twitter_misc":{"Gesch\u00e4tzte Lesezeit":"1\u00a0Minute"},"schema":{"@context":"https:\/\/schema.org","@graph":[{"@type":"WebPage","@id":"https:\/\/www.legendyuvas.cz\/de\/produkt\/univerzalni-poukaz-moto-de\/","url":"https:\/\/www.legendyuvas.cz\/de\/produkt\/univerzalni-poukaz-moto-de\/","name":"UNIVERZ\u00c1LN\u00cd POUKAZ MOTO DE - Legendy U V\u00e1s","isPartOf":{"@id":"https:\/\/www.legendyuvas.cz\/#website"},"primaryImageOfPage":{"@id":"https:\/\/www.legendyuvas.cz\/de\/produkt\/univerzalni-poukaz-moto-de\/#primaryimage"},"image":{"@id":"https:\/\/www.legendyuvas.cz\/de\/produkt\/univerzalni-poukaz-moto-de\/#primaryimage"},"thumbnailUrl":"https:\/\/www.legendyuvas.cz\/wp-content\/uploads\/2023\/06\/C5D_0272-1-min-scaled.jpg","datePublished":"2023-07-10T16:34:55+00:00","breadcrumb":{"@id":"https:\/\/www.legendyuvas.cz\/de\/produkt\/univerzalni-poukaz-moto-de\/#breadcrumb"},"inLanguage":"de","potentialAction":[{"@type":"ReadAction","target":["https:\/\/www.legendyuvas.cz\/de\/produkt\/univerzalni-poukaz-moto-de\/"]}]},{"@type":"ImageObject","inLanguage":"de","@id":"https:\/\/www.legendyuvas.cz\/de\/produkt\/univerzalni-poukaz-moto-de\/#primaryimage","url":"https:\/\/www.legendyuvas.cz\/wp-content\/uploads\/2023\/06\/C5D_0272-1-min-scaled.jpg","contentUrl":"https:\/\/www.legendyuvas.cz\/wp-content\/uploads\/2023\/06\/C5D_0272-1-min-scaled.jpg","width":2560,"height":1707},{"@type":"BreadcrumbList","@id":"https:\/\/www.legendyuvas.cz\/de\/produkt\/univerzalni-poukaz-moto-de\/#breadcrumb","itemListElement":[{"@type":"ListItem","position":1,"name":"Dom\u016f","item":"https:\/\/www.legendyuvas.cz\/"},{"@type":"ListItem","position":2,"name":"Shop","item":"https:\/\/www.legendyuvas.cz\/de\/shop\/"},{"@type":"ListItem","position":3,"name":"UNIVERZ\u00c1LN\u00cd POUKAZ MOTO DE"}]},{"@type":"WebSite","@id":"https:\/\/www.legendyuvas.cz\/#website","url":"https:\/\/www.legendyuvas.cz\/","name":"Legendy U V\u00e1s","description":"Dechberouc\u00ed z\u00e1\u017eitky v autech a motork\u00e1ch","publisher":{"@id":"https:\/\/www.legendyuvas.cz\/#organization"},"potentialAction":[{"@type":"SearchAction","target":{"@type":"EntryPoint","urlTemplate":"https:\/\/www.legendyuvas.cz\/?s={search_term_string}"},"query-input":{"@type":"PropertyValueSpecification","valueRequired":true,"valueName":"search_term_string"}}],"inLanguage":"de"},{"@type":"Organization","@id":"https:\/\/www.legendyuvas.cz\/#organization","name":"Bontex2 s.r.o.","url":"https:\/\/www.legendyuvas.cz\/","logo":{"@type":"ImageObject","inLanguage":"de","@id":"https:\/\/www.legendyuvas.cz\/#\/schema\/logo\/image\/","url":"https:\/\/www.legendyuvas.cz\/wp-content\/uploads\/2021\/03\/Legendy-u-Vas.jpg","contentUrl":"https:\/\/www.legendyuvas.cz\/wp-content\/uploads\/2021\/03\/Legendy-u-Vas.jpg","width":400,"height":240,"caption":"Bontex2 s.r.o."},"image":{"@id":"https:\/\/www.legendyuvas.cz\/#\/schema\/logo\/image\/"},"sameAs":["https:\/\/www.facebook.com\/autolegendyuvas","https:\/\/www.facebook.com\/motolegendyuvas","https:\/\/www.instagram.com\/autolegendyuvas\/","https:\/\/www.instagram.com\/motolegendyuvas\/"]}]}},"_links":{"self":[{"href":"https:\/\/www.legendyuvas.cz\/de\/wp-json\/wp\/v2\/product\/39088","targetHints":{"allow":["GET"]}}],"collection":[{"href":"https:\/\/www.legendyuvas.cz\/de\/wp-json\/wp\/v2\/product"}],"about":[{"href":"https:\/\/www.legendyuvas.cz\/de\/wp-json\/wp\/v2\/types\/product"}],"replies":[{"embeddable":true,"href":"https:\/\/www.legendyuvas.cz\/de\/wp-json\/wp\/v2\/comments?post=39088"}],"version-history":[{"count":0,"href":"https:\/\/www.legendyuvas.cz\/de\/wp-json\/wp\/v2\/product\/39088\/revisions"}],"wp:featuredmedia":[{"embeddable":true,"href":"https:\/\/www.legendyuvas.cz\/de\/wp-json\/wp\/v2\/media\/20526"}],"wp:attachment":[{"href":"https:\/\/www.legendyuvas.cz\/de\/wp-json\/wp\/v2\/media?parent=39088"}],"wp:term":[{"taxonomy":"product_brand","embeddable":true,"href":"https:\/\/www.legendyuvas.cz\/de\/wp-json\/wp\/v2\/product_brand?post=39088"},{"taxonomy":"product_cat","embeddable":true,"href":"https:\/\/www.legendyuvas.cz\/de\/wp-json\/wp\/v2\/product_cat?post=39088"},{"taxonomy":"product_tag","embeddable":true,"href":"https:\/\/www.legendyuvas.cz\/de\/wp-json\/wp\/v2\/product_tag?post=39088"}],"curies":[{"name":"wp","href":"https:\/\/api.w.org\/{rel}","templated":true}]}}