{"id":39373,"date":"2023-12-16T09:33:55","date_gmt":"2023-12-16T09:33:55","guid":{"rendered":"https:\/\/www.legendyuvas.cz\/produkt\/porsche-718-gt4-rs-weissach-at\/"},"modified":"2025-12-27T00:02:27","modified_gmt":"2025-12-27T00:02:27","slug":"porsche-718-gt4-rs-weissach-at","status":"publish","type":"product","link":"https:\/\/www.legendyuvas.cz\/de\/produkt\/porsche-718-gt4-rs-weissach-at\/","title":{"rendered":"Porsche 718 GT4 RS Weissach (AT)"},"content":{"rendered":"<p data-start=\"5235\" data-end=\"5601\"><strong data-start=\"5235\" data-end=\"5273\">Rennstreckenfahrzeug in Vollendung<\/strong><br data-start=\"5273\" data-end=\"5276\" \/>Das Porsche GT4 wurde sofort nach seiner Einf\u00fchrung ein riesiger Erfolg. Kein Wunder, dass als die ersten Informationen \u00fcber das GT4 RS Modell bekannt wurden, die Welt der Sportwagen ersch\u00fcttert wurde. K\u00f6nnte der ohnehin schon gro\u00dfartige Cayman GT4 noch besser sein? Ja, den Ingenieuren in Stuttgart ist es wirklich gelungen.<\/p>\n<p data-start=\"5603\" data-end=\"6202\">Die Hauptattraktion des Porsche GT4 RS ist eindeutig der neue Motor. Dieser stammt nun direkt aus dem Porsche GT3, der ihn wiederum vom GT3 Cup \u00fcbernommen hat. Er leistet somit wie der GT3 500 PS, also 80 PS mehr als der bisherige GT4. Im Unterschied zum GT3 sitzt der 4,0-Liter-Boxermotor des GT4 RS direkt hinter Ihnen. Ja, das Mittelmotor-Konzept bleibt wie beim klassischen GT4 unver\u00e4ndert. Den 9000 U\/min direkt hinter sich zu h\u00f6ren, ist ein Erlebnis, das den Adrenalinspiegel in die H\u00f6he schie\u00dft. In Kombination mit dem automatischen PDK-Getriebe ist dies eine Kombination wie aus einem Traum.<\/p>\n<p data-start=\"6204\" data-end=\"6774\">Doch die Neuerungen des GT4 RS h\u00f6ren hier nicht auf. Ein weiterer Vorteil ist das reduzierte Gewicht. Unser Porsche GT4 RS ist zudem mit dem Weissach-Paket ausgestattet, das einen Titan-Rennk\u00e4fig, Schalensitze und vieles mehr enth\u00e4lt. Dadurch ist er um mehrere Dutzend Kilogramm leichter als der klassische GT4. Abgerundet wird das Ganze durch die optimierte Aerodynamik, die das Auto zu einem noch besseren Rennstreckenfahrzeug macht. Auf den ersten Blick f\u00e4llt das neue Heckfl\u00fcgel auf, das von der Renn-911 RSR GT inspiriert ist und auch beim neuen GT3 verwendet wird.<\/p>\n<p data-start=\"6776\" data-end=\"7080\" data-is-last-node=\"\" data-is-only-node=\"\">Der Porsche GT4 RS ist als Gesamtkonzept ein Auto, das einen bleibenden Eindruck hinterl\u00e4sst. Seine Fahreigenschaften begeistern, und dank des scharfen Motorenger\u00e4usches f\u00fchlt man sich wie ein Rennfahrer. Kein Wunder, dass der GT4 RS eines der am meisten diskutierten Sportwagenmodelle der Gegenwart ist.<\/p>\n","protected":false},"excerpt":{"rendered":"<p>Rennstreckenfahrzeug in VollendungDas Porsche GT4 wurde sofort nach seiner Einf\u00fchrung ein riesiger Erfolg. Kein Wunder, dass als die ersten Informationen \u00fcber das GT4 RS Modell bekannt wurden, die Welt der Sportwagen ersch\u00fcttert wurde. K\u00f6nnte der ohnehin schon gro\u00dfartige Cayman GT4 noch besser sein? Ja, den Ingenieuren in Stuttgart ist es wirklich gelungen. Die Hauptattraktion des [&hellip;]<\/p>\n","protected":false},"featured_media":41748,"comment_status":"open","ping_status":"closed","template":"","meta":[],"product_brand":[],"product_cat":[451],"product_tag":[],"class_list":{"0":"post-39373","1":"product","2":"type-product","3":"status-publish","4":"has-post-thumbnail","6":"product_cat-auta","8":"first","9":"instock","10":"shipping-taxable","11":"purchasable","12":"product-type-variable"},"yoast_head":"<!-- This site is optimized with the Yoast SEO plugin v24.8.1 - https:\/\/yoast.com\/wordpress\/plugins\/seo\/ -->\n<title>Porsche 718 GT4 RS Weissach (AT) - Legendy U V\u00e1s<\/title>\n<meta name=\"description\" content=\"Adrenalin-Erlebnis mit Legendy U V\u00e1s \u2013 ein originelles Geschenk nicht nur f\u00fcr M\u00e4nner und Autoenthusiasten. Fahrt in Sportwagen (Ferrari, Lamborghini, Porsche, ...) auf der Rennstrecke und auf Landstra\u00dfen.\" \/>\n<meta name=\"robots\" content=\"index, follow, max-snippet:-1, max-image-preview:large, max-video-preview:-1\" \/>\n<link rel=\"canonical\" href=\"https:\/\/www.legendyuvas.cz\/produkt\/porsche-gt4-rs-weissach\/\" \/>\n<meta property=\"og:locale\" content=\"de_DE\" \/>\n<meta property=\"og:type\" content=\"article\" \/>\n<meta property=\"og:title\" content=\"Porsche 718 GT4 RS Weissach (AT) - Legendy U V\u00e1s\" \/>\n<meta property=\"og:description\" content=\"Adrenalin-Erlebnis mit Legendy U V\u00e1s \u2013 ein originelles Geschenk nicht nur f\u00fcr M\u00e4nner und Autoenthusiasten. Fahrt in Sportwagen (Ferrari, Lamborghini, Porsche, ...) auf der Rennstrecke und auf Landstra\u00dfen.\" \/>\n<meta property=\"og:url\" content=\"https:\/\/www.legendyuvas.cz\/produkt\/porsche-gt4-rs-weissach\/\" \/>\n<meta property=\"og:site_name\" content=\"Legendy U V\u00e1s\" \/>\n<meta property=\"article:publisher\" content=\"https:\/\/www.facebook.com\/autolegendyuvas\" \/>\n<meta property=\"article:modified_time\" content=\"2025-12-27T00:02:27+00:00\" \/>\n<meta property=\"og:image\" content=\"https:\/\/www.legendyuvas.cz\/wp-content\/uploads\/2023\/12\/typeelementorsiteurlhttpswww.legendyuvas.czwp-jsonelementsidba0c5c1elTypewidgetisInnerfalseisLockedfalsesettingsbg_imageurlhttpswww.legendyuvas.czwp-contentuploads202410DSC_0620-2-scale-15.jpg\" \/>\n\t<meta property=\"og:image:width\" content=\"2048\" \/>\n\t<meta property=\"og:image:height\" content=\"1365\" \/>\n\t<meta property=\"og:image:type\" content=\"image\/jpeg\" \/>\n<meta name=\"twitter:card\" content=\"summary_large_image\" \/>\n<meta name=\"twitter:label1\" content=\"Gesch\u00e4tzte Lesezeit\" \/>\n\t<meta name=\"twitter:data1\" content=\"1\u00a0Minute\" \/>\n<script type=\"application\/ld+json\" class=\"yoast-schema-graph\">{\"@context\":\"https:\/\/schema.org\",\"@graph\":[{\"@type\":\"WebPage\",\"@id\":\"https:\/\/www.legendyuvas.cz\/produkt\/porsche-gt4-rs-weissach\/\",\"url\":\"https:\/\/www.legendyuvas.cz\/produkt\/porsche-gt4-rs-weissach\/\",\"name\":\"Porsche 718 GT4 RS Weissach (AT) - Legendy U V\u00e1s\",\"isPartOf\":{\"@id\":\"https:\/\/www.legendyuvas.cz\/#website\"},\"primaryImageOfPage\":{\"@id\":\"https:\/\/www.legendyuvas.cz\/produkt\/porsche-gt4-rs-weissach\/#primaryimage\"},\"image\":{\"@id\":\"https:\/\/www.legendyuvas.cz\/produkt\/porsche-gt4-rs-weissach\/#primaryimage\"},\"thumbnailUrl\":\"https:\/\/www.legendyuvas.cz\/wp-content\/uploads\/2023\/12\/R3PF5976-1536x1075-1-1.webp\",\"datePublished\":\"2023-12-16T09:33:55+00:00\",\"dateModified\":\"2025-12-27T00:02:27+00:00\",\"description\":\"Adrenalin-Erlebnis mit Legendy U V\u00e1s \u2013 ein originelles Geschenk nicht nur f\u00fcr M\u00e4nner und Autoenthusiasten. Fahrt in Sportwagen (Ferrari, Lamborghini, Porsche, ...) auf der Rennstrecke und auf Landstra\u00dfen.\",\"breadcrumb\":{\"@id\":\"https:\/\/www.legendyuvas.cz\/produkt\/porsche-gt4-rs-weissach\/#breadcrumb\"},\"inLanguage\":\"de\",\"potentialAction\":[{\"@type\":\"ReadAction\",\"target\":[\"https:\/\/www.legendyuvas.cz\/produkt\/porsche-gt4-rs-weissach\/\"]}]},{\"@type\":\"ImageObject\",\"inLanguage\":\"de\",\"@id\":\"https:\/\/www.legendyuvas.cz\/produkt\/porsche-gt4-rs-weissach\/#primaryimage\",\"url\":\"https:\/\/www.legendyuvas.cz\/wp-content\/uploads\/2023\/12\/R3PF5976-1536x1075-1-1.webp\",\"contentUrl\":\"https:\/\/www.legendyuvas.cz\/wp-content\/uploads\/2023\/12\/R3PF5976-1536x1075-1-1.webp\",\"width\":1536,\"height\":1075},{\"@type\":\"BreadcrumbList\",\"@id\":\"https:\/\/www.legendyuvas.cz\/produkt\/porsche-gt4-rs-weissach\/#breadcrumb\",\"itemListElement\":[{\"@type\":\"ListItem\",\"position\":1,\"name\":\"Dom\u016f\",\"item\":\"https:\/\/www.legendyuvas.cz\/\"},{\"@type\":\"ListItem\",\"position\":2,\"name\":\"Shop\",\"item\":\"https:\/\/www.legendyuvas.cz\/de\/shop\/\"},{\"@type\":\"ListItem\",\"position\":3,\"name\":\"Porsche 718 GT4 RS Weissach (AT)\"}]},{\"@type\":\"WebSite\",\"@id\":\"https:\/\/www.legendyuvas.cz\/#website\",\"url\":\"https:\/\/www.legendyuvas.cz\/\",\"name\":\"Legendy U V\u00e1s\",\"description\":\"Dechberouc\u00ed z\u00e1\u017eitky v autech a motork\u00e1ch\",\"publisher\":{\"@id\":\"https:\/\/www.legendyuvas.cz\/#organization\"},\"potentialAction\":[{\"@type\":\"SearchAction\",\"target\":{\"@type\":\"EntryPoint\",\"urlTemplate\":\"https:\/\/www.legendyuvas.cz\/?s={search_term_string}\"},\"query-input\":{\"@type\":\"PropertyValueSpecification\",\"valueRequired\":true,\"valueName\":\"search_term_string\"}}],\"inLanguage\":\"de\"},{\"@type\":\"Organization\",\"@id\":\"https:\/\/www.legendyuvas.cz\/#organization\",\"name\":\"Bontex2 s.r.o.\",\"url\":\"https:\/\/www.legendyuvas.cz\/\",\"logo\":{\"@type\":\"ImageObject\",\"inLanguage\":\"de\",\"@id\":\"https:\/\/www.legendyuvas.cz\/#\/schema\/logo\/image\/\",\"url\":\"https:\/\/www.legendyuvas.cz\/wp-content\/uploads\/2021\/03\/Legendy-u-Vas.jpg\",\"contentUrl\":\"https:\/\/www.legendyuvas.cz\/wp-content\/uploads\/2021\/03\/Legendy-u-Vas.jpg\",\"width\":400,\"height\":240,\"caption\":\"Bontex2 s.r.o.\"},\"image\":{\"@id\":\"https:\/\/www.legendyuvas.cz\/#\/schema\/logo\/image\/\"},\"sameAs\":[\"https:\/\/www.facebook.com\/autolegendyuvas\",\"https:\/\/www.facebook.com\/motolegendyuvas\",\"https:\/\/www.instagram.com\/autolegendyuvas\/\",\"https:\/\/www.instagram.com\/motolegendyuvas\/\"]}]}<\/script>\n<!-- \/ Yoast SEO plugin. -->","yoast_head_json":{"title":"Porsche 718 GT4 RS Weissach (AT) - Legendy U V\u00e1s","description":"Adrenalin-Erlebnis mit Legendy U V\u00e1s \u2013 ein originelles Geschenk nicht nur f\u00fcr M\u00e4nner und Autoenthusiasten. Fahrt in Sportwagen (Ferrari, Lamborghini, Porsche, ...) auf der Rennstrecke und auf Landstra\u00dfen.","robots":{"index":"index","follow":"follow","max-snippet":"max-snippet:-1","max-image-preview":"max-image-preview:large","max-video-preview":"max-video-preview:-1"},"canonical":"https:\/\/www.legendyuvas.cz\/produkt\/porsche-gt4-rs-weissach\/","og_locale":"de_DE","og_type":"article","og_title":"Porsche 718 GT4 RS Weissach (AT) - Legendy U V\u00e1s","og_description":"Adrenalin-Erlebnis mit Legendy U V\u00e1s \u2013 ein originelles Geschenk nicht nur f\u00fcr M\u00e4nner und Autoenthusiasten. Fahrt in Sportwagen (Ferrari, Lamborghini, Porsche, ...) auf der Rennstrecke und auf Landstra\u00dfen.","og_url":"https:\/\/www.legendyuvas.cz\/produkt\/porsche-gt4-rs-weissach\/","og_site_name":"Legendy U V\u00e1s","article_publisher":"https:\/\/www.facebook.com\/autolegendyuvas","article_modified_time":"2025-12-27T00:02:27+00:00","og_image":[{"width":2048,"height":1365,"url":"https:\/\/www.legendyuvas.cz\/wp-content\/uploads\/2023\/12\/typeelementorsiteurlhttpswww.legendyuvas.czwp-jsonelementsidba0c5c1elTypewidgetisInnerfalseisLockedfalsesettingsbg_imageurlhttpswww.legendyuvas.czwp-contentuploads202410DSC_0620-2-scale-15.jpg","type":"image\/jpeg"}],"twitter_card":"summary_large_image","twitter_misc":{"Gesch\u00e4tzte Lesezeit":"1\u00a0Minute"},"schema":{"@context":"https:\/\/schema.org","@graph":[{"@type":"WebPage","@id":"https:\/\/www.legendyuvas.cz\/produkt\/porsche-gt4-rs-weissach\/","url":"https:\/\/www.legendyuvas.cz\/produkt\/porsche-gt4-rs-weissach\/","name":"Porsche 718 GT4 RS Weissach (AT) - Legendy U V\u00e1s","isPartOf":{"@id":"https:\/\/www.legendyuvas.cz\/#website"},"primaryImageOfPage":{"@id":"https:\/\/www.legendyuvas.cz\/produkt\/porsche-gt4-rs-weissach\/#primaryimage"},"image":{"@id":"https:\/\/www.legendyuvas.cz\/produkt\/porsche-gt4-rs-weissach\/#primaryimage"},"thumbnailUrl":"https:\/\/www.legendyuvas.cz\/wp-content\/uploads\/2023\/12\/R3PF5976-1536x1075-1-1.webp","datePublished":"2023-12-16T09:33:55+00:00","dateModified":"2025-12-27T00:02:27+00:00","description":"Adrenalin-Erlebnis mit Legendy U V\u00e1s \u2013 ein originelles Geschenk nicht nur f\u00fcr M\u00e4nner und Autoenthusiasten. Fahrt in Sportwagen (Ferrari, Lamborghini, Porsche, ...) auf der Rennstrecke und auf Landstra\u00dfen.","breadcrumb":{"@id":"https:\/\/www.legendyuvas.cz\/produkt\/porsche-gt4-rs-weissach\/#breadcrumb"},"inLanguage":"de","potentialAction":[{"@type":"ReadAction","target":["https:\/\/www.legendyuvas.cz\/produkt\/porsche-gt4-rs-weissach\/"]}]},{"@type":"ImageObject","inLanguage":"de","@id":"https:\/\/www.legendyuvas.cz\/produkt\/porsche-gt4-rs-weissach\/#primaryimage","url":"https:\/\/www.legendyuvas.cz\/wp-content\/uploads\/2023\/12\/R3PF5976-1536x1075-1-1.webp","contentUrl":"https:\/\/www.legendyuvas.cz\/wp-content\/uploads\/2023\/12\/R3PF5976-1536x1075-1-1.webp","width":1536,"height":1075},{"@type":"BreadcrumbList","@id":"https:\/\/www.legendyuvas.cz\/produkt\/porsche-gt4-rs-weissach\/#breadcrumb","itemListElement":[{"@type":"ListItem","position":1,"name":"Dom\u016f","item":"https:\/\/www.legendyuvas.cz\/"},{"@type":"ListItem","position":2,"name":"Shop","item":"https:\/\/www.legendyuvas.cz\/de\/shop\/"},{"@type":"ListItem","position":3,"name":"Porsche 718 GT4 RS Weissach (AT)"}]},{"@type":"WebSite","@id":"https:\/\/www.legendyuvas.cz\/#website","url":"https:\/\/www.legendyuvas.cz\/","name":"Legendy U V\u00e1s","description":"Dechberouc\u00ed z\u00e1\u017eitky v autech a motork\u00e1ch","publisher":{"@id":"https:\/\/www.legendyuvas.cz\/#organization"},"potentialAction":[{"@type":"SearchAction","target":{"@type":"EntryPoint","urlTemplate":"https:\/\/www.legendyuvas.cz\/?s={search_term_string}"},"query-input":{"@type":"PropertyValueSpecification","valueRequired":true,"valueName":"search_term_string"}}],"inLanguage":"de"},{"@type":"Organization","@id":"https:\/\/www.legendyuvas.cz\/#organization","name":"Bontex2 s.r.o.","url":"https:\/\/www.legendyuvas.cz\/","logo":{"@type":"ImageObject","inLanguage":"de","@id":"https:\/\/www.legendyuvas.cz\/#\/schema\/logo\/image\/","url":"https:\/\/www.legendyuvas.cz\/wp-content\/uploads\/2021\/03\/Legendy-u-Vas.jpg","contentUrl":"https:\/\/www.legendyuvas.cz\/wp-content\/uploads\/2021\/03\/Legendy-u-Vas.jpg","width":400,"height":240,"caption":"Bontex2 s.r.o."},"image":{"@id":"https:\/\/www.legendyuvas.cz\/#\/schema\/logo\/image\/"},"sameAs":["https:\/\/www.facebook.com\/autolegendyuvas","https:\/\/www.facebook.com\/motolegendyuvas","https:\/\/www.instagram.com\/autolegendyuvas\/","https:\/\/www.instagram.com\/motolegendyuvas\/"]}]}},"_links":{"self":[{"href":"https:\/\/www.legendyuvas.cz\/de\/wp-json\/wp\/v2\/product\/39373","targetHints":{"allow":["GET"]}}],"collection":[{"href":"https:\/\/www.legendyuvas.cz\/de\/wp-json\/wp\/v2\/product"}],"about":[{"href":"https:\/\/www.legendyuvas.cz\/de\/wp-json\/wp\/v2\/types\/product"}],"replies":[{"embeddable":true,"href":"https:\/\/www.legendyuvas.cz\/de\/wp-json\/wp\/v2\/comments?post=39373"}],"version-history":[{"count":0,"href":"https:\/\/www.legendyuvas.cz\/de\/wp-json\/wp\/v2\/product\/39373\/revisions"}],"wp:featuredmedia":[{"embeddable":true,"href":"https:\/\/www.legendyuvas.cz\/de\/wp-json\/wp\/v2\/media\/41748"}],"wp:attachment":[{"href":"https:\/\/www.legendyuvas.cz\/de\/wp-json\/wp\/v2\/media?parent=39373"}],"wp:term":[{"taxonomy":"product_brand","embeddable":true,"href":"https:\/\/www.legendyuvas.cz\/de\/wp-json\/wp\/v2\/product_brand?post=39373"},{"taxonomy":"product_cat","embeddable":true,"href":"https:\/\/www.legendyuvas.cz\/de\/wp-json\/wp\/v2\/product_cat?post=39373"},{"taxonomy":"product_tag","embeddable":true,"href":"https:\/\/www.legendyuvas.cz\/de\/wp-json\/wp\/v2\/product_tag?post=39373"}],"curies":[{"name":"wp","href":"https:\/\/api.w.org\/{rel}","templated":true}]}}