{"id":39690,"date":"2024-10-02T11:31:03","date_gmt":"2024-10-02T11:31:03","guid":{"rendered":"https:\/\/www.legendyuvas.cz\/produkt\/alpine-a110-s-at\/"},"modified":"2025-12-27T00:02:32","modified_gmt":"2025-12-27T00:02:32","slug":"alpine-a110-s-at","status":"publish","type":"product","link":"https:\/\/www.legendyuvas.cz\/de\/produkt\/alpine-a110-s-at\/","title":{"rendered":"Alpine A110 S (AT)"},"content":{"rendered":"<p data-start=\"3716\" data-end=\"4228\"><strong data-start=\"3716\" data-end=\"3762\">Der Nachfolger einer franz\u00f6sischen Legende<\/strong><br data-start=\"3762\" data-end=\"3765\" \/>Erleben Sie echten Adrenalinrausch mit dem Alpine A110 S, einem Sportwagen, der f\u00fcr maximale Leistung und Fahrspa\u00df entwickelt wurde. Mit einem 300 PS starken Motor und einer leichten Aluminiumkarosserie von nur 1120 kg bietet dieses Auto ein unvergessliches Erlebnis auf der Rennstrecke. Das aerodynamische Design, inspiriert von der legend\u00e4ren Alpine Berlinette, verbindet Aggressivit\u00e4t mit Eleganz und sorgt f\u00fcr pr\u00e4zises Handling und hervorragenden Fahrkomfort.<\/p>\n<p data-start=\"4230\" data-end=\"4701\">Der Alpine A110 S verf\u00fcgt \u00fcber Renntechnologien, die normalerweise in Supersportwagen zu finden sind. Mit h\u00e4rteren Sto\u00dfd\u00e4mpfern, Stabilisatoren und einem hochwertigen Fahrwerk ist das Auto bereit, auf der Rennstrecke zu gl\u00e4nzen, bietet aber gleichzeitig komfortables Fahren im Alltag. Mit einem 7-Gang-DCT-Getriebe und einer Beschleunigung von 0 auf 100 km\/h in nur 4,2 Sekunden tauchen Sie mit dem A110 S in eine Welt voller Geschwindigkeit und pr\u00e4ziser Fahrdynamik ein.<\/p>\n<p data-start=\"4703\" data-end=\"5063\" data-is-last-node=\"\" data-is-only-node=\"\">Das Interieur des Fahrzeugs verk\u00f6rpert Rennsport-Eleganz. Die Kombination aus hochwertigen Materialien wie Aluminium, Carbon und Mikrofaser schafft die perfekte Umgebung f\u00fcr Motorsport-Enthusiasten. Bereiten Sie sich auf ein intensives Erlebnis als Fahrer oder Beifahrer in diesem au\u00dfergew\u00f6hnlichen Auto vor, das Rennleistung mit Alltagstauglichkeit verbindet!<\/p>\n","protected":false},"excerpt":{"rendered":"<p>Der Nachfolger einer franz\u00f6sischen LegendeErleben Sie echten Adrenalinrausch mit dem Alpine A110 S, einem Sportwagen, der f\u00fcr maximale Leistung und Fahrspa\u00df entwickelt wurde. Mit einem 300 PS starken Motor und einer leichten Aluminiumkarosserie von nur 1120 kg bietet dieses Auto ein unvergessliches Erlebnis auf der Rennstrecke. Das aerodynamische Design, inspiriert von der legend\u00e4ren Alpine Berlinette, [&hellip;]<\/p>\n","protected":false},"featured_media":41738,"comment_status":"open","ping_status":"closed","template":"","meta":[],"product_brand":[],"product_cat":[451],"product_tag":[],"class_list":{"0":"post-39690","1":"product","2":"type-product","3":"status-publish","4":"has-post-thumbnail","6":"product_cat-auta","8":"first","9":"instock","10":"shipping-taxable","11":"purchasable","12":"product-type-variable"},"yoast_head":"<!-- This site is optimized with the Yoast SEO plugin v24.8.1 - https:\/\/yoast.com\/wordpress\/plugins\/seo\/ -->\n<title>Alpine A110 S (AT) - Legendy U V\u00e1s<\/title>\n<meta name=\"description\" content=\"Adrenalin-Erlebnis mit Legendy U V\u00e1s \u2013 ein originelles Geschenk nicht nur f\u00fcr M\u00e4nner und Autoliebhaber. Fahrt mit Sportwagen (Ferrari, Lamborghini, Porsche, \u2026) auf Rennstrecken und Landstra\u00dfen.\" \/>\n<meta name=\"robots\" content=\"index, follow, max-snippet:-1, max-image-preview:large, max-video-preview:-1\" \/>\n<link rel=\"canonical\" href=\"https:\/\/www.legendyuvas.cz\/produkt\/alpine-a110-s\/\" \/>\n<meta property=\"og:locale\" content=\"de_DE\" \/>\n<meta property=\"og:type\" content=\"article\" \/>\n<meta property=\"og:title\" content=\"Alpine A110 S (AT) - Legendy U V\u00e1s\" \/>\n<meta property=\"og:description\" content=\"Adrenalin-Erlebnis mit Legendy U V\u00e1s \u2013 ein originelles Geschenk nicht nur f\u00fcr M\u00e4nner und Autoliebhaber. Fahrt mit Sportwagen (Ferrari, Lamborghini, Porsche, \u2026) auf Rennstrecken und Landstra\u00dfen.\" \/>\n<meta property=\"og:url\" content=\"https:\/\/www.legendyuvas.cz\/produkt\/alpine-a110-s\/\" \/>\n<meta property=\"og:site_name\" content=\"Legendy U V\u00e1s\" \/>\n<meta property=\"article:publisher\" content=\"https:\/\/www.facebook.com\/autolegendyuvas\" \/>\n<meta property=\"article:modified_time\" content=\"2025-12-27T00:02:32+00:00\" \/>\n<meta property=\"og:image\" content=\"https:\/\/www.legendyuvas.cz\/wp-content\/uploads\/2024\/10\/typeelementorsiteurlhttpswww.legendyuvas.czwp-jsonelementsidba0c5c1elTypewidgetisInnerfalseisLockedfalsesettingsbg_imageurlhttpswww.legendyuvas.czwp-contentuploads202410DSC_0620-2-scale-16.jpg\" \/>\n\t<meta property=\"og:image:width\" content=\"2048\" \/>\n\t<meta property=\"og:image:height\" content=\"1365\" \/>\n\t<meta property=\"og:image:type\" content=\"image\/jpeg\" \/>\n<meta name=\"twitter:card\" content=\"summary_large_image\" \/>\n<meta name=\"twitter:label1\" content=\"Gesch\u00e4tzte Lesezeit\" \/>\n\t<meta name=\"twitter:data1\" content=\"1\u00a0Minute\" \/>\n<script type=\"application\/ld+json\" class=\"yoast-schema-graph\">{\"@context\":\"https:\/\/schema.org\",\"@graph\":[{\"@type\":\"WebPage\",\"@id\":\"https:\/\/www.legendyuvas.cz\/produkt\/alpine-a110-s\/\",\"url\":\"https:\/\/www.legendyuvas.cz\/produkt\/alpine-a110-s\/\",\"name\":\"Alpine A110 S (AT) - Legendy U V\u00e1s\",\"isPartOf\":{\"@id\":\"https:\/\/www.legendyuvas.cz\/#website\"},\"primaryImageOfPage\":{\"@id\":\"https:\/\/www.legendyuvas.cz\/produkt\/alpine-a110-s\/#primaryimage\"},\"image\":{\"@id\":\"https:\/\/www.legendyuvas.cz\/produkt\/alpine-a110-s\/#primaryimage\"},\"thumbnailUrl\":\"https:\/\/www.legendyuvas.cz\/wp-content\/uploads\/2024\/10\/DSC07108-scaled-e1727938268626-1536x1037-1-1.webp\",\"datePublished\":\"2024-10-02T11:31:03+00:00\",\"dateModified\":\"2025-12-27T00:02:32+00:00\",\"description\":\"Adrenalin-Erlebnis mit Legendy U V\u00e1s \u2013 ein originelles Geschenk nicht nur f\u00fcr M\u00e4nner und Autoliebhaber. Fahrt mit Sportwagen (Ferrari, Lamborghini, Porsche, \u2026) auf Rennstrecken und Landstra\u00dfen.\",\"breadcrumb\":{\"@id\":\"https:\/\/www.legendyuvas.cz\/produkt\/alpine-a110-s\/#breadcrumb\"},\"inLanguage\":\"de\",\"potentialAction\":[{\"@type\":\"ReadAction\",\"target\":[\"https:\/\/www.legendyuvas.cz\/produkt\/alpine-a110-s\/\"]}]},{\"@type\":\"ImageObject\",\"inLanguage\":\"de\",\"@id\":\"https:\/\/www.legendyuvas.cz\/produkt\/alpine-a110-s\/#primaryimage\",\"url\":\"https:\/\/www.legendyuvas.cz\/wp-content\/uploads\/2024\/10\/DSC07108-scaled-e1727938268626-1536x1037-1-1.webp\",\"contentUrl\":\"https:\/\/www.legendyuvas.cz\/wp-content\/uploads\/2024\/10\/DSC07108-scaled-e1727938268626-1536x1037-1-1.webp\",\"width\":1536,\"height\":1037},{\"@type\":\"BreadcrumbList\",\"@id\":\"https:\/\/www.legendyuvas.cz\/produkt\/alpine-a110-s\/#breadcrumb\",\"itemListElement\":[{\"@type\":\"ListItem\",\"position\":1,\"name\":\"Dom\u016f\",\"item\":\"https:\/\/www.legendyuvas.cz\/\"},{\"@type\":\"ListItem\",\"position\":2,\"name\":\"Shop\",\"item\":\"https:\/\/www.legendyuvas.cz\/de\/shop\/\"},{\"@type\":\"ListItem\",\"position\":3,\"name\":\"Alpine A110 S (AT)\"}]},{\"@type\":\"WebSite\",\"@id\":\"https:\/\/www.legendyuvas.cz\/#website\",\"url\":\"https:\/\/www.legendyuvas.cz\/\",\"name\":\"Legendy U V\u00e1s\",\"description\":\"Dechberouc\u00ed z\u00e1\u017eitky v autech a motork\u00e1ch\",\"publisher\":{\"@id\":\"https:\/\/www.legendyuvas.cz\/#organization\"},\"potentialAction\":[{\"@type\":\"SearchAction\",\"target\":{\"@type\":\"EntryPoint\",\"urlTemplate\":\"https:\/\/www.legendyuvas.cz\/?s={search_term_string}\"},\"query-input\":{\"@type\":\"PropertyValueSpecification\",\"valueRequired\":true,\"valueName\":\"search_term_string\"}}],\"inLanguage\":\"de\"},{\"@type\":\"Organization\",\"@id\":\"https:\/\/www.legendyuvas.cz\/#organization\",\"name\":\"Bontex2 s.r.o.\",\"url\":\"https:\/\/www.legendyuvas.cz\/\",\"logo\":{\"@type\":\"ImageObject\",\"inLanguage\":\"de\",\"@id\":\"https:\/\/www.legendyuvas.cz\/#\/schema\/logo\/image\/\",\"url\":\"https:\/\/www.legendyuvas.cz\/wp-content\/uploads\/2021\/03\/Legendy-u-Vas.jpg\",\"contentUrl\":\"https:\/\/www.legendyuvas.cz\/wp-content\/uploads\/2021\/03\/Legendy-u-Vas.jpg\",\"width\":400,\"height\":240,\"caption\":\"Bontex2 s.r.o.\"},\"image\":{\"@id\":\"https:\/\/www.legendyuvas.cz\/#\/schema\/logo\/image\/\"},\"sameAs\":[\"https:\/\/www.facebook.com\/autolegendyuvas\",\"https:\/\/www.facebook.com\/motolegendyuvas\",\"https:\/\/www.instagram.com\/autolegendyuvas\/\",\"https:\/\/www.instagram.com\/motolegendyuvas\/\"]}]}<\/script>\n<!-- \/ Yoast SEO plugin. -->","yoast_head_json":{"title":"Alpine A110 S (AT) - Legendy U V\u00e1s","description":"Adrenalin-Erlebnis mit Legendy U V\u00e1s \u2013 ein originelles Geschenk nicht nur f\u00fcr M\u00e4nner und Autoliebhaber. Fahrt mit Sportwagen (Ferrari, Lamborghini, Porsche, \u2026) auf Rennstrecken und Landstra\u00dfen.","robots":{"index":"index","follow":"follow","max-snippet":"max-snippet:-1","max-image-preview":"max-image-preview:large","max-video-preview":"max-video-preview:-1"},"canonical":"https:\/\/www.legendyuvas.cz\/produkt\/alpine-a110-s\/","og_locale":"de_DE","og_type":"article","og_title":"Alpine A110 S (AT) - Legendy U V\u00e1s","og_description":"Adrenalin-Erlebnis mit Legendy U V\u00e1s \u2013 ein originelles Geschenk nicht nur f\u00fcr M\u00e4nner und Autoliebhaber. Fahrt mit Sportwagen (Ferrari, Lamborghini, Porsche, \u2026) auf Rennstrecken und Landstra\u00dfen.","og_url":"https:\/\/www.legendyuvas.cz\/produkt\/alpine-a110-s\/","og_site_name":"Legendy U V\u00e1s","article_publisher":"https:\/\/www.facebook.com\/autolegendyuvas","article_modified_time":"2025-12-27T00:02:32+00:00","og_image":[{"width":2048,"height":1365,"url":"https:\/\/www.legendyuvas.cz\/wp-content\/uploads\/2024\/10\/typeelementorsiteurlhttpswww.legendyuvas.czwp-jsonelementsidba0c5c1elTypewidgetisInnerfalseisLockedfalsesettingsbg_imageurlhttpswww.legendyuvas.czwp-contentuploads202410DSC_0620-2-scale-16.jpg","type":"image\/jpeg"}],"twitter_card":"summary_large_image","twitter_misc":{"Gesch\u00e4tzte Lesezeit":"1\u00a0Minute"},"schema":{"@context":"https:\/\/schema.org","@graph":[{"@type":"WebPage","@id":"https:\/\/www.legendyuvas.cz\/produkt\/alpine-a110-s\/","url":"https:\/\/www.legendyuvas.cz\/produkt\/alpine-a110-s\/","name":"Alpine A110 S (AT) - Legendy U V\u00e1s","isPartOf":{"@id":"https:\/\/www.legendyuvas.cz\/#website"},"primaryImageOfPage":{"@id":"https:\/\/www.legendyuvas.cz\/produkt\/alpine-a110-s\/#primaryimage"},"image":{"@id":"https:\/\/www.legendyuvas.cz\/produkt\/alpine-a110-s\/#primaryimage"},"thumbnailUrl":"https:\/\/www.legendyuvas.cz\/wp-content\/uploads\/2024\/10\/DSC07108-scaled-e1727938268626-1536x1037-1-1.webp","datePublished":"2024-10-02T11:31:03+00:00","dateModified":"2025-12-27T00:02:32+00:00","description":"Adrenalin-Erlebnis mit Legendy U V\u00e1s \u2013 ein originelles Geschenk nicht nur f\u00fcr M\u00e4nner und Autoliebhaber. Fahrt mit Sportwagen (Ferrari, Lamborghini, Porsche, \u2026) auf Rennstrecken und Landstra\u00dfen.","breadcrumb":{"@id":"https:\/\/www.legendyuvas.cz\/produkt\/alpine-a110-s\/#breadcrumb"},"inLanguage":"de","potentialAction":[{"@type":"ReadAction","target":["https:\/\/www.legendyuvas.cz\/produkt\/alpine-a110-s\/"]}]},{"@type":"ImageObject","inLanguage":"de","@id":"https:\/\/www.legendyuvas.cz\/produkt\/alpine-a110-s\/#primaryimage","url":"https:\/\/www.legendyuvas.cz\/wp-content\/uploads\/2024\/10\/DSC07108-scaled-e1727938268626-1536x1037-1-1.webp","contentUrl":"https:\/\/www.legendyuvas.cz\/wp-content\/uploads\/2024\/10\/DSC07108-scaled-e1727938268626-1536x1037-1-1.webp","width":1536,"height":1037},{"@type":"BreadcrumbList","@id":"https:\/\/www.legendyuvas.cz\/produkt\/alpine-a110-s\/#breadcrumb","itemListElement":[{"@type":"ListItem","position":1,"name":"Dom\u016f","item":"https:\/\/www.legendyuvas.cz\/"},{"@type":"ListItem","position":2,"name":"Shop","item":"https:\/\/www.legendyuvas.cz\/de\/shop\/"},{"@type":"ListItem","position":3,"name":"Alpine A110 S (AT)"}]},{"@type":"WebSite","@id":"https:\/\/www.legendyuvas.cz\/#website","url":"https:\/\/www.legendyuvas.cz\/","name":"Legendy U V\u00e1s","description":"Dechberouc\u00ed z\u00e1\u017eitky v autech a motork\u00e1ch","publisher":{"@id":"https:\/\/www.legendyuvas.cz\/#organization"},"potentialAction":[{"@type":"SearchAction","target":{"@type":"EntryPoint","urlTemplate":"https:\/\/www.legendyuvas.cz\/?s={search_term_string}"},"query-input":{"@type":"PropertyValueSpecification","valueRequired":true,"valueName":"search_term_string"}}],"inLanguage":"de"},{"@type":"Organization","@id":"https:\/\/www.legendyuvas.cz\/#organization","name":"Bontex2 s.r.o.","url":"https:\/\/www.legendyuvas.cz\/","logo":{"@type":"ImageObject","inLanguage":"de","@id":"https:\/\/www.legendyuvas.cz\/#\/schema\/logo\/image\/","url":"https:\/\/www.legendyuvas.cz\/wp-content\/uploads\/2021\/03\/Legendy-u-Vas.jpg","contentUrl":"https:\/\/www.legendyuvas.cz\/wp-content\/uploads\/2021\/03\/Legendy-u-Vas.jpg","width":400,"height":240,"caption":"Bontex2 s.r.o."},"image":{"@id":"https:\/\/www.legendyuvas.cz\/#\/schema\/logo\/image\/"},"sameAs":["https:\/\/www.facebook.com\/autolegendyuvas","https:\/\/www.facebook.com\/motolegendyuvas","https:\/\/www.instagram.com\/autolegendyuvas\/","https:\/\/www.instagram.com\/motolegendyuvas\/"]}]}},"_links":{"self":[{"href":"https:\/\/www.legendyuvas.cz\/de\/wp-json\/wp\/v2\/product\/39690","targetHints":{"allow":["GET"]}}],"collection":[{"href":"https:\/\/www.legendyuvas.cz\/de\/wp-json\/wp\/v2\/product"}],"about":[{"href":"https:\/\/www.legendyuvas.cz\/de\/wp-json\/wp\/v2\/types\/product"}],"replies":[{"embeddable":true,"href":"https:\/\/www.legendyuvas.cz\/de\/wp-json\/wp\/v2\/comments?post=39690"}],"version-history":[{"count":0,"href":"https:\/\/www.legendyuvas.cz\/de\/wp-json\/wp\/v2\/product\/39690\/revisions"}],"wp:featuredmedia":[{"embeddable":true,"href":"https:\/\/www.legendyuvas.cz\/de\/wp-json\/wp\/v2\/media\/41738"}],"wp:attachment":[{"href":"https:\/\/www.legendyuvas.cz\/de\/wp-json\/wp\/v2\/media?parent=39690"}],"wp:term":[{"taxonomy":"product_brand","embeddable":true,"href":"https:\/\/www.legendyuvas.cz\/de\/wp-json\/wp\/v2\/product_brand?post=39690"},{"taxonomy":"product_cat","embeddable":true,"href":"https:\/\/www.legendyuvas.cz\/de\/wp-json\/wp\/v2\/product_cat?post=39690"},{"taxonomy":"product_tag","embeddable":true,"href":"https:\/\/www.legendyuvas.cz\/de\/wp-json\/wp\/v2\/product_tag?post=39690"}],"curies":[{"name":"wp","href":"https:\/\/api.w.org\/{rel}","templated":true}]}}