{"id":39790,"date":"2023-09-01T10:31:29","date_gmt":"2023-09-01T10:31:29","guid":{"rendered":"https:\/\/www.legendyuvas.cz\/produkt\/toyota-gr86-mt\/"},"modified":"2025-12-27T00:02:22","modified_gmt":"2025-12-27T00:02:22","slug":"toyota-gr86-mt","status":"publish","type":"product","link":"https:\/\/www.legendyuvas.cz\/de\/produkt\/toyota-gr86-mt\/","title":{"rendered":"TOYOTA GR86 (MT)"},"content":{"rendered":"<p data-start=\"2968\" data-end=\"3362\"><strong data-start=\"2968\" data-end=\"2993\">Brandneue Toyota GR86<\/strong><br data-start=\"2993\" data-end=\"2996\" \/>Der Toyota GR86 ist ein Sportwagen, der die Tradition erschwinglicher und spa\u00dfiger Heckantriebsfahrzeuge von Toyota fortsetzt. Dieses kompakte Sportauto wurde in Zusammenarbeit mit Subaru entwickelt und ist der Nachfolger des Modells GT86. Der GR86 ist bekannt f\u00fcr sein aggressives Aussehen und seinen sportlichen Charakter, was ihn bei Sportwagenfans beliebt macht.<\/p>\n<p data-start=\"3364\" data-end=\"3694\">Unter der Haube befindet sich ein 2,4-Liter-Vierzylinder-Boxermotor, der ausreichend Leistung f\u00fcr ein unterhaltsames Fahrerlebnis bietet. Der GR86 verf\u00fcgt \u00fcber Heckantrieb, der hervorragende Handhabung und Fahrdynamik bietet \u2013 ideal f\u00fcr Kurven und sportliches Fahren. Das Fahrzeug ist mit einem 6-Gang-Schaltgetriebe ausgestattet.<\/p>\n<p data-start=\"3696\" data-end=\"3944\" data-is-last-node=\"\" data-is-only-node=\"\">Das Interieur des GR86 ist fahrerorientiert und enth\u00e4lt moderne technologische Features, die Komfort und Fahrspa\u00df erh\u00f6hen. Insgesamt ist der Toyota GR86 ein erschwinglicher Sportwagen, der Fahrer anspricht, die die Freude am Fahren erleben m\u00f6chten.<\/p>\n","protected":false},"excerpt":{"rendered":"<p>Brandneue Toyota GR86Der Toyota GR86 ist ein Sportwagen, der die Tradition erschwinglicher und spa\u00dfiger Heckantriebsfahrzeuge von Toyota fortsetzt. Dieses kompakte Sportauto wurde in Zusammenarbeit mit Subaru entwickelt und ist der Nachfolger des Modells GT86. Der GR86 ist bekannt f\u00fcr sein aggressives Aussehen und seinen sportlichen Charakter, was ihn bei Sportwagenfans beliebt macht. Unter der Haube [&hellip;]<\/p>\n","protected":false},"featured_media":41769,"comment_status":"open","ping_status":"closed","template":"","meta":[],"product_brand":[],"product_cat":[451],"product_tag":[],"class_list":{"0":"post-39790","1":"product","2":"type-product","3":"status-publish","4":"has-post-thumbnail","6":"product_cat-auta","8":"first","9":"instock","10":"shipping-taxable","11":"purchasable","12":"product-type-variable"},"yoast_head":"<!-- This site is optimized with the Yoast SEO plugin v24.8.1 - https:\/\/yoast.com\/wordpress\/plugins\/seo\/ -->\n<title>TOYOTA GR86 (MT) - Legendy U V\u00e1s<\/title>\n<meta name=\"description\" content=\"Adrenalin-Erlebnis mit Legendy U V\u00e1s \u2013 ein originelles Geschenk nicht nur f\u00fcr M\u00e4nner und Autoliebhaber. Fahrt mit Sportwagen (Ferrari, Lamborghini, Porsche, \u2026) auf Rennstrecken und Landstra\u00dfen.\" \/>\n<meta name=\"robots\" content=\"index, follow, max-snippet:-1, max-image-preview:large, max-video-preview:-1\" \/>\n<link rel=\"canonical\" href=\"https:\/\/www.legendyuvas.cz\/produkt\/toyota-gr86\/\" \/>\n<meta property=\"og:locale\" content=\"de_DE\" \/>\n<meta property=\"og:type\" content=\"article\" \/>\n<meta property=\"og:title\" content=\"TOYOTA GR86 (MT) - Legendy U V\u00e1s\" \/>\n<meta property=\"og:description\" content=\"Adrenalin-Erlebnis mit Legendy U V\u00e1s \u2013 ein originelles Geschenk nicht nur f\u00fcr M\u00e4nner und Autoliebhaber. Fahrt mit Sportwagen (Ferrari, Lamborghini, Porsche, \u2026) auf Rennstrecken und Landstra\u00dfen.\" \/>\n<meta property=\"og:url\" content=\"https:\/\/www.legendyuvas.cz\/produkt\/toyota-gr86\/\" \/>\n<meta property=\"og:site_name\" content=\"Legendy U V\u00e1s\" \/>\n<meta property=\"article:publisher\" content=\"https:\/\/www.facebook.com\/autolegendyuvas\" \/>\n<meta property=\"article:modified_time\" content=\"2025-12-27T00:02:22+00:00\" \/>\n<meta property=\"og:image\" content=\"https:\/\/www.legendyuvas.cz\/wp-content\/uploads\/2023\/09\/typeelementorsiteurlhttpswww.legendyuvas.czwp-jsonelementsidba0c5c1elTypewidgetisInnerfalseisLockedfalsesettingsbg_imageurlhttpswww.legendyuvas.czwp-contentuploads202410DSC_0620-2-scale-10.jpg\" \/>\n\t<meta property=\"og:image:width\" content=\"2048\" \/>\n\t<meta property=\"og:image:height\" content=\"1365\" \/>\n\t<meta property=\"og:image:type\" content=\"image\/jpeg\" \/>\n<meta name=\"twitter:card\" content=\"summary_large_image\" \/>\n<meta name=\"twitter:label1\" content=\"Gesch\u00e4tzte Lesezeit\" \/>\n\t<meta name=\"twitter:data1\" content=\"1\u00a0Minute\" \/>\n<script type=\"application\/ld+json\" class=\"yoast-schema-graph\">{\"@context\":\"https:\/\/schema.org\",\"@graph\":[{\"@type\":\"WebPage\",\"@id\":\"https:\/\/www.legendyuvas.cz\/produkt\/toyota-gr86\/\",\"url\":\"https:\/\/www.legendyuvas.cz\/produkt\/toyota-gr86\/\",\"name\":\"TOYOTA GR86 (MT) - Legendy U V\u00e1s\",\"isPartOf\":{\"@id\":\"https:\/\/www.legendyuvas.cz\/#website\"},\"primaryImageOfPage\":{\"@id\":\"https:\/\/www.legendyuvas.cz\/produkt\/toyota-gr86\/#primaryimage\"},\"image\":{\"@id\":\"https:\/\/www.legendyuvas.cz\/produkt\/toyota-gr86\/#primaryimage\"},\"thumbnailUrl\":\"https:\/\/www.legendyuvas.cz\/wp-content\/uploads\/2023\/09\/DSC03395-scaled-1.webp\",\"datePublished\":\"2023-09-01T10:31:29+00:00\",\"dateModified\":\"2025-12-27T00:02:22+00:00\",\"description\":\"Adrenalin-Erlebnis mit Legendy U V\u00e1s \u2013 ein originelles Geschenk nicht nur f\u00fcr M\u00e4nner und Autoliebhaber. Fahrt mit Sportwagen (Ferrari, Lamborghini, Porsche, \u2026) auf Rennstrecken und Landstra\u00dfen.\",\"breadcrumb\":{\"@id\":\"https:\/\/www.legendyuvas.cz\/produkt\/toyota-gr86\/#breadcrumb\"},\"inLanguage\":\"de\",\"potentialAction\":[{\"@type\":\"ReadAction\",\"target\":[\"https:\/\/www.legendyuvas.cz\/produkt\/toyota-gr86\/\"]}]},{\"@type\":\"ImageObject\",\"inLanguage\":\"de\",\"@id\":\"https:\/\/www.legendyuvas.cz\/produkt\/toyota-gr86\/#primaryimage\",\"url\":\"https:\/\/www.legendyuvas.cz\/wp-content\/uploads\/2023\/09\/DSC03395-scaled-1.webp\",\"contentUrl\":\"https:\/\/www.legendyuvas.cz\/wp-content\/uploads\/2023\/09\/DSC03395-scaled-1.webp\",\"width\":2560,\"height\":1707},{\"@type\":\"BreadcrumbList\",\"@id\":\"https:\/\/www.legendyuvas.cz\/produkt\/toyota-gr86\/#breadcrumb\",\"itemListElement\":[{\"@type\":\"ListItem\",\"position\":1,\"name\":\"Dom\u016f\",\"item\":\"https:\/\/www.legendyuvas.cz\/\"},{\"@type\":\"ListItem\",\"position\":2,\"name\":\"Shop\",\"item\":\"https:\/\/www.legendyuvas.cz\/de\/shop\/\"},{\"@type\":\"ListItem\",\"position\":3,\"name\":\"TOYOTA GR86 (MT)\"}]},{\"@type\":\"WebSite\",\"@id\":\"https:\/\/www.legendyuvas.cz\/#website\",\"url\":\"https:\/\/www.legendyuvas.cz\/\",\"name\":\"Legendy U V\u00e1s\",\"description\":\"Dechberouc\u00ed z\u00e1\u017eitky v autech a motork\u00e1ch\",\"publisher\":{\"@id\":\"https:\/\/www.legendyuvas.cz\/#organization\"},\"potentialAction\":[{\"@type\":\"SearchAction\",\"target\":{\"@type\":\"EntryPoint\",\"urlTemplate\":\"https:\/\/www.legendyuvas.cz\/?s={search_term_string}\"},\"query-input\":{\"@type\":\"PropertyValueSpecification\",\"valueRequired\":true,\"valueName\":\"search_term_string\"}}],\"inLanguage\":\"de\"},{\"@type\":\"Organization\",\"@id\":\"https:\/\/www.legendyuvas.cz\/#organization\",\"name\":\"Bontex2 s.r.o.\",\"url\":\"https:\/\/www.legendyuvas.cz\/\",\"logo\":{\"@type\":\"ImageObject\",\"inLanguage\":\"de\",\"@id\":\"https:\/\/www.legendyuvas.cz\/#\/schema\/logo\/image\/\",\"url\":\"https:\/\/www.legendyuvas.cz\/wp-content\/uploads\/2021\/03\/Legendy-u-Vas.jpg\",\"contentUrl\":\"https:\/\/www.legendyuvas.cz\/wp-content\/uploads\/2021\/03\/Legendy-u-Vas.jpg\",\"width\":400,\"height\":240,\"caption\":\"Bontex2 s.r.o.\"},\"image\":{\"@id\":\"https:\/\/www.legendyuvas.cz\/#\/schema\/logo\/image\/\"},\"sameAs\":[\"https:\/\/www.facebook.com\/autolegendyuvas\",\"https:\/\/www.facebook.com\/motolegendyuvas\",\"https:\/\/www.instagram.com\/autolegendyuvas\/\",\"https:\/\/www.instagram.com\/motolegendyuvas\/\"]}]}<\/script>\n<!-- \/ Yoast SEO plugin. -->","yoast_head_json":{"title":"TOYOTA GR86 (MT) - Legendy U V\u00e1s","description":"Adrenalin-Erlebnis mit Legendy U V\u00e1s \u2013 ein originelles Geschenk nicht nur f\u00fcr M\u00e4nner und Autoliebhaber. Fahrt mit Sportwagen (Ferrari, Lamborghini, Porsche, \u2026) auf Rennstrecken und Landstra\u00dfen.","robots":{"index":"index","follow":"follow","max-snippet":"max-snippet:-1","max-image-preview":"max-image-preview:large","max-video-preview":"max-video-preview:-1"},"canonical":"https:\/\/www.legendyuvas.cz\/produkt\/toyota-gr86\/","og_locale":"de_DE","og_type":"article","og_title":"TOYOTA GR86 (MT) - Legendy U V\u00e1s","og_description":"Adrenalin-Erlebnis mit Legendy U V\u00e1s \u2013 ein originelles Geschenk nicht nur f\u00fcr M\u00e4nner und Autoliebhaber. Fahrt mit Sportwagen (Ferrari, Lamborghini, Porsche, \u2026) auf Rennstrecken und Landstra\u00dfen.","og_url":"https:\/\/www.legendyuvas.cz\/produkt\/toyota-gr86\/","og_site_name":"Legendy U V\u00e1s","article_publisher":"https:\/\/www.facebook.com\/autolegendyuvas","article_modified_time":"2025-12-27T00:02:22+00:00","og_image":[{"width":2048,"height":1365,"url":"https:\/\/www.legendyuvas.cz\/wp-content\/uploads\/2023\/09\/typeelementorsiteurlhttpswww.legendyuvas.czwp-jsonelementsidba0c5c1elTypewidgetisInnerfalseisLockedfalsesettingsbg_imageurlhttpswww.legendyuvas.czwp-contentuploads202410DSC_0620-2-scale-10.jpg","type":"image\/jpeg"}],"twitter_card":"summary_large_image","twitter_misc":{"Gesch\u00e4tzte Lesezeit":"1\u00a0Minute"},"schema":{"@context":"https:\/\/schema.org","@graph":[{"@type":"WebPage","@id":"https:\/\/www.legendyuvas.cz\/produkt\/toyota-gr86\/","url":"https:\/\/www.legendyuvas.cz\/produkt\/toyota-gr86\/","name":"TOYOTA GR86 (MT) - Legendy U V\u00e1s","isPartOf":{"@id":"https:\/\/www.legendyuvas.cz\/#website"},"primaryImageOfPage":{"@id":"https:\/\/www.legendyuvas.cz\/produkt\/toyota-gr86\/#primaryimage"},"image":{"@id":"https:\/\/www.legendyuvas.cz\/produkt\/toyota-gr86\/#primaryimage"},"thumbnailUrl":"https:\/\/www.legendyuvas.cz\/wp-content\/uploads\/2023\/09\/DSC03395-scaled-1.webp","datePublished":"2023-09-01T10:31:29+00:00","dateModified":"2025-12-27T00:02:22+00:00","description":"Adrenalin-Erlebnis mit Legendy U V\u00e1s \u2013 ein originelles Geschenk nicht nur f\u00fcr M\u00e4nner und Autoliebhaber. Fahrt mit Sportwagen (Ferrari, Lamborghini, Porsche, \u2026) auf Rennstrecken und Landstra\u00dfen.","breadcrumb":{"@id":"https:\/\/www.legendyuvas.cz\/produkt\/toyota-gr86\/#breadcrumb"},"inLanguage":"de","potentialAction":[{"@type":"ReadAction","target":["https:\/\/www.legendyuvas.cz\/produkt\/toyota-gr86\/"]}]},{"@type":"ImageObject","inLanguage":"de","@id":"https:\/\/www.legendyuvas.cz\/produkt\/toyota-gr86\/#primaryimage","url":"https:\/\/www.legendyuvas.cz\/wp-content\/uploads\/2023\/09\/DSC03395-scaled-1.webp","contentUrl":"https:\/\/www.legendyuvas.cz\/wp-content\/uploads\/2023\/09\/DSC03395-scaled-1.webp","width":2560,"height":1707},{"@type":"BreadcrumbList","@id":"https:\/\/www.legendyuvas.cz\/produkt\/toyota-gr86\/#breadcrumb","itemListElement":[{"@type":"ListItem","position":1,"name":"Dom\u016f","item":"https:\/\/www.legendyuvas.cz\/"},{"@type":"ListItem","position":2,"name":"Shop","item":"https:\/\/www.legendyuvas.cz\/de\/shop\/"},{"@type":"ListItem","position":3,"name":"TOYOTA GR86 (MT)"}]},{"@type":"WebSite","@id":"https:\/\/www.legendyuvas.cz\/#website","url":"https:\/\/www.legendyuvas.cz\/","name":"Legendy U V\u00e1s","description":"Dechberouc\u00ed z\u00e1\u017eitky v autech a motork\u00e1ch","publisher":{"@id":"https:\/\/www.legendyuvas.cz\/#organization"},"potentialAction":[{"@type":"SearchAction","target":{"@type":"EntryPoint","urlTemplate":"https:\/\/www.legendyuvas.cz\/?s={search_term_string}"},"query-input":{"@type":"PropertyValueSpecification","valueRequired":true,"valueName":"search_term_string"}}],"inLanguage":"de"},{"@type":"Organization","@id":"https:\/\/www.legendyuvas.cz\/#organization","name":"Bontex2 s.r.o.","url":"https:\/\/www.legendyuvas.cz\/","logo":{"@type":"ImageObject","inLanguage":"de","@id":"https:\/\/www.legendyuvas.cz\/#\/schema\/logo\/image\/","url":"https:\/\/www.legendyuvas.cz\/wp-content\/uploads\/2021\/03\/Legendy-u-Vas.jpg","contentUrl":"https:\/\/www.legendyuvas.cz\/wp-content\/uploads\/2021\/03\/Legendy-u-Vas.jpg","width":400,"height":240,"caption":"Bontex2 s.r.o."},"image":{"@id":"https:\/\/www.legendyuvas.cz\/#\/schema\/logo\/image\/"},"sameAs":["https:\/\/www.facebook.com\/autolegendyuvas","https:\/\/www.facebook.com\/motolegendyuvas","https:\/\/www.instagram.com\/autolegendyuvas\/","https:\/\/www.instagram.com\/motolegendyuvas\/"]}]}},"_links":{"self":[{"href":"https:\/\/www.legendyuvas.cz\/de\/wp-json\/wp\/v2\/product\/39790","targetHints":{"allow":["GET"]}}],"collection":[{"href":"https:\/\/www.legendyuvas.cz\/de\/wp-json\/wp\/v2\/product"}],"about":[{"href":"https:\/\/www.legendyuvas.cz\/de\/wp-json\/wp\/v2\/types\/product"}],"replies":[{"embeddable":true,"href":"https:\/\/www.legendyuvas.cz\/de\/wp-json\/wp\/v2\/comments?post=39790"}],"version-history":[{"count":0,"href":"https:\/\/www.legendyuvas.cz\/de\/wp-json\/wp\/v2\/product\/39790\/revisions"}],"wp:featuredmedia":[{"embeddable":true,"href":"https:\/\/www.legendyuvas.cz\/de\/wp-json\/wp\/v2\/media\/41769"}],"wp:attachment":[{"href":"https:\/\/www.legendyuvas.cz\/de\/wp-json\/wp\/v2\/media?parent=39790"}],"wp:term":[{"taxonomy":"product_brand","embeddable":true,"href":"https:\/\/www.legendyuvas.cz\/de\/wp-json\/wp\/v2\/product_brand?post=39790"},{"taxonomy":"product_cat","embeddable":true,"href":"https:\/\/www.legendyuvas.cz\/de\/wp-json\/wp\/v2\/product_cat?post=39790"},{"taxonomy":"product_tag","embeddable":true,"href":"https:\/\/www.legendyuvas.cz\/de\/wp-json\/wp\/v2\/product_tag?post=39790"}],"curies":[{"name":"wp","href":"https:\/\/api.w.org\/{rel}","templated":true}]}}