{"id":40021,"date":"2024-07-02T06:58:55","date_gmt":"2024-07-02T06:58:55","guid":{"rendered":"https:\/\/www.legendyuvas.cz\/produkt\/gd-t70\/"},"modified":"2025-12-27T00:02:30","modified_gmt":"2025-12-27T00:02:30","slug":"gd-t70","status":"publish","type":"product","link":"https:\/\/www.legendyuvas.cz\/de\/produkt\/gd-t70\/","title":{"rendered":"GD T70"},"content":{"rendered":"<h1>Carol Shelby&#8217;s Racing Special<\/h1>\n<p>Fahren Sie in einem reinen Rennwagen, der von dem legend\u00e4ren <strong>Caroll Shelby<\/strong> gefahren wurde. Eine einmalige Gelegenheit in der EU. F\u00fcr echte Enthusiasten, die die Atmosph\u00e4re des <strong>Rennsports der 60er Jahre<\/strong> erleben wollen. Wind in den Haaren, direkter Kontakt mit der Maschine, die Geschwindigkeit bis in den Fingerspitzen sp\u00fcren. Die Beschleunigung und der Sound des gro\u00dfen <strong>amerikanischen Achtzylinders<\/strong> werden Ihnen eine G\u00e4nsehaut \u00fcber den ganzen K\u00f6rper jagen.<\/p>\n<p>Machen Sie sich bereit, ein Auto zu erleben, das den <strong>Geist der goldenen \u00c4ra des Motorsports<\/strong> zum Leben erweckt. Dieses Rennspecial ist von den Autos inspiriert, die an der <strong>legend\u00e4ren<\/strong> <strong>CanAm<\/strong>-Serie teilgenommen haben. Diese Rennserie war f\u00fcr ihre minimalen Einschr\u00e4nkungen bekannt &#8211; die Autos mussten nur zwei Sitze und abgedeckte R\u00e4der haben, ansonsten ging fast <strong>alles.<\/strong> Dies f\u00fchrte zur Entwicklung von <strong>unglaublich schnellen<\/strong> Maschinen wie dem Lola T70, Porsche 917\/30, Shadow Cars, McLaren M8, M9 und anderen.<\/p>\n<p><img fetchpriority=\"high\" decoding=\"async\" class=\"alignnone wp-image-10127 size-full\" src=\"https:\/\/www.legendyuvas.cz\/wp-content\/uploads\/2024\/07\/DSC_0512-3-scaled.jpg\" alt=\"\" width=\"2560\" height=\"1707\" srcset=\"https:\/\/www.legendyuvas.cz\/wp-content\/uploads\/2024\/07\/DSC_0512-3-scaled.jpg 2560w, https:\/\/www.legendyuvas.cz\/wp-content\/uploads\/2024\/07\/DSC_0512-3-300x200.jpg 300w, https:\/\/www.legendyuvas.cz\/wp-content\/uploads\/2024\/07\/DSC_0512-3-1024x683.jpg 1024w, https:\/\/www.legendyuvas.cz\/wp-content\/uploads\/2024\/07\/DSC_0512-3-768x512.jpg 768w, https:\/\/www.legendyuvas.cz\/wp-content\/uploads\/2024\/07\/DSC_0512-3-1536x1024.jpg 1536w, https:\/\/www.legendyuvas.cz\/wp-content\/uploads\/2024\/07\/DSC_0512-3-2048x1365.jpg 2048w, https:\/\/www.legendyuvas.cz\/wp-content\/uploads\/2024\/07\/DSC_0512-3-600x400.jpg 600w\" sizes=\"(max-width: 2560px) 100vw, 2560px\" \/><\/p>\n<p>Der GD T70 verf\u00fcgt \u00fcber einen Spaceframe mit einer <strong>unabh\u00e4ngigen Trapezaufh\u00e4ngung<\/strong>, die f\u00fcr ein <strong>exzellentes Handling<\/strong> sorgt. Unter der Motorhaube arbeitet ein Chevrolet <strong>LS2-Motor mit 530 PS<\/strong> und <strong>600 Nm<\/strong> Drehmoment, gepaart mit einem 6-Gang <strong>Schaltgetriebe<\/strong> aus dem Porsche 911 997 Turbo. Bei einem Gesamtgewicht von nur 950 kg inklusive Betriebsfl\u00fcssigkeiten erreicht der Wagen 0-100 km\/h in nur <strong>2,4 Sekunden<\/strong> und eine H\u00f6chstgeschwindigkeit von 282 km\/h. Diese Rennmaschine hat <strong>keine elektronischen Hilfsmittel<\/strong> wie Servolenkung, ABS oder ESP, was ein reines Rennerlebnis garantiert.<\/p>\n<p><img decoding=\"async\" class=\"alignnone wp-image-10117 size-full\" src=\"https:\/\/www.legendyuvas.cz\/wp-content\/uploads\/2024\/07\/DSC08820-scaled.jpg\" alt=\"\" width=\"2560\" height=\"1707\" srcset=\"https:\/\/www.legendyuvas.cz\/wp-content\/uploads\/2024\/07\/DSC08820-scaled.jpg 2560w, https:\/\/www.legendyuvas.cz\/wp-content\/uploads\/2024\/07\/DSC08820-300x200.jpg 300w, https:\/\/www.legendyuvas.cz\/wp-content\/uploads\/2024\/07\/DSC08820-1024x683.jpg 1024w, https:\/\/www.legendyuvas.cz\/wp-content\/uploads\/2024\/07\/DSC08820-768x512.jpg 768w, https:\/\/www.legendyuvas.cz\/wp-content\/uploads\/2024\/07\/DSC08820-1536x1024.jpg 1536w, https:\/\/www.legendyuvas.cz\/wp-content\/uploads\/2024\/07\/DSC08820-2048x1365.jpg 2048w, https:\/\/www.legendyuvas.cz\/wp-content\/uploads\/2024\/07\/DSC08820-600x400.jpg 600w\" sizes=\"(max-width: 2560px) 100vw, 2560px\" \/><\/p>\n<p>Der Wagen ist auch eine Hommage an die Legenden <strong>Carol Shelby und Dan Gurney<\/strong>, was sich in der Farbgebung widerspiegelt, die von ihrem 1965er <strong>Rennwagen<\/strong> inspiriert ist. Erleben Sie <strong>echten Motorsport<\/strong>!<\/p>\n","protected":false},"excerpt":{"rendered":"<p>Alle Fahrten im GD T70 sind <strong>nur als Beifahrer<\/strong>\u00a0mit einem Rennfahrer m\u00f6glich.<\/p>\n<p>\ud83d\udc49 Sie gehen kein Risiko ein. Sie k\u00f6nnen das Erlebnis bis zum 15. Januar KOSTENLOS umtauschen oder vollst\u00e4ndig zur\u00fcckgeben, und wir erstatten Ihnen umgehend Ihr Geld zur\u00fcck. \ud83c\udf81<\/p>\n<p>G\u00fcltig f\u00fcr Eink\u00e4ufe vom 1.11. bis 31.12.2025.<\/p>\n","protected":false},"featured_media":41733,"comment_status":"open","ping_status":"closed","template":"","meta":[],"product_brand":[],"product_cat":[451],"product_tag":[],"class_list":{"0":"post-40021","1":"product","2":"type-product","3":"status-publish","4":"has-post-thumbnail","6":"product_cat-auta","8":"first","9":"instock","10":"shipping-taxable","11":"purchasable","12":"product-type-variable"},"yoast_head":"<!-- This site is optimized with the Yoast SEO plugin v24.8.1 - https:\/\/yoast.com\/wordpress\/plugins\/seo\/ -->\n<title>GD T70 - Legendy U V\u00e1s<\/title>\n<meta name=\"description\" content=\"Adrenalin-Erlebnis mit Legends U V\u00e1s - ein originelles Geschenk nicht nur f\u00fcr M\u00e4nner und Autoliebhaber. Fahren in Sportwagen (Ferrari, Lamborghini, Porsche, ...) auf der Rennstrecke und Landstra\u00dfe.\" \/>\n<meta name=\"robots\" content=\"index, follow, max-snippet:-1, max-image-preview:large, max-video-preview:-1\" \/>\n<link rel=\"canonical\" href=\"https:\/\/www.legendyuvas.cz\/de\/produkt\/gd-t70\/\" \/>\n<meta property=\"og:locale\" content=\"de_DE\" \/>\n<meta property=\"og:type\" content=\"article\" \/>\n<meta property=\"og:title\" content=\"GD T70 - Legendy U V\u00e1s\" \/>\n<meta property=\"og:description\" content=\"Adrenalin-Erlebnis mit Legends U V\u00e1s - ein originelles Geschenk nicht nur f\u00fcr M\u00e4nner und Autoliebhaber. Fahren in Sportwagen (Ferrari, Lamborghini, Porsche, ...) auf der Rennstrecke und Landstra\u00dfe.\" \/>\n<meta property=\"og:url\" content=\"https:\/\/www.legendyuvas.cz\/de\/produkt\/gd-t70\/\" \/>\n<meta property=\"og:site_name\" content=\"Legendy U V\u00e1s\" \/>\n<meta property=\"article:publisher\" content=\"https:\/\/www.facebook.com\/autolegendyuvas\" \/>\n<meta property=\"article:modified_time\" content=\"2025-12-27T00:02:30+00:00\" \/>\n<meta property=\"og:image\" content=\"https:\/\/www.legendyuvas.cz\/wp-content\/uploads\/2024\/07\/typeelementorsiteurlhttpswww.legendyuvas.czwp-jsonelementsidba0c5c1elTypewidgetisInnerfalseisLockedfalsesettingsbg_imageurlhttpswww.legendyuvas.czwp-contentuploads202410DSC_0620-2-scale-19.jpg\" \/>\n\t<meta property=\"og:image:width\" content=\"2048\" \/>\n\t<meta property=\"og:image:height\" content=\"1365\" \/>\n\t<meta property=\"og:image:type\" content=\"image\/jpeg\" \/>\n<meta name=\"twitter:card\" content=\"summary_large_image\" \/>\n<meta name=\"twitter:label1\" content=\"Gesch\u00e4tzte Lesezeit\" \/>\n\t<meta name=\"twitter:data1\" content=\"1\u00a0Minute\" \/>\n<script type=\"application\/ld+json\" class=\"yoast-schema-graph\">{\"@context\":\"https:\/\/schema.org\",\"@graph\":[{\"@type\":\"WebPage\",\"@id\":\"https:\/\/www.legendyuvas.cz\/de\/produkt\/gd-t70\/\",\"url\":\"https:\/\/www.legendyuvas.cz\/de\/produkt\/gd-t70\/\",\"name\":\"GD T70 - Legendy U V\u00e1s\",\"isPartOf\":{\"@id\":\"https:\/\/www.legendyuvas.cz\/#website\"},\"primaryImageOfPage\":{\"@id\":\"https:\/\/www.legendyuvas.cz\/de\/produkt\/gd-t70\/#primaryimage\"},\"image\":{\"@id\":\"https:\/\/www.legendyuvas.cz\/de\/produkt\/gd-t70\/#primaryimage\"},\"thumbnailUrl\":\"https:\/\/www.legendyuvas.cz\/wp-content\/uploads\/2024\/07\/DSC_0486-1-scaled-1.webp\",\"datePublished\":\"2024-07-02T06:58:55+00:00\",\"dateModified\":\"2025-12-27T00:02:30+00:00\",\"description\":\"Adrenalin-Erlebnis mit Legends U V\u00e1s - ein originelles Geschenk nicht nur f\u00fcr M\u00e4nner und Autoliebhaber. Fahren in Sportwagen (Ferrari, Lamborghini, Porsche, ...) auf der Rennstrecke und Landstra\u00dfe.\",\"breadcrumb\":{\"@id\":\"https:\/\/www.legendyuvas.cz\/de\/produkt\/gd-t70\/#breadcrumb\"},\"inLanguage\":\"de\",\"potentialAction\":[{\"@type\":\"ReadAction\",\"target\":[\"https:\/\/www.legendyuvas.cz\/de\/produkt\/gd-t70\/\"]}]},{\"@type\":\"ImageObject\",\"inLanguage\":\"de\",\"@id\":\"https:\/\/www.legendyuvas.cz\/de\/produkt\/gd-t70\/#primaryimage\",\"url\":\"https:\/\/www.legendyuvas.cz\/wp-content\/uploads\/2024\/07\/DSC_0486-1-scaled-1.webp\",\"contentUrl\":\"https:\/\/www.legendyuvas.cz\/wp-content\/uploads\/2024\/07\/DSC_0486-1-scaled-1.webp\",\"width\":2560,\"height\":1707},{\"@type\":\"BreadcrumbList\",\"@id\":\"https:\/\/www.legendyuvas.cz\/de\/produkt\/gd-t70\/#breadcrumb\",\"itemListElement\":[{\"@type\":\"ListItem\",\"position\":1,\"name\":\"Dom\u016f\",\"item\":\"https:\/\/www.legendyuvas.cz\/\"},{\"@type\":\"ListItem\",\"position\":2,\"name\":\"Shop\",\"item\":\"https:\/\/www.legendyuvas.cz\/de\/shop\/\"},{\"@type\":\"ListItem\",\"position\":3,\"name\":\"GD T70\"}]},{\"@type\":\"WebSite\",\"@id\":\"https:\/\/www.legendyuvas.cz\/#website\",\"url\":\"https:\/\/www.legendyuvas.cz\/\",\"name\":\"Legendy U V\u00e1s\",\"description\":\"Dechberouc\u00ed z\u00e1\u017eitky v autech a motork\u00e1ch\",\"publisher\":{\"@id\":\"https:\/\/www.legendyuvas.cz\/#organization\"},\"potentialAction\":[{\"@type\":\"SearchAction\",\"target\":{\"@type\":\"EntryPoint\",\"urlTemplate\":\"https:\/\/www.legendyuvas.cz\/?s={search_term_string}\"},\"query-input\":{\"@type\":\"PropertyValueSpecification\",\"valueRequired\":true,\"valueName\":\"search_term_string\"}}],\"inLanguage\":\"de\"},{\"@type\":\"Organization\",\"@id\":\"https:\/\/www.legendyuvas.cz\/#organization\",\"name\":\"Bontex2 s.r.o.\",\"url\":\"https:\/\/www.legendyuvas.cz\/\",\"logo\":{\"@type\":\"ImageObject\",\"inLanguage\":\"de\",\"@id\":\"https:\/\/www.legendyuvas.cz\/#\/schema\/logo\/image\/\",\"url\":\"https:\/\/www.legendyuvas.cz\/wp-content\/uploads\/2021\/03\/Legendy-u-Vas.jpg\",\"contentUrl\":\"https:\/\/www.legendyuvas.cz\/wp-content\/uploads\/2021\/03\/Legendy-u-Vas.jpg\",\"width\":400,\"height\":240,\"caption\":\"Bontex2 s.r.o.\"},\"image\":{\"@id\":\"https:\/\/www.legendyuvas.cz\/#\/schema\/logo\/image\/\"},\"sameAs\":[\"https:\/\/www.facebook.com\/autolegendyuvas\",\"https:\/\/www.facebook.com\/motolegendyuvas\",\"https:\/\/www.instagram.com\/autolegendyuvas\/\",\"https:\/\/www.instagram.com\/motolegendyuvas\/\"]}]}<\/script>\n<!-- \/ Yoast SEO plugin. -->","yoast_head_json":{"title":"GD T70 - Legendy U V\u00e1s","description":"Adrenalin-Erlebnis mit Legends U V\u00e1s - ein originelles Geschenk nicht nur f\u00fcr M\u00e4nner und Autoliebhaber. Fahren in Sportwagen (Ferrari, Lamborghini, Porsche, ...) auf der Rennstrecke und Landstra\u00dfe.","robots":{"index":"index","follow":"follow","max-snippet":"max-snippet:-1","max-image-preview":"max-image-preview:large","max-video-preview":"max-video-preview:-1"},"canonical":"https:\/\/www.legendyuvas.cz\/de\/produkt\/gd-t70\/","og_locale":"de_DE","og_type":"article","og_title":"GD T70 - Legendy U V\u00e1s","og_description":"Adrenalin-Erlebnis mit Legends U V\u00e1s - ein originelles Geschenk nicht nur f\u00fcr M\u00e4nner und Autoliebhaber. Fahren in Sportwagen (Ferrari, Lamborghini, Porsche, ...) auf der Rennstrecke und Landstra\u00dfe.","og_url":"https:\/\/www.legendyuvas.cz\/de\/produkt\/gd-t70\/","og_site_name":"Legendy U V\u00e1s","article_publisher":"https:\/\/www.facebook.com\/autolegendyuvas","article_modified_time":"2025-12-27T00:02:30+00:00","og_image":[{"width":2048,"height":1365,"url":"https:\/\/www.legendyuvas.cz\/wp-content\/uploads\/2024\/07\/typeelementorsiteurlhttpswww.legendyuvas.czwp-jsonelementsidba0c5c1elTypewidgetisInnerfalseisLockedfalsesettingsbg_imageurlhttpswww.legendyuvas.czwp-contentuploads202410DSC_0620-2-scale-19.jpg","type":"image\/jpeg"}],"twitter_card":"summary_large_image","twitter_misc":{"Gesch\u00e4tzte Lesezeit":"1\u00a0Minute"},"schema":{"@context":"https:\/\/schema.org","@graph":[{"@type":"WebPage","@id":"https:\/\/www.legendyuvas.cz\/de\/produkt\/gd-t70\/","url":"https:\/\/www.legendyuvas.cz\/de\/produkt\/gd-t70\/","name":"GD T70 - Legendy U V\u00e1s","isPartOf":{"@id":"https:\/\/www.legendyuvas.cz\/#website"},"primaryImageOfPage":{"@id":"https:\/\/www.legendyuvas.cz\/de\/produkt\/gd-t70\/#primaryimage"},"image":{"@id":"https:\/\/www.legendyuvas.cz\/de\/produkt\/gd-t70\/#primaryimage"},"thumbnailUrl":"https:\/\/www.legendyuvas.cz\/wp-content\/uploads\/2024\/07\/DSC_0486-1-scaled-1.webp","datePublished":"2024-07-02T06:58:55+00:00","dateModified":"2025-12-27T00:02:30+00:00","description":"Adrenalin-Erlebnis mit Legends U V\u00e1s - ein originelles Geschenk nicht nur f\u00fcr M\u00e4nner und Autoliebhaber. Fahren in Sportwagen (Ferrari, Lamborghini, Porsche, ...) auf der Rennstrecke und Landstra\u00dfe.","breadcrumb":{"@id":"https:\/\/www.legendyuvas.cz\/de\/produkt\/gd-t70\/#breadcrumb"},"inLanguage":"de","potentialAction":[{"@type":"ReadAction","target":["https:\/\/www.legendyuvas.cz\/de\/produkt\/gd-t70\/"]}]},{"@type":"ImageObject","inLanguage":"de","@id":"https:\/\/www.legendyuvas.cz\/de\/produkt\/gd-t70\/#primaryimage","url":"https:\/\/www.legendyuvas.cz\/wp-content\/uploads\/2024\/07\/DSC_0486-1-scaled-1.webp","contentUrl":"https:\/\/www.legendyuvas.cz\/wp-content\/uploads\/2024\/07\/DSC_0486-1-scaled-1.webp","width":2560,"height":1707},{"@type":"BreadcrumbList","@id":"https:\/\/www.legendyuvas.cz\/de\/produkt\/gd-t70\/#breadcrumb","itemListElement":[{"@type":"ListItem","position":1,"name":"Dom\u016f","item":"https:\/\/www.legendyuvas.cz\/"},{"@type":"ListItem","position":2,"name":"Shop","item":"https:\/\/www.legendyuvas.cz\/de\/shop\/"},{"@type":"ListItem","position":3,"name":"GD T70"}]},{"@type":"WebSite","@id":"https:\/\/www.legendyuvas.cz\/#website","url":"https:\/\/www.legendyuvas.cz\/","name":"Legendy U V\u00e1s","description":"Dechberouc\u00ed z\u00e1\u017eitky v autech a motork\u00e1ch","publisher":{"@id":"https:\/\/www.legendyuvas.cz\/#organization"},"potentialAction":[{"@type":"SearchAction","target":{"@type":"EntryPoint","urlTemplate":"https:\/\/www.legendyuvas.cz\/?s={search_term_string}"},"query-input":{"@type":"PropertyValueSpecification","valueRequired":true,"valueName":"search_term_string"}}],"inLanguage":"de"},{"@type":"Organization","@id":"https:\/\/www.legendyuvas.cz\/#organization","name":"Bontex2 s.r.o.","url":"https:\/\/www.legendyuvas.cz\/","logo":{"@type":"ImageObject","inLanguage":"de","@id":"https:\/\/www.legendyuvas.cz\/#\/schema\/logo\/image\/","url":"https:\/\/www.legendyuvas.cz\/wp-content\/uploads\/2021\/03\/Legendy-u-Vas.jpg","contentUrl":"https:\/\/www.legendyuvas.cz\/wp-content\/uploads\/2021\/03\/Legendy-u-Vas.jpg","width":400,"height":240,"caption":"Bontex2 s.r.o."},"image":{"@id":"https:\/\/www.legendyuvas.cz\/#\/schema\/logo\/image\/"},"sameAs":["https:\/\/www.facebook.com\/autolegendyuvas","https:\/\/www.facebook.com\/motolegendyuvas","https:\/\/www.instagram.com\/autolegendyuvas\/","https:\/\/www.instagram.com\/motolegendyuvas\/"]}]}},"_links":{"self":[{"href":"https:\/\/www.legendyuvas.cz\/de\/wp-json\/wp\/v2\/product\/40021","targetHints":{"allow":["GET"]}}],"collection":[{"href":"https:\/\/www.legendyuvas.cz\/de\/wp-json\/wp\/v2\/product"}],"about":[{"href":"https:\/\/www.legendyuvas.cz\/de\/wp-json\/wp\/v2\/types\/product"}],"replies":[{"embeddable":true,"href":"https:\/\/www.legendyuvas.cz\/de\/wp-json\/wp\/v2\/comments?post=40021"}],"version-history":[{"count":1,"href":"https:\/\/www.legendyuvas.cz\/de\/wp-json\/wp\/v2\/product\/40021\/revisions"}],"predecessor-version":[{"id":40297,"href":"https:\/\/www.legendyuvas.cz\/de\/wp-json\/wp\/v2\/product\/40021\/revisions\/40297"}],"wp:featuredmedia":[{"embeddable":true,"href":"https:\/\/www.legendyuvas.cz\/de\/wp-json\/wp\/v2\/media\/41733"}],"wp:attachment":[{"href":"https:\/\/www.legendyuvas.cz\/de\/wp-json\/wp\/v2\/media?parent=40021"}],"wp:term":[{"taxonomy":"product_brand","embeddable":true,"href":"https:\/\/www.legendyuvas.cz\/de\/wp-json\/wp\/v2\/product_brand?post=40021"},{"taxonomy":"product_cat","embeddable":true,"href":"https:\/\/www.legendyuvas.cz\/de\/wp-json\/wp\/v2\/product_cat?post=40021"},{"taxonomy":"product_tag","embeddable":true,"href":"https:\/\/www.legendyuvas.cz\/de\/wp-json\/wp\/v2\/product_tag?post=40021"}],"curies":[{"name":"wp","href":"https:\/\/api.w.org\/{rel}","templated":true}]}}