{"id":40148,"date":"2023-11-21T12:55:14","date_gmt":"2023-11-21T12:55:14","guid":{"rendered":"https:\/\/www.legendyuvas.cz\/produkt\/bmw-m2-g87\/"},"modified":"2025-12-27T00:02:24","modified_gmt":"2025-12-27T00:02:24","slug":"bmw-m2-g87","status":"publish","type":"product","link":"https:\/\/www.legendyuvas.cz\/de\/produkt\/bmw-m2-g87\/","title":{"rendered":"BMW M2 G87"},"content":{"rendered":"<h1><strong>Noch st\u00e4rker und noch schneller<\/strong><\/h1>\n<p>Der BMW M2 ist ein kompakter Sportwagen, der ein <strong>unvergessliches Fahrerlebnis<\/strong> bietet. Die leistungsstarke Version der BMW 2er Reihe ist auf sportliches Fahrerlebnis und Dynamik ausgelegt. Die neue Generation <strong>(G)<\/strong> ist ein <strong>respektabler Nachfolger<\/strong> der Vorg\u00e4ngergeneration (F), die auch heute noch zu den <strong>beliebtesten Sportwagen z\u00e4hlt.<\/strong><\/p>\n<p>Herzst\u00fcck des Wagens ist ein leistungsstarker <strong>3,0-Liter-Sechszylindermotor mit Doppelturboaufladung<\/strong>, der <strong>460 PS<\/strong> rein auf die Hinterachse liefert. Die Kraft\u00fcbertragung erfolgt \u00fcber ein achtstufiges <strong>Automatikgetriebe (ZF)<\/strong>. Die Fahrer werden die pr\u00e4zise und reaktionsschnelle Lenkung zu sch\u00e4tzen wissen, die auf jede Bewegung des Lenkrads mit Pr\u00e4zision und Kontrolle reagiert.<\/p>\n<p><img fetchpriority=\"high\" decoding=\"async\" class=\"aligncenter wp-image-4938 size-large\" src=\"https:\/\/www.legendyuvas.cz\/wp-content\/uploads\/2023\/11\/IMG_9236-1024x683.jpg\" alt=\"\" width=\"800\" height=\"534\" srcset=\"https:\/\/www.legendyuvas.cz\/wp-content\/uploads\/2023\/11\/IMG_9236-1024x683.jpg 1024w, https:\/\/www.legendyuvas.cz\/wp-content\/uploads\/2023\/11\/IMG_9236-300x200.jpg 300w, https:\/\/www.legendyuvas.cz\/wp-content\/uploads\/2023\/11\/IMG_9236-768x512.jpg 768w, https:\/\/www.legendyuvas.cz\/wp-content\/uploads\/2023\/11\/IMG_9236-1536x1024.jpg 1536w, https:\/\/www.legendyuvas.cz\/wp-content\/uploads\/2023\/11\/IMG_9236-2048x1365.jpg 2048w, https:\/\/www.legendyuvas.cz\/wp-content\/uploads\/2023\/11\/IMG_9236-600x400.jpg 600w\" sizes=\"(max-width: 800px) 100vw, 800px\" \/><\/p>\n<p>Ein exklusives Sportfahrwerk und leistungsstarke Bremsen sorgen f\u00fcr ein <strong>stabiles und sicheres Fahrverhalten<\/strong> auch bei h\u00f6heren Geschwindigkeiten. Das Design des Wagens ist voll von aggressiven Merkmalen, die sein <strong>Leistungspotenzial<\/strong> andeuten. Zus\u00e4tzlich ist unser Auto mit dem <strong>M Race Packet<\/strong> ausgestattet, das gro\u00dfartige M Sportsitze aus Karbon, ein Karbondach und andere Features enth\u00e4lt, die das Erlebnis, das Sie in unserem Auto haben werden, weiter <strong>verbessern<\/strong>.<\/p>\n<p>Der Innenraum des BMW M2 wurde mit Blick auf Komfort, Luxus und alles, was ein Fahrer f\u00fcr eine sportliche Fahrt braucht, gestaltet. Hochwertige Materialien und moderne Technologie schaffen eine Umgebung, in der Sie sich als <strong>Teil eines au\u00dfergew\u00f6hnlichen Erlebnisses<\/strong> f\u00fchlen.<\/p>\n<p><img decoding=\"async\" class=\"aligncenter wp-image-4939 size-large\" src=\"https:\/\/www.legendyuvas.cz\/wp-content\/uploads\/2023\/11\/IMG_9276-1024x683.jpg\" alt=\"\" width=\"800\" height=\"534\" srcset=\"https:\/\/www.legendyuvas.cz\/wp-content\/uploads\/2023\/11\/IMG_9276-1024x683.jpg 1024w, https:\/\/www.legendyuvas.cz\/wp-content\/uploads\/2023\/11\/IMG_9276-300x200.jpg 300w, https:\/\/www.legendyuvas.cz\/wp-content\/uploads\/2023\/11\/IMG_9276-768x512.jpg 768w, https:\/\/www.legendyuvas.cz\/wp-content\/uploads\/2023\/11\/IMG_9276-1536x1024.jpg 1536w, https:\/\/www.legendyuvas.cz\/wp-content\/uploads\/2023\/11\/IMG_9276-2048x1365.jpg 2048w, https:\/\/www.legendyuvas.cz\/wp-content\/uploads\/2023\/11\/IMG_9276-600x400.jpg 600w\" sizes=\"(max-width: 800px) 100vw, 800px\" \/><\/p>\n<p>Insgesamt ist der BMW M2 die ideale Wahl f\u00fcr alle, die einen <strong>Sportwagen mit starker Leistung und Fahrspa\u00df<\/strong> suchen. Seine Kombination aus Leistung, Design und Luxus bietet ein <strong>unvergessliches und berauschendes Fahrerlebnis<\/strong>.<\/p>\n","protected":false},"excerpt":{"rendered":"<p>Alle unsere Autos <strong>k\u00f6nnen Sie selbst fahren<\/strong>\u00a0oder als Beifahrer bei einem Rennfahrer mitfahren.<\/p>\n<p>\ud83d\udc49 Sie gehen kein Risiko ein. Sie k\u00f6nnen das Erlebnis bis zum 15. Januar KOSTENLOS umtauschen oder vollst\u00e4ndig zur\u00fcckgeben, und wir erstatten Ihnen umgehend Ihr Geld zur\u00fcck. \ud83c\udf81<\/p>\n<p>G\u00fcltig f\u00fcr Eink\u00e4ufe vom 1.11. bis 31.12.2025.<\/p>\n","protected":false},"featured_media":31181,"comment_status":"open","ping_status":"closed","template":"","meta":[],"product_brand":[],"product_cat":[451],"product_tag":[],"class_list":{"0":"post-40148","1":"product","2":"type-product","3":"status-publish","4":"has-post-thumbnail","6":"product_cat-auta","8":"first","9":"instock","10":"shipping-taxable","11":"purchasable","12":"product-type-variable"},"yoast_head":"<!-- This site is optimized with the Yoast SEO plugin v24.8.1 - https:\/\/yoast.com\/wordpress\/plugins\/seo\/ -->\n<title>BMW M2 G87 - Legendy U V\u00e1s<\/title>\n<meta name=\"description\" content=\"Adrenalin-Erlebnis mit Legendy U V\u00e1s - ein originelles Geschenk nicht nur f\u00fcr M\u00e4nner und Autoliebhaber. Fahren in Sportwagen (Ferrari, Lamborghini, Porsche, ...) auf der Rennstrecke und Bezirk.\" \/>\n<meta name=\"robots\" content=\"index, follow, max-snippet:-1, max-image-preview:large, max-video-preview:-1\" \/>\n<link rel=\"canonical\" href=\"https:\/\/www.legendyuvas.cz\/produkt\/bmw-m2-g87\/\" \/>\n<meta property=\"og:locale\" content=\"de_DE\" \/>\n<meta property=\"og:type\" content=\"article\" \/>\n<meta property=\"og:title\" content=\"BMW M2 G87 - Legendy U V\u00e1s\" \/>\n<meta property=\"og:description\" content=\"Adrenalin-Erlebnis mit Legendy U V\u00e1s - ein originelles Geschenk nicht nur f\u00fcr M\u00e4nner und Autoliebhaber. Fahren in Sportwagen (Ferrari, Lamborghini, Porsche, ...) auf der Rennstrecke und Bezirk.\" \/>\n<meta property=\"og:url\" content=\"https:\/\/www.legendyuvas.cz\/produkt\/bmw-m2-g87\/\" \/>\n<meta property=\"og:site_name\" content=\"Legendy U V\u00e1s\" \/>\n<meta property=\"article:publisher\" content=\"https:\/\/www.facebook.com\/autolegendyuvas\" \/>\n<meta property=\"article:modified_time\" content=\"2025-12-27T00:02:24+00:00\" \/>\n<meta property=\"og:image\" content=\"https:\/\/www.legendyuvas.cz\/wp-content\/uploads\/2023\/11\/typeelementorsiteurlhttpswww.legendyuvas.czwp-jsonelementsidba0c5c1elTypewidgetisInnerfalseisLockedfalsesettingsbg_imageurlhttpswww.legendyuvas.czwp-contentuploads202410DSC_0620-2-scale-3.jpg\" \/>\n\t<meta property=\"og:image:width\" content=\"2048\" \/>\n\t<meta property=\"og:image:height\" content=\"1365\" \/>\n\t<meta property=\"og:image:type\" content=\"image\/jpeg\" \/>\n<meta name=\"twitter:card\" content=\"summary_large_image\" \/>\n<meta name=\"twitter:label1\" content=\"Gesch\u00e4tzte Lesezeit\" \/>\n\t<meta name=\"twitter:data1\" content=\"1\u00a0Minute\" \/>\n<script type=\"application\/ld+json\" class=\"yoast-schema-graph\">{\"@context\":\"https:\/\/schema.org\",\"@graph\":[{\"@type\":\"WebPage\",\"@id\":\"https:\/\/www.legendyuvas.cz\/produkt\/bmw-m2-g87\/\",\"url\":\"https:\/\/www.legendyuvas.cz\/produkt\/bmw-m2-g87\/\",\"name\":\"BMW M2 G87 - Legendy U V\u00e1s\",\"isPartOf\":{\"@id\":\"https:\/\/www.legendyuvas.cz\/#website\"},\"primaryImageOfPage\":{\"@id\":\"https:\/\/www.legendyuvas.cz\/produkt\/bmw-m2-g87\/#primaryimage\"},\"image\":{\"@id\":\"https:\/\/www.legendyuvas.cz\/produkt\/bmw-m2-g87\/#primaryimage\"},\"thumbnailUrl\":\"https:\/\/www.legendyuvas.cz\/wp-content\/uploads\/2023\/11\/DSC01088-scaled.jpg\",\"datePublished\":\"2023-11-21T12:55:14+00:00\",\"dateModified\":\"2025-12-27T00:02:24+00:00\",\"description\":\"Adrenalin-Erlebnis mit Legendy U V\u00e1s - ein originelles Geschenk nicht nur f\u00fcr M\u00e4nner und Autoliebhaber. Fahren in Sportwagen (Ferrari, Lamborghini, Porsche, ...) auf der Rennstrecke und Bezirk.\",\"breadcrumb\":{\"@id\":\"https:\/\/www.legendyuvas.cz\/produkt\/bmw-m2-g87\/#breadcrumb\"},\"inLanguage\":\"de\",\"potentialAction\":[{\"@type\":\"ReadAction\",\"target\":[\"https:\/\/www.legendyuvas.cz\/produkt\/bmw-m2-g87\/\"]}]},{\"@type\":\"ImageObject\",\"inLanguage\":\"de\",\"@id\":\"https:\/\/www.legendyuvas.cz\/produkt\/bmw-m2-g87\/#primaryimage\",\"url\":\"https:\/\/www.legendyuvas.cz\/wp-content\/uploads\/2023\/11\/DSC01088-scaled.jpg\",\"contentUrl\":\"https:\/\/www.legendyuvas.cz\/wp-content\/uploads\/2023\/11\/DSC01088-scaled.jpg\",\"width\":2560,\"height\":1707},{\"@type\":\"BreadcrumbList\",\"@id\":\"https:\/\/www.legendyuvas.cz\/produkt\/bmw-m2-g87\/#breadcrumb\",\"itemListElement\":[{\"@type\":\"ListItem\",\"position\":1,\"name\":\"Dom\u016f\",\"item\":\"https:\/\/www.legendyuvas.cz\/\"},{\"@type\":\"ListItem\",\"position\":2,\"name\":\"Shop\",\"item\":\"https:\/\/www.legendyuvas.cz\/de\/shop\/\"},{\"@type\":\"ListItem\",\"position\":3,\"name\":\"BMW M2 G87\"}]},{\"@type\":\"WebSite\",\"@id\":\"https:\/\/www.legendyuvas.cz\/#website\",\"url\":\"https:\/\/www.legendyuvas.cz\/\",\"name\":\"Legendy U V\u00e1s\",\"description\":\"Dechberouc\u00ed z\u00e1\u017eitky v autech a motork\u00e1ch\",\"publisher\":{\"@id\":\"https:\/\/www.legendyuvas.cz\/#organization\"},\"potentialAction\":[{\"@type\":\"SearchAction\",\"target\":{\"@type\":\"EntryPoint\",\"urlTemplate\":\"https:\/\/www.legendyuvas.cz\/?s={search_term_string}\"},\"query-input\":{\"@type\":\"PropertyValueSpecification\",\"valueRequired\":true,\"valueName\":\"search_term_string\"}}],\"inLanguage\":\"de\"},{\"@type\":\"Organization\",\"@id\":\"https:\/\/www.legendyuvas.cz\/#organization\",\"name\":\"Bontex2 s.r.o.\",\"url\":\"https:\/\/www.legendyuvas.cz\/\",\"logo\":{\"@type\":\"ImageObject\",\"inLanguage\":\"de\",\"@id\":\"https:\/\/www.legendyuvas.cz\/#\/schema\/logo\/image\/\",\"url\":\"https:\/\/www.legendyuvas.cz\/wp-content\/uploads\/2021\/03\/Legendy-u-Vas.jpg\",\"contentUrl\":\"https:\/\/www.legendyuvas.cz\/wp-content\/uploads\/2021\/03\/Legendy-u-Vas.jpg\",\"width\":400,\"height\":240,\"caption\":\"Bontex2 s.r.o.\"},\"image\":{\"@id\":\"https:\/\/www.legendyuvas.cz\/#\/schema\/logo\/image\/\"},\"sameAs\":[\"https:\/\/www.facebook.com\/autolegendyuvas\",\"https:\/\/www.facebook.com\/motolegendyuvas\",\"https:\/\/www.instagram.com\/autolegendyuvas\/\",\"https:\/\/www.instagram.com\/motolegendyuvas\/\"]}]}<\/script>\n<!-- \/ Yoast SEO plugin. -->","yoast_head_json":{"title":"BMW M2 G87 - Legendy U V\u00e1s","description":"Adrenalin-Erlebnis mit Legendy U V\u00e1s - ein originelles Geschenk nicht nur f\u00fcr M\u00e4nner und Autoliebhaber. Fahren in Sportwagen (Ferrari, Lamborghini, Porsche, ...) auf der Rennstrecke und Bezirk.","robots":{"index":"index","follow":"follow","max-snippet":"max-snippet:-1","max-image-preview":"max-image-preview:large","max-video-preview":"max-video-preview:-1"},"canonical":"https:\/\/www.legendyuvas.cz\/produkt\/bmw-m2-g87\/","og_locale":"de_DE","og_type":"article","og_title":"BMW M2 G87 - Legendy U V\u00e1s","og_description":"Adrenalin-Erlebnis mit Legendy U V\u00e1s - ein originelles Geschenk nicht nur f\u00fcr M\u00e4nner und Autoliebhaber. Fahren in Sportwagen (Ferrari, Lamborghini, Porsche, ...) auf der Rennstrecke und Bezirk.","og_url":"https:\/\/www.legendyuvas.cz\/produkt\/bmw-m2-g87\/","og_site_name":"Legendy U V\u00e1s","article_publisher":"https:\/\/www.facebook.com\/autolegendyuvas","article_modified_time":"2025-12-27T00:02:24+00:00","og_image":[{"width":2048,"height":1365,"url":"https:\/\/www.legendyuvas.cz\/wp-content\/uploads\/2023\/11\/typeelementorsiteurlhttpswww.legendyuvas.czwp-jsonelementsidba0c5c1elTypewidgetisInnerfalseisLockedfalsesettingsbg_imageurlhttpswww.legendyuvas.czwp-contentuploads202410DSC_0620-2-scale-3.jpg","type":"image\/jpeg"}],"twitter_card":"summary_large_image","twitter_misc":{"Gesch\u00e4tzte Lesezeit":"1\u00a0Minute"},"schema":{"@context":"https:\/\/schema.org","@graph":[{"@type":"WebPage","@id":"https:\/\/www.legendyuvas.cz\/produkt\/bmw-m2-g87\/","url":"https:\/\/www.legendyuvas.cz\/produkt\/bmw-m2-g87\/","name":"BMW M2 G87 - Legendy U V\u00e1s","isPartOf":{"@id":"https:\/\/www.legendyuvas.cz\/#website"},"primaryImageOfPage":{"@id":"https:\/\/www.legendyuvas.cz\/produkt\/bmw-m2-g87\/#primaryimage"},"image":{"@id":"https:\/\/www.legendyuvas.cz\/produkt\/bmw-m2-g87\/#primaryimage"},"thumbnailUrl":"https:\/\/www.legendyuvas.cz\/wp-content\/uploads\/2023\/11\/DSC01088-scaled.jpg","datePublished":"2023-11-21T12:55:14+00:00","dateModified":"2025-12-27T00:02:24+00:00","description":"Adrenalin-Erlebnis mit Legendy U V\u00e1s - ein originelles Geschenk nicht nur f\u00fcr M\u00e4nner und Autoliebhaber. Fahren in Sportwagen (Ferrari, Lamborghini, Porsche, ...) auf der Rennstrecke und Bezirk.","breadcrumb":{"@id":"https:\/\/www.legendyuvas.cz\/produkt\/bmw-m2-g87\/#breadcrumb"},"inLanguage":"de","potentialAction":[{"@type":"ReadAction","target":["https:\/\/www.legendyuvas.cz\/produkt\/bmw-m2-g87\/"]}]},{"@type":"ImageObject","inLanguage":"de","@id":"https:\/\/www.legendyuvas.cz\/produkt\/bmw-m2-g87\/#primaryimage","url":"https:\/\/www.legendyuvas.cz\/wp-content\/uploads\/2023\/11\/DSC01088-scaled.jpg","contentUrl":"https:\/\/www.legendyuvas.cz\/wp-content\/uploads\/2023\/11\/DSC01088-scaled.jpg","width":2560,"height":1707},{"@type":"BreadcrumbList","@id":"https:\/\/www.legendyuvas.cz\/produkt\/bmw-m2-g87\/#breadcrumb","itemListElement":[{"@type":"ListItem","position":1,"name":"Dom\u016f","item":"https:\/\/www.legendyuvas.cz\/"},{"@type":"ListItem","position":2,"name":"Shop","item":"https:\/\/www.legendyuvas.cz\/de\/shop\/"},{"@type":"ListItem","position":3,"name":"BMW M2 G87"}]},{"@type":"WebSite","@id":"https:\/\/www.legendyuvas.cz\/#website","url":"https:\/\/www.legendyuvas.cz\/","name":"Legendy U V\u00e1s","description":"Dechberouc\u00ed z\u00e1\u017eitky v autech a motork\u00e1ch","publisher":{"@id":"https:\/\/www.legendyuvas.cz\/#organization"},"potentialAction":[{"@type":"SearchAction","target":{"@type":"EntryPoint","urlTemplate":"https:\/\/www.legendyuvas.cz\/?s={search_term_string}"},"query-input":{"@type":"PropertyValueSpecification","valueRequired":true,"valueName":"search_term_string"}}],"inLanguage":"de"},{"@type":"Organization","@id":"https:\/\/www.legendyuvas.cz\/#organization","name":"Bontex2 s.r.o.","url":"https:\/\/www.legendyuvas.cz\/","logo":{"@type":"ImageObject","inLanguage":"de","@id":"https:\/\/www.legendyuvas.cz\/#\/schema\/logo\/image\/","url":"https:\/\/www.legendyuvas.cz\/wp-content\/uploads\/2021\/03\/Legendy-u-Vas.jpg","contentUrl":"https:\/\/www.legendyuvas.cz\/wp-content\/uploads\/2021\/03\/Legendy-u-Vas.jpg","width":400,"height":240,"caption":"Bontex2 s.r.o."},"image":{"@id":"https:\/\/www.legendyuvas.cz\/#\/schema\/logo\/image\/"},"sameAs":["https:\/\/www.facebook.com\/autolegendyuvas","https:\/\/www.facebook.com\/motolegendyuvas","https:\/\/www.instagram.com\/autolegendyuvas\/","https:\/\/www.instagram.com\/motolegendyuvas\/"]}]}},"_links":{"self":[{"href":"https:\/\/www.legendyuvas.cz\/de\/wp-json\/wp\/v2\/product\/40148","targetHints":{"allow":["GET"]}}],"collection":[{"href":"https:\/\/www.legendyuvas.cz\/de\/wp-json\/wp\/v2\/product"}],"about":[{"href":"https:\/\/www.legendyuvas.cz\/de\/wp-json\/wp\/v2\/types\/product"}],"replies":[{"embeddable":true,"href":"https:\/\/www.legendyuvas.cz\/de\/wp-json\/wp\/v2\/comments?post=40148"}],"version-history":[{"count":0,"href":"https:\/\/www.legendyuvas.cz\/de\/wp-json\/wp\/v2\/product\/40148\/revisions"}],"wp:featuredmedia":[{"embeddable":true,"href":"https:\/\/www.legendyuvas.cz\/de\/wp-json\/wp\/v2\/media\/31181"}],"wp:attachment":[{"href":"https:\/\/www.legendyuvas.cz\/de\/wp-json\/wp\/v2\/media?parent=40148"}],"wp:term":[{"taxonomy":"product_brand","embeddable":true,"href":"https:\/\/www.legendyuvas.cz\/de\/wp-json\/wp\/v2\/product_brand?post=40148"},{"taxonomy":"product_cat","embeddable":true,"href":"https:\/\/www.legendyuvas.cz\/de\/wp-json\/wp\/v2\/product_cat?post=40148"},{"taxonomy":"product_tag","embeddable":true,"href":"https:\/\/www.legendyuvas.cz\/de\/wp-json\/wp\/v2\/product_tag?post=40148"}],"curies":[{"name":"wp","href":"https:\/\/api.w.org\/{rel}","templated":true}]}}