{"id":40268,"date":"2023-11-21T11:49:44","date_gmt":"2023-11-21T11:49:44","guid":{"rendered":"https:\/\/www.legendyuvas.cz\/produkt\/hyundai-i20-n\/"},"modified":"2025-12-27T00:02:23","modified_gmt":"2025-12-27T00:02:23","slug":"hyundai-i20-n","status":"publish","type":"product","link":"https:\/\/www.legendyuvas.cz\/de\/produkt\/hyundai-i20-n\/","title":{"rendered":"HYUNDAI i20 N"},"content":{"rendered":"<h2><strong><u>Auto des Jahres bei Top Gear<\/u><\/strong><\/h2>\n<p>Der Hyundai i20N ist ein Kompaktwagen, bei dessen Entwicklung der Schwerpunkt auf <strong>sportliche Leistung und Fahrspa\u00df<\/strong> gelegt wurde. Diese Version des i20 geh\u00f6rt zur <strong>Sports N Series<\/strong>, was bedeutet, dass er auf der Grundlage von Erfahrungen aus dem Motorsport entwickelt wurde und \u00fcberlegene Leistungs- und Designmerkmale bietet. Unser Auto ist au\u00dferdem mit dem <strong>N-Premium-Paket<\/strong> ausgestattet, das unter anderem ein selbstsperrendes <strong>LSD-Differential<\/strong> und andere Merkmale enth\u00e4lt, die das Fahrerlebnis verbessern.<\/p>\n<p><img fetchpriority=\"high\" decoding=\"async\" class=\"aligncenter wp-image-4913 size-large\" src=\"https:\/\/www.legendyuvas.cz\/wp-content\/uploads\/2023\/11\/445A9779-1024x683.jpg\" alt=\"\" width=\"800\" height=\"534\" srcset=\"https:\/\/www.legendyuvas.cz\/wp-content\/uploads\/2023\/11\/445A9779-1024x683.jpg 1024w, https:\/\/www.legendyuvas.cz\/wp-content\/uploads\/2023\/11\/445A9779-300x200.jpg 300w, https:\/\/www.legendyuvas.cz\/wp-content\/uploads\/2023\/11\/445A9779-768x512.jpg 768w, https:\/\/www.legendyuvas.cz\/wp-content\/uploads\/2023\/11\/445A9779-1536x1024.jpg 1536w, https:\/\/www.legendyuvas.cz\/wp-content\/uploads\/2023\/11\/445A9779-600x400.jpg 600w, https:\/\/www.legendyuvas.cz\/wp-content\/uploads\/2023\/11\/445A9779.jpg 2048w\" sizes=\"(max-width: 800px) 100vw, 800px\" \/><\/p>\n<p>Das Herzst\u00fcck des i20N ist ein <strong>starker 1.6L<\/strong> Motor, der <strong>204 PS<\/strong> leistet. Kombiniert mit einem <strong>6-Gang-Schaltgetriebe<\/strong> und einem geringen <strong>Gewicht von rund 1200 kg<\/strong> ist er die ideale Kombination f\u00fcr <strong>sportliches Fahren.<\/strong> Das Sportfahrwerk und die Lenkung wurden modifiziert, um ein pr\u00e4zises Ansprechverhalten und eine hervorragende Stra\u00dfenlage zu gew\u00e4hrleisten. All dies wird kombiniert mit moderner Aerodynamik und einem stilvollen Design, das den aggressiven und sportlichen Charakter des Fahrzeugs unterstreicht.<\/p>\n<p><img decoding=\"async\" class=\"aligncenter wp-image-4914 size-large\" src=\"https:\/\/www.legendyuvas.cz\/wp-content\/uploads\/2023\/11\/445A9786-1024x683.jpg\" alt=\"\" width=\"800\" height=\"534\" srcset=\"https:\/\/www.legendyuvas.cz\/wp-content\/uploads\/2023\/11\/445A9786-1024x683.jpg 1024w, https:\/\/www.legendyuvas.cz\/wp-content\/uploads\/2023\/11\/445A9786-300x200.jpg 300w, https:\/\/www.legendyuvas.cz\/wp-content\/uploads\/2023\/11\/445A9786-768x512.jpg 768w, https:\/\/www.legendyuvas.cz\/wp-content\/uploads\/2023\/11\/445A9786-1536x1024.jpg 1536w, https:\/\/www.legendyuvas.cz\/wp-content\/uploads\/2023\/11\/445A9786-600x400.jpg 600w, https:\/\/www.legendyuvas.cz\/wp-content\/uploads\/2023\/11\/445A9786.jpg 2048w\" sizes=\"(max-width: 800px) 100vw, 800px\" \/><\/p>\n<p>Der Hyundai i20N bietet ein <strong>dynamisches und intensives Erlebnis<\/strong>. Beschleunigung, Lenkung und Bremsen arbeiten harmonisch zusammen, um ein erstaunliches Fahrgef\u00fchl zu vermitteln. Dar\u00fcber hinaus kann der Innenraum mit Sportsitzen, moderner Technologie und Funktionen aufwarten, die den Gesamtkomfort und das <strong>Fahrerlebnis<\/strong> verbessern.<\/p>\n<p>Insgesamt ist der Hyundai i20N eine ausgezeichnete Wahl f\u00fcr alle, die ein <strong>kompaktes Schr\u00e4gheckfahrzeug<\/strong> mit starker Leistung und \u00fcberlegenen Fahreigenschaften <strong>f\u00fcr begeisterte Fahrer<\/strong> suchen.<\/p>\n","protected":false},"excerpt":{"rendered":"<p>Alle unsere Autos <strong>k\u00f6nnen Sie selbst fahren<\/strong>\u00a0oder als Beifahrer bei einem Rennfahrer mitfahren.<\/p>\n<p>\ud83d\udc49 Sie gehen kein Risiko ein. Sie k\u00f6nnen das Erlebnis bis zum 15. Januar KOSTENLOS umtauschen oder vollst\u00e4ndig zur\u00fcckgeben, und wir erstatten Ihnen umgehend Ihr Geld zur\u00fcck. \ud83c\udf81<\/p>\n<p>G\u00fcltig f\u00fcr Eink\u00e4ufe vom 1.11. bis 31.12.2025.<\/p>\n","protected":false},"featured_media":41764,"comment_status":"open","ping_status":"closed","template":"","meta":[],"product_brand":[],"product_cat":[451],"product_tag":[],"class_list":{"0":"post-40268","1":"product","2":"type-product","3":"status-publish","4":"has-post-thumbnail","6":"product_cat-auta","8":"first","9":"instock","10":"shipping-taxable","11":"purchasable","12":"product-type-variable"},"yoast_head":"<!-- This site is optimized with the Yoast SEO plugin v24.8.1 - https:\/\/yoast.com\/wordpress\/plugins\/seo\/ -->\n<title>HYUNDAI i20 N - Legendy U V\u00e1s<\/title>\n<meta name=\"description\" content=\"Adrenalin-Erlebnis mit Legendy U V\u00e1s - ein originelles Geschenk nicht nur f\u00fcr M\u00e4nner und Autoliebhaber. Fahren in Sportwagen (Ferrari, Lamborghini, Porsche, ...) auf der Rennstrecke und Bezirk.\" \/>\n<meta name=\"robots\" content=\"index, follow, max-snippet:-1, max-image-preview:large, max-video-preview:-1\" \/>\n<link rel=\"canonical\" href=\"https:\/\/www.legendyuvas.cz\/produkt\/hyundai-i20-n\/\" \/>\n<meta property=\"og:locale\" content=\"de_DE\" \/>\n<meta property=\"og:type\" content=\"article\" \/>\n<meta property=\"og:title\" content=\"HYUNDAI i20 N - Legendy U V\u00e1s\" \/>\n<meta property=\"og:description\" content=\"Adrenalin-Erlebnis mit Legendy U V\u00e1s - ein originelles Geschenk nicht nur f\u00fcr M\u00e4nner und Autoliebhaber. Fahren in Sportwagen (Ferrari, Lamborghini, Porsche, ...) auf der Rennstrecke und Bezirk.\" \/>\n<meta property=\"og:url\" content=\"https:\/\/www.legendyuvas.cz\/produkt\/hyundai-i20-n\/\" \/>\n<meta property=\"og:site_name\" content=\"Legendy U V\u00e1s\" \/>\n<meta property=\"article:publisher\" content=\"https:\/\/www.facebook.com\/autolegendyuvas\" \/>\n<meta property=\"article:modified_time\" content=\"2025-12-27T00:02:23+00:00\" \/>\n<meta property=\"og:image\" content=\"https:\/\/www.legendyuvas.cz\/wp-content\/uploads\/2023\/11\/typeelementorsiteurlhttpswww.legendyuvas.czwp-jsonelementsidba0c5c1elTypewidgetisInnerfalseisLockedfalsesettingsbg_imageurlhttpswww.legendyuvas.czwp-contentuploads202410DSC_0620-2-scale-7.jpg\" \/>\n\t<meta property=\"og:image:width\" content=\"2048\" \/>\n\t<meta property=\"og:image:height\" content=\"1365\" \/>\n\t<meta property=\"og:image:type\" content=\"image\/jpeg\" \/>\n<meta name=\"twitter:card\" content=\"summary_large_image\" \/>\n<meta name=\"twitter:label1\" content=\"Gesch\u00e4tzte Lesezeit\" \/>\n\t<meta name=\"twitter:data1\" content=\"1\u00a0Minute\" \/>\n<script type=\"application\/ld+json\" class=\"yoast-schema-graph\">{\"@context\":\"https:\/\/schema.org\",\"@graph\":[{\"@type\":\"WebPage\",\"@id\":\"https:\/\/www.legendyuvas.cz\/produkt\/hyundai-i20-n\/\",\"url\":\"https:\/\/www.legendyuvas.cz\/produkt\/hyundai-i20-n\/\",\"name\":\"HYUNDAI i20 N - Legendy U V\u00e1s\",\"isPartOf\":{\"@id\":\"https:\/\/www.legendyuvas.cz\/#website\"},\"primaryImageOfPage\":{\"@id\":\"https:\/\/www.legendyuvas.cz\/produkt\/hyundai-i20-n\/#primaryimage\"},\"image\":{\"@id\":\"https:\/\/www.legendyuvas.cz\/produkt\/hyundai-i20-n\/#primaryimage\"},\"thumbnailUrl\":\"https:\/\/www.legendyuvas.cz\/wp-content\/uploads\/2023\/11\/445A9767-1-1536x1024-1-1.webp\",\"datePublished\":\"2023-11-21T11:49:44+00:00\",\"dateModified\":\"2025-12-27T00:02:23+00:00\",\"description\":\"Adrenalin-Erlebnis mit Legendy U V\u00e1s - ein originelles Geschenk nicht nur f\u00fcr M\u00e4nner und Autoliebhaber. Fahren in Sportwagen (Ferrari, Lamborghini, Porsche, ...) auf der Rennstrecke und Bezirk.\",\"breadcrumb\":{\"@id\":\"https:\/\/www.legendyuvas.cz\/produkt\/hyundai-i20-n\/#breadcrumb\"},\"inLanguage\":\"de\",\"potentialAction\":[{\"@type\":\"ReadAction\",\"target\":[\"https:\/\/www.legendyuvas.cz\/produkt\/hyundai-i20-n\/\"]}]},{\"@type\":\"ImageObject\",\"inLanguage\":\"de\",\"@id\":\"https:\/\/www.legendyuvas.cz\/produkt\/hyundai-i20-n\/#primaryimage\",\"url\":\"https:\/\/www.legendyuvas.cz\/wp-content\/uploads\/2023\/11\/445A9767-1-1536x1024-1-1.webp\",\"contentUrl\":\"https:\/\/www.legendyuvas.cz\/wp-content\/uploads\/2023\/11\/445A9767-1-1536x1024-1-1.webp\",\"width\":1536,\"height\":1024},{\"@type\":\"BreadcrumbList\",\"@id\":\"https:\/\/www.legendyuvas.cz\/produkt\/hyundai-i20-n\/#breadcrumb\",\"itemListElement\":[{\"@type\":\"ListItem\",\"position\":1,\"name\":\"Dom\u016f\",\"item\":\"https:\/\/www.legendyuvas.cz\/\"},{\"@type\":\"ListItem\",\"position\":2,\"name\":\"Shop\",\"item\":\"https:\/\/www.legendyuvas.cz\/de\/shop\/\"},{\"@type\":\"ListItem\",\"position\":3,\"name\":\"HYUNDAI i20 N\"}]},{\"@type\":\"WebSite\",\"@id\":\"https:\/\/www.legendyuvas.cz\/#website\",\"url\":\"https:\/\/www.legendyuvas.cz\/\",\"name\":\"Legendy U V\u00e1s\",\"description\":\"Dechberouc\u00ed z\u00e1\u017eitky v autech a motork\u00e1ch\",\"publisher\":{\"@id\":\"https:\/\/www.legendyuvas.cz\/#organization\"},\"potentialAction\":[{\"@type\":\"SearchAction\",\"target\":{\"@type\":\"EntryPoint\",\"urlTemplate\":\"https:\/\/www.legendyuvas.cz\/?s={search_term_string}\"},\"query-input\":{\"@type\":\"PropertyValueSpecification\",\"valueRequired\":true,\"valueName\":\"search_term_string\"}}],\"inLanguage\":\"de\"},{\"@type\":\"Organization\",\"@id\":\"https:\/\/www.legendyuvas.cz\/#organization\",\"name\":\"Bontex2 s.r.o.\",\"url\":\"https:\/\/www.legendyuvas.cz\/\",\"logo\":{\"@type\":\"ImageObject\",\"inLanguage\":\"de\",\"@id\":\"https:\/\/www.legendyuvas.cz\/#\/schema\/logo\/image\/\",\"url\":\"https:\/\/www.legendyuvas.cz\/wp-content\/uploads\/2021\/03\/Legendy-u-Vas.jpg\",\"contentUrl\":\"https:\/\/www.legendyuvas.cz\/wp-content\/uploads\/2021\/03\/Legendy-u-Vas.jpg\",\"width\":400,\"height\":240,\"caption\":\"Bontex2 s.r.o.\"},\"image\":{\"@id\":\"https:\/\/www.legendyuvas.cz\/#\/schema\/logo\/image\/\"},\"sameAs\":[\"https:\/\/www.facebook.com\/autolegendyuvas\",\"https:\/\/www.facebook.com\/motolegendyuvas\",\"https:\/\/www.instagram.com\/autolegendyuvas\/\",\"https:\/\/www.instagram.com\/motolegendyuvas\/\"]}]}<\/script>\n<!-- \/ Yoast SEO plugin. -->","yoast_head_json":{"title":"HYUNDAI i20 N - Legendy U V\u00e1s","description":"Adrenalin-Erlebnis mit Legendy U V\u00e1s - ein originelles Geschenk nicht nur f\u00fcr M\u00e4nner und Autoliebhaber. Fahren in Sportwagen (Ferrari, Lamborghini, Porsche, ...) auf der Rennstrecke und Bezirk.","robots":{"index":"index","follow":"follow","max-snippet":"max-snippet:-1","max-image-preview":"max-image-preview:large","max-video-preview":"max-video-preview:-1"},"canonical":"https:\/\/www.legendyuvas.cz\/produkt\/hyundai-i20-n\/","og_locale":"de_DE","og_type":"article","og_title":"HYUNDAI i20 N - Legendy U V\u00e1s","og_description":"Adrenalin-Erlebnis mit Legendy U V\u00e1s - ein originelles Geschenk nicht nur f\u00fcr M\u00e4nner und Autoliebhaber. Fahren in Sportwagen (Ferrari, Lamborghini, Porsche, ...) auf der Rennstrecke und Bezirk.","og_url":"https:\/\/www.legendyuvas.cz\/produkt\/hyundai-i20-n\/","og_site_name":"Legendy U V\u00e1s","article_publisher":"https:\/\/www.facebook.com\/autolegendyuvas","article_modified_time":"2025-12-27T00:02:23+00:00","og_image":[{"width":2048,"height":1365,"url":"https:\/\/www.legendyuvas.cz\/wp-content\/uploads\/2023\/11\/typeelementorsiteurlhttpswww.legendyuvas.czwp-jsonelementsidba0c5c1elTypewidgetisInnerfalseisLockedfalsesettingsbg_imageurlhttpswww.legendyuvas.czwp-contentuploads202410DSC_0620-2-scale-7.jpg","type":"image\/jpeg"}],"twitter_card":"summary_large_image","twitter_misc":{"Gesch\u00e4tzte Lesezeit":"1\u00a0Minute"},"schema":{"@context":"https:\/\/schema.org","@graph":[{"@type":"WebPage","@id":"https:\/\/www.legendyuvas.cz\/produkt\/hyundai-i20-n\/","url":"https:\/\/www.legendyuvas.cz\/produkt\/hyundai-i20-n\/","name":"HYUNDAI i20 N - Legendy U V\u00e1s","isPartOf":{"@id":"https:\/\/www.legendyuvas.cz\/#website"},"primaryImageOfPage":{"@id":"https:\/\/www.legendyuvas.cz\/produkt\/hyundai-i20-n\/#primaryimage"},"image":{"@id":"https:\/\/www.legendyuvas.cz\/produkt\/hyundai-i20-n\/#primaryimage"},"thumbnailUrl":"https:\/\/www.legendyuvas.cz\/wp-content\/uploads\/2023\/11\/445A9767-1-1536x1024-1-1.webp","datePublished":"2023-11-21T11:49:44+00:00","dateModified":"2025-12-27T00:02:23+00:00","description":"Adrenalin-Erlebnis mit Legendy U V\u00e1s - ein originelles Geschenk nicht nur f\u00fcr M\u00e4nner und Autoliebhaber. Fahren in Sportwagen (Ferrari, Lamborghini, Porsche, ...) auf der Rennstrecke und Bezirk.","breadcrumb":{"@id":"https:\/\/www.legendyuvas.cz\/produkt\/hyundai-i20-n\/#breadcrumb"},"inLanguage":"de","potentialAction":[{"@type":"ReadAction","target":["https:\/\/www.legendyuvas.cz\/produkt\/hyundai-i20-n\/"]}]},{"@type":"ImageObject","inLanguage":"de","@id":"https:\/\/www.legendyuvas.cz\/produkt\/hyundai-i20-n\/#primaryimage","url":"https:\/\/www.legendyuvas.cz\/wp-content\/uploads\/2023\/11\/445A9767-1-1536x1024-1-1.webp","contentUrl":"https:\/\/www.legendyuvas.cz\/wp-content\/uploads\/2023\/11\/445A9767-1-1536x1024-1-1.webp","width":1536,"height":1024},{"@type":"BreadcrumbList","@id":"https:\/\/www.legendyuvas.cz\/produkt\/hyundai-i20-n\/#breadcrumb","itemListElement":[{"@type":"ListItem","position":1,"name":"Dom\u016f","item":"https:\/\/www.legendyuvas.cz\/"},{"@type":"ListItem","position":2,"name":"Shop","item":"https:\/\/www.legendyuvas.cz\/de\/shop\/"},{"@type":"ListItem","position":3,"name":"HYUNDAI i20 N"}]},{"@type":"WebSite","@id":"https:\/\/www.legendyuvas.cz\/#website","url":"https:\/\/www.legendyuvas.cz\/","name":"Legendy U V\u00e1s","description":"Dechberouc\u00ed z\u00e1\u017eitky v autech a motork\u00e1ch","publisher":{"@id":"https:\/\/www.legendyuvas.cz\/#organization"},"potentialAction":[{"@type":"SearchAction","target":{"@type":"EntryPoint","urlTemplate":"https:\/\/www.legendyuvas.cz\/?s={search_term_string}"},"query-input":{"@type":"PropertyValueSpecification","valueRequired":true,"valueName":"search_term_string"}}],"inLanguage":"de"},{"@type":"Organization","@id":"https:\/\/www.legendyuvas.cz\/#organization","name":"Bontex2 s.r.o.","url":"https:\/\/www.legendyuvas.cz\/","logo":{"@type":"ImageObject","inLanguage":"de","@id":"https:\/\/www.legendyuvas.cz\/#\/schema\/logo\/image\/","url":"https:\/\/www.legendyuvas.cz\/wp-content\/uploads\/2021\/03\/Legendy-u-Vas.jpg","contentUrl":"https:\/\/www.legendyuvas.cz\/wp-content\/uploads\/2021\/03\/Legendy-u-Vas.jpg","width":400,"height":240,"caption":"Bontex2 s.r.o."},"image":{"@id":"https:\/\/www.legendyuvas.cz\/#\/schema\/logo\/image\/"},"sameAs":["https:\/\/www.facebook.com\/autolegendyuvas","https:\/\/www.facebook.com\/motolegendyuvas","https:\/\/www.instagram.com\/autolegendyuvas\/","https:\/\/www.instagram.com\/motolegendyuvas\/"]}]}},"_links":{"self":[{"href":"https:\/\/www.legendyuvas.cz\/de\/wp-json\/wp\/v2\/product\/40268","targetHints":{"allow":["GET"]}}],"collection":[{"href":"https:\/\/www.legendyuvas.cz\/de\/wp-json\/wp\/v2\/product"}],"about":[{"href":"https:\/\/www.legendyuvas.cz\/de\/wp-json\/wp\/v2\/types\/product"}],"replies":[{"embeddable":true,"href":"https:\/\/www.legendyuvas.cz\/de\/wp-json\/wp\/v2\/comments?post=40268"}],"version-history":[{"count":0,"href":"https:\/\/www.legendyuvas.cz\/de\/wp-json\/wp\/v2\/product\/40268\/revisions"}],"wp:featuredmedia":[{"embeddable":true,"href":"https:\/\/www.legendyuvas.cz\/de\/wp-json\/wp\/v2\/media\/41764"}],"wp:attachment":[{"href":"https:\/\/www.legendyuvas.cz\/de\/wp-json\/wp\/v2\/media?parent=40268"}],"wp:term":[{"taxonomy":"product_brand","embeddable":true,"href":"https:\/\/www.legendyuvas.cz\/de\/wp-json\/wp\/v2\/product_brand?post=40268"},{"taxonomy":"product_cat","embeddable":true,"href":"https:\/\/www.legendyuvas.cz\/de\/wp-json\/wp\/v2\/product_cat?post=40268"},{"taxonomy":"product_tag","embeddable":true,"href":"https:\/\/www.legendyuvas.cz\/de\/wp-json\/wp\/v2\/product_tag?post=40268"}],"curies":[{"name":"wp","href":"https:\/\/api.w.org\/{rel}","templated":true}]}}