{"id":67436,"date":"2025-11-26T10:44:02","date_gmt":"2025-11-26T10:44:02","guid":{"rendered":"https:\/\/www.legendyuvas.cz\/?post_type=product&#038;p=67436"},"modified":"2026-03-02T14:15:29","modified_gmt":"2026-03-02T14:15:29","slug":"porsche-718-cayman-s-at-kopirovat-2","status":"publish","type":"product","link":"https:\/\/www.legendyuvas.cz\/de\/produkt\/porsche-718-cayman-s-at-kopirovat-2\/","title":{"rendered":"Porsche 718 Cayman S (AT) (Kop\u00edrovat)"},"content":{"rendered":"<h1><strong>Die gelbe Rakete von Porsche<\/strong><\/h1>\n<p>Der Porsche 718 Cayman S &#8211; der Inbegriff von ultimativem sportlichen Fahren und purem <strong>Adrenalin.<\/strong> Angetrieben wird dieses Auto von einem <strong>2,5-Liter<\/strong> Vierzylindermotor mit <strong>Turbolader<\/strong>, der beeindruckende <strong>350 PS leistet. <\/strong>Dieser Motor erm\u00f6glicht eine Beschleunigung von 0 auf 100 km\/h in unglaublichen<strong>4,4 Sekunden.<\/strong>Die Kombination aus dem Motor und dem<strong>PDK-Automatikgetriebe mit Doppelkupplung <\/strong>f\u00fcr blitzschnelle Schaltvorg\u00e4nge, erm\u00f6glicht es Ihnen, eine makellose Leistung auf jedem Meter der Rennstrecke zu erleben. Ob auf der Geraden oder in anspruchsvollen Kurven, der Porsche 718 Cayman S h\u00e4lt Sie mit seiner<strong>pr\u00e4zisen Lenkung <\/strong>und seiner exzellenten Balance in Schach.<\/p>\n<p><img fetchpriority=\"high\" decoding=\"async\" class=\"aligncenter wp-image-11861 size-full\" src=\"https:\/\/www.legendyuvas.cz\/wp-content\/uploads\/2024\/10\/IMG_3130-scaled.jpg\" alt=\"\" width=\"2560\" height=\"1707\" srcset=\"https:\/\/www.legendyuvas.cz\/wp-content\/uploads\/2024\/10\/IMG_3130-scaled.jpg 2560w, https:\/\/www.legendyuvas.cz\/wp-content\/uploads\/2024\/10\/IMG_3130-300x200.jpg 300w, https:\/\/www.legendyuvas.cz\/wp-content\/uploads\/2024\/10\/IMG_3130-1024x683.jpg 1024w, https:\/\/www.legendyuvas.cz\/wp-content\/uploads\/2024\/10\/IMG_3130-768x512.jpg 768w, https:\/\/www.legendyuvas.cz\/wp-content\/uploads\/2024\/10\/IMG_3130-1536x1024.jpg 1536w, https:\/\/www.legendyuvas.cz\/wp-content\/uploads\/2024\/10\/IMG_3130-2048x1365.jpg 2048w, https:\/\/www.legendyuvas.cz\/wp-content\/uploads\/2024\/10\/IMG_3130-600x400.jpg 600w\" sizes=\"(max-width: 2560px) 100vw, 2560px\" \/><\/p>\n<p>Ein unvergessliches Erlebnis erwartet Sie &#8211; egal ob Sie sich hinter das Steuer setzen und <strong>diese Maschine selbst steuern<\/strong> oder bequem auf dem Beifahrersitz Platz nehmen und sich von unserem <strong>erfahrenen Instruktor<\/strong> fahren lassen. Der Porsche 718 Cayman S ist mit allen modernen Technologien ausgestattet, die nicht nur f\u00fcr maximale Sicherheit, sondern auch f\u00fcr Komfort sorgen. <strong>Voll ausgestattet<\/strong>, finden Sie alles, was Sie brauchen, um Ihre Fahrt in vollen Z\u00fcgen zu genie\u00dfen. Die Rennstrecke \u00f6ffnet sich vor Ihnen und Sie werden das Gef\u00fchl haben, Teil der Welt der <strong>Profi-Fahrer<\/strong> geworden zu sein.<\/p>\n<p><img decoding=\"async\" class=\"aligncenter wp-image-11862 size-full\" src=\"https:\/\/www.legendyuvas.cz\/wp-content\/uploads\/2024\/10\/IMG_3147-scaled.jpg\" alt=\"\" width=\"2560\" height=\"1707\" srcset=\"https:\/\/www.legendyuvas.cz\/wp-content\/uploads\/2024\/10\/IMG_3147-scaled.jpg 2560w, https:\/\/www.legendyuvas.cz\/wp-content\/uploads\/2024\/10\/IMG_3147-300x200.jpg 300w, https:\/\/www.legendyuvas.cz\/wp-content\/uploads\/2024\/10\/IMG_3147-1024x683.jpg 1024w, https:\/\/www.legendyuvas.cz\/wp-content\/uploads\/2024\/10\/IMG_3147-768x512.jpg 768w, https:\/\/www.legendyuvas.cz\/wp-content\/uploads\/2024\/10\/IMG_3147-1536x1024.jpg 1536w, https:\/\/www.legendyuvas.cz\/wp-content\/uploads\/2024\/10\/IMG_3147-2048x1365.jpg 2048w, https:\/\/www.legendyuvas.cz\/wp-content\/uploads\/2024\/10\/IMG_3147-600x400.jpg 600w\" sizes=\"(max-width: 2560px) 100vw, 2560px\" \/><\/p>\n<p>Der Porsche 718 Cayman S vereint <strong>Spitzenleistung, <\/strong>Luxusausstattung und Pr\u00e4zisionstechnik und ist damit die perfekte Wahl f\u00fcr jeden <strong>Sportwagenliebhaber.<\/strong> Mit einer H\u00f6chstgeschwindigkeit von \u00fcber 285 km\/h und einer Technologie, die es Ihnen erm\u00f6glicht, das Auto mit unglaublicher Pr\u00e4zision zu steuern, ist dieses Modell bereit, Ihnen ein Erlebnis zu bieten, das Sie <strong>niemals vergessen werden.<\/strong> Erleben Sie, was es bedeutet, einen Porsche zu fahren und erleben Sie Geschwindigkeit und Aufregung auf einer Rennstrecke wie nie zuvor!<\/p>\n","protected":false},"excerpt":{"rendered":"<p>Alle unsere Autos <strong>k\u00f6nnen Sie selbst fahren<\/strong> oder als Beifahrer bei einem Rennfahrer mitfahren.<\/p>\n","protected":false},"featured_media":67747,"comment_status":"open","ping_status":"closed","template":"","meta":[],"product_brand":[],"product_cat":[451],"product_tag":[],"class_list":{"0":"post-67436","1":"product","2":"type-product","3":"status-publish","4":"has-post-thumbnail","6":"product_cat-auta","8":"first","9":"instock","10":"shipping-taxable","11":"purchasable","12":"product-type-variable"},"yoast_head":"<!-- This site is optimized with the Yoast SEO plugin v24.8.1 - https:\/\/yoast.com\/wordpress\/plugins\/seo\/ -->\n<title>Porsche 718 Cayman S (AT) (Kop\u00edrovat) - Legendy U V\u00e1s<\/title>\n<meta name=\"description\" content=\"Adrenalin-Erlebnis mit Legends U V\u00e1s - ein originelles Geschenk nicht nur f\u00fcr M\u00e4nner und Autoliebhaber. Fahren in Sportwagen (Ferrari, Lamborghini, Porsche, ...) auf der Rennstrecke und Landstra\u00dfe.\" \/>\n<meta name=\"robots\" content=\"index, follow, max-snippet:-1, max-image-preview:large, max-video-preview:-1\" \/>\n<link rel=\"canonical\" href=\"https:\/\/www.legendyuvas.cz\/de\/produkt\/porsche-718-cayman-s-at-kopirovat-2\/\" \/>\n<meta property=\"og:locale\" content=\"de_DE\" \/>\n<meta property=\"og:type\" content=\"article\" \/>\n<meta property=\"og:title\" content=\"Porsche 718 Cayman S (AT) (Kop\u00edrovat) - Legendy U V\u00e1s\" \/>\n<meta property=\"og:description\" content=\"Adrenalin-Erlebnis mit Legends U V\u00e1s - ein originelles Geschenk nicht nur f\u00fcr M\u00e4nner und Autoliebhaber. Fahren in Sportwagen (Ferrari, Lamborghini, Porsche, ...) auf der Rennstrecke und Landstra\u00dfe.\" \/>\n<meta property=\"og:url\" content=\"https:\/\/www.legendyuvas.cz\/de\/produkt\/porsche-718-cayman-s-at-kopirovat-2\/\" \/>\n<meta property=\"og:site_name\" content=\"Legendy U V\u00e1s\" \/>\n<meta property=\"article:publisher\" content=\"https:\/\/www.facebook.com\/autolegendyuvas\" \/>\n<meta property=\"article:modified_time\" content=\"2026-03-02T14:15:29+00:00\" \/>\n<meta property=\"og:image\" content=\"https:\/\/www.legendyuvas.cz\/wp-content\/uploads\/2026\/03\/1.jpg\" \/>\n\t<meta property=\"og:image:width\" content=\"1920\" \/>\n\t<meta property=\"og:image:height\" content=\"1080\" \/>\n\t<meta property=\"og:image:type\" content=\"image\/jpeg\" \/>\n<meta name=\"twitter:card\" content=\"summary_large_image\" \/>\n<meta name=\"twitter:label1\" content=\"Gesch\u00e4tzte Lesezeit\" \/>\n\t<meta name=\"twitter:data1\" content=\"1\u00a0Minute\" \/>\n<script type=\"application\/ld+json\" class=\"yoast-schema-graph\">{\"@context\":\"https:\/\/schema.org\",\"@graph\":[{\"@type\":\"WebPage\",\"@id\":\"https:\/\/www.legendyuvas.cz\/de\/produkt\/porsche-718-cayman-s-at-kopirovat-2\/\",\"url\":\"https:\/\/www.legendyuvas.cz\/de\/produkt\/porsche-718-cayman-s-at-kopirovat-2\/\",\"name\":\"Porsche 718 Cayman S (AT) (Kop\u00edrovat) - Legendy U V\u00e1s\",\"isPartOf\":{\"@id\":\"https:\/\/www.legendyuvas.cz\/#website\"},\"primaryImageOfPage\":{\"@id\":\"https:\/\/www.legendyuvas.cz\/de\/produkt\/porsche-718-cayman-s-at-kopirovat-2\/#primaryimage\"},\"image\":{\"@id\":\"https:\/\/www.legendyuvas.cz\/de\/produkt\/porsche-718-cayman-s-at-kopirovat-2\/#primaryimage\"},\"thumbnailUrl\":\"https:\/\/www.legendyuvas.cz\/wp-content\/uploads\/2026\/03\/1.jpg\",\"datePublished\":\"2025-11-26T10:44:02+00:00\",\"dateModified\":\"2026-03-02T14:15:29+00:00\",\"description\":\"Adrenalin-Erlebnis mit Legends U V\u00e1s - ein originelles Geschenk nicht nur f\u00fcr M\u00e4nner und Autoliebhaber. Fahren in Sportwagen (Ferrari, Lamborghini, Porsche, ...) auf der Rennstrecke und Landstra\u00dfe.\",\"breadcrumb\":{\"@id\":\"https:\/\/www.legendyuvas.cz\/de\/produkt\/porsche-718-cayman-s-at-kopirovat-2\/#breadcrumb\"},\"inLanguage\":\"de\",\"potentialAction\":[{\"@type\":\"ReadAction\",\"target\":[\"https:\/\/www.legendyuvas.cz\/de\/produkt\/porsche-718-cayman-s-at-kopirovat-2\/\"]}]},{\"@type\":\"ImageObject\",\"inLanguage\":\"de\",\"@id\":\"https:\/\/www.legendyuvas.cz\/de\/produkt\/porsche-718-cayman-s-at-kopirovat-2\/#primaryimage\",\"url\":\"https:\/\/www.legendyuvas.cz\/wp-content\/uploads\/2026\/03\/1.jpg\",\"contentUrl\":\"https:\/\/www.legendyuvas.cz\/wp-content\/uploads\/2026\/03\/1.jpg\",\"width\":1920,\"height\":1080},{\"@type\":\"BreadcrumbList\",\"@id\":\"https:\/\/www.legendyuvas.cz\/de\/produkt\/porsche-718-cayman-s-at-kopirovat-2\/#breadcrumb\",\"itemListElement\":[{\"@type\":\"ListItem\",\"position\":1,\"name\":\"Dom\u016f\",\"item\":\"https:\/\/www.legendyuvas.cz\/\"},{\"@type\":\"ListItem\",\"position\":2,\"name\":\"Shop\",\"item\":\"https:\/\/www.legendyuvas.cz\/de\/shop\/\"},{\"@type\":\"ListItem\",\"position\":3,\"name\":\"Porsche 718 Cayman S (AT) (Kop\u00edrovat)\"}]},{\"@type\":\"WebSite\",\"@id\":\"https:\/\/www.legendyuvas.cz\/#website\",\"url\":\"https:\/\/www.legendyuvas.cz\/\",\"name\":\"Legendy U V\u00e1s\",\"description\":\"Dechberouc\u00ed z\u00e1\u017eitky v autech a motork\u00e1ch\",\"publisher\":{\"@id\":\"https:\/\/www.legendyuvas.cz\/#organization\"},\"potentialAction\":[{\"@type\":\"SearchAction\",\"target\":{\"@type\":\"EntryPoint\",\"urlTemplate\":\"https:\/\/www.legendyuvas.cz\/?s={search_term_string}\"},\"query-input\":{\"@type\":\"PropertyValueSpecification\",\"valueRequired\":true,\"valueName\":\"search_term_string\"}}],\"inLanguage\":\"de\"},{\"@type\":\"Organization\",\"@id\":\"https:\/\/www.legendyuvas.cz\/#organization\",\"name\":\"Bontex2 s.r.o.\",\"url\":\"https:\/\/www.legendyuvas.cz\/\",\"logo\":{\"@type\":\"ImageObject\",\"inLanguage\":\"de\",\"@id\":\"https:\/\/www.legendyuvas.cz\/#\/schema\/logo\/image\/\",\"url\":\"https:\/\/www.legendyuvas.cz\/wp-content\/uploads\/2021\/03\/Legendy-u-Vas.jpg\",\"contentUrl\":\"https:\/\/www.legendyuvas.cz\/wp-content\/uploads\/2021\/03\/Legendy-u-Vas.jpg\",\"width\":400,\"height\":240,\"caption\":\"Bontex2 s.r.o.\"},\"image\":{\"@id\":\"https:\/\/www.legendyuvas.cz\/#\/schema\/logo\/image\/\"},\"sameAs\":[\"https:\/\/www.facebook.com\/autolegendyuvas\",\"https:\/\/www.facebook.com\/motolegendyuvas\",\"https:\/\/www.instagram.com\/autolegendyuvas\/\",\"https:\/\/www.instagram.com\/motolegendyuvas\/\"]}]}<\/script>\n<!-- \/ Yoast SEO plugin. -->","yoast_head_json":{"title":"Porsche 718 Cayman S (AT) (Kop\u00edrovat) - Legendy U V\u00e1s","description":"Adrenalin-Erlebnis mit Legends U V\u00e1s - ein originelles Geschenk nicht nur f\u00fcr M\u00e4nner und Autoliebhaber. Fahren in Sportwagen (Ferrari, Lamborghini, Porsche, ...) auf der Rennstrecke und Landstra\u00dfe.","robots":{"index":"index","follow":"follow","max-snippet":"max-snippet:-1","max-image-preview":"max-image-preview:large","max-video-preview":"max-video-preview:-1"},"canonical":"https:\/\/www.legendyuvas.cz\/de\/produkt\/porsche-718-cayman-s-at-kopirovat-2\/","og_locale":"de_DE","og_type":"article","og_title":"Porsche 718 Cayman S (AT) (Kop\u00edrovat) - Legendy U V\u00e1s","og_description":"Adrenalin-Erlebnis mit Legends U V\u00e1s - ein originelles Geschenk nicht nur f\u00fcr M\u00e4nner und Autoliebhaber. Fahren in Sportwagen (Ferrari, Lamborghini, Porsche, ...) auf der Rennstrecke und Landstra\u00dfe.","og_url":"https:\/\/www.legendyuvas.cz\/de\/produkt\/porsche-718-cayman-s-at-kopirovat-2\/","og_site_name":"Legendy U V\u00e1s","article_publisher":"https:\/\/www.facebook.com\/autolegendyuvas","article_modified_time":"2026-03-02T14:15:29+00:00","og_image":[{"width":1920,"height":1080,"url":"https:\/\/www.legendyuvas.cz\/wp-content\/uploads\/2026\/03\/1.jpg","type":"image\/jpeg"}],"twitter_card":"summary_large_image","twitter_misc":{"Gesch\u00e4tzte Lesezeit":"1\u00a0Minute"},"schema":{"@context":"https:\/\/schema.org","@graph":[{"@type":"WebPage","@id":"https:\/\/www.legendyuvas.cz\/de\/produkt\/porsche-718-cayman-s-at-kopirovat-2\/","url":"https:\/\/www.legendyuvas.cz\/de\/produkt\/porsche-718-cayman-s-at-kopirovat-2\/","name":"Porsche 718 Cayman S (AT) (Kop\u00edrovat) - Legendy U V\u00e1s","isPartOf":{"@id":"https:\/\/www.legendyuvas.cz\/#website"},"primaryImageOfPage":{"@id":"https:\/\/www.legendyuvas.cz\/de\/produkt\/porsche-718-cayman-s-at-kopirovat-2\/#primaryimage"},"image":{"@id":"https:\/\/www.legendyuvas.cz\/de\/produkt\/porsche-718-cayman-s-at-kopirovat-2\/#primaryimage"},"thumbnailUrl":"https:\/\/www.legendyuvas.cz\/wp-content\/uploads\/2026\/03\/1.jpg","datePublished":"2025-11-26T10:44:02+00:00","dateModified":"2026-03-02T14:15:29+00:00","description":"Adrenalin-Erlebnis mit Legends U V\u00e1s - ein originelles Geschenk nicht nur f\u00fcr M\u00e4nner und Autoliebhaber. Fahren in Sportwagen (Ferrari, Lamborghini, Porsche, ...) auf der Rennstrecke und Landstra\u00dfe.","breadcrumb":{"@id":"https:\/\/www.legendyuvas.cz\/de\/produkt\/porsche-718-cayman-s-at-kopirovat-2\/#breadcrumb"},"inLanguage":"de","potentialAction":[{"@type":"ReadAction","target":["https:\/\/www.legendyuvas.cz\/de\/produkt\/porsche-718-cayman-s-at-kopirovat-2\/"]}]},{"@type":"ImageObject","inLanguage":"de","@id":"https:\/\/www.legendyuvas.cz\/de\/produkt\/porsche-718-cayman-s-at-kopirovat-2\/#primaryimage","url":"https:\/\/www.legendyuvas.cz\/wp-content\/uploads\/2026\/03\/1.jpg","contentUrl":"https:\/\/www.legendyuvas.cz\/wp-content\/uploads\/2026\/03\/1.jpg","width":1920,"height":1080},{"@type":"BreadcrumbList","@id":"https:\/\/www.legendyuvas.cz\/de\/produkt\/porsche-718-cayman-s-at-kopirovat-2\/#breadcrumb","itemListElement":[{"@type":"ListItem","position":1,"name":"Dom\u016f","item":"https:\/\/www.legendyuvas.cz\/"},{"@type":"ListItem","position":2,"name":"Shop","item":"https:\/\/www.legendyuvas.cz\/de\/shop\/"},{"@type":"ListItem","position":3,"name":"Porsche 718 Cayman S (AT) (Kop\u00edrovat)"}]},{"@type":"WebSite","@id":"https:\/\/www.legendyuvas.cz\/#website","url":"https:\/\/www.legendyuvas.cz\/","name":"Legendy U V\u00e1s","description":"Dechberouc\u00ed z\u00e1\u017eitky v autech a motork\u00e1ch","publisher":{"@id":"https:\/\/www.legendyuvas.cz\/#organization"},"potentialAction":[{"@type":"SearchAction","target":{"@type":"EntryPoint","urlTemplate":"https:\/\/www.legendyuvas.cz\/?s={search_term_string}"},"query-input":{"@type":"PropertyValueSpecification","valueRequired":true,"valueName":"search_term_string"}}],"inLanguage":"de"},{"@type":"Organization","@id":"https:\/\/www.legendyuvas.cz\/#organization","name":"Bontex2 s.r.o.","url":"https:\/\/www.legendyuvas.cz\/","logo":{"@type":"ImageObject","inLanguage":"de","@id":"https:\/\/www.legendyuvas.cz\/#\/schema\/logo\/image\/","url":"https:\/\/www.legendyuvas.cz\/wp-content\/uploads\/2021\/03\/Legendy-u-Vas.jpg","contentUrl":"https:\/\/www.legendyuvas.cz\/wp-content\/uploads\/2021\/03\/Legendy-u-Vas.jpg","width":400,"height":240,"caption":"Bontex2 s.r.o."},"image":{"@id":"https:\/\/www.legendyuvas.cz\/#\/schema\/logo\/image\/"},"sameAs":["https:\/\/www.facebook.com\/autolegendyuvas","https:\/\/www.facebook.com\/motolegendyuvas","https:\/\/www.instagram.com\/autolegendyuvas\/","https:\/\/www.instagram.com\/motolegendyuvas\/"]}]}},"_links":{"self":[{"href":"https:\/\/www.legendyuvas.cz\/de\/wp-json\/wp\/v2\/product\/67436","targetHints":{"allow":["GET"]}}],"collection":[{"href":"https:\/\/www.legendyuvas.cz\/de\/wp-json\/wp\/v2\/product"}],"about":[{"href":"https:\/\/www.legendyuvas.cz\/de\/wp-json\/wp\/v2\/types\/product"}],"replies":[{"embeddable":true,"href":"https:\/\/www.legendyuvas.cz\/de\/wp-json\/wp\/v2\/comments?post=67436"}],"version-history":[{"count":1,"href":"https:\/\/www.legendyuvas.cz\/de\/wp-json\/wp\/v2\/product\/67436\/revisions"}],"predecessor-version":[{"id":68294,"href":"https:\/\/www.legendyuvas.cz\/de\/wp-json\/wp\/v2\/product\/67436\/revisions\/68294"}],"wp:featuredmedia":[{"embeddable":true,"href":"https:\/\/www.legendyuvas.cz\/de\/wp-json\/wp\/v2\/media\/67747"}],"wp:attachment":[{"href":"https:\/\/www.legendyuvas.cz\/de\/wp-json\/wp\/v2\/media?parent=67436"}],"wp:term":[{"taxonomy":"product_brand","embeddable":true,"href":"https:\/\/www.legendyuvas.cz\/de\/wp-json\/wp\/v2\/product_brand?post=67436"},{"taxonomy":"product_cat","embeddable":true,"href":"https:\/\/www.legendyuvas.cz\/de\/wp-json\/wp\/v2\/product_cat?post=67436"},{"taxonomy":"product_tag","embeddable":true,"href":"https:\/\/www.legendyuvas.cz\/de\/wp-json\/wp\/v2\/product_tag?post=67436"}],"curies":[{"name":"wp","href":"https:\/\/api.w.org\/{rel}","templated":true}]}}