{"id":31847,"date":"2024-07-08T11:41:36","date_gmt":"2024-07-08T11:41:36","guid":{"rendered":"https:\/\/www.legendyuvas.cz\/career\/"},"modified":"2025-11-13T13:09:14","modified_gmt":"2025-11-13T13:09:14","slug":"career","status":"publish","type":"page","link":"https:\/\/www.legendyuvas.cz\/en\/career\/","title":{"rendered":"Career"},"content":{"rendered":"\t\t<div data-elementor-type=\"wp-page\" data-elementor-id=\"31847\" class=\"elementor elementor-31847 elementor-10161\" data-elementor-post-type=\"page\">\n\t\t\t\t\t\t<section class=\"elementor-section elementor-top-section elementor-element elementor-element-475dd13a elementor-section-height-min-height elementor-section-boxed elementor-section-height-default elementor-section-items-middle\" data-id=\"475dd13a\" data-element_type=\"section\" data-settings=\"{&quot;background_background&quot;:&quot;slideshow&quot;,&quot;background_slideshow_gallery&quot;:[{&quot;id&quot;:10164,&quot;url&quot;:&quot;https:\\\/\\\/www.legendyuvas.cz\\\/wp-content\\\/uploads\\\/2024\\\/07\\\/InShot_20231224_111623205-scaled.jpg&quot;}],&quot;background_slideshow_loop&quot;:&quot;yes&quot;,&quot;background_slideshow_slide_duration&quot;:5000,&quot;background_slideshow_slide_transition&quot;:&quot;fade&quot;,&quot;background_slideshow_transition_duration&quot;:500}\">\n\t\t\t\t\t\t\t<div class=\"elementor-background-overlay\"><\/div>\n\t\t\t\t\t\t\t<div class=\"elementor-container elementor-column-gap-default\">\n\t\t\t\t\t<div class=\"elementor-column elementor-col-100 elementor-top-column elementor-element elementor-element-675f6215\" data-id=\"675f6215\" data-element_type=\"column\">\n\t\t\t<div class=\"elementor-widget-wrap elementor-element-populated\">\n\t\t\t\t\t\t<div class=\"elementor-element elementor-element-77edfb4a elementor-widget elementor-widget-spacer\" data-id=\"77edfb4a\" data-element_type=\"widget\" data-widget_type=\"spacer.default\">\n\t\t\t\t<div class=\"elementor-widget-container\">\n\t\t\t\t\t\t\t<div class=\"elementor-spacer\">\n\t\t\t<div class=\"elementor-spacer-inner\"><\/div>\n\t\t<\/div>\n\t\t\t\t\t\t<\/div>\n\t\t\t\t<\/div>\n\t\t\t\t<div class=\"elementor-element elementor-element-7ce8a1b2 elementor-widget elementor-widget-heading\" data-id=\"7ce8a1b2\" data-element_type=\"widget\" data-widget_type=\"heading.default\">\n\t\t\t\t<div class=\"elementor-widget-container\">\n\t\t\t\t\t<h1 class=\"elementor-heading-title elementor-size-default\">CAREER<\/h1>\t\t\t\t<\/div>\n\t\t\t\t<\/div>\n\t\t\t\t\t<\/div>\n\t\t<\/div>\n\t\t\t\t\t<\/div>\n\t\t<\/section>\n\t\t\t\t<section class=\"elementor-section elementor-top-section elementor-element elementor-element-72bef0b2 elementor-section-boxed elementor-section-height-default elementor-section-height-default\" data-id=\"72bef0b2\" data-element_type=\"section\">\n\t\t\t\t\t\t<div class=\"elementor-container elementor-column-gap-default\">\n\t\t\t\t\t<div class=\"elementor-column elementor-col-100 elementor-top-column elementor-element elementor-element-5dfeb77f\" data-id=\"5dfeb77f\" data-element_type=\"column\">\n\t\t\t<div class=\"elementor-widget-wrap elementor-element-populated\">\n\t\t\t\t\t\t<div class=\"elementor-element elementor-element-20757c5 elementor-headline--style-highlight elementor-widget elementor-widget-animated-headline\" data-id=\"20757c5\" data-element_type=\"widget\" data-settings=\"{&quot;marker&quot;:&quot;underline_zigzag&quot;,&quot;highlighted_text&quot;:&quot;US&quot;,&quot;headline_style&quot;:&quot;highlight&quot;,&quot;highlight_animation_duration&quot;:1200}\" data-widget_type=\"animated-headline.default\">\n\t\t\t\t<div class=\"elementor-widget-container\">\n\t\t\t\t\t\t\t<h2 class=\"elementor-headline\">\n\t\t\t\t\t<span class=\"elementor-headline-plain-text elementor-headline-text-wrapper\">BECOME ONE OF<\/span>\n\t\t\t\t<span class=\"elementor-headline-dynamic-wrapper elementor-headline-text-wrapper\">\n\t\t\t\t\t<span class=\"elementor-headline-dynamic-text elementor-headline-text-active\">US<\/span>\n\t\t\t\t<\/span>\n\t\t\t\t<\/h2>\n\t\t\t\t\t\t<\/div>\n\t\t\t\t<\/div>\n\t\t\t\t<div class=\"elementor-element elementor-element-600eff5 elementor-widget elementor-widget-button\" data-id=\"600eff5\" data-element_type=\"widget\" data-widget_type=\"button.default\">\n\t\t\t\t<div class=\"elementor-widget-container\">\n\t\t\t\t\t\t\t\t\t<div class=\"elementor-button-wrapper\">\n\t\t\t\t\t<a class=\"elementor-button elementor-button-link elementor-size-sm\" href=\"https:\/\/www.legendyuvas.cz\/en\/career\/marketing\/\">\n\t\t\t\t\t\t<span class=\"elementor-button-content-wrapper\">\n\t\t\t\t\t\t\t\t\t<span class=\"elementor-button-text\">Creative Social Media Coordinator<\/span>\n\t\t\t\t\t<\/span>\n\t\t\t\t\t<\/a>\n\t\t\t\t<\/div>\n\t\t\t\t\t\t\t\t<\/div>\n\t\t\t\t<\/div>\n\t\t\t\t<div class=\"elementor-element elementor-element-23d4d4f elementor-hidden-desktop elementor-hidden-tablet elementor-hidden-mobile elementor-widget elementor-widget-button\" data-id=\"23d4d4f\" data-element_type=\"widget\" data-widget_type=\"button.default\">\n\t\t\t\t<div class=\"elementor-widget-container\">\n\t\t\t\t\t\t\t\t\t<div class=\"elementor-button-wrapper\">\n\t\t\t\t\t<a class=\"elementor-button elementor-button-link elementor-size-sm\" href=\"https:\/\/www.legendyuvas.cz\/en\/career\/production-coordinator\/\">\n\t\t\t\t\t\t<span class=\"elementor-button-content-wrapper\">\n\t\t\t\t\t\t\t\t\t<span class=\"elementor-button-text\">Production Coordinator<\/span>\n\t\t\t\t\t<\/span>\n\t\t\t\t\t<\/a>\n\t\t\t\t<\/div>\n\t\t\t\t\t\t\t\t<\/div>\n\t\t\t\t<\/div>\n\t\t\t\t<div class=\"elementor-element elementor-element-b6b9aa0 elementor-hidden-desktop elementor-hidden-tablet elementor-hidden-mobile elementor-widget elementor-widget-button\" data-id=\"b6b9aa0\" data-element_type=\"widget\" data-widget_type=\"button.default\">\n\t\t\t\t<div class=\"elementor-widget-container\">\n\t\t\t\t\t\t\t\t\t<div class=\"elementor-button-wrapper\">\n\t\t\t\t\t<a class=\"elementor-button elementor-button-link elementor-size-sm\" href=\"https:\/\/www.legendyuvas.cz\/en\/career\/back-office\/\">\n\t\t\t\t\t\t<span class=\"elementor-button-content-wrapper\">\n\t\t\t\t\t\t\t\t\t<span class=\"elementor-button-text\">Administrative Assistant - Back Office<\/span>\n\t\t\t\t\t<\/span>\n\t\t\t\t\t<\/a>\n\t\t\t\t<\/div>\n\t\t\t\t\t\t\t\t<\/div>\n\t\t\t\t<\/div>\n\t\t\t\t<div class=\"elementor-element elementor-element-90ad86b elementor-widget elementor-widget-button\" data-id=\"90ad86b\" data-element_type=\"widget\" data-widget_type=\"button.default\">\n\t\t\t\t<div class=\"elementor-widget-container\">\n\t\t\t\t\t\t\t\t\t<div class=\"elementor-button-wrapper\">\n\t\t\t\t\t<a class=\"elementor-button elementor-button-link elementor-size-sm\" href=\"https:\/\/www.legendyuvas.cz\/en\/career\/intern\/\">\n\t\t\t\t\t\t<span class=\"elementor-button-content-wrapper\">\n\t\t\t\t\t\t\t\t\t<span class=\"elementor-button-text\">Intern Legendy u V\u00e1s <\/span>\n\t\t\t\t\t<\/span>\n\t\t\t\t\t<\/a>\n\t\t\t\t<\/div>\n\t\t\t\t\t\t\t\t<\/div>\n\t\t\t\t<\/div>\n\t\t\t\t<div class=\"elementor-element elementor-element-c69a6ef elementor-widget elementor-widget-button\" data-id=\"c69a6ef\" data-element_type=\"widget\" data-widget_type=\"button.default\">\n\t\t\t\t<div class=\"elementor-widget-container\">\n\t\t\t\t\t\t\t\t\t<div class=\"elementor-button-wrapper\">\n\t\t\t\t\t<a class=\"elementor-button elementor-button-link elementor-size-sm\" href=\"https:\/\/www.legendyuvas.cz\/en\/career\/mechanic\/\">\n\t\t\t\t\t\t<span class=\"elementor-button-content-wrapper\">\n\t\t\t\t\t\t\t\t\t<span class=\"elementor-button-text\">Car and Motorcycle Mechanic<\/span>\n\t\t\t\t\t<\/span>\n\t\t\t\t\t<\/a>\n\t\t\t\t<\/div>\n\t\t\t\t\t\t\t\t<\/div>\n\t\t\t\t<\/div>\n\t\t\t\t<div class=\"elementor-element elementor-element-f4dfb20 elementor-widget-divider--view-line elementor-widget elementor-widget-divider\" data-id=\"f4dfb20\" data-element_type=\"widget\" data-widget_type=\"divider.default\">\n\t\t\t\t<div class=\"elementor-widget-container\">\n\t\t\t\t\t\t\t<div class=\"elementor-divider\">\n\t\t\t<span class=\"elementor-divider-separator\">\n\t\t\t\t\t\t<\/span>\n\t\t<\/div>\n\t\t\t\t\t\t<\/div>\n\t\t\t\t<\/div>\n\t\t\t\t\t<\/div>\n\t\t<\/div>\n\t\t\t\t\t<\/div>\n\t\t<\/section>\n\t\t\t\t<\/div>\n\t\t","protected":false},"excerpt":{"rendered":"<p>CAREER BECOME ONE OF US Creative Social Media Coordinator Production Coordinator Administrative Assistant &#8211; Back Office Intern Legendy u V\u00e1s Car and Motorcycle Mechanic<\/p>\n","protected":false},"author":3,"featured_media":20477,"parent":0,"menu_order":0,"comment_status":"closed","ping_status":"closed","template":"elementor_header_footer","meta":{"footnotes":""},"class_list":["post-31847","page","type-page","status-publish","has-post-thumbnail","hentry"],"yoast_head":"<!-- This site is optimized with the Yoast SEO plugin v24.8.1 - https:\/\/yoast.com\/wordpress\/plugins\/seo\/ -->\n<title>Career - Legendy U V\u00e1s<\/title>\n<meta name=\"description\" content=\"Love driving and want to test your skills at the real limits? Whether you drive a sedan or a sports car, you need to experience our trackday!\" \/>\n<meta name=\"robots\" content=\"index, follow, max-snippet:-1, max-image-preview:large, max-video-preview:-1\" \/>\n<link rel=\"canonical\" href=\"https:\/\/www.legendyuvas.cz\/kariera\/\" \/>\n<meta property=\"og:locale\" content=\"en_US\" \/>\n<meta property=\"og:type\" content=\"article\" \/>\n<meta property=\"og:title\" content=\"Career - Legendy U V\u00e1s\" \/>\n<meta property=\"og:description\" content=\"Love driving and want to test your skills at the real limits? Whether you drive a sports sedan, hatchback or have a sports car, you need to experience our trackday! Don&#039;t hesitate, come and push your limits and experience an unforgettable day.\" \/>\n<meta property=\"og:url\" content=\"https:\/\/www.legendyuvas.cz\/kariera\/\" \/>\n<meta property=\"og:site_name\" content=\"Legendy U V\u00e1s\" \/>\n<meta property=\"article:publisher\" content=\"https:\/\/www.facebook.com\/autolegendyuvas\" \/>\n<meta property=\"article:modified_time\" content=\"2025-11-13T13:09:14+00:00\" \/>\n<meta property=\"og:image\" content=\"https:\/\/www.legendyuvas.cz\/wp-content\/uploads\/2023\/06\/C5D_7925-1-min-1024x683.jpg\" \/>\n<meta name=\"twitter:card\" content=\"summary_large_image\" \/>\n<script type=\"application\/ld+json\" class=\"yoast-schema-graph\">{\"@context\":\"https:\/\/schema.org\",\"@graph\":[{\"@type\":\"WebPage\",\"@id\":\"https:\/\/www.legendyuvas.cz\/kariera\/\",\"url\":\"https:\/\/www.legendyuvas.cz\/kariera\/\",\"name\":\"Career - Legendy U V\u00e1s\",\"isPartOf\":{\"@id\":\"https:\/\/www.legendyuvas.cz\/#website\"},\"primaryImageOfPage\":{\"@id\":\"https:\/\/www.legendyuvas.cz\/kariera\/#primaryimage\"},\"image\":{\"@id\":\"https:\/\/www.legendyuvas.cz\/kariera\/#primaryimage\"},\"thumbnailUrl\":\"https:\/\/www.legendyuvas.cz\/wp-content\/uploads\/2023\/06\/C5D_7925-1-min-scaled.jpg\",\"datePublished\":\"2024-07-08T11:41:36+00:00\",\"dateModified\":\"2025-11-13T13:09:14+00:00\",\"description\":\"Love driving and want to test your skills at the real limits? Whether you drive a sedan or a sports car, you need to experience our trackday!\",\"breadcrumb\":{\"@id\":\"https:\/\/www.legendyuvas.cz\/kariera\/#breadcrumb\"},\"inLanguage\":\"en-US\",\"potentialAction\":[{\"@type\":\"ReadAction\",\"target\":[\"https:\/\/www.legendyuvas.cz\/kariera\/\"]}]},{\"@type\":\"ImageObject\",\"inLanguage\":\"en-US\",\"@id\":\"https:\/\/www.legendyuvas.cz\/kariera\/#primaryimage\",\"url\":\"https:\/\/www.legendyuvas.cz\/wp-content\/uploads\/2023\/06\/C5D_7925-1-min-scaled.jpg\",\"contentUrl\":\"https:\/\/www.legendyuvas.cz\/wp-content\/uploads\/2023\/06\/C5D_7925-1-min-scaled.jpg\",\"width\":2560,\"height\":1707},{\"@type\":\"BreadcrumbList\",\"@id\":\"https:\/\/www.legendyuvas.cz\/kariera\/#breadcrumb\",\"itemListElement\":[{\"@type\":\"ListItem\",\"position\":1,\"name\":\"Dom\u016f\",\"item\":\"https:\/\/www.legendyuvas.cz\/\"},{\"@type\":\"ListItem\",\"position\":2,\"name\":\"Career\"}]},{\"@type\":\"WebSite\",\"@id\":\"https:\/\/www.legendyuvas.cz\/#website\",\"url\":\"https:\/\/www.legendyuvas.cz\/\",\"name\":\"Legendy U V\u00e1s\",\"description\":\"Dechberouc\u00ed z\u00e1\u017eitky v autech a motork\u00e1ch\",\"publisher\":{\"@id\":\"https:\/\/www.legendyuvas.cz\/#organization\"},\"potentialAction\":[{\"@type\":\"SearchAction\",\"target\":{\"@type\":\"EntryPoint\",\"urlTemplate\":\"https:\/\/www.legendyuvas.cz\/?s={search_term_string}\"},\"query-input\":{\"@type\":\"PropertyValueSpecification\",\"valueRequired\":true,\"valueName\":\"search_term_string\"}}],\"inLanguage\":\"en-US\"},{\"@type\":\"Organization\",\"@id\":\"https:\/\/www.legendyuvas.cz\/#organization\",\"name\":\"Bontex2 s.r.o.\",\"url\":\"https:\/\/www.legendyuvas.cz\/\",\"logo\":{\"@type\":\"ImageObject\",\"inLanguage\":\"en-US\",\"@id\":\"https:\/\/www.legendyuvas.cz\/#\/schema\/logo\/image\/\",\"url\":\"https:\/\/www.legendyuvas.cz\/wp-content\/uploads\/2021\/03\/Legendy-u-Vas.jpg\",\"contentUrl\":\"https:\/\/www.legendyuvas.cz\/wp-content\/uploads\/2021\/03\/Legendy-u-Vas.jpg\",\"width\":400,\"height\":240,\"caption\":\"Bontex2 s.r.o.\"},\"image\":{\"@id\":\"https:\/\/www.legendyuvas.cz\/#\/schema\/logo\/image\/\"},\"sameAs\":[\"https:\/\/www.facebook.com\/autolegendyuvas\",\"https:\/\/www.facebook.com\/motolegendyuvas\",\"https:\/\/www.instagram.com\/autolegendyuvas\/\",\"https:\/\/www.instagram.com\/motolegendyuvas\/\"]}]}<\/script>\n<!-- \/ Yoast SEO plugin. -->","yoast_head_json":{"title":"Career - Legendy U V\u00e1s","description":"Love driving and want to test your skills at the real limits? Whether you drive a sedan or a sports car, you need to experience our trackday!","robots":{"index":"index","follow":"follow","max-snippet":"max-snippet:-1","max-image-preview":"max-image-preview:large","max-video-preview":"max-video-preview:-1"},"canonical":"https:\/\/www.legendyuvas.cz\/kariera\/","og_locale":"en_US","og_type":"article","og_title":"Career - Legendy U V\u00e1s","og_description":"Love driving and want to test your skills at the real limits? Whether you drive a sports sedan, hatchback or have a sports car, you need to experience our trackday! Don't hesitate, come and push your limits and experience an unforgettable day.","og_url":"https:\/\/www.legendyuvas.cz\/kariera\/","og_site_name":"Legendy U V\u00e1s","article_publisher":"https:\/\/www.facebook.com\/autolegendyuvas","article_modified_time":"2025-11-13T13:09:14+00:00","og_image":[{"url":"https:\/\/www.legendyuvas.cz\/wp-content\/uploads\/2023\/06\/C5D_7925-1-min-1024x683.jpg","type":"","width":"","height":""}],"twitter_card":"summary_large_image","schema":{"@context":"https:\/\/schema.org","@graph":[{"@type":"WebPage","@id":"https:\/\/www.legendyuvas.cz\/kariera\/","url":"https:\/\/www.legendyuvas.cz\/kariera\/","name":"Career - Legendy U V\u00e1s","isPartOf":{"@id":"https:\/\/www.legendyuvas.cz\/#website"},"primaryImageOfPage":{"@id":"https:\/\/www.legendyuvas.cz\/kariera\/#primaryimage"},"image":{"@id":"https:\/\/www.legendyuvas.cz\/kariera\/#primaryimage"},"thumbnailUrl":"https:\/\/www.legendyuvas.cz\/wp-content\/uploads\/2023\/06\/C5D_7925-1-min-scaled.jpg","datePublished":"2024-07-08T11:41:36+00:00","dateModified":"2025-11-13T13:09:14+00:00","description":"Love driving and want to test your skills at the real limits? Whether you drive a sedan or a sports car, you need to experience our trackday!","breadcrumb":{"@id":"https:\/\/www.legendyuvas.cz\/kariera\/#breadcrumb"},"inLanguage":"en-US","potentialAction":[{"@type":"ReadAction","target":["https:\/\/www.legendyuvas.cz\/kariera\/"]}]},{"@type":"ImageObject","inLanguage":"en-US","@id":"https:\/\/www.legendyuvas.cz\/kariera\/#primaryimage","url":"https:\/\/www.legendyuvas.cz\/wp-content\/uploads\/2023\/06\/C5D_7925-1-min-scaled.jpg","contentUrl":"https:\/\/www.legendyuvas.cz\/wp-content\/uploads\/2023\/06\/C5D_7925-1-min-scaled.jpg","width":2560,"height":1707},{"@type":"BreadcrumbList","@id":"https:\/\/www.legendyuvas.cz\/kariera\/#breadcrumb","itemListElement":[{"@type":"ListItem","position":1,"name":"Dom\u016f","item":"https:\/\/www.legendyuvas.cz\/"},{"@type":"ListItem","position":2,"name":"Career"}]},{"@type":"WebSite","@id":"https:\/\/www.legendyuvas.cz\/#website","url":"https:\/\/www.legendyuvas.cz\/","name":"Legendy U V\u00e1s","description":"Dechberouc\u00ed z\u00e1\u017eitky v autech a motork\u00e1ch","publisher":{"@id":"https:\/\/www.legendyuvas.cz\/#organization"},"potentialAction":[{"@type":"SearchAction","target":{"@type":"EntryPoint","urlTemplate":"https:\/\/www.legendyuvas.cz\/?s={search_term_string}"},"query-input":{"@type":"PropertyValueSpecification","valueRequired":true,"valueName":"search_term_string"}}],"inLanguage":"en-US"},{"@type":"Organization","@id":"https:\/\/www.legendyuvas.cz\/#organization","name":"Bontex2 s.r.o.","url":"https:\/\/www.legendyuvas.cz\/","logo":{"@type":"ImageObject","inLanguage":"en-US","@id":"https:\/\/www.legendyuvas.cz\/#\/schema\/logo\/image\/","url":"https:\/\/www.legendyuvas.cz\/wp-content\/uploads\/2021\/03\/Legendy-u-Vas.jpg","contentUrl":"https:\/\/www.legendyuvas.cz\/wp-content\/uploads\/2021\/03\/Legendy-u-Vas.jpg","width":400,"height":240,"caption":"Bontex2 s.r.o."},"image":{"@id":"https:\/\/www.legendyuvas.cz\/#\/schema\/logo\/image\/"},"sameAs":["https:\/\/www.facebook.com\/autolegendyuvas","https:\/\/www.facebook.com\/motolegendyuvas","https:\/\/www.instagram.com\/autolegendyuvas\/","https:\/\/www.instagram.com\/motolegendyuvas\/"]}]}},"_links":{"self":[{"href":"https:\/\/www.legendyuvas.cz\/en\/wp-json\/wp\/v2\/pages\/31847","targetHints":{"allow":["GET"]}}],"collection":[{"href":"https:\/\/www.legendyuvas.cz\/en\/wp-json\/wp\/v2\/pages"}],"about":[{"href":"https:\/\/www.legendyuvas.cz\/en\/wp-json\/wp\/v2\/types\/page"}],"author":[{"embeddable":true,"href":"https:\/\/www.legendyuvas.cz\/en\/wp-json\/wp\/v2\/users\/3"}],"replies":[{"embeddable":true,"href":"https:\/\/www.legendyuvas.cz\/en\/wp-json\/wp\/v2\/comments?post=31847"}],"version-history":[{"count":9,"href":"https:\/\/www.legendyuvas.cz\/en\/wp-json\/wp\/v2\/pages\/31847\/revisions"}],"predecessor-version":[{"id":33795,"href":"https:\/\/www.legendyuvas.cz\/en\/wp-json\/wp\/v2\/pages\/31847\/revisions\/33795"}],"wp:featuredmedia":[{"embeddable":true,"href":"https:\/\/www.legendyuvas.cz\/en\/wp-json\/wp\/v2\/media\/20477"}],"wp:attachment":[{"href":"https:\/\/www.legendyuvas.cz\/en\/wp-json\/wp\/v2\/media?parent=31847"}],"curies":[{"name":"wp","href":"https:\/\/api.w.org\/{rel}","templated":true}]}}