{"id":32532,"date":"2025-01-15T12:52:13","date_gmt":"2025-01-15T12:52:13","guid":{"rendered":"https:\/\/www.legendyuvas.cz\/general-terms-and-conditions-of-registration-at-trackdays\/"},"modified":"2025-11-09T13:24:52","modified_gmt":"2025-11-09T13:24:52","slug":"general-terms-and-conditions-of-registration-at-trackdays","status":"publish","type":"page","link":"https:\/\/www.legendyuvas.cz\/en\/general-terms-and-conditions-of-registration-at-trackdays\/","title":{"rendered":"General terms and conditions of registration at trackdays"},"content":{"rendered":"\t\t<div data-elementor-type=\"wp-page\" data-elementor-id=\"32532\" class=\"elementor elementor-32532 elementor-15180\" data-elementor-post-type=\"page\">\n\t\t\t\t\t\t<section class=\"elementor-section elementor-top-section elementor-element elementor-element-1d333d1f elementor-section-boxed elementor-section-height-default elementor-section-height-default\" data-id=\"1d333d1f\" data-element_type=\"section\">\n\t\t\t\t\t\t<div class=\"elementor-container elementor-column-gap-default\">\n\t\t\t\t\t<div class=\"elementor-column elementor-col-100 elementor-top-column elementor-element elementor-element-2270f0df\" data-id=\"2270f0df\" data-element_type=\"column\">\n\t\t\t<div class=\"elementor-widget-wrap elementor-element-populated\">\n\t\t\t\t\t\t<div class=\"elementor-element elementor-element-4e6de45c elementor-widget elementor-widget-text-editor\" data-id=\"4e6de45c\" data-element_type=\"widget\" data-widget_type=\"text-editor.default\">\n\t\t\t\t<div class=\"elementor-widget-container\">\n\t\t\t\t\t\t\t\t\t<p><span style=\"font-family: Segoe UI, serif;\"><b>GENERAL REGISTRATION TERMS FOR TRACKDAYS<\/b><\/span><\/p> <p><span style=\"font-family: Segoe UI, serif;\"><b>1. Registration and technical conditions of vehicles<\/b><\/span><\/p> <p><span style=\"font-family: Segoe UI, serif;\">1.1 Each vehicle registered to participate in trackdays must have a valid roadworthiness test (STK) and registration plates (license plates).<\/span><\/p> <p><span style=\"font-family: Segoe UI, serif;\"><b>2. Noise limits<\/b><\/span><\/p> <p><span style=\"font-family: Segoe UI, serif;\">2.1 All vehicles shall comply with the following noise limits by location:<\/span><\/p> <ul> <li> <p><span style=\"font-family: Segoe UI, serif;\">Autodromo Most: 102+2 dB at 4,500 rpm or 3\/4 of maximum speed, measured 1 meter behind the end of the exhaust.<\/span><\/p> <\/li> <li>. <p><span style=\"font-family: Segoe UI, serif;\">Automotodrom Brno: 107 dB.<\/span><\/p> <\/li> <li> <p><span style=\"font-family: Segoe UI, serif;\">Autodrom Sosnov\u00e1: 96 dB.<\/span><\/p> <\/li> <li> <p><span style=\"font-family: Segoe UI, serif;\">Polygon Hradec Kr\u00e1lov\u00e9: 95 dB.<\/span><\/p> <\/li> <li> <p><span style=\"font-family: Segoe UI, serif;\">Slovakiaring: 102 dB.<\/span><\/p> <\/li> <\/ul> <p><span style=\"font-family: Segoe UI, serif;\"><b>3. Mandatory vehicle equipment<\/b><\/span><\/p> <p><span style=\"font-family: Segoe UI, serif;\">3.1 Every vehicle shall be equipped with a towing eye. It is recommended that the towing eye be pre-installed in case towing is required.<\/span><\/p> <p><span style=\"font-family: Segoe UI, serif;\"><b>4. 4.1 When entering the track, it is necessary to keep within the corridor defined by two white lines (valid for Autodrom Most, Automotodrom Brno and Slovakiaring).<\/span><\/p> <p><span style=\"font-family: Segoe UI, serif;\">4.2 The maximum permitted speed in the pitlane is 60 km\/h.<\/span><\/p> <p><a name=\"_GoBack\"><\/a> <span style=\"font-family: Segoe UI, serif;\">4.3 The use of a protective helmet is mandatory for drivers of vehicles without a fixed roof or vehicles equipped with a safety frame.<\/span><\/p> <p><span style=\"font-family: Segoe UI, serif;\"><b>5. Track overtaking rules<\/b><\/span><\/p> <p><span style=\"font-family: Segoe UI, serif;\">5.1 Faster vehicle:<\/span><\/p> <ul> <li> <p><span style=\"font-family: Segoe UI, serif;\">Takes extra care when overtaking, which it does only in safe conditions without undue risk.<\/span><\/p> <\/li> <li> <p><span style=\"font-family: Segoe UI, serif;\">Driving should be defensive and the driver must continuously monitor the behaviour of the vehicle being overtaken.<\/span><\/p> <\/li> <\/ul> <p><span style=\"font-family: Segoe UI, serif;\">5.2 Slower vehicle:<\/span><\/p> <ul> <li> <p><span style=\"font-family: Segoe UI, serif;\">When the situation permits, it shall move to the right and signal with its right indicator to overtake.<\/span><\/p> <\/li> <li> <p><span style=\"font-family: Segoe UI, serif;\">May slow down slightly but must not brake suddenly or change speed unexpectedly.<\/span><\/p> <\/li> <li> <p><span style=\"font-family: Segoe UI, serif;\">Regularly checks the situation in the rear-view mirrors.<\/span><\/p> <\/li> <\/ul> <p><span style=\"font-family: Segoe UI, serif;\"><b>6. Flag signalling<\/b><\/span><\/p> <p><span style=\"font-family: Segoe UI, serif;\">6.1 Communication while on the track shall be by flag signalling only. Drivers are required to pay the utmost attention to the flags:<\/span><\/p> <ul> <li> <p><span style=\"font-family: Segoe UI, serif;\"><b>Yellow Flag:<\/b><\/span><span style=\"font-family: Segoe UI, serif;\"> signals a hazard on the track. The driver must slow down and be ready to stop. Overtaking is prohibited.<\/span><\/p> <\/li> <li> <p><span style=\"font-family: Segoe UI, serif;\"><b>Blue Flag:<\/b><\/span><span style=\"font-family: Segoe UI, serif;\"> Warns of a faster vehicle approaching and likely to overtake.<\/span><\/p> <\/li> <li> <p><span style=\"font-family: Segoe UI, serif;\"><b>Yellow flag with red stripes:<\/b><\/span><span style=\"font-family: Segoe UI, serif;\"> Warns of track surface deterioration (oil, water, dirt).<\/span><\/p> <\/li> <li> <p><span style=\"font-family: Segoe UI, serif;\"><b>Red Flag:<\/b><\/span><span style=\"font-family: Segoe UI, serif;\"> Indicates a break in the ride. The driver must slow down and return to the pits. Overtaking is prohibited.<\/span><\/p> <\/li> <li> <p><span style=\"font-family: Segoe UI, serif;\"><b>Green Flag:<\/b><\/span><span style=\"font-family: Segoe UI, serif;\"> Signals the restoration of a safe situation and the possibility of overtaking.<\/span><\/p> <\/li> <li> <p><span style=\"font-family: Segoe UI, serif;\"><b>Black Flag:<\/b><\/span><span style=\"font-family: Segoe UI, serif;\"> Indicates a problem (unsafe driving pattern or technical fault on the vehicle). The driver must immediately drive to the pitlane and contact the organizer.<\/span><\/p> <\/li> <\/ul> <p><span style=\"font-family: Segoe UI, serif;\"><b>7. No drifting<\/b><\/span><\/p> <p><span style=\"font-family: Segoe UI, serif;\">7.1 Drifting is prohibited on the following circuits. <p><span style=\"font-family. <p><span style=\"font-family: Segoe UI, serif;\"><b>8. <p><span style=\"font-family: Segoe UI, serif;\">8.1 By registering for trackdays, each participant agrees to be bound by the above terms and conditions in order to ensure the safety and smooth running of the event.<\/span><span style=\"color: #3333;\"><span style=\"font-family: Segoe UI, serif;\">&nbsp;<\/span><\/span><\/p>\t\t\t\t\t\t\t\t<\/div>\n\t\t\t\t<\/div>\n\t\t\t\t\t<\/div>\n\t\t<\/div>\n\t\t\t\t\t<\/div>\n\t\t<\/section>\n\t\t\t\t<\/div>\n\t\t","protected":false},"excerpt":{"rendered":"<p>GENERAL REGISTRATION TERMS FOR TRACKDAYS 1. Registration and technical conditions of vehicles 1.1 Each vehicle registered to participate in trackdays must have a valid roadworthiness test (STK) and registration plates (license plates). 2. Noise limits 2.1 All vehicles shall comply with the following noise limits by location: Autodromo Most: 102+2 dB at 4,500 rpm or [&hellip;]<\/p>\n","protected":false},"author":3,"featured_media":0,"parent":0,"menu_order":0,"comment_status":"closed","ping_status":"closed","template":"","meta":{"footnotes":""},"class_list":["post-32532","page","type-page","status-publish","hentry"],"yoast_head":"<!-- This site is optimized with the Yoast SEO plugin v24.8.1 - https:\/\/yoast.com\/wordpress\/plugins\/seo\/ -->\n<title>General terms and conditions of registration at trackdays - Legendy U V\u00e1s<\/title>\n<meta name=\"robots\" content=\"index, follow, max-snippet:-1, max-image-preview:large, max-video-preview:-1\" \/>\n<link rel=\"canonical\" href=\"https:\/\/www.legendyuvas.cz\/vseobecne-podminky-registrace-na-trackdays\/\" \/>\n<meta property=\"og:locale\" content=\"en_US\" \/>\n<meta property=\"og:type\" content=\"article\" \/>\n<meta property=\"og:title\" content=\"General terms and conditions of registration at trackdays - Legendy U V\u00e1s\" \/>\n<meta property=\"og:description\" content=\"GENERAL REGISTRATION TERMS FOR TRACKDAYS 1. Registration and technical conditions of vehicles 1.1 Each vehicle registered to participate in trackdays must have a valid roadworthiness test (STK) and registration plates (license plates). 2. Noise limits 2.1 All vehicles shall comply with the following noise limits by location: Autodromo Most: 102+2 dB at 4,500 rpm or [&hellip;]\" \/>\n<meta property=\"og:url\" content=\"https:\/\/www.legendyuvas.cz\/vseobecne-podminky-registrace-na-trackdays\/\" \/>\n<meta property=\"og:site_name\" content=\"Legendy U V\u00e1s\" \/>\n<meta property=\"article:publisher\" content=\"https:\/\/www.facebook.com\/autolegendyuvas\" \/>\n<meta property=\"article:modified_time\" content=\"2025-11-09T13:24:52+00:00\" \/>\n<meta property=\"og:image\" content=\"https:\/\/www.legendyuvas.cz\/wp-content\/uploads\/2023\/06\/Porsche-GT3-RS-1-min.jpg\" \/>\n\t<meta property=\"og:image:width\" content=\"1024\" \/>\n\t<meta property=\"og:image:height\" content=\"630\" \/>\n\t<meta property=\"og:image:type\" content=\"image\/jpeg\" \/>\n<meta name=\"twitter:card\" content=\"summary_large_image\" \/>\n<meta name=\"twitter:label1\" content=\"Est. reading time\" \/>\n\t<meta name=\"twitter:data1\" content=\"2 minutes\" \/>\n<script type=\"application\/ld+json\" class=\"yoast-schema-graph\">{\"@context\":\"https:\/\/schema.org\",\"@graph\":[{\"@type\":\"WebPage\",\"@id\":\"https:\/\/www.legendyuvas.cz\/vseobecne-podminky-registrace-na-trackdays\/\",\"url\":\"https:\/\/www.legendyuvas.cz\/vseobecne-podminky-registrace-na-trackdays\/\",\"name\":\"General terms and conditions of registration at trackdays - Legendy U V\u00e1s\",\"isPartOf\":{\"@id\":\"https:\/\/www.legendyuvas.cz\/#website\"},\"datePublished\":\"2025-01-15T12:52:13+00:00\",\"dateModified\":\"2025-11-09T13:24:52+00:00\",\"breadcrumb\":{\"@id\":\"https:\/\/www.legendyuvas.cz\/vseobecne-podminky-registrace-na-trackdays\/#breadcrumb\"},\"inLanguage\":\"en-US\",\"potentialAction\":[{\"@type\":\"ReadAction\",\"target\":[\"https:\/\/www.legendyuvas.cz\/vseobecne-podminky-registrace-na-trackdays\/\"]}]},{\"@type\":\"BreadcrumbList\",\"@id\":\"https:\/\/www.legendyuvas.cz\/vseobecne-podminky-registrace-na-trackdays\/#breadcrumb\",\"itemListElement\":[{\"@type\":\"ListItem\",\"position\":1,\"name\":\"Dom\u016f\",\"item\":\"https:\/\/www.legendyuvas.cz\/\"},{\"@type\":\"ListItem\",\"position\":2,\"name\":\"General terms and conditions of registration at trackdays\"}]},{\"@type\":\"WebSite\",\"@id\":\"https:\/\/www.legendyuvas.cz\/#website\",\"url\":\"https:\/\/www.legendyuvas.cz\/\",\"name\":\"Legendy U V\u00e1s\",\"description\":\"Dechberouc\u00ed z\u00e1\u017eitky v autech a motork\u00e1ch\",\"publisher\":{\"@id\":\"https:\/\/www.legendyuvas.cz\/#organization\"},\"potentialAction\":[{\"@type\":\"SearchAction\",\"target\":{\"@type\":\"EntryPoint\",\"urlTemplate\":\"https:\/\/www.legendyuvas.cz\/?s={search_term_string}\"},\"query-input\":{\"@type\":\"PropertyValueSpecification\",\"valueRequired\":true,\"valueName\":\"search_term_string\"}}],\"inLanguage\":\"en-US\"},{\"@type\":\"Organization\",\"@id\":\"https:\/\/www.legendyuvas.cz\/#organization\",\"name\":\"Bontex2 s.r.o.\",\"url\":\"https:\/\/www.legendyuvas.cz\/\",\"logo\":{\"@type\":\"ImageObject\",\"inLanguage\":\"en-US\",\"@id\":\"https:\/\/www.legendyuvas.cz\/#\/schema\/logo\/image\/\",\"url\":\"https:\/\/www.legendyuvas.cz\/wp-content\/uploads\/2021\/03\/Legendy-u-Vas.jpg\",\"contentUrl\":\"https:\/\/www.legendyuvas.cz\/wp-content\/uploads\/2021\/03\/Legendy-u-Vas.jpg\",\"width\":400,\"height\":240,\"caption\":\"Bontex2 s.r.o.\"},\"image\":{\"@id\":\"https:\/\/www.legendyuvas.cz\/#\/schema\/logo\/image\/\"},\"sameAs\":[\"https:\/\/www.facebook.com\/autolegendyuvas\",\"https:\/\/www.facebook.com\/motolegendyuvas\",\"https:\/\/www.instagram.com\/autolegendyuvas\/\",\"https:\/\/www.instagram.com\/motolegendyuvas\/\"]}]}<\/script>\n<!-- \/ Yoast SEO plugin. -->","yoast_head_json":{"title":"General terms and conditions of registration at trackdays - Legendy U V\u00e1s","robots":{"index":"index","follow":"follow","max-snippet":"max-snippet:-1","max-image-preview":"max-image-preview:large","max-video-preview":"max-video-preview:-1"},"canonical":"https:\/\/www.legendyuvas.cz\/vseobecne-podminky-registrace-na-trackdays\/","og_locale":"en_US","og_type":"article","og_title":"General terms and conditions of registration at trackdays - Legendy U V\u00e1s","og_description":"GENERAL REGISTRATION TERMS FOR TRACKDAYS 1. Registration and technical conditions of vehicles 1.1 Each vehicle registered to participate in trackdays must have a valid roadworthiness test (STK) and registration plates (license plates). 2. Noise limits 2.1 All vehicles shall comply with the following noise limits by location: Autodromo Most: 102+2 dB at 4,500 rpm or [&hellip;]","og_url":"https:\/\/www.legendyuvas.cz\/vseobecne-podminky-registrace-na-trackdays\/","og_site_name":"Legendy U V\u00e1s","article_publisher":"https:\/\/www.facebook.com\/autolegendyuvas","article_modified_time":"2025-11-09T13:24:52+00:00","og_image":[{"width":1024,"height":630,"url":"https:\/\/www.legendyuvas.cz\/wp-content\/uploads\/2023\/06\/Porsche-GT3-RS-1-min.jpg","type":"image\/jpeg"}],"twitter_card":"summary_large_image","twitter_misc":{"Est. reading time":"2 minutes"},"schema":{"@context":"https:\/\/schema.org","@graph":[{"@type":"WebPage","@id":"https:\/\/www.legendyuvas.cz\/vseobecne-podminky-registrace-na-trackdays\/","url":"https:\/\/www.legendyuvas.cz\/vseobecne-podminky-registrace-na-trackdays\/","name":"General terms and conditions of registration at trackdays - Legendy U V\u00e1s","isPartOf":{"@id":"https:\/\/www.legendyuvas.cz\/#website"},"datePublished":"2025-01-15T12:52:13+00:00","dateModified":"2025-11-09T13:24:52+00:00","breadcrumb":{"@id":"https:\/\/www.legendyuvas.cz\/vseobecne-podminky-registrace-na-trackdays\/#breadcrumb"},"inLanguage":"en-US","potentialAction":[{"@type":"ReadAction","target":["https:\/\/www.legendyuvas.cz\/vseobecne-podminky-registrace-na-trackdays\/"]}]},{"@type":"BreadcrumbList","@id":"https:\/\/www.legendyuvas.cz\/vseobecne-podminky-registrace-na-trackdays\/#breadcrumb","itemListElement":[{"@type":"ListItem","position":1,"name":"Dom\u016f","item":"https:\/\/www.legendyuvas.cz\/"},{"@type":"ListItem","position":2,"name":"General terms and conditions of registration at trackdays"}]},{"@type":"WebSite","@id":"https:\/\/www.legendyuvas.cz\/#website","url":"https:\/\/www.legendyuvas.cz\/","name":"Legendy U V\u00e1s","description":"Dechberouc\u00ed z\u00e1\u017eitky v autech a motork\u00e1ch","publisher":{"@id":"https:\/\/www.legendyuvas.cz\/#organization"},"potentialAction":[{"@type":"SearchAction","target":{"@type":"EntryPoint","urlTemplate":"https:\/\/www.legendyuvas.cz\/?s={search_term_string}"},"query-input":{"@type":"PropertyValueSpecification","valueRequired":true,"valueName":"search_term_string"}}],"inLanguage":"en-US"},{"@type":"Organization","@id":"https:\/\/www.legendyuvas.cz\/#organization","name":"Bontex2 s.r.o.","url":"https:\/\/www.legendyuvas.cz\/","logo":{"@type":"ImageObject","inLanguage":"en-US","@id":"https:\/\/www.legendyuvas.cz\/#\/schema\/logo\/image\/","url":"https:\/\/www.legendyuvas.cz\/wp-content\/uploads\/2021\/03\/Legendy-u-Vas.jpg","contentUrl":"https:\/\/www.legendyuvas.cz\/wp-content\/uploads\/2021\/03\/Legendy-u-Vas.jpg","width":400,"height":240,"caption":"Bontex2 s.r.o."},"image":{"@id":"https:\/\/www.legendyuvas.cz\/#\/schema\/logo\/image\/"},"sameAs":["https:\/\/www.facebook.com\/autolegendyuvas","https:\/\/www.facebook.com\/motolegendyuvas","https:\/\/www.instagram.com\/autolegendyuvas\/","https:\/\/www.instagram.com\/motolegendyuvas\/"]}]}},"_links":{"self":[{"href":"https:\/\/www.legendyuvas.cz\/en\/wp-json\/wp\/v2\/pages\/32532","targetHints":{"allow":["GET"]}}],"collection":[{"href":"https:\/\/www.legendyuvas.cz\/en\/wp-json\/wp\/v2\/pages"}],"about":[{"href":"https:\/\/www.legendyuvas.cz\/en\/wp-json\/wp\/v2\/types\/page"}],"author":[{"embeddable":true,"href":"https:\/\/www.legendyuvas.cz\/en\/wp-json\/wp\/v2\/users\/3"}],"replies":[{"embeddable":true,"href":"https:\/\/www.legendyuvas.cz\/en\/wp-json\/wp\/v2\/comments?post=32532"}],"version-history":[{"count":1,"href":"https:\/\/www.legendyuvas.cz\/en\/wp-json\/wp\/v2\/pages\/32532\/revisions"}],"predecessor-version":[{"id":32533,"href":"https:\/\/www.legendyuvas.cz\/en\/wp-json\/wp\/v2\/pages\/32532\/revisions\/32533"}],"wp:attachment":[{"href":"https:\/\/www.legendyuvas.cz\/en\/wp-json\/wp\/v2\/media?parent=32532"}],"curies":[{"name":"wp","href":"https:\/\/api.w.org\/{rel}","templated":true}]}}