{"id":33359,"date":"2023-07-06T08:12:25","date_gmt":"2023-07-06T08:12:25","guid":{"rendered":"https:\/\/www.legendyuvas.cz\/sample-withdrawal-form\/"},"modified":"2025-11-11T16:15:05","modified_gmt":"2025-11-11T16:15:05","slug":"sample-withdrawal-form","status":"publish","type":"page","link":"https:\/\/www.legendyuvas.cz\/en\/sample-withdrawal-form\/","title":{"rendered":"Sample withdrawal form"},"content":{"rendered":"<p><\/p><p>Sender:<br\/>First and last name:<br\/>Habitation:<br\/>(or e-mail, phone number):<\/p><p>Recipient:<br\/>Bontex2 s.r.o.<br\/>I\u010c: 14285991<br\/>with registered office: Pod Turnovskou trat\u00ed 182\/18,198 00, Prague 9 &#8211; Hloub\u011bt\u00edn<\/p><p>Notice of withdrawal from the purchase contract<\/p><p>On &#8230;&#8230;&#8230;., I placed an order on your website\/online store www.legendyuvas.cz for &#8230;&#8230;, order number &#8230;&#8230;, valued at &#8230;&#8230;.. CZK. I received the ordered goods on &#8230;&#8230;..<\/p><p>Pursuant to Section 1829(1) in conjunction with Section 1818 of Act No. 89\/2012 Coll., the Civil Code, I exercise my legal right and withdraw from the purchase contract concluded via the Internet concerning the aforementioned goods, which I am sending back to you with this letter, and at the same time I ask you to remit the purchase price in the amount of &#8230;&#8230;&#8230;. CZK and &#8230;&#8230;&#8230; CZK for postage to my bank account number &#8230;&#8230;.. within 14 days of receipt of this withdrawal.<\/p><p>V &#8230;&#8230;.. dne &#8230;&#8230;..<\/p><p>&#8230;&#8230;&#8230;&#8230;&#8230;&#8230;&#8230;&#8230;&#8230;&#8230;&#8230;&#8230;&#8230;&#8230;&#8230;&#8230;&#8230;&#8230;&#8230;&#8230;&#8230;&#8230;&#8230;&#8230;&#8230;&#8230;<br\/>Name and surname of the buyer &#8211; consumer<br\/>(signature)<\/p><p>Attachments: &#8211; Proof of purchase<\/p>","protected":false},"excerpt":{"rendered":"<p>Sender:First and last name:Habitation:(or e-mail, phone number): Recipient:Bontex2 s.r.o.I\u010c: 14285991with registered office: Pod Turnovskou trat\u00ed 182\/18,198 00, Prague 9 &#8211; Hloub\u011bt\u00edn Notice of withdrawal from the purchase contract On &#8230;&#8230;&#8230;., I placed an order on your website\/online store www.legendyuvas.cz for &#8230;&#8230;, order number &#8230;&#8230;, valued at &#8230;&#8230;.. CZK. I received the ordered goods on &#8230;&#8230;.. [&hellip;]<\/p>\n","protected":false},"author":3,"featured_media":0,"parent":0,"menu_order":0,"comment_status":"closed","ping_status":"closed","template":"","meta":{"footnotes":""},"class_list":["post-33359","page","type-page","status-publish","hentry"],"yoast_head":"<!-- This site is optimized with the Yoast SEO plugin v24.8.1 - https:\/\/yoast.com\/wordpress\/plugins\/seo\/ -->\n<title>Sample withdrawal form - Legendy U V\u00e1s<\/title>\n<meta name=\"robots\" content=\"index, follow, max-snippet:-1, max-image-preview:large, max-video-preview:-1\" \/>\n<link rel=\"canonical\" href=\"https:\/\/www.legendyuvas.cz\/en\/sample-withdrawal-form\/\" \/>\n<meta property=\"og:locale\" content=\"en_US\" \/>\n<meta property=\"og:type\" content=\"article\" \/>\n<meta property=\"og:title\" content=\"Sample withdrawal form - Legendy U V\u00e1s\" \/>\n<meta property=\"og:description\" content=\"Sender:First and last name:Habitation:(or e-mail, phone number): Recipient:Bontex2 s.r.o.I\u010c: 14285991with registered office: Pod Turnovskou trat\u00ed 182\/18,198 00, Prague 9 &#8211; Hloub\u011bt\u00edn Notice of withdrawal from the purchase contract On &#8230;&#8230;&#8230;., I placed an order on your website\/online store www.legendyuvas.cz for &#8230;&#8230;, order number &#8230;&#8230;, valued at &#8230;&#8230;.. CZK. I received the ordered goods on &#8230;&#8230;.. [&hellip;]\" \/>\n<meta property=\"og:url\" content=\"https:\/\/www.legendyuvas.cz\/en\/sample-withdrawal-form\/\" \/>\n<meta property=\"og:site_name\" content=\"Legendy U V\u00e1s\" \/>\n<meta property=\"article:publisher\" content=\"https:\/\/www.facebook.com\/autolegendyuvas\" \/>\n<meta property=\"article:modified_time\" content=\"2025-11-11T16:15:05+00:00\" \/>\n<meta property=\"og:image\" content=\"https:\/\/www.legendyuvas.cz\/wp-content\/uploads\/2023\/06\/Porsche-GT3-RS-1-min.jpg\" \/>\n\t<meta property=\"og:image:width\" content=\"1024\" \/>\n\t<meta property=\"og:image:height\" content=\"630\" \/>\n\t<meta property=\"og:image:type\" content=\"image\/jpeg\" \/>\n<meta name=\"twitter:card\" content=\"summary_large_image\" \/>\n<meta name=\"twitter:label1\" content=\"Est. reading time\" \/>\n\t<meta name=\"twitter:data1\" content=\"1 minute\" \/>\n<script type=\"application\/ld+json\" class=\"yoast-schema-graph\">{\"@context\":\"https:\/\/schema.org\",\"@graph\":[{\"@type\":\"WebPage\",\"@id\":\"https:\/\/www.legendyuvas.cz\/en\/sample-withdrawal-form\/\",\"url\":\"https:\/\/www.legendyuvas.cz\/en\/sample-withdrawal-form\/\",\"name\":\"Sample withdrawal form - Legendy U V\u00e1s\",\"isPartOf\":{\"@id\":\"https:\/\/www.legendyuvas.cz\/#website\"},\"datePublished\":\"2023-07-06T08:12:25+00:00\",\"dateModified\":\"2025-11-11T16:15:05+00:00\",\"breadcrumb\":{\"@id\":\"https:\/\/www.legendyuvas.cz\/en\/sample-withdrawal-form\/#breadcrumb\"},\"inLanguage\":\"en-US\",\"potentialAction\":[{\"@type\":\"ReadAction\",\"target\":[\"https:\/\/www.legendyuvas.cz\/en\/sample-withdrawal-form\/\"]}]},{\"@type\":\"BreadcrumbList\",\"@id\":\"https:\/\/www.legendyuvas.cz\/en\/sample-withdrawal-form\/#breadcrumb\",\"itemListElement\":[{\"@type\":\"ListItem\",\"position\":1,\"name\":\"Dom\u016f\",\"item\":\"https:\/\/www.legendyuvas.cz\/\"},{\"@type\":\"ListItem\",\"position\":2,\"name\":\"Sample withdrawal form\"}]},{\"@type\":\"WebSite\",\"@id\":\"https:\/\/www.legendyuvas.cz\/#website\",\"url\":\"https:\/\/www.legendyuvas.cz\/\",\"name\":\"Legendy U V\u00e1s\",\"description\":\"Dechberouc\u00ed z\u00e1\u017eitky v autech a motork\u00e1ch\",\"publisher\":{\"@id\":\"https:\/\/www.legendyuvas.cz\/#organization\"},\"potentialAction\":[{\"@type\":\"SearchAction\",\"target\":{\"@type\":\"EntryPoint\",\"urlTemplate\":\"https:\/\/www.legendyuvas.cz\/?s={search_term_string}\"},\"query-input\":{\"@type\":\"PropertyValueSpecification\",\"valueRequired\":true,\"valueName\":\"search_term_string\"}}],\"inLanguage\":\"en-US\"},{\"@type\":\"Organization\",\"@id\":\"https:\/\/www.legendyuvas.cz\/#organization\",\"name\":\"Bontex2 s.r.o.\",\"url\":\"https:\/\/www.legendyuvas.cz\/\",\"logo\":{\"@type\":\"ImageObject\",\"inLanguage\":\"en-US\",\"@id\":\"https:\/\/www.legendyuvas.cz\/#\/schema\/logo\/image\/\",\"url\":\"https:\/\/www.legendyuvas.cz\/wp-content\/uploads\/2021\/03\/Legendy-u-Vas.jpg\",\"contentUrl\":\"https:\/\/www.legendyuvas.cz\/wp-content\/uploads\/2021\/03\/Legendy-u-Vas.jpg\",\"width\":400,\"height\":240,\"caption\":\"Bontex2 s.r.o.\"},\"image\":{\"@id\":\"https:\/\/www.legendyuvas.cz\/#\/schema\/logo\/image\/\"},\"sameAs\":[\"https:\/\/www.facebook.com\/autolegendyuvas\",\"https:\/\/www.facebook.com\/motolegendyuvas\",\"https:\/\/www.instagram.com\/autolegendyuvas\/\",\"https:\/\/www.instagram.com\/motolegendyuvas\/\"]}]}<\/script>\n<!-- \/ Yoast SEO plugin. -->","yoast_head_json":{"title":"Sample withdrawal form - Legendy U V\u00e1s","robots":{"index":"index","follow":"follow","max-snippet":"max-snippet:-1","max-image-preview":"max-image-preview:large","max-video-preview":"max-video-preview:-1"},"canonical":"https:\/\/www.legendyuvas.cz\/en\/sample-withdrawal-form\/","og_locale":"en_US","og_type":"article","og_title":"Sample withdrawal form - Legendy U V\u00e1s","og_description":"Sender:First and last name:Habitation:(or e-mail, phone number): Recipient:Bontex2 s.r.o.I\u010c: 14285991with registered office: Pod Turnovskou trat\u00ed 182\/18,198 00, Prague 9 &#8211; Hloub\u011bt\u00edn Notice of withdrawal from the purchase contract On &#8230;&#8230;&#8230;., I placed an order on your website\/online store www.legendyuvas.cz for &#8230;&#8230;, order number &#8230;&#8230;, valued at &#8230;&#8230;.. CZK. I received the ordered goods on &#8230;&#8230;.. [&hellip;]","og_url":"https:\/\/www.legendyuvas.cz\/en\/sample-withdrawal-form\/","og_site_name":"Legendy U V\u00e1s","article_publisher":"https:\/\/www.facebook.com\/autolegendyuvas","article_modified_time":"2025-11-11T16:15:05+00:00","og_image":[{"width":1024,"height":630,"url":"https:\/\/www.legendyuvas.cz\/wp-content\/uploads\/2023\/06\/Porsche-GT3-RS-1-min.jpg","type":"image\/jpeg"}],"twitter_card":"summary_large_image","twitter_misc":{"Est. reading time":"1 minute"},"schema":{"@context":"https:\/\/schema.org","@graph":[{"@type":"WebPage","@id":"https:\/\/www.legendyuvas.cz\/en\/sample-withdrawal-form\/","url":"https:\/\/www.legendyuvas.cz\/en\/sample-withdrawal-form\/","name":"Sample withdrawal form - Legendy U V\u00e1s","isPartOf":{"@id":"https:\/\/www.legendyuvas.cz\/#website"},"datePublished":"2023-07-06T08:12:25+00:00","dateModified":"2025-11-11T16:15:05+00:00","breadcrumb":{"@id":"https:\/\/www.legendyuvas.cz\/en\/sample-withdrawal-form\/#breadcrumb"},"inLanguage":"en-US","potentialAction":[{"@type":"ReadAction","target":["https:\/\/www.legendyuvas.cz\/en\/sample-withdrawal-form\/"]}]},{"@type":"BreadcrumbList","@id":"https:\/\/www.legendyuvas.cz\/en\/sample-withdrawal-form\/#breadcrumb","itemListElement":[{"@type":"ListItem","position":1,"name":"Dom\u016f","item":"https:\/\/www.legendyuvas.cz\/"},{"@type":"ListItem","position":2,"name":"Sample withdrawal form"}]},{"@type":"WebSite","@id":"https:\/\/www.legendyuvas.cz\/#website","url":"https:\/\/www.legendyuvas.cz\/","name":"Legendy U V\u00e1s","description":"Dechberouc\u00ed z\u00e1\u017eitky v autech a motork\u00e1ch","publisher":{"@id":"https:\/\/www.legendyuvas.cz\/#organization"},"potentialAction":[{"@type":"SearchAction","target":{"@type":"EntryPoint","urlTemplate":"https:\/\/www.legendyuvas.cz\/?s={search_term_string}"},"query-input":{"@type":"PropertyValueSpecification","valueRequired":true,"valueName":"search_term_string"}}],"inLanguage":"en-US"},{"@type":"Organization","@id":"https:\/\/www.legendyuvas.cz\/#organization","name":"Bontex2 s.r.o.","url":"https:\/\/www.legendyuvas.cz\/","logo":{"@type":"ImageObject","inLanguage":"en-US","@id":"https:\/\/www.legendyuvas.cz\/#\/schema\/logo\/image\/","url":"https:\/\/www.legendyuvas.cz\/wp-content\/uploads\/2021\/03\/Legendy-u-Vas.jpg","contentUrl":"https:\/\/www.legendyuvas.cz\/wp-content\/uploads\/2021\/03\/Legendy-u-Vas.jpg","width":400,"height":240,"caption":"Bontex2 s.r.o."},"image":{"@id":"https:\/\/www.legendyuvas.cz\/#\/schema\/logo\/image\/"},"sameAs":["https:\/\/www.facebook.com\/autolegendyuvas","https:\/\/www.facebook.com\/motolegendyuvas","https:\/\/www.instagram.com\/autolegendyuvas\/","https:\/\/www.instagram.com\/motolegendyuvas\/"]}]}},"_links":{"self":[{"href":"https:\/\/www.legendyuvas.cz\/en\/wp-json\/wp\/v2\/pages\/33359","targetHints":{"allow":["GET"]}}],"collection":[{"href":"https:\/\/www.legendyuvas.cz\/en\/wp-json\/wp\/v2\/pages"}],"about":[{"href":"https:\/\/www.legendyuvas.cz\/en\/wp-json\/wp\/v2\/types\/page"}],"author":[{"embeddable":true,"href":"https:\/\/www.legendyuvas.cz\/en\/wp-json\/wp\/v2\/users\/3"}],"replies":[{"embeddable":true,"href":"https:\/\/www.legendyuvas.cz\/en\/wp-json\/wp\/v2\/comments?post=33359"}],"version-history":[{"count":1,"href":"https:\/\/www.legendyuvas.cz\/en\/wp-json\/wp\/v2\/pages\/33359\/revisions"}],"predecessor-version":[{"id":33360,"href":"https:\/\/www.legendyuvas.cz\/en\/wp-json\/wp\/v2\/pages\/33359\/revisions\/33360"}],"wp:attachment":[{"href":"https:\/\/www.legendyuvas.cz\/en\/wp-json\/wp\/v2\/media?parent=33359"}],"curies":[{"name":"wp","href":"https:\/\/api.w.org\/{rel}","templated":true}]}}