{"id":33613,"date":"2025-01-21T12:18:47","date_gmt":"2025-01-21T12:18:47","guid":{"rendered":"https:\/\/www.legendyuvas.cz\/principles-of-processing-personal-data-for-marketing-purposes\/"},"modified":"2025-11-12T14:56:17","modified_gmt":"2025-11-12T14:56:17","slug":"principles-of-processing-personal-data-for-marketing-purposes","status":"publish","type":"page","link":"https:\/\/www.legendyuvas.cz\/en\/principles-of-processing-personal-data-for-marketing-purposes\/","title":{"rendered":"Principles of processing personal data for marketing purposes"},"content":{"rendered":"\t\t<div data-elementor-type=\"wp-page\" data-elementor-id=\"33613\" class=\"elementor elementor-33613 elementor-15267\" data-elementor-post-type=\"page\">\n\t\t\t\t\t\t<section class=\"elementor-section elementor-top-section elementor-element elementor-element-1d333d1f elementor-section-boxed elementor-section-height-default elementor-section-height-default\" data-id=\"1d333d1f\" data-element_type=\"section\">\n\t\t\t\t\t\t<div class=\"elementor-container elementor-column-gap-default\">\n\t\t\t\t\t<div class=\"elementor-column elementor-col-100 elementor-top-column elementor-element elementor-element-2270f0df\" data-id=\"2270f0df\" data-element_type=\"column\">\n\t\t\t<div class=\"elementor-widget-wrap elementor-element-populated\">\n\t\t\t\t\t\t<div class=\"elementor-element elementor-element-4e6de45c elementor-widget elementor-widget-text-editor\" data-id=\"4e6de45c\" data-element_type=\"widget\" data-widget_type=\"text-editor.default\">\n\t\t\t\t<div class=\"elementor-widget-container\">\n\t\t\t\t\t\t\t\t\t<p style=\"line-height: 100%; margin-bottom: 0.19in; background: #ffffff\">\r\n<font face=\"Times New Roman, serif\"><font size=\"3\" style=\"font-size: 12pt\"><font color=\"#000000\"><font face=\"Arial, serif\">Principles\r\nprocessing of personal data for marketing purposes<\/font><\/font><\/font><\/font><\/p><br><p style=\"line-height: 100%; margin-bottom: 0.19in; background: #ffffff\">\r\n<font face=\"Times New Roman, serif\"><font size=\"3\" style=\"font-size: 12pt\"><font color=\"#000000\"><font face=\"Arial, serif\">I.\r\nBasic provisions<\/font><\/font><\/font><\/font><\/p><br><p style=\"line-height: 100%; margin-bottom: 0.19in; background: #ffffff\">\r\n<font face=\"Times New Roman, serif\"><font size=\"3\" style=\"font-size: 12pt\"><font color=\"#000000\"><font face=\"Arial, serif\">1.\r\nThe controller of personal data pursuant to Article 4(7) of the European Regulation\r\nof the European Parliament and of the Council (EU) 2016\/679 on the protection of natural persons in\r\nprocessing of personal data and on the free movement of such data\r\nof such data (hereinafter: &#8220;GDPR&#8221;) is Bontex2\r\ns.r.o., ID: 14285991 with registered office at Pod Turnovskou trat\u00ed 182\/18, Prague\r\n9, registered in the Commercial Register maintained by the Municipal Court in\r\nPrague, Section C, Insert 363403, represented by Bc. Martin Zima,\r\nManaging Director (hereinafter referred to as the &#8220;Administrator&#8221;).<\/font><\/font><\/font><\/font><\/p><br><p style=\"line-height: 100%; margin-bottom: 0.19in; background: #ffffff\">\r\n<font face=\"Times New Roman, serif\"><font size=\"3\" style=\"font-size: 12pt\"><font color=\"#000000\"><font face=\"Arial, serif\">2.\r\nContact details of the administrator are Bontex2 s.r.o., Pod Turnovskou trat\u00ed\r\n182\/18, Prague 9, 198 00, tel: 602 444 244, email:\r\ninfo@legendyuvas.cz.<\/font><\/font><\/font><\/font><\/p><br><p style=\"line-height: 100%; margin-bottom: 0.19in; background: #ffffff\">\r\n<font face=\"Times New Roman, serif\"><font size=\"3\" style=\"font-size: 12pt\"><font color=\"#000000\"><font face=\"Arial, serif\">3.\r\nPersonal data means any information about an identified\r\nor identifiable natural person; an identifiable natural\r\nindividual means a natural person who can be identified, directly or indirectly\r\nidentifiable, in particular by reference to an identifier, for example\r\nname, identification number, location data, network\r\nidentifier or to one or more specific elements of a natural,\r\nphysiological, genetic, psychological, economic, cultural or\r\nsocial identity of that natural person.<\/font><\/font><\/font><\/font><\/p><br><p style=\"line-height: 100%; margin-bottom: 0.19in; background: #ffffff\"><a name=\"_GoBack\"><\/a>\r\n<font face=\"Times New Roman, serif\"><font size=\"3\" style=\"font-size: 12pt\"><font color=\"#000000\"><font face=\"Arial, serif\">4.\r\nThe controller has appointed a data protection officer.\r\nPavel \u0160piryt, email:\r\ninfo@legendyuvas.cz, Tel: 602 444 244.<\/font><\/font><\/font><\/font><\/p><br><p style=\"line-height: 108%; margin-bottom: 0.11in\"><br>\r\n<br>\r\n\r\n<\/p><br><p style=\"line-height: 108%; margin-bottom: 0.11in\"><font face=\"Arial, serif\"><font size=\"3\" style=\"font-size: 12pt\">II.\r\nProcessing of personal data for marketing purposes<\/font><\/font><\/p><br><p style=\"line-height: 108%; margin-bottom: 0.11in\"><font face=\"Arial, serif\"><font size=\"3\" style=\"font-size: 12pt\">1.\r\nWe process our customers&#8217; data for the purpose of direct\r\nmarketing in accordance with the provisions of the law. As part of this process\r\nin particular, we ensure that our services are as tailored as possible\r\naccording to your requirements. Using probabilistic values\r\nwe aim to only show you advertising that is as relevant as possible.\r\ncontent that will be of interest to you.<\/font><\/font><\/p><br><p style=\"line-height: 108%; margin-bottom: 0.11in\"><font face=\"Arial, serif\"><font size=\"3\" style=\"font-size: 12pt\">2.\r\nBy a brief written notice to info@legendyuvas.cz\r\nyou may object to the use of your data at any time\r\nfor direct marketing purposes or withdraw your consent, by\r\nfree of charge, except for the costs incurred for transmission in accordance with\r\nbasic rates.<\/font><\/font><\/p><br><p style=\"line-height: 108%; margin-bottom: 0.11in\"><font face=\"Arial, serif\"><font size=\"3\" style=\"font-size: 12pt\">3.\r\nIf you want to unsubscribe from the Newsletter, you can\r\nuse the appropriate link at the end of the newsletter. <\/font><\/font>\r\n<\/p><br><p style=\"line-height: 108%; margin-bottom: 0.11in\"><font face=\"Arial, serif\"><font size=\"3\" style=\"font-size: 12pt\">4.\r\nIf you object, your listed contact address for\r\nsubsequent processing in connection with advertisements. We like\r\nwe would like to inform you that in exceptional cases\r\npromotional materials may continue to be sent after we have received your\r\nobjection. This is due to technical reasons and does not imply,\r\nwe do not process your objection.<\/font><\/font><\/p><br><p style=\"line-height: 108%; margin-bottom: 0.11in\"><font face=\"Arial, serif\"><font size=\"3\" style=\"font-size: 12pt\">5.\r\nWe transfer your data to business partners for the purpose of\r\nsending marketing materials.<\/font><\/font><\/p><br><p style=\"line-height: 108%; margin-bottom: 0.11in\"><font face=\"Arial, serif\"><font size=\"3\" style=\"font-size: 12pt\">6.\r\nThe legal basis for this processing is Section 7(3) of Act No.\r\n480\/2004 Coll., on certain information society services, and\r\nArticle 6(1)(f) of the EU GDPR. Our interest in addressing advertisements\r\nin accordance with the requirements is considered a legitimate interest within the meaning of\r\nthe above provision.<\/font><\/font><\/p><br><br><style type=\"text\/css\">p { line-height: 115%; text-align: left; orphans: 2; widows: 2; margin-bottom: 0.1in; direction: ltr; background: transparent }<\/style>\t\t\t\t\t\t\t\t<\/div>\n\t\t\t\t<\/div>\n\t\t\t\t\t<\/div>\n\t\t<\/div>\n\t\t\t\t\t<\/div>\n\t\t<\/section>\n\t\t\t\t<\/div>\n\t\t","protected":false},"excerpt":{"rendered":"<p>Principles processing of personal data for marketing purposes I. Basic provisions 1. The controller of personal data pursuant to Article 4(7) of the European Regulation of the European Parliament and of the Council (EU) 2016\/679 on the protection of natural persons in processing of personal data and on the free movement of such data of [&hellip;]<\/p>\n","protected":false},"author":3,"featured_media":0,"parent":0,"menu_order":0,"comment_status":"closed","ping_status":"closed","template":"","meta":{"footnotes":""},"class_list":["post-33613","page","type-page","status-publish","hentry"],"yoast_head":"<!-- This site is optimized with the Yoast SEO plugin v24.8.1 - https:\/\/yoast.com\/wordpress\/plugins\/seo\/ -->\n<title>Principles of processing personal data for marketing purposes - Legendy U V\u00e1s<\/title>\n<meta name=\"robots\" content=\"index, follow, max-snippet:-1, max-image-preview:large, max-video-preview:-1\" \/>\n<link rel=\"canonical\" href=\"https:\/\/www.legendyuvas.cz\/zasady-zpracovani-osobnich-udaju-pro-marketingove-ucely\/\" \/>\n<meta property=\"og:locale\" content=\"en_US\" \/>\n<meta property=\"og:type\" content=\"article\" \/>\n<meta property=\"og:title\" content=\"Principles of processing personal data for marketing purposes - Legendy U V\u00e1s\" \/>\n<meta property=\"og:description\" content=\"Principles processing of personal data for marketing purposes I. Basic provisions 1. The controller of personal data pursuant to Article 4(7) of the European Regulation of the European Parliament and of the Council (EU) 2016\/679 on the protection of natural persons in processing of personal data and on the free movement of such data of [&hellip;]\" \/>\n<meta property=\"og:url\" content=\"https:\/\/www.legendyuvas.cz\/zasady-zpracovani-osobnich-udaju-pro-marketingove-ucely\/\" \/>\n<meta property=\"og:site_name\" content=\"Legendy U V\u00e1s\" \/>\n<meta property=\"article:publisher\" content=\"https:\/\/www.facebook.com\/autolegendyuvas\" \/>\n<meta property=\"article:modified_time\" content=\"2025-11-12T14:56:17+00:00\" \/>\n<meta property=\"og:image\" content=\"https:\/\/www.legendyuvas.cz\/wp-content\/uploads\/2023\/06\/Porsche-GT3-RS-1-min.jpg\" \/>\n\t<meta property=\"og:image:width\" content=\"1024\" \/>\n\t<meta property=\"og:image:height\" content=\"630\" \/>\n\t<meta property=\"og:image:type\" content=\"image\/jpeg\" \/>\n<meta name=\"twitter:card\" content=\"summary_large_image\" \/>\n<meta name=\"twitter:label1\" content=\"Est. reading time\" \/>\n\t<meta name=\"twitter:data1\" content=\"2 minutes\" \/>\n<script type=\"application\/ld+json\" class=\"yoast-schema-graph\">{\"@context\":\"https:\/\/schema.org\",\"@graph\":[{\"@type\":\"WebPage\",\"@id\":\"https:\/\/www.legendyuvas.cz\/zasady-zpracovani-osobnich-udaju-pro-marketingove-ucely\/\",\"url\":\"https:\/\/www.legendyuvas.cz\/zasady-zpracovani-osobnich-udaju-pro-marketingove-ucely\/\",\"name\":\"Principles of processing personal data for marketing purposes - Legendy U V\u00e1s\",\"isPartOf\":{\"@id\":\"https:\/\/www.legendyuvas.cz\/#website\"},\"datePublished\":\"2025-01-21T12:18:47+00:00\",\"dateModified\":\"2025-11-12T14:56:17+00:00\",\"breadcrumb\":{\"@id\":\"https:\/\/www.legendyuvas.cz\/zasady-zpracovani-osobnich-udaju-pro-marketingove-ucely\/#breadcrumb\"},\"inLanguage\":\"en-US\",\"potentialAction\":[{\"@type\":\"ReadAction\",\"target\":[\"https:\/\/www.legendyuvas.cz\/zasady-zpracovani-osobnich-udaju-pro-marketingove-ucely\/\"]}]},{\"@type\":\"BreadcrumbList\",\"@id\":\"https:\/\/www.legendyuvas.cz\/zasady-zpracovani-osobnich-udaju-pro-marketingove-ucely\/#breadcrumb\",\"itemListElement\":[{\"@type\":\"ListItem\",\"position\":1,\"name\":\"Dom\u016f\",\"item\":\"https:\/\/www.legendyuvas.cz\/\"},{\"@type\":\"ListItem\",\"position\":2,\"name\":\"Principles of processing personal data for marketing purposes\"}]},{\"@type\":\"WebSite\",\"@id\":\"https:\/\/www.legendyuvas.cz\/#website\",\"url\":\"https:\/\/www.legendyuvas.cz\/\",\"name\":\"Legendy U V\u00e1s\",\"description\":\"Dechberouc\u00ed z\u00e1\u017eitky v autech a motork\u00e1ch\",\"publisher\":{\"@id\":\"https:\/\/www.legendyuvas.cz\/#organization\"},\"potentialAction\":[{\"@type\":\"SearchAction\",\"target\":{\"@type\":\"EntryPoint\",\"urlTemplate\":\"https:\/\/www.legendyuvas.cz\/?s={search_term_string}\"},\"query-input\":{\"@type\":\"PropertyValueSpecification\",\"valueRequired\":true,\"valueName\":\"search_term_string\"}}],\"inLanguage\":\"en-US\"},{\"@type\":\"Organization\",\"@id\":\"https:\/\/www.legendyuvas.cz\/#organization\",\"name\":\"Bontex2 s.r.o.\",\"url\":\"https:\/\/www.legendyuvas.cz\/\",\"logo\":{\"@type\":\"ImageObject\",\"inLanguage\":\"en-US\",\"@id\":\"https:\/\/www.legendyuvas.cz\/#\/schema\/logo\/image\/\",\"url\":\"https:\/\/www.legendyuvas.cz\/wp-content\/uploads\/2021\/03\/Legendy-u-Vas.jpg\",\"contentUrl\":\"https:\/\/www.legendyuvas.cz\/wp-content\/uploads\/2021\/03\/Legendy-u-Vas.jpg\",\"width\":400,\"height\":240,\"caption\":\"Bontex2 s.r.o.\"},\"image\":{\"@id\":\"https:\/\/www.legendyuvas.cz\/#\/schema\/logo\/image\/\"},\"sameAs\":[\"https:\/\/www.facebook.com\/autolegendyuvas\",\"https:\/\/www.facebook.com\/motolegendyuvas\",\"https:\/\/www.instagram.com\/autolegendyuvas\/\",\"https:\/\/www.instagram.com\/motolegendyuvas\/\"]}]}<\/script>\n<!-- \/ Yoast SEO plugin. -->","yoast_head_json":{"title":"Principles of processing personal data for marketing purposes - Legendy U V\u00e1s","robots":{"index":"index","follow":"follow","max-snippet":"max-snippet:-1","max-image-preview":"max-image-preview:large","max-video-preview":"max-video-preview:-1"},"canonical":"https:\/\/www.legendyuvas.cz\/zasady-zpracovani-osobnich-udaju-pro-marketingove-ucely\/","og_locale":"en_US","og_type":"article","og_title":"Principles of processing personal data for marketing purposes - Legendy U V\u00e1s","og_description":"Principles processing of personal data for marketing purposes I. Basic provisions 1. The controller of personal data pursuant to Article 4(7) of the European Regulation of the European Parliament and of the Council (EU) 2016\/679 on the protection of natural persons in processing of personal data and on the free movement of such data of [&hellip;]","og_url":"https:\/\/www.legendyuvas.cz\/zasady-zpracovani-osobnich-udaju-pro-marketingove-ucely\/","og_site_name":"Legendy U V\u00e1s","article_publisher":"https:\/\/www.facebook.com\/autolegendyuvas","article_modified_time":"2025-11-12T14:56:17+00:00","og_image":[{"width":1024,"height":630,"url":"https:\/\/www.legendyuvas.cz\/wp-content\/uploads\/2023\/06\/Porsche-GT3-RS-1-min.jpg","type":"image\/jpeg"}],"twitter_card":"summary_large_image","twitter_misc":{"Est. reading time":"2 minutes"},"schema":{"@context":"https:\/\/schema.org","@graph":[{"@type":"WebPage","@id":"https:\/\/www.legendyuvas.cz\/zasady-zpracovani-osobnich-udaju-pro-marketingove-ucely\/","url":"https:\/\/www.legendyuvas.cz\/zasady-zpracovani-osobnich-udaju-pro-marketingove-ucely\/","name":"Principles of processing personal data for marketing purposes - Legendy U V\u00e1s","isPartOf":{"@id":"https:\/\/www.legendyuvas.cz\/#website"},"datePublished":"2025-01-21T12:18:47+00:00","dateModified":"2025-11-12T14:56:17+00:00","breadcrumb":{"@id":"https:\/\/www.legendyuvas.cz\/zasady-zpracovani-osobnich-udaju-pro-marketingove-ucely\/#breadcrumb"},"inLanguage":"en-US","potentialAction":[{"@type":"ReadAction","target":["https:\/\/www.legendyuvas.cz\/zasady-zpracovani-osobnich-udaju-pro-marketingove-ucely\/"]}]},{"@type":"BreadcrumbList","@id":"https:\/\/www.legendyuvas.cz\/zasady-zpracovani-osobnich-udaju-pro-marketingove-ucely\/#breadcrumb","itemListElement":[{"@type":"ListItem","position":1,"name":"Dom\u016f","item":"https:\/\/www.legendyuvas.cz\/"},{"@type":"ListItem","position":2,"name":"Principles of processing personal data for marketing purposes"}]},{"@type":"WebSite","@id":"https:\/\/www.legendyuvas.cz\/#website","url":"https:\/\/www.legendyuvas.cz\/","name":"Legendy U V\u00e1s","description":"Dechberouc\u00ed z\u00e1\u017eitky v autech a motork\u00e1ch","publisher":{"@id":"https:\/\/www.legendyuvas.cz\/#organization"},"potentialAction":[{"@type":"SearchAction","target":{"@type":"EntryPoint","urlTemplate":"https:\/\/www.legendyuvas.cz\/?s={search_term_string}"},"query-input":{"@type":"PropertyValueSpecification","valueRequired":true,"valueName":"search_term_string"}}],"inLanguage":"en-US"},{"@type":"Organization","@id":"https:\/\/www.legendyuvas.cz\/#organization","name":"Bontex2 s.r.o.","url":"https:\/\/www.legendyuvas.cz\/","logo":{"@type":"ImageObject","inLanguage":"en-US","@id":"https:\/\/www.legendyuvas.cz\/#\/schema\/logo\/image\/","url":"https:\/\/www.legendyuvas.cz\/wp-content\/uploads\/2021\/03\/Legendy-u-Vas.jpg","contentUrl":"https:\/\/www.legendyuvas.cz\/wp-content\/uploads\/2021\/03\/Legendy-u-Vas.jpg","width":400,"height":240,"caption":"Bontex2 s.r.o."},"image":{"@id":"https:\/\/www.legendyuvas.cz\/#\/schema\/logo\/image\/"},"sameAs":["https:\/\/www.facebook.com\/autolegendyuvas","https:\/\/www.facebook.com\/motolegendyuvas","https:\/\/www.instagram.com\/autolegendyuvas\/","https:\/\/www.instagram.com\/motolegendyuvas\/"]}]}},"_links":{"self":[{"href":"https:\/\/www.legendyuvas.cz\/en\/wp-json\/wp\/v2\/pages\/33613","targetHints":{"allow":["GET"]}}],"collection":[{"href":"https:\/\/www.legendyuvas.cz\/en\/wp-json\/wp\/v2\/pages"}],"about":[{"href":"https:\/\/www.legendyuvas.cz\/en\/wp-json\/wp\/v2\/types\/page"}],"author":[{"embeddable":true,"href":"https:\/\/www.legendyuvas.cz\/en\/wp-json\/wp\/v2\/users\/3"}],"replies":[{"embeddable":true,"href":"https:\/\/www.legendyuvas.cz\/en\/wp-json\/wp\/v2\/comments?post=33613"}],"version-history":[{"count":1,"href":"https:\/\/www.legendyuvas.cz\/en\/wp-json\/wp\/v2\/pages\/33613\/revisions"}],"predecessor-version":[{"id":33614,"href":"https:\/\/www.legendyuvas.cz\/en\/wp-json\/wp\/v2\/pages\/33613\/revisions\/33614"}],"wp:attachment":[{"href":"https:\/\/www.legendyuvas.cz\/en\/wp-json\/wp\/v2\/media?parent=33613"}],"curies":[{"name":"wp","href":"https:\/\/api.w.org\/{rel}","templated":true}]}}