{"id":32266,"date":"2024-11-18T08:32:58","date_gmt":"2024-11-18T08:32:58","guid":{"rendered":"https:\/\/www.legendyuvas.cz\/produkt\/mercedes-amg-gt-63-at\/"},"modified":"2025-12-27T00:02:36","modified_gmt":"2025-12-27T00:02:36","slug":"mercedes-amg-gt-63-at","status":"publish","type":"product","link":"https:\/\/www.legendyuvas.cz\/en\/produkt\/mercedes-amg-gt-63-at\/","title":{"rendered":"Mercedes-AMG GT 63 (AT)"},"content":{"rendered":"<h1>Brutal German Force<\/h1>\n<p><strong>Experience power and speed with the Mercedes-AMG GT 63 PRO 4MATIC+!<\/strong> This super sports car offers uncompromising performance thanks to a V8 biturbo engine with <strong>585 horsepower<\/strong> and 800 Nm of torque. Acceleration from 0 to 100 km\/h in <strong>a breathtaking 3.2 seconds<\/strong> and a top speed of 315 km\/h will instantly immerse you in a world of adrenaline and pure energy. And if you&#8217;re looking for an even greater experience, the 0 to 200 km\/h acceleration in just 9.8 seconds will leave you in no doubt that this is one of the <strong>best representatives of the GT category.<\/strong><\/p>\n<p><img fetchpriority=\"high\" decoding=\"async\" class=\"aligncenter wp-image-12741 size-full\" src=\"https:\/\/www.legendyuvas.cz\/wp-content\/uploads\/2024\/11\/IMGL1744-scaled.jpg\" alt=\"\" width=\"2560\" height=\"1707\" srcset=\"https:\/\/www.legendyuvas.cz\/wp-content\/uploads\/2024\/11\/IMGL1744-scaled.jpg 2560w, https:\/\/www.legendyuvas.cz\/wp-content\/uploads\/2024\/11\/IMGL1744-300x200.jpg 300w, https:\/\/www.legendyuvas.cz\/wp-content\/uploads\/2024\/11\/IMGL1744-1024x683.jpg 1024w, https:\/\/www.legendyuvas.cz\/wp-content\/uploads\/2024\/11\/IMGL1744-768x512.jpg 768w, https:\/\/www.legendyuvas.cz\/wp-content\/uploads\/2024\/11\/IMGL1744-1536x1024.jpg 1536w, https:\/\/www.legendyuvas.cz\/wp-content\/uploads\/2024\/11\/IMGL1744-2048x1365.jpg 2048w, https:\/\/www.legendyuvas.cz\/wp-content\/uploads\/2024\/11\/IMGL1744-600x400.jpg 600w\" sizes=\"(max-width: 2560px) 100vw, 2560px\" \/><\/p>\n<p>&nbsp;<\/p>\n<p>Technologies such as the <strong>AMG ACTIVE RIDE CONTROL<\/strong> active chassis, rear axle steering or the fully variable <strong>AMG Performance 4MATIC+<\/strong> all-wheel drive ensure that you are always <strong>in control<\/strong> of the car&#8217;s power. The Mercedes-AMG GT 63 is designed to deliver precise handling even at the highest speeds, making every corner an unforgettable experience. Thanks to cutting-edge technology, the car is ready to <strong>take on any race circuit<\/strong> with complete confidence.<\/p>\n<p><img decoding=\"async\" class=\"aligncenter wp-image-12734 size-full\" src=\"https:\/\/www.legendyuvas.cz\/wp-content\/uploads\/2024\/11\/IMGL1729-scaled.jpg\" alt=\"\" width=\"2560\" height=\"1707\" srcset=\"https:\/\/www.legendyuvas.cz\/wp-content\/uploads\/2024\/11\/IMGL1729-scaled.jpg 2560w, https:\/\/www.legendyuvas.cz\/wp-content\/uploads\/2024\/11\/IMGL1729-300x200.jpg 300w, https:\/\/www.legendyuvas.cz\/wp-content\/uploads\/2024\/11\/IMGL1729-1024x683.jpg 1024w, https:\/\/www.legendyuvas.cz\/wp-content\/uploads\/2024\/11\/IMGL1729-768x512.jpg 768w, https:\/\/www.legendyuvas.cz\/wp-content\/uploads\/2024\/11\/IMGL1729-1536x1024.jpg 1536w, https:\/\/www.legendyuvas.cz\/wp-content\/uploads\/2024\/11\/IMGL1729-2048x1365.jpg 2048w, https:\/\/www.legendyuvas.cz\/wp-content\/uploads\/2024\/11\/IMGL1729-600x400.jpg 600w\" sizes=\"(max-width: 2560px) 100vw, 2560px\" \/><\/p>\n<p>&nbsp;<\/p>\n<p>To make your experience even more unique, the Mercedes-AMG GT 63 offers the <strong>option of customisation.<\/strong> This car combines breathtaking dynamics with elegance and comfort, whether you get behind the wheel or enjoy the ride from the passenger seat. Get ready for an <strong>unforgettable track experience<\/strong> that all fans of speed and luxury will love.<\/p>\n","protected":false},"excerpt":{"rendered":"<p>All our cars <strong>you can drive<\/strong> or choose to ride as a co-driver with a racing driver.<\/p>\n","protected":false},"featured_media":31063,"comment_status":"open","ping_status":"closed","template":"","meta":[],"product_brand":[],"product_cat":[450],"product_tag":[],"class_list":{"0":"post-32266","1":"product","2":"type-product","3":"status-publish","4":"has-post-thumbnail","6":"product_cat-auta","8":"first","9":"instock","10":"shipping-taxable","11":"purchasable","12":"product-type-variable"},"yoast_head":"<!-- This site is optimized with the Yoast SEO plugin v24.8.1 - https:\/\/yoast.com\/wordpress\/plugins\/seo\/ -->\n<title>Mercedes-AMG GT 63 (AT) - Legendy U V\u00e1s<\/title>\n<meta name=\"description\" content=\"Adrenaline experience with Legends U V\u00e1s - an original gift not only for men and car enthusiasts. Driving in sports cars (Ferrari, Lamborghini, Porsche, ...) on the racing circuit and district.\" \/>\n<meta name=\"robots\" content=\"index, follow, max-snippet:-1, max-image-preview:large, max-video-preview:-1\" \/>\n<link rel=\"canonical\" href=\"https:\/\/www.legendyuvas.cz\/produkt\/mercedes-amg-gt-63-pro-4matic\/\" \/>\n<meta property=\"og:locale\" content=\"en_US\" \/>\n<meta property=\"og:type\" content=\"article\" \/>\n<meta property=\"og:title\" content=\"Mercedes-AMG GT 63 (AT) - Legendy U V\u00e1s\" \/>\n<meta property=\"og:description\" content=\"Adrenaline experience with Legends U V\u00e1s - an original gift not only for men and car enthusiasts. Driving in sports cars (Ferrari, Lamborghini, Porsche, ...) on the racing circuit and district.\" \/>\n<meta property=\"og:url\" content=\"https:\/\/www.legendyuvas.cz\/produkt\/mercedes-amg-gt-63-pro-4matic\/\" \/>\n<meta property=\"og:site_name\" content=\"Legendy U V\u00e1s\" \/>\n<meta property=\"article:publisher\" content=\"https:\/\/www.facebook.com\/autolegendyuvas\" \/>\n<meta property=\"article:modified_time\" content=\"2025-12-27T00:02:36+00:00\" \/>\n<meta property=\"og:image\" content=\"https:\/\/www.legendyuvas.cz\/wp-content\/uploads\/2024\/11\/DSC01556-scaled.jpg\" \/>\n\t<meta property=\"og:image:width\" content=\"2560\" \/>\n\t<meta property=\"og:image:height\" content=\"1707\" \/>\n\t<meta property=\"og:image:type\" content=\"image\/jpeg\" \/>\n<meta name=\"twitter:card\" content=\"summary_large_image\" \/>\n<meta name=\"twitter:label1\" content=\"Est. reading time\" \/>\n\t<meta name=\"twitter:data1\" content=\"1 minute\" \/>\n<script type=\"application\/ld+json\" class=\"yoast-schema-graph\">{\"@context\":\"https:\/\/schema.org\",\"@graph\":[{\"@type\":\"WebPage\",\"@id\":\"https:\/\/www.legendyuvas.cz\/produkt\/mercedes-amg-gt-63-pro-4matic\/\",\"url\":\"https:\/\/www.legendyuvas.cz\/produkt\/mercedes-amg-gt-63-pro-4matic\/\",\"name\":\"Mercedes-AMG GT 63 (AT) - Legendy U V\u00e1s\",\"isPartOf\":{\"@id\":\"https:\/\/www.legendyuvas.cz\/#website\"},\"primaryImageOfPage\":{\"@id\":\"https:\/\/www.legendyuvas.cz\/produkt\/mercedes-amg-gt-63-pro-4matic\/#primaryimage\"},\"image\":{\"@id\":\"https:\/\/www.legendyuvas.cz\/produkt\/mercedes-amg-gt-63-pro-4matic\/#primaryimage\"},\"thumbnailUrl\":\"https:\/\/www.legendyuvas.cz\/wp-content\/uploads\/2024\/11\/DSC01556-scaled.jpg\",\"datePublished\":\"2024-11-18T08:32:58+00:00\",\"dateModified\":\"2025-12-27T00:02:36+00:00\",\"description\":\"Adrenaline experience with Legends U V\u00e1s - an original gift not only for men and car enthusiasts. Driving in sports cars (Ferrari, Lamborghini, Porsche, ...) on the racing circuit and district.\",\"breadcrumb\":{\"@id\":\"https:\/\/www.legendyuvas.cz\/produkt\/mercedes-amg-gt-63-pro-4matic\/#breadcrumb\"},\"inLanguage\":\"en-US\",\"potentialAction\":[{\"@type\":\"ReadAction\",\"target\":[\"https:\/\/www.legendyuvas.cz\/produkt\/mercedes-amg-gt-63-pro-4matic\/\"]}]},{\"@type\":\"ImageObject\",\"inLanguage\":\"en-US\",\"@id\":\"https:\/\/www.legendyuvas.cz\/produkt\/mercedes-amg-gt-63-pro-4matic\/#primaryimage\",\"url\":\"https:\/\/www.legendyuvas.cz\/wp-content\/uploads\/2024\/11\/DSC01556-scaled.jpg\",\"contentUrl\":\"https:\/\/www.legendyuvas.cz\/wp-content\/uploads\/2024\/11\/DSC01556-scaled.jpg\",\"width\":2560,\"height\":1707},{\"@type\":\"BreadcrumbList\",\"@id\":\"https:\/\/www.legendyuvas.cz\/produkt\/mercedes-amg-gt-63-pro-4matic\/#breadcrumb\",\"itemListElement\":[{\"@type\":\"ListItem\",\"position\":1,\"name\":\"Dom\u016f\",\"item\":\"https:\/\/www.legendyuvas.cz\/\"},{\"@type\":\"ListItem\",\"position\":2,\"name\":\"Obchod\",\"item\":\"https:\/\/www.legendyuvas.cz\/en\/obchod\/\"},{\"@type\":\"ListItem\",\"position\":3,\"name\":\"Mercedes-AMG GT 63 (AT)\"}]},{\"@type\":\"WebSite\",\"@id\":\"https:\/\/www.legendyuvas.cz\/#website\",\"url\":\"https:\/\/www.legendyuvas.cz\/\",\"name\":\"Legendy U V\u00e1s\",\"description\":\"Dechberouc\u00ed z\u00e1\u017eitky v autech a motork\u00e1ch\",\"publisher\":{\"@id\":\"https:\/\/www.legendyuvas.cz\/#organization\"},\"potentialAction\":[{\"@type\":\"SearchAction\",\"target\":{\"@type\":\"EntryPoint\",\"urlTemplate\":\"https:\/\/www.legendyuvas.cz\/?s={search_term_string}\"},\"query-input\":{\"@type\":\"PropertyValueSpecification\",\"valueRequired\":true,\"valueName\":\"search_term_string\"}}],\"inLanguage\":\"en-US\"},{\"@type\":\"Organization\",\"@id\":\"https:\/\/www.legendyuvas.cz\/#organization\",\"name\":\"Bontex2 s.r.o.\",\"url\":\"https:\/\/www.legendyuvas.cz\/\",\"logo\":{\"@type\":\"ImageObject\",\"inLanguage\":\"en-US\",\"@id\":\"https:\/\/www.legendyuvas.cz\/#\/schema\/logo\/image\/\",\"url\":\"https:\/\/www.legendyuvas.cz\/wp-content\/uploads\/2021\/03\/Legendy-u-Vas.jpg\",\"contentUrl\":\"https:\/\/www.legendyuvas.cz\/wp-content\/uploads\/2021\/03\/Legendy-u-Vas.jpg\",\"width\":400,\"height\":240,\"caption\":\"Bontex2 s.r.o.\"},\"image\":{\"@id\":\"https:\/\/www.legendyuvas.cz\/#\/schema\/logo\/image\/\"},\"sameAs\":[\"https:\/\/www.facebook.com\/autolegendyuvas\",\"https:\/\/www.facebook.com\/motolegendyuvas\",\"https:\/\/www.instagram.com\/autolegendyuvas\/\",\"https:\/\/www.instagram.com\/motolegendyuvas\/\"]}]}<\/script>\n<!-- \/ Yoast SEO plugin. -->","yoast_head_json":{"title":"Mercedes-AMG GT 63 (AT) - Legendy U V\u00e1s","description":"Adrenaline experience with Legends U V\u00e1s - an original gift not only for men and car enthusiasts. Driving in sports cars (Ferrari, Lamborghini, Porsche, ...) on the racing circuit and district.","robots":{"index":"index","follow":"follow","max-snippet":"max-snippet:-1","max-image-preview":"max-image-preview:large","max-video-preview":"max-video-preview:-1"},"canonical":"https:\/\/www.legendyuvas.cz\/produkt\/mercedes-amg-gt-63-pro-4matic\/","og_locale":"en_US","og_type":"article","og_title":"Mercedes-AMG GT 63 (AT) - Legendy U V\u00e1s","og_description":"Adrenaline experience with Legends U V\u00e1s - an original gift not only for men and car enthusiasts. Driving in sports cars (Ferrari, Lamborghini, Porsche, ...) on the racing circuit and district.","og_url":"https:\/\/www.legendyuvas.cz\/produkt\/mercedes-amg-gt-63-pro-4matic\/","og_site_name":"Legendy U V\u00e1s","article_publisher":"https:\/\/www.facebook.com\/autolegendyuvas","article_modified_time":"2025-12-27T00:02:36+00:00","og_image":[{"width":2560,"height":1707,"url":"https:\/\/www.legendyuvas.cz\/wp-content\/uploads\/2024\/11\/DSC01556-scaled.jpg","type":"image\/jpeg"}],"twitter_card":"summary_large_image","twitter_misc":{"Est. reading time":"1 minute"},"schema":{"@context":"https:\/\/schema.org","@graph":[{"@type":"WebPage","@id":"https:\/\/www.legendyuvas.cz\/produkt\/mercedes-amg-gt-63-pro-4matic\/","url":"https:\/\/www.legendyuvas.cz\/produkt\/mercedes-amg-gt-63-pro-4matic\/","name":"Mercedes-AMG GT 63 (AT) - Legendy U V\u00e1s","isPartOf":{"@id":"https:\/\/www.legendyuvas.cz\/#website"},"primaryImageOfPage":{"@id":"https:\/\/www.legendyuvas.cz\/produkt\/mercedes-amg-gt-63-pro-4matic\/#primaryimage"},"image":{"@id":"https:\/\/www.legendyuvas.cz\/produkt\/mercedes-amg-gt-63-pro-4matic\/#primaryimage"},"thumbnailUrl":"https:\/\/www.legendyuvas.cz\/wp-content\/uploads\/2024\/11\/DSC01556-scaled.jpg","datePublished":"2024-11-18T08:32:58+00:00","dateModified":"2025-12-27T00:02:36+00:00","description":"Adrenaline experience with Legends U V\u00e1s - an original gift not only for men and car enthusiasts. Driving in sports cars (Ferrari, Lamborghini, Porsche, ...) on the racing circuit and district.","breadcrumb":{"@id":"https:\/\/www.legendyuvas.cz\/produkt\/mercedes-amg-gt-63-pro-4matic\/#breadcrumb"},"inLanguage":"en-US","potentialAction":[{"@type":"ReadAction","target":["https:\/\/www.legendyuvas.cz\/produkt\/mercedes-amg-gt-63-pro-4matic\/"]}]},{"@type":"ImageObject","inLanguage":"en-US","@id":"https:\/\/www.legendyuvas.cz\/produkt\/mercedes-amg-gt-63-pro-4matic\/#primaryimage","url":"https:\/\/www.legendyuvas.cz\/wp-content\/uploads\/2024\/11\/DSC01556-scaled.jpg","contentUrl":"https:\/\/www.legendyuvas.cz\/wp-content\/uploads\/2024\/11\/DSC01556-scaled.jpg","width":2560,"height":1707},{"@type":"BreadcrumbList","@id":"https:\/\/www.legendyuvas.cz\/produkt\/mercedes-amg-gt-63-pro-4matic\/#breadcrumb","itemListElement":[{"@type":"ListItem","position":1,"name":"Dom\u016f","item":"https:\/\/www.legendyuvas.cz\/"},{"@type":"ListItem","position":2,"name":"Obchod","item":"https:\/\/www.legendyuvas.cz\/en\/obchod\/"},{"@type":"ListItem","position":3,"name":"Mercedes-AMG GT 63 (AT)"}]},{"@type":"WebSite","@id":"https:\/\/www.legendyuvas.cz\/#website","url":"https:\/\/www.legendyuvas.cz\/","name":"Legendy U V\u00e1s","description":"Dechberouc\u00ed z\u00e1\u017eitky v autech a motork\u00e1ch","publisher":{"@id":"https:\/\/www.legendyuvas.cz\/#organization"},"potentialAction":[{"@type":"SearchAction","target":{"@type":"EntryPoint","urlTemplate":"https:\/\/www.legendyuvas.cz\/?s={search_term_string}"},"query-input":{"@type":"PropertyValueSpecification","valueRequired":true,"valueName":"search_term_string"}}],"inLanguage":"en-US"},{"@type":"Organization","@id":"https:\/\/www.legendyuvas.cz\/#organization","name":"Bontex2 s.r.o.","url":"https:\/\/www.legendyuvas.cz\/","logo":{"@type":"ImageObject","inLanguage":"en-US","@id":"https:\/\/www.legendyuvas.cz\/#\/schema\/logo\/image\/","url":"https:\/\/www.legendyuvas.cz\/wp-content\/uploads\/2021\/03\/Legendy-u-Vas.jpg","contentUrl":"https:\/\/www.legendyuvas.cz\/wp-content\/uploads\/2021\/03\/Legendy-u-Vas.jpg","width":400,"height":240,"caption":"Bontex2 s.r.o."},"image":{"@id":"https:\/\/www.legendyuvas.cz\/#\/schema\/logo\/image\/"},"sameAs":["https:\/\/www.facebook.com\/autolegendyuvas","https:\/\/www.facebook.com\/motolegendyuvas","https:\/\/www.instagram.com\/autolegendyuvas\/","https:\/\/www.instagram.com\/motolegendyuvas\/"]}]}},"_links":{"self":[{"href":"https:\/\/www.legendyuvas.cz\/en\/wp-json\/wp\/v2\/product\/32266","targetHints":{"allow":["GET"]}}],"collection":[{"href":"https:\/\/www.legendyuvas.cz\/en\/wp-json\/wp\/v2\/product"}],"about":[{"href":"https:\/\/www.legendyuvas.cz\/en\/wp-json\/wp\/v2\/types\/product"}],"replies":[{"embeddable":true,"href":"https:\/\/www.legendyuvas.cz\/en\/wp-json\/wp\/v2\/comments?post=32266"}],"version-history":[{"count":0,"href":"https:\/\/www.legendyuvas.cz\/en\/wp-json\/wp\/v2\/product\/32266\/revisions"}],"wp:featuredmedia":[{"embeddable":true,"href":"https:\/\/www.legendyuvas.cz\/en\/wp-json\/wp\/v2\/media\/31063"}],"wp:attachment":[{"href":"https:\/\/www.legendyuvas.cz\/en\/wp-json\/wp\/v2\/media?parent=32266"}],"wp:term":[{"taxonomy":"product_brand","embeddable":true,"href":"https:\/\/www.legendyuvas.cz\/en\/wp-json\/wp\/v2\/product_brand?post=32266"},{"taxonomy":"product_cat","embeddable":true,"href":"https:\/\/www.legendyuvas.cz\/en\/wp-json\/wp\/v2\/product_cat?post=32266"},{"taxonomy":"product_tag","embeddable":true,"href":"https:\/\/www.legendyuvas.cz\/en\/wp-json\/wp\/v2\/product_tag?post=32266"}],"curies":[{"name":"wp","href":"https:\/\/api.w.org\/{rel}","templated":true}]}}