{"id":32286,"date":"2024-11-19T08:51:19","date_gmt":"2024-11-19T08:51:19","guid":{"rendered":"https:\/\/www.legendyuvas.cz\/produkt\/bmw-m4-csl-at\/"},"modified":"2025-12-27T00:02:39","modified_gmt":"2025-12-27T00:02:39","slug":"bmw-m4-csl-at","status":"publish","type":"product","link":"https:\/\/www.legendyuvas.cz\/en\/produkt\/bmw-m4-csl-at\/","title":{"rendered":"BMW M4 CSL (AT)"},"content":{"rendered":"<h1>German Symphony of Power and Elegance<\/h1>\n<p>Driving the BMW M4 CSL is like an <strong>artistic dance between the road and you<\/strong>. You feel every vibration of the car, every touch of the pedal and every corner that you continuously master with <strong>precise steering<\/strong>. The unforgettable sound of the engine penetrates into your heart and enhances your <strong>feeling of excitement<\/strong>.<\/p>\n<p><iframe title=\"BMW M day na okruhu\" width=\"800\" height=\"450\" src=\"https:\/\/www.youtube.com\/embed\/cllb0nl59Kk?feature=oembed&#038;enablejsapi=1&#038;origin=https:\/\/www.legendyuvas.cz\" frameborder=\"0\" allow=\"accelerometer; autoplay; clipboard-write; encrypted-media; gyroscope; picture-in-picture; web-share\" referrerpolicy=\"strict-origin-when-cross-origin\" allowfullscreen><\/iframe><\/p>\n<p>The design of the BMW M4 CSL is full of aggressiveness and <strong>peak aerodynamics<\/strong>. Every detail of the car has been carefully thought out and designed for maximum performance and visual stunning. The sporty bodywork, aggressive bonnet and distinctive aerodynamic elements create an unmistakable look that exudes power and dynamism.<\/p>\n<p>The BMW M4 CSL is the ultimate sports car that combines immediate performance, perfect dynamics and elegant design. It is a car that <strong>defines your expectations<\/strong>, meets them and immediately takes the experience to a new level.<\/p>\n<p>Under the hood of this machine is a powerful and innovative engine that generates explosive power. Thanks to precision tuning, <strong>automatic transmission (ZF)<\/strong> and powerful technologies, the BMW M4 CSL delivers a <strong>staggering 550 horsepower<\/strong>, allowing you to achieve extreme speeds and acceleration. 0 to 100 km\/h in <strong>3.7 seconds<\/strong>.<\/p>\n<p><img fetchpriority=\"high\" decoding=\"async\" class=\"alignnone wp-image-359 size-large\" src=\"https:\/\/www.legendyuvas.cz\/wp-content\/uploads\/2023\/06\/C5D_5395-min-1024x683.jpg\" alt=\"\" width=\"800\" height=\"534\" srcset=\"https:\/\/www.legendyuvas.cz\/wp-content\/uploads\/2023\/06\/C5D_5395-min-1024x683.jpg 1024w, https:\/\/www.legendyuvas.cz\/wp-content\/uploads\/2023\/06\/C5D_5395-min-300x200.jpg 300w, https:\/\/www.legendyuvas.cz\/wp-content\/uploads\/2023\/06\/C5D_5395-min-768x512.jpg 768w, https:\/\/www.legendyuvas.cz\/wp-content\/uploads\/2023\/06\/C5D_5395-min-1536x1024.jpg 1536w, https:\/\/www.legendyuvas.cz\/wp-content\/uploads\/2023\/06\/C5D_5395-min-2048x1365.jpg 2048w, https:\/\/www.legendyuvas.cz\/wp-content\/uploads\/2023\/06\/C5D_5395-min-600x400.jpg 600w\" sizes=\"(max-width: 800px) 100vw, 800px\" \/><\/p>\n<p>&nbsp;<\/p>\n<p>Give your loved ones the opportunity to experience this masterpiece. The BMW M4 CSL is a symbol of excellence and <strong>passion for driving<\/strong>. It is an experience that will leave an indelible feeling in the heart of every car enthusiast. Click below to book this incredible experience today.<\/p>\n","protected":false},"excerpt":{"rendered":"<p>All our cars <strong>you can drive<\/strong> or choose to ride as a co-driver with a racing driver.<\/p>\n","protected":false},"featured_media":41372,"comment_status":"open","ping_status":"closed","template":"","meta":[],"product_brand":[],"product_cat":[450],"product_tag":[],"class_list":{"0":"post-32286","1":"product","2":"type-product","3":"status-publish","4":"has-post-thumbnail","6":"product_cat-auta","8":"first","9":"instock","10":"shipping-taxable","11":"purchasable","12":"product-type-variable"},"yoast_head":"<!-- This site is optimized with the Yoast SEO plugin v24.8.1 - https:\/\/yoast.com\/wordpress\/plugins\/seo\/ -->\n<title>BMW M4 CSL (AT) - Legendy U V\u00e1s<\/title>\n<meta name=\"description\" content=\"Adrenaline experience with Legends U V\u00e1s - an original gift not only for men and car enthusiasts. Driving in sports cars (Ferrari, Lamborghini, Porsche, ...) on the racing circuit and district.\" \/>\n<meta name=\"robots\" content=\"index, follow, max-snippet:-1, max-image-preview:large, max-video-preview:-1\" \/>\n<link rel=\"canonical\" href=\"https:\/\/www.legendyuvas.cz\/produkt\/zazitkova-jizda-v-bmw-m4-csl\/\" \/>\n<meta property=\"og:locale\" content=\"en_US\" \/>\n<meta property=\"og:type\" content=\"article\" \/>\n<meta property=\"og:title\" content=\"BMW M4 CSL (AT) - Legendy U V\u00e1s\" \/>\n<meta property=\"og:description\" content=\"Adrenaline experience with Legends U V\u00e1s - an original gift not only for men and car enthusiasts. Driving in sports cars (Ferrari, Lamborghini, Porsche, ...) on the racing circuit and district.\" \/>\n<meta property=\"og:url\" content=\"https:\/\/www.legendyuvas.cz\/produkt\/zazitkova-jizda-v-bmw-m4-csl\/\" \/>\n<meta property=\"og:site_name\" content=\"Legendy U V\u00e1s\" \/>\n<meta property=\"article:publisher\" content=\"https:\/\/www.facebook.com\/autolegendyuvas\" \/>\n<meta property=\"article:modified_time\" content=\"2025-12-27T00:02:39+00:00\" \/>\n<meta property=\"og:image\" content=\"https:\/\/www.legendyuvas.cz\/wp-content\/uploads\/2024\/11\/IMG_9371-01-1536x1024-1.webp\" \/>\n\t<meta property=\"og:image:width\" content=\"1536\" \/>\n\t<meta property=\"og:image:height\" content=\"1024\" \/>\n\t<meta property=\"og:image:type\" content=\"image\/webp\" \/>\n<meta name=\"twitter:card\" content=\"summary_large_image\" \/>\n<meta name=\"twitter:label1\" content=\"Est. reading time\" \/>\n\t<meta name=\"twitter:data1\" content=\"1 minute\" \/>\n<script type=\"application\/ld+json\" class=\"yoast-schema-graph\">{\"@context\":\"https:\/\/schema.org\",\"@graph\":[{\"@type\":\"WebPage\",\"@id\":\"https:\/\/www.legendyuvas.cz\/produkt\/zazitkova-jizda-v-bmw-m4-csl\/\",\"url\":\"https:\/\/www.legendyuvas.cz\/produkt\/zazitkova-jizda-v-bmw-m4-csl\/\",\"name\":\"BMW M4 CSL (AT) - Legendy U V\u00e1s\",\"isPartOf\":{\"@id\":\"https:\/\/www.legendyuvas.cz\/#website\"},\"primaryImageOfPage\":{\"@id\":\"https:\/\/www.legendyuvas.cz\/produkt\/zazitkova-jizda-v-bmw-m4-csl\/#primaryimage\"},\"image\":{\"@id\":\"https:\/\/www.legendyuvas.cz\/produkt\/zazitkova-jizda-v-bmw-m4-csl\/#primaryimage\"},\"thumbnailUrl\":\"https:\/\/www.legendyuvas.cz\/wp-content\/uploads\/2024\/11\/IMG_9371-01-1536x1024-1-1.webp\",\"datePublished\":\"2024-11-19T08:51:19+00:00\",\"dateModified\":\"2025-12-27T00:02:39+00:00\",\"description\":\"Adrenaline experience with Legends U V\u00e1s - an original gift not only for men and car enthusiasts. Driving in sports cars (Ferrari, Lamborghini, Porsche, ...) on the racing circuit and district.\",\"breadcrumb\":{\"@id\":\"https:\/\/www.legendyuvas.cz\/produkt\/zazitkova-jizda-v-bmw-m4-csl\/#breadcrumb\"},\"inLanguage\":\"en-US\",\"potentialAction\":[{\"@type\":\"ReadAction\",\"target\":[\"https:\/\/www.legendyuvas.cz\/produkt\/zazitkova-jizda-v-bmw-m4-csl\/\"]}]},{\"@type\":\"ImageObject\",\"inLanguage\":\"en-US\",\"@id\":\"https:\/\/www.legendyuvas.cz\/produkt\/zazitkova-jizda-v-bmw-m4-csl\/#primaryimage\",\"url\":\"https:\/\/www.legendyuvas.cz\/wp-content\/uploads\/2024\/11\/IMG_9371-01-1536x1024-1-1.webp\",\"contentUrl\":\"https:\/\/www.legendyuvas.cz\/wp-content\/uploads\/2024\/11\/IMG_9371-01-1536x1024-1-1.webp\",\"width\":1536,\"height\":1024},{\"@type\":\"BreadcrumbList\",\"@id\":\"https:\/\/www.legendyuvas.cz\/produkt\/zazitkova-jizda-v-bmw-m4-csl\/#breadcrumb\",\"itemListElement\":[{\"@type\":\"ListItem\",\"position\":1,\"name\":\"Dom\u016f\",\"item\":\"https:\/\/www.legendyuvas.cz\/\"},{\"@type\":\"ListItem\",\"position\":2,\"name\":\"Obchod\",\"item\":\"https:\/\/www.legendyuvas.cz\/en\/obchod\/\"},{\"@type\":\"ListItem\",\"position\":3,\"name\":\"BMW M4 CSL (AT)\"}]},{\"@type\":\"WebSite\",\"@id\":\"https:\/\/www.legendyuvas.cz\/#website\",\"url\":\"https:\/\/www.legendyuvas.cz\/\",\"name\":\"Legendy U V\u00e1s\",\"description\":\"Dechberouc\u00ed z\u00e1\u017eitky v autech a motork\u00e1ch\",\"publisher\":{\"@id\":\"https:\/\/www.legendyuvas.cz\/#organization\"},\"potentialAction\":[{\"@type\":\"SearchAction\",\"target\":{\"@type\":\"EntryPoint\",\"urlTemplate\":\"https:\/\/www.legendyuvas.cz\/?s={search_term_string}\"},\"query-input\":{\"@type\":\"PropertyValueSpecification\",\"valueRequired\":true,\"valueName\":\"search_term_string\"}}],\"inLanguage\":\"en-US\"},{\"@type\":\"Organization\",\"@id\":\"https:\/\/www.legendyuvas.cz\/#organization\",\"name\":\"Bontex2 s.r.o.\",\"url\":\"https:\/\/www.legendyuvas.cz\/\",\"logo\":{\"@type\":\"ImageObject\",\"inLanguage\":\"en-US\",\"@id\":\"https:\/\/www.legendyuvas.cz\/#\/schema\/logo\/image\/\",\"url\":\"https:\/\/www.legendyuvas.cz\/wp-content\/uploads\/2021\/03\/Legendy-u-Vas.jpg\",\"contentUrl\":\"https:\/\/www.legendyuvas.cz\/wp-content\/uploads\/2021\/03\/Legendy-u-Vas.jpg\",\"width\":400,\"height\":240,\"caption\":\"Bontex2 s.r.o.\"},\"image\":{\"@id\":\"https:\/\/www.legendyuvas.cz\/#\/schema\/logo\/image\/\"},\"sameAs\":[\"https:\/\/www.facebook.com\/autolegendyuvas\",\"https:\/\/www.facebook.com\/motolegendyuvas\",\"https:\/\/www.instagram.com\/autolegendyuvas\/\",\"https:\/\/www.instagram.com\/motolegendyuvas\/\"]}]}<\/script>\n<!-- \/ Yoast SEO plugin. -->","yoast_head_json":{"title":"BMW M4 CSL (AT) - Legendy U V\u00e1s","description":"Adrenaline experience with Legends U V\u00e1s - an original gift not only for men and car enthusiasts. Driving in sports cars (Ferrari, Lamborghini, Porsche, ...) on the racing circuit and district.","robots":{"index":"index","follow":"follow","max-snippet":"max-snippet:-1","max-image-preview":"max-image-preview:large","max-video-preview":"max-video-preview:-1"},"canonical":"https:\/\/www.legendyuvas.cz\/produkt\/zazitkova-jizda-v-bmw-m4-csl\/","og_locale":"en_US","og_type":"article","og_title":"BMW M4 CSL (AT) - Legendy U V\u00e1s","og_description":"Adrenaline experience with Legends U V\u00e1s - an original gift not only for men and car enthusiasts. Driving in sports cars (Ferrari, Lamborghini, Porsche, ...) on the racing circuit and district.","og_url":"https:\/\/www.legendyuvas.cz\/produkt\/zazitkova-jizda-v-bmw-m4-csl\/","og_site_name":"Legendy U V\u00e1s","article_publisher":"https:\/\/www.facebook.com\/autolegendyuvas","article_modified_time":"2025-12-27T00:02:39+00:00","og_image":[{"width":1536,"height":1024,"url":"https:\/\/www.legendyuvas.cz\/wp-content\/uploads\/2024\/11\/IMG_9371-01-1536x1024-1.webp","type":"image\/webp"}],"twitter_card":"summary_large_image","twitter_misc":{"Est. reading time":"1 minute"},"schema":{"@context":"https:\/\/schema.org","@graph":[{"@type":"WebPage","@id":"https:\/\/www.legendyuvas.cz\/produkt\/zazitkova-jizda-v-bmw-m4-csl\/","url":"https:\/\/www.legendyuvas.cz\/produkt\/zazitkova-jizda-v-bmw-m4-csl\/","name":"BMW M4 CSL (AT) - Legendy U V\u00e1s","isPartOf":{"@id":"https:\/\/www.legendyuvas.cz\/#website"},"primaryImageOfPage":{"@id":"https:\/\/www.legendyuvas.cz\/produkt\/zazitkova-jizda-v-bmw-m4-csl\/#primaryimage"},"image":{"@id":"https:\/\/www.legendyuvas.cz\/produkt\/zazitkova-jizda-v-bmw-m4-csl\/#primaryimage"},"thumbnailUrl":"https:\/\/www.legendyuvas.cz\/wp-content\/uploads\/2024\/11\/IMG_9371-01-1536x1024-1-1.webp","datePublished":"2024-11-19T08:51:19+00:00","dateModified":"2025-12-27T00:02:39+00:00","description":"Adrenaline experience with Legends U V\u00e1s - an original gift not only for men and car enthusiasts. Driving in sports cars (Ferrari, Lamborghini, Porsche, ...) on the racing circuit and district.","breadcrumb":{"@id":"https:\/\/www.legendyuvas.cz\/produkt\/zazitkova-jizda-v-bmw-m4-csl\/#breadcrumb"},"inLanguage":"en-US","potentialAction":[{"@type":"ReadAction","target":["https:\/\/www.legendyuvas.cz\/produkt\/zazitkova-jizda-v-bmw-m4-csl\/"]}]},{"@type":"ImageObject","inLanguage":"en-US","@id":"https:\/\/www.legendyuvas.cz\/produkt\/zazitkova-jizda-v-bmw-m4-csl\/#primaryimage","url":"https:\/\/www.legendyuvas.cz\/wp-content\/uploads\/2024\/11\/IMG_9371-01-1536x1024-1-1.webp","contentUrl":"https:\/\/www.legendyuvas.cz\/wp-content\/uploads\/2024\/11\/IMG_9371-01-1536x1024-1-1.webp","width":1536,"height":1024},{"@type":"BreadcrumbList","@id":"https:\/\/www.legendyuvas.cz\/produkt\/zazitkova-jizda-v-bmw-m4-csl\/#breadcrumb","itemListElement":[{"@type":"ListItem","position":1,"name":"Dom\u016f","item":"https:\/\/www.legendyuvas.cz\/"},{"@type":"ListItem","position":2,"name":"Obchod","item":"https:\/\/www.legendyuvas.cz\/en\/obchod\/"},{"@type":"ListItem","position":3,"name":"BMW M4 CSL (AT)"}]},{"@type":"WebSite","@id":"https:\/\/www.legendyuvas.cz\/#website","url":"https:\/\/www.legendyuvas.cz\/","name":"Legendy U V\u00e1s","description":"Dechberouc\u00ed z\u00e1\u017eitky v autech a motork\u00e1ch","publisher":{"@id":"https:\/\/www.legendyuvas.cz\/#organization"},"potentialAction":[{"@type":"SearchAction","target":{"@type":"EntryPoint","urlTemplate":"https:\/\/www.legendyuvas.cz\/?s={search_term_string}"},"query-input":{"@type":"PropertyValueSpecification","valueRequired":true,"valueName":"search_term_string"}}],"inLanguage":"en-US"},{"@type":"Organization","@id":"https:\/\/www.legendyuvas.cz\/#organization","name":"Bontex2 s.r.o.","url":"https:\/\/www.legendyuvas.cz\/","logo":{"@type":"ImageObject","inLanguage":"en-US","@id":"https:\/\/www.legendyuvas.cz\/#\/schema\/logo\/image\/","url":"https:\/\/www.legendyuvas.cz\/wp-content\/uploads\/2021\/03\/Legendy-u-Vas.jpg","contentUrl":"https:\/\/www.legendyuvas.cz\/wp-content\/uploads\/2021\/03\/Legendy-u-Vas.jpg","width":400,"height":240,"caption":"Bontex2 s.r.o."},"image":{"@id":"https:\/\/www.legendyuvas.cz\/#\/schema\/logo\/image\/"},"sameAs":["https:\/\/www.facebook.com\/autolegendyuvas","https:\/\/www.facebook.com\/motolegendyuvas","https:\/\/www.instagram.com\/autolegendyuvas\/","https:\/\/www.instagram.com\/motolegendyuvas\/"]}]}},"_links":{"self":[{"href":"https:\/\/www.legendyuvas.cz\/en\/wp-json\/wp\/v2\/product\/32286","targetHints":{"allow":["GET"]}}],"collection":[{"href":"https:\/\/www.legendyuvas.cz\/en\/wp-json\/wp\/v2\/product"}],"about":[{"href":"https:\/\/www.legendyuvas.cz\/en\/wp-json\/wp\/v2\/types\/product"}],"replies":[{"embeddable":true,"href":"https:\/\/www.legendyuvas.cz\/en\/wp-json\/wp\/v2\/comments?post=32286"}],"version-history":[{"count":0,"href":"https:\/\/www.legendyuvas.cz\/en\/wp-json\/wp\/v2\/product\/32286\/revisions"}],"wp:featuredmedia":[{"embeddable":true,"href":"https:\/\/www.legendyuvas.cz\/en\/wp-json\/wp\/v2\/media\/41372"}],"wp:attachment":[{"href":"https:\/\/www.legendyuvas.cz\/en\/wp-json\/wp\/v2\/media?parent=32286"}],"wp:term":[{"taxonomy":"product_brand","embeddable":true,"href":"https:\/\/www.legendyuvas.cz\/en\/wp-json\/wp\/v2\/product_brand?post=32286"},{"taxonomy":"product_cat","embeddable":true,"href":"https:\/\/www.legendyuvas.cz\/en\/wp-json\/wp\/v2\/product_cat?post=32286"},{"taxonomy":"product_tag","embeddable":true,"href":"https:\/\/www.legendyuvas.cz\/en\/wp-json\/wp\/v2\/product_tag?post=32286"}],"curies":[{"name":"wp","href":"https:\/\/api.w.org\/{rel}","templated":true}]}}