{"id":32302,"date":"2025-11-26T10:48:32","date_gmt":"2025-11-26T10:48:32","guid":{"rendered":"https:\/\/www.legendyuvas.cz\/produkt\/porsche-911-gt3-rs-992-at\/"},"modified":"2025-12-27T00:02:44","modified_gmt":"2025-12-27T00:02:44","slug":"porsche-911-gt3-rs-992-at","status":"publish","type":"product","link":"https:\/\/www.legendyuvas.cz\/en\/produkt\/porsche-911-gt3-rs-992-at\/","title":{"rendered":"Porsche 911 GT3 RS 992 (AT)"},"content":{"rendered":"<h1>A purebred racing machine for true enthusiasts<\/h1>\n<p>Experience the uncompromising power and perfect aerodynamics of the sharpest version of the iconic 911! The <strong>Porsche 911 GT3 RS (992)<\/strong> is the ultimate sports car, bringing technology straight from motorsport to the race track. With an extremely lightweight construction, a sophisticated aerodynamic package and an engine that spins up to 9,000 rpm, you&#8217;re in for a ride you won&#8217;t soon forget.<\/p>\n<p><img fetchpriority=\"high\" decoding=\"async\" class=\"alignnone wp-image-16159 size-full\" src=\"https:\/\/www.legendyuvas.cz\/wp-content\/uploads\/2025\/02\/iris-6.webp\" alt=\"\" width=\"1920\" height=\"1080\" srcset=\"https:\/\/www.legendyuvas.cz\/wp-content\/uploads\/2025\/02\/iris-6.webp 1920w, https:\/\/www.legendyuvas.cz\/wp-content\/uploads\/2025\/02\/iris-6-300x169.webp 300w, https:\/\/www.legendyuvas.cz\/wp-content\/uploads\/2025\/02\/iris-6-1024x576.webp 1024w, https:\/\/www.legendyuvas.cz\/wp-content\/uploads\/2025\/02\/iris-6-768x432.webp 768w, https:\/\/www.legendyuvas.cz\/wp-content\/uploads\/2025\/02\/iris-6-1536x864.webp 1536w, https:\/\/www.legendyuvas.cz\/wp-content\/uploads\/2025\/02\/iris-6-600x338.webp 600w\" sizes=\"(max-width: 1920px) 100vw, 1920px\" \/><\/p>\n<p>Under the hood is an atmospheric <strong>four-liter six-cylinder engine with 525 horsepower<\/strong> that drives power to the rear wheels via a <strong>seven-speed PDK automatic transmission<\/strong>. It sprints from 0 to 100 km\/h in <strong>just 3.2 seconds<\/strong>, with a top speed of <strong>296 km\/h<\/strong>. This car is designed to provide maximum downforce and cornering stability, making it one of the best cars for circuit driving.<\/p>\n<p>&nbsp;<\/p>\n<h1><img decoding=\"async\" class=\"alignnone wp-image-16160 size-full\" src=\"https:\/\/www.legendyuvas.cz\/wp-content\/uploads\/2025\/02\/iris-9.webp\" alt=\"\" width=\"1920\" height=\"1080\" srcset=\"https:\/\/www.legendyuvas.cz\/wp-content\/uploads\/2025\/02\/iris-9.webp 1920w, https:\/\/www.legendyuvas.cz\/wp-content\/uploads\/2025\/02\/iris-9-300x169.webp 300w, https:\/\/www.legendyuvas.cz\/wp-content\/uploads\/2025\/02\/iris-9-1024x576.webp 1024w, https:\/\/www.legendyuvas.cz\/wp-content\/uploads\/2025\/02\/iris-9-768x432.webp 768w, https:\/\/www.legendyuvas.cz\/wp-content\/uploads\/2025\/02\/iris-9-1536x864.webp 1536w, https:\/\/www.legendyuvas.cz\/wp-content\/uploads\/2025\/02\/iris-9-600x338.webp 600w\" sizes=\"(max-width: 1920px) 100vw, 1920px\" \/><\/h1>\n<p>The Porsche GT3 RS isn&#8217;t just about speed, it&#8217;s about <strong>precise handling<\/strong>. Every detail of the chassis and aerodynamic elements is designed with one goal in mind &#8211; to ensure perfect grip and maximum efficiency on the track. Active aerodynamic elements and a race-inspired chassis make you feel like a real racing driver.<\/p>\n<p>Want to experience <strong>the pure adrenaline rush and feel of a real race car<\/strong>? Get behind the wheel of this beast and let the performance and technology push the limits. <strong>Book your ride today and experience the Porsche GT3 RS for yourself!<\/strong><\/p>\n<p>&nbsp;<\/p>\n","protected":false},"excerpt":{"rendered":"<p>All our cars <strong>you can drive<\/strong>\u00a0or choose to ride as a co-driver with a racing driver.<\/p>\n<p>\ud83d\udc49 No risk involved. You can <strong>exchange or return the experience completely FREE OF CHARGE<\/strong> until January 15, and we will refund your money immediately. \ud83c\udf81<\/p>\n<p>Valid for purchases made between November 1 and December 31, 2025.<\/p>\n","protected":false},"featured_media":41244,"comment_status":"open","ping_status":"closed","template":"","meta":[],"product_brand":[],"product_cat":[450],"product_tag":[],"class_list":{"0":"post-32302","1":"product","2":"type-product","3":"status-publish","4":"has-post-thumbnail","6":"product_cat-auta","8":"first","9":"instock","10":"shipping-taxable","11":"purchasable","12":"product-type-variable"},"yoast_head":"<!-- This site is optimized with the Yoast SEO plugin v24.8.1 - https:\/\/yoast.com\/wordpress\/plugins\/seo\/ -->\n<title>Porsche 911 GT3 RS 992 (AT) - Legendy U V\u00e1s<\/title>\n<meta name=\"description\" content=\"Adrenaline experience with Legendy U V\u00e1s - an original gift not only for men and car enthusiasts. Driving in sports cars (Ferrari, Lamborghini, Porsche, ...) on the racing circuit and district.\" \/>\n<meta name=\"robots\" content=\"index, follow, max-snippet:-1, max-image-preview:large, max-video-preview:-1\" \/>\n<link rel=\"canonical\" href=\"https:\/\/www.legendyuvas.cz\/produkt\/porsche-911-gt3-rs-992\/\" \/>\n<meta property=\"og:locale\" content=\"en_US\" \/>\n<meta property=\"og:type\" content=\"article\" \/>\n<meta property=\"og:title\" content=\"Porsche 911 GT3 RS 992 (AT) - Legendy U V\u00e1s\" \/>\n<meta property=\"og:description\" content=\"Adrenaline experience with Legendy U V\u00e1s - an original gift not only for men and car enthusiasts. Driving in sports cars (Ferrari, Lamborghini, Porsche, ...) on the racing circuit and district.\" \/>\n<meta property=\"og:url\" content=\"https:\/\/www.legendyuvas.cz\/produkt\/porsche-911-gt3-rs-992\/\" \/>\n<meta property=\"og:site_name\" content=\"Legendy U V\u00e1s\" \/>\n<meta property=\"article:publisher\" content=\"https:\/\/www.facebook.com\/autolegendyuvas\" \/>\n<meta property=\"article:modified_time\" content=\"2025-12-27T00:02:44+00:00\" \/>\n<meta property=\"og:image\" content=\"https:\/\/www.legendyuvas.cz\/wp-content\/uploads\/2025\/02\/Navrh-bez-nazvu-1.jpg\" \/>\n\t<meta property=\"og:image:width\" content=\"2048\" \/>\n\t<meta property=\"og:image:height\" content=\"1365\" \/>\n\t<meta property=\"og:image:type\" content=\"image\/jpeg\" \/>\n<meta name=\"twitter:card\" content=\"summary_large_image\" \/>\n<meta name=\"twitter:label1\" content=\"Est. reading time\" \/>\n\t<meta name=\"twitter:data1\" content=\"1 minute\" \/>\n<script type=\"application\/ld+json\" class=\"yoast-schema-graph\">{\"@context\":\"https:\/\/schema.org\",\"@graph\":[{\"@type\":\"WebPage\",\"@id\":\"https:\/\/www.legendyuvas.cz\/produkt\/porsche-911-gt3-rs-992\/\",\"url\":\"https:\/\/www.legendyuvas.cz\/produkt\/porsche-911-gt3-rs-992\/\",\"name\":\"Porsche 911 GT3 RS 992 (AT) - Legendy U V\u00e1s\",\"isPartOf\":{\"@id\":\"https:\/\/www.legendyuvas.cz\/#website\"},\"primaryImageOfPage\":{\"@id\":\"https:\/\/www.legendyuvas.cz\/produkt\/porsche-911-gt3-rs-992\/#primaryimage\"},\"image\":{\"@id\":\"https:\/\/www.legendyuvas.cz\/produkt\/porsche-911-gt3-rs-992\/#primaryimage\"},\"thumbnailUrl\":\"https:\/\/www.legendyuvas.cz\/wp-content\/uploads\/2025\/11\/DSC_0755-scaled-1.webp\",\"datePublished\":\"2025-11-26T10:48:32+00:00\",\"dateModified\":\"2025-12-27T00:02:44+00:00\",\"description\":\"Adrenaline experience with Legendy U V\u00e1s - an original gift not only for men and car enthusiasts. Driving in sports cars (Ferrari, Lamborghini, Porsche, ...) on the racing circuit and district.\",\"breadcrumb\":{\"@id\":\"https:\/\/www.legendyuvas.cz\/produkt\/porsche-911-gt3-rs-992\/#breadcrumb\"},\"inLanguage\":\"en-US\",\"potentialAction\":[{\"@type\":\"ReadAction\",\"target\":[\"https:\/\/www.legendyuvas.cz\/produkt\/porsche-911-gt3-rs-992\/\"]}]},{\"@type\":\"ImageObject\",\"inLanguage\":\"en-US\",\"@id\":\"https:\/\/www.legendyuvas.cz\/produkt\/porsche-911-gt3-rs-992\/#primaryimage\",\"url\":\"https:\/\/www.legendyuvas.cz\/wp-content\/uploads\/2025\/11\/DSC_0755-scaled-1.webp\",\"contentUrl\":\"https:\/\/www.legendyuvas.cz\/wp-content\/uploads\/2025\/11\/DSC_0755-scaled-1.webp\",\"width\":2560,\"height\":1707},{\"@type\":\"BreadcrumbList\",\"@id\":\"https:\/\/www.legendyuvas.cz\/produkt\/porsche-911-gt3-rs-992\/#breadcrumb\",\"itemListElement\":[{\"@type\":\"ListItem\",\"position\":1,\"name\":\"Dom\u016f\",\"item\":\"https:\/\/www.legendyuvas.cz\/\"},{\"@type\":\"ListItem\",\"position\":2,\"name\":\"Obchod\",\"item\":\"https:\/\/www.legendyuvas.cz\/en\/obchod\/\"},{\"@type\":\"ListItem\",\"position\":3,\"name\":\"Porsche 911 GT3 RS 992 (AT)\"}]},{\"@type\":\"WebSite\",\"@id\":\"https:\/\/www.legendyuvas.cz\/#website\",\"url\":\"https:\/\/www.legendyuvas.cz\/\",\"name\":\"Legendy U V\u00e1s\",\"description\":\"Dechberouc\u00ed z\u00e1\u017eitky v autech a motork\u00e1ch\",\"publisher\":{\"@id\":\"https:\/\/www.legendyuvas.cz\/#organization\"},\"potentialAction\":[{\"@type\":\"SearchAction\",\"target\":{\"@type\":\"EntryPoint\",\"urlTemplate\":\"https:\/\/www.legendyuvas.cz\/?s={search_term_string}\"},\"query-input\":{\"@type\":\"PropertyValueSpecification\",\"valueRequired\":true,\"valueName\":\"search_term_string\"}}],\"inLanguage\":\"en-US\"},{\"@type\":\"Organization\",\"@id\":\"https:\/\/www.legendyuvas.cz\/#organization\",\"name\":\"Bontex2 s.r.o.\",\"url\":\"https:\/\/www.legendyuvas.cz\/\",\"logo\":{\"@type\":\"ImageObject\",\"inLanguage\":\"en-US\",\"@id\":\"https:\/\/www.legendyuvas.cz\/#\/schema\/logo\/image\/\",\"url\":\"https:\/\/www.legendyuvas.cz\/wp-content\/uploads\/2021\/03\/Legendy-u-Vas.jpg\",\"contentUrl\":\"https:\/\/www.legendyuvas.cz\/wp-content\/uploads\/2021\/03\/Legendy-u-Vas.jpg\",\"width\":400,\"height\":240,\"caption\":\"Bontex2 s.r.o.\"},\"image\":{\"@id\":\"https:\/\/www.legendyuvas.cz\/#\/schema\/logo\/image\/\"},\"sameAs\":[\"https:\/\/www.facebook.com\/autolegendyuvas\",\"https:\/\/www.facebook.com\/motolegendyuvas\",\"https:\/\/www.instagram.com\/autolegendyuvas\/\",\"https:\/\/www.instagram.com\/motolegendyuvas\/\"]}]}<\/script>\n<!-- \/ Yoast SEO plugin. -->","yoast_head_json":{"title":"Porsche 911 GT3 RS 992 (AT) - Legendy U V\u00e1s","description":"Adrenaline experience with Legendy U V\u00e1s - an original gift not only for men and car enthusiasts. Driving in sports cars (Ferrari, Lamborghini, Porsche, ...) on the racing circuit and district.","robots":{"index":"index","follow":"follow","max-snippet":"max-snippet:-1","max-image-preview":"max-image-preview:large","max-video-preview":"max-video-preview:-1"},"canonical":"https:\/\/www.legendyuvas.cz\/produkt\/porsche-911-gt3-rs-992\/","og_locale":"en_US","og_type":"article","og_title":"Porsche 911 GT3 RS 992 (AT) - Legendy U V\u00e1s","og_description":"Adrenaline experience with Legendy U V\u00e1s - an original gift not only for men and car enthusiasts. Driving in sports cars (Ferrari, Lamborghini, Porsche, ...) on the racing circuit and district.","og_url":"https:\/\/www.legendyuvas.cz\/produkt\/porsche-911-gt3-rs-992\/","og_site_name":"Legendy U V\u00e1s","article_publisher":"https:\/\/www.facebook.com\/autolegendyuvas","article_modified_time":"2025-12-27T00:02:44+00:00","og_image":[{"width":2048,"height":1365,"url":"https:\/\/www.legendyuvas.cz\/wp-content\/uploads\/2025\/02\/Navrh-bez-nazvu-1.jpg","type":"image\/jpeg"}],"twitter_card":"summary_large_image","twitter_misc":{"Est. reading time":"1 minute"},"schema":{"@context":"https:\/\/schema.org","@graph":[{"@type":"WebPage","@id":"https:\/\/www.legendyuvas.cz\/produkt\/porsche-911-gt3-rs-992\/","url":"https:\/\/www.legendyuvas.cz\/produkt\/porsche-911-gt3-rs-992\/","name":"Porsche 911 GT3 RS 992 (AT) - Legendy U V\u00e1s","isPartOf":{"@id":"https:\/\/www.legendyuvas.cz\/#website"},"primaryImageOfPage":{"@id":"https:\/\/www.legendyuvas.cz\/produkt\/porsche-911-gt3-rs-992\/#primaryimage"},"image":{"@id":"https:\/\/www.legendyuvas.cz\/produkt\/porsche-911-gt3-rs-992\/#primaryimage"},"thumbnailUrl":"https:\/\/www.legendyuvas.cz\/wp-content\/uploads\/2025\/11\/DSC_0755-scaled-1.webp","datePublished":"2025-11-26T10:48:32+00:00","dateModified":"2025-12-27T00:02:44+00:00","description":"Adrenaline experience with Legendy U V\u00e1s - an original gift not only for men and car enthusiasts. Driving in sports cars (Ferrari, Lamborghini, Porsche, ...) on the racing circuit and district.","breadcrumb":{"@id":"https:\/\/www.legendyuvas.cz\/produkt\/porsche-911-gt3-rs-992\/#breadcrumb"},"inLanguage":"en-US","potentialAction":[{"@type":"ReadAction","target":["https:\/\/www.legendyuvas.cz\/produkt\/porsche-911-gt3-rs-992\/"]}]},{"@type":"ImageObject","inLanguage":"en-US","@id":"https:\/\/www.legendyuvas.cz\/produkt\/porsche-911-gt3-rs-992\/#primaryimage","url":"https:\/\/www.legendyuvas.cz\/wp-content\/uploads\/2025\/11\/DSC_0755-scaled-1.webp","contentUrl":"https:\/\/www.legendyuvas.cz\/wp-content\/uploads\/2025\/11\/DSC_0755-scaled-1.webp","width":2560,"height":1707},{"@type":"BreadcrumbList","@id":"https:\/\/www.legendyuvas.cz\/produkt\/porsche-911-gt3-rs-992\/#breadcrumb","itemListElement":[{"@type":"ListItem","position":1,"name":"Dom\u016f","item":"https:\/\/www.legendyuvas.cz\/"},{"@type":"ListItem","position":2,"name":"Obchod","item":"https:\/\/www.legendyuvas.cz\/en\/obchod\/"},{"@type":"ListItem","position":3,"name":"Porsche 911 GT3 RS 992 (AT)"}]},{"@type":"WebSite","@id":"https:\/\/www.legendyuvas.cz\/#website","url":"https:\/\/www.legendyuvas.cz\/","name":"Legendy U V\u00e1s","description":"Dechberouc\u00ed z\u00e1\u017eitky v autech a motork\u00e1ch","publisher":{"@id":"https:\/\/www.legendyuvas.cz\/#organization"},"potentialAction":[{"@type":"SearchAction","target":{"@type":"EntryPoint","urlTemplate":"https:\/\/www.legendyuvas.cz\/?s={search_term_string}"},"query-input":{"@type":"PropertyValueSpecification","valueRequired":true,"valueName":"search_term_string"}}],"inLanguage":"en-US"},{"@type":"Organization","@id":"https:\/\/www.legendyuvas.cz\/#organization","name":"Bontex2 s.r.o.","url":"https:\/\/www.legendyuvas.cz\/","logo":{"@type":"ImageObject","inLanguage":"en-US","@id":"https:\/\/www.legendyuvas.cz\/#\/schema\/logo\/image\/","url":"https:\/\/www.legendyuvas.cz\/wp-content\/uploads\/2021\/03\/Legendy-u-Vas.jpg","contentUrl":"https:\/\/www.legendyuvas.cz\/wp-content\/uploads\/2021\/03\/Legendy-u-Vas.jpg","width":400,"height":240,"caption":"Bontex2 s.r.o."},"image":{"@id":"https:\/\/www.legendyuvas.cz\/#\/schema\/logo\/image\/"},"sameAs":["https:\/\/www.facebook.com\/autolegendyuvas","https:\/\/www.facebook.com\/motolegendyuvas","https:\/\/www.instagram.com\/autolegendyuvas\/","https:\/\/www.instagram.com\/motolegendyuvas\/"]}]}},"_links":{"self":[{"href":"https:\/\/www.legendyuvas.cz\/en\/wp-json\/wp\/v2\/product\/32302","targetHints":{"allow":["GET"]}}],"collection":[{"href":"https:\/\/www.legendyuvas.cz\/en\/wp-json\/wp\/v2\/product"}],"about":[{"href":"https:\/\/www.legendyuvas.cz\/en\/wp-json\/wp\/v2\/types\/product"}],"replies":[{"embeddable":true,"href":"https:\/\/www.legendyuvas.cz\/en\/wp-json\/wp\/v2\/comments?post=32302"}],"version-history":[{"count":2,"href":"https:\/\/www.legendyuvas.cz\/en\/wp-json\/wp\/v2\/product\/32302\/revisions"}],"predecessor-version":[{"id":40381,"href":"https:\/\/www.legendyuvas.cz\/en\/wp-json\/wp\/v2\/product\/32302\/revisions\/40381"}],"wp:featuredmedia":[{"embeddable":true,"href":"https:\/\/www.legendyuvas.cz\/en\/wp-json\/wp\/v2\/media\/41244"}],"wp:attachment":[{"href":"https:\/\/www.legendyuvas.cz\/en\/wp-json\/wp\/v2\/media?parent=32302"}],"wp:term":[{"taxonomy":"product_brand","embeddable":true,"href":"https:\/\/www.legendyuvas.cz\/en\/wp-json\/wp\/v2\/product_brand?post=32302"},{"taxonomy":"product_cat","embeddable":true,"href":"https:\/\/www.legendyuvas.cz\/en\/wp-json\/wp\/v2\/product_cat?post=32302"},{"taxonomy":"product_tag","embeddable":true,"href":"https:\/\/www.legendyuvas.cz\/en\/wp-json\/wp\/v2\/product_tag?post=32302"}],"curies":[{"name":"wp","href":"https:\/\/api.w.org\/{rel}","templated":true}]}}