{"id":32834,"date":"2025-11-07T12:32:17","date_gmt":"2025-11-07T12:32:17","guid":{"rendered":"https:\/\/www.legendyuvas.cz\/produkt\/universal-car-voucher-gift\/"},"modified":"2025-11-19T11:07:27","modified_gmt":"2025-11-19T11:07:27","slug":"universal-car-voucher-gift","status":"publish","type":"product","link":"https:\/\/www.legendyuvas.cz\/en\/produkt\/universal-car-voucher-gift\/","title":{"rendered":"UNIVERSAL CAR VOUCHER \u2013 Gift"},"content":{"rendered":"<h2>THE ULTIMATE GIFT!<\/h2>\n<p><b>Want<\/b> to give an unforgettable driving experience but <strong>not sure<\/strong> which car to choose? The universal gift voucher is perfect for you! Simply pick an amount, and the rest is up to the recipient. With this gift, you simply <strong>can\u2019t go wrong.<\/strong> <img fetchpriority=\"high\" decoding=\"async\" class=\"alignnone size-medium wp-image-1284\" src=\"https:\/\/www.legendyuvas.cz\/wp-content\/uploads\/2023\/07\/zazitky-images-300x231.png\" alt=\"\" width=\"300\" height=\"231\" srcset=\"https:\/\/www.legendyuvas.cz\/wp-content\/uploads\/2023\/07\/zazitky-images-300x231.png 300w, https:\/\/www.legendyuvas.cz\/wp-content\/uploads\/2023\/07\/zazitky-images-1024x788.png 1024w, https:\/\/www.legendyuvas.cz\/wp-content\/uploads\/2023\/07\/zazitky-images-768x591.png 768w, https:\/\/www.legendyuvas.cz\/wp-content\/uploads\/2023\/07\/zazitky-images-600x462.png 600w, https:\/\/www.legendyuvas.cz\/wp-content\/uploads\/2023\/07\/zazitky-images.png 1300w\" sizes=\"(max-width: 300px) 100vw, 300px\" \/><\/p>\n<p>The recipient can then choose the car, location, and number of laps <strong>as they wish.<\/strong> If they pick an option that costs more than the voucher\u2019s value, they can pay the difference and enjoy their <strong>dream drive.<\/strong> The voucher can also be used for multiple cars \u2013 the possibilities are endless!<\/p>\n","protected":false},"excerpt":{"rendered":"<p>All our cars <strong>can be driven by you<\/strong> or you can choose to ride as a passenger with a professional racing driver.<\/p>\n","protected":false},"featured_media":26177,"comment_status":"closed","ping_status":"closed","template":"","meta":[],"product_brand":[],"product_cat":[450],"product_tag":[],"class_list":{"0":"post-32834","1":"product","2":"type-product","3":"status-publish","4":"has-post-thumbnail","6":"product_cat-auta","8":"first","9":"instock","10":"virtual","11":"purchasable","12":"product-type-simple"},"yoast_head":"<!-- This site is optimized with the Yoast SEO plugin v24.8.1 - https:\/\/yoast.com\/wordpress\/plugins\/seo\/ -->\n<title>UNIVERSAL CAR VOUCHER \u2013 Gift - Legendy U V\u00e1s<\/title>\n<meta name=\"description\" content=\"An adrenaline-filled experience with Legendy u V\u00e1s \u2013 an original gift not only for men and car enthusiasts. Drive sports cars (Ferrari, Lamborghini, Porsche, ...) on a racetrack and on public roads.\" \/>\n<meta name=\"robots\" content=\"index, follow, max-snippet:-1, max-image-preview:large, max-video-preview:-1\" \/>\n<link rel=\"canonical\" href=\"https:\/\/www.legendyuvas.cz\/en\/produkt\/universal-car-voucher-gift\/\" \/>\n<meta property=\"og:locale\" content=\"en_US\" \/>\n<meta property=\"og:type\" content=\"article\" \/>\n<meta property=\"og:title\" content=\"UNIVERSAL CAR VOUCHER \u2013 Gift - Legendy U V\u00e1s\" \/>\n<meta property=\"og:description\" content=\"An adrenaline-filled experience with Legendy u V\u00e1s \u2013 an original gift not only for men and car enthusiasts. Drive sports cars (Ferrari, Lamborghini, Porsche, ...) on a racetrack and on public roads.\" \/>\n<meta property=\"og:url\" content=\"https:\/\/www.legendyuvas.cz\/en\/produkt\/universal-car-voucher-gift\/\" \/>\n<meta property=\"og:site_name\" content=\"Legendy U V\u00e1s\" \/>\n<meta property=\"article:publisher\" content=\"https:\/\/www.facebook.com\/autolegendyuvas\" \/>\n<meta property=\"article:modified_time\" content=\"2025-11-19T11:07:27+00:00\" \/>\n<meta property=\"og:image\" content=\"https:\/\/www.legendyuvas.cz\/wp-content\/uploads\/2023\/12\/InShot_20241115_102122962-scaled-e1731767372606.jpg\" \/>\n\t<meta property=\"og:image:width\" content=\"2560\" \/>\n\t<meta property=\"og:image:height\" content=\"1476\" \/>\n\t<meta property=\"og:image:type\" content=\"image\/jpeg\" \/>\n<meta name=\"twitter:card\" content=\"summary_large_image\" \/>\n<meta name=\"twitter:label1\" content=\"Est. reading time\" \/>\n\t<meta name=\"twitter:data1\" content=\"1 minute\" \/>\n<script type=\"application\/ld+json\" class=\"yoast-schema-graph\">{\"@context\":\"https:\/\/schema.org\",\"@graph\":[{\"@type\":\"WebPage\",\"@id\":\"https:\/\/www.legendyuvas.cz\/en\/produkt\/universal-car-voucher-gift\/\",\"url\":\"https:\/\/www.legendyuvas.cz\/en\/produkt\/universal-car-voucher-gift\/\",\"name\":\"UNIVERSAL CAR VOUCHER \u2013 Gift - Legendy U V\u00e1s\",\"isPartOf\":{\"@id\":\"https:\/\/www.legendyuvas.cz\/#website\"},\"primaryImageOfPage\":{\"@id\":\"https:\/\/www.legendyuvas.cz\/en\/produkt\/universal-car-voucher-gift\/#primaryimage\"},\"image\":{\"@id\":\"https:\/\/www.legendyuvas.cz\/en\/produkt\/universal-car-voucher-gift\/#primaryimage\"},\"thumbnailUrl\":\"https:\/\/www.legendyuvas.cz\/wp-content\/uploads\/2023\/12\/InShot_20241115_102122962-scaled-e1731767372606.jpg\",\"datePublished\":\"2025-11-07T12:32:17+00:00\",\"dateModified\":\"2025-11-19T11:07:27+00:00\",\"description\":\"An adrenaline-filled experience with Legendy u V\u00e1s \u2013 an original gift not only for men and car enthusiasts. Drive sports cars (Ferrari, Lamborghini, Porsche, ...) on a racetrack and on public roads.\",\"breadcrumb\":{\"@id\":\"https:\/\/www.legendyuvas.cz\/en\/produkt\/universal-car-voucher-gift\/#breadcrumb\"},\"inLanguage\":\"en-US\",\"potentialAction\":[{\"@type\":\"ReadAction\",\"target\":[\"https:\/\/www.legendyuvas.cz\/en\/produkt\/universal-car-voucher-gift\/\"]}]},{\"@type\":\"ImageObject\",\"inLanguage\":\"en-US\",\"@id\":\"https:\/\/www.legendyuvas.cz\/en\/produkt\/universal-car-voucher-gift\/#primaryimage\",\"url\":\"https:\/\/www.legendyuvas.cz\/wp-content\/uploads\/2023\/12\/InShot_20241115_102122962-scaled-e1731767372606.jpg\",\"contentUrl\":\"https:\/\/www.legendyuvas.cz\/wp-content\/uploads\/2023\/12\/InShot_20241115_102122962-scaled-e1731767372606.jpg\",\"width\":2560,\"height\":1476},{\"@type\":\"BreadcrumbList\",\"@id\":\"https:\/\/www.legendyuvas.cz\/en\/produkt\/universal-car-voucher-gift\/#breadcrumb\",\"itemListElement\":[{\"@type\":\"ListItem\",\"position\":1,\"name\":\"Dom\u016f\",\"item\":\"https:\/\/www.legendyuvas.cz\/\"},{\"@type\":\"ListItem\",\"position\":2,\"name\":\"Obchod\",\"item\":\"https:\/\/www.legendyuvas.cz\/en\/obchod\/\"},{\"@type\":\"ListItem\",\"position\":3,\"name\":\"UNIVERSAL CAR VOUCHER \u2013 Gift\"}]},{\"@type\":\"WebSite\",\"@id\":\"https:\/\/www.legendyuvas.cz\/#website\",\"url\":\"https:\/\/www.legendyuvas.cz\/\",\"name\":\"Legendy U V\u00e1s\",\"description\":\"Dechberouc\u00ed z\u00e1\u017eitky v autech a motork\u00e1ch\",\"publisher\":{\"@id\":\"https:\/\/www.legendyuvas.cz\/#organization\"},\"potentialAction\":[{\"@type\":\"SearchAction\",\"target\":{\"@type\":\"EntryPoint\",\"urlTemplate\":\"https:\/\/www.legendyuvas.cz\/?s={search_term_string}\"},\"query-input\":{\"@type\":\"PropertyValueSpecification\",\"valueRequired\":true,\"valueName\":\"search_term_string\"}}],\"inLanguage\":\"en-US\"},{\"@type\":\"Organization\",\"@id\":\"https:\/\/www.legendyuvas.cz\/#organization\",\"name\":\"Bontex2 s.r.o.\",\"url\":\"https:\/\/www.legendyuvas.cz\/\",\"logo\":{\"@type\":\"ImageObject\",\"inLanguage\":\"en-US\",\"@id\":\"https:\/\/www.legendyuvas.cz\/#\/schema\/logo\/image\/\",\"url\":\"https:\/\/www.legendyuvas.cz\/wp-content\/uploads\/2021\/03\/Legendy-u-Vas.jpg\",\"contentUrl\":\"https:\/\/www.legendyuvas.cz\/wp-content\/uploads\/2021\/03\/Legendy-u-Vas.jpg\",\"width\":400,\"height\":240,\"caption\":\"Bontex2 s.r.o.\"},\"image\":{\"@id\":\"https:\/\/www.legendyuvas.cz\/#\/schema\/logo\/image\/\"},\"sameAs\":[\"https:\/\/www.facebook.com\/autolegendyuvas\",\"https:\/\/www.facebook.com\/motolegendyuvas\",\"https:\/\/www.instagram.com\/autolegendyuvas\/\",\"https:\/\/www.instagram.com\/motolegendyuvas\/\"]}]}<\/script>\n<!-- \/ Yoast SEO plugin. -->","yoast_head_json":{"title":"UNIVERSAL CAR VOUCHER \u2013 Gift - Legendy U V\u00e1s","description":"An adrenaline-filled experience with Legendy u V\u00e1s \u2013 an original gift not only for men and car enthusiasts. Drive sports cars (Ferrari, Lamborghini, Porsche, ...) on a racetrack and on public roads.","robots":{"index":"index","follow":"follow","max-snippet":"max-snippet:-1","max-image-preview":"max-image-preview:large","max-video-preview":"max-video-preview:-1"},"canonical":"https:\/\/www.legendyuvas.cz\/en\/produkt\/universal-car-voucher-gift\/","og_locale":"en_US","og_type":"article","og_title":"UNIVERSAL CAR VOUCHER \u2013 Gift - Legendy U V\u00e1s","og_description":"An adrenaline-filled experience with Legendy u V\u00e1s \u2013 an original gift not only for men and car enthusiasts. Drive sports cars (Ferrari, Lamborghini, Porsche, ...) on a racetrack and on public roads.","og_url":"https:\/\/www.legendyuvas.cz\/en\/produkt\/universal-car-voucher-gift\/","og_site_name":"Legendy U V\u00e1s","article_publisher":"https:\/\/www.facebook.com\/autolegendyuvas","article_modified_time":"2025-11-19T11:07:27+00:00","og_image":[{"width":2560,"height":1476,"url":"https:\/\/www.legendyuvas.cz\/wp-content\/uploads\/2023\/12\/InShot_20241115_102122962-scaled-e1731767372606.jpg","type":"image\/jpeg"}],"twitter_card":"summary_large_image","twitter_misc":{"Est. reading time":"1 minute"},"schema":{"@context":"https:\/\/schema.org","@graph":[{"@type":"WebPage","@id":"https:\/\/www.legendyuvas.cz\/en\/produkt\/universal-car-voucher-gift\/","url":"https:\/\/www.legendyuvas.cz\/en\/produkt\/universal-car-voucher-gift\/","name":"UNIVERSAL CAR VOUCHER \u2013 Gift - Legendy U V\u00e1s","isPartOf":{"@id":"https:\/\/www.legendyuvas.cz\/#website"},"primaryImageOfPage":{"@id":"https:\/\/www.legendyuvas.cz\/en\/produkt\/universal-car-voucher-gift\/#primaryimage"},"image":{"@id":"https:\/\/www.legendyuvas.cz\/en\/produkt\/universal-car-voucher-gift\/#primaryimage"},"thumbnailUrl":"https:\/\/www.legendyuvas.cz\/wp-content\/uploads\/2023\/12\/InShot_20241115_102122962-scaled-e1731767372606.jpg","datePublished":"2025-11-07T12:32:17+00:00","dateModified":"2025-11-19T11:07:27+00:00","description":"An adrenaline-filled experience with Legendy u V\u00e1s \u2013 an original gift not only for men and car enthusiasts. Drive sports cars (Ferrari, Lamborghini, Porsche, ...) on a racetrack and on public roads.","breadcrumb":{"@id":"https:\/\/www.legendyuvas.cz\/en\/produkt\/universal-car-voucher-gift\/#breadcrumb"},"inLanguage":"en-US","potentialAction":[{"@type":"ReadAction","target":["https:\/\/www.legendyuvas.cz\/en\/produkt\/universal-car-voucher-gift\/"]}]},{"@type":"ImageObject","inLanguage":"en-US","@id":"https:\/\/www.legendyuvas.cz\/en\/produkt\/universal-car-voucher-gift\/#primaryimage","url":"https:\/\/www.legendyuvas.cz\/wp-content\/uploads\/2023\/12\/InShot_20241115_102122962-scaled-e1731767372606.jpg","contentUrl":"https:\/\/www.legendyuvas.cz\/wp-content\/uploads\/2023\/12\/InShot_20241115_102122962-scaled-e1731767372606.jpg","width":2560,"height":1476},{"@type":"BreadcrumbList","@id":"https:\/\/www.legendyuvas.cz\/en\/produkt\/universal-car-voucher-gift\/#breadcrumb","itemListElement":[{"@type":"ListItem","position":1,"name":"Dom\u016f","item":"https:\/\/www.legendyuvas.cz\/"},{"@type":"ListItem","position":2,"name":"Obchod","item":"https:\/\/www.legendyuvas.cz\/en\/obchod\/"},{"@type":"ListItem","position":3,"name":"UNIVERSAL CAR VOUCHER \u2013 Gift"}]},{"@type":"WebSite","@id":"https:\/\/www.legendyuvas.cz\/#website","url":"https:\/\/www.legendyuvas.cz\/","name":"Legendy U V\u00e1s","description":"Dechberouc\u00ed z\u00e1\u017eitky v autech a motork\u00e1ch","publisher":{"@id":"https:\/\/www.legendyuvas.cz\/#organization"},"potentialAction":[{"@type":"SearchAction","target":{"@type":"EntryPoint","urlTemplate":"https:\/\/www.legendyuvas.cz\/?s={search_term_string}"},"query-input":{"@type":"PropertyValueSpecification","valueRequired":true,"valueName":"search_term_string"}}],"inLanguage":"en-US"},{"@type":"Organization","@id":"https:\/\/www.legendyuvas.cz\/#organization","name":"Bontex2 s.r.o.","url":"https:\/\/www.legendyuvas.cz\/","logo":{"@type":"ImageObject","inLanguage":"en-US","@id":"https:\/\/www.legendyuvas.cz\/#\/schema\/logo\/image\/","url":"https:\/\/www.legendyuvas.cz\/wp-content\/uploads\/2021\/03\/Legendy-u-Vas.jpg","contentUrl":"https:\/\/www.legendyuvas.cz\/wp-content\/uploads\/2021\/03\/Legendy-u-Vas.jpg","width":400,"height":240,"caption":"Bontex2 s.r.o."},"image":{"@id":"https:\/\/www.legendyuvas.cz\/#\/schema\/logo\/image\/"},"sameAs":["https:\/\/www.facebook.com\/autolegendyuvas","https:\/\/www.facebook.com\/motolegendyuvas","https:\/\/www.instagram.com\/autolegendyuvas\/","https:\/\/www.instagram.com\/motolegendyuvas\/"]}]}},"_links":{"self":[{"href":"https:\/\/www.legendyuvas.cz\/en\/wp-json\/wp\/v2\/product\/32834","targetHints":{"allow":["GET"]}}],"collection":[{"href":"https:\/\/www.legendyuvas.cz\/en\/wp-json\/wp\/v2\/product"}],"about":[{"href":"https:\/\/www.legendyuvas.cz\/en\/wp-json\/wp\/v2\/types\/product"}],"replies":[{"embeddable":true,"href":"https:\/\/www.legendyuvas.cz\/en\/wp-json\/wp\/v2\/comments?post=32834"}],"version-history":[{"count":2,"href":"https:\/\/www.legendyuvas.cz\/en\/wp-json\/wp\/v2\/product\/32834\/revisions"}],"predecessor-version":[{"id":37168,"href":"https:\/\/www.legendyuvas.cz\/en\/wp-json\/wp\/v2\/product\/32834\/revisions\/37168"}],"wp:featuredmedia":[{"embeddable":true,"href":"https:\/\/www.legendyuvas.cz\/en\/wp-json\/wp\/v2\/media\/26177"}],"wp:attachment":[{"href":"https:\/\/www.legendyuvas.cz\/en\/wp-json\/wp\/v2\/media?parent=32834"}],"wp:term":[{"taxonomy":"product_brand","embeddable":true,"href":"https:\/\/www.legendyuvas.cz\/en\/wp-json\/wp\/v2\/product_brand?post=32834"},{"taxonomy":"product_cat","embeddable":true,"href":"https:\/\/www.legendyuvas.cz\/en\/wp-json\/wp\/v2\/product_cat?post=32834"},{"taxonomy":"product_tag","embeddable":true,"href":"https:\/\/www.legendyuvas.cz\/en\/wp-json\/wp\/v2\/product_tag?post=32834"}],"curies":[{"name":"wp","href":"https:\/\/api.w.org\/{rel}","templated":true}]}}