{"id":33103,"date":"2024-11-19T08:52:29","date_gmt":"2024-11-19T08:52:29","guid":{"rendered":"https:\/\/www.legendyuvas.cz\/produkt\/chevrolet-corvette-c8-at\/"},"modified":"2025-12-27T00:02:40","modified_gmt":"2025-12-27T00:02:40","slug":"chevrolet-corvette-c8-at","status":"publish","type":"product","link":"https:\/\/www.legendyuvas.cz\/en\/produkt\/chevrolet-corvette-c8-at\/","title":{"rendered":"Chevrolet Corvette C8 (AT)"},"content":{"rendered":"<p data-start=\"42\" data-end=\"517\">The American Dream on Wheels!<br data-start=\"73\" data-end=\"76\" \/>Get ready for a drive that will immerse you in a world of true performance and elegance. The Corvette C8 Convertible, this iconic American sports car with a mid-engine layout, is ready to show you what speed really means! Under the hood lies a 6.2-liter V8 engine producing an incredible 495 horsepower and 637 Nm of torque. With this power, you can accelerate from 0 to 100 km\/h in just 3 seconds and enjoy a top speed exceeding 300 km\/h!<\/p>\n<p data-start=\"519\" data-end=\"832\">Thanks to the sophisticated 8-speed dual-clutch automatic transmission and rear-wheel drive, you\u2019ll experience pure dynamics and precise handling on every meter of the track. Active aerodynamics and adaptive dampers ensure perfect stability and grip, making every corner a thrilling experience unlike any other.<\/p>\n<p data-start=\"834\" data-end=\"1014\">And what about driving with the wind in your hair? This car can easily transform into a convertible, so you can enjoy not only the roar of the engine but also the sunshine above.<\/p>\n<p data-start=\"1016\" data-end=\"1217\" data-is-last-node=\"\" data-is-only-node=\"\">Whether you choose to take the wheel yourself or enjoy the ride as a passenger, the Corvette C8 Convertible will captivate you with its aggressiveness, elegance, and unforgettable driving experience<\/p>\n","protected":false},"excerpt":{"rendered":"<p data-start=\"42\" data-end=\"150\">You can drive any of our cars yourself or choose to ride as a passenger with a professional race driver.<\/p>\n<p data-start=\"152\" data-end=\"291\">\ud83d\udc49 No risk! You can exchange your experience for free or get a full refund until January 15th, and we will promptly return your money. \ud83c\udf81<\/p>\n<p data-start=\"293\" data-end=\"356\" data-is-last-node=\"\" data-is-only-node=\"\">Valid for purchases from November 1st to December 31st, 2025.<\/p>\n","protected":false},"featured_media":41267,"comment_status":"open","ping_status":"closed","template":"","meta":[],"product_brand":[],"product_cat":[450],"product_tag":[],"class_list":{"0":"post-33103","1":"product","2":"type-product","3":"status-publish","4":"has-post-thumbnail","6":"product_cat-auta","8":"first","9":"instock","10":"shipping-taxable","11":"purchasable","12":"product-type-variable"},"yoast_head":"<!-- This site is optimized with the Yoast SEO plugin v24.8.1 - https:\/\/yoast.com\/wordpress\/plugins\/seo\/ -->\n<title>Chevrolet Corvette C8 (AT) - Legendy U V\u00e1s<\/title>\n<meta name=\"description\" content=\"An adrenaline-filled experience with Legendy U V\u00e1s \u2013 an original gift not only for men and car enthusiasts. Drive sports cars (Ferrari, Lamborghini, Porsche, ...) on a race track or on country roads.\" \/>\n<meta name=\"robots\" content=\"index, follow, max-snippet:-1, max-image-preview:large, max-video-preview:-1\" \/>\n<link rel=\"canonical\" href=\"https:\/\/www.legendyuvas.cz\/en\/produkt\/chevrolet-corvette-c8-at\/\" \/>\n<meta property=\"og:locale\" content=\"en_US\" \/>\n<meta property=\"og:type\" content=\"article\" \/>\n<meta property=\"og:title\" content=\"Chevrolet Corvette C8 (AT) - Legendy U V\u00e1s\" \/>\n<meta property=\"og:description\" content=\"An adrenaline-filled experience with Legendy U V\u00e1s \u2013 an original gift not only for men and car enthusiasts. Drive sports cars (Ferrari, Lamborghini, Porsche, ...) on a race track or on country roads.\" \/>\n<meta property=\"og:url\" content=\"https:\/\/www.legendyuvas.cz\/en\/produkt\/chevrolet-corvette-c8-at\/\" \/>\n<meta property=\"og:site_name\" content=\"Legendy U V\u00e1s\" \/>\n<meta property=\"article:publisher\" content=\"https:\/\/www.facebook.com\/autolegendyuvas\" \/>\n<meta property=\"article:modified_time\" content=\"2025-12-27T00:02:40+00:00\" \/>\n<meta property=\"og:image\" content=\"https:\/\/www.legendyuvas.cz\/wp-content\/uploads\/2024\/11\/typeelementorsiteurlhttpswww.legendyuvas.czwp-jsonelementsidba0c5c1elTypewidgetisInnerfalseisLockedfalsesettingsbg_imageurlhttpswww.legendyuvas.czwp-contentuploads202410DSC_0620-2-scale-4.jpg\" \/>\n\t<meta property=\"og:image:width\" content=\"2048\" \/>\n\t<meta property=\"og:image:height\" content=\"1365\" \/>\n\t<meta property=\"og:image:type\" content=\"image\/jpeg\" \/>\n<meta name=\"twitter:card\" content=\"summary_large_image\" \/>\n<meta name=\"twitter:label1\" content=\"Est. reading time\" \/>\n\t<meta name=\"twitter:data1\" content=\"1 minute\" \/>\n<script type=\"application\/ld+json\" class=\"yoast-schema-graph\">{\"@context\":\"https:\/\/schema.org\",\"@graph\":[{\"@type\":\"WebPage\",\"@id\":\"https:\/\/www.legendyuvas.cz\/en\/produkt\/chevrolet-corvette-c8-at\/\",\"url\":\"https:\/\/www.legendyuvas.cz\/en\/produkt\/chevrolet-corvette-c8-at\/\",\"name\":\"Chevrolet Corvette C8 (AT) - Legendy U V\u00e1s\",\"isPartOf\":{\"@id\":\"https:\/\/www.legendyuvas.cz\/#website\"},\"primaryImageOfPage\":{\"@id\":\"https:\/\/www.legendyuvas.cz\/en\/produkt\/chevrolet-corvette-c8-at\/#primaryimage\"},\"image\":{\"@id\":\"https:\/\/www.legendyuvas.cz\/en\/produkt\/chevrolet-corvette-c8-at\/#primaryimage\"},\"thumbnailUrl\":\"https:\/\/www.legendyuvas.cz\/wp-content\/uploads\/2024\/11\/417-DSC_8537-scaled-1.webp\",\"datePublished\":\"2024-11-19T08:52:29+00:00\",\"dateModified\":\"2025-12-27T00:02:40+00:00\",\"description\":\"An adrenaline-filled experience with Legendy U V\u00e1s \u2013 an original gift not only for men and car enthusiasts. Drive sports cars (Ferrari, Lamborghini, Porsche, ...) on a race track or on country roads.\",\"breadcrumb\":{\"@id\":\"https:\/\/www.legendyuvas.cz\/en\/produkt\/chevrolet-corvette-c8-at\/#breadcrumb\"},\"inLanguage\":\"en-US\",\"potentialAction\":[{\"@type\":\"ReadAction\",\"target\":[\"https:\/\/www.legendyuvas.cz\/en\/produkt\/chevrolet-corvette-c8-at\/\"]}]},{\"@type\":\"ImageObject\",\"inLanguage\":\"en-US\",\"@id\":\"https:\/\/www.legendyuvas.cz\/en\/produkt\/chevrolet-corvette-c8-at\/#primaryimage\",\"url\":\"https:\/\/www.legendyuvas.cz\/wp-content\/uploads\/2024\/11\/417-DSC_8537-scaled-1.webp\",\"contentUrl\":\"https:\/\/www.legendyuvas.cz\/wp-content\/uploads\/2024\/11\/417-DSC_8537-scaled-1.webp\",\"width\":2560,\"height\":1707},{\"@type\":\"BreadcrumbList\",\"@id\":\"https:\/\/www.legendyuvas.cz\/en\/produkt\/chevrolet-corvette-c8-at\/#breadcrumb\",\"itemListElement\":[{\"@type\":\"ListItem\",\"position\":1,\"name\":\"Dom\u016f\",\"item\":\"https:\/\/www.legendyuvas.cz\/\"},{\"@type\":\"ListItem\",\"position\":2,\"name\":\"Obchod\",\"item\":\"https:\/\/www.legendyuvas.cz\/en\/obchod\/\"},{\"@type\":\"ListItem\",\"position\":3,\"name\":\"Chevrolet Corvette C8 (AT)\"}]},{\"@type\":\"WebSite\",\"@id\":\"https:\/\/www.legendyuvas.cz\/#website\",\"url\":\"https:\/\/www.legendyuvas.cz\/\",\"name\":\"Legendy U V\u00e1s\",\"description\":\"Dechberouc\u00ed z\u00e1\u017eitky v autech a motork\u00e1ch\",\"publisher\":{\"@id\":\"https:\/\/www.legendyuvas.cz\/#organization\"},\"potentialAction\":[{\"@type\":\"SearchAction\",\"target\":{\"@type\":\"EntryPoint\",\"urlTemplate\":\"https:\/\/www.legendyuvas.cz\/?s={search_term_string}\"},\"query-input\":{\"@type\":\"PropertyValueSpecification\",\"valueRequired\":true,\"valueName\":\"search_term_string\"}}],\"inLanguage\":\"en-US\"},{\"@type\":\"Organization\",\"@id\":\"https:\/\/www.legendyuvas.cz\/#organization\",\"name\":\"Bontex2 s.r.o.\",\"url\":\"https:\/\/www.legendyuvas.cz\/\",\"logo\":{\"@type\":\"ImageObject\",\"inLanguage\":\"en-US\",\"@id\":\"https:\/\/www.legendyuvas.cz\/#\/schema\/logo\/image\/\",\"url\":\"https:\/\/www.legendyuvas.cz\/wp-content\/uploads\/2021\/03\/Legendy-u-Vas.jpg\",\"contentUrl\":\"https:\/\/www.legendyuvas.cz\/wp-content\/uploads\/2021\/03\/Legendy-u-Vas.jpg\",\"width\":400,\"height\":240,\"caption\":\"Bontex2 s.r.o.\"},\"image\":{\"@id\":\"https:\/\/www.legendyuvas.cz\/#\/schema\/logo\/image\/\"},\"sameAs\":[\"https:\/\/www.facebook.com\/autolegendyuvas\",\"https:\/\/www.facebook.com\/motolegendyuvas\",\"https:\/\/www.instagram.com\/autolegendyuvas\/\",\"https:\/\/www.instagram.com\/motolegendyuvas\/\"]}]}<\/script>\n<!-- \/ Yoast SEO plugin. -->","yoast_head_json":{"title":"Chevrolet Corvette C8 (AT) - Legendy U V\u00e1s","description":"An adrenaline-filled experience with Legendy U V\u00e1s \u2013 an original gift not only for men and car enthusiasts. Drive sports cars (Ferrari, Lamborghini, Porsche, ...) on a race track or on country roads.","robots":{"index":"index","follow":"follow","max-snippet":"max-snippet:-1","max-image-preview":"max-image-preview:large","max-video-preview":"max-video-preview:-1"},"canonical":"https:\/\/www.legendyuvas.cz\/en\/produkt\/chevrolet-corvette-c8-at\/","og_locale":"en_US","og_type":"article","og_title":"Chevrolet Corvette C8 (AT) - Legendy U V\u00e1s","og_description":"An adrenaline-filled experience with Legendy U V\u00e1s \u2013 an original gift not only for men and car enthusiasts. Drive sports cars (Ferrari, Lamborghini, Porsche, ...) on a race track or on country roads.","og_url":"https:\/\/www.legendyuvas.cz\/en\/produkt\/chevrolet-corvette-c8-at\/","og_site_name":"Legendy U V\u00e1s","article_publisher":"https:\/\/www.facebook.com\/autolegendyuvas","article_modified_time":"2025-12-27T00:02:40+00:00","og_image":[{"width":2048,"height":1365,"url":"https:\/\/www.legendyuvas.cz\/wp-content\/uploads\/2024\/11\/typeelementorsiteurlhttpswww.legendyuvas.czwp-jsonelementsidba0c5c1elTypewidgetisInnerfalseisLockedfalsesettingsbg_imageurlhttpswww.legendyuvas.czwp-contentuploads202410DSC_0620-2-scale-4.jpg","type":"image\/jpeg"}],"twitter_card":"summary_large_image","twitter_misc":{"Est. reading time":"1 minute"},"schema":{"@context":"https:\/\/schema.org","@graph":[{"@type":"WebPage","@id":"https:\/\/www.legendyuvas.cz\/en\/produkt\/chevrolet-corvette-c8-at\/","url":"https:\/\/www.legendyuvas.cz\/en\/produkt\/chevrolet-corvette-c8-at\/","name":"Chevrolet Corvette C8 (AT) - Legendy U V\u00e1s","isPartOf":{"@id":"https:\/\/www.legendyuvas.cz\/#website"},"primaryImageOfPage":{"@id":"https:\/\/www.legendyuvas.cz\/en\/produkt\/chevrolet-corvette-c8-at\/#primaryimage"},"image":{"@id":"https:\/\/www.legendyuvas.cz\/en\/produkt\/chevrolet-corvette-c8-at\/#primaryimage"},"thumbnailUrl":"https:\/\/www.legendyuvas.cz\/wp-content\/uploads\/2024\/11\/417-DSC_8537-scaled-1.webp","datePublished":"2024-11-19T08:52:29+00:00","dateModified":"2025-12-27T00:02:40+00:00","description":"An adrenaline-filled experience with Legendy U V\u00e1s \u2013 an original gift not only for men and car enthusiasts. Drive sports cars (Ferrari, Lamborghini, Porsche, ...) on a race track or on country roads.","breadcrumb":{"@id":"https:\/\/www.legendyuvas.cz\/en\/produkt\/chevrolet-corvette-c8-at\/#breadcrumb"},"inLanguage":"en-US","potentialAction":[{"@type":"ReadAction","target":["https:\/\/www.legendyuvas.cz\/en\/produkt\/chevrolet-corvette-c8-at\/"]}]},{"@type":"ImageObject","inLanguage":"en-US","@id":"https:\/\/www.legendyuvas.cz\/en\/produkt\/chevrolet-corvette-c8-at\/#primaryimage","url":"https:\/\/www.legendyuvas.cz\/wp-content\/uploads\/2024\/11\/417-DSC_8537-scaled-1.webp","contentUrl":"https:\/\/www.legendyuvas.cz\/wp-content\/uploads\/2024\/11\/417-DSC_8537-scaled-1.webp","width":2560,"height":1707},{"@type":"BreadcrumbList","@id":"https:\/\/www.legendyuvas.cz\/en\/produkt\/chevrolet-corvette-c8-at\/#breadcrumb","itemListElement":[{"@type":"ListItem","position":1,"name":"Dom\u016f","item":"https:\/\/www.legendyuvas.cz\/"},{"@type":"ListItem","position":2,"name":"Obchod","item":"https:\/\/www.legendyuvas.cz\/en\/obchod\/"},{"@type":"ListItem","position":3,"name":"Chevrolet Corvette C8 (AT)"}]},{"@type":"WebSite","@id":"https:\/\/www.legendyuvas.cz\/#website","url":"https:\/\/www.legendyuvas.cz\/","name":"Legendy U V\u00e1s","description":"Dechberouc\u00ed z\u00e1\u017eitky v autech a motork\u00e1ch","publisher":{"@id":"https:\/\/www.legendyuvas.cz\/#organization"},"potentialAction":[{"@type":"SearchAction","target":{"@type":"EntryPoint","urlTemplate":"https:\/\/www.legendyuvas.cz\/?s={search_term_string}"},"query-input":{"@type":"PropertyValueSpecification","valueRequired":true,"valueName":"search_term_string"}}],"inLanguage":"en-US"},{"@type":"Organization","@id":"https:\/\/www.legendyuvas.cz\/#organization","name":"Bontex2 s.r.o.","url":"https:\/\/www.legendyuvas.cz\/","logo":{"@type":"ImageObject","inLanguage":"en-US","@id":"https:\/\/www.legendyuvas.cz\/#\/schema\/logo\/image\/","url":"https:\/\/www.legendyuvas.cz\/wp-content\/uploads\/2021\/03\/Legendy-u-Vas.jpg","contentUrl":"https:\/\/www.legendyuvas.cz\/wp-content\/uploads\/2021\/03\/Legendy-u-Vas.jpg","width":400,"height":240,"caption":"Bontex2 s.r.o."},"image":{"@id":"https:\/\/www.legendyuvas.cz\/#\/schema\/logo\/image\/"},"sameAs":["https:\/\/www.facebook.com\/autolegendyuvas","https:\/\/www.facebook.com\/motolegendyuvas","https:\/\/www.instagram.com\/autolegendyuvas\/","https:\/\/www.instagram.com\/motolegendyuvas\/"]}]}},"_links":{"self":[{"href":"https:\/\/www.legendyuvas.cz\/en\/wp-json\/wp\/v2\/product\/33103","targetHints":{"allow":["GET"]}}],"collection":[{"href":"https:\/\/www.legendyuvas.cz\/en\/wp-json\/wp\/v2\/product"}],"about":[{"href":"https:\/\/www.legendyuvas.cz\/en\/wp-json\/wp\/v2\/types\/product"}],"replies":[{"embeddable":true,"href":"https:\/\/www.legendyuvas.cz\/en\/wp-json\/wp\/v2\/comments?post=33103"}],"version-history":[{"count":2,"href":"https:\/\/www.legendyuvas.cz\/en\/wp-json\/wp\/v2\/product\/33103\/revisions"}],"predecessor-version":[{"id":36177,"href":"https:\/\/www.legendyuvas.cz\/en\/wp-json\/wp\/v2\/product\/33103\/revisions\/36177"}],"wp:featuredmedia":[{"embeddable":true,"href":"https:\/\/www.legendyuvas.cz\/en\/wp-json\/wp\/v2\/media\/41267"}],"wp:attachment":[{"href":"https:\/\/www.legendyuvas.cz\/en\/wp-json\/wp\/v2\/media?parent=33103"}],"wp:term":[{"taxonomy":"product_brand","embeddable":true,"href":"https:\/\/www.legendyuvas.cz\/en\/wp-json\/wp\/v2\/product_brand?post=33103"},{"taxonomy":"product_cat","embeddable":true,"href":"https:\/\/www.legendyuvas.cz\/en\/wp-json\/wp\/v2\/product_cat?post=33103"},{"taxonomy":"product_tag","embeddable":true,"href":"https:\/\/www.legendyuvas.cz\/en\/wp-json\/wp\/v2\/product_tag?post=33103"}],"curies":[{"name":"wp","href":"https:\/\/api.w.org\/{rel}","templated":true}]}}