{"id":38718,"date":"2023-07-02T16:48:49","date_gmt":"2023-07-02T16:48:49","guid":{"rendered":"https:\/\/www.legendyuvas.cz\/?post_type=product&#038;p=38718"},"modified":"2026-02-26T10:05:13","modified_gmt":"2026-02-26T10:05:13","slug":"bmw-m3-csl-e46","status":"publish","type":"product","link":"https:\/\/www.legendyuvas.cz\/en\/produkt\/bmw-m3-csl-e46\/","title":{"rendered":"BMW M3 CSL E46"},"content":{"rendered":"<p data-start=\"1603\" data-end=\"1875\"><strong data-start=\"1603\" data-end=\"1633\">A Legend Among Sports Cars<\/strong><br data-start=\"1633\" data-end=\"1636\" \/>The BMW M3 CSL represents a legend in the world of sports cars. This model is the result of precise German engineering, with a strong focus on performance and dynamics. Its character and rarity make the M3 CSL a true gem among automobiles.<\/p>\n<p data-start=\"1877\" data-end=\"2129\">This car is powered by a 3.2-liter inline-six engine producing an astonishing 360 hp, paired with an automated SMG transmission. With acceleration from 0 to 100 km\/h in just 4.9 seconds, it promises an adrenaline-filled experience of speed and control.<\/p>\n<p data-start=\"2131\" data-end=\"2495\">The M3 CSL is a limited edition designed with weight reduction and performance in mind. This is also the origin of the name CSL \u2013 Coupe Sport Light. During its six-month production run, only 820 left-hand drive units were made, making it rarer than the Ferrari F40. Its agility and responsiveness to every press of the accelerator guarantee an unforgettable drive.<\/p>\n<p data-start=\"2497\" data-end=\"2765\">Give the gift of this unforgettable experience. Imagine your loved ones hearing the legendary engine for the first time and feeling how the car smoothly responds to every press of the pedal. This is all part of the unique experience that only the BMW M3 CSL can offer.<\/p>\n<p data-start=\"2767\" data-end=\"3076\">Whether for a speed enthusiast or someone seeking a one-of-a-kind experience, the M3 CSL is the perfect gift that will thrill anyone who experiences its speed and performance. This rare car is ready to deliver an unforgettable experience that exceeds all expectations. Don\u2019t wait \u2014 book this experience today.<\/p>\n","protected":false},"excerpt":{"rendered":"<p>A Legend Among Sports CarsThe BMW M3 CSL represents a legend in the world of sports cars. This model is the result of precise German engineering, with a strong focus on performance and dynamics. Its character and rarity make the M3 CSL a true gem among automobiles. This car is powered by a 3.2-liter inline-six [&hellip;]<\/p>\n","protected":false},"featured_media":70083,"comment_status":"open","ping_status":"closed","template":"","meta":[],"product_brand":[],"product_cat":[450],"product_tag":[],"class_list":{"0":"post-38718","1":"product","2":"type-product","3":"status-publish","4":"has-post-thumbnail","6":"product_cat-auta","8":"first","9":"instock","10":"shipping-taxable","11":"purchasable","12":"product-type-variable"},"yoast_head":"<!-- This site is optimized with the Yoast SEO plugin v24.8.1 - https:\/\/yoast.com\/wordpress\/plugins\/seo\/ -->\n<title>BMW M3 CSL E46 - Legendy U V\u00e1s<\/title>\n<meta name=\"description\" content=\"Adrenaline Experience with Legendy U V\u00e1s \u2013 an original gift not only for men and car enthusiasts. Drive sports cars (Ferrari, Lamborghini, Porsche, ...) on the racetrack and on local roads.\" \/>\n<meta name=\"robots\" content=\"index, follow, max-snippet:-1, max-image-preview:large, max-video-preview:-1\" \/>\n<link rel=\"canonical\" href=\"https:\/\/www.legendyuvas.cz\/produkt\/taxi-jizda-v-bmw-m3-csl\/\" \/>\n<meta property=\"og:locale\" content=\"en_US\" \/>\n<meta property=\"og:type\" content=\"article\" \/>\n<meta property=\"og:title\" content=\"BMW M3 CSL E46 - Legendy U V\u00e1s\" \/>\n<meta property=\"og:description\" content=\"Adrenaline Experience with Legendy U V\u00e1s \u2013 an original gift not only for men and car enthusiasts. Drive sports cars (Ferrari, Lamborghini, Porsche, ...) on the racetrack and on local roads.\" \/>\n<meta property=\"og:url\" content=\"https:\/\/www.legendyuvas.cz\/produkt\/taxi-jizda-v-bmw-m3-csl\/\" \/>\n<meta property=\"og:site_name\" content=\"Legendy U V\u00e1s\" \/>\n<meta property=\"article:publisher\" content=\"https:\/\/www.facebook.com\/autolegendyuvas\" \/>\n<meta property=\"article:modified_time\" content=\"2026-02-26T10:05:13+00:00\" \/>\n<meta property=\"og:image\" content=\"https:\/\/www.legendyuvas.cz\/wp-content\/uploads\/2023\/07\/C5D_3540-scaled.jpg\" \/>\n\t<meta property=\"og:image:width\" content=\"2560\" \/>\n\t<meta property=\"og:image:height\" content=\"1707\" \/>\n\t<meta property=\"og:image:type\" content=\"image\/jpeg\" \/>\n<meta name=\"twitter:card\" content=\"summary_large_image\" \/>\n<meta name=\"twitter:label1\" content=\"Est. reading time\" \/>\n\t<meta name=\"twitter:data1\" content=\"1 minute\" \/>\n<script type=\"application\/ld+json\" class=\"yoast-schema-graph\">{\"@context\":\"https:\/\/schema.org\",\"@graph\":[{\"@type\":\"WebPage\",\"@id\":\"https:\/\/www.legendyuvas.cz\/produkt\/taxi-jizda-v-bmw-m3-csl\/\",\"url\":\"https:\/\/www.legendyuvas.cz\/produkt\/taxi-jizda-v-bmw-m3-csl\/\",\"name\":\"BMW M3 CSL E46 - Legendy U V\u00e1s\",\"isPartOf\":{\"@id\":\"https:\/\/www.legendyuvas.cz\/#website\"},\"primaryImageOfPage\":{\"@id\":\"https:\/\/www.legendyuvas.cz\/produkt\/taxi-jizda-v-bmw-m3-csl\/#primaryimage\"},\"image\":{\"@id\":\"https:\/\/www.legendyuvas.cz\/produkt\/taxi-jizda-v-bmw-m3-csl\/#primaryimage\"},\"thumbnailUrl\":\"https:\/\/www.legendyuvas.cz\/wp-content\/uploads\/2023\/07\/IMG_4281-scaled.jpg\",\"datePublished\":\"2023-07-02T16:48:49+00:00\",\"dateModified\":\"2026-02-26T10:05:13+00:00\",\"description\":\"Adrenaline Experience with Legendy U V\u00e1s \u2013 an original gift not only for men and car enthusiasts. Drive sports cars (Ferrari, Lamborghini, Porsche, ...) on the racetrack and on local roads.\",\"breadcrumb\":{\"@id\":\"https:\/\/www.legendyuvas.cz\/produkt\/taxi-jizda-v-bmw-m3-csl\/#breadcrumb\"},\"inLanguage\":\"en-US\",\"potentialAction\":[{\"@type\":\"ReadAction\",\"target\":[\"https:\/\/www.legendyuvas.cz\/produkt\/taxi-jizda-v-bmw-m3-csl\/\"]}]},{\"@type\":\"ImageObject\",\"inLanguage\":\"en-US\",\"@id\":\"https:\/\/www.legendyuvas.cz\/produkt\/taxi-jizda-v-bmw-m3-csl\/#primaryimage\",\"url\":\"https:\/\/www.legendyuvas.cz\/wp-content\/uploads\/2023\/07\/IMG_4281-scaled.jpg\",\"contentUrl\":\"https:\/\/www.legendyuvas.cz\/wp-content\/uploads\/2023\/07\/IMG_4281-scaled.jpg\",\"width\":2560,\"height\":1707},{\"@type\":\"BreadcrumbList\",\"@id\":\"https:\/\/www.legendyuvas.cz\/produkt\/taxi-jizda-v-bmw-m3-csl\/#breadcrumb\",\"itemListElement\":[{\"@type\":\"ListItem\",\"position\":1,\"name\":\"Dom\u016f\",\"item\":\"https:\/\/www.legendyuvas.cz\/\"},{\"@type\":\"ListItem\",\"position\":2,\"name\":\"Obchod\",\"item\":\"https:\/\/www.legendyuvas.cz\/en\/obchod\/\"},{\"@type\":\"ListItem\",\"position\":3,\"name\":\"BMW M3 CSL E46\"}]},{\"@type\":\"WebSite\",\"@id\":\"https:\/\/www.legendyuvas.cz\/#website\",\"url\":\"https:\/\/www.legendyuvas.cz\/\",\"name\":\"Legendy U V\u00e1s\",\"description\":\"Dechberouc\u00ed z\u00e1\u017eitky v autech a motork\u00e1ch\",\"publisher\":{\"@id\":\"https:\/\/www.legendyuvas.cz\/#organization\"},\"potentialAction\":[{\"@type\":\"SearchAction\",\"target\":{\"@type\":\"EntryPoint\",\"urlTemplate\":\"https:\/\/www.legendyuvas.cz\/?s={search_term_string}\"},\"query-input\":{\"@type\":\"PropertyValueSpecification\",\"valueRequired\":true,\"valueName\":\"search_term_string\"}}],\"inLanguage\":\"en-US\"},{\"@type\":\"Organization\",\"@id\":\"https:\/\/www.legendyuvas.cz\/#organization\",\"name\":\"Bontex2 s.r.o.\",\"url\":\"https:\/\/www.legendyuvas.cz\/\",\"logo\":{\"@type\":\"ImageObject\",\"inLanguage\":\"en-US\",\"@id\":\"https:\/\/www.legendyuvas.cz\/#\/schema\/logo\/image\/\",\"url\":\"https:\/\/www.legendyuvas.cz\/wp-content\/uploads\/2021\/03\/Legendy-u-Vas.jpg\",\"contentUrl\":\"https:\/\/www.legendyuvas.cz\/wp-content\/uploads\/2021\/03\/Legendy-u-Vas.jpg\",\"width\":400,\"height\":240,\"caption\":\"Bontex2 s.r.o.\"},\"image\":{\"@id\":\"https:\/\/www.legendyuvas.cz\/#\/schema\/logo\/image\/\"},\"sameAs\":[\"https:\/\/www.facebook.com\/autolegendyuvas\",\"https:\/\/www.facebook.com\/motolegendyuvas\",\"https:\/\/www.instagram.com\/autolegendyuvas\/\",\"https:\/\/www.instagram.com\/motolegendyuvas\/\"]}]}<\/script>\n<!-- \/ Yoast SEO plugin. -->","yoast_head_json":{"title":"BMW M3 CSL E46 - Legendy U V\u00e1s","description":"Adrenaline Experience with Legendy U V\u00e1s \u2013 an original gift not only for men and car enthusiasts. Drive sports cars (Ferrari, Lamborghini, Porsche, ...) on the racetrack and on local roads.","robots":{"index":"index","follow":"follow","max-snippet":"max-snippet:-1","max-image-preview":"max-image-preview:large","max-video-preview":"max-video-preview:-1"},"canonical":"https:\/\/www.legendyuvas.cz\/produkt\/taxi-jizda-v-bmw-m3-csl\/","og_locale":"en_US","og_type":"article","og_title":"BMW M3 CSL E46 - Legendy U V\u00e1s","og_description":"Adrenaline Experience with Legendy U V\u00e1s \u2013 an original gift not only for men and car enthusiasts. Drive sports cars (Ferrari, Lamborghini, Porsche, ...) on the racetrack and on local roads.","og_url":"https:\/\/www.legendyuvas.cz\/produkt\/taxi-jizda-v-bmw-m3-csl\/","og_site_name":"Legendy U V\u00e1s","article_publisher":"https:\/\/www.facebook.com\/autolegendyuvas","article_modified_time":"2026-02-26T10:05:13+00:00","og_image":[{"width":2560,"height":1707,"url":"https:\/\/www.legendyuvas.cz\/wp-content\/uploads\/2023\/07\/C5D_3540-scaled.jpg","type":"image\/jpeg"}],"twitter_card":"summary_large_image","twitter_misc":{"Est. reading time":"1 minute"},"schema":{"@context":"https:\/\/schema.org","@graph":[{"@type":"WebPage","@id":"https:\/\/www.legendyuvas.cz\/produkt\/taxi-jizda-v-bmw-m3-csl\/","url":"https:\/\/www.legendyuvas.cz\/produkt\/taxi-jizda-v-bmw-m3-csl\/","name":"BMW M3 CSL E46 - Legendy U V\u00e1s","isPartOf":{"@id":"https:\/\/www.legendyuvas.cz\/#website"},"primaryImageOfPage":{"@id":"https:\/\/www.legendyuvas.cz\/produkt\/taxi-jizda-v-bmw-m3-csl\/#primaryimage"},"image":{"@id":"https:\/\/www.legendyuvas.cz\/produkt\/taxi-jizda-v-bmw-m3-csl\/#primaryimage"},"thumbnailUrl":"https:\/\/www.legendyuvas.cz\/wp-content\/uploads\/2023\/07\/IMG_4281-scaled.jpg","datePublished":"2023-07-02T16:48:49+00:00","dateModified":"2026-02-26T10:05:13+00:00","description":"Adrenaline Experience with Legendy U V\u00e1s \u2013 an original gift not only for men and car enthusiasts. Drive sports cars (Ferrari, Lamborghini, Porsche, ...) on the racetrack and on local roads.","breadcrumb":{"@id":"https:\/\/www.legendyuvas.cz\/produkt\/taxi-jizda-v-bmw-m3-csl\/#breadcrumb"},"inLanguage":"en-US","potentialAction":[{"@type":"ReadAction","target":["https:\/\/www.legendyuvas.cz\/produkt\/taxi-jizda-v-bmw-m3-csl\/"]}]},{"@type":"ImageObject","inLanguage":"en-US","@id":"https:\/\/www.legendyuvas.cz\/produkt\/taxi-jizda-v-bmw-m3-csl\/#primaryimage","url":"https:\/\/www.legendyuvas.cz\/wp-content\/uploads\/2023\/07\/IMG_4281-scaled.jpg","contentUrl":"https:\/\/www.legendyuvas.cz\/wp-content\/uploads\/2023\/07\/IMG_4281-scaled.jpg","width":2560,"height":1707},{"@type":"BreadcrumbList","@id":"https:\/\/www.legendyuvas.cz\/produkt\/taxi-jizda-v-bmw-m3-csl\/#breadcrumb","itemListElement":[{"@type":"ListItem","position":1,"name":"Dom\u016f","item":"https:\/\/www.legendyuvas.cz\/"},{"@type":"ListItem","position":2,"name":"Obchod","item":"https:\/\/www.legendyuvas.cz\/en\/obchod\/"},{"@type":"ListItem","position":3,"name":"BMW M3 CSL E46"}]},{"@type":"WebSite","@id":"https:\/\/www.legendyuvas.cz\/#website","url":"https:\/\/www.legendyuvas.cz\/","name":"Legendy U V\u00e1s","description":"Dechberouc\u00ed z\u00e1\u017eitky v autech a motork\u00e1ch","publisher":{"@id":"https:\/\/www.legendyuvas.cz\/#organization"},"potentialAction":[{"@type":"SearchAction","target":{"@type":"EntryPoint","urlTemplate":"https:\/\/www.legendyuvas.cz\/?s={search_term_string}"},"query-input":{"@type":"PropertyValueSpecification","valueRequired":true,"valueName":"search_term_string"}}],"inLanguage":"en-US"},{"@type":"Organization","@id":"https:\/\/www.legendyuvas.cz\/#organization","name":"Bontex2 s.r.o.","url":"https:\/\/www.legendyuvas.cz\/","logo":{"@type":"ImageObject","inLanguage":"en-US","@id":"https:\/\/www.legendyuvas.cz\/#\/schema\/logo\/image\/","url":"https:\/\/www.legendyuvas.cz\/wp-content\/uploads\/2021\/03\/Legendy-u-Vas.jpg","contentUrl":"https:\/\/www.legendyuvas.cz\/wp-content\/uploads\/2021\/03\/Legendy-u-Vas.jpg","width":400,"height":240,"caption":"Bontex2 s.r.o."},"image":{"@id":"https:\/\/www.legendyuvas.cz\/#\/schema\/logo\/image\/"},"sameAs":["https:\/\/www.facebook.com\/autolegendyuvas","https:\/\/www.facebook.com\/motolegendyuvas","https:\/\/www.instagram.com\/autolegendyuvas\/","https:\/\/www.instagram.com\/motolegendyuvas\/"]}]}},"_links":{"self":[{"href":"https:\/\/www.legendyuvas.cz\/en\/wp-json\/wp\/v2\/product\/38718","targetHints":{"allow":["GET"]}}],"collection":[{"href":"https:\/\/www.legendyuvas.cz\/en\/wp-json\/wp\/v2\/product"}],"about":[{"href":"https:\/\/www.legendyuvas.cz\/en\/wp-json\/wp\/v2\/types\/product"}],"replies":[{"embeddable":true,"href":"https:\/\/www.legendyuvas.cz\/en\/wp-json\/wp\/v2\/comments?post=38718"}],"version-history":[{"count":1,"href":"https:\/\/www.legendyuvas.cz\/en\/wp-json\/wp\/v2\/product\/38718\/revisions"}],"predecessor-version":[{"id":67137,"href":"https:\/\/www.legendyuvas.cz\/en\/wp-json\/wp\/v2\/product\/38718\/revisions\/67137"}],"wp:featuredmedia":[{"embeddable":true,"href":"https:\/\/www.legendyuvas.cz\/en\/wp-json\/wp\/v2\/media\/70083"}],"wp:attachment":[{"href":"https:\/\/www.legendyuvas.cz\/en\/wp-json\/wp\/v2\/media?parent=38718"}],"wp:term":[{"taxonomy":"product_brand","embeddable":true,"href":"https:\/\/www.legendyuvas.cz\/en\/wp-json\/wp\/v2\/product_brand?post=38718"},{"taxonomy":"product_cat","embeddable":true,"href":"https:\/\/www.legendyuvas.cz\/en\/wp-json\/wp\/v2\/product_cat?post=38718"},{"taxonomy":"product_tag","embeddable":true,"href":"https:\/\/www.legendyuvas.cz\/en\/wp-json\/wp\/v2\/product_tag?post=38718"}],"curies":[{"name":"wp","href":"https:\/\/api.w.org\/{rel}","templated":true}]}}