{"id":39094,"date":"2023-07-10T16:34:55","date_gmt":"2023-07-10T16:34:55","guid":{"rendered":"https:\/\/www.legendyuvas.cz\/produkt\/univerzalni-poukaz-moto-en\/"},"modified":"2023-07-10T16:34:55","modified_gmt":"2023-07-10T16:34:55","slug":"univerzalni-poukaz-moto-en","status":"publish","type":"product","link":"https:\/\/www.legendyuvas.cz\/en\/produkt\/univerzalni-poukaz-moto-en\/","title":{"rendered":"UNIVERZ\u00c1LN\u00cd POUKAZ MOTO EN"},"content":{"rendered":"<p data-start=\"2394\" data-end=\"2708\"><strong data-start=\"2394\" data-end=\"2431\">Give the Experience on Two Wheels<\/strong><br data-start=\"2431\" data-end=\"2434\" \/>A fantastic gift is one that leaves an unforgettable mark of adventure and excitement in the recipient\u2019s heart. Step away from the usual path of material gifts and replace it with an exhilarating riding experience that will lead the recipient on a journey full of adventure.<\/p>\n<p data-start=\"2710\" data-end=\"2997\"><strong data-start=\"2710\" data-end=\"2730\">High Flexibility<\/strong><br data-start=\"2730\" data-end=\"2733\" \/>Our extensive collection of motorcycles includes legendary machines from brands like JAWA as well as modern speedsters from CFMOTO, BMW, and HONDA. Everyone will find a bike they want to ride, whether they love classic bikes or modern touring and scrambler models.<\/p>\n<p data-start=\"2999\" data-end=\"3241\"><strong data-start=\"2999\" data-end=\"3045\">Satisfaction Guaranteed Without Compromise<\/strong><br data-start=\"3045\" data-end=\"3048\" \/>We focus on fair and friendly service, and customer satisfaction is our top priority. You can be sure that our motorcycles are always in perfect condition and will not let you down on the road.<\/p>\n<p data-start=\"3243\" data-end=\"3400\">Our gift voucher is valid for 12 months, giving the recipient plenty of time to plan their ride. This gift is a true experience that is not easily forgotten.<\/p>\n<p data-start=\"3402\" data-end=\"3506\">There are no mandatory extra fees, and coverage for theft or accidents is already included in the price.<\/p>\n","protected":false},"excerpt":{"rendered":"<p>Give the Experience on Two WheelsA fantastic gift is one that leaves an unforgettable mark of adventure and excitement in the recipient\u2019s heart. Step away from the usual path of material gifts and replace it with an exhilarating riding experience that will lead the recipient on a journey full of adventure. High FlexibilityOur extensive collection [&hellip;]<\/p>\n","protected":false},"featured_media":20525,"comment_status":"open","ping_status":"closed","template":"","meta":[],"product_brand":[],"product_cat":[465],"product_tag":[],"class_list":{"0":"post-39094","1":"product","2":"type-product","3":"status-publish","4":"has-post-thumbnail","6":"product_cat-motorcycles","8":"first","9":"instock","10":"shipping-taxable","11":"purchasable","12":"product-type-variable"},"yoast_head":"<!-- This site is optimized with the Yoast SEO plugin v24.8.1 - https:\/\/yoast.com\/wordpress\/plugins\/seo\/ -->\n<title>UNIVERZ\u00c1LN\u00cd POUKAZ MOTO EN - Legendy U V\u00e1s<\/title>\n<meta name=\"robots\" content=\"index, follow, max-snippet:-1, max-image-preview:large, max-video-preview:-1\" \/>\n<link rel=\"canonical\" href=\"https:\/\/www.legendyuvas.cz\/en\/produkt\/univerzalni-poukaz-moto-en\/\" \/>\n<meta property=\"og:locale\" content=\"en_US\" \/>\n<meta property=\"og:type\" content=\"article\" \/>\n<meta property=\"og:title\" content=\"UNIVERZ\u00c1LN\u00cd POUKAZ MOTO EN - Legendy U V\u00e1s\" \/>\n<meta property=\"og:description\" content=\"Give the Experience on Two WheelsA fantastic gift is one that leaves an unforgettable mark of adventure and excitement in the recipient\u2019s heart. Step away from the usual path of material gifts and replace it with an exhilarating riding experience that will lead the recipient on a journey full of adventure. High FlexibilityOur extensive collection [&hellip;]\" \/>\n<meta property=\"og:url\" content=\"https:\/\/www.legendyuvas.cz\/en\/produkt\/univerzalni-poukaz-moto-en\/\" \/>\n<meta property=\"og:site_name\" content=\"Legendy U V\u00e1s\" \/>\n<meta property=\"article:publisher\" content=\"https:\/\/www.facebook.com\/autolegendyuvas\" \/>\n<meta property=\"og:image\" content=\"https:\/\/www.legendyuvas.cz\/wp-content\/uploads\/2023\/06\/C5D_0272-1-min-scaled.jpg\" \/>\n\t<meta property=\"og:image:width\" content=\"2560\" \/>\n\t<meta property=\"og:image:height\" content=\"1707\" \/>\n\t<meta property=\"og:image:type\" content=\"image\/jpeg\" \/>\n<meta name=\"twitter:card\" content=\"summary_large_image\" \/>\n<meta name=\"twitter:label1\" content=\"Est. reading time\" \/>\n\t<meta name=\"twitter:data1\" content=\"1 minute\" \/>\n<script type=\"application\/ld+json\" class=\"yoast-schema-graph\">{\"@context\":\"https:\/\/schema.org\",\"@graph\":[{\"@type\":\"WebPage\",\"@id\":\"https:\/\/www.legendyuvas.cz\/en\/produkt\/univerzalni-poukaz-moto-en\/\",\"url\":\"https:\/\/www.legendyuvas.cz\/en\/produkt\/univerzalni-poukaz-moto-en\/\",\"name\":\"UNIVERZ\u00c1LN\u00cd POUKAZ MOTO EN - Legendy U V\u00e1s\",\"isPartOf\":{\"@id\":\"https:\/\/www.legendyuvas.cz\/#website\"},\"primaryImageOfPage\":{\"@id\":\"https:\/\/www.legendyuvas.cz\/en\/produkt\/univerzalni-poukaz-moto-en\/#primaryimage\"},\"image\":{\"@id\":\"https:\/\/www.legendyuvas.cz\/en\/produkt\/univerzalni-poukaz-moto-en\/#primaryimage\"},\"thumbnailUrl\":\"https:\/\/www.legendyuvas.cz\/wp-content\/uploads\/2023\/06\/C5D_0272-1-min-scaled.jpg\",\"datePublished\":\"2023-07-10T16:34:55+00:00\",\"breadcrumb\":{\"@id\":\"https:\/\/www.legendyuvas.cz\/en\/produkt\/univerzalni-poukaz-moto-en\/#breadcrumb\"},\"inLanguage\":\"en-US\",\"potentialAction\":[{\"@type\":\"ReadAction\",\"target\":[\"https:\/\/www.legendyuvas.cz\/en\/produkt\/univerzalni-poukaz-moto-en\/\"]}]},{\"@type\":\"ImageObject\",\"inLanguage\":\"en-US\",\"@id\":\"https:\/\/www.legendyuvas.cz\/en\/produkt\/univerzalni-poukaz-moto-en\/#primaryimage\",\"url\":\"https:\/\/www.legendyuvas.cz\/wp-content\/uploads\/2023\/06\/C5D_0272-1-min-scaled.jpg\",\"contentUrl\":\"https:\/\/www.legendyuvas.cz\/wp-content\/uploads\/2023\/06\/C5D_0272-1-min-scaled.jpg\",\"width\":2560,\"height\":1707},{\"@type\":\"BreadcrumbList\",\"@id\":\"https:\/\/www.legendyuvas.cz\/en\/produkt\/univerzalni-poukaz-moto-en\/#breadcrumb\",\"itemListElement\":[{\"@type\":\"ListItem\",\"position\":1,\"name\":\"Dom\u016f\",\"item\":\"https:\/\/www.legendyuvas.cz\/\"},{\"@type\":\"ListItem\",\"position\":2,\"name\":\"Obchod\",\"item\":\"https:\/\/www.legendyuvas.cz\/en\/obchod\/\"},{\"@type\":\"ListItem\",\"position\":3,\"name\":\"UNIVERZ\u00c1LN\u00cd POUKAZ MOTO EN\"}]},{\"@type\":\"WebSite\",\"@id\":\"https:\/\/www.legendyuvas.cz\/#website\",\"url\":\"https:\/\/www.legendyuvas.cz\/\",\"name\":\"Legendy U V\u00e1s\",\"description\":\"Dechberouc\u00ed z\u00e1\u017eitky v autech a motork\u00e1ch\",\"publisher\":{\"@id\":\"https:\/\/www.legendyuvas.cz\/#organization\"},\"potentialAction\":[{\"@type\":\"SearchAction\",\"target\":{\"@type\":\"EntryPoint\",\"urlTemplate\":\"https:\/\/www.legendyuvas.cz\/?s={search_term_string}\"},\"query-input\":{\"@type\":\"PropertyValueSpecification\",\"valueRequired\":true,\"valueName\":\"search_term_string\"}}],\"inLanguage\":\"en-US\"},{\"@type\":\"Organization\",\"@id\":\"https:\/\/www.legendyuvas.cz\/#organization\",\"name\":\"Bontex2 s.r.o.\",\"url\":\"https:\/\/www.legendyuvas.cz\/\",\"logo\":{\"@type\":\"ImageObject\",\"inLanguage\":\"en-US\",\"@id\":\"https:\/\/www.legendyuvas.cz\/#\/schema\/logo\/image\/\",\"url\":\"https:\/\/www.legendyuvas.cz\/wp-content\/uploads\/2021\/03\/Legendy-u-Vas.jpg\",\"contentUrl\":\"https:\/\/www.legendyuvas.cz\/wp-content\/uploads\/2021\/03\/Legendy-u-Vas.jpg\",\"width\":400,\"height\":240,\"caption\":\"Bontex2 s.r.o.\"},\"image\":{\"@id\":\"https:\/\/www.legendyuvas.cz\/#\/schema\/logo\/image\/\"},\"sameAs\":[\"https:\/\/www.facebook.com\/autolegendyuvas\",\"https:\/\/www.facebook.com\/motolegendyuvas\",\"https:\/\/www.instagram.com\/autolegendyuvas\/\",\"https:\/\/www.instagram.com\/motolegendyuvas\/\"]}]}<\/script>\n<!-- \/ Yoast SEO plugin. -->","yoast_head_json":{"title":"UNIVERZ\u00c1LN\u00cd POUKAZ MOTO EN - Legendy U V\u00e1s","robots":{"index":"index","follow":"follow","max-snippet":"max-snippet:-1","max-image-preview":"max-image-preview:large","max-video-preview":"max-video-preview:-1"},"canonical":"https:\/\/www.legendyuvas.cz\/en\/produkt\/univerzalni-poukaz-moto-en\/","og_locale":"en_US","og_type":"article","og_title":"UNIVERZ\u00c1LN\u00cd POUKAZ MOTO EN - Legendy U V\u00e1s","og_description":"Give the Experience on Two WheelsA fantastic gift is one that leaves an unforgettable mark of adventure and excitement in the recipient\u2019s heart. Step away from the usual path of material gifts and replace it with an exhilarating riding experience that will lead the recipient on a journey full of adventure. High FlexibilityOur extensive collection [&hellip;]","og_url":"https:\/\/www.legendyuvas.cz\/en\/produkt\/univerzalni-poukaz-moto-en\/","og_site_name":"Legendy U V\u00e1s","article_publisher":"https:\/\/www.facebook.com\/autolegendyuvas","og_image":[{"width":2560,"height":1707,"url":"https:\/\/www.legendyuvas.cz\/wp-content\/uploads\/2023\/06\/C5D_0272-1-min-scaled.jpg","type":"image\/jpeg"}],"twitter_card":"summary_large_image","twitter_misc":{"Est. reading time":"1 minute"},"schema":{"@context":"https:\/\/schema.org","@graph":[{"@type":"WebPage","@id":"https:\/\/www.legendyuvas.cz\/en\/produkt\/univerzalni-poukaz-moto-en\/","url":"https:\/\/www.legendyuvas.cz\/en\/produkt\/univerzalni-poukaz-moto-en\/","name":"UNIVERZ\u00c1LN\u00cd POUKAZ MOTO EN - Legendy U V\u00e1s","isPartOf":{"@id":"https:\/\/www.legendyuvas.cz\/#website"},"primaryImageOfPage":{"@id":"https:\/\/www.legendyuvas.cz\/en\/produkt\/univerzalni-poukaz-moto-en\/#primaryimage"},"image":{"@id":"https:\/\/www.legendyuvas.cz\/en\/produkt\/univerzalni-poukaz-moto-en\/#primaryimage"},"thumbnailUrl":"https:\/\/www.legendyuvas.cz\/wp-content\/uploads\/2023\/06\/C5D_0272-1-min-scaled.jpg","datePublished":"2023-07-10T16:34:55+00:00","breadcrumb":{"@id":"https:\/\/www.legendyuvas.cz\/en\/produkt\/univerzalni-poukaz-moto-en\/#breadcrumb"},"inLanguage":"en-US","potentialAction":[{"@type":"ReadAction","target":["https:\/\/www.legendyuvas.cz\/en\/produkt\/univerzalni-poukaz-moto-en\/"]}]},{"@type":"ImageObject","inLanguage":"en-US","@id":"https:\/\/www.legendyuvas.cz\/en\/produkt\/univerzalni-poukaz-moto-en\/#primaryimage","url":"https:\/\/www.legendyuvas.cz\/wp-content\/uploads\/2023\/06\/C5D_0272-1-min-scaled.jpg","contentUrl":"https:\/\/www.legendyuvas.cz\/wp-content\/uploads\/2023\/06\/C5D_0272-1-min-scaled.jpg","width":2560,"height":1707},{"@type":"BreadcrumbList","@id":"https:\/\/www.legendyuvas.cz\/en\/produkt\/univerzalni-poukaz-moto-en\/#breadcrumb","itemListElement":[{"@type":"ListItem","position":1,"name":"Dom\u016f","item":"https:\/\/www.legendyuvas.cz\/"},{"@type":"ListItem","position":2,"name":"Obchod","item":"https:\/\/www.legendyuvas.cz\/en\/obchod\/"},{"@type":"ListItem","position":3,"name":"UNIVERZ\u00c1LN\u00cd POUKAZ MOTO EN"}]},{"@type":"WebSite","@id":"https:\/\/www.legendyuvas.cz\/#website","url":"https:\/\/www.legendyuvas.cz\/","name":"Legendy U V\u00e1s","description":"Dechberouc\u00ed z\u00e1\u017eitky v autech a motork\u00e1ch","publisher":{"@id":"https:\/\/www.legendyuvas.cz\/#organization"},"potentialAction":[{"@type":"SearchAction","target":{"@type":"EntryPoint","urlTemplate":"https:\/\/www.legendyuvas.cz\/?s={search_term_string}"},"query-input":{"@type":"PropertyValueSpecification","valueRequired":true,"valueName":"search_term_string"}}],"inLanguage":"en-US"},{"@type":"Organization","@id":"https:\/\/www.legendyuvas.cz\/#organization","name":"Bontex2 s.r.o.","url":"https:\/\/www.legendyuvas.cz\/","logo":{"@type":"ImageObject","inLanguage":"en-US","@id":"https:\/\/www.legendyuvas.cz\/#\/schema\/logo\/image\/","url":"https:\/\/www.legendyuvas.cz\/wp-content\/uploads\/2021\/03\/Legendy-u-Vas.jpg","contentUrl":"https:\/\/www.legendyuvas.cz\/wp-content\/uploads\/2021\/03\/Legendy-u-Vas.jpg","width":400,"height":240,"caption":"Bontex2 s.r.o."},"image":{"@id":"https:\/\/www.legendyuvas.cz\/#\/schema\/logo\/image\/"},"sameAs":["https:\/\/www.facebook.com\/autolegendyuvas","https:\/\/www.facebook.com\/motolegendyuvas","https:\/\/www.instagram.com\/autolegendyuvas\/","https:\/\/www.instagram.com\/motolegendyuvas\/"]}]}},"_links":{"self":[{"href":"https:\/\/www.legendyuvas.cz\/en\/wp-json\/wp\/v2\/product\/39094","targetHints":{"allow":["GET"]}}],"collection":[{"href":"https:\/\/www.legendyuvas.cz\/en\/wp-json\/wp\/v2\/product"}],"about":[{"href":"https:\/\/www.legendyuvas.cz\/en\/wp-json\/wp\/v2\/types\/product"}],"replies":[{"embeddable":true,"href":"https:\/\/www.legendyuvas.cz\/en\/wp-json\/wp\/v2\/comments?post=39094"}],"version-history":[{"count":0,"href":"https:\/\/www.legendyuvas.cz\/en\/wp-json\/wp\/v2\/product\/39094\/revisions"}],"wp:featuredmedia":[{"embeddable":true,"href":"https:\/\/www.legendyuvas.cz\/en\/wp-json\/wp\/v2\/media\/20525"}],"wp:attachment":[{"href":"https:\/\/www.legendyuvas.cz\/en\/wp-json\/wp\/v2\/media?parent=39094"}],"wp:term":[{"taxonomy":"product_brand","embeddable":true,"href":"https:\/\/www.legendyuvas.cz\/en\/wp-json\/wp\/v2\/product_brand?post=39094"},{"taxonomy":"product_cat","embeddable":true,"href":"https:\/\/www.legendyuvas.cz\/en\/wp-json\/wp\/v2\/product_cat?post=39094"},{"taxonomy":"product_tag","embeddable":true,"href":"https:\/\/www.legendyuvas.cz\/en\/wp-json\/wp\/v2\/product_tag?post=39094"}],"curies":[{"name":"wp","href":"https:\/\/api.w.org\/{rel}","templated":true}]}}