{"id":39269,"date":"2023-11-21T13:05:55","date_gmt":"2023-11-21T13:05:55","guid":{"rendered":"https:\/\/www.legendyuvas.cz\/produkt\/porsche-911-gt3-991-2-at\/"},"modified":"2025-12-27T00:02:25","modified_gmt":"2025-12-27T00:02:25","slug":"porsche-911-gt3-991-2-at","status":"publish","type":"product","link":"https:\/\/www.legendyuvas.cz\/en\/produkt\/porsche-911-gt3-991-2-at\/","title":{"rendered":"Porsche 911 GT3 991.2 (AT)"},"content":{"rendered":"<p data-start=\"2791\" data-end=\"3082\"><strong data-start=\"2791\" data-end=\"2824\">Synergy of Speed and Elegance<\/strong><br data-start=\"2824\" data-end=\"2827\" \/>The Porsche 911 GT3 991.2 is a symbol of automotive perfection, combining performance, speed, and style to deliver a driving experience that is nothing short of unforgettable. Every drive in this car is a magnificent symphony of excitement and perfection.<\/p>\n<p data-start=\"3084\" data-end=\"3396\">At the heart of this technical masterpiece lies a 4.0-liter naturally aspirated six-cylinder engine, producing an astonishing 500 hp. With the ability to accelerate from 0 to 100 km\/h in just 3.4 seconds and an automatic dual-clutch transmission (PDK), this car redefines your perception of speed and adrenaline.<\/p>\n<p data-start=\"3398\" data-end=\"3668\">The Porsche 911 GT3 is the ultimate expression of high performance, where every detail is designed with aerodynamics and efficiency in mind. Its iconic design, featuring the distinctive wing and elegant front fascia, expresses aggression and elegance in perfect harmony.<\/p>\n<p data-start=\"3670\" data-end=\"3957\">Behind the wheel of this machine, you will experience a symphony of sounds and sensations. Driving it is like attending a concert where every note blends into perfect harmony. With every corner, every turn of the wheel, every acceleration, you feel your heart race and an immense thrill.<\/p>\n<p data-start=\"3959\" data-end=\"4170\">Give your loved one the chance to experience and drive it. It is a work of art on four wheels that will leave unforgettable emotions for anyone lucky enough to ride it. Don\u2019t wait \u2013 book this unique drive today.<\/p>\n","protected":false},"excerpt":{"rendered":"<p>Synergy of Speed and EleganceThe Porsche 911 GT3 991.2 is a symbol of automotive perfection, combining performance, speed, and style to deliver a driving experience that is nothing short of unforgettable. Every drive in this car is a magnificent symphony of excitement and perfection. At the heart of this technical masterpiece lies a 4.0-liter naturally [&hellip;]<\/p>\n","protected":false},"featured_media":41758,"comment_status":"open","ping_status":"closed","template":"","meta":[],"product_brand":[],"product_cat":[450],"product_tag":[],"class_list":{"0":"post-39269","1":"product","2":"type-product","3":"status-publish","4":"has-post-thumbnail","6":"product_cat-auta","8":"first","9":"instock","10":"shipping-taxable","11":"purchasable","12":"product-type-variable"},"yoast_head":"<!-- This site is optimized with the Yoast SEO plugin v24.8.1 - https:\/\/yoast.com\/wordpress\/plugins\/seo\/ -->\n<title>Porsche 911 GT3 991.2 (AT) - Legendy U V\u00e1s<\/title>\n<meta name=\"description\" content=\"Adrenaline experience with Legendy U V\u00e1s \u2013 an original gift not only for men and car enthusiasts. Drive sports cars (Ferrari, Lamborghini, Porsche, ...) on a race track and on public roads.\" \/>\n<meta name=\"robots\" content=\"index, follow, max-snippet:-1, max-image-preview:large, max-video-preview:-1\" \/>\n<link rel=\"canonical\" href=\"https:\/\/www.legendyuvas.cz\/produkt\/porschegt3\/\" \/>\n<meta property=\"og:locale\" content=\"en_US\" \/>\n<meta property=\"og:type\" content=\"article\" \/>\n<meta property=\"og:title\" content=\"Porsche 911 GT3 991.2 (AT) - Legendy U V\u00e1s\" \/>\n<meta property=\"og:description\" content=\"Adrenaline experience with Legendy U V\u00e1s \u2013 an original gift not only for men and car enthusiasts. Drive sports cars (Ferrari, Lamborghini, Porsche, ...) on a race track and on public roads.\" \/>\n<meta property=\"og:url\" content=\"https:\/\/www.legendyuvas.cz\/produkt\/porschegt3\/\" \/>\n<meta property=\"og:site_name\" content=\"Legendy U V\u00e1s\" \/>\n<meta property=\"article:publisher\" content=\"https:\/\/www.facebook.com\/autolegendyuvas\" \/>\n<meta property=\"article:modified_time\" content=\"2025-12-27T00:02:25+00:00\" \/>\n<meta property=\"og:image\" content=\"https:\/\/www.legendyuvas.cz\/wp-content\/uploads\/2023\/11\/typeelementorsiteurlhttpswww.legendyuvas.czwp-jsonelementsidba0c5c1elTypewidgetisInnerfalseisLockedfalsesettingsbg_imageurlhttpswww.legendyuvas.czwp-contentuploads202410DSC_0620-2-scale-111.jpg\" \/>\n\t<meta property=\"og:image:width\" content=\"2048\" \/>\n\t<meta property=\"og:image:height\" content=\"1365\" \/>\n\t<meta property=\"og:image:type\" content=\"image\/jpeg\" \/>\n<meta name=\"twitter:card\" content=\"summary_large_image\" \/>\n<meta name=\"twitter:label1\" content=\"Est. reading time\" \/>\n\t<meta name=\"twitter:data1\" content=\"1 minute\" \/>\n<script type=\"application\/ld+json\" class=\"yoast-schema-graph\">{\"@context\":\"https:\/\/schema.org\",\"@graph\":[{\"@type\":\"WebPage\",\"@id\":\"https:\/\/www.legendyuvas.cz\/produkt\/porschegt3\/\",\"url\":\"https:\/\/www.legendyuvas.cz\/produkt\/porschegt3\/\",\"name\":\"Porsche 911 GT3 991.2 (AT) - Legendy U V\u00e1s\",\"isPartOf\":{\"@id\":\"https:\/\/www.legendyuvas.cz\/#website\"},\"primaryImageOfPage\":{\"@id\":\"https:\/\/www.legendyuvas.cz\/produkt\/porschegt3\/#primaryimage\"},\"image\":{\"@id\":\"https:\/\/www.legendyuvas.cz\/produkt\/porschegt3\/#primaryimage\"},\"thumbnailUrl\":\"https:\/\/www.legendyuvas.cz\/wp-content\/uploads\/2023\/11\/IMG_9424-01-1536x1025-1-1.webp\",\"datePublished\":\"2023-11-21T13:05:55+00:00\",\"dateModified\":\"2025-12-27T00:02:25+00:00\",\"description\":\"Adrenaline experience with Legendy U V\u00e1s \u2013 an original gift not only for men and car enthusiasts. Drive sports cars (Ferrari, Lamborghini, Porsche, ...) on a race track and on public roads.\",\"breadcrumb\":{\"@id\":\"https:\/\/www.legendyuvas.cz\/produkt\/porschegt3\/#breadcrumb\"},\"inLanguage\":\"en-US\",\"potentialAction\":[{\"@type\":\"ReadAction\",\"target\":[\"https:\/\/www.legendyuvas.cz\/produkt\/porschegt3\/\"]}]},{\"@type\":\"ImageObject\",\"inLanguage\":\"en-US\",\"@id\":\"https:\/\/www.legendyuvas.cz\/produkt\/porschegt3\/#primaryimage\",\"url\":\"https:\/\/www.legendyuvas.cz\/wp-content\/uploads\/2023\/11\/IMG_9424-01-1536x1025-1-1.webp\",\"contentUrl\":\"https:\/\/www.legendyuvas.cz\/wp-content\/uploads\/2023\/11\/IMG_9424-01-1536x1025-1-1.webp\",\"width\":1536,\"height\":1025},{\"@type\":\"BreadcrumbList\",\"@id\":\"https:\/\/www.legendyuvas.cz\/produkt\/porschegt3\/#breadcrumb\",\"itemListElement\":[{\"@type\":\"ListItem\",\"position\":1,\"name\":\"Dom\u016f\",\"item\":\"https:\/\/www.legendyuvas.cz\/\"},{\"@type\":\"ListItem\",\"position\":2,\"name\":\"Obchod\",\"item\":\"https:\/\/www.legendyuvas.cz\/en\/obchod\/\"},{\"@type\":\"ListItem\",\"position\":3,\"name\":\"Porsche 911 GT3 991.2 (AT)\"}]},{\"@type\":\"WebSite\",\"@id\":\"https:\/\/www.legendyuvas.cz\/#website\",\"url\":\"https:\/\/www.legendyuvas.cz\/\",\"name\":\"Legendy U V\u00e1s\",\"description\":\"Dechberouc\u00ed z\u00e1\u017eitky v autech a motork\u00e1ch\",\"publisher\":{\"@id\":\"https:\/\/www.legendyuvas.cz\/#organization\"},\"potentialAction\":[{\"@type\":\"SearchAction\",\"target\":{\"@type\":\"EntryPoint\",\"urlTemplate\":\"https:\/\/www.legendyuvas.cz\/?s={search_term_string}\"},\"query-input\":{\"@type\":\"PropertyValueSpecification\",\"valueRequired\":true,\"valueName\":\"search_term_string\"}}],\"inLanguage\":\"en-US\"},{\"@type\":\"Organization\",\"@id\":\"https:\/\/www.legendyuvas.cz\/#organization\",\"name\":\"Bontex2 s.r.o.\",\"url\":\"https:\/\/www.legendyuvas.cz\/\",\"logo\":{\"@type\":\"ImageObject\",\"inLanguage\":\"en-US\",\"@id\":\"https:\/\/www.legendyuvas.cz\/#\/schema\/logo\/image\/\",\"url\":\"https:\/\/www.legendyuvas.cz\/wp-content\/uploads\/2021\/03\/Legendy-u-Vas.jpg\",\"contentUrl\":\"https:\/\/www.legendyuvas.cz\/wp-content\/uploads\/2021\/03\/Legendy-u-Vas.jpg\",\"width\":400,\"height\":240,\"caption\":\"Bontex2 s.r.o.\"},\"image\":{\"@id\":\"https:\/\/www.legendyuvas.cz\/#\/schema\/logo\/image\/\"},\"sameAs\":[\"https:\/\/www.facebook.com\/autolegendyuvas\",\"https:\/\/www.facebook.com\/motolegendyuvas\",\"https:\/\/www.instagram.com\/autolegendyuvas\/\",\"https:\/\/www.instagram.com\/motolegendyuvas\/\"]}]}<\/script>\n<!-- \/ Yoast SEO plugin. -->","yoast_head_json":{"title":"Porsche 911 GT3 991.2 (AT) - Legendy U V\u00e1s","description":"Adrenaline experience with Legendy U V\u00e1s \u2013 an original gift not only for men and car enthusiasts. Drive sports cars (Ferrari, Lamborghini, Porsche, ...) on a race track and on public roads.","robots":{"index":"index","follow":"follow","max-snippet":"max-snippet:-1","max-image-preview":"max-image-preview:large","max-video-preview":"max-video-preview:-1"},"canonical":"https:\/\/www.legendyuvas.cz\/produkt\/porschegt3\/","og_locale":"en_US","og_type":"article","og_title":"Porsche 911 GT3 991.2 (AT) - Legendy U V\u00e1s","og_description":"Adrenaline experience with Legendy U V\u00e1s \u2013 an original gift not only for men and car enthusiasts. Drive sports cars (Ferrari, Lamborghini, Porsche, ...) on a race track and on public roads.","og_url":"https:\/\/www.legendyuvas.cz\/produkt\/porschegt3\/","og_site_name":"Legendy U V\u00e1s","article_publisher":"https:\/\/www.facebook.com\/autolegendyuvas","article_modified_time":"2025-12-27T00:02:25+00:00","og_image":[{"width":2048,"height":1365,"url":"https:\/\/www.legendyuvas.cz\/wp-content\/uploads\/2023\/11\/typeelementorsiteurlhttpswww.legendyuvas.czwp-jsonelementsidba0c5c1elTypewidgetisInnerfalseisLockedfalsesettingsbg_imageurlhttpswww.legendyuvas.czwp-contentuploads202410DSC_0620-2-scale-111.jpg","type":"image\/jpeg"}],"twitter_card":"summary_large_image","twitter_misc":{"Est. reading time":"1 minute"},"schema":{"@context":"https:\/\/schema.org","@graph":[{"@type":"WebPage","@id":"https:\/\/www.legendyuvas.cz\/produkt\/porschegt3\/","url":"https:\/\/www.legendyuvas.cz\/produkt\/porschegt3\/","name":"Porsche 911 GT3 991.2 (AT) - Legendy U V\u00e1s","isPartOf":{"@id":"https:\/\/www.legendyuvas.cz\/#website"},"primaryImageOfPage":{"@id":"https:\/\/www.legendyuvas.cz\/produkt\/porschegt3\/#primaryimage"},"image":{"@id":"https:\/\/www.legendyuvas.cz\/produkt\/porschegt3\/#primaryimage"},"thumbnailUrl":"https:\/\/www.legendyuvas.cz\/wp-content\/uploads\/2023\/11\/IMG_9424-01-1536x1025-1-1.webp","datePublished":"2023-11-21T13:05:55+00:00","dateModified":"2025-12-27T00:02:25+00:00","description":"Adrenaline experience with Legendy U V\u00e1s \u2013 an original gift not only for men and car enthusiasts. Drive sports cars (Ferrari, Lamborghini, Porsche, ...) on a race track and on public roads.","breadcrumb":{"@id":"https:\/\/www.legendyuvas.cz\/produkt\/porschegt3\/#breadcrumb"},"inLanguage":"en-US","potentialAction":[{"@type":"ReadAction","target":["https:\/\/www.legendyuvas.cz\/produkt\/porschegt3\/"]}]},{"@type":"ImageObject","inLanguage":"en-US","@id":"https:\/\/www.legendyuvas.cz\/produkt\/porschegt3\/#primaryimage","url":"https:\/\/www.legendyuvas.cz\/wp-content\/uploads\/2023\/11\/IMG_9424-01-1536x1025-1-1.webp","contentUrl":"https:\/\/www.legendyuvas.cz\/wp-content\/uploads\/2023\/11\/IMG_9424-01-1536x1025-1-1.webp","width":1536,"height":1025},{"@type":"BreadcrumbList","@id":"https:\/\/www.legendyuvas.cz\/produkt\/porschegt3\/#breadcrumb","itemListElement":[{"@type":"ListItem","position":1,"name":"Dom\u016f","item":"https:\/\/www.legendyuvas.cz\/"},{"@type":"ListItem","position":2,"name":"Obchod","item":"https:\/\/www.legendyuvas.cz\/en\/obchod\/"},{"@type":"ListItem","position":3,"name":"Porsche 911 GT3 991.2 (AT)"}]},{"@type":"WebSite","@id":"https:\/\/www.legendyuvas.cz\/#website","url":"https:\/\/www.legendyuvas.cz\/","name":"Legendy U V\u00e1s","description":"Dechberouc\u00ed z\u00e1\u017eitky v autech a motork\u00e1ch","publisher":{"@id":"https:\/\/www.legendyuvas.cz\/#organization"},"potentialAction":[{"@type":"SearchAction","target":{"@type":"EntryPoint","urlTemplate":"https:\/\/www.legendyuvas.cz\/?s={search_term_string}"},"query-input":{"@type":"PropertyValueSpecification","valueRequired":true,"valueName":"search_term_string"}}],"inLanguage":"en-US"},{"@type":"Organization","@id":"https:\/\/www.legendyuvas.cz\/#organization","name":"Bontex2 s.r.o.","url":"https:\/\/www.legendyuvas.cz\/","logo":{"@type":"ImageObject","inLanguage":"en-US","@id":"https:\/\/www.legendyuvas.cz\/#\/schema\/logo\/image\/","url":"https:\/\/www.legendyuvas.cz\/wp-content\/uploads\/2021\/03\/Legendy-u-Vas.jpg","contentUrl":"https:\/\/www.legendyuvas.cz\/wp-content\/uploads\/2021\/03\/Legendy-u-Vas.jpg","width":400,"height":240,"caption":"Bontex2 s.r.o."},"image":{"@id":"https:\/\/www.legendyuvas.cz\/#\/schema\/logo\/image\/"},"sameAs":["https:\/\/www.facebook.com\/autolegendyuvas","https:\/\/www.facebook.com\/motolegendyuvas","https:\/\/www.instagram.com\/autolegendyuvas\/","https:\/\/www.instagram.com\/motolegendyuvas\/"]}]}},"_links":{"self":[{"href":"https:\/\/www.legendyuvas.cz\/en\/wp-json\/wp\/v2\/product\/39269","targetHints":{"allow":["GET"]}}],"collection":[{"href":"https:\/\/www.legendyuvas.cz\/en\/wp-json\/wp\/v2\/product"}],"about":[{"href":"https:\/\/www.legendyuvas.cz\/en\/wp-json\/wp\/v2\/types\/product"}],"replies":[{"embeddable":true,"href":"https:\/\/www.legendyuvas.cz\/en\/wp-json\/wp\/v2\/comments?post=39269"}],"version-history":[{"count":0,"href":"https:\/\/www.legendyuvas.cz\/en\/wp-json\/wp\/v2\/product\/39269\/revisions"}],"wp:featuredmedia":[{"embeddable":true,"href":"https:\/\/www.legendyuvas.cz\/en\/wp-json\/wp\/v2\/media\/41758"}],"wp:attachment":[{"href":"https:\/\/www.legendyuvas.cz\/en\/wp-json\/wp\/v2\/media?parent=39269"}],"wp:term":[{"taxonomy":"product_brand","embeddable":true,"href":"https:\/\/www.legendyuvas.cz\/en\/wp-json\/wp\/v2\/product_brand?post=39269"},{"taxonomy":"product_cat","embeddable":true,"href":"https:\/\/www.legendyuvas.cz\/en\/wp-json\/wp\/v2\/product_cat?post=39269"},{"taxonomy":"product_tag","embeddable":true,"href":"https:\/\/www.legendyuvas.cz\/en\/wp-json\/wp\/v2\/product_tag?post=39269"}],"curies":[{"name":"wp","href":"https:\/\/api.w.org\/{rel}","templated":true}]}}