{"id":39399,"date":"2023-12-16T09:33:55","date_gmt":"2023-12-16T09:33:55","guid":{"rendered":"https:\/\/www.legendyuvas.cz\/produkt\/porsche-718-gt4-rs-weissach-at\/"},"modified":"2025-12-27T00:02:27","modified_gmt":"2025-12-27T00:02:27","slug":"porsche-718-gt4-rs-weissach-at","status":"publish","type":"product","link":"https:\/\/www.legendyuvas.cz\/en\/produkt\/porsche-718-gt4-rs-weissach-at\/","title":{"rendered":"Porsche 718 GT4 RS Weissach (AT)"},"content":{"rendered":"<p data-start=\"3592\" data-end=\"3912\"><strong data-start=\"3592\" data-end=\"3624\">The Track Car in Every Sense<\/strong><br data-start=\"3624\" data-end=\"3627\" \/>The Porsche GT4 became an enormous hit immediately after its release. It\u2019s no wonder that when the first details about the GT4 RS model surfaced, it shook the world of sports cars. Could the already amazing Cayman GT4 get even better? Yes, the engineers in Stuttgart truly achieved it.<\/p>\n<p data-start=\"3914\" data-end=\"4462\">The main attraction of the Porsche GT4 RS is undoubtedly its new engine. It now comes directly from the Porsche GT3, which had taken it from the GT3 Cup. It produces 500 hp, just like the GT3, which is 80 hp more than the previous GT4. Unlike the GT3, in the GT4 RS, this 4.0-liter flat-six sits directly behind you. Yes, the mid-engine layout remains the same as in the classic GT4. Hearing 9000 rpm right behind you is an experience that sends adrenaline through the roof. Combined with the PDK dual-clutch transmission, it\u2019s a dream combination.<\/p>\n<p data-start=\"4464\" data-end=\"4947\">But the GT4 RS doesn\u2019t stop there. Another highlight is the weight reduction. Our Porsche GT4 RS is additionally equipped with the Weissach package, including a titanium roll cage, bucket seats, and much more. This makes it tens of kilograms lighter than the standard GT4. All of this is complemented by enhanced aerodynamics, making the car an even more capable track machine. The new rear wing, inspired by the racing 911 RSR GT and also used in the new GT3, is impossible to miss.<\/p>\n<p data-start=\"4949\" data-end=\"5202\">The Porsche GT4 RS, as a whole, is a car that leaves a lasting impression. Its driving dynamics impress, and the sharp engine sound makes you feel like a race driver. It\u2019s no surprise that the GT4 RS is one of the most talked-about sports cars of today.<\/p>\n","protected":false},"excerpt":{"rendered":"<p>The Track Car in Every SenseThe Porsche GT4 became an enormous hit immediately after its release. It\u2019s no wonder that when the first details about the GT4 RS model surfaced, it shook the world of sports cars. Could the already amazing Cayman GT4 get even better? Yes, the engineers in Stuttgart truly achieved it. The [&hellip;]<\/p>\n","protected":false},"featured_media":41747,"comment_status":"open","ping_status":"closed","template":"","meta":[],"product_brand":[],"product_cat":[450],"product_tag":[],"class_list":{"0":"post-39399","1":"product","2":"type-product","3":"status-publish","4":"has-post-thumbnail","6":"product_cat-auta","8":"first","9":"instock","10":"shipping-taxable","11":"purchasable","12":"product-type-variable"},"yoast_head":"<!-- This site is optimized with the Yoast SEO plugin v24.8.1 - https:\/\/yoast.com\/wordpress\/plugins\/seo\/ -->\n<title>Porsche 718 GT4 RS Weissach (AT) - Legendy U V\u00e1s<\/title>\n<meta name=\"description\" content=\"Adrenaline experience with Legendy U V\u00e1s \u2013 an original gift not only for men and car enthusiasts. Drive sports cars (Ferrari, Lamborghini, Porsche, ...) on a race track and on public roads.\" \/>\n<meta name=\"robots\" content=\"index, follow, max-snippet:-1, max-image-preview:large, max-video-preview:-1\" \/>\n<link rel=\"canonical\" href=\"https:\/\/www.legendyuvas.cz\/produkt\/porsche-gt4-rs-weissach\/\" \/>\n<meta property=\"og:locale\" content=\"en_US\" \/>\n<meta property=\"og:type\" content=\"article\" \/>\n<meta property=\"og:title\" content=\"Porsche 718 GT4 RS Weissach (AT) - Legendy U V\u00e1s\" \/>\n<meta property=\"og:description\" content=\"Adrenaline experience with Legendy U V\u00e1s \u2013 an original gift not only for men and car enthusiasts. Drive sports cars (Ferrari, Lamborghini, Porsche, ...) on a race track and on public roads.\" \/>\n<meta property=\"og:url\" content=\"https:\/\/www.legendyuvas.cz\/produkt\/porsche-gt4-rs-weissach\/\" \/>\n<meta property=\"og:site_name\" content=\"Legendy U V\u00e1s\" \/>\n<meta property=\"article:publisher\" content=\"https:\/\/www.facebook.com\/autolegendyuvas\" \/>\n<meta property=\"article:modified_time\" content=\"2025-12-27T00:02:27+00:00\" \/>\n<meta property=\"og:image\" content=\"https:\/\/www.legendyuvas.cz\/wp-content\/uploads\/2023\/12\/typeelementorsiteurlhttpswww.legendyuvas.czwp-jsonelementsidba0c5c1elTypewidgetisInnerfalseisLockedfalsesettingsbg_imageurlhttpswww.legendyuvas.czwp-contentuploads202410DSC_0620-2-scale-15.jpg\" \/>\n\t<meta property=\"og:image:width\" content=\"2048\" \/>\n\t<meta property=\"og:image:height\" content=\"1365\" \/>\n\t<meta property=\"og:image:type\" content=\"image\/jpeg\" \/>\n<meta name=\"twitter:card\" content=\"summary_large_image\" \/>\n<meta name=\"twitter:label1\" content=\"Est. reading time\" \/>\n\t<meta name=\"twitter:data1\" content=\"1 minute\" \/>\n<script type=\"application\/ld+json\" class=\"yoast-schema-graph\">{\"@context\":\"https:\/\/schema.org\",\"@graph\":[{\"@type\":\"WebPage\",\"@id\":\"https:\/\/www.legendyuvas.cz\/produkt\/porsche-gt4-rs-weissach\/\",\"url\":\"https:\/\/www.legendyuvas.cz\/produkt\/porsche-gt4-rs-weissach\/\",\"name\":\"Porsche 718 GT4 RS Weissach (AT) - Legendy U V\u00e1s\",\"isPartOf\":{\"@id\":\"https:\/\/www.legendyuvas.cz\/#website\"},\"primaryImageOfPage\":{\"@id\":\"https:\/\/www.legendyuvas.cz\/produkt\/porsche-gt4-rs-weissach\/#primaryimage\"},\"image\":{\"@id\":\"https:\/\/www.legendyuvas.cz\/produkt\/porsche-gt4-rs-weissach\/#primaryimage\"},\"thumbnailUrl\":\"https:\/\/www.legendyuvas.cz\/wp-content\/uploads\/2023\/12\/R3PF5976-1536x1075-1-1.webp\",\"datePublished\":\"2023-12-16T09:33:55+00:00\",\"dateModified\":\"2025-12-27T00:02:27+00:00\",\"description\":\"Adrenaline experience with Legendy U V\u00e1s \u2013 an original gift not only for men and car enthusiasts. Drive sports cars (Ferrari, Lamborghini, Porsche, ...) on a race track and on public roads.\",\"breadcrumb\":{\"@id\":\"https:\/\/www.legendyuvas.cz\/produkt\/porsche-gt4-rs-weissach\/#breadcrumb\"},\"inLanguage\":\"en-US\",\"potentialAction\":[{\"@type\":\"ReadAction\",\"target\":[\"https:\/\/www.legendyuvas.cz\/produkt\/porsche-gt4-rs-weissach\/\"]}]},{\"@type\":\"ImageObject\",\"inLanguage\":\"en-US\",\"@id\":\"https:\/\/www.legendyuvas.cz\/produkt\/porsche-gt4-rs-weissach\/#primaryimage\",\"url\":\"https:\/\/www.legendyuvas.cz\/wp-content\/uploads\/2023\/12\/R3PF5976-1536x1075-1-1.webp\",\"contentUrl\":\"https:\/\/www.legendyuvas.cz\/wp-content\/uploads\/2023\/12\/R3PF5976-1536x1075-1-1.webp\",\"width\":1536,\"height\":1075},{\"@type\":\"BreadcrumbList\",\"@id\":\"https:\/\/www.legendyuvas.cz\/produkt\/porsche-gt4-rs-weissach\/#breadcrumb\",\"itemListElement\":[{\"@type\":\"ListItem\",\"position\":1,\"name\":\"Dom\u016f\",\"item\":\"https:\/\/www.legendyuvas.cz\/\"},{\"@type\":\"ListItem\",\"position\":2,\"name\":\"Obchod\",\"item\":\"https:\/\/www.legendyuvas.cz\/en\/obchod\/\"},{\"@type\":\"ListItem\",\"position\":3,\"name\":\"Porsche 718 GT4 RS Weissach (AT)\"}]},{\"@type\":\"WebSite\",\"@id\":\"https:\/\/www.legendyuvas.cz\/#website\",\"url\":\"https:\/\/www.legendyuvas.cz\/\",\"name\":\"Legendy U V\u00e1s\",\"description\":\"Dechberouc\u00ed z\u00e1\u017eitky v autech a motork\u00e1ch\",\"publisher\":{\"@id\":\"https:\/\/www.legendyuvas.cz\/#organization\"},\"potentialAction\":[{\"@type\":\"SearchAction\",\"target\":{\"@type\":\"EntryPoint\",\"urlTemplate\":\"https:\/\/www.legendyuvas.cz\/?s={search_term_string}\"},\"query-input\":{\"@type\":\"PropertyValueSpecification\",\"valueRequired\":true,\"valueName\":\"search_term_string\"}}],\"inLanguage\":\"en-US\"},{\"@type\":\"Organization\",\"@id\":\"https:\/\/www.legendyuvas.cz\/#organization\",\"name\":\"Bontex2 s.r.o.\",\"url\":\"https:\/\/www.legendyuvas.cz\/\",\"logo\":{\"@type\":\"ImageObject\",\"inLanguage\":\"en-US\",\"@id\":\"https:\/\/www.legendyuvas.cz\/#\/schema\/logo\/image\/\",\"url\":\"https:\/\/www.legendyuvas.cz\/wp-content\/uploads\/2021\/03\/Legendy-u-Vas.jpg\",\"contentUrl\":\"https:\/\/www.legendyuvas.cz\/wp-content\/uploads\/2021\/03\/Legendy-u-Vas.jpg\",\"width\":400,\"height\":240,\"caption\":\"Bontex2 s.r.o.\"},\"image\":{\"@id\":\"https:\/\/www.legendyuvas.cz\/#\/schema\/logo\/image\/\"},\"sameAs\":[\"https:\/\/www.facebook.com\/autolegendyuvas\",\"https:\/\/www.facebook.com\/motolegendyuvas\",\"https:\/\/www.instagram.com\/autolegendyuvas\/\",\"https:\/\/www.instagram.com\/motolegendyuvas\/\"]}]}<\/script>\n<!-- \/ Yoast SEO plugin. -->","yoast_head_json":{"title":"Porsche 718 GT4 RS Weissach (AT) - Legendy U V\u00e1s","description":"Adrenaline experience with Legendy U V\u00e1s \u2013 an original gift not only for men and car enthusiasts. Drive sports cars (Ferrari, Lamborghini, Porsche, ...) on a race track and on public roads.","robots":{"index":"index","follow":"follow","max-snippet":"max-snippet:-1","max-image-preview":"max-image-preview:large","max-video-preview":"max-video-preview:-1"},"canonical":"https:\/\/www.legendyuvas.cz\/produkt\/porsche-gt4-rs-weissach\/","og_locale":"en_US","og_type":"article","og_title":"Porsche 718 GT4 RS Weissach (AT) - Legendy U V\u00e1s","og_description":"Adrenaline experience with Legendy U V\u00e1s \u2013 an original gift not only for men and car enthusiasts. Drive sports cars (Ferrari, Lamborghini, Porsche, ...) on a race track and on public roads.","og_url":"https:\/\/www.legendyuvas.cz\/produkt\/porsche-gt4-rs-weissach\/","og_site_name":"Legendy U V\u00e1s","article_publisher":"https:\/\/www.facebook.com\/autolegendyuvas","article_modified_time":"2025-12-27T00:02:27+00:00","og_image":[{"width":2048,"height":1365,"url":"https:\/\/www.legendyuvas.cz\/wp-content\/uploads\/2023\/12\/typeelementorsiteurlhttpswww.legendyuvas.czwp-jsonelementsidba0c5c1elTypewidgetisInnerfalseisLockedfalsesettingsbg_imageurlhttpswww.legendyuvas.czwp-contentuploads202410DSC_0620-2-scale-15.jpg","type":"image\/jpeg"}],"twitter_card":"summary_large_image","twitter_misc":{"Est. reading time":"1 minute"},"schema":{"@context":"https:\/\/schema.org","@graph":[{"@type":"WebPage","@id":"https:\/\/www.legendyuvas.cz\/produkt\/porsche-gt4-rs-weissach\/","url":"https:\/\/www.legendyuvas.cz\/produkt\/porsche-gt4-rs-weissach\/","name":"Porsche 718 GT4 RS Weissach (AT) - Legendy U V\u00e1s","isPartOf":{"@id":"https:\/\/www.legendyuvas.cz\/#website"},"primaryImageOfPage":{"@id":"https:\/\/www.legendyuvas.cz\/produkt\/porsche-gt4-rs-weissach\/#primaryimage"},"image":{"@id":"https:\/\/www.legendyuvas.cz\/produkt\/porsche-gt4-rs-weissach\/#primaryimage"},"thumbnailUrl":"https:\/\/www.legendyuvas.cz\/wp-content\/uploads\/2023\/12\/R3PF5976-1536x1075-1-1.webp","datePublished":"2023-12-16T09:33:55+00:00","dateModified":"2025-12-27T00:02:27+00:00","description":"Adrenaline experience with Legendy U V\u00e1s \u2013 an original gift not only for men and car enthusiasts. Drive sports cars (Ferrari, Lamborghini, Porsche, ...) on a race track and on public roads.","breadcrumb":{"@id":"https:\/\/www.legendyuvas.cz\/produkt\/porsche-gt4-rs-weissach\/#breadcrumb"},"inLanguage":"en-US","potentialAction":[{"@type":"ReadAction","target":["https:\/\/www.legendyuvas.cz\/produkt\/porsche-gt4-rs-weissach\/"]}]},{"@type":"ImageObject","inLanguage":"en-US","@id":"https:\/\/www.legendyuvas.cz\/produkt\/porsche-gt4-rs-weissach\/#primaryimage","url":"https:\/\/www.legendyuvas.cz\/wp-content\/uploads\/2023\/12\/R3PF5976-1536x1075-1-1.webp","contentUrl":"https:\/\/www.legendyuvas.cz\/wp-content\/uploads\/2023\/12\/R3PF5976-1536x1075-1-1.webp","width":1536,"height":1075},{"@type":"BreadcrumbList","@id":"https:\/\/www.legendyuvas.cz\/produkt\/porsche-gt4-rs-weissach\/#breadcrumb","itemListElement":[{"@type":"ListItem","position":1,"name":"Dom\u016f","item":"https:\/\/www.legendyuvas.cz\/"},{"@type":"ListItem","position":2,"name":"Obchod","item":"https:\/\/www.legendyuvas.cz\/en\/obchod\/"},{"@type":"ListItem","position":3,"name":"Porsche 718 GT4 RS Weissach (AT)"}]},{"@type":"WebSite","@id":"https:\/\/www.legendyuvas.cz\/#website","url":"https:\/\/www.legendyuvas.cz\/","name":"Legendy U V\u00e1s","description":"Dechberouc\u00ed z\u00e1\u017eitky v autech a motork\u00e1ch","publisher":{"@id":"https:\/\/www.legendyuvas.cz\/#organization"},"potentialAction":[{"@type":"SearchAction","target":{"@type":"EntryPoint","urlTemplate":"https:\/\/www.legendyuvas.cz\/?s={search_term_string}"},"query-input":{"@type":"PropertyValueSpecification","valueRequired":true,"valueName":"search_term_string"}}],"inLanguage":"en-US"},{"@type":"Organization","@id":"https:\/\/www.legendyuvas.cz\/#organization","name":"Bontex2 s.r.o.","url":"https:\/\/www.legendyuvas.cz\/","logo":{"@type":"ImageObject","inLanguage":"en-US","@id":"https:\/\/www.legendyuvas.cz\/#\/schema\/logo\/image\/","url":"https:\/\/www.legendyuvas.cz\/wp-content\/uploads\/2021\/03\/Legendy-u-Vas.jpg","contentUrl":"https:\/\/www.legendyuvas.cz\/wp-content\/uploads\/2021\/03\/Legendy-u-Vas.jpg","width":400,"height":240,"caption":"Bontex2 s.r.o."},"image":{"@id":"https:\/\/www.legendyuvas.cz\/#\/schema\/logo\/image\/"},"sameAs":["https:\/\/www.facebook.com\/autolegendyuvas","https:\/\/www.facebook.com\/motolegendyuvas","https:\/\/www.instagram.com\/autolegendyuvas\/","https:\/\/www.instagram.com\/motolegendyuvas\/"]}]}},"_links":{"self":[{"href":"https:\/\/www.legendyuvas.cz\/en\/wp-json\/wp\/v2\/product\/39399","targetHints":{"allow":["GET"]}}],"collection":[{"href":"https:\/\/www.legendyuvas.cz\/en\/wp-json\/wp\/v2\/product"}],"about":[{"href":"https:\/\/www.legendyuvas.cz\/en\/wp-json\/wp\/v2\/types\/product"}],"replies":[{"embeddable":true,"href":"https:\/\/www.legendyuvas.cz\/en\/wp-json\/wp\/v2\/comments?post=39399"}],"version-history":[{"count":0,"href":"https:\/\/www.legendyuvas.cz\/en\/wp-json\/wp\/v2\/product\/39399\/revisions"}],"wp:featuredmedia":[{"embeddable":true,"href":"https:\/\/www.legendyuvas.cz\/en\/wp-json\/wp\/v2\/media\/41747"}],"wp:attachment":[{"href":"https:\/\/www.legendyuvas.cz\/en\/wp-json\/wp\/v2\/media?parent=39399"}],"wp:term":[{"taxonomy":"product_brand","embeddable":true,"href":"https:\/\/www.legendyuvas.cz\/en\/wp-json\/wp\/v2\/product_brand?post=39399"},{"taxonomy":"product_cat","embeddable":true,"href":"https:\/\/www.legendyuvas.cz\/en\/wp-json\/wp\/v2\/product_cat?post=39399"},{"taxonomy":"product_tag","embeddable":true,"href":"https:\/\/www.legendyuvas.cz\/en\/wp-json\/wp\/v2\/product_tag?post=39399"}],"curies":[{"name":"wp","href":"https:\/\/api.w.org\/{rel}","templated":true}]}}