{"id":67338,"date":"2025-11-26T10:44:02","date_gmt":"2025-11-26T10:44:02","guid":{"rendered":"https:\/\/www.legendyuvas.cz\/?post_type=product&#038;p=67338"},"modified":"2026-03-02T14:14:48","modified_gmt":"2026-03-02T14:14:48","slug":"porsche-718-cayman-s-at-kopirovat-2","status":"publish","type":"product","link":"https:\/\/www.legendyuvas.cz\/en\/produkt\/porsche-718-cayman-s-at-kopirovat-2\/","title":{"rendered":"Porsche 718 Cayman S (AT) (Kop\u00edrovat)"},"content":{"rendered":"<h1><strong>The Yellow Missile from Porsche<\/strong><\/h1>\n<p>The Porsche 718 Cayman S &#8211; the epitome of the ultimate in sporty driving and pure <strong>adrenaline.<\/strong> This car is powered by a <strong>2.5-litre<\/strong> four-cylinder engine with a <strong>turbocharger<\/strong> that delivers an impressive <strong>350 horsepower.This engine enables it to accelerate from 0 to 100 km\/h in an incredible 4.4 seconds. The combination of the engine and the PDK automatic transmission with dual clutch for lightning-fast shifting, allows you to experience flawless performance on every metre of the race track. Whether you&#8217;re driving down the straights or tackling challenging corners, the Porsche 718 Cayman S will hold you up with its precise steering and excellent balance.<\/strong><\/p>\n<p><img fetchpriority=\"high\" decoding=\"async\" class=\"aligncenter wp-image-11861 size-full\" src=\"https:\/\/www.legendyuvas.cz\/wp-content\/uploads\/2024\/10\/IMG_3130-scaled.jpg\" alt=\"\" width=\"2560\" height=\"1707\" srcset=\"https:\/\/www.legendyuvas.cz\/wp-content\/uploads\/2024\/10\/IMG_3130-scaled.jpg 2560w, https:\/\/www.legendyuvas.cz\/wp-content\/uploads\/2024\/10\/IMG_3130-300x200.jpg 300w, https:\/\/www.legendyuvas.cz\/wp-content\/uploads\/2024\/10\/IMG_3130-1024x683.jpg 1024w, https:\/\/www.legendyuvas.cz\/wp-content\/uploads\/2024\/10\/IMG_3130-768x512.jpg 768w, https:\/\/www.legendyuvas.cz\/wp-content\/uploads\/2024\/10\/IMG_3130-1536x1024.jpg 1536w, https:\/\/www.legendyuvas.cz\/wp-content\/uploads\/2024\/10\/IMG_3130-2048x1365.jpg 2048w, https:\/\/www.legendyuvas.cz\/wp-content\/uploads\/2024\/10\/IMG_3130-600x400.jpg 600w\" sizes=\"(max-width: 2560px) 100vw, 2560px\" \/><\/p>\n<p>An unforgettable experience awaits you &#8211; whether you get behind the wheel and <strong>control<\/strong> this machine yourself, or sit comfortably in the passenger seat and let our <strong>experienced instructor<\/strong> give you a ride. The Porsche 718 Cayman S is equipped with all modern technologies that ensure not only maximum safety, but also comfort. <strong>Fully equipped<\/strong>, you will find everything you need to enjoy your ride to the fullest. The racing circuit will open up in front of you and you will feel that you have become part of the world of <strong>professional<\/strong> drivers.<\/p>\n<p><img decoding=\"async\" class=\"aligncenter wp-image-11862 size-full\" src=\"https:\/\/www.legendyuvas.cz\/wp-content\/uploads\/2024\/10\/IMG_3147-scaled.jpg\" alt=\"\" width=\"2560\" height=\"1707\" srcset=\"https:\/\/www.legendyuvas.cz\/wp-content\/uploads\/2024\/10\/IMG_3147-scaled.jpg 2560w, https:\/\/www.legendyuvas.cz\/wp-content\/uploads\/2024\/10\/IMG_3147-300x200.jpg 300w, https:\/\/www.legendyuvas.cz\/wp-content\/uploads\/2024\/10\/IMG_3147-1024x683.jpg 1024w, https:\/\/www.legendyuvas.cz\/wp-content\/uploads\/2024\/10\/IMG_3147-768x512.jpg 768w, https:\/\/www.legendyuvas.cz\/wp-content\/uploads\/2024\/10\/IMG_3147-1536x1024.jpg 1536w, https:\/\/www.legendyuvas.cz\/wp-content\/uploads\/2024\/10\/IMG_3147-2048x1365.jpg 2048w, https:\/\/www.legendyuvas.cz\/wp-content\/uploads\/2024\/10\/IMG_3147-600x400.jpg 600w\" sizes=\"(max-width: 2560px) 100vw, 2560px\" \/><\/p>\n<p>The Porsche 718 Cayman S combines <strong>peak performance,<\/strong> luxury equipment and precision engineering, making it the perfect choice for any <strong>sports driving enthusiast.<\/strong> With a top speed of over 285 km\/h and technology that allows you to control the car with incredible precision, this model is ready to give you an experience you&#8217;ll <strong>never forget.<\/strong> Come experience what it means to drive a Porsche and experience speed and excitement on a race track like never before!<\/p>\n","protected":false},"excerpt":{"rendered":"<p>All our cars <strong>you can drive<\/strong> or choose to ride as a co-driver with a racing driver.<\/p>\n","protected":false},"featured_media":67746,"comment_status":"open","ping_status":"closed","template":"","meta":[],"product_brand":[],"product_cat":[450],"product_tag":[],"class_list":{"0":"post-67338","1":"product","2":"type-product","3":"status-publish","4":"has-post-thumbnail","6":"product_cat-auta","8":"first","9":"instock","10":"shipping-taxable","11":"purchasable","12":"product-type-variable"},"yoast_head":"<!-- This site is optimized with the Yoast SEO plugin v24.8.1 - https:\/\/yoast.com\/wordpress\/plugins\/seo\/ -->\n<title>Porsche 718 Cayman S (AT) (Kop\u00edrovat) - Legendy U V\u00e1s<\/title>\n<meta name=\"description\" content=\"Adrenaline experience with Legends U V\u00e1s - an original gift not only for men and car enthusiasts. Driving in sports cars (Ferrari, Lamborghini, Porsche, ...) on the racing circuit and district.\" \/>\n<meta name=\"robots\" content=\"index, follow, max-snippet:-1, max-image-preview:large, max-video-preview:-1\" \/>\n<link rel=\"canonical\" href=\"https:\/\/www.legendyuvas.cz\/en\/produkt\/porsche-718-cayman-s-at-kopirovat-2\/\" \/>\n<meta property=\"og:locale\" content=\"en_US\" \/>\n<meta property=\"og:type\" content=\"article\" \/>\n<meta property=\"og:title\" content=\"Porsche 718 Cayman S (AT) (Kop\u00edrovat) - Legendy U V\u00e1s\" \/>\n<meta property=\"og:description\" content=\"Adrenaline experience with Legends U V\u00e1s - an original gift not only for men and car enthusiasts. Driving in sports cars (Ferrari, Lamborghini, Porsche, ...) on the racing circuit and district.\" \/>\n<meta property=\"og:url\" content=\"https:\/\/www.legendyuvas.cz\/en\/produkt\/porsche-718-cayman-s-at-kopirovat-2\/\" \/>\n<meta property=\"og:site_name\" content=\"Legendy U V\u00e1s\" \/>\n<meta property=\"article:publisher\" content=\"https:\/\/www.facebook.com\/autolegendyuvas\" \/>\n<meta property=\"article:modified_time\" content=\"2026-03-02T14:14:48+00:00\" \/>\n<meta property=\"og:image\" content=\"https:\/\/www.legendyuvas.cz\/wp-content\/uploads\/2026\/03\/1.jpg\" \/>\n\t<meta property=\"og:image:width\" content=\"1920\" \/>\n\t<meta property=\"og:image:height\" content=\"1080\" \/>\n\t<meta property=\"og:image:type\" content=\"image\/jpeg\" \/>\n<meta name=\"twitter:card\" content=\"summary_large_image\" \/>\n<meta name=\"twitter:label1\" content=\"Est. reading time\" \/>\n\t<meta name=\"twitter:data1\" content=\"1 minute\" \/>\n<script type=\"application\/ld+json\" class=\"yoast-schema-graph\">{\"@context\":\"https:\/\/schema.org\",\"@graph\":[{\"@type\":\"WebPage\",\"@id\":\"https:\/\/www.legendyuvas.cz\/en\/produkt\/porsche-718-cayman-s-at-kopirovat-2\/\",\"url\":\"https:\/\/www.legendyuvas.cz\/en\/produkt\/porsche-718-cayman-s-at-kopirovat-2\/\",\"name\":\"Porsche 718 Cayman S (AT) (Kop\u00edrovat) - Legendy U V\u00e1s\",\"isPartOf\":{\"@id\":\"https:\/\/www.legendyuvas.cz\/#website\"},\"primaryImageOfPage\":{\"@id\":\"https:\/\/www.legendyuvas.cz\/en\/produkt\/porsche-718-cayman-s-at-kopirovat-2\/#primaryimage\"},\"image\":{\"@id\":\"https:\/\/www.legendyuvas.cz\/en\/produkt\/porsche-718-cayman-s-at-kopirovat-2\/#primaryimage\"},\"thumbnailUrl\":\"https:\/\/www.legendyuvas.cz\/wp-content\/uploads\/2026\/03\/1.jpg\",\"datePublished\":\"2025-11-26T10:44:02+00:00\",\"dateModified\":\"2026-03-02T14:14:48+00:00\",\"description\":\"Adrenaline experience with Legends U V\u00e1s - an original gift not only for men and car enthusiasts. Driving in sports cars (Ferrari, Lamborghini, Porsche, ...) on the racing circuit and district.\",\"breadcrumb\":{\"@id\":\"https:\/\/www.legendyuvas.cz\/en\/produkt\/porsche-718-cayman-s-at-kopirovat-2\/#breadcrumb\"},\"inLanguage\":\"en-US\",\"potentialAction\":[{\"@type\":\"ReadAction\",\"target\":[\"https:\/\/www.legendyuvas.cz\/en\/produkt\/porsche-718-cayman-s-at-kopirovat-2\/\"]}]},{\"@type\":\"ImageObject\",\"inLanguage\":\"en-US\",\"@id\":\"https:\/\/www.legendyuvas.cz\/en\/produkt\/porsche-718-cayman-s-at-kopirovat-2\/#primaryimage\",\"url\":\"https:\/\/www.legendyuvas.cz\/wp-content\/uploads\/2026\/03\/1.jpg\",\"contentUrl\":\"https:\/\/www.legendyuvas.cz\/wp-content\/uploads\/2026\/03\/1.jpg\",\"width\":1920,\"height\":1080},{\"@type\":\"BreadcrumbList\",\"@id\":\"https:\/\/www.legendyuvas.cz\/en\/produkt\/porsche-718-cayman-s-at-kopirovat-2\/#breadcrumb\",\"itemListElement\":[{\"@type\":\"ListItem\",\"position\":1,\"name\":\"Dom\u016f\",\"item\":\"https:\/\/www.legendyuvas.cz\/\"},{\"@type\":\"ListItem\",\"position\":2,\"name\":\"Obchod\",\"item\":\"https:\/\/www.legendyuvas.cz\/en\/obchod\/\"},{\"@type\":\"ListItem\",\"position\":3,\"name\":\"Porsche 718 Cayman S (AT) (Kop\u00edrovat)\"}]},{\"@type\":\"WebSite\",\"@id\":\"https:\/\/www.legendyuvas.cz\/#website\",\"url\":\"https:\/\/www.legendyuvas.cz\/\",\"name\":\"Legendy U V\u00e1s\",\"description\":\"Dechberouc\u00ed z\u00e1\u017eitky v autech a motork\u00e1ch\",\"publisher\":{\"@id\":\"https:\/\/www.legendyuvas.cz\/#organization\"},\"potentialAction\":[{\"@type\":\"SearchAction\",\"target\":{\"@type\":\"EntryPoint\",\"urlTemplate\":\"https:\/\/www.legendyuvas.cz\/?s={search_term_string}\"},\"query-input\":{\"@type\":\"PropertyValueSpecification\",\"valueRequired\":true,\"valueName\":\"search_term_string\"}}],\"inLanguage\":\"en-US\"},{\"@type\":\"Organization\",\"@id\":\"https:\/\/www.legendyuvas.cz\/#organization\",\"name\":\"Bontex2 s.r.o.\",\"url\":\"https:\/\/www.legendyuvas.cz\/\",\"logo\":{\"@type\":\"ImageObject\",\"inLanguage\":\"en-US\",\"@id\":\"https:\/\/www.legendyuvas.cz\/#\/schema\/logo\/image\/\",\"url\":\"https:\/\/www.legendyuvas.cz\/wp-content\/uploads\/2021\/03\/Legendy-u-Vas.jpg\",\"contentUrl\":\"https:\/\/www.legendyuvas.cz\/wp-content\/uploads\/2021\/03\/Legendy-u-Vas.jpg\",\"width\":400,\"height\":240,\"caption\":\"Bontex2 s.r.o.\"},\"image\":{\"@id\":\"https:\/\/www.legendyuvas.cz\/#\/schema\/logo\/image\/\"},\"sameAs\":[\"https:\/\/www.facebook.com\/autolegendyuvas\",\"https:\/\/www.facebook.com\/motolegendyuvas\",\"https:\/\/www.instagram.com\/autolegendyuvas\/\",\"https:\/\/www.instagram.com\/motolegendyuvas\/\"]}]}<\/script>\n<!-- \/ Yoast SEO plugin. -->","yoast_head_json":{"title":"Porsche 718 Cayman S (AT) (Kop\u00edrovat) - Legendy U V\u00e1s","description":"Adrenaline experience with Legends U V\u00e1s - an original gift not only for men and car enthusiasts. Driving in sports cars (Ferrari, Lamborghini, Porsche, ...) on the racing circuit and district.","robots":{"index":"index","follow":"follow","max-snippet":"max-snippet:-1","max-image-preview":"max-image-preview:large","max-video-preview":"max-video-preview:-1"},"canonical":"https:\/\/www.legendyuvas.cz\/en\/produkt\/porsche-718-cayman-s-at-kopirovat-2\/","og_locale":"en_US","og_type":"article","og_title":"Porsche 718 Cayman S (AT) (Kop\u00edrovat) - Legendy U V\u00e1s","og_description":"Adrenaline experience with Legends U V\u00e1s - an original gift not only for men and car enthusiasts. Driving in sports cars (Ferrari, Lamborghini, Porsche, ...) on the racing circuit and district.","og_url":"https:\/\/www.legendyuvas.cz\/en\/produkt\/porsche-718-cayman-s-at-kopirovat-2\/","og_site_name":"Legendy U V\u00e1s","article_publisher":"https:\/\/www.facebook.com\/autolegendyuvas","article_modified_time":"2026-03-02T14:14:48+00:00","og_image":[{"width":1920,"height":1080,"url":"https:\/\/www.legendyuvas.cz\/wp-content\/uploads\/2026\/03\/1.jpg","type":"image\/jpeg"}],"twitter_card":"summary_large_image","twitter_misc":{"Est. reading time":"1 minute"},"schema":{"@context":"https:\/\/schema.org","@graph":[{"@type":"WebPage","@id":"https:\/\/www.legendyuvas.cz\/en\/produkt\/porsche-718-cayman-s-at-kopirovat-2\/","url":"https:\/\/www.legendyuvas.cz\/en\/produkt\/porsche-718-cayman-s-at-kopirovat-2\/","name":"Porsche 718 Cayman S (AT) (Kop\u00edrovat) - Legendy U V\u00e1s","isPartOf":{"@id":"https:\/\/www.legendyuvas.cz\/#website"},"primaryImageOfPage":{"@id":"https:\/\/www.legendyuvas.cz\/en\/produkt\/porsche-718-cayman-s-at-kopirovat-2\/#primaryimage"},"image":{"@id":"https:\/\/www.legendyuvas.cz\/en\/produkt\/porsche-718-cayman-s-at-kopirovat-2\/#primaryimage"},"thumbnailUrl":"https:\/\/www.legendyuvas.cz\/wp-content\/uploads\/2026\/03\/1.jpg","datePublished":"2025-11-26T10:44:02+00:00","dateModified":"2026-03-02T14:14:48+00:00","description":"Adrenaline experience with Legends U V\u00e1s - an original gift not only for men and car enthusiasts. Driving in sports cars (Ferrari, Lamborghini, Porsche, ...) on the racing circuit and district.","breadcrumb":{"@id":"https:\/\/www.legendyuvas.cz\/en\/produkt\/porsche-718-cayman-s-at-kopirovat-2\/#breadcrumb"},"inLanguage":"en-US","potentialAction":[{"@type":"ReadAction","target":["https:\/\/www.legendyuvas.cz\/en\/produkt\/porsche-718-cayman-s-at-kopirovat-2\/"]}]},{"@type":"ImageObject","inLanguage":"en-US","@id":"https:\/\/www.legendyuvas.cz\/en\/produkt\/porsche-718-cayman-s-at-kopirovat-2\/#primaryimage","url":"https:\/\/www.legendyuvas.cz\/wp-content\/uploads\/2026\/03\/1.jpg","contentUrl":"https:\/\/www.legendyuvas.cz\/wp-content\/uploads\/2026\/03\/1.jpg","width":1920,"height":1080},{"@type":"BreadcrumbList","@id":"https:\/\/www.legendyuvas.cz\/en\/produkt\/porsche-718-cayman-s-at-kopirovat-2\/#breadcrumb","itemListElement":[{"@type":"ListItem","position":1,"name":"Dom\u016f","item":"https:\/\/www.legendyuvas.cz\/"},{"@type":"ListItem","position":2,"name":"Obchod","item":"https:\/\/www.legendyuvas.cz\/en\/obchod\/"},{"@type":"ListItem","position":3,"name":"Porsche 718 Cayman S (AT) (Kop\u00edrovat)"}]},{"@type":"WebSite","@id":"https:\/\/www.legendyuvas.cz\/#website","url":"https:\/\/www.legendyuvas.cz\/","name":"Legendy U V\u00e1s","description":"Dechberouc\u00ed z\u00e1\u017eitky v autech a motork\u00e1ch","publisher":{"@id":"https:\/\/www.legendyuvas.cz\/#organization"},"potentialAction":[{"@type":"SearchAction","target":{"@type":"EntryPoint","urlTemplate":"https:\/\/www.legendyuvas.cz\/?s={search_term_string}"},"query-input":{"@type":"PropertyValueSpecification","valueRequired":true,"valueName":"search_term_string"}}],"inLanguage":"en-US"},{"@type":"Organization","@id":"https:\/\/www.legendyuvas.cz\/#organization","name":"Bontex2 s.r.o.","url":"https:\/\/www.legendyuvas.cz\/","logo":{"@type":"ImageObject","inLanguage":"en-US","@id":"https:\/\/www.legendyuvas.cz\/#\/schema\/logo\/image\/","url":"https:\/\/www.legendyuvas.cz\/wp-content\/uploads\/2021\/03\/Legendy-u-Vas.jpg","contentUrl":"https:\/\/www.legendyuvas.cz\/wp-content\/uploads\/2021\/03\/Legendy-u-Vas.jpg","width":400,"height":240,"caption":"Bontex2 s.r.o."},"image":{"@id":"https:\/\/www.legendyuvas.cz\/#\/schema\/logo\/image\/"},"sameAs":["https:\/\/www.facebook.com\/autolegendyuvas","https:\/\/www.facebook.com\/motolegendyuvas","https:\/\/www.instagram.com\/autolegendyuvas\/","https:\/\/www.instagram.com\/motolegendyuvas\/"]}]}},"_links":{"self":[{"href":"https:\/\/www.legendyuvas.cz\/en\/wp-json\/wp\/v2\/product\/67338","targetHints":{"allow":["GET"]}}],"collection":[{"href":"https:\/\/www.legendyuvas.cz\/en\/wp-json\/wp\/v2\/product"}],"about":[{"href":"https:\/\/www.legendyuvas.cz\/en\/wp-json\/wp\/v2\/types\/product"}],"replies":[{"embeddable":true,"href":"https:\/\/www.legendyuvas.cz\/en\/wp-json\/wp\/v2\/comments?post=67338"}],"version-history":[{"count":1,"href":"https:\/\/www.legendyuvas.cz\/en\/wp-json\/wp\/v2\/product\/67338\/revisions"}],"predecessor-version":[{"id":68293,"href":"https:\/\/www.legendyuvas.cz\/en\/wp-json\/wp\/v2\/product\/67338\/revisions\/68293"}],"wp:featuredmedia":[{"embeddable":true,"href":"https:\/\/www.legendyuvas.cz\/en\/wp-json\/wp\/v2\/media\/67746"}],"wp:attachment":[{"href":"https:\/\/www.legendyuvas.cz\/en\/wp-json\/wp\/v2\/media?parent=67338"}],"wp:term":[{"taxonomy":"product_brand","embeddable":true,"href":"https:\/\/www.legendyuvas.cz\/en\/wp-json\/wp\/v2\/product_brand?post=67338"},{"taxonomy":"product_cat","embeddable":true,"href":"https:\/\/www.legendyuvas.cz\/en\/wp-json\/wp\/v2\/product_cat?post=67338"},{"taxonomy":"product_tag","embeddable":true,"href":"https:\/\/www.legendyuvas.cz\/en\/wp-json\/wp\/v2\/product_tag?post=67338"}],"curies":[{"name":"wp","href":"https:\/\/api.w.org\/{rel}","templated":true}]}}