{"id":32536,"date":"2025-01-15T12:52:13","date_gmt":"2025-01-15T12:52:13","guid":{"rendered":"https:\/\/www.legendyuvas.cz\/ogolne-warunki-rejestracji-na-trackdays\/"},"modified":"2025-11-09T13:26:32","modified_gmt":"2025-11-09T13:26:32","slug":"ogolne-warunki-rejestracji-na-trackdays","status":"publish","type":"page","link":"https:\/\/www.legendyuvas.cz\/pl\/ogolne-warunki-rejestracji-na-trackdays\/","title":{"rendered":"Og\u00f3lne warunki rejestracji na trackdays"},"content":{"rendered":"\t\t<div data-elementor-type=\"wp-page\" data-elementor-id=\"32536\" class=\"elementor elementor-32536 elementor-15180\" data-elementor-post-type=\"page\">\n\t\t\t\t\t\t<section class=\"elementor-section elementor-top-section elementor-element elementor-element-1d333d1f elementor-section-boxed elementor-section-height-default elementor-section-height-default\" data-id=\"1d333d1f\" data-element_type=\"section\">\n\t\t\t\t\t\t<div class=\"elementor-container elementor-column-gap-default\">\n\t\t\t\t\t<div class=\"elementor-column elementor-col-100 elementor-top-column elementor-element elementor-element-2270f0df\" data-id=\"2270f0df\" data-element_type=\"column\">\n\t\t\t<div class=\"elementor-widget-wrap elementor-element-populated\">\n\t\t\t\t\t\t<div class=\"elementor-element elementor-element-4e6de45c elementor-widget elementor-widget-text-editor\" data-id=\"4e6de45c\" data-element_type=\"widget\" data-widget_type=\"text-editor.default\">\n\t\t\t\t<div class=\"elementor-widget-container\">\n\t\t\t\t\t\t\t\t\t<span style=\"font-family: Segoe UI, serif;\"><b>OG\u00d3LNE WARUNKI REJESTRACJI NA TRACKDAY<\/b><\/span><br><br>&gt;<br><br><span style=\"font-family: Segoe UI, serif;\"><b>1. Rejestracja i warunki techniczne pojazd\u00f3w<\/b><\/span><br><br><span style=\"font-family: Segoe UI, serif;\"><b>2.<\/b><\/span><br><br><span style=\"font-family: Segoe UI, serif;\">1.1 Ka\u017cdy pojazd zarejestrowany do udzia\u0142u w trackdays musi posiada\u0107 wa\u017cne badanie techniczne (STK) oraz tablice rejestracyjne.<\/span><br><br><span style=\"font-family: Segoe UI, serif;\"><b>2. Limity ha\u0142asu<\/b><\/span><br><br><span style=\"font-family: Segoe UI, serif;\">2.1 Wszystkie pojazdy b\u0119d\u0105 spe\u0142nia\u0107 nast\u0119puj\u0105ce limity ha\u0142asu wed\u0142ug lokalizacji:<\/span><br><ul>\r\n \t<li style=\"list-style-type: none;\">\r\n<ul>\r\n \t<li><span style=\"font-family: Segoe UI, serif;\">Autodrom Most: 102+2 dB przy 4 500 obr\/min lub 3\/4 pr\u0119dko\u015bci maksymalnej, mierzone 1 metr od ko\u0144ca wydechu.<\/span><\/li>\r\n<\/ul><br><\/li><br><\/ul><br>.<br><ul>\r\n \t<li>.<span style=\"font-family: Segoe UI, serif;\">Automotodrom Brno: 107 dB.<\/span><\/li>\r\n \t<li><span style=\"font-family: Segoe UI, serif;\">Autodrom Sosnov\u00e1: 96 dB.<\/span>\r\n\r\n&gt;<\/li>\r\n \t<li><span style=\"font-family: Segoe UI, serif;\">Polygon Hradec Kr\u00e1lov\u00e9: 95 dB.<\/span>\r\n\r\n&gt;<\/li>\r\n \t<li><span style=\"font-family: Segoe UI, serif;\">Slovakiaring: 102 dB.<\/span>\r\n\r\n&gt;<\/li>\r\n<\/ul><br><span style=\"font-family: Segoe UI, serif;\"><b>3. Obowi\u0105zkowe wyposa\u017cenie pojazdu<\/b><\/span><br><br><span style=\"font-family: Segoe UI, serif;\">3.1 Ka\u017cdy pojazd powinien by\u0107 wyposa\u017cony w ucho holownicze. Zaleca si\u0119, aby ucho holownicze by\u0142o wst\u0119pnie zainstalowane na wypadek konieczno\u015bci holowania.<\/span><br><br><span style=\"font-family: Segoe UI, serif;\"><b>4.1 Wje\u017cd\u017caj\u0105c na tor, nale\u017cy trzyma\u0107 si\u0119 korytarza wyznaczonego przez dwie bia\u0142e linie (obowi\u0105zuj\u0105ce na Autodrom Most, Automotodrom Brno i Slovakiaring).<\/b><\/span><br><br>&gt;<br><br><span style=\"font-family: Segoe UI, serif;\">4.2 Maksymalna dozwolona pr\u0119dko\u015b\u0107 w pitlane wynosi 60 km\/h.<\/span><br><br><a name=\"_GoBack\"><\/a> <span style=\"font-family: Segoe UI, serif;\">4.3 U\u017cywanie kasku ochronnego jest obowi\u0105zkowe dla kierowc\u00f3w pojazd\u00f3w bez sta\u0142ego dachu lub z zamontowan\u0105 ram\u0105 bezpiecze\u0144stwa.<\/span><br><br><span style=\"font-family: Segoe UI, serif;\"><b>5. Zasady wyprzedzania na torze<\/b><\/span><br><br><span style=\"font-family: Segoe UI, serif;\">5.1 Szybszy pojazd:<\/span><br><ul>\r\n \t<li><span style=\"font-family: Segoe UI, serif;\">Zachowuje szczeg\u00f3ln\u0105 ostro\u017cno\u015b\u0107 podczas wyprzedzania, kt\u00f3re wykonuje tylko w bezpiecznych warunkach bez nadmiernego ryzyka.<\/span><\/li>\r\n \t<li><span style=\"font-family: Segoe UI, serif;\">Jazda powinna by\u0107 defensywna, a kierowca musi stale monitorowa\u0107 zachowanie wyprzedzanego pojazdu.<\/span><\/li>\r\n<\/ul><br><span style=\"font-family: Segoe UI, serif;\">5.2 Wolniejszy pojazd:<\/span><br><ul>\r\n \t<li><span style=\"font-family: Segoe UI, serif;\">Gdy sytuacja na to pozwala, powinien zjecha\u0107 na prawo i zasygnalizowa\u0107 prawym kierunkowskazem zamiar wyprzedzania.<\/span><\/li>\r\n \t<li><span style=\"font-family: Segoe UI, serif;\">Mo\u017ce nieznacznie zwolni\u0107, ale nie mo\u017ce gwa\u0142townie hamowa\u0107 ani nieoczekiwanie zmienia\u0107 pr\u0119dko\u015bci.<\/span><\/li>\r\n \t<li><span style=\"font-family: Segoe UI, serif;\">Regularnie sprawdza sytuacj\u0119 w lusterkach wstecznych.<\/span><\/li>\r\n<\/ul><br><span style=\"font-family: Segoe UI, serif;\"><b>6. Sygnalizowanie flagami<\/b><\/span><br><br>&gt;<br><br><span style=\"font-family: Segoe UI, serif;\">6.1 Komunikacja na torze odbywa si\u0119 wy\u0142\u0105cznie za pomoc\u0105 sygnalizacji flagowej. Kierowcy s\u0105 zobowi\u0105zani do zwracania szczeg\u00f3lnej uwagi na flagi:<\/span><br><ul>\r\n \t<li><span style=\"font-family: Segoe UI, serif;\"><b>\u017b\u00f3\u0142ta flaga:<\/b><\/span><span style=\"font-family: Segoe UI, serif;\"> sygnalizuje zagro\u017cenie na torze. Kierowca musi zwolni\u0107 i by\u0107 gotowy do zatrzymania si\u0119. Wyprzedzanie jest zabronione.<\/span><\/li><br> \t<li><span style=\"font-family: Segoe UI, serif;\"><b>Niebieska flaga:<\/b><\/span><span style=\"font-family: Segoe UI, serif;\"> Ostrzega o zbli\u017caj\u0105cym si\u0119 szybszym poje\u017adzie, kt\u00f3ry mo\u017ce wyprzedza\u0107.<\/span><\/li><br> \t<li><span style=\"font-family: Segoe UI, serif;\"><b>\u017b\u00f3\u0142ta flaga z czerwonymi paskami:<\/b><\/span><span style=\"font-family: Segoe UI, serif;\"> Ostrzega o pogorszeniu stanu nawierzchni toru (olej, woda, brud).<\/span><\/li><br> \t<li><span style=\"font-family: Segoe UI, serif;\"><b>Czerwona flaga:<\/b><\/span><span style=\"font-family: Segoe UI, serif;\"> Oznacza przerw\u0119 w je\u017adzie. Kierowca musi zwolni\u0107 i wr\u00f3ci\u0107 do boksu. Wyprzedzanie jest zabronione.<\/span><\/li><br> \t<li><span style=\"font-family: Segoe UI, serif;\"><b>Zielona flaga:<\/b><\/span><span style=\"font-family: Segoe UI, serif;\"> Sygnalizuje przywr\u00f3cenie bezpiecznej sytuacji i mo\u017cliwo\u015b\u0107 wyprzedzania.<\/span><\/li><br> \t<li><span style=\"font-family: Segoe UI, serif;\"><b>Czarna flaga:<\/b><\/span><span style=\"font-family: Segoe UI, serif;\"> oznacza problem \u2013 np. niebezpieczny spos\u00f3b jazdy lub usterk\u0119 techniczn\u0105 pojazdu. Kierowca musi natychmiast zjecha\u0107 do pitlane i skontaktowa\u0107 si\u0119 z organizatorem.<\/span><\/li><br><\/ul><br><span style=\"font-family: Segoe UI, serif;\"><b>7. Zakaz driftu<\/b><\/span><br><br><span style=\"font-family: Segoe UI, serif;\">7.1 Drifting jest zabroniony na nast\u0119puj\u0105cych torach.<\/span><br><br><span style=\"font-family: Segoe UI, serif;\"><b>8.<\/b><\/span><br><br><span style=\"font-family: Segoe UI, serif;\">8.1 Rejestruj\u0105c si\u0119 na dni torowe, ka\u017cdy uczestnik wyra\u017ca zgod\u0119 na przestrzeganie powy\u017cszych zasad i warunk\u00f3w w celu zapewnienia bezpiecze\u0144stwa i sprawnego przebiegu imprezy.<\/span><span style=\"color: #3333;\"><span style=\"font-family: Segoe UI, serif;\">\u00a0<\/span><\/span>\t\t\t\t\t\t\t\t<\/div>\n\t\t\t\t<\/div>\n\t\t\t\t\t<\/div>\n\t\t<\/div>\n\t\t\t\t\t<\/div>\n\t\t<\/section>\n\t\t\t\t<\/div>\n\t\t","protected":false},"excerpt":{"rendered":"<p>OG\u00d3LNE WARUNKI REJESTRACJI NA TRACKDAY &gt; 1. Rejestracja i warunki techniczne pojazd\u00f3w 2. 1.1 Ka\u017cdy pojazd zarejestrowany do udzia\u0142u w trackdays musi posiada\u0107 wa\u017cne badanie techniczne (STK) oraz tablice rejestracyjne. 2. Limity ha\u0142asu 2.1 Wszystkie pojazdy b\u0119d\u0105 spe\u0142nia\u0107 nast\u0119puj\u0105ce limity ha\u0142asu wed\u0142ug lokalizacji: Autodrom Most: 102+2 dB przy 4 500 obr\/min lub 3\/4 pr\u0119dko\u015bci maksymalnej, [&hellip;]<\/p>\n","protected":false},"author":3,"featured_media":0,"parent":0,"menu_order":0,"comment_status":"closed","ping_status":"closed","template":"","meta":{"footnotes":""},"class_list":["post-32536","page","type-page","status-publish","hentry"],"yoast_head":"<!-- This site is optimized with the Yoast SEO plugin v24.8.1 - https:\/\/yoast.com\/wordpress\/plugins\/seo\/ -->\n<title>Og\u00f3lne warunki rejestracji na trackdays - Legendy U V\u00e1s<\/title>\n<meta name=\"robots\" content=\"index, follow, max-snippet:-1, max-image-preview:large, max-video-preview:-1\" \/>\n<link rel=\"canonical\" href=\"https:\/\/www.legendyuvas.cz\/vseobecne-podminky-registrace-na-trackdays\/\" \/>\n<meta property=\"og:locale\" content=\"pl_PL\" \/>\n<meta property=\"og:type\" content=\"article\" \/>\n<meta property=\"og:title\" content=\"Og\u00f3lne warunki rejestracji na trackdays - Legendy U V\u00e1s\" \/>\n<meta property=\"og:description\" content=\"OG\u00d3LNE WARUNKI REJESTRACJI NA TRACKDAY &gt; 1. Rejestracja i warunki techniczne pojazd\u00f3w 2. 1.1 Ka\u017cdy pojazd zarejestrowany do udzia\u0142u w trackdays musi posiada\u0107 wa\u017cne badanie techniczne (STK) oraz tablice rejestracyjne. 2. Limity ha\u0142asu 2.1 Wszystkie pojazdy b\u0119d\u0105 spe\u0142nia\u0107 nast\u0119puj\u0105ce limity ha\u0142asu wed\u0142ug lokalizacji: Autodrom Most: 102+2 dB przy 4 500 obr\/min lub 3\/4 pr\u0119dko\u015bci maksymalnej, [&hellip;]\" \/>\n<meta property=\"og:url\" content=\"https:\/\/www.legendyuvas.cz\/vseobecne-podminky-registrace-na-trackdays\/\" \/>\n<meta property=\"og:site_name\" content=\"Legendy U V\u00e1s\" \/>\n<meta property=\"article:publisher\" content=\"https:\/\/www.facebook.com\/autolegendyuvas\" \/>\n<meta property=\"article:modified_time\" content=\"2025-11-09T13:26:32+00:00\" \/>\n<meta property=\"og:image\" content=\"https:\/\/www.legendyuvas.cz\/wp-content\/uploads\/2023\/06\/Porsche-GT3-RS-1-min.jpg\" \/>\n\t<meta property=\"og:image:width\" content=\"1024\" \/>\n\t<meta property=\"og:image:height\" content=\"630\" \/>\n\t<meta property=\"og:image:type\" content=\"image\/jpeg\" \/>\n<meta name=\"twitter:card\" content=\"summary_large_image\" \/>\n<meta name=\"twitter:label1\" content=\"Szacowany czas czytania\" \/>\n\t<meta name=\"twitter:data1\" content=\"2 minuty\" \/>\n<script type=\"application\/ld+json\" class=\"yoast-schema-graph\">{\"@context\":\"https:\/\/schema.org\",\"@graph\":[{\"@type\":\"WebPage\",\"@id\":\"https:\/\/www.legendyuvas.cz\/vseobecne-podminky-registrace-na-trackdays\/\",\"url\":\"https:\/\/www.legendyuvas.cz\/vseobecne-podminky-registrace-na-trackdays\/\",\"name\":\"Og\u00f3lne warunki rejestracji na trackdays - Legendy U V\u00e1s\",\"isPartOf\":{\"@id\":\"https:\/\/www.legendyuvas.cz\/#website\"},\"datePublished\":\"2025-01-15T12:52:13+00:00\",\"dateModified\":\"2025-11-09T13:26:32+00:00\",\"breadcrumb\":{\"@id\":\"https:\/\/www.legendyuvas.cz\/vseobecne-podminky-registrace-na-trackdays\/#breadcrumb\"},\"inLanguage\":\"pl-PL\",\"potentialAction\":[{\"@type\":\"ReadAction\",\"target\":[\"https:\/\/www.legendyuvas.cz\/vseobecne-podminky-registrace-na-trackdays\/\"]}]},{\"@type\":\"BreadcrumbList\",\"@id\":\"https:\/\/www.legendyuvas.cz\/vseobecne-podminky-registrace-na-trackdays\/#breadcrumb\",\"itemListElement\":[{\"@type\":\"ListItem\",\"position\":1,\"name\":\"Dom\u016f\",\"item\":\"https:\/\/www.legendyuvas.cz\/\"},{\"@type\":\"ListItem\",\"position\":2,\"name\":\"Og\u00f3lne warunki rejestracji na trackdays\"}]},{\"@type\":\"WebSite\",\"@id\":\"https:\/\/www.legendyuvas.cz\/#website\",\"url\":\"https:\/\/www.legendyuvas.cz\/\",\"name\":\"Legendy U V\u00e1s\",\"description\":\"Dechberouc\u00ed z\u00e1\u017eitky v autech a motork\u00e1ch\",\"publisher\":{\"@id\":\"https:\/\/www.legendyuvas.cz\/#organization\"},\"potentialAction\":[{\"@type\":\"SearchAction\",\"target\":{\"@type\":\"EntryPoint\",\"urlTemplate\":\"https:\/\/www.legendyuvas.cz\/?s={search_term_string}\"},\"query-input\":{\"@type\":\"PropertyValueSpecification\",\"valueRequired\":true,\"valueName\":\"search_term_string\"}}],\"inLanguage\":\"pl-PL\"},{\"@type\":\"Organization\",\"@id\":\"https:\/\/www.legendyuvas.cz\/#organization\",\"name\":\"Bontex2 s.r.o.\",\"url\":\"https:\/\/www.legendyuvas.cz\/\",\"logo\":{\"@type\":\"ImageObject\",\"inLanguage\":\"pl-PL\",\"@id\":\"https:\/\/www.legendyuvas.cz\/#\/schema\/logo\/image\/\",\"url\":\"https:\/\/www.legendyuvas.cz\/wp-content\/uploads\/2021\/03\/Legendy-u-Vas.jpg\",\"contentUrl\":\"https:\/\/www.legendyuvas.cz\/wp-content\/uploads\/2021\/03\/Legendy-u-Vas.jpg\",\"width\":400,\"height\":240,\"caption\":\"Bontex2 s.r.o.\"},\"image\":{\"@id\":\"https:\/\/www.legendyuvas.cz\/#\/schema\/logo\/image\/\"},\"sameAs\":[\"https:\/\/www.facebook.com\/autolegendyuvas\",\"https:\/\/www.facebook.com\/motolegendyuvas\",\"https:\/\/www.instagram.com\/autolegendyuvas\/\",\"https:\/\/www.instagram.com\/motolegendyuvas\/\"]}]}<\/script>\n<!-- \/ Yoast SEO plugin. -->","yoast_head_json":{"title":"Og\u00f3lne warunki rejestracji na trackdays - Legendy U V\u00e1s","robots":{"index":"index","follow":"follow","max-snippet":"max-snippet:-1","max-image-preview":"max-image-preview:large","max-video-preview":"max-video-preview:-1"},"canonical":"https:\/\/www.legendyuvas.cz\/vseobecne-podminky-registrace-na-trackdays\/","og_locale":"pl_PL","og_type":"article","og_title":"Og\u00f3lne warunki rejestracji na trackdays - Legendy U V\u00e1s","og_description":"OG\u00d3LNE WARUNKI REJESTRACJI NA TRACKDAY &gt; 1. Rejestracja i warunki techniczne pojazd\u00f3w 2. 1.1 Ka\u017cdy pojazd zarejestrowany do udzia\u0142u w trackdays musi posiada\u0107 wa\u017cne badanie techniczne (STK) oraz tablice rejestracyjne. 2. Limity ha\u0142asu 2.1 Wszystkie pojazdy b\u0119d\u0105 spe\u0142nia\u0107 nast\u0119puj\u0105ce limity ha\u0142asu wed\u0142ug lokalizacji: Autodrom Most: 102+2 dB przy 4 500 obr\/min lub 3\/4 pr\u0119dko\u015bci maksymalnej, [&hellip;]","og_url":"https:\/\/www.legendyuvas.cz\/vseobecne-podminky-registrace-na-trackdays\/","og_site_name":"Legendy U V\u00e1s","article_publisher":"https:\/\/www.facebook.com\/autolegendyuvas","article_modified_time":"2025-11-09T13:26:32+00:00","og_image":[{"width":1024,"height":630,"url":"https:\/\/www.legendyuvas.cz\/wp-content\/uploads\/2023\/06\/Porsche-GT3-RS-1-min.jpg","type":"image\/jpeg"}],"twitter_card":"summary_large_image","twitter_misc":{"Szacowany czas czytania":"2 minuty"},"schema":{"@context":"https:\/\/schema.org","@graph":[{"@type":"WebPage","@id":"https:\/\/www.legendyuvas.cz\/vseobecne-podminky-registrace-na-trackdays\/","url":"https:\/\/www.legendyuvas.cz\/vseobecne-podminky-registrace-na-trackdays\/","name":"Og\u00f3lne warunki rejestracji na trackdays - Legendy U V\u00e1s","isPartOf":{"@id":"https:\/\/www.legendyuvas.cz\/#website"},"datePublished":"2025-01-15T12:52:13+00:00","dateModified":"2025-11-09T13:26:32+00:00","breadcrumb":{"@id":"https:\/\/www.legendyuvas.cz\/vseobecne-podminky-registrace-na-trackdays\/#breadcrumb"},"inLanguage":"pl-PL","potentialAction":[{"@type":"ReadAction","target":["https:\/\/www.legendyuvas.cz\/vseobecne-podminky-registrace-na-trackdays\/"]}]},{"@type":"BreadcrumbList","@id":"https:\/\/www.legendyuvas.cz\/vseobecne-podminky-registrace-na-trackdays\/#breadcrumb","itemListElement":[{"@type":"ListItem","position":1,"name":"Dom\u016f","item":"https:\/\/www.legendyuvas.cz\/"},{"@type":"ListItem","position":2,"name":"Og\u00f3lne warunki rejestracji na trackdays"}]},{"@type":"WebSite","@id":"https:\/\/www.legendyuvas.cz\/#website","url":"https:\/\/www.legendyuvas.cz\/","name":"Legendy U V\u00e1s","description":"Dechberouc\u00ed z\u00e1\u017eitky v autech a motork\u00e1ch","publisher":{"@id":"https:\/\/www.legendyuvas.cz\/#organization"},"potentialAction":[{"@type":"SearchAction","target":{"@type":"EntryPoint","urlTemplate":"https:\/\/www.legendyuvas.cz\/?s={search_term_string}"},"query-input":{"@type":"PropertyValueSpecification","valueRequired":true,"valueName":"search_term_string"}}],"inLanguage":"pl-PL"},{"@type":"Organization","@id":"https:\/\/www.legendyuvas.cz\/#organization","name":"Bontex2 s.r.o.","url":"https:\/\/www.legendyuvas.cz\/","logo":{"@type":"ImageObject","inLanguage":"pl-PL","@id":"https:\/\/www.legendyuvas.cz\/#\/schema\/logo\/image\/","url":"https:\/\/www.legendyuvas.cz\/wp-content\/uploads\/2021\/03\/Legendy-u-Vas.jpg","contentUrl":"https:\/\/www.legendyuvas.cz\/wp-content\/uploads\/2021\/03\/Legendy-u-Vas.jpg","width":400,"height":240,"caption":"Bontex2 s.r.o."},"image":{"@id":"https:\/\/www.legendyuvas.cz\/#\/schema\/logo\/image\/"},"sameAs":["https:\/\/www.facebook.com\/autolegendyuvas","https:\/\/www.facebook.com\/motolegendyuvas","https:\/\/www.instagram.com\/autolegendyuvas\/","https:\/\/www.instagram.com\/motolegendyuvas\/"]}]}},"_links":{"self":[{"href":"https:\/\/www.legendyuvas.cz\/pl\/wp-json\/wp\/v2\/pages\/32536","targetHints":{"allow":["GET"]}}],"collection":[{"href":"https:\/\/www.legendyuvas.cz\/pl\/wp-json\/wp\/v2\/pages"}],"about":[{"href":"https:\/\/www.legendyuvas.cz\/pl\/wp-json\/wp\/v2\/types\/page"}],"author":[{"embeddable":true,"href":"https:\/\/www.legendyuvas.cz\/pl\/wp-json\/wp\/v2\/users\/3"}],"replies":[{"embeddable":true,"href":"https:\/\/www.legendyuvas.cz\/pl\/wp-json\/wp\/v2\/comments?post=32536"}],"version-history":[{"count":1,"href":"https:\/\/www.legendyuvas.cz\/pl\/wp-json\/wp\/v2\/pages\/32536\/revisions"}],"predecessor-version":[{"id":32537,"href":"https:\/\/www.legendyuvas.cz\/pl\/wp-json\/wp\/v2\/pages\/32536\/revisions\/32537"}],"wp:attachment":[{"href":"https:\/\/www.legendyuvas.cz\/pl\/wp-json\/wp\/v2\/media?parent=32536"}],"curies":[{"name":"wp","href":"https:\/\/api.w.org\/{rel}","templated":true}]}}