{"id":33355,"date":"2023-07-06T08:12:25","date_gmt":"2023-07-06T08:12:25","guid":{"rendered":"https:\/\/www.legendyuvas.cz\/przykladowy-formularz-odstapienia-od-umowy\/"},"modified":"2025-11-11T16:13:37","modified_gmt":"2025-11-11T16:13:37","slug":"przykladowy-formularz-odstapienia-od-umowy","status":"publish","type":"page","link":"https:\/\/www.legendyuvas.cz\/pl\/przykladowy-formularz-odstapienia-od-umowy\/","title":{"rendered":"Przyk\u0142adowy formularz odst\u0105pienia od umowy"},"content":{"rendered":"<p><\/p><p>Nadawca:<br\/>Imi\u0119 i nazwisko:<br\/>Miejsce zamieszkania:<br\/>(lub e-mail, numer telefonu):<\/p><p>Odbiorca:<br\/>Bontex2 s.r.o.<br\/>I\u010c: 14285991<br\/>z siedzib\u0105: Pod Turnovskou trat\u00ed 182\/18, 198 00, Praga 9 &#8211; Hloub\u011bt\u00edn<\/p><p>Zawiadomienie o odst\u0105pieniu od umowy zakupu<\/p><p>Na stronie &#8230;&#8230;&#8230;., z\u0142o\u017cy\u0142em zam\u00f3wienie w waszym sklepie internetowym www.legendyuvas.cz na &#8230;&#8230;, numer zam\u00f3wienia &#8230;&#8230;, o warto\u015bci &#8230;&#8230;.. CZK. Zam\u00f3wiony towar otrzyma\u0142em na &#8230;&#8230;..<\/p><p>Na podstawie \u00a7 1829 ust. 1 w zwi\u0105zku z \u00a7 1818 ustawy nr 89\/2012 Dz. U. Kodeks cywilny, korzystam z przys\u0142uguj\u0105cego mi prawa i odst\u0119puj\u0119 od umowy kupna zawartej przez Internet dotycz\u0105cej wy\u017cej wymienionego towaru, kt\u00f3ry odsy\u0142am Pa\u0144stwu niniejszym pismem, jednocze\u015bnie prosz\u0119 o zwrot ceny zakupu w wysoko\u015bci &#8230;&#8230;&#8230;. CZK i &#8230;&#8230;&#8230; CZK za przesy\u0142k\u0119 na m\u00f3j numer konta bankowego &#8230;&#8230;.. w ci\u0105gu 14 dni od otrzymania niniejszego odst\u0105pienia.<\/p><p>Miejscowo\u015b\u0107 \u2026\u2026\u2026, dnia \u2026\u2026\u2026<\/p><p>&#8230;&#8230;&#8230;&#8230;&#8230;&#8230;&#8230;&#8230;&#8230;&#8230;&#8230;&#8230;&#8230;&#8230;&#8230;&#8230;&#8230;&#8230;&#8230;&#8230;&#8230;&#8230;&#8230;&#8230;&#8230;&#8230;<br\/>Imi\u0119 i nazwisko kupuj\u0105cego &#8211; konsumenta<br\/>(podpis)<\/p><p>Za\u0142\u0105czniki: &#8211; Dow\u00f3d zakupu<\/p>","protected":false},"excerpt":{"rendered":"<p>Nadawca:Imi\u0119 i nazwisko:Miejsce zamieszkania:(lub e-mail, numer telefonu): Odbiorca:Bontex2 s.r.o.I\u010c: 14285991z siedzib\u0105: Pod Turnovskou trat\u00ed 182\/18, 198 00, Praga 9 &#8211; Hloub\u011bt\u00edn Zawiadomienie o odst\u0105pieniu od umowy zakupu Na stronie &#8230;&#8230;&#8230;., z\u0142o\u017cy\u0142em zam\u00f3wienie w waszym sklepie internetowym www.legendyuvas.cz na &#8230;&#8230;, numer zam\u00f3wienia &#8230;&#8230;, o warto\u015bci &#8230;&#8230;.. CZK. Zam\u00f3wiony towar otrzyma\u0142em na &#8230;&#8230;.. Na podstawie \u00a7 1829 [&hellip;]<\/p>\n","protected":false},"author":3,"featured_media":0,"parent":0,"menu_order":0,"comment_status":"closed","ping_status":"closed","template":"","meta":{"footnotes":""},"class_list":["post-33355","page","type-page","status-publish","hentry"],"yoast_head":"<!-- This site is optimized with the Yoast SEO plugin v24.8.1 - https:\/\/yoast.com\/wordpress\/plugins\/seo\/ -->\n<title>Przyk\u0142adowy formularz odst\u0105pienia od umowy - Legendy U V\u00e1s<\/title>\n<meta name=\"robots\" content=\"index, follow, max-snippet:-1, max-image-preview:large, max-video-preview:-1\" \/>\n<link rel=\"canonical\" href=\"https:\/\/www.legendyuvas.cz\/pl\/przykladowy-formularz-odstapienia-od-umowy\/\" \/>\n<meta property=\"og:locale\" content=\"pl_PL\" \/>\n<meta property=\"og:type\" content=\"article\" \/>\n<meta property=\"og:title\" content=\"Przyk\u0142adowy formularz odst\u0105pienia od umowy - Legendy U V\u00e1s\" \/>\n<meta property=\"og:description\" content=\"Nadawca:Imi\u0119 i nazwisko:Miejsce zamieszkania:(lub e-mail, numer telefonu): Odbiorca:Bontex2 s.r.o.I\u010c: 14285991z siedzib\u0105: Pod Turnovskou trat\u00ed 182\/18, 198 00, Praga 9 &#8211; Hloub\u011bt\u00edn Zawiadomienie o odst\u0105pieniu od umowy zakupu Na stronie &#8230;&#8230;&#8230;., z\u0142o\u017cy\u0142em zam\u00f3wienie w waszym sklepie internetowym www.legendyuvas.cz na &#8230;&#8230;, numer zam\u00f3wienia &#8230;&#8230;, o warto\u015bci &#8230;&#8230;.. CZK. Zam\u00f3wiony towar otrzyma\u0142em na &#8230;&#8230;.. Na podstawie \u00a7 1829 [&hellip;]\" \/>\n<meta property=\"og:url\" content=\"https:\/\/www.legendyuvas.cz\/pl\/przykladowy-formularz-odstapienia-od-umowy\/\" \/>\n<meta property=\"og:site_name\" content=\"Legendy U V\u00e1s\" \/>\n<meta property=\"article:publisher\" content=\"https:\/\/www.facebook.com\/autolegendyuvas\" \/>\n<meta property=\"article:modified_time\" content=\"2025-11-11T16:13:37+00:00\" \/>\n<meta property=\"og:image\" content=\"https:\/\/www.legendyuvas.cz\/wp-content\/uploads\/2023\/06\/Porsche-GT3-RS-1-min.jpg\" \/>\n\t<meta property=\"og:image:width\" content=\"1024\" \/>\n\t<meta property=\"og:image:height\" content=\"630\" \/>\n\t<meta property=\"og:image:type\" content=\"image\/jpeg\" \/>\n<meta name=\"twitter:card\" content=\"summary_large_image\" \/>\n<meta name=\"twitter:label1\" content=\"Szacowany czas czytania\" \/>\n\t<meta name=\"twitter:data1\" content=\"1 minuta\" \/>\n<script type=\"application\/ld+json\" class=\"yoast-schema-graph\">{\"@context\":\"https:\/\/schema.org\",\"@graph\":[{\"@type\":\"WebPage\",\"@id\":\"https:\/\/www.legendyuvas.cz\/pl\/przykladowy-formularz-odstapienia-od-umowy\/\",\"url\":\"https:\/\/www.legendyuvas.cz\/pl\/przykladowy-formularz-odstapienia-od-umowy\/\",\"name\":\"Przyk\u0142adowy formularz odst\u0105pienia od umowy - Legendy U V\u00e1s\",\"isPartOf\":{\"@id\":\"https:\/\/www.legendyuvas.cz\/#website\"},\"datePublished\":\"2023-07-06T08:12:25+00:00\",\"dateModified\":\"2025-11-11T16:13:37+00:00\",\"breadcrumb\":{\"@id\":\"https:\/\/www.legendyuvas.cz\/pl\/przykladowy-formularz-odstapienia-od-umowy\/#breadcrumb\"},\"inLanguage\":\"pl-PL\",\"potentialAction\":[{\"@type\":\"ReadAction\",\"target\":[\"https:\/\/www.legendyuvas.cz\/pl\/przykladowy-formularz-odstapienia-od-umowy\/\"]}]},{\"@type\":\"BreadcrumbList\",\"@id\":\"https:\/\/www.legendyuvas.cz\/pl\/przykladowy-formularz-odstapienia-od-umowy\/#breadcrumb\",\"itemListElement\":[{\"@type\":\"ListItem\",\"position\":1,\"name\":\"Dom\u016f\",\"item\":\"https:\/\/www.legendyuvas.cz\/\"},{\"@type\":\"ListItem\",\"position\":2,\"name\":\"Przyk\u0142adowy formularz odst\u0105pienia od umowy\"}]},{\"@type\":\"WebSite\",\"@id\":\"https:\/\/www.legendyuvas.cz\/#website\",\"url\":\"https:\/\/www.legendyuvas.cz\/\",\"name\":\"Legendy U V\u00e1s\",\"description\":\"Dechberouc\u00ed z\u00e1\u017eitky v autech a motork\u00e1ch\",\"publisher\":{\"@id\":\"https:\/\/www.legendyuvas.cz\/#organization\"},\"potentialAction\":[{\"@type\":\"SearchAction\",\"target\":{\"@type\":\"EntryPoint\",\"urlTemplate\":\"https:\/\/www.legendyuvas.cz\/?s={search_term_string}\"},\"query-input\":{\"@type\":\"PropertyValueSpecification\",\"valueRequired\":true,\"valueName\":\"search_term_string\"}}],\"inLanguage\":\"pl-PL\"},{\"@type\":\"Organization\",\"@id\":\"https:\/\/www.legendyuvas.cz\/#organization\",\"name\":\"Bontex2 s.r.o.\",\"url\":\"https:\/\/www.legendyuvas.cz\/\",\"logo\":{\"@type\":\"ImageObject\",\"inLanguage\":\"pl-PL\",\"@id\":\"https:\/\/www.legendyuvas.cz\/#\/schema\/logo\/image\/\",\"url\":\"https:\/\/www.legendyuvas.cz\/wp-content\/uploads\/2021\/03\/Legendy-u-Vas.jpg\",\"contentUrl\":\"https:\/\/www.legendyuvas.cz\/wp-content\/uploads\/2021\/03\/Legendy-u-Vas.jpg\",\"width\":400,\"height\":240,\"caption\":\"Bontex2 s.r.o.\"},\"image\":{\"@id\":\"https:\/\/www.legendyuvas.cz\/#\/schema\/logo\/image\/\"},\"sameAs\":[\"https:\/\/www.facebook.com\/autolegendyuvas\",\"https:\/\/www.facebook.com\/motolegendyuvas\",\"https:\/\/www.instagram.com\/autolegendyuvas\/\",\"https:\/\/www.instagram.com\/motolegendyuvas\/\"]}]}<\/script>\n<!-- \/ Yoast SEO plugin. -->","yoast_head_json":{"title":"Przyk\u0142adowy formularz odst\u0105pienia od umowy - Legendy U V\u00e1s","robots":{"index":"index","follow":"follow","max-snippet":"max-snippet:-1","max-image-preview":"max-image-preview:large","max-video-preview":"max-video-preview:-1"},"canonical":"https:\/\/www.legendyuvas.cz\/pl\/przykladowy-formularz-odstapienia-od-umowy\/","og_locale":"pl_PL","og_type":"article","og_title":"Przyk\u0142adowy formularz odst\u0105pienia od umowy - Legendy U V\u00e1s","og_description":"Nadawca:Imi\u0119 i nazwisko:Miejsce zamieszkania:(lub e-mail, numer telefonu): Odbiorca:Bontex2 s.r.o.I\u010c: 14285991z siedzib\u0105: Pod Turnovskou trat\u00ed 182\/18, 198 00, Praga 9 &#8211; Hloub\u011bt\u00edn Zawiadomienie o odst\u0105pieniu od umowy zakupu Na stronie &#8230;&#8230;&#8230;., z\u0142o\u017cy\u0142em zam\u00f3wienie w waszym sklepie internetowym www.legendyuvas.cz na &#8230;&#8230;, numer zam\u00f3wienia &#8230;&#8230;, o warto\u015bci &#8230;&#8230;.. CZK. Zam\u00f3wiony towar otrzyma\u0142em na &#8230;&#8230;.. Na podstawie \u00a7 1829 [&hellip;]","og_url":"https:\/\/www.legendyuvas.cz\/pl\/przykladowy-formularz-odstapienia-od-umowy\/","og_site_name":"Legendy U V\u00e1s","article_publisher":"https:\/\/www.facebook.com\/autolegendyuvas","article_modified_time":"2025-11-11T16:13:37+00:00","og_image":[{"width":1024,"height":630,"url":"https:\/\/www.legendyuvas.cz\/wp-content\/uploads\/2023\/06\/Porsche-GT3-RS-1-min.jpg","type":"image\/jpeg"}],"twitter_card":"summary_large_image","twitter_misc":{"Szacowany czas czytania":"1 minuta"},"schema":{"@context":"https:\/\/schema.org","@graph":[{"@type":"WebPage","@id":"https:\/\/www.legendyuvas.cz\/pl\/przykladowy-formularz-odstapienia-od-umowy\/","url":"https:\/\/www.legendyuvas.cz\/pl\/przykladowy-formularz-odstapienia-od-umowy\/","name":"Przyk\u0142adowy formularz odst\u0105pienia od umowy - Legendy U V\u00e1s","isPartOf":{"@id":"https:\/\/www.legendyuvas.cz\/#website"},"datePublished":"2023-07-06T08:12:25+00:00","dateModified":"2025-11-11T16:13:37+00:00","breadcrumb":{"@id":"https:\/\/www.legendyuvas.cz\/pl\/przykladowy-formularz-odstapienia-od-umowy\/#breadcrumb"},"inLanguage":"pl-PL","potentialAction":[{"@type":"ReadAction","target":["https:\/\/www.legendyuvas.cz\/pl\/przykladowy-formularz-odstapienia-od-umowy\/"]}]},{"@type":"BreadcrumbList","@id":"https:\/\/www.legendyuvas.cz\/pl\/przykladowy-formularz-odstapienia-od-umowy\/#breadcrumb","itemListElement":[{"@type":"ListItem","position":1,"name":"Dom\u016f","item":"https:\/\/www.legendyuvas.cz\/"},{"@type":"ListItem","position":2,"name":"Przyk\u0142adowy formularz odst\u0105pienia od umowy"}]},{"@type":"WebSite","@id":"https:\/\/www.legendyuvas.cz\/#website","url":"https:\/\/www.legendyuvas.cz\/","name":"Legendy U V\u00e1s","description":"Dechberouc\u00ed z\u00e1\u017eitky v autech a motork\u00e1ch","publisher":{"@id":"https:\/\/www.legendyuvas.cz\/#organization"},"potentialAction":[{"@type":"SearchAction","target":{"@type":"EntryPoint","urlTemplate":"https:\/\/www.legendyuvas.cz\/?s={search_term_string}"},"query-input":{"@type":"PropertyValueSpecification","valueRequired":true,"valueName":"search_term_string"}}],"inLanguage":"pl-PL"},{"@type":"Organization","@id":"https:\/\/www.legendyuvas.cz\/#organization","name":"Bontex2 s.r.o.","url":"https:\/\/www.legendyuvas.cz\/","logo":{"@type":"ImageObject","inLanguage":"pl-PL","@id":"https:\/\/www.legendyuvas.cz\/#\/schema\/logo\/image\/","url":"https:\/\/www.legendyuvas.cz\/wp-content\/uploads\/2021\/03\/Legendy-u-Vas.jpg","contentUrl":"https:\/\/www.legendyuvas.cz\/wp-content\/uploads\/2021\/03\/Legendy-u-Vas.jpg","width":400,"height":240,"caption":"Bontex2 s.r.o."},"image":{"@id":"https:\/\/www.legendyuvas.cz\/#\/schema\/logo\/image\/"},"sameAs":["https:\/\/www.facebook.com\/autolegendyuvas","https:\/\/www.facebook.com\/motolegendyuvas","https:\/\/www.instagram.com\/autolegendyuvas\/","https:\/\/www.instagram.com\/motolegendyuvas\/"]}]}},"_links":{"self":[{"href":"https:\/\/www.legendyuvas.cz\/pl\/wp-json\/wp\/v2\/pages\/33355","targetHints":{"allow":["GET"]}}],"collection":[{"href":"https:\/\/www.legendyuvas.cz\/pl\/wp-json\/wp\/v2\/pages"}],"about":[{"href":"https:\/\/www.legendyuvas.cz\/pl\/wp-json\/wp\/v2\/types\/page"}],"author":[{"embeddable":true,"href":"https:\/\/www.legendyuvas.cz\/pl\/wp-json\/wp\/v2\/users\/3"}],"replies":[{"embeddable":true,"href":"https:\/\/www.legendyuvas.cz\/pl\/wp-json\/wp\/v2\/comments?post=33355"}],"version-history":[{"count":1,"href":"https:\/\/www.legendyuvas.cz\/pl\/wp-json\/wp\/v2\/pages\/33355\/revisions"}],"predecessor-version":[{"id":33356,"href":"https:\/\/www.legendyuvas.cz\/pl\/wp-json\/wp\/v2\/pages\/33355\/revisions\/33356"}],"wp:attachment":[{"href":"https:\/\/www.legendyuvas.cz\/pl\/wp-json\/wp\/v2\/media?parent=33355"}],"curies":[{"name":"wp","href":"https:\/\/api.w.org\/{rel}","templated":true}]}}