{"id":33365,"date":"2023-07-06T08:13:34","date_gmt":"2023-07-06T08:13:34","guid":{"rendered":"https:\/\/www.legendyuvas.cz\/zasady-przetwarzania-danych-osobowych\/"},"modified":"2025-11-11T16:20:31","modified_gmt":"2025-11-11T16:20:31","slug":"zasady-przetwarzania-danych-osobowych","status":"publish","type":"page","link":"https:\/\/www.legendyuvas.cz\/pl\/zasady-przetwarzania-danych-osobowych\/","title":{"rendered":"Zasady przetwarzania danych osobowych"},"content":{"rendered":"\t\t<div data-elementor-type=\"wp-page\" data-elementor-id=\"33365\" class=\"elementor elementor-33365 elementor-1406\" data-elementor-post-type=\"page\">\n\t\t\t\t\t\t<section class=\"elementor-section elementor-top-section elementor-element elementor-element-17c40ae5 elementor-section-boxed elementor-section-height-default elementor-section-height-default\" data-id=\"17c40ae5\" data-element_type=\"section\">\n\t\t\t\t\t\t<div class=\"elementor-container elementor-column-gap-default\">\n\t\t\t\t\t<div class=\"elementor-column elementor-col-100 elementor-top-column elementor-element elementor-element-59244d1f\" data-id=\"59244d1f\" data-element_type=\"column\">\n\t\t\t<div class=\"elementor-widget-wrap elementor-element-populated\">\n\t\t\t\t\t\t<div class=\"elementor-element elementor-element-3370e99 elementor-widget elementor-widget-text-editor\" data-id=\"3370e99\" data-element_type=\"widget\" data-widget_type=\"text-editor.default\">\n\t\t\t\t<div class=\"elementor-widget-container\">\n\t\t\t\t\t\t\t\t\t<br><br>Zasady przetwarzania danych osobowych<br><br><br><br>I. Postanowienia podstawowe<br><br><br><br>1. Administratorem danych osobowych zgodnie z art. 4 pkt 7 rozporz\u0105dzenia Parlamentu Europejskiego i Rady (UE) 2016\/679 w sprawie ochrony os\u00f3b fizycznych w zwi\u0105zku z przetwarzaniem danych osobowych i w sprawie swobodnego przep\u0142ywu takich danych (zwanego dalej: &#8222;RODO&#8221;) jest Bontex2 s.r.o., nr identyfikacyjny: 14285991 z siedzib\u0105 pod adresem Pod Turnovskou trat\u00ed 182\/18, Praga 9, zarejestrowana w Rejestrze Handlowym prowadzonym przez S\u0105d Miejski w Pradze, sekcja C, wk\u0142adka 363403, reprezentowana przez Bc. Martin Zima, Dyrektor Zarz\u0105dzaj\u0105cy (zwany dalej &#8222;Administratorem&#8221;).<br><br>.<br><br>2. Dane kontaktowe Administratora to Bontex2 s.r.o., Pod Turnovskou trat\u00ed 182\/18, Praga 9, 198 00, tel: 602 444 244, e-mail: info@legendyuvas.cz.<br><br>.<br><br>3. Dane osobowe oznaczaj\u0105 wszelkie informacje o zidentyfikowanej lub mo\u017cliwej do zidentyfikowania osobie fizycznej; mo\u017cliwa do zidentyfikowania osoba fizyczna to osoba fizyczna, kt\u00f3r\u0105 mo\u017cna bezpo\u015brednio lub po\u015brednio zidentyfikowa\u0107, w szczeg\u00f3lno\u015bci na podstawie identyfikatora takiego jak imi\u0119 i nazwisko, numer identyfikacyjny, dane o lokalizacji, identyfikator sieciowy lub jeden b\u0105d\u017a kilka szczeg\u00f3lnych element\u00f3w fizycznej, fizjologicznej, genetycznej, psychicznej, ekonomicznej, kulturowej lub spo\u0142ecznej to\u017csamo\u015bci osoby fizycznej.<br>.<br><br>4) Administrator wyznaczy\u0142 inspektora ochrony danych, kt\u00f3rego dane kontaktowe to: Pavel \u0160piryt, e-mail: info@legendyuvas.cz, tel.: 602 444 244.<br><br>4) Administrator wyznaczy\u0142 inspektora ochrony danych, kt\u00f3rego dane kontaktowe to: Pavel \u0160piryt, e-mail: info@legendyuvas.cz, tel.: 602 444 244.<br>.<br><br>II. \u0179r\u00f3d\u0142a i kategorie przetwarzanych danych osobowych<br><br><br><br>1. Administrator przetwarza dane osobowe, kt\u00f3re U\u017cytkownik przekaza\u0142 Administratorowi lub dane osobowe, kt\u00f3re Administrator uzyska\u0142 w wyniku realizacji zam\u00f3wienia U\u017cytkownika. Je\u015bli u\u017cytkownik zamawia towary lub us\u0142ugi u administratora, administrator potrzebuje od niego danych oznaczonych jako obowi\u0105zkowe w procesie zam\u00f3wienia (s\u0105 to g\u0142\u00f3wnie imi\u0119 i nazwisko, miejsce zamieszkania lub adres dostawy). Je\u015bli administrator nie posiada tych informacji, nie mo\u017ce prawid\u0142owo dostarczy\u0107 towar\u00f3w. Ponadto, w celu sprzeda\u017cy towar\u00f3w lub us\u0142ug, administrator potrzebuje Twojego adresu e-mail, na kt\u00f3ry prze\u015ble Ci potwierdzenie zam\u00f3wienia, oraz numeru telefonu do realizacji zam\u00f3wienia.<br>.<br><br>2. Podczas wizyty na stronie internetowej Administratora www.legendyuvas.cz (&#8222;Strona Internetowa&#8221; lub &#8222;Sklep Internetowy&#8221;), Administrator mo\u017ce gromadzi\u0107 pewne informacje o u\u017cytkowniku, takie jak adres IP, data i godzina wej\u015bcia na Stron\u0119 Internetow\u0105, informacje o przegl\u0105darce internetowej, systemie operacyjnym lub ustawieniach j\u0119zykowych. Administrator mo\u017ce r\u00f3wnie\u017c przetwarza\u0107 informacje o zachowaniu u\u017cytkownika na swojej stronie internetowej, np. kt\u00f3re linki u\u017cytkownik odwiedza na naszej stronie internetowej i kt\u00f3re towary s\u0105 mu wy\u015bwietlane. Informacje o zachowaniu u\u017cytkownika na stronie internetowej s\u0105 jednak anonimizowane w trosce o jego maksymaln\u0105 prywatno\u015b\u0107, w zwi\u0105zku z czym administrator nie mo\u017ce przypisa\u0107 ich do konkretnego u\u017cytkownika, tj. konkretnej osoby.<br><br>.<br><br>3. Je\u015bli u\u017cytkownik uzyskuje dost\u0119p do strony internetowej administratora z telefonu kom\u00f3rkowego lub podobnego urz\u0105dzenia, administrator mo\u017ce r\u00f3wnie\u017c przetwarza\u0107 informacje o urz\u0105dzeniu mobilnym u\u017cytkownika (dane o telefonie kom\u00f3rkowym itp.)<br><br>&lt;!<br>.<br><br>III. Pliki cookie<br><br><br><br>1. Administrator automatycznie przetwarza pliki cookie, kt\u00f3re s\u0105 ma\u0142ymi plikami tekstowymi tworzonymi podczas odwiedzania ka\u017cdej strony internetowej. Jest on u\u017cywany jako standardowe narz\u0119dzie do przechowywania informacji o sposobie korzystania z witryny administratora.<br><br>.<br><br>2. Administrator wykorzystuje nast\u0119puj\u0105ce pliki cookies:<br>Techniczne pliki cookies: do prawid\u0142owego dzia\u0142ania sklepu internetowego. Te pliki cookie s\u0105 zawsze aktywne (nie mo\u017cna odm\u00f3wi\u0107 ich przetwarzania), poniewa\u017c s\u0105 niezb\u0119dne do faktycznego funkcjonowania strony internetowej.<br>Funkcjonalne pliki cookie: korzystanie z tych plik\u00f3w cookie nie jest konieczne, ale sprawiaj\u0105, \u017ce wizyta w sklepie internetowym administratora jest znacznie przyjemniejsza i \u0142atwiejsza. Mo\u017cna odm\u00f3wi\u0107 przetwarzania tych plik\u00f3w cookie.<br>Analityczne pliki cookie: pomagaj\u0105 ulepszy\u0107 sklep internetowy. Analityczne pliki cookie na stronie internetowej administratora s\u0105 gromadzone przez wtyczk\u0119 Cookie Notice, kt\u00f3ra nast\u0119pnie anonimizuje te dane. Po anonimizacji nie s\u0105 to ju\u017c dane osobowe, poniewa\u017c zanonimizowanych plik\u00f3w cookie nie mo\u017cna przypisa\u0107 do konkretnego u\u017cytkownika lub konkretnej osoby. Administrator pracuje wy\u0142\u0105cznie z plikami cookie w formie zanonimizowanej. Mo\u017cna odm\u00f3wi\u0107 przetwarzania tych plik\u00f3w cookie.<br><br>.<br><br>3. Je\u015bli chcesz mie\u0107 wp\u0142yw na to, kt\u00f3re pliki cookie s\u0105 przetwarzane przez administratora, u\u017cyj jednej z popularnych przegl\u0105darek internetowych (np. Internet Explorer, Safari, Firefox, Chrome) z w\u0142\u0105czon\u0105 funkcj\u0105 anonimowego przegl\u0105dania, kt\u00f3ra zapobiega przechowywaniu danych o odwiedzanych witrynach, lub mo\u017cesz ca\u0142kowicie wy\u0142\u0105czy\u0107 przechowywanie plik\u00f3w cookie w przegl\u0105darce. Je\u015bli jednak u\u017cytkownik wy\u0142\u0105czy r\u00f3wnie\u017c przetwarzanie technicznych i funkcjonalnych plik\u00f3w cookie, uniemo\u017cliwi to dzia\u0142anie niekt\u00f3rych pomocnych funkcji.<br><br>.<br><br>4. Aby odm\u00f3wi\u0107 przetwarzania plik\u00f3w cookie (z wyj\u0105tkiem technicznych plik\u00f3w cookie), nale\u017cy skontaktowa\u0107 si\u0119 z Administratorem pod adresem e-mail podanym w art. I ust. 2 niniejszej Polityki. Odmowa przetwarzania funkcjonalnych i analitycznych plik\u00f3w cookie nie oznacza braku dost\u0119pu do sklepu internetowego administratora ani nie prowadzi do odmowy korzystania z us\u0142ug administratora. Odmowa przetwarzania funkcjonalnych i analitycznych plik\u00f3w cookie mo\u017ce jednak spowodowa\u0107, \u017ce sklep internetowy Administratora nie b\u0119dzie dzia\u0142a\u0142 prawid\u0142owo, a niekt\u00f3re funkcje mog\u0105 by\u0107 niedost\u0119pne. Og\u00f3lne wra\u017cenia z przegl\u0105dania sklepu internetowego mog\u0105 zatem ulec pogorszeniu.<br><br>.<br><br>IV. Pow\u00f3d i cel przetwarzania danych osobowych<br><br><br><br>1. Przyczyn\u0105 przetwarzania danych osobowych jest<br>&#8211; realizacja zam\u00f3wienia i wykonanie umowy mi\u0119dzy u\u017cytkownikiem a administratorem na podstawie art. 6 ust. 1 lit. b) RODO,<br><br>2.<br>.<br><br>2. celem przetwarzania danych osobowych jest<br>&#8211; realizacja zam\u00f3wienia u\u017cytkownika oraz wykonywanie praw i obowi\u0105zk\u00f3w wynikaj\u0105cych ze stosunku umownego mi\u0119dzy u\u017cytkownikiem a administratorem; przy sk\u0142adaniu zam\u00f3wienia wymagane s\u0105 dane osobowe, kt\u00f3re s\u0105 niezb\u0119dne do pomy\u015blnej realizacji zam\u00f3wienia (imi\u0119 i nazwisko oraz adres, kontakt), podanie danych osobowych jest wymogiem koniecznym do zawarcia i wykonania umowy, bez podania danych osobowych nie jest mo\u017cliwe zawarcie umowy lub jej wykonanie przez administratora,<br><br>3. celem przetwarzania danych osobowych jest<br>&#8211; realizacja umowy mi\u0119dzy u\u017cytkownikiem a administratorem, zgodnie z art. 6 ust. 1 lit. b) RODO.<br>.<br><br>3. Nie dochodzi do zautomatyzowanego podejmowania decyzji przez administratora w rozumieniu art. 22 RODO.<br><br>3.<br><br><br>V. Okres przechowywania danych<br><br><br><br>1. Administrator przechowuje dane osobowe<br>&#8211; przez okres niezb\u0119dny do wykonania praw i obowi\u0105zk\u00f3w wynikaj\u0105cych ze stosunku umownego \u0142\u0105cz\u0105cego u\u017cytkownika z administratorem oraz dochodzenia roszcze\u0144 z tytu\u0142u tego stosunku umownego<br>&#8211; przez okres 7 lat<br><br>2.<br>.<br><br>2. Po up\u0142ywie okresu przechowywania administrator usuwa dane osobowe<br>.<br>.<br><br>VI. Odbiorcy danych osobowych (podwykonawcy administratora)<br><br><br><br>1) Odbiorcami danych osobowych s\u0105 osoby: Martin Zima, David Abraham, Radek Sm\u00ed\u0161ek, Pavel \u0160piryt, Martina Vr\u00e1nov\u00e1, Petra \u0160usterov\u00e1<br>&#8211; zaanga\u017cowane w dostaw\u0119 towar\u00f3w \/ us\u0142ug \/ realizacj\u0119 p\u0142atno\u015bci na podstawie umowy,<br>&#8211; \u015bwiadcz\u0105ce us\u0142ugi w zakresie prowadzenia sklepu internetowego oraz inne us\u0142ugi w zwi\u0105zku z prowadzeniem sklepu internetowego,<br><br>2) Odbiorcy danych osobowych (podwykonawcy administratora)<br><br>&lt;!<br>.<br><br>2) Administrator nie zamierza przekazywa\u0107 danych osobowych do pa\u0144stwa trzeciego (pa\u0144stwa spoza UE) lub organizacji mi\u0119dzynarodowej.<br><br><br>VII. Prawa u\u017cytkownika<br><br><br><br>1. Zgodnie z warunkami okre\u015blonymi w RODO, masz<br>&#8211; prawo dost\u0119pu do swoich danych osobowych na podstawie art. 15 RODO,<br>&#8211; prawo do sprostowania danych osobowych na podstawie art. 16 RODO lub ograniczenia przetwarzania na podstawie art. 18 RODO,<br>&#8211; prawo do usuni\u0119cia danych osobowych na podstawie art. 18 RODO. 17 RODO,<br>&#8211; prawo do wniesienia sprzeciwu wobec przetwarzania zgodnie z art. 21 RODO,<br>&#8211; prawo do przenoszenia danych zgodnie z art. 20 RODO oraz<br>&#8211; prawo do cofni\u0119cia zgody na przetwarzanie w formie pisemnej lub elektronicznej na adres lub adres e-mail administratora, o kt\u00f3rym mowa w art. I ust. 4 niniejszego regulaminu.<br><br>.<br><br>2. U\u017cytkownik ma r\u00f3wnie\u017c prawo do wniesienia skargi do Urz\u0119du Ochrony Danych Osobowych, je\u017celi uwa\u017ca, \u017ce jego prawo do ochrony danych osobowych zosta\u0142o naruszone.<br><br>.<br><br>VIII. Polityka bezpiecze\u0144stwa danych osobowych<br><br><br><br>1. Administrator o\u015bwiadcza, \u017ce podj\u0105\u0142 wszelkie odpowiednie \u015brodki techniczne i organizacyjne w celu zabezpieczenia danych osobowych<br><br>.<br><br><br>2) Administrator zastosowa\u0142 \u015brodki techniczne zabezpieczaj\u0105ce przechowywanie danych oraz przechowywanie danych osobowych w postaci papierowej. Administrator o\u015bwiadcza, \u017ce dost\u0119p do danych osobowych maj\u0105 jedynie osoby upowa\u017cnione przez Administratora.<br><br>.<br><br>IX. Postanowienia ko\u0144cowe<br><br>.<br><br>1. Sk\u0142adaj\u0105c zam\u00f3wienie za po\u015brednictwem formularza zam\u00f3wienia sklepu internetowego, u\u017cytkownik potwierdza, \u017ce zapozna\u0142 si\u0119 z polityk\u0105 prywatno\u015bci i akceptuje j\u0105 w ca\u0142o\u015bci.<br>.<br><br>2. U\u017cytkownik wyra\u017ca zgod\u0119 na niniejsze zasady, zaznaczaj\u0105c pole zgody za po\u015brednictwem formularza online w sklepie internetowym. Zaznaczaj\u0105c pole zgody, u\u017cytkownik potwierdza, \u017ce zapozna\u0142 si\u0119 z polityk\u0105 prywatno\u015bci i akceptuje j\u0105 w ca\u0142o\u015bci.<br><br>.<br><br>3. Administrator jest uprawniony do zmiany niniejszych warunk\u00f3w. Opublikuje now\u0105 wersj\u0119 Polityki prywatno\u015bci na swojej stronie internetowej lub prze\u015ble u\u017cytkownikowi now\u0105 wersj\u0119 Polityki prywatno\u015bci na adres e-mail podany administratorowi.<br><br><br><br>Niniejsza polityka wchodzi w \u017cycie z dniem 1 listopada 2020 r.<br><br><br><br>Praga, 1.11.2020<br><br><br><br>Bontex2 s.r.o.<br>Bc. Martin Zima, Dyrektor Zarz\u0105dzaj\u0105cy<br><br>\t\t\t\t\t\t\t\t<\/div>\n\t\t\t\t<\/div>\n\t\t\t\t\t<\/div>\n\t\t<\/div>\n\t\t\t\t\t<\/div>\n\t\t<\/section>\n\t\t\t\t<\/div>\n\t\t","protected":false},"excerpt":{"rendered":"<p>Zasady przetwarzania danych osobowych I. Postanowienia podstawowe 1. Administratorem danych osobowych zgodnie z art. 4 pkt 7 rozporz\u0105dzenia Parlamentu Europejskiego i Rady (UE) 2016\/679 w sprawie ochrony os\u00f3b fizycznych w zwi\u0105zku z przetwarzaniem danych osobowych i w sprawie swobodnego przep\u0142ywu takich danych (zwanego dalej: &#8222;RODO&#8221;) jest Bontex2 s.r.o., nr identyfikacyjny: 14285991 z siedzib\u0105 pod adresem [&hellip;]<\/p>\n","protected":false},"author":3,"featured_media":0,"parent":0,"menu_order":0,"comment_status":"closed","ping_status":"closed","template":"","meta":{"footnotes":""},"class_list":["post-33365","page","type-page","status-publish","hentry"],"yoast_head":"<!-- This site is optimized with the Yoast SEO plugin v24.8.1 - https:\/\/yoast.com\/wordpress\/plugins\/seo\/ -->\n<title>Zasady przetwarzania danych osobowych - Legendy U V\u00e1s<\/title>\n<meta name=\"robots\" content=\"index, follow, max-snippet:-1, max-image-preview:large, max-video-preview:-1\" \/>\n<link rel=\"canonical\" href=\"https:\/\/www.legendyuvas.cz\/zasady-zpracovani-osobnich-udaju\/\" \/>\n<meta property=\"og:locale\" content=\"pl_PL\" \/>\n<meta property=\"og:type\" content=\"article\" \/>\n<meta property=\"og:title\" content=\"Zasady przetwarzania danych osobowych - Legendy U V\u00e1s\" \/>\n<meta property=\"og:description\" content=\"Zasady przetwarzania danych osobowych I. Postanowienia podstawowe 1. Administratorem danych osobowych zgodnie z art. 4 pkt 7 rozporz\u0105dzenia Parlamentu Europejskiego i Rady (UE) 2016\/679 w sprawie ochrony os\u00f3b fizycznych w zwi\u0105zku z przetwarzaniem danych osobowych i w sprawie swobodnego przep\u0142ywu takich danych (zwanego dalej: &#8222;RODO&#8221;) jest Bontex2 s.r.o., nr identyfikacyjny: 14285991 z siedzib\u0105 pod adresem [&hellip;]\" \/>\n<meta property=\"og:url\" content=\"https:\/\/www.legendyuvas.cz\/zasady-zpracovani-osobnich-udaju\/\" \/>\n<meta property=\"og:site_name\" content=\"Legendy U V\u00e1s\" \/>\n<meta property=\"article:publisher\" content=\"https:\/\/www.facebook.com\/autolegendyuvas\" \/>\n<meta property=\"article:modified_time\" content=\"2025-11-11T16:20:31+00:00\" \/>\n<meta property=\"og:image\" content=\"https:\/\/www.legendyuvas.cz\/wp-content\/uploads\/2023\/06\/Porsche-GT3-RS-1-min.jpg\" \/>\n\t<meta property=\"og:image:width\" content=\"1024\" \/>\n\t<meta property=\"og:image:height\" content=\"630\" \/>\n\t<meta property=\"og:image:type\" content=\"image\/jpeg\" \/>\n<meta name=\"twitter:card\" content=\"summary_large_image\" \/>\n<meta name=\"twitter:label1\" content=\"Szacowany czas czytania\" \/>\n\t<meta name=\"twitter:data1\" content=\"7 minut\" \/>\n<script type=\"application\/ld+json\" class=\"yoast-schema-graph\">{\"@context\":\"https:\/\/schema.org\",\"@graph\":[{\"@type\":\"WebPage\",\"@id\":\"https:\/\/www.legendyuvas.cz\/zasady-zpracovani-osobnich-udaju\/\",\"url\":\"https:\/\/www.legendyuvas.cz\/zasady-zpracovani-osobnich-udaju\/\",\"name\":\"Zasady przetwarzania danych osobowych - Legendy U V\u00e1s\",\"isPartOf\":{\"@id\":\"https:\/\/www.legendyuvas.cz\/#website\"},\"datePublished\":\"2023-07-06T08:13:34+00:00\",\"dateModified\":\"2025-11-11T16:20:31+00:00\",\"breadcrumb\":{\"@id\":\"https:\/\/www.legendyuvas.cz\/zasady-zpracovani-osobnich-udaju\/#breadcrumb\"},\"inLanguage\":\"pl-PL\",\"potentialAction\":[{\"@type\":\"ReadAction\",\"target\":[\"https:\/\/www.legendyuvas.cz\/zasady-zpracovani-osobnich-udaju\/\"]}]},{\"@type\":\"BreadcrumbList\",\"@id\":\"https:\/\/www.legendyuvas.cz\/zasady-zpracovani-osobnich-udaju\/#breadcrumb\",\"itemListElement\":[{\"@type\":\"ListItem\",\"position\":1,\"name\":\"Dom\u016f\",\"item\":\"https:\/\/www.legendyuvas.cz\/\"},{\"@type\":\"ListItem\",\"position\":2,\"name\":\"Zasady przetwarzania danych osobowych\"}]},{\"@type\":\"WebSite\",\"@id\":\"https:\/\/www.legendyuvas.cz\/#website\",\"url\":\"https:\/\/www.legendyuvas.cz\/\",\"name\":\"Legendy U V\u00e1s\",\"description\":\"Dechberouc\u00ed z\u00e1\u017eitky v autech a motork\u00e1ch\",\"publisher\":{\"@id\":\"https:\/\/www.legendyuvas.cz\/#organization\"},\"potentialAction\":[{\"@type\":\"SearchAction\",\"target\":{\"@type\":\"EntryPoint\",\"urlTemplate\":\"https:\/\/www.legendyuvas.cz\/?s={search_term_string}\"},\"query-input\":{\"@type\":\"PropertyValueSpecification\",\"valueRequired\":true,\"valueName\":\"search_term_string\"}}],\"inLanguage\":\"pl-PL\"},{\"@type\":\"Organization\",\"@id\":\"https:\/\/www.legendyuvas.cz\/#organization\",\"name\":\"Bontex2 s.r.o.\",\"url\":\"https:\/\/www.legendyuvas.cz\/\",\"logo\":{\"@type\":\"ImageObject\",\"inLanguage\":\"pl-PL\",\"@id\":\"https:\/\/www.legendyuvas.cz\/#\/schema\/logo\/image\/\",\"url\":\"https:\/\/www.legendyuvas.cz\/wp-content\/uploads\/2021\/03\/Legendy-u-Vas.jpg\",\"contentUrl\":\"https:\/\/www.legendyuvas.cz\/wp-content\/uploads\/2021\/03\/Legendy-u-Vas.jpg\",\"width\":400,\"height\":240,\"caption\":\"Bontex2 s.r.o.\"},\"image\":{\"@id\":\"https:\/\/www.legendyuvas.cz\/#\/schema\/logo\/image\/\"},\"sameAs\":[\"https:\/\/www.facebook.com\/autolegendyuvas\",\"https:\/\/www.facebook.com\/motolegendyuvas\",\"https:\/\/www.instagram.com\/autolegendyuvas\/\",\"https:\/\/www.instagram.com\/motolegendyuvas\/\"]}]}<\/script>\n<!-- \/ Yoast SEO plugin. -->","yoast_head_json":{"title":"Zasady przetwarzania danych osobowych - Legendy U V\u00e1s","robots":{"index":"index","follow":"follow","max-snippet":"max-snippet:-1","max-image-preview":"max-image-preview:large","max-video-preview":"max-video-preview:-1"},"canonical":"https:\/\/www.legendyuvas.cz\/zasady-zpracovani-osobnich-udaju\/","og_locale":"pl_PL","og_type":"article","og_title":"Zasady przetwarzania danych osobowych - Legendy U V\u00e1s","og_description":"Zasady przetwarzania danych osobowych I. Postanowienia podstawowe 1. Administratorem danych osobowych zgodnie z art. 4 pkt 7 rozporz\u0105dzenia Parlamentu Europejskiego i Rady (UE) 2016\/679 w sprawie ochrony os\u00f3b fizycznych w zwi\u0105zku z przetwarzaniem danych osobowych i w sprawie swobodnego przep\u0142ywu takich danych (zwanego dalej: &#8222;RODO&#8221;) jest Bontex2 s.r.o., nr identyfikacyjny: 14285991 z siedzib\u0105 pod adresem [&hellip;]","og_url":"https:\/\/www.legendyuvas.cz\/zasady-zpracovani-osobnich-udaju\/","og_site_name":"Legendy U V\u00e1s","article_publisher":"https:\/\/www.facebook.com\/autolegendyuvas","article_modified_time":"2025-11-11T16:20:31+00:00","og_image":[{"width":1024,"height":630,"url":"https:\/\/www.legendyuvas.cz\/wp-content\/uploads\/2023\/06\/Porsche-GT3-RS-1-min.jpg","type":"image\/jpeg"}],"twitter_card":"summary_large_image","twitter_misc":{"Szacowany czas czytania":"7 minut"},"schema":{"@context":"https:\/\/schema.org","@graph":[{"@type":"WebPage","@id":"https:\/\/www.legendyuvas.cz\/zasady-zpracovani-osobnich-udaju\/","url":"https:\/\/www.legendyuvas.cz\/zasady-zpracovani-osobnich-udaju\/","name":"Zasady przetwarzania danych osobowych - Legendy U V\u00e1s","isPartOf":{"@id":"https:\/\/www.legendyuvas.cz\/#website"},"datePublished":"2023-07-06T08:13:34+00:00","dateModified":"2025-11-11T16:20:31+00:00","breadcrumb":{"@id":"https:\/\/www.legendyuvas.cz\/zasady-zpracovani-osobnich-udaju\/#breadcrumb"},"inLanguage":"pl-PL","potentialAction":[{"@type":"ReadAction","target":["https:\/\/www.legendyuvas.cz\/zasady-zpracovani-osobnich-udaju\/"]}]},{"@type":"BreadcrumbList","@id":"https:\/\/www.legendyuvas.cz\/zasady-zpracovani-osobnich-udaju\/#breadcrumb","itemListElement":[{"@type":"ListItem","position":1,"name":"Dom\u016f","item":"https:\/\/www.legendyuvas.cz\/"},{"@type":"ListItem","position":2,"name":"Zasady przetwarzania danych osobowych"}]},{"@type":"WebSite","@id":"https:\/\/www.legendyuvas.cz\/#website","url":"https:\/\/www.legendyuvas.cz\/","name":"Legendy U V\u00e1s","description":"Dechberouc\u00ed z\u00e1\u017eitky v autech a motork\u00e1ch","publisher":{"@id":"https:\/\/www.legendyuvas.cz\/#organization"},"potentialAction":[{"@type":"SearchAction","target":{"@type":"EntryPoint","urlTemplate":"https:\/\/www.legendyuvas.cz\/?s={search_term_string}"},"query-input":{"@type":"PropertyValueSpecification","valueRequired":true,"valueName":"search_term_string"}}],"inLanguage":"pl-PL"},{"@type":"Organization","@id":"https:\/\/www.legendyuvas.cz\/#organization","name":"Bontex2 s.r.o.","url":"https:\/\/www.legendyuvas.cz\/","logo":{"@type":"ImageObject","inLanguage":"pl-PL","@id":"https:\/\/www.legendyuvas.cz\/#\/schema\/logo\/image\/","url":"https:\/\/www.legendyuvas.cz\/wp-content\/uploads\/2021\/03\/Legendy-u-Vas.jpg","contentUrl":"https:\/\/www.legendyuvas.cz\/wp-content\/uploads\/2021\/03\/Legendy-u-Vas.jpg","width":400,"height":240,"caption":"Bontex2 s.r.o."},"image":{"@id":"https:\/\/www.legendyuvas.cz\/#\/schema\/logo\/image\/"},"sameAs":["https:\/\/www.facebook.com\/autolegendyuvas","https:\/\/www.facebook.com\/motolegendyuvas","https:\/\/www.instagram.com\/autolegendyuvas\/","https:\/\/www.instagram.com\/motolegendyuvas\/"]}]}},"_links":{"self":[{"href":"https:\/\/www.legendyuvas.cz\/pl\/wp-json\/wp\/v2\/pages\/33365","targetHints":{"allow":["GET"]}}],"collection":[{"href":"https:\/\/www.legendyuvas.cz\/pl\/wp-json\/wp\/v2\/pages"}],"about":[{"href":"https:\/\/www.legendyuvas.cz\/pl\/wp-json\/wp\/v2\/types\/page"}],"author":[{"embeddable":true,"href":"https:\/\/www.legendyuvas.cz\/pl\/wp-json\/wp\/v2\/users\/3"}],"replies":[{"embeddable":true,"href":"https:\/\/www.legendyuvas.cz\/pl\/wp-json\/wp\/v2\/comments?post=33365"}],"version-history":[{"count":3,"href":"https:\/\/www.legendyuvas.cz\/pl\/wp-json\/wp\/v2\/pages\/33365\/revisions"}],"predecessor-version":[{"id":33368,"href":"https:\/\/www.legendyuvas.cz\/pl\/wp-json\/wp\/v2\/pages\/33365\/revisions\/33368"}],"wp:attachment":[{"href":"https:\/\/www.legendyuvas.cz\/pl\/wp-json\/wp\/v2\/media?parent=33365"}],"curies":[{"name":"wp","href":"https:\/\/api.w.org\/{rel}","templated":true}]}}