{"id":34025,"date":"2025-11-14T14:09:44","date_gmt":"2025-11-14T14:09:44","guid":{"rendered":"https:\/\/www.legendyuvas.cz\/koszyk-2\/"},"modified":"2025-11-14T14:09:47","modified_gmt":"2025-11-14T14:09:47","slug":"koszyk-2","status":"publish","type":"page","link":"https:\/\/www.legendyuvas.cz\/pl\/koszyk-2\/","title":{"rendered":"Koszyk"},"content":{"rendered":"<div data-block-name=\"woocommerce\/cart\" class=\"wp-block-woocommerce-cart alignwide is-loading\"><div data-block-name=\"woocommerce\/filled-cart-block\" class=\"wp-block-woocommerce-filled-cart-block\"><div data-block-name=\"woocommerce\/cart-items-block\" class=\"wp-block-woocommerce-cart-items-block\"><div data-block-name=\"woocommerce\/cart-line-items-block\" class=\"wp-block-woocommerce-cart-line-items-block\"><\/div>\n\n<div data-block-name=\"woocommerce\/cart-cross-sells-block\" class=\"wp-block-woocommerce-cart-cross-sells-block\"><h2 class=\"wp-block-heading has-large-font-size\">Zobacz inne r\u00f3wnie interesuj\u0105ce\u2026<\/h2>\n\n<div data-block-name=\"woocommerce\/cart-cross-sells-products-block\" class=\"wp-block-woocommerce-cart-cross-sells-products-block\"><\/div><\/div><\/div>\n\n<div data-block-name=\"woocommerce\/cart-totals-block\" class=\"wp-block-woocommerce-cart-totals-block\"><div data-block-name=\"woocommerce\/cart-order-summary-block\" class=\"wp-block-woocommerce-cart-order-summary-block\"><div data-block-name=\"woocommerce\/cart-order-summary-heading-block\" class=\"wp-block-woocommerce-cart-order-summary-heading-block\"><\/div><div data-block-name=\"woocommerce\/cart-order-summary-coupon-form-block\" class=\"wp-block-woocommerce-cart-order-summary-coupon-form-block\"><\/div><div data-block-name=\"woocommerce\/cart-order-summary-totals-block\" class=\"wp-block-woocommerce-cart-order-summary-totals-block\">\n<div data-block-name=\"woocommerce\/cart-order-summary-subtotal-block\" class=\"wp-block-woocommerce-cart-order-summary-subtotal-block\"><\/div>\n<div data-block-name=\"woocommerce\/cart-order-summary-discount-block\" class=\"wp-block-woocommerce-cart-order-summary-discount-block\"><\/div>\n<div data-block-name=\"woocommerce\/cart-order-summary-fee-block\" class=\"wp-block-woocommerce-cart-order-summary-fee-block\"><\/div>\n<div data-block-name=\"woocommerce\/cart-order-summary-shipping-block\" class=\"wp-block-woocommerce-cart-order-summary-shipping-block\"><\/div>\n<div data-block-name=\"woocommerce\/cart-order-summary-taxes-block\" class=\"wp-block-woocommerce-cart-order-summary-taxes-block\"><\/div><\/div><\/div>\n\n<div data-block-name=\"woocommerce\/cart-express-payment-block\" class=\"wp-block-woocommerce-cart-express-payment-block\"><\/div>\n\n<div data-block-name=\"woocommerce\/proceed-to-checkout-block\" class=\"wp-block-woocommerce-proceed-to-checkout-block\"><\/div>\n\n<div data-block-name=\"woocommerce\/cart-accepted-payment-methods-block\" class=\"wp-block-woocommerce-cart-accepted-payment-methods-block\"><\/div><\/div><\/div>\n\n<div data-block-name=\"woocommerce\/empty-cart-block\" class=\"wp-block-woocommerce-empty-cart-block\"><h2 class=\"wp-block-heading has-text-align-center with-empty-cart-icon wc-block-cart__empty-cart__title\">Tw\u00f3j koszyk jest obecnie pusty!<\/h2>\n\n<hr class=\"wp-block-separator has-alpha-channel-opacity is-style-dots\"\/>\n\n<h2 class=\"wp-block-heading has-text-align-center\">Nowe w sklepie<\/h2>\n\n<div data-block-name=\"woocommerce\/product-new\" data-columns=\"4\" data-rows=\"1\" class=\"wc-block-grid wp-block-product-new wp-block-woocommerce-product-new wc-block-product-new has-4-columns\"><ul class=\"wc-block-grid__products\"><li class=\"wc-block-grid__product\"><span class=\"gtm4wp_productdata\" style=\"display:none; visibility:hidden;\" data-gtm4wp_product_data=\"{&quot;internal_id&quot;:70886,&quot;item_id&quot;:70886,&quot;item_name&quot;:&quot;MASARYK\\u016eV OKRUH \\u2013 OBRAZ 3D NA ZAM\\u00d3WIENIE (Kop\\u00edrovat) (Kop\\u00edrovat) (Kop\\u00edrovat)&quot;,&quot;sku&quot;:70886,&quot;price&quot;:9200,&quot;stocklevel&quot;:null,&quot;stockstatus&quot;:&quot;instock&quot;,&quot;google_business_vertical&quot;:&quot;retail&quot;,&quot;item_category&quot;:&quot;E-shop&quot;,&quot;id&quot;:70886,&quot;productlink&quot;:&quot;https:\\\/\\\/www.legendyuvas.cz\\\/pl\\\/produkt\\\/masarykuv-okruh-obraz-3d-na-zamowienie-kopirovat-kopirovat-kopirovat\\\/&quot;,&quot;item_list_name&quot;:&quot;General Product List&quot;,&quot;index&quot;:0,&quot;product_type&quot;:&quot;simple&quot;,&quot;item_brand&quot;:&quot;&quot;}\"><\/span>\n\t\t\t\t<a href=\"https:\/\/www.legendyuvas.cz\/pl\/produkt\/masarykuv-okruh-obraz-3d-na-zamowienie-kopirovat-kopirovat-kopirovat\/\" class=\"wc-block-grid__product-link\">\n\t\t\t\t\t\n\t\t\t\t\t<div class=\"wc-block-grid__product-image\"><img fetchpriority=\"high\" decoding=\"async\" width=\"300\" height=\"300\" src=\"https:\/\/www.legendyuvas.cz\/wp-content\/uploads\/2025\/06\/DSC03381-300x300.jpg\" class=\"attachment-woocommerce_thumbnail size-woocommerce_thumbnail\" alt=\"MASARYK\u016eV OKRUH \u2013 OBRAZ 3D NA ZAM\u00d3WIENIE (Kop\u00edrovat) (Kop\u00edrovat) (Kop\u00edrovat)\" srcset=\"https:\/\/www.legendyuvas.cz\/wp-content\/uploads\/2025\/06\/DSC03381-300x300.jpg 300w, https:\/\/www.legendyuvas.cz\/wp-content\/uploads\/2025\/06\/DSC03381-150x150.jpg 150w, https:\/\/www.legendyuvas.cz\/wp-content\/uploads\/2025\/06\/DSC03381-100x100.jpg 100w\" sizes=\"(max-width: 300px) 100vw, 300px\" \/><\/div>\n\t\t\t\t\t<div class=\"wc-block-grid__product-title\">MASARYK\u016eV OKRUH \u2013 OBRAZ 3D NA ZAM\u00d3WIENIE (Kop\u00edrovat) (Kop\u00edrovat) (Kop\u00edrovat)<\/div>\n\t\t\t\t<\/a>\n\t\t\t\t<div class=\"wc-block-grid__product-price price\"><span class='wmc-cache-pid ' data-wmc_product_id='70886'><span class=\"woocommerce-Price-amount amount\">9 200&nbsp;<span class=\"woocommerce-Price-currencySymbol\">&#075;&#269;<\/span><\/span><\/span><\/div>\n\t\t\t\t\n\t\t\t\t<div class=\"wp-block-button wc-block-grid__product-add-to-cart\"><a href=\"?add-to-cart=70886\" aria-label=\"Dodaj do koszyka: &bdquo;MASARYK\u016eV OKRUH \u2013 OBRAZ 3D NA ZAM\u00d3WIENIE (Kop\u00edrovat) (Kop\u00edrovat) (Kop\u00edrovat)&rdquo;\" data-quantity=\"1\" data-product_id=\"70886\" data-product_sku=\"\" data-price=\"9200\" rel=\"nofollow\" class=\"wp-block-button__link  add_to_cart_button ajax_add_to_cart\">Dodaj do koszyka<\/a><\/div>\n\t\t\t<\/li><li class=\"wc-block-grid__product\"><span class=\"gtm4wp_productdata\" style=\"display:none; visibility:hidden;\" data-gtm4wp_product_data=\"{&quot;internal_id&quot;:70872,&quot;item_id&quot;:70872,&quot;item_name&quot;:&quot;MASARYK\\u016eV OKRUH \\u2013 OBRAZ 3D NA ZAM\\u00d3WIENIE (Kop\\u00edrovat) (Kop\\u00edrovat)&quot;,&quot;sku&quot;:70872,&quot;price&quot;:4900,&quot;stocklevel&quot;:null,&quot;stockstatus&quot;:&quot;instock&quot;,&quot;google_business_vertical&quot;:&quot;retail&quot;,&quot;item_category&quot;:&quot;E-shop&quot;,&quot;id&quot;:70872,&quot;productlink&quot;:&quot;https:\\\/\\\/www.legendyuvas.cz\\\/pl\\\/produkt\\\/masarykuv-okruh-obraz-3d-na-zamowienie-kopirovat-kopirovat\\\/&quot;,&quot;item_list_name&quot;:&quot;General Product List&quot;,&quot;index&quot;:0,&quot;product_type&quot;:&quot;simple&quot;,&quot;item_brand&quot;:&quot;&quot;}\"><\/span>\n\t\t\t\t<a href=\"https:\/\/www.legendyuvas.cz\/pl\/produkt\/masarykuv-okruh-obraz-3d-na-zamowienie-kopirovat-kopirovat\/\" class=\"wc-block-grid__product-link\">\n\t\t\t\t\t\n\t\t\t\t\t<div class=\"wc-block-grid__product-image\"><img decoding=\"async\" width=\"300\" height=\"300\" src=\"https:\/\/www.legendyuvas.cz\/wp-content\/uploads\/2023\/07\/R1PF0069-300x300.jpg\" class=\"attachment-woocommerce_thumbnail size-woocommerce_thumbnail\" alt=\"MASARYK\u016eV OKRUH \u2013 OBRAZ 3D NA ZAM\u00d3WIENIE (Kop\u00edrovat) (Kop\u00edrovat)\" srcset=\"https:\/\/www.legendyuvas.cz\/wp-content\/uploads\/2023\/07\/R1PF0069-300x300.jpg 300w, https:\/\/www.legendyuvas.cz\/wp-content\/uploads\/2023\/07\/R1PF0069-150x150.jpg 150w, https:\/\/www.legendyuvas.cz\/wp-content\/uploads\/2023\/07\/R1PF0069-100x100.jpg 100w\" sizes=\"(max-width: 300px) 100vw, 300px\" \/><\/div>\n\t\t\t\t\t<div class=\"wc-block-grid__product-title\">MASARYK\u016eV OKRUH \u2013 OBRAZ 3D NA ZAM\u00d3WIENIE (Kop\u00edrovat) (Kop\u00edrovat)<\/div>\n\t\t\t\t<\/a>\n\t\t\t\t<div class=\"wc-block-grid__product-price price\"><span class='wmc-cache-pid ' data-wmc_product_id='70872'><span class=\"woocommerce-Price-amount amount\">4 900&nbsp;<span class=\"woocommerce-Price-currencySymbol\">&#075;&#269;<\/span><\/span><\/span><\/div>\n\t\t\t\t\n\t\t\t\t<div class=\"wp-block-button wc-block-grid__product-add-to-cart\"><a href=\"?add-to-cart=70872\" aria-label=\"Dodaj do koszyka: &bdquo;MASARYK\u016eV OKRUH \u2013 OBRAZ 3D NA ZAM\u00d3WIENIE (Kop\u00edrovat) (Kop\u00edrovat)&rdquo;\" data-quantity=\"1\" data-product_id=\"70872\" data-product_sku=\"\" data-price=\"4900\" rel=\"nofollow\" class=\"wp-block-button__link  add_to_cart_button ajax_add_to_cart\">Dodaj do koszyka<\/a><\/div>\n\t\t\t<\/li><li class=\"wc-block-grid__product\"><span class=\"gtm4wp_productdata\" style=\"display:none; visibility:hidden;\" data-gtm4wp_product_data=\"{&quot;internal_id&quot;:70853,&quot;item_id&quot;:70853,&quot;item_name&quot;:&quot;MASARYK\\u016eV OKRUH \\u2013 OBRAZ 3D NA ZAM\\u00d3WIENIE (Kop\\u00edrovat)&quot;,&quot;sku&quot;:70853,&quot;price&quot;:2200,&quot;stocklevel&quot;:null,&quot;stockstatus&quot;:&quot;instock&quot;,&quot;google_business_vertical&quot;:&quot;retail&quot;,&quot;item_category&quot;:&quot;E-shop&quot;,&quot;id&quot;:70853,&quot;productlink&quot;:&quot;https:\\\/\\\/www.legendyuvas.cz\\\/pl\\\/produkt\\\/masarykuv-okruh-obraz-3d-na-zamowienie-kopirovat\\\/&quot;,&quot;item_list_name&quot;:&quot;General Product List&quot;,&quot;index&quot;:0,&quot;product_type&quot;:&quot;simple&quot;,&quot;item_brand&quot;:&quot;&quot;}\"><\/span>\n\t\t\t\t<a href=\"https:\/\/www.legendyuvas.cz\/pl\/produkt\/masarykuv-okruh-obraz-3d-na-zamowienie-kopirovat\/\" class=\"wc-block-grid__product-link\">\n\t\t\t\t\t\n\t\t\t\t\t<div class=\"wc-block-grid__product-image\"><img decoding=\"async\" width=\"300\" height=\"300\" src=\"https:\/\/www.legendyuvas.cz\/wp-content\/uploads\/2023\/07\/R3PF2863-300x300.jpg\" class=\"attachment-woocommerce_thumbnail size-woocommerce_thumbnail\" alt=\"MASARYK\u016eV OKRUH \u2013 OBRAZ 3D NA ZAM\u00d3WIENIE (Kop\u00edrovat)\" srcset=\"https:\/\/www.legendyuvas.cz\/wp-content\/uploads\/2023\/07\/R3PF2863-300x300.jpg 300w, https:\/\/www.legendyuvas.cz\/wp-content\/uploads\/2023\/07\/R3PF2863-150x150.jpg 150w, https:\/\/www.legendyuvas.cz\/wp-content\/uploads\/2023\/07\/R3PF2863-100x100.jpg 100w\" sizes=\"(max-width: 300px) 100vw, 300px\" \/><\/div>\n\t\t\t\t\t<div class=\"wc-block-grid__product-title\">MASARYK\u016eV OKRUH \u2013 OBRAZ 3D NA ZAM\u00d3WIENIE (Kop\u00edrovat)<\/div>\n\t\t\t\t<\/a>\n\t\t\t\t<div class=\"wc-block-grid__product-price price\"><span class='wmc-cache-pid ' data-wmc_product_id='70853'><span class=\"woocommerce-Price-amount amount\">2 200&nbsp;<span class=\"woocommerce-Price-currencySymbol\">&#075;&#269;<\/span><\/span><\/span><\/div>\n\t\t\t\t\n\t\t\t\t<div class=\"wp-block-button wc-block-grid__product-add-to-cart\"><a href=\"?add-to-cart=70853\" aria-label=\"Dodaj do koszyka: &bdquo;MASARYK\u016eV OKRUH \u2013 OBRAZ 3D NA ZAM\u00d3WIENIE (Kop\u00edrovat)&rdquo;\" data-quantity=\"1\" data-product_id=\"70853\" data-product_sku=\"\" data-price=\"2200\" rel=\"nofollow\" class=\"wp-block-button__link  add_to_cart_button ajax_add_to_cart\">Dodaj do koszyka<\/a><\/div>\n\t\t\t<\/li><li class=\"wc-block-grid__product\"><span class=\"gtm4wp_productdata\" style=\"display:none; visibility:hidden;\" data-gtm4wp_product_data=\"{&quot;internal_id&quot;:50984,&quot;item_id&quot;:50984,&quot;item_name&quot;:&quot;Porsche 911 GT3 RS 991.1 (AT) (Kop\\u00edrovat)&quot;,&quot;sku&quot;:50984,&quot;price&quot;:2690,&quot;stocklevel&quot;:null,&quot;stockstatus&quot;:&quot;instock&quot;,&quot;google_business_vertical&quot;:&quot;retail&quot;,&quot;item_category&quot;:&quot;&quot;,&quot;id&quot;:50984,&quot;productlink&quot;:&quot;https:\\\/\\\/www.legendyuvas.cz\\\/pl\\\/produkt\\\/porsche-911-gt3-rs-991-1-at-kopirovat\\\/&quot;,&quot;item_list_name&quot;:&quot;General Product List&quot;,&quot;index&quot;:0,&quot;product_type&quot;:&quot;variable&quot;,&quot;item_brand&quot;:&quot;&quot;}\"><\/span>\n\t\t\t\t<a href=\"https:\/\/www.legendyuvas.cz\/pl\/produkt\/porsche-911-gt3-rs-991-1-at-kopirovat\/\" class=\"wc-block-grid__product-link\">\n\t\t\t\t\t\n\t\t\t\t\t<div class=\"wc-block-grid__product-image\"><img loading=\"lazy\" decoding=\"async\" width=\"300\" height=\"300\" src=\"https:\/\/www.legendyuvas.cz\/wp-content\/uploads\/2026\/01\/1000113200-300x300.jpg\" class=\"attachment-woocommerce_thumbnail size-woocommerce_thumbnail\" alt=\"Porsche 911 GT3 RS 991.1 (AT) (Kop\u00edrovat)\" srcset=\"https:\/\/www.legendyuvas.cz\/wp-content\/uploads\/2026\/01\/1000113200-300x300.jpg 300w, https:\/\/www.legendyuvas.cz\/wp-content\/uploads\/2026\/01\/1000113200-150x150.jpg 150w, https:\/\/www.legendyuvas.cz\/wp-content\/uploads\/2026\/01\/1000113200-100x100.jpg 100w\" sizes=\"(max-width: 300px) 100vw, 300px\" \/><\/div>\n\t\t\t\t\t<div class=\"wc-block-grid__product-title\">Porsche 911 GT3 RS 991.1 (AT) (Kop\u00edrovat)<\/div>\n\t\t\t\t<\/a>\n\t\t\t\t<div class=\"wc-block-grid__product-price price\"><span class='wmc-cache-pid ' data-wmc_product_id='50984'><span class=\"woocommerce-Price-amount amount\">2 690&nbsp;<span class=\"woocommerce-Price-currencySymbol\">&#075;&#269;<\/span><\/span> &ndash; <span class=\"woocommerce-Price-amount amount\">17 590&nbsp;<span class=\"woocommerce-Price-currencySymbol\">&#075;&#269;<\/span><\/span><\/span><\/div>\n\t\t\t\t\n\t\t\t\t<div class=\"wp-block-button wc-block-grid__product-add-to-cart\"><a href=\"https:\/\/www.legendyuvas.cz\/pl\/produkt\/porsche-911-gt3-rs-991-1-at-kopirovat\/\" aria-label=\"Wybierz opcje dla &bdquo;Porsche 911 GT3 RS 991.1 (AT) (Kop\u00edrovat)&rdquo;\" data-quantity=\"1\" data-product_id=\"50984\" data-product_sku=\"\" data-price=\"2690\" rel=\"nofollow\" class=\"wp-block-button__link  add_to_cart_button\">Wybierz opcje<\/a><\/div>\n\t\t\t<\/li><\/ul><\/div><\/div><\/div>","protected":false},"excerpt":{"rendered":"","protected":false},"author":3,"featured_media":0,"parent":0,"menu_order":0,"comment_status":"closed","ping_status":"closed","template":"","meta":{"footnotes":""},"class_list":["post-34025","page","type-page","status-publish","hentry"],"yoast_head":"<!-- This site is optimized with the Yoast SEO plugin v24.8.1 - https:\/\/yoast.com\/wordpress\/plugins\/seo\/ -->\n<title>Koszyk - Legendy U V\u00e1s<\/title>\n<meta name=\"robots\" content=\"index, follow, max-snippet:-1, max-image-preview:large, max-video-preview:-1\" \/>\n<link rel=\"canonical\" href=\"https:\/\/www.legendyuvas.cz\/pl\/koszyk-2\/\" \/>\n<meta property=\"og:locale\" content=\"pl_PL\" \/>\n<meta property=\"og:type\" content=\"article\" \/>\n<meta property=\"og:title\" content=\"Koszyk - Legendy U V\u00e1s\" \/>\n<meta property=\"og:url\" content=\"https:\/\/www.legendyuvas.cz\/pl\/koszyk-2\/\" \/>\n<meta property=\"og:site_name\" content=\"Legendy U V\u00e1s\" \/>\n<meta property=\"article:publisher\" content=\"https:\/\/www.facebook.com\/autolegendyuvas\" \/>\n<meta property=\"article:modified_time\" content=\"2025-11-14T14:09:47+00:00\" \/>\n<meta property=\"og:image\" content=\"https:\/\/www.legendyuvas.cz\/wp-content\/uploads\/2023\/06\/Porsche-GT3-RS-1-min.jpg\" \/>\n\t<meta property=\"og:image:width\" content=\"1024\" \/>\n\t<meta property=\"og:image:height\" content=\"630\" \/>\n\t<meta property=\"og:image:type\" content=\"image\/jpeg\" \/>\n<meta name=\"twitter:card\" content=\"summary_large_image\" \/>\n<script type=\"application\/ld+json\" class=\"yoast-schema-graph\">{\"@context\":\"https:\/\/schema.org\",\"@graph\":[{\"@type\":\"WebPage\",\"@id\":\"https:\/\/www.legendyuvas.cz\/pl\/koszyk-2\/\",\"url\":\"https:\/\/www.legendyuvas.cz\/pl\/koszyk-2\/\",\"name\":\"Koszyk - Legendy U V\u00e1s\",\"isPartOf\":{\"@id\":\"https:\/\/www.legendyuvas.cz\/#website\"},\"datePublished\":\"2025-11-14T14:09:44+00:00\",\"dateModified\":\"2025-11-14T14:09:47+00:00\",\"breadcrumb\":{\"@id\":\"https:\/\/www.legendyuvas.cz\/pl\/koszyk-2\/#breadcrumb\"},\"inLanguage\":\"pl-PL\",\"potentialAction\":[{\"@type\":\"ReadAction\",\"target\":[\"https:\/\/www.legendyuvas.cz\/pl\/koszyk-2\/\"]}]},{\"@type\":\"BreadcrumbList\",\"@id\":\"https:\/\/www.legendyuvas.cz\/pl\/koszyk-2\/#breadcrumb\",\"itemListElement\":[{\"@type\":\"ListItem\",\"position\":1,\"name\":\"Dom\u016f\",\"item\":\"https:\/\/www.legendyuvas.cz\/\"},{\"@type\":\"ListItem\",\"position\":2,\"name\":\"Koszyk\"}]},{\"@type\":\"WebSite\",\"@id\":\"https:\/\/www.legendyuvas.cz\/#website\",\"url\":\"https:\/\/www.legendyuvas.cz\/\",\"name\":\"Legendy U V\u00e1s\",\"description\":\"Dechberouc\u00ed z\u00e1\u017eitky v autech a motork\u00e1ch\",\"publisher\":{\"@id\":\"https:\/\/www.legendyuvas.cz\/#organization\"},\"potentialAction\":[{\"@type\":\"SearchAction\",\"target\":{\"@type\":\"EntryPoint\",\"urlTemplate\":\"https:\/\/www.legendyuvas.cz\/?s={search_term_string}\"},\"query-input\":{\"@type\":\"PropertyValueSpecification\",\"valueRequired\":true,\"valueName\":\"search_term_string\"}}],\"inLanguage\":\"pl-PL\"},{\"@type\":\"Organization\",\"@id\":\"https:\/\/www.legendyuvas.cz\/#organization\",\"name\":\"Bontex2 s.r.o.\",\"url\":\"https:\/\/www.legendyuvas.cz\/\",\"logo\":{\"@type\":\"ImageObject\",\"inLanguage\":\"pl-PL\",\"@id\":\"https:\/\/www.legendyuvas.cz\/#\/schema\/logo\/image\/\",\"url\":\"https:\/\/www.legendyuvas.cz\/wp-content\/uploads\/2021\/03\/Legendy-u-Vas.jpg\",\"contentUrl\":\"https:\/\/www.legendyuvas.cz\/wp-content\/uploads\/2021\/03\/Legendy-u-Vas.jpg\",\"width\":400,\"height\":240,\"caption\":\"Bontex2 s.r.o.\"},\"image\":{\"@id\":\"https:\/\/www.legendyuvas.cz\/#\/schema\/logo\/image\/\"},\"sameAs\":[\"https:\/\/www.facebook.com\/autolegendyuvas\",\"https:\/\/www.facebook.com\/motolegendyuvas\",\"https:\/\/www.instagram.com\/autolegendyuvas\/\",\"https:\/\/www.instagram.com\/motolegendyuvas\/\"]}]}<\/script>\n<!-- \/ Yoast SEO plugin. -->","yoast_head_json":{"title":"Koszyk - Legendy U V\u00e1s","robots":{"index":"index","follow":"follow","max-snippet":"max-snippet:-1","max-image-preview":"max-image-preview:large","max-video-preview":"max-video-preview:-1"},"canonical":"https:\/\/www.legendyuvas.cz\/pl\/koszyk-2\/","og_locale":"pl_PL","og_type":"article","og_title":"Koszyk - Legendy U V\u00e1s","og_url":"https:\/\/www.legendyuvas.cz\/pl\/koszyk-2\/","og_site_name":"Legendy U V\u00e1s","article_publisher":"https:\/\/www.facebook.com\/autolegendyuvas","article_modified_time":"2025-11-14T14:09:47+00:00","og_image":[{"width":1024,"height":630,"url":"https:\/\/www.legendyuvas.cz\/wp-content\/uploads\/2023\/06\/Porsche-GT3-RS-1-min.jpg","type":"image\/jpeg"}],"twitter_card":"summary_large_image","schema":{"@context":"https:\/\/schema.org","@graph":[{"@type":"WebPage","@id":"https:\/\/www.legendyuvas.cz\/pl\/koszyk-2\/","url":"https:\/\/www.legendyuvas.cz\/pl\/koszyk-2\/","name":"Koszyk - Legendy U V\u00e1s","isPartOf":{"@id":"https:\/\/www.legendyuvas.cz\/#website"},"datePublished":"2025-11-14T14:09:44+00:00","dateModified":"2025-11-14T14:09:47+00:00","breadcrumb":{"@id":"https:\/\/www.legendyuvas.cz\/pl\/koszyk-2\/#breadcrumb"},"inLanguage":"pl-PL","potentialAction":[{"@type":"ReadAction","target":["https:\/\/www.legendyuvas.cz\/pl\/koszyk-2\/"]}]},{"@type":"BreadcrumbList","@id":"https:\/\/www.legendyuvas.cz\/pl\/koszyk-2\/#breadcrumb","itemListElement":[{"@type":"ListItem","position":1,"name":"Dom\u016f","item":"https:\/\/www.legendyuvas.cz\/"},{"@type":"ListItem","position":2,"name":"Koszyk"}]},{"@type":"WebSite","@id":"https:\/\/www.legendyuvas.cz\/#website","url":"https:\/\/www.legendyuvas.cz\/","name":"Legendy U V\u00e1s","description":"Dechberouc\u00ed z\u00e1\u017eitky v autech a motork\u00e1ch","publisher":{"@id":"https:\/\/www.legendyuvas.cz\/#organization"},"potentialAction":[{"@type":"SearchAction","target":{"@type":"EntryPoint","urlTemplate":"https:\/\/www.legendyuvas.cz\/?s={search_term_string}"},"query-input":{"@type":"PropertyValueSpecification","valueRequired":true,"valueName":"search_term_string"}}],"inLanguage":"pl-PL"},{"@type":"Organization","@id":"https:\/\/www.legendyuvas.cz\/#organization","name":"Bontex2 s.r.o.","url":"https:\/\/www.legendyuvas.cz\/","logo":{"@type":"ImageObject","inLanguage":"pl-PL","@id":"https:\/\/www.legendyuvas.cz\/#\/schema\/logo\/image\/","url":"https:\/\/www.legendyuvas.cz\/wp-content\/uploads\/2021\/03\/Legendy-u-Vas.jpg","contentUrl":"https:\/\/www.legendyuvas.cz\/wp-content\/uploads\/2021\/03\/Legendy-u-Vas.jpg","width":400,"height":240,"caption":"Bontex2 s.r.o."},"image":{"@id":"https:\/\/www.legendyuvas.cz\/#\/schema\/logo\/image\/"},"sameAs":["https:\/\/www.facebook.com\/autolegendyuvas","https:\/\/www.facebook.com\/motolegendyuvas","https:\/\/www.instagram.com\/autolegendyuvas\/","https:\/\/www.instagram.com\/motolegendyuvas\/"]}]}},"_links":{"self":[{"href":"https:\/\/www.legendyuvas.cz\/pl\/wp-json\/wp\/v2\/pages\/34025","targetHints":{"allow":["GET"]}}],"collection":[{"href":"https:\/\/www.legendyuvas.cz\/pl\/wp-json\/wp\/v2\/pages"}],"about":[{"href":"https:\/\/www.legendyuvas.cz\/pl\/wp-json\/wp\/v2\/types\/page"}],"author":[{"embeddable":true,"href":"https:\/\/www.legendyuvas.cz\/pl\/wp-json\/wp\/v2\/users\/3"}],"replies":[{"embeddable":true,"href":"https:\/\/www.legendyuvas.cz\/pl\/wp-json\/wp\/v2\/comments?post=34025"}],"version-history":[{"count":0,"href":"https:\/\/www.legendyuvas.cz\/pl\/wp-json\/wp\/v2\/pages\/34025\/revisions"}],"wp:attachment":[{"href":"https:\/\/www.legendyuvas.cz\/pl\/wp-json\/wp\/v2\/media?parent=34025"}],"curies":[{"name":"wp","href":"https:\/\/api.w.org\/{rel}","templated":true}]}}