{"id":32272,"date":"2024-11-19T08:50:33","date_gmt":"2024-11-19T08:50:33","guid":{"rendered":"https:\/\/www.legendyuvas.cz\/produkt\/praga-r1t\/"},"modified":"2025-12-27T00:02:38","modified_gmt":"2025-12-27T00:02:38","slug":"praga-r1t","status":"publish","type":"product","link":"https:\/\/www.legendyuvas.cz\/pl\/produkt\/praga-r1t\/","title":{"rendered":"Praga R1T"},"content":{"rendered":"<h1>Ikona czeskich sport\u00f3w motorowych<\/h1>\n<p>Usi\u0105d\u017a na miejscu pasa\u017cera wyj\u0105tkowego wy\u015bcigowego modelu <strong>Praga R1T<\/strong> i przekonaj si\u0119, jak smakuje prawdziwa pr\u0119dko\u015b\u0107. Ten <strong>ultralekki samoch\u00f3d<\/strong> z karbonow\u0105 konstrukcj\u0105 i silnikiem turbo oferuje <strong>ponad 300 koni mechanicznych<\/strong> przy wadze <strong>poni\u017cej 600 kg.<\/strong> Rezultatem jest zapieraj\u0105ce dech w piersiach przyspieszenie i dynamika, kt\u00f3re dos\u0142ownie <strong>wcisn\u0105 Ci\u0119 w fotel.<\/strong>.<\/p>\n<p><img fetchpriority=\"high\" decoding=\"async\" class=\"aligncenter wp-image-12766 size-full\" src=\"https:\/\/www.legendyuvas.cz\/wp-content\/uploads\/2024\/11\/IMG_3292-scaled.jpeg\" alt=\"\" width=\"2560\" height=\"1707\" srcset=\"https:\/\/www.legendyuvas.cz\/wp-content\/uploads\/2024\/11\/IMG_3292-scaled.jpeg 2560w, https:\/\/www.legendyuvas.cz\/wp-content\/uploads\/2024\/11\/IMG_3292-300x200.jpeg 300w, https:\/\/www.legendyuvas.cz\/wp-content\/uploads\/2024\/11\/IMG_3292-1024x683.jpeg 1024w, https:\/\/www.legendyuvas.cz\/wp-content\/uploads\/2024\/11\/IMG_3292-768x512.jpeg 768w, https:\/\/www.legendyuvas.cz\/wp-content\/uploads\/2024\/11\/IMG_3292-1536x1024.jpeg 1536w, https:\/\/www.legendyuvas.cz\/wp-content\/uploads\/2024\/11\/IMG_3292-2048x1365.jpeg 2048w, https:\/\/www.legendyuvas.cz\/wp-content\/uploads\/2024\/11\/IMG_3292-600x400.jpeg 600w\" sizes=\"(max-width: 2560px) 100vw, 2560px\" \/><\/p>\n<p><strong>profesjonalny kierowca wy\u015bcigowy<\/strong> zasiada za kierownic\u0105, aby przekroczy\u0107 granice jazdy na torze wy\u015bcigowym. Ka\u017cdy zakr\u0119t, ka\u017cda prosta i ka\u017cda szykana to wyj\u0105tkowe do\u015bwiadczenie, kt\u00f3re <strong>odczujesz na w\u0142asnej sk\u00f3rze.<\/strong> Obserwuj precyzyjn\u0105 prac\u0119 w kokpicie i <strong>do\u015bwiadczaj atmosfery toru<\/strong> &#8211; ryku silnika, zapachu opon i energii, kt\u00f3ra dos\u0142ownie unosi si\u0119 w powietrzu.<\/p>\n<p>&nbsp;<\/p>\n<h1><img decoding=\"async\" class=\"aligncenter wp-image-12767 size-full\" src=\"https:\/\/www.legendyuvas.cz\/wp-content\/uploads\/2024\/11\/IMG_3300-scaled.jpeg\" alt=\"\" width=\"2560\" height=\"1707\" srcset=\"https:\/\/www.legendyuvas.cz\/wp-content\/uploads\/2024\/11\/IMG_3300-scaled.jpeg 2560w, https:\/\/www.legendyuvas.cz\/wp-content\/uploads\/2024\/11\/IMG_3300-300x200.jpeg 300w, https:\/\/www.legendyuvas.cz\/wp-content\/uploads\/2024\/11\/IMG_3300-1024x683.jpeg 1024w, https:\/\/www.legendyuvas.cz\/wp-content\/uploads\/2024\/11\/IMG_3300-768x512.jpeg 768w, https:\/\/www.legendyuvas.cz\/wp-content\/uploads\/2024\/11\/IMG_3300-1536x1024.jpeg 1536w, https:\/\/www.legendyuvas.cz\/wp-content\/uploads\/2024\/11\/IMG_3300-2048x1365.jpeg 2048w, https:\/\/www.legendyuvas.cz\/wp-content\/uploads\/2024\/11\/IMG_3300-600x400.jpeg 600w\" sizes=\"(max-width: 2560px) 100vw, 2560px\" \/><\/h1>\n<p><strong>Praga R1T<\/strong> to ikona czeskich sport\u00f3w motorowych, a teraz masz okazj\u0119 <strong>sta\u0107 si\u0119 cz\u0119\u015bci\u0105 jej historii.<\/strong> Odkryj granice pr\u0119dko\u015bci, precyzji i adrenaliny &#8211; zarezerwuj swoje do\u015bwiadczenie <strong>ju\u017c dzi\u015b<\/strong>!<\/p>\n<p>&nbsp;<\/p>\n","protected":false},"excerpt":{"rendered":"<p>Prowadzenie Praga R1T jest mo\u017cliwe tylko na miejscu pasa\u017cera obok kierowcy wy\u015bcigowego.<\/p>\n","protected":false},"featured_media":41491,"comment_status":"open","ping_status":"closed","template":"","meta":[],"product_brand":[],"product_cat":[452],"product_tag":[],"class_list":{"0":"post-32272","1":"product","2":"type-product","3":"status-publish","4":"has-post-thumbnail","6":"product_cat-auta","8":"first","9":"instock","10":"shipping-taxable","11":"purchasable","12":"product-type-variable"},"yoast_head":"<!-- This site is optimized with the Yoast SEO plugin v24.8.1 - https:\/\/yoast.com\/wordpress\/plugins\/seo\/ -->\n<title>Praga R1T - Legendy U V\u00e1s<\/title>\n<meta name=\"description\" content=\"Do\u015bwiadczenie adrenaliny z Legends U V\u00e1s - oryginalny prezent nie tylko dla m\u0119\u017cczyzn i entuzjast\u00f3w motoryzacji. Jazda sportowymi samochodami (Ferrari, Lamborghini, Porsche, ...) na torze wy\u015bcigowym i w dzielnicy.\" \/>\n<meta name=\"robots\" content=\"index, follow, max-snippet:-1, max-image-preview:large, max-video-preview:-1\" \/>\n<link rel=\"canonical\" href=\"https:\/\/www.legendyuvas.cz\/produkt\/praga-r1t\/\" \/>\n<meta property=\"og:locale\" content=\"pl_PL\" \/>\n<meta property=\"og:type\" content=\"article\" \/>\n<meta property=\"og:title\" content=\"Praga R1T - Legendy U V\u00e1s\" \/>\n<meta property=\"og:description\" content=\"Do\u015bwiadczenie adrenaliny z Legends U V\u00e1s - oryginalny prezent nie tylko dla m\u0119\u017cczyzn i entuzjast\u00f3w motoryzacji. Jazda sportowymi samochodami (Ferrari, Lamborghini, Porsche, ...) na torze wy\u015bcigowym i w dzielnicy.\" \/>\n<meta property=\"og:url\" content=\"https:\/\/www.legendyuvas.cz\/produkt\/praga-r1t\/\" \/>\n<meta property=\"og:site_name\" content=\"Legendy U V\u00e1s\" \/>\n<meta property=\"article:publisher\" content=\"https:\/\/www.facebook.com\/autolegendyuvas\" \/>\n<meta property=\"article:modified_time\" content=\"2025-12-27T00:02:38+00:00\" \/>\n<meta property=\"og:image\" content=\"https:\/\/www.legendyuvas.cz\/wp-content\/uploads\/2024\/11\/IMG_3294-1536x1024-1.webp\" \/>\n\t<meta property=\"og:image:width\" content=\"1536\" \/>\n\t<meta property=\"og:image:height\" content=\"1024\" \/>\n\t<meta property=\"og:image:type\" content=\"image\/webp\" \/>\n<meta name=\"twitter:card\" content=\"summary_large_image\" \/>\n<meta name=\"twitter:label1\" content=\"Szacowany czas czytania\" \/>\n\t<meta name=\"twitter:data1\" content=\"1 minuta\" \/>\n<script type=\"application\/ld+json\" class=\"yoast-schema-graph\">{\"@context\":\"https:\/\/schema.org\",\"@graph\":[{\"@type\":\"WebPage\",\"@id\":\"https:\/\/www.legendyuvas.cz\/produkt\/praga-r1t\/\",\"url\":\"https:\/\/www.legendyuvas.cz\/produkt\/praga-r1t\/\",\"name\":\"Praga R1T - Legendy U V\u00e1s\",\"isPartOf\":{\"@id\":\"https:\/\/www.legendyuvas.cz\/#website\"},\"primaryImageOfPage\":{\"@id\":\"https:\/\/www.legendyuvas.cz\/produkt\/praga-r1t\/#primaryimage\"},\"image\":{\"@id\":\"https:\/\/www.legendyuvas.cz\/produkt\/praga-r1t\/#primaryimage\"},\"thumbnailUrl\":\"https:\/\/www.legendyuvas.cz\/wp-content\/uploads\/2024\/11\/IMG_3294-1536x1024-1-1.webp\",\"datePublished\":\"2024-11-19T08:50:33+00:00\",\"dateModified\":\"2025-12-27T00:02:38+00:00\",\"description\":\"Do\u015bwiadczenie adrenaliny z Legends U V\u00e1s - oryginalny prezent nie tylko dla m\u0119\u017cczyzn i entuzjast\u00f3w motoryzacji. Jazda sportowymi samochodami (Ferrari, Lamborghini, Porsche, ...) na torze wy\u015bcigowym i w dzielnicy.\",\"breadcrumb\":{\"@id\":\"https:\/\/www.legendyuvas.cz\/produkt\/praga-r1t\/#breadcrumb\"},\"inLanguage\":\"pl-PL\",\"potentialAction\":[{\"@type\":\"ReadAction\",\"target\":[\"https:\/\/www.legendyuvas.cz\/produkt\/praga-r1t\/\"]}]},{\"@type\":\"ImageObject\",\"inLanguage\":\"pl-PL\",\"@id\":\"https:\/\/www.legendyuvas.cz\/produkt\/praga-r1t\/#primaryimage\",\"url\":\"https:\/\/www.legendyuvas.cz\/wp-content\/uploads\/2024\/11\/IMG_3294-1536x1024-1-1.webp\",\"contentUrl\":\"https:\/\/www.legendyuvas.cz\/wp-content\/uploads\/2024\/11\/IMG_3294-1536x1024-1-1.webp\",\"width\":1536,\"height\":1024},{\"@type\":\"BreadcrumbList\",\"@id\":\"https:\/\/www.legendyuvas.cz\/produkt\/praga-r1t\/#breadcrumb\",\"itemListElement\":[{\"@type\":\"ListItem\",\"position\":1,\"name\":\"Dom\u016f\",\"item\":\"https:\/\/www.legendyuvas.cz\/\"},{\"@type\":\"ListItem\",\"position\":2,\"name\":\"Sklep\",\"item\":\"https:\/\/www.legendyuvas.cz\/pl\/sklep\/\"},{\"@type\":\"ListItem\",\"position\":3,\"name\":\"Praga R1T\"}]},{\"@type\":\"WebSite\",\"@id\":\"https:\/\/www.legendyuvas.cz\/#website\",\"url\":\"https:\/\/www.legendyuvas.cz\/\",\"name\":\"Legendy U V\u00e1s\",\"description\":\"Dechberouc\u00ed z\u00e1\u017eitky v autech a motork\u00e1ch\",\"publisher\":{\"@id\":\"https:\/\/www.legendyuvas.cz\/#organization\"},\"potentialAction\":[{\"@type\":\"SearchAction\",\"target\":{\"@type\":\"EntryPoint\",\"urlTemplate\":\"https:\/\/www.legendyuvas.cz\/?s={search_term_string}\"},\"query-input\":{\"@type\":\"PropertyValueSpecification\",\"valueRequired\":true,\"valueName\":\"search_term_string\"}}],\"inLanguage\":\"pl-PL\"},{\"@type\":\"Organization\",\"@id\":\"https:\/\/www.legendyuvas.cz\/#organization\",\"name\":\"Bontex2 s.r.o.\",\"url\":\"https:\/\/www.legendyuvas.cz\/\",\"logo\":{\"@type\":\"ImageObject\",\"inLanguage\":\"pl-PL\",\"@id\":\"https:\/\/www.legendyuvas.cz\/#\/schema\/logo\/image\/\",\"url\":\"https:\/\/www.legendyuvas.cz\/wp-content\/uploads\/2021\/03\/Legendy-u-Vas.jpg\",\"contentUrl\":\"https:\/\/www.legendyuvas.cz\/wp-content\/uploads\/2021\/03\/Legendy-u-Vas.jpg\",\"width\":400,\"height\":240,\"caption\":\"Bontex2 s.r.o.\"},\"image\":{\"@id\":\"https:\/\/www.legendyuvas.cz\/#\/schema\/logo\/image\/\"},\"sameAs\":[\"https:\/\/www.facebook.com\/autolegendyuvas\",\"https:\/\/www.facebook.com\/motolegendyuvas\",\"https:\/\/www.instagram.com\/autolegendyuvas\/\",\"https:\/\/www.instagram.com\/motolegendyuvas\/\"]}]}<\/script>\n<!-- \/ Yoast SEO plugin. -->","yoast_head_json":{"title":"Praga R1T - Legendy U V\u00e1s","description":"Do\u015bwiadczenie adrenaliny z Legends U V\u00e1s - oryginalny prezent nie tylko dla m\u0119\u017cczyzn i entuzjast\u00f3w motoryzacji. Jazda sportowymi samochodami (Ferrari, Lamborghini, Porsche, ...) na torze wy\u015bcigowym i w dzielnicy.","robots":{"index":"index","follow":"follow","max-snippet":"max-snippet:-1","max-image-preview":"max-image-preview:large","max-video-preview":"max-video-preview:-1"},"canonical":"https:\/\/www.legendyuvas.cz\/produkt\/praga-r1t\/","og_locale":"pl_PL","og_type":"article","og_title":"Praga R1T - Legendy U V\u00e1s","og_description":"Do\u015bwiadczenie adrenaliny z Legends U V\u00e1s - oryginalny prezent nie tylko dla m\u0119\u017cczyzn i entuzjast\u00f3w motoryzacji. Jazda sportowymi samochodami (Ferrari, Lamborghini, Porsche, ...) na torze wy\u015bcigowym i w dzielnicy.","og_url":"https:\/\/www.legendyuvas.cz\/produkt\/praga-r1t\/","og_site_name":"Legendy U V\u00e1s","article_publisher":"https:\/\/www.facebook.com\/autolegendyuvas","article_modified_time":"2025-12-27T00:02:38+00:00","og_image":[{"width":1536,"height":1024,"url":"https:\/\/www.legendyuvas.cz\/wp-content\/uploads\/2024\/11\/IMG_3294-1536x1024-1.webp","type":"image\/webp"}],"twitter_card":"summary_large_image","twitter_misc":{"Szacowany czas czytania":"1 minuta"},"schema":{"@context":"https:\/\/schema.org","@graph":[{"@type":"WebPage","@id":"https:\/\/www.legendyuvas.cz\/produkt\/praga-r1t\/","url":"https:\/\/www.legendyuvas.cz\/produkt\/praga-r1t\/","name":"Praga R1T - Legendy U V\u00e1s","isPartOf":{"@id":"https:\/\/www.legendyuvas.cz\/#website"},"primaryImageOfPage":{"@id":"https:\/\/www.legendyuvas.cz\/produkt\/praga-r1t\/#primaryimage"},"image":{"@id":"https:\/\/www.legendyuvas.cz\/produkt\/praga-r1t\/#primaryimage"},"thumbnailUrl":"https:\/\/www.legendyuvas.cz\/wp-content\/uploads\/2024\/11\/IMG_3294-1536x1024-1-1.webp","datePublished":"2024-11-19T08:50:33+00:00","dateModified":"2025-12-27T00:02:38+00:00","description":"Do\u015bwiadczenie adrenaliny z Legends U V\u00e1s - oryginalny prezent nie tylko dla m\u0119\u017cczyzn i entuzjast\u00f3w motoryzacji. Jazda sportowymi samochodami (Ferrari, Lamborghini, Porsche, ...) na torze wy\u015bcigowym i w dzielnicy.","breadcrumb":{"@id":"https:\/\/www.legendyuvas.cz\/produkt\/praga-r1t\/#breadcrumb"},"inLanguage":"pl-PL","potentialAction":[{"@type":"ReadAction","target":["https:\/\/www.legendyuvas.cz\/produkt\/praga-r1t\/"]}]},{"@type":"ImageObject","inLanguage":"pl-PL","@id":"https:\/\/www.legendyuvas.cz\/produkt\/praga-r1t\/#primaryimage","url":"https:\/\/www.legendyuvas.cz\/wp-content\/uploads\/2024\/11\/IMG_3294-1536x1024-1-1.webp","contentUrl":"https:\/\/www.legendyuvas.cz\/wp-content\/uploads\/2024\/11\/IMG_3294-1536x1024-1-1.webp","width":1536,"height":1024},{"@type":"BreadcrumbList","@id":"https:\/\/www.legendyuvas.cz\/produkt\/praga-r1t\/#breadcrumb","itemListElement":[{"@type":"ListItem","position":1,"name":"Dom\u016f","item":"https:\/\/www.legendyuvas.cz\/"},{"@type":"ListItem","position":2,"name":"Sklep","item":"https:\/\/www.legendyuvas.cz\/pl\/sklep\/"},{"@type":"ListItem","position":3,"name":"Praga R1T"}]},{"@type":"WebSite","@id":"https:\/\/www.legendyuvas.cz\/#website","url":"https:\/\/www.legendyuvas.cz\/","name":"Legendy U V\u00e1s","description":"Dechberouc\u00ed z\u00e1\u017eitky v autech a motork\u00e1ch","publisher":{"@id":"https:\/\/www.legendyuvas.cz\/#organization"},"potentialAction":[{"@type":"SearchAction","target":{"@type":"EntryPoint","urlTemplate":"https:\/\/www.legendyuvas.cz\/?s={search_term_string}"},"query-input":{"@type":"PropertyValueSpecification","valueRequired":true,"valueName":"search_term_string"}}],"inLanguage":"pl-PL"},{"@type":"Organization","@id":"https:\/\/www.legendyuvas.cz\/#organization","name":"Bontex2 s.r.o.","url":"https:\/\/www.legendyuvas.cz\/","logo":{"@type":"ImageObject","inLanguage":"pl-PL","@id":"https:\/\/www.legendyuvas.cz\/#\/schema\/logo\/image\/","url":"https:\/\/www.legendyuvas.cz\/wp-content\/uploads\/2021\/03\/Legendy-u-Vas.jpg","contentUrl":"https:\/\/www.legendyuvas.cz\/wp-content\/uploads\/2021\/03\/Legendy-u-Vas.jpg","width":400,"height":240,"caption":"Bontex2 s.r.o."},"image":{"@id":"https:\/\/www.legendyuvas.cz\/#\/schema\/logo\/image\/"},"sameAs":["https:\/\/www.facebook.com\/autolegendyuvas","https:\/\/www.facebook.com\/motolegendyuvas","https:\/\/www.instagram.com\/autolegendyuvas\/","https:\/\/www.instagram.com\/motolegendyuvas\/"]}]}},"_links":{"self":[{"href":"https:\/\/www.legendyuvas.cz\/pl\/wp-json\/wp\/v2\/product\/32272","targetHints":{"allow":["GET"]}}],"collection":[{"href":"https:\/\/www.legendyuvas.cz\/pl\/wp-json\/wp\/v2\/product"}],"about":[{"href":"https:\/\/www.legendyuvas.cz\/pl\/wp-json\/wp\/v2\/types\/product"}],"replies":[{"embeddable":true,"href":"https:\/\/www.legendyuvas.cz\/pl\/wp-json\/wp\/v2\/comments?post=32272"}],"version-history":[{"count":0,"href":"https:\/\/www.legendyuvas.cz\/pl\/wp-json\/wp\/v2\/product\/32272\/revisions"}],"wp:featuredmedia":[{"embeddable":true,"href":"https:\/\/www.legendyuvas.cz\/pl\/wp-json\/wp\/v2\/media\/41491"}],"wp:attachment":[{"href":"https:\/\/www.legendyuvas.cz\/pl\/wp-json\/wp\/v2\/media?parent=32272"}],"wp:term":[{"taxonomy":"product_brand","embeddable":true,"href":"https:\/\/www.legendyuvas.cz\/pl\/wp-json\/wp\/v2\/product_brand?post=32272"},{"taxonomy":"product_cat","embeddable":true,"href":"https:\/\/www.legendyuvas.cz\/pl\/wp-json\/wp\/v2\/product_cat?post=32272"},{"taxonomy":"product_tag","embeddable":true,"href":"https:\/\/www.legendyuvas.cz\/pl\/wp-json\/wp\/v2\/product_tag?post=32272"}],"curies":[{"name":"wp","href":"https:\/\/api.w.org\/{rel}","templated":true}]}}