{"id":32300,"date":"2025-11-26T10:48:32","date_gmt":"2025-11-26T10:48:32","guid":{"rendered":"https:\/\/www.legendyuvas.cz\/produkt\/porsche-911-gt3-rs-992-at\/"},"modified":"2025-12-27T00:02:44","modified_gmt":"2025-12-27T00:02:44","slug":"porsche-911-gt3-rs-992-at","status":"publish","type":"product","link":"https:\/\/www.legendyuvas.cz\/pl\/produkt\/porsche-911-gt3-rs-992-at\/","title":{"rendered":"Porsche 911 GT3 RS 992 (AT)"},"content":{"rendered":"<h1>Maszyna wy\u015bcigowa czystej krwi dla prawdziwych entuzjast\u00f3w<\/h1>\n<p>Do\u015bwiadcz bezkompromisowej mocy i doskona\u0142ej aerodynamiki najostrzejszej wersji kultowego modelu 911! <strong>Porsche 911 GT3 RS (992)<\/strong> to samoch\u00f3d sportowy najwy\u017cszej klasy, przenosz\u0105cy technologi\u0119 prosto ze sport\u00f3w motorowych na tor wy\u015bcigowy. Dzi\u0119ki niezwykle lekkiej konstrukcji, wyrafinowanemu pakietowi aerodynamicznemu i silnikowi, kt\u00f3ry obraca si\u0119 do 9000 obr \/ min, czeka Ci\u0119 jazda, kt\u00f3rej szybko nie zapomnisz.<\/p>\n<p><img fetchpriority=\"high\" decoding=\"async\" class=\"alignnone wp-image-16159 size-full\" src=\"https:\/\/www.legendyuvas.cz\/wp-content\/uploads\/2025\/02\/iris-6.webp\" alt=\"\" width=\"1920\" height=\"1080\" srcset=\"https:\/\/www.legendyuvas.cz\/wp-content\/uploads\/2025\/02\/iris-6.webp 1920w, https:\/\/www.legendyuvas.cz\/wp-content\/uploads\/2025\/02\/iris-6-300x169.webp 300w, https:\/\/www.legendyuvas.cz\/wp-content\/uploads\/2025\/02\/iris-6-1024x576.webp 1024w, https:\/\/www.legendyuvas.cz\/wp-content\/uploads\/2025\/02\/iris-6-768x432.webp 768w, https:\/\/www.legendyuvas.cz\/wp-content\/uploads\/2025\/02\/iris-6-1536x864.webp 1536w, https:\/\/www.legendyuvas.cz\/wp-content\/uploads\/2025\/02\/iris-6-600x338.webp 600w\" sizes=\"(max-width: 1920px) 100vw, 1920px\" \/><\/p>\n<p>Pod mask\u0105 znajduje si\u0119 klimatyczny <strong>czterolitrowy sze\u015bciocylindrowy silnik o mocy 525 KM<\/strong>, kt\u00f3ry przenosi moc na tylne ko\u0142a za po\u015brednictwem <strong>siedmiobiegowej automatycznej skrzyni bieg\u00f3w PDK<\/strong>. Od 0 do 100 km\/h rozp\u0119dza si\u0119 w <strong>zaledwie 3,2 sekundy<\/strong>, a jego pr\u0119dko\u015b\u0107 maksymalna wynosi <strong>296 km\/h<\/strong>. Samoch\u00f3d ten zosta\u0142 zaprojektowany tak, aby zapewni\u0107 maksymaln\u0105 si\u0142\u0119 docisku i stabilno\u015b\u0107 na zakr\u0119tach, co czyni go jednym z najlepszych samochod\u00f3w do jazdy po torze.<\/p>\n<p>&nbsp;<\/p>\n<h1><img decoding=\"async\" class=\"alignnone wp-image-16160 size-full\" src=\"https:\/\/www.legendyuvas.cz\/wp-content\/uploads\/2025\/02\/iris-9.webp\" alt=\"\" width=\"1920\" height=\"1080\" srcset=\"https:\/\/www.legendyuvas.cz\/wp-content\/uploads\/2025\/02\/iris-9.webp 1920w, https:\/\/www.legendyuvas.cz\/wp-content\/uploads\/2025\/02\/iris-9-300x169.webp 300w, https:\/\/www.legendyuvas.cz\/wp-content\/uploads\/2025\/02\/iris-9-1024x576.webp 1024w, https:\/\/www.legendyuvas.cz\/wp-content\/uploads\/2025\/02\/iris-9-768x432.webp 768w, https:\/\/www.legendyuvas.cz\/wp-content\/uploads\/2025\/02\/iris-9-1536x864.webp 1536w, https:\/\/www.legendyuvas.cz\/wp-content\/uploads\/2025\/02\/iris-9-600x338.webp 600w\" sizes=\"(max-width: 1920px) 100vw, 1920px\" \/><\/h1>\n<p>Porsche GT3 RS to nie tylko pr\u0119dko\u015b\u0107, to tak\u017ce <strong>precyzyjne prowadzenie<\/strong>. Ka\u017cdy szczeg\u00f3\u0142 podwozia i element\u00f3w aerodynamicznych zosta\u0142 zaprojektowany z my\u015bl\u0105 o jednym celu &#8211; zapewnieniu doskona\u0142ej przyczepno\u015bci i maksymalnej wydajno\u015bci na torze. Aktywne elementy aerodynamiczne i podwozie inspirowane wy\u015bcigami sprawiaj\u0105, \u017ce czujesz si\u0119 jak prawdziwy kierowca wy\u015bcigowy.<\/p>\n<p>Chcesz do\u015bwiadczy\u0107 <strong>czystego przyp\u0142ywu adrenaliny i poczu\u0107 si\u0119 jak w prawdziwym samochodzie wy\u015bcigowym<\/strong>? Zasi\u0105d\u017a za kierownic\u0105 tej bestii i pozw\u00f3l, aby osi\u0105gi i technologia przekroczy\u0142y granice. <strong>Zarezerwuj jazd\u0119 ju\u017c dzi\u015b i do\u015bwiadcz Porsche GT3 RS na w\u0142asnej sk\u00f3rze!<\/strong><\/p>\n","protected":false},"excerpt":{"rendered":"<p>Wszystkie nasze samochody <strong>mo\u017cesz prowadzi\u0107<\/strong> lub wybra\u0107 jazd\u0119 jako pilot z kierowc\u0105 wy\u015bcigowym.<\/p>\n<p>\ud83d\udc49 Nie ryzykujesz. Do 15 stycznia mo\u017cesz <strong>bezp\u0142atnie wymieni\u0107 lub ca\u0142kowicie zwr\u00f3ci\u0107 produkt<\/strong>, a my niezw\u0142ocznie zwr\u00f3cimy Ci pieni\u0105dze. \ud83c\udf81<\/p>\n<p>Obowi\u0105zuje przy zakupach od 1.11. do 31.12. 2025 r.<\/p>\n","protected":false},"featured_media":41246,"comment_status":"open","ping_status":"closed","template":"","meta":[],"product_brand":[],"product_cat":[452],"product_tag":[],"class_list":{"0":"post-32300","1":"product","2":"type-product","3":"status-publish","4":"has-post-thumbnail","6":"product_cat-auta","8":"first","9":"instock","10":"shipping-taxable","11":"purchasable","12":"product-type-variable"},"yoast_head":"<!-- This site is optimized with the Yoast SEO plugin v24.8.1 - https:\/\/yoast.com\/wordpress\/plugins\/seo\/ -->\n<title>Porsche 911 GT3 RS 992 (AT) - Legendy U V\u00e1s<\/title>\n<meta name=\"description\" content=\"Do\u015bwiadczenie adrenaliny z Legendy U V\u00e1s - oryginalny prezent nie tylko dla m\u0119\u017cczyzn i entuzjast\u00f3w motoryzacji. Jazda sportowymi samochodami (Ferrari, Lamborghini, Porsche, ...) na torze wy\u015bcigowym i w dzielnicy.\" \/>\n<meta name=\"robots\" content=\"index, follow, max-snippet:-1, max-image-preview:large, max-video-preview:-1\" \/>\n<link rel=\"canonical\" href=\"https:\/\/www.legendyuvas.cz\/produkt\/porsche-911-gt3-rs-992\/\" \/>\n<meta property=\"og:locale\" content=\"pl_PL\" \/>\n<meta property=\"og:type\" content=\"article\" \/>\n<meta property=\"og:title\" content=\"Porsche 911 GT3 RS 992 (AT) - Legendy U V\u00e1s\" \/>\n<meta property=\"og:description\" content=\"Do\u015bwiadczenie adrenaliny z Legendy U V\u00e1s - oryginalny prezent nie tylko dla m\u0119\u017cczyzn i entuzjast\u00f3w motoryzacji. Jazda sportowymi samochodami (Ferrari, Lamborghini, Porsche, ...) na torze wy\u015bcigowym i w dzielnicy.\" \/>\n<meta property=\"og:url\" content=\"https:\/\/www.legendyuvas.cz\/produkt\/porsche-911-gt3-rs-992\/\" \/>\n<meta property=\"og:site_name\" content=\"Legendy U V\u00e1s\" \/>\n<meta property=\"article:publisher\" content=\"https:\/\/www.facebook.com\/autolegendyuvas\" \/>\n<meta property=\"article:modified_time\" content=\"2025-12-27T00:02:44+00:00\" \/>\n<meta property=\"og:image\" content=\"https:\/\/www.legendyuvas.cz\/wp-content\/uploads\/2025\/02\/Navrh-bez-nazvu-1.jpg\" \/>\n\t<meta property=\"og:image:width\" content=\"2048\" \/>\n\t<meta property=\"og:image:height\" content=\"1365\" \/>\n\t<meta property=\"og:image:type\" content=\"image\/jpeg\" \/>\n<meta name=\"twitter:card\" content=\"summary_large_image\" \/>\n<meta name=\"twitter:label1\" content=\"Szacowany czas czytania\" \/>\n\t<meta name=\"twitter:data1\" content=\"1 minuta\" \/>\n<script type=\"application\/ld+json\" class=\"yoast-schema-graph\">{\"@context\":\"https:\/\/schema.org\",\"@graph\":[{\"@type\":\"WebPage\",\"@id\":\"https:\/\/www.legendyuvas.cz\/produkt\/porsche-911-gt3-rs-992\/\",\"url\":\"https:\/\/www.legendyuvas.cz\/produkt\/porsche-911-gt3-rs-992\/\",\"name\":\"Porsche 911 GT3 RS 992 (AT) - Legendy U V\u00e1s\",\"isPartOf\":{\"@id\":\"https:\/\/www.legendyuvas.cz\/#website\"},\"primaryImageOfPage\":{\"@id\":\"https:\/\/www.legendyuvas.cz\/produkt\/porsche-911-gt3-rs-992\/#primaryimage\"},\"image\":{\"@id\":\"https:\/\/www.legendyuvas.cz\/produkt\/porsche-911-gt3-rs-992\/#primaryimage\"},\"thumbnailUrl\":\"https:\/\/www.legendyuvas.cz\/wp-content\/uploads\/2025\/11\/DSC_0755-scaled-1.webp\",\"datePublished\":\"2025-11-26T10:48:32+00:00\",\"dateModified\":\"2025-12-27T00:02:44+00:00\",\"description\":\"Do\u015bwiadczenie adrenaliny z Legendy U V\u00e1s - oryginalny prezent nie tylko dla m\u0119\u017cczyzn i entuzjast\u00f3w motoryzacji. Jazda sportowymi samochodami (Ferrari, Lamborghini, Porsche, ...) na torze wy\u015bcigowym i w dzielnicy.\",\"breadcrumb\":{\"@id\":\"https:\/\/www.legendyuvas.cz\/produkt\/porsche-911-gt3-rs-992\/#breadcrumb\"},\"inLanguage\":\"pl-PL\",\"potentialAction\":[{\"@type\":\"ReadAction\",\"target\":[\"https:\/\/www.legendyuvas.cz\/produkt\/porsche-911-gt3-rs-992\/\"]}]},{\"@type\":\"ImageObject\",\"inLanguage\":\"pl-PL\",\"@id\":\"https:\/\/www.legendyuvas.cz\/produkt\/porsche-911-gt3-rs-992\/#primaryimage\",\"url\":\"https:\/\/www.legendyuvas.cz\/wp-content\/uploads\/2025\/11\/DSC_0755-scaled-1.webp\",\"contentUrl\":\"https:\/\/www.legendyuvas.cz\/wp-content\/uploads\/2025\/11\/DSC_0755-scaled-1.webp\",\"width\":2560,\"height\":1707},{\"@type\":\"BreadcrumbList\",\"@id\":\"https:\/\/www.legendyuvas.cz\/produkt\/porsche-911-gt3-rs-992\/#breadcrumb\",\"itemListElement\":[{\"@type\":\"ListItem\",\"position\":1,\"name\":\"Dom\u016f\",\"item\":\"https:\/\/www.legendyuvas.cz\/\"},{\"@type\":\"ListItem\",\"position\":2,\"name\":\"Sklep\",\"item\":\"https:\/\/www.legendyuvas.cz\/pl\/sklep\/\"},{\"@type\":\"ListItem\",\"position\":3,\"name\":\"Porsche 911 GT3 RS 992 (AT)\"}]},{\"@type\":\"WebSite\",\"@id\":\"https:\/\/www.legendyuvas.cz\/#website\",\"url\":\"https:\/\/www.legendyuvas.cz\/\",\"name\":\"Legendy U V\u00e1s\",\"description\":\"Dechberouc\u00ed z\u00e1\u017eitky v autech a motork\u00e1ch\",\"publisher\":{\"@id\":\"https:\/\/www.legendyuvas.cz\/#organization\"},\"potentialAction\":[{\"@type\":\"SearchAction\",\"target\":{\"@type\":\"EntryPoint\",\"urlTemplate\":\"https:\/\/www.legendyuvas.cz\/?s={search_term_string}\"},\"query-input\":{\"@type\":\"PropertyValueSpecification\",\"valueRequired\":true,\"valueName\":\"search_term_string\"}}],\"inLanguage\":\"pl-PL\"},{\"@type\":\"Organization\",\"@id\":\"https:\/\/www.legendyuvas.cz\/#organization\",\"name\":\"Bontex2 s.r.o.\",\"url\":\"https:\/\/www.legendyuvas.cz\/\",\"logo\":{\"@type\":\"ImageObject\",\"inLanguage\":\"pl-PL\",\"@id\":\"https:\/\/www.legendyuvas.cz\/#\/schema\/logo\/image\/\",\"url\":\"https:\/\/www.legendyuvas.cz\/wp-content\/uploads\/2021\/03\/Legendy-u-Vas.jpg\",\"contentUrl\":\"https:\/\/www.legendyuvas.cz\/wp-content\/uploads\/2021\/03\/Legendy-u-Vas.jpg\",\"width\":400,\"height\":240,\"caption\":\"Bontex2 s.r.o.\"},\"image\":{\"@id\":\"https:\/\/www.legendyuvas.cz\/#\/schema\/logo\/image\/\"},\"sameAs\":[\"https:\/\/www.facebook.com\/autolegendyuvas\",\"https:\/\/www.facebook.com\/motolegendyuvas\",\"https:\/\/www.instagram.com\/autolegendyuvas\/\",\"https:\/\/www.instagram.com\/motolegendyuvas\/\"]}]}<\/script>\n<!-- \/ Yoast SEO plugin. -->","yoast_head_json":{"title":"Porsche 911 GT3 RS 992 (AT) - Legendy U V\u00e1s","description":"Do\u015bwiadczenie adrenaliny z Legendy U V\u00e1s - oryginalny prezent nie tylko dla m\u0119\u017cczyzn i entuzjast\u00f3w motoryzacji. Jazda sportowymi samochodami (Ferrari, Lamborghini, Porsche, ...) na torze wy\u015bcigowym i w dzielnicy.","robots":{"index":"index","follow":"follow","max-snippet":"max-snippet:-1","max-image-preview":"max-image-preview:large","max-video-preview":"max-video-preview:-1"},"canonical":"https:\/\/www.legendyuvas.cz\/produkt\/porsche-911-gt3-rs-992\/","og_locale":"pl_PL","og_type":"article","og_title":"Porsche 911 GT3 RS 992 (AT) - Legendy U V\u00e1s","og_description":"Do\u015bwiadczenie adrenaliny z Legendy U V\u00e1s - oryginalny prezent nie tylko dla m\u0119\u017cczyzn i entuzjast\u00f3w motoryzacji. Jazda sportowymi samochodami (Ferrari, Lamborghini, Porsche, ...) na torze wy\u015bcigowym i w dzielnicy.","og_url":"https:\/\/www.legendyuvas.cz\/produkt\/porsche-911-gt3-rs-992\/","og_site_name":"Legendy U V\u00e1s","article_publisher":"https:\/\/www.facebook.com\/autolegendyuvas","article_modified_time":"2025-12-27T00:02:44+00:00","og_image":[{"width":2048,"height":1365,"url":"https:\/\/www.legendyuvas.cz\/wp-content\/uploads\/2025\/02\/Navrh-bez-nazvu-1.jpg","type":"image\/jpeg"}],"twitter_card":"summary_large_image","twitter_misc":{"Szacowany czas czytania":"1 minuta"},"schema":{"@context":"https:\/\/schema.org","@graph":[{"@type":"WebPage","@id":"https:\/\/www.legendyuvas.cz\/produkt\/porsche-911-gt3-rs-992\/","url":"https:\/\/www.legendyuvas.cz\/produkt\/porsche-911-gt3-rs-992\/","name":"Porsche 911 GT3 RS 992 (AT) - Legendy U V\u00e1s","isPartOf":{"@id":"https:\/\/www.legendyuvas.cz\/#website"},"primaryImageOfPage":{"@id":"https:\/\/www.legendyuvas.cz\/produkt\/porsche-911-gt3-rs-992\/#primaryimage"},"image":{"@id":"https:\/\/www.legendyuvas.cz\/produkt\/porsche-911-gt3-rs-992\/#primaryimage"},"thumbnailUrl":"https:\/\/www.legendyuvas.cz\/wp-content\/uploads\/2025\/11\/DSC_0755-scaled-1.webp","datePublished":"2025-11-26T10:48:32+00:00","dateModified":"2025-12-27T00:02:44+00:00","description":"Do\u015bwiadczenie adrenaliny z Legendy U V\u00e1s - oryginalny prezent nie tylko dla m\u0119\u017cczyzn i entuzjast\u00f3w motoryzacji. Jazda sportowymi samochodami (Ferrari, Lamborghini, Porsche, ...) na torze wy\u015bcigowym i w dzielnicy.","breadcrumb":{"@id":"https:\/\/www.legendyuvas.cz\/produkt\/porsche-911-gt3-rs-992\/#breadcrumb"},"inLanguage":"pl-PL","potentialAction":[{"@type":"ReadAction","target":["https:\/\/www.legendyuvas.cz\/produkt\/porsche-911-gt3-rs-992\/"]}]},{"@type":"ImageObject","inLanguage":"pl-PL","@id":"https:\/\/www.legendyuvas.cz\/produkt\/porsche-911-gt3-rs-992\/#primaryimage","url":"https:\/\/www.legendyuvas.cz\/wp-content\/uploads\/2025\/11\/DSC_0755-scaled-1.webp","contentUrl":"https:\/\/www.legendyuvas.cz\/wp-content\/uploads\/2025\/11\/DSC_0755-scaled-1.webp","width":2560,"height":1707},{"@type":"BreadcrumbList","@id":"https:\/\/www.legendyuvas.cz\/produkt\/porsche-911-gt3-rs-992\/#breadcrumb","itemListElement":[{"@type":"ListItem","position":1,"name":"Dom\u016f","item":"https:\/\/www.legendyuvas.cz\/"},{"@type":"ListItem","position":2,"name":"Sklep","item":"https:\/\/www.legendyuvas.cz\/pl\/sklep\/"},{"@type":"ListItem","position":3,"name":"Porsche 911 GT3 RS 992 (AT)"}]},{"@type":"WebSite","@id":"https:\/\/www.legendyuvas.cz\/#website","url":"https:\/\/www.legendyuvas.cz\/","name":"Legendy U V\u00e1s","description":"Dechberouc\u00ed z\u00e1\u017eitky v autech a motork\u00e1ch","publisher":{"@id":"https:\/\/www.legendyuvas.cz\/#organization"},"potentialAction":[{"@type":"SearchAction","target":{"@type":"EntryPoint","urlTemplate":"https:\/\/www.legendyuvas.cz\/?s={search_term_string}"},"query-input":{"@type":"PropertyValueSpecification","valueRequired":true,"valueName":"search_term_string"}}],"inLanguage":"pl-PL"},{"@type":"Organization","@id":"https:\/\/www.legendyuvas.cz\/#organization","name":"Bontex2 s.r.o.","url":"https:\/\/www.legendyuvas.cz\/","logo":{"@type":"ImageObject","inLanguage":"pl-PL","@id":"https:\/\/www.legendyuvas.cz\/#\/schema\/logo\/image\/","url":"https:\/\/www.legendyuvas.cz\/wp-content\/uploads\/2021\/03\/Legendy-u-Vas.jpg","contentUrl":"https:\/\/www.legendyuvas.cz\/wp-content\/uploads\/2021\/03\/Legendy-u-Vas.jpg","width":400,"height":240,"caption":"Bontex2 s.r.o."},"image":{"@id":"https:\/\/www.legendyuvas.cz\/#\/schema\/logo\/image\/"},"sameAs":["https:\/\/www.facebook.com\/autolegendyuvas","https:\/\/www.facebook.com\/motolegendyuvas","https:\/\/www.instagram.com\/autolegendyuvas\/","https:\/\/www.instagram.com\/motolegendyuvas\/"]}]}},"_links":{"self":[{"href":"https:\/\/www.legendyuvas.cz\/pl\/wp-json\/wp\/v2\/product\/32300","targetHints":{"allow":["GET"]}}],"collection":[{"href":"https:\/\/www.legendyuvas.cz\/pl\/wp-json\/wp\/v2\/product"}],"about":[{"href":"https:\/\/www.legendyuvas.cz\/pl\/wp-json\/wp\/v2\/types\/product"}],"replies":[{"embeddable":true,"href":"https:\/\/www.legendyuvas.cz\/pl\/wp-json\/wp\/v2\/comments?post=32300"}],"version-history":[{"count":2,"href":"https:\/\/www.legendyuvas.cz\/pl\/wp-json\/wp\/v2\/product\/32300\/revisions"}],"predecessor-version":[{"id":40379,"href":"https:\/\/www.legendyuvas.cz\/pl\/wp-json\/wp\/v2\/product\/32300\/revisions\/40379"}],"wp:featuredmedia":[{"embeddable":true,"href":"https:\/\/www.legendyuvas.cz\/pl\/wp-json\/wp\/v2\/media\/41246"}],"wp:attachment":[{"href":"https:\/\/www.legendyuvas.cz\/pl\/wp-json\/wp\/v2\/media?parent=32300"}],"wp:term":[{"taxonomy":"product_brand","embeddable":true,"href":"https:\/\/www.legendyuvas.cz\/pl\/wp-json\/wp\/v2\/product_brand?post=32300"},{"taxonomy":"product_cat","embeddable":true,"href":"https:\/\/www.legendyuvas.cz\/pl\/wp-json\/wp\/v2\/product_cat?post=32300"},{"taxonomy":"product_tag","embeddable":true,"href":"https:\/\/www.legendyuvas.cz\/pl\/wp-json\/wp\/v2\/product_tag?post=32300"}],"curies":[{"name":"wp","href":"https:\/\/api.w.org\/{rel}","templated":true}]}}