{"id":32726,"date":"2024-11-19T08:52:24","date_gmt":"2024-11-19T08:52:24","guid":{"rendered":"https:\/\/www.legendyuvas.cz\/?post_type=product&#038;p=32726"},"modified":"2025-12-27T00:02:50","modified_gmt":"2025-12-27T00:02:50","slug":"ferrari-f12-at","status":"publish","type":"product","link":"https:\/\/www.legendyuvas.cz\/pl\/produkt\/ferrari-f12-at\/","title":{"rendered":"Ferrari F12 (AT)"},"content":{"rendered":"<h1>Ferrari F12 \u2013 si\u0142a, elegancja, emocje<\/h1>\n<p> Ferrari F12 Berlinetta to esencja w\u0142oskiej szko\u0142y supersamochod\u00f3w \u2013 surowa moc, precyzyjna technika i zapieraj\u0105cy dech w piersiach design. Pod mask\u0105 kryje si\u0119 wolnoss\u0105cy <strong data-start=\"393\" data-end=\"413\">silnik 6.3 V12 NA<\/strong> o mocy <strong data-start=\"423\" data-end=\"433\">780 PS<\/strong>, kt\u00f3ry przekazuje si\u0142\u0119 na tyln\u0105 o\u015b poprzez <strong data-start=\"477\" data-end=\"534\">7-biegow\u0105 automatyczn\u0105 skrzyni\u0119 bieg\u00f3w z podw\u00f3jnym sprz\u0119g\u0142em<\/strong>. Efektem jest eksplozja emocji przy ka\u017cdym naci\u015bni\u0119ciu gazu. Przyspieszenie od 0 do 100 km\/h zajmuje zaledwie kilka sekund, a d\u017awi\u0119k dwunastocylindrowego silnika nale\u017cy do najbardziej charyzmatycznych w \u015bwiecie motoryzacji. <img fetchpriority=\"high\" decoding=\"async\" class=\"alignnone wp-image-30566 size-full\" src=\"https:\/\/www.legendyuvas.cz\/wp-content\/uploads\/2025\/10\/DSC03413-scaled.jpg\" alt=\"\" width=\"2560\" height=\"1707\" srcset=\"https:\/\/www.legendyuvas.cz\/wp-content\/uploads\/2025\/10\/DSC03413-scaled.jpg 2560w, https:\/\/www.legendyuvas.cz\/wp-content\/uploads\/2025\/10\/DSC03413-300x200.jpg 300w, https:\/\/www.legendyuvas.cz\/wp-content\/uploads\/2025\/10\/DSC03413-1024x683.jpg 1024w, https:\/\/www.legendyuvas.cz\/wp-content\/uploads\/2025\/10\/DSC03413-768x512.jpg 768w, https:\/\/www.legendyuvas.cz\/wp-content\/uploads\/2025\/10\/DSC03413-1536x1024.jpg 1536w, https:\/\/www.legendyuvas.cz\/wp-content\/uploads\/2025\/10\/DSC03413-2048x1365.jpg 2048w, https:\/\/www.legendyuvas.cz\/wp-content\/uploads\/2025\/10\/DSC03413-600x400.jpg 600w\" sizes=\"(max-width: 2560px) 100vw, 2560px\" \/><\/p>\n<p>Aerodynamika powsta\u0142a we wsp\u00f3\u0142pracy Ferrari Styling Centre i Pininfariny \u2013 kszta\u0142t nadwozia jest jednocze\u015bnie funkcjonalny i pi\u0119kny. Aluminiowa konstrukcja, precyzyjne wywa\u017cenie masy i nap\u0119d na tylne ko\u0142a zapewniaj\u0105 doskona\u0142\u0105 kontrol\u0119 nawet przy ekstremalnych pr\u0119dko\u015bciach. Ten konkretny egzemplarz zosta\u0142 dodatkowo wyposa\u017cony w <strong data-start=\"1053\" data-end=\"1097\">zmodyfikowany uk\u0142ad wydechowy FI Exhaust<\/strong>, kt\u00f3ry wynosi d\u017awi\u0119kowe doznania na nowy poziom, oraz <strong data-start=\"1160\" data-end=\"1187\">obni\u017cone spr\u0119\u017cyny Novitec<\/strong>, <strong data-start=\"1189\" data-end=\"1222\">kute felgi Novitec (21&#8243;\/22&#8243;)<\/strong> i <strong data-start=\"1225\" data-end=\"1254\">karbonowe dodatki Novitec<\/strong>, podkre\u015blaj\u0105ce sportowy charakter auta.<\/p>\n<h1><img decoding=\"async\" class=\"alignnone wp-image-30571 size-full\" src=\"https:\/\/www.legendyuvas.cz\/wp-content\/uploads\/2025\/10\/DSC03428-scaled.jpg\" alt=\"\" width=\"2560\" height=\"1707\" srcset=\"https:\/\/www.legendyuvas.cz\/wp-content\/uploads\/2025\/10\/DSC03428-scaled.jpg 2560w, https:\/\/www.legendyuvas.cz\/wp-content\/uploads\/2025\/10\/DSC03428-300x200.jpg 300w, https:\/\/www.legendyuvas.cz\/wp-content\/uploads\/2025\/10\/DSC03428-1024x683.jpg 1024w, https:\/\/www.legendyuvas.cz\/wp-content\/uploads\/2025\/10\/DSC03428-768x512.jpg 768w, https:\/\/www.legendyuvas.cz\/wp-content\/uploads\/2025\/10\/DSC03428-1536x1024.jpg 1536w, https:\/\/www.legendyuvas.cz\/wp-content\/uploads\/2025\/10\/DSC03428-2048x1365.jpg 2048w, https:\/\/www.legendyuvas.cz\/wp-content\/uploads\/2025\/10\/DSC03428-600x400.jpg 600w\" sizes=\"(max-width: 2560px) 100vw, 2560px\" \/><\/h1>\n<p> W tej specyfikacji jest to <strong data-start=\"1347\" data-end=\"1370\">jedyny egzemplarz na \u015bwiecie<\/strong> \u2013 <strong data-start=\"1373\" data-end=\"1393\">FULL Carbon spec<\/strong> z po\u0142\u0105czeniem ekskluzywnych komponent\u00f3w Novitec i unikalnych modyfikacji, kt\u00f3re czyni\u0105 to Ferrari F12 absolutnym orygina\u0142em. Rok produkcji <strong data-start=\"1520\" data-end=\"1528\">2013<\/strong> zamyka er\u0119 prawdziwych wolnoss\u0105cych V12, definiuj\u0105cych DNA marki Ferrari. Ka\u017cde spojrzenie i ka\u017cdy obr\u00f3t kluczyka przypomina, dlaczego supersamochody z Maranello sta\u0142y si\u0119 legend\u0105.<\/p>\n","protected":false},"excerpt":{"rendered":"<p>Wszystkie nasze samochody <strong>mo\u017cecie prowadzi\u0107<\/strong> lub wybra\u0107 opcj\u0119 jazdy jako pasa\u017cer z kierowc\u0105 wy\u015bcigowym.<\/p>\n","protected":false},"featured_media":30564,"comment_status":"open","ping_status":"closed","template":"","meta":[],"product_brand":[],"product_cat":[452],"product_tag":[],"class_list":{"0":"post-32726","1":"product","2":"type-product","3":"status-publish","4":"has-post-thumbnail","6":"product_cat-auta","8":"first","9":"instock","10":"shipping-taxable","11":"purchasable","12":"product-type-variable"},"yoast_head":"<!-- This site is optimized with the Yoast SEO plugin v24.8.1 - https:\/\/yoast.com\/wordpress\/plugins\/seo\/ -->\n<title>Ferrari F12 (AT) - Legendy U V\u00e1s<\/title>\n<meta name=\"description\" content=\"Adrenalina wra\u017ce\u0144 z Legendy u V\u00e1s \u2013 oryginalny prezent nie tylko dla m\u0119\u017cczyzn i mi\u0142o\u015bnik\u00f3w motoryzacji. Jazda samochodami sportowymi (Ferrari, Lamborghini, Porsche, ...) po torze wy\u015bcigowym i drogach publicznych.\" \/>\n<meta name=\"robots\" content=\"index, follow, max-snippet:-1, max-image-preview:large, max-video-preview:-1\" \/>\n<link rel=\"canonical\" href=\"https:\/\/www.legendyuvas.cz\/?post_type=product&p=30615\" \/>\n<meta property=\"og:locale\" content=\"pl_PL\" \/>\n<meta property=\"og:type\" content=\"article\" \/>\n<meta property=\"og:title\" content=\"Ferrari F12 (AT) - Legendy U V\u00e1s\" \/>\n<meta property=\"og:description\" content=\"Adrenalina wra\u017ce\u0144 z Legendy u V\u00e1s \u2013 oryginalny prezent nie tylko dla m\u0119\u017cczyzn i mi\u0142o\u015bnik\u00f3w motoryzacji. Jazda samochodami sportowymi (Ferrari, Lamborghini, Porsche, ...) po torze wy\u015bcigowym i drogach publicznych.\" \/>\n<meta property=\"og:url\" content=\"https:\/\/www.legendyuvas.cz\/?post_type=product&amp;p=30615\" \/>\n<meta property=\"og:site_name\" content=\"Legendy U V\u00e1s\" \/>\n<meta property=\"article:publisher\" content=\"https:\/\/www.facebook.com\/autolegendyuvas\" \/>\n<meta property=\"article:modified_time\" content=\"2025-12-27T00:02:50+00:00\" \/>\n<meta property=\"og:image\" content=\"https:\/\/www.legendyuvas.cz\/wp-content\/uploads\/2025\/10\/DSC03399-scaled.jpg\" \/>\n\t<meta property=\"og:image:width\" content=\"2560\" \/>\n\t<meta property=\"og:image:height\" content=\"1707\" \/>\n\t<meta property=\"og:image:type\" content=\"image\/jpeg\" \/>\n<meta name=\"twitter:card\" content=\"summary_large_image\" \/>\n<meta name=\"twitter:label1\" content=\"Szacowany czas czytania\" \/>\n\t<meta name=\"twitter:data1\" content=\"1 minuta\" \/>\n<script type=\"application\/ld+json\" class=\"yoast-schema-graph\">{\"@context\":\"https:\/\/schema.org\",\"@graph\":[{\"@type\":\"WebPage\",\"@id\":\"https:\/\/www.legendyuvas.cz\/?post_type=product&p=30615\",\"url\":\"https:\/\/www.legendyuvas.cz\/?post_type=product&p=30615\",\"name\":\"Ferrari F12 (AT) - Legendy U V\u00e1s\",\"isPartOf\":{\"@id\":\"https:\/\/www.legendyuvas.cz\/#website\"},\"primaryImageOfPage\":{\"@id\":\"https:\/\/www.legendyuvas.cz\/?post_type=product&p=30615#primaryimage\"},\"image\":{\"@id\":\"https:\/\/www.legendyuvas.cz\/?post_type=product&p=30615#primaryimage\"},\"thumbnailUrl\":\"https:\/\/www.legendyuvas.cz\/wp-content\/uploads\/2025\/10\/DSC03399-scaled.jpg\",\"datePublished\":\"2024-11-19T08:52:24+00:00\",\"dateModified\":\"2025-12-27T00:02:50+00:00\",\"description\":\"Adrenalina wra\u017ce\u0144 z Legendy u V\u00e1s \u2013 oryginalny prezent nie tylko dla m\u0119\u017cczyzn i mi\u0142o\u015bnik\u00f3w motoryzacji. Jazda samochodami sportowymi (Ferrari, Lamborghini, Porsche, ...) po torze wy\u015bcigowym i drogach publicznych.\",\"breadcrumb\":{\"@id\":\"https:\/\/www.legendyuvas.cz\/?post_type=product&p=30615#breadcrumb\"},\"inLanguage\":\"pl-PL\",\"potentialAction\":[{\"@type\":\"ReadAction\",\"target\":[\"https:\/\/www.legendyuvas.cz\/?post_type=product&p=30615\"]}]},{\"@type\":\"ImageObject\",\"inLanguage\":\"pl-PL\",\"@id\":\"https:\/\/www.legendyuvas.cz\/?post_type=product&p=30615#primaryimage\",\"url\":\"https:\/\/www.legendyuvas.cz\/wp-content\/uploads\/2025\/10\/DSC03399-scaled.jpg\",\"contentUrl\":\"https:\/\/www.legendyuvas.cz\/wp-content\/uploads\/2025\/10\/DSC03399-scaled.jpg\",\"width\":2560,\"height\":1707},{\"@type\":\"BreadcrumbList\",\"@id\":\"https:\/\/www.legendyuvas.cz\/?post_type=product&p=30615#breadcrumb\",\"itemListElement\":[{\"@type\":\"ListItem\",\"position\":1,\"name\":\"Dom\u016f\",\"item\":\"https:\/\/www.legendyuvas.cz\/\"},{\"@type\":\"ListItem\",\"position\":2,\"name\":\"Sklep\",\"item\":\"https:\/\/www.legendyuvas.cz\/pl\/sklep\/\"},{\"@type\":\"ListItem\",\"position\":3,\"name\":\"Ferrari F12 (AT)\"}]},{\"@type\":\"WebSite\",\"@id\":\"https:\/\/www.legendyuvas.cz\/#website\",\"url\":\"https:\/\/www.legendyuvas.cz\/\",\"name\":\"Legendy U V\u00e1s\",\"description\":\"Dechberouc\u00ed z\u00e1\u017eitky v autech a motork\u00e1ch\",\"publisher\":{\"@id\":\"https:\/\/www.legendyuvas.cz\/#organization\"},\"potentialAction\":[{\"@type\":\"SearchAction\",\"target\":{\"@type\":\"EntryPoint\",\"urlTemplate\":\"https:\/\/www.legendyuvas.cz\/?s={search_term_string}\"},\"query-input\":{\"@type\":\"PropertyValueSpecification\",\"valueRequired\":true,\"valueName\":\"search_term_string\"}}],\"inLanguage\":\"pl-PL\"},{\"@type\":\"Organization\",\"@id\":\"https:\/\/www.legendyuvas.cz\/#organization\",\"name\":\"Bontex2 s.r.o.\",\"url\":\"https:\/\/www.legendyuvas.cz\/\",\"logo\":{\"@type\":\"ImageObject\",\"inLanguage\":\"pl-PL\",\"@id\":\"https:\/\/www.legendyuvas.cz\/#\/schema\/logo\/image\/\",\"url\":\"https:\/\/www.legendyuvas.cz\/wp-content\/uploads\/2021\/03\/Legendy-u-Vas.jpg\",\"contentUrl\":\"https:\/\/www.legendyuvas.cz\/wp-content\/uploads\/2021\/03\/Legendy-u-Vas.jpg\",\"width\":400,\"height\":240,\"caption\":\"Bontex2 s.r.o.\"},\"image\":{\"@id\":\"https:\/\/www.legendyuvas.cz\/#\/schema\/logo\/image\/\"},\"sameAs\":[\"https:\/\/www.facebook.com\/autolegendyuvas\",\"https:\/\/www.facebook.com\/motolegendyuvas\",\"https:\/\/www.instagram.com\/autolegendyuvas\/\",\"https:\/\/www.instagram.com\/motolegendyuvas\/\"]}]}<\/script>\n<!-- \/ Yoast SEO plugin. -->","yoast_head_json":{"title":"Ferrari F12 (AT) - Legendy U V\u00e1s","description":"Adrenalina wra\u017ce\u0144 z Legendy u V\u00e1s \u2013 oryginalny prezent nie tylko dla m\u0119\u017cczyzn i mi\u0142o\u015bnik\u00f3w motoryzacji. Jazda samochodami sportowymi (Ferrari, Lamborghini, Porsche, ...) po torze wy\u015bcigowym i drogach publicznych.","robots":{"index":"index","follow":"follow","max-snippet":"max-snippet:-1","max-image-preview":"max-image-preview:large","max-video-preview":"max-video-preview:-1"},"canonical":"https:\/\/www.legendyuvas.cz\/?post_type=product&p=30615","og_locale":"pl_PL","og_type":"article","og_title":"Ferrari F12 (AT) - Legendy U V\u00e1s","og_description":"Adrenalina wra\u017ce\u0144 z Legendy u V\u00e1s \u2013 oryginalny prezent nie tylko dla m\u0119\u017cczyzn i mi\u0142o\u015bnik\u00f3w motoryzacji. Jazda samochodami sportowymi (Ferrari, Lamborghini, Porsche, ...) po torze wy\u015bcigowym i drogach publicznych.","og_url":"https:\/\/www.legendyuvas.cz\/?post_type=product&p=30615","og_site_name":"Legendy U V\u00e1s","article_publisher":"https:\/\/www.facebook.com\/autolegendyuvas","article_modified_time":"2025-12-27T00:02:50+00:00","og_image":[{"width":2560,"height":1707,"url":"https:\/\/www.legendyuvas.cz\/wp-content\/uploads\/2025\/10\/DSC03399-scaled.jpg","type":"image\/jpeg"}],"twitter_card":"summary_large_image","twitter_misc":{"Szacowany czas czytania":"1 minuta"},"schema":{"@context":"https:\/\/schema.org","@graph":[{"@type":"WebPage","@id":"https:\/\/www.legendyuvas.cz\/?post_type=product&p=30615","url":"https:\/\/www.legendyuvas.cz\/?post_type=product&p=30615","name":"Ferrari F12 (AT) - Legendy U V\u00e1s","isPartOf":{"@id":"https:\/\/www.legendyuvas.cz\/#website"},"primaryImageOfPage":{"@id":"https:\/\/www.legendyuvas.cz\/?post_type=product&p=30615#primaryimage"},"image":{"@id":"https:\/\/www.legendyuvas.cz\/?post_type=product&p=30615#primaryimage"},"thumbnailUrl":"https:\/\/www.legendyuvas.cz\/wp-content\/uploads\/2025\/10\/DSC03399-scaled.jpg","datePublished":"2024-11-19T08:52:24+00:00","dateModified":"2025-12-27T00:02:50+00:00","description":"Adrenalina wra\u017ce\u0144 z Legendy u V\u00e1s \u2013 oryginalny prezent nie tylko dla m\u0119\u017cczyzn i mi\u0142o\u015bnik\u00f3w motoryzacji. Jazda samochodami sportowymi (Ferrari, Lamborghini, Porsche, ...) po torze wy\u015bcigowym i drogach publicznych.","breadcrumb":{"@id":"https:\/\/www.legendyuvas.cz\/?post_type=product&p=30615#breadcrumb"},"inLanguage":"pl-PL","potentialAction":[{"@type":"ReadAction","target":["https:\/\/www.legendyuvas.cz\/?post_type=product&p=30615"]}]},{"@type":"ImageObject","inLanguage":"pl-PL","@id":"https:\/\/www.legendyuvas.cz\/?post_type=product&p=30615#primaryimage","url":"https:\/\/www.legendyuvas.cz\/wp-content\/uploads\/2025\/10\/DSC03399-scaled.jpg","contentUrl":"https:\/\/www.legendyuvas.cz\/wp-content\/uploads\/2025\/10\/DSC03399-scaled.jpg","width":2560,"height":1707},{"@type":"BreadcrumbList","@id":"https:\/\/www.legendyuvas.cz\/?post_type=product&p=30615#breadcrumb","itemListElement":[{"@type":"ListItem","position":1,"name":"Dom\u016f","item":"https:\/\/www.legendyuvas.cz\/"},{"@type":"ListItem","position":2,"name":"Sklep","item":"https:\/\/www.legendyuvas.cz\/pl\/sklep\/"},{"@type":"ListItem","position":3,"name":"Ferrari F12 (AT)"}]},{"@type":"WebSite","@id":"https:\/\/www.legendyuvas.cz\/#website","url":"https:\/\/www.legendyuvas.cz\/","name":"Legendy U V\u00e1s","description":"Dechberouc\u00ed z\u00e1\u017eitky v autech a motork\u00e1ch","publisher":{"@id":"https:\/\/www.legendyuvas.cz\/#organization"},"potentialAction":[{"@type":"SearchAction","target":{"@type":"EntryPoint","urlTemplate":"https:\/\/www.legendyuvas.cz\/?s={search_term_string}"},"query-input":{"@type":"PropertyValueSpecification","valueRequired":true,"valueName":"search_term_string"}}],"inLanguage":"pl-PL"},{"@type":"Organization","@id":"https:\/\/www.legendyuvas.cz\/#organization","name":"Bontex2 s.r.o.","url":"https:\/\/www.legendyuvas.cz\/","logo":{"@type":"ImageObject","inLanguage":"pl-PL","@id":"https:\/\/www.legendyuvas.cz\/#\/schema\/logo\/image\/","url":"https:\/\/www.legendyuvas.cz\/wp-content\/uploads\/2021\/03\/Legendy-u-Vas.jpg","contentUrl":"https:\/\/www.legendyuvas.cz\/wp-content\/uploads\/2021\/03\/Legendy-u-Vas.jpg","width":400,"height":240,"caption":"Bontex2 s.r.o."},"image":{"@id":"https:\/\/www.legendyuvas.cz\/#\/schema\/logo\/image\/"},"sameAs":["https:\/\/www.facebook.com\/autolegendyuvas","https:\/\/www.facebook.com\/motolegendyuvas","https:\/\/www.instagram.com\/autolegendyuvas\/","https:\/\/www.instagram.com\/motolegendyuvas\/"]}]}},"_links":{"self":[{"href":"https:\/\/www.legendyuvas.cz\/pl\/wp-json\/wp\/v2\/product\/32726","targetHints":{"allow":["GET"]}}],"collection":[{"href":"https:\/\/www.legendyuvas.cz\/pl\/wp-json\/wp\/v2\/product"}],"about":[{"href":"https:\/\/www.legendyuvas.cz\/pl\/wp-json\/wp\/v2\/types\/product"}],"replies":[{"embeddable":true,"href":"https:\/\/www.legendyuvas.cz\/pl\/wp-json\/wp\/v2\/comments?post=32726"}],"version-history":[{"count":1,"href":"https:\/\/www.legendyuvas.cz\/pl\/wp-json\/wp\/v2\/product\/32726\/revisions"}],"predecessor-version":[{"id":33240,"href":"https:\/\/www.legendyuvas.cz\/pl\/wp-json\/wp\/v2\/product\/32726\/revisions\/33240"}],"wp:featuredmedia":[{"embeddable":true,"href":"https:\/\/www.legendyuvas.cz\/pl\/wp-json\/wp\/v2\/media\/30564"}],"wp:attachment":[{"href":"https:\/\/www.legendyuvas.cz\/pl\/wp-json\/wp\/v2\/media?parent=32726"}],"wp:term":[{"taxonomy":"product_brand","embeddable":true,"href":"https:\/\/www.legendyuvas.cz\/pl\/wp-json\/wp\/v2\/product_brand?post=32726"},{"taxonomy":"product_cat","embeddable":true,"href":"https:\/\/www.legendyuvas.cz\/pl\/wp-json\/wp\/v2\/product_cat?post=32726"},{"taxonomy":"product_tag","embeddable":true,"href":"https:\/\/www.legendyuvas.cz\/pl\/wp-json\/wp\/v2\/product_tag?post=32726"}],"curies":[{"name":"wp","href":"https:\/\/api.w.org\/{rel}","templated":true}]}}