{"id":32785,"date":"2024-11-19T08:49:52","date_gmt":"2024-11-19T08:49:52","guid":{"rendered":"https:\/\/www.legendyuvas.cz\/?post_type=product&#038;p=32785"},"modified":"2025-12-27T00:02:45","modified_gmt":"2025-12-27T00:02:45","slug":"nissan-gt-r-r35-at","status":"publish","type":"product","link":"https:\/\/www.legendyuvas.cz\/pl\/produkt\/nissan-gt-r-r35-at\/","title":{"rendered":"Nissan GT-R R35 (AT)"},"content":{"rendered":"<h1><strong>Japo\u0144ska precyzja bez granic<\/strong><\/h1>\n<p> Nissan GT-R R35 to symbol nowoczesnej in\u017cynierii i bezkompromisowych osi\u0105g\u00f3w. Pod mask\u0105 pracuje legendarny <strong data-start=\"305\" data-end=\"341\">3.8-litrowy sze\u015bciocylindrowy silnik Twin-Turbo<\/strong>, kt\u00f3ry w tej specyfikacji osi\u0105ga niesamowite <strong data-start=\"392\" data-end=\"402\">822 PS<\/strong>. Moc przekazywana jest na wszystkie cztery ko\u0142a za pomoc\u0105 <strong data-start=\"444\" data-end=\"501\">6-biegowej automatycznej skrzyni bieg\u00f3w z podw\u00f3jnym sprz\u0119g\u0142em<\/strong>, co gwarantuje brutalne przyspieszenie i pewno\u015b\u0107 w ka\u017cdej sytuacji. GT-R potrafi przyspiesza\u0107 w spos\u00f3b, kt\u00f3ry pozostawia w tyle supersamochody wielokrotnie dro\u017csze \u2013 nic dziwnego, \u017ce zyska\u0142 przydomek <em data-start=\"696\" data-end=\"706\">Godzilla<\/em>. <img fetchpriority=\"high\" decoding=\"async\" class=\"alignnone size-full wp-image-30867\" src=\"https:\/\/www.legendyuvas.cz\/wp-content\/uploads\/2025\/10\/DSC02990-scaled.jpg\" alt=\"\" width=\"2560\" height=\"1707\" srcset=\"https:\/\/www.legendyuvas.cz\/wp-content\/uploads\/2025\/10\/DSC02990-scaled.jpg 2560w, https:\/\/www.legendyuvas.cz\/wp-content\/uploads\/2025\/10\/DSC02990-300x200.jpg 300w, https:\/\/www.legendyuvas.cz\/wp-content\/uploads\/2025\/10\/DSC02990-1024x683.jpg 1024w, https:\/\/www.legendyuvas.cz\/wp-content\/uploads\/2025\/10\/DSC02990-768x512.jpg 768w, https:\/\/www.legendyuvas.cz\/wp-content\/uploads\/2025\/10\/DSC02990-1536x1024.jpg 1536w, https:\/\/www.legendyuvas.cz\/wp-content\/uploads\/2025\/10\/DSC02990-2048x1365.jpg 2048w, https:\/\/www.legendyuvas.cz\/wp-content\/uploads\/2025\/10\/DSC02990-600x400.jpg 600w\" sizes=\"(max-width: 2560px) 100vw, 2560px\" \/><\/p>\n<p>Ten konkretny egzemplarz reprezentuje <strong data-start=\"784\" data-end=\"816\">najszybsz\u0105 i najmocniejsz\u0105 modyfikacj\u0119<\/strong>, jak\u0105 mo\u017cna osi\u0105gn\u0105\u0107 na seryjnych komponentach silnika i skrzyni bieg\u00f3w. Zosta\u0142 wyposa\u017cony w <strong data-start=\"898\" data-end=\"915\">wi\u0119ksze turbospr\u0119\u017carki<\/strong>, <strong data-start=\"917\" data-end=\"937\">ulepszony dolot<\/strong>, <strong data-start=\"939\" data-end=\"969\">wi\u0119ksze ch\u0142odnice i intercoolery<\/strong> oraz <strong data-start=\"978\" data-end=\"1013\">dodatkowe ch\u0142odzenie skrzyni bieg\u00f3w<\/strong>. O niesamowite brzmienie dba <strong data-start=\"1043\" data-end=\"1075\">uk\u0142ad wydechowy z klapami IPE<\/strong>, a <strong data-start=\"1085\" data-end=\"1104\">ulepszone hamulce<\/strong> zapewniaj\u0105 pewno\u015b\u0107 nawet przy ekstremalnych pr\u0119dko\u015bciach. Ka\u017cdy detal tej modyfikacji ma jeden cel \u2013 przesun\u0105\u0107 granice mo\u017cliwo\u015bci GT-R.<\/p>\n<p><img decoding=\"async\" class=\"alignnone wp-image-30872 size-full\" src=\"https:\/\/www.legendyuvas.cz\/wp-content\/uploads\/2025\/10\/DSC02994-scaled.jpg\" alt=\"\" width=\"2560\" height=\"1707\" srcset=\"https:\/\/www.legendyuvas.cz\/wp-content\/uploads\/2025\/10\/DSC02994-scaled.jpg 2560w, https:\/\/www.legendyuvas.cz\/wp-content\/uploads\/2025\/10\/DSC02994-300x200.jpg 300w, https:\/\/www.legendyuvas.cz\/wp-content\/uploads\/2025\/10\/DSC02994-1024x683.jpg 1024w, https:\/\/www.legendyuvas.cz\/wp-content\/uploads\/2025\/10\/DSC02994-768x512.jpg 768w, https:\/\/www.legendyuvas.cz\/wp-content\/uploads\/2025\/10\/DSC02994-1536x1024.jpg 1536w, https:\/\/www.legendyuvas.cz\/wp-content\/uploads\/2025\/10\/DSC02994-2048x1365.jpg 2048w, https:\/\/www.legendyuvas.cz\/wp-content\/uploads\/2025\/10\/DSC02994-600x400.jpg 600w\" sizes=\"(max-width: 2560px) 100vw, 2560px\" \/><\/p>\n<p>Rok produkcji <strong data-start=\"1279\" data-end=\"1287\">2019<\/strong> przyni\u00f3s\u0142 GT-R nowocze\u015bniejsz\u0105 technik\u0119, ale zachowa\u0142 charakter prawdziwej mechanicznej bestii. Dzi\u0119ki po\u0142\u0105czeniu niewiarygodnej mocy, precyzyjnego zawieszenia i nap\u0119du <strong data-start=\"1442\" data-end=\"1449\">4&#215;4<\/strong> samoch\u00f3d radzi sobie zar\u00f3wno na prostych, jak i w zakr\u0119tach z chirurgiczn\u0105 precyzj\u0105. Nissan GT-R R35 w tej specyfikacji to ostateczna bro\u0144 na drog\u0119 i tor \u2013 perfekcyjne po\u0142\u0105czenie japo\u0144skiej techniki, mocy i szacunku.<\/p>\n","protected":false},"excerpt":{"rendered":"<p>Wszystkie nasze samochody <strong>mo\u017cecie prowadzi\u0107<\/strong> lub wybra\u0107 opcj\u0119 jazdy jako pasa\u017cer z kierowc\u0105 wy\u015bcigowym.<\/p>\n","protected":false},"featured_media":30880,"comment_status":"open","ping_status":"closed","template":"","meta":[],"product_brand":[],"product_cat":[452],"product_tag":[],"class_list":{"0":"post-32785","1":"product","2":"type-product","3":"status-publish","4":"has-post-thumbnail","6":"product_cat-auta","8":"first","9":"instock","10":"shipping-taxable","11":"purchasable","12":"product-type-variable","13":"has-default-attributes"},"yoast_head":"<!-- This site is optimized with the Yoast SEO plugin v24.8.1 - https:\/\/yoast.com\/wordpress\/plugins\/seo\/ -->\n<title>Nissan GT-R R35 (AT) - Legendy U V\u00e1s<\/title>\n<meta name=\"description\" content=\"Adrenalina wra\u017ce\u0144 z Legendy u V\u00e1s \u2013 oryginalny prezent nie tylko dla m\u0119\u017cczyzn i mi\u0142o\u015bnik\u00f3w motoryzacji. Jazda samochodami sportowymi (Ferrari, Lamborghini, Porsche, ...) po torze wy\u015bcigowym i drogach publicznych.\" \/>\n<meta name=\"robots\" content=\"index, follow, max-snippet:-1, max-image-preview:large, max-video-preview:-1\" \/>\n<link rel=\"canonical\" href=\"https:\/\/www.legendyuvas.cz\/?post_type=product&p=30838\" \/>\n<meta property=\"og:locale\" content=\"pl_PL\" \/>\n<meta property=\"og:type\" content=\"article\" \/>\n<meta property=\"og:title\" content=\"Nissan GT-R R35 (AT) - Legendy U V\u00e1s\" \/>\n<meta property=\"og:description\" content=\"Adrenalina wra\u017ce\u0144 z Legendy u V\u00e1s \u2013 oryginalny prezent nie tylko dla m\u0119\u017cczyzn i mi\u0142o\u015bnik\u00f3w motoryzacji. Jazda samochodami sportowymi (Ferrari, Lamborghini, Porsche, ...) po torze wy\u015bcigowym i drogach publicznych.\" \/>\n<meta property=\"og:url\" content=\"https:\/\/www.legendyuvas.cz\/?post_type=product&amp;p=30838\" \/>\n<meta property=\"og:site_name\" content=\"Legendy U V\u00e1s\" \/>\n<meta property=\"article:publisher\" content=\"https:\/\/www.facebook.com\/autolegendyuvas\" \/>\n<meta property=\"article:modified_time\" content=\"2025-12-27T00:02:45+00:00\" \/>\n<meta property=\"og:image\" content=\"https:\/\/www.legendyuvas.cz\/wp-content\/uploads\/2025\/10\/DSC02969-scaled.jpg\" \/>\n\t<meta property=\"og:image:width\" content=\"2560\" \/>\n\t<meta property=\"og:image:height\" content=\"1707\" \/>\n\t<meta property=\"og:image:type\" content=\"image\/jpeg\" \/>\n<meta name=\"twitter:card\" content=\"summary_large_image\" \/>\n<meta name=\"twitter:label1\" content=\"Szacowany czas czytania\" \/>\n\t<meta name=\"twitter:data1\" content=\"1 minuta\" \/>\n<script type=\"application\/ld+json\" class=\"yoast-schema-graph\">{\"@context\":\"https:\/\/schema.org\",\"@graph\":[{\"@type\":\"WebPage\",\"@id\":\"https:\/\/www.legendyuvas.cz\/?post_type=product&p=30838\",\"url\":\"https:\/\/www.legendyuvas.cz\/?post_type=product&p=30838\",\"name\":\"Nissan GT-R R35 (AT) - Legendy U V\u00e1s\",\"isPartOf\":{\"@id\":\"https:\/\/www.legendyuvas.cz\/#website\"},\"primaryImageOfPage\":{\"@id\":\"https:\/\/www.legendyuvas.cz\/?post_type=product&p=30838#primaryimage\"},\"image\":{\"@id\":\"https:\/\/www.legendyuvas.cz\/?post_type=product&p=30838#primaryimage\"},\"thumbnailUrl\":\"https:\/\/www.legendyuvas.cz\/wp-content\/uploads\/2025\/10\/DSC02969-scaled.jpg\",\"datePublished\":\"2024-11-19T08:49:52+00:00\",\"dateModified\":\"2025-12-27T00:02:45+00:00\",\"description\":\"Adrenalina wra\u017ce\u0144 z Legendy u V\u00e1s \u2013 oryginalny prezent nie tylko dla m\u0119\u017cczyzn i mi\u0142o\u015bnik\u00f3w motoryzacji. Jazda samochodami sportowymi (Ferrari, Lamborghini, Porsche, ...) po torze wy\u015bcigowym i drogach publicznych.\",\"breadcrumb\":{\"@id\":\"https:\/\/www.legendyuvas.cz\/?post_type=product&p=30838#breadcrumb\"},\"inLanguage\":\"pl-PL\",\"potentialAction\":[{\"@type\":\"ReadAction\",\"target\":[\"https:\/\/www.legendyuvas.cz\/?post_type=product&p=30838\"]}]},{\"@type\":\"ImageObject\",\"inLanguage\":\"pl-PL\",\"@id\":\"https:\/\/www.legendyuvas.cz\/?post_type=product&p=30838#primaryimage\",\"url\":\"https:\/\/www.legendyuvas.cz\/wp-content\/uploads\/2025\/10\/DSC02969-scaled.jpg\",\"contentUrl\":\"https:\/\/www.legendyuvas.cz\/wp-content\/uploads\/2025\/10\/DSC02969-scaled.jpg\",\"width\":2560,\"height\":1707},{\"@type\":\"BreadcrumbList\",\"@id\":\"https:\/\/www.legendyuvas.cz\/?post_type=product&p=30838#breadcrumb\",\"itemListElement\":[{\"@type\":\"ListItem\",\"position\":1,\"name\":\"Dom\u016f\",\"item\":\"https:\/\/www.legendyuvas.cz\/\"},{\"@type\":\"ListItem\",\"position\":2,\"name\":\"Sklep\",\"item\":\"https:\/\/www.legendyuvas.cz\/pl\/sklep\/\"},{\"@type\":\"ListItem\",\"position\":3,\"name\":\"Nissan GT-R R35 (AT)\"}]},{\"@type\":\"WebSite\",\"@id\":\"https:\/\/www.legendyuvas.cz\/#website\",\"url\":\"https:\/\/www.legendyuvas.cz\/\",\"name\":\"Legendy U V\u00e1s\",\"description\":\"Dechberouc\u00ed z\u00e1\u017eitky v autech a motork\u00e1ch\",\"publisher\":{\"@id\":\"https:\/\/www.legendyuvas.cz\/#organization\"},\"potentialAction\":[{\"@type\":\"SearchAction\",\"target\":{\"@type\":\"EntryPoint\",\"urlTemplate\":\"https:\/\/www.legendyuvas.cz\/?s={search_term_string}\"},\"query-input\":{\"@type\":\"PropertyValueSpecification\",\"valueRequired\":true,\"valueName\":\"search_term_string\"}}],\"inLanguage\":\"pl-PL\"},{\"@type\":\"Organization\",\"@id\":\"https:\/\/www.legendyuvas.cz\/#organization\",\"name\":\"Bontex2 s.r.o.\",\"url\":\"https:\/\/www.legendyuvas.cz\/\",\"logo\":{\"@type\":\"ImageObject\",\"inLanguage\":\"pl-PL\",\"@id\":\"https:\/\/www.legendyuvas.cz\/#\/schema\/logo\/image\/\",\"url\":\"https:\/\/www.legendyuvas.cz\/wp-content\/uploads\/2021\/03\/Legendy-u-Vas.jpg\",\"contentUrl\":\"https:\/\/www.legendyuvas.cz\/wp-content\/uploads\/2021\/03\/Legendy-u-Vas.jpg\",\"width\":400,\"height\":240,\"caption\":\"Bontex2 s.r.o.\"},\"image\":{\"@id\":\"https:\/\/www.legendyuvas.cz\/#\/schema\/logo\/image\/\"},\"sameAs\":[\"https:\/\/www.facebook.com\/autolegendyuvas\",\"https:\/\/www.facebook.com\/motolegendyuvas\",\"https:\/\/www.instagram.com\/autolegendyuvas\/\",\"https:\/\/www.instagram.com\/motolegendyuvas\/\"]}]}<\/script>\n<!-- \/ Yoast SEO plugin. -->","yoast_head_json":{"title":"Nissan GT-R R35 (AT) - Legendy U V\u00e1s","description":"Adrenalina wra\u017ce\u0144 z Legendy u V\u00e1s \u2013 oryginalny prezent nie tylko dla m\u0119\u017cczyzn i mi\u0142o\u015bnik\u00f3w motoryzacji. Jazda samochodami sportowymi (Ferrari, Lamborghini, Porsche, ...) po torze wy\u015bcigowym i drogach publicznych.","robots":{"index":"index","follow":"follow","max-snippet":"max-snippet:-1","max-image-preview":"max-image-preview:large","max-video-preview":"max-video-preview:-1"},"canonical":"https:\/\/www.legendyuvas.cz\/?post_type=product&p=30838","og_locale":"pl_PL","og_type":"article","og_title":"Nissan GT-R R35 (AT) - Legendy U V\u00e1s","og_description":"Adrenalina wra\u017ce\u0144 z Legendy u V\u00e1s \u2013 oryginalny prezent nie tylko dla m\u0119\u017cczyzn i mi\u0142o\u015bnik\u00f3w motoryzacji. Jazda samochodami sportowymi (Ferrari, Lamborghini, Porsche, ...) po torze wy\u015bcigowym i drogach publicznych.","og_url":"https:\/\/www.legendyuvas.cz\/?post_type=product&p=30838","og_site_name":"Legendy U V\u00e1s","article_publisher":"https:\/\/www.facebook.com\/autolegendyuvas","article_modified_time":"2025-12-27T00:02:45+00:00","og_image":[{"width":2560,"height":1707,"url":"https:\/\/www.legendyuvas.cz\/wp-content\/uploads\/2025\/10\/DSC02969-scaled.jpg","type":"image\/jpeg"}],"twitter_card":"summary_large_image","twitter_misc":{"Szacowany czas czytania":"1 minuta"},"schema":{"@context":"https:\/\/schema.org","@graph":[{"@type":"WebPage","@id":"https:\/\/www.legendyuvas.cz\/?post_type=product&p=30838","url":"https:\/\/www.legendyuvas.cz\/?post_type=product&p=30838","name":"Nissan GT-R R35 (AT) - Legendy U V\u00e1s","isPartOf":{"@id":"https:\/\/www.legendyuvas.cz\/#website"},"primaryImageOfPage":{"@id":"https:\/\/www.legendyuvas.cz\/?post_type=product&p=30838#primaryimage"},"image":{"@id":"https:\/\/www.legendyuvas.cz\/?post_type=product&p=30838#primaryimage"},"thumbnailUrl":"https:\/\/www.legendyuvas.cz\/wp-content\/uploads\/2025\/10\/DSC02969-scaled.jpg","datePublished":"2024-11-19T08:49:52+00:00","dateModified":"2025-12-27T00:02:45+00:00","description":"Adrenalina wra\u017ce\u0144 z Legendy u V\u00e1s \u2013 oryginalny prezent nie tylko dla m\u0119\u017cczyzn i mi\u0142o\u015bnik\u00f3w motoryzacji. Jazda samochodami sportowymi (Ferrari, Lamborghini, Porsche, ...) po torze wy\u015bcigowym i drogach publicznych.","breadcrumb":{"@id":"https:\/\/www.legendyuvas.cz\/?post_type=product&p=30838#breadcrumb"},"inLanguage":"pl-PL","potentialAction":[{"@type":"ReadAction","target":["https:\/\/www.legendyuvas.cz\/?post_type=product&p=30838"]}]},{"@type":"ImageObject","inLanguage":"pl-PL","@id":"https:\/\/www.legendyuvas.cz\/?post_type=product&p=30838#primaryimage","url":"https:\/\/www.legendyuvas.cz\/wp-content\/uploads\/2025\/10\/DSC02969-scaled.jpg","contentUrl":"https:\/\/www.legendyuvas.cz\/wp-content\/uploads\/2025\/10\/DSC02969-scaled.jpg","width":2560,"height":1707},{"@type":"BreadcrumbList","@id":"https:\/\/www.legendyuvas.cz\/?post_type=product&p=30838#breadcrumb","itemListElement":[{"@type":"ListItem","position":1,"name":"Dom\u016f","item":"https:\/\/www.legendyuvas.cz\/"},{"@type":"ListItem","position":2,"name":"Sklep","item":"https:\/\/www.legendyuvas.cz\/pl\/sklep\/"},{"@type":"ListItem","position":3,"name":"Nissan GT-R R35 (AT)"}]},{"@type":"WebSite","@id":"https:\/\/www.legendyuvas.cz\/#website","url":"https:\/\/www.legendyuvas.cz\/","name":"Legendy U V\u00e1s","description":"Dechberouc\u00ed z\u00e1\u017eitky v autech a motork\u00e1ch","publisher":{"@id":"https:\/\/www.legendyuvas.cz\/#organization"},"potentialAction":[{"@type":"SearchAction","target":{"@type":"EntryPoint","urlTemplate":"https:\/\/www.legendyuvas.cz\/?s={search_term_string}"},"query-input":{"@type":"PropertyValueSpecification","valueRequired":true,"valueName":"search_term_string"}}],"inLanguage":"pl-PL"},{"@type":"Organization","@id":"https:\/\/www.legendyuvas.cz\/#organization","name":"Bontex2 s.r.o.","url":"https:\/\/www.legendyuvas.cz\/","logo":{"@type":"ImageObject","inLanguage":"pl-PL","@id":"https:\/\/www.legendyuvas.cz\/#\/schema\/logo\/image\/","url":"https:\/\/www.legendyuvas.cz\/wp-content\/uploads\/2021\/03\/Legendy-u-Vas.jpg","contentUrl":"https:\/\/www.legendyuvas.cz\/wp-content\/uploads\/2021\/03\/Legendy-u-Vas.jpg","width":400,"height":240,"caption":"Bontex2 s.r.o."},"image":{"@id":"https:\/\/www.legendyuvas.cz\/#\/schema\/logo\/image\/"},"sameAs":["https:\/\/www.facebook.com\/autolegendyuvas","https:\/\/www.facebook.com\/motolegendyuvas","https:\/\/www.instagram.com\/autolegendyuvas\/","https:\/\/www.instagram.com\/motolegendyuvas\/"]}]}},"_links":{"self":[{"href":"https:\/\/www.legendyuvas.cz\/pl\/wp-json\/wp\/v2\/product\/32785","targetHints":{"allow":["GET"]}}],"collection":[{"href":"https:\/\/www.legendyuvas.cz\/pl\/wp-json\/wp\/v2\/product"}],"about":[{"href":"https:\/\/www.legendyuvas.cz\/pl\/wp-json\/wp\/v2\/types\/product"}],"replies":[{"embeddable":true,"href":"https:\/\/www.legendyuvas.cz\/pl\/wp-json\/wp\/v2\/comments?post=32785"}],"version-history":[{"count":1,"href":"https:\/\/www.legendyuvas.cz\/pl\/wp-json\/wp\/v2\/product\/32785\/revisions"}],"predecessor-version":[{"id":33227,"href":"https:\/\/www.legendyuvas.cz\/pl\/wp-json\/wp\/v2\/product\/32785\/revisions\/33227"}],"wp:featuredmedia":[{"embeddable":true,"href":"https:\/\/www.legendyuvas.cz\/pl\/wp-json\/wp\/v2\/media\/30880"}],"wp:attachment":[{"href":"https:\/\/www.legendyuvas.cz\/pl\/wp-json\/wp\/v2\/media?parent=32785"}],"wp:term":[{"taxonomy":"product_brand","embeddable":true,"href":"https:\/\/www.legendyuvas.cz\/pl\/wp-json\/wp\/v2\/product_brand?post=32785"},{"taxonomy":"product_cat","embeddable":true,"href":"https:\/\/www.legendyuvas.cz\/pl\/wp-json\/wp\/v2\/product_cat?post=32785"},{"taxonomy":"product_tag","embeddable":true,"href":"https:\/\/www.legendyuvas.cz\/pl\/wp-json\/wp\/v2\/product_tag?post=32785"}],"curies":[{"name":"wp","href":"https:\/\/api.w.org\/{rel}","templated":true}]}}