{"id":33100,"date":"2024-11-19T08:52:29","date_gmt":"2024-11-19T08:52:29","guid":{"rendered":"https:\/\/www.legendyuvas.cz\/produkt\/chevrolet-corvette-c8-at\/"},"modified":"2025-12-27T00:02:40","modified_gmt":"2025-12-27T00:02:40","slug":"chevrolet-corvette-c8-at","status":"publish","type":"product","link":"https:\/\/www.legendyuvas.cz\/pl\/produkt\/chevrolet-corvette-c8-at\/","title":{"rendered":"Chevrolet Corvette C8 (AT)"},"content":{"rendered":"<h1>Ameryka\u0144ski sen na k\u00f3\u0142kach!<\/h1>\n<p>Przygotuj si\u0119 na jazd\u0119, kt\u00f3ra wci\u0105gnie Ci\u0119 w \u015bwiat <strong>prawdziwej mocy<\/strong> i elegancji. <strong>Corvette C8 Convertible<\/strong>, ten ikoniczny ameryka\u0144ski sportowy samoch\u00f3d z silnikiem umieszczonym centralnie, jest gotowy, aby pokaza\u0107 Ci, co oznacza s\u0142owo <strong>pr\u0119dko\u015b\u0107!<\/strong> Pod mask\u0105 kryje si\u0119 <strong>6,2-litrowy silnik V8<\/strong>, generuj\u0105cy niesamowite <strong>495 KM<\/strong> i moment obrotowy 637 Nm. Dzi\u0119ki tej mocy przyspieszysz od 0 do 100 km\/h w zaledwie <strong>3 sekundy<\/strong> i mo\u017cesz cieszy\u0107 si\u0119 maksymaln\u0105 pr\u0119dko\u015bci\u0105 <strong>ponad 300 km\/h!<\/strong><br \/>\nDzi\u0119ki zaawansowanej 8-biegowej <strong>dwusprz\u0119g\u0142owej automatycznej<\/strong> skrzyni bieg\u00f3w i nap\u0119dowi na tylne ko\u0142a b\u0119dziesz m\u00f3g\u0142 rozkoszowa\u0107 si\u0119 <strong>czyst\u0105 dynamik\u0105<\/strong> i precyzyjnym prowadzeniem na ka\u017cdym metrze trasy. Aktywna aerodynamika i adaptacyjne amortyzatory zapewniaj\u0105 <strong>doskona\u0142\u0105 stabilno\u015b\u0107 i przyczepno\u015b\u0107<\/strong>, dzi\u0119ki czemu ka\u017cdy zakr\u0119t stanie si\u0119 <strong>prawdziw\u0105 przyjemno\u015bci\u0105<\/strong>.<br \/>\nA co dopiero jazda <strong>z wiatrem we w\u0142osach?<\/strong> Ten samoch\u00f3d mo\u017cna \u0142atwo przekszta\u0142ci\u0107 w <strong>kabriolet<\/strong>, dzi\u0119ki czemu mo\u017cesz nie tylko cieszy\u0107 si\u0119 rykiem silnika, ale tak\u017ce promieniami s\u0142o\u0144ca <strong>nad g\u0142ow\u0105.<\/strong><br \/>\nNiezale\u017cnie od tego, czy zdecydujesz si\u0119 <strong>usi\u0105\u015b\u0107 za kierownic\u0105<\/strong>, czy cieszy\u0107 si\u0119 przeja\u017cd\u017ck\u0105 jako <strong>pasa\u017cer<\/strong>, Corvette C8 Convertible zachwyci Ci\u0119 swoj\u0105 drapie\u017cno\u015bci\u0105, elegancj\u0105 i niezapomnianymi wra\u017ceniami z jazdy.<\/p>\n","protected":false},"excerpt":{"rendered":"<p>Wszystkie nasze samochody <strong>mo\u017cesz prowadzi\u0107 samodzielnie<\/strong> lub wybra\u0107 opcj\u0119 jazdy jako pasa\u017cer z kierowc\u0105 wy\u015bcigowym.<\/p>\n","protected":false},"featured_media":41269,"comment_status":"open","ping_status":"closed","template":"","meta":[],"product_brand":[],"product_cat":[452],"product_tag":[],"class_list":{"0":"post-33100","1":"product","2":"type-product","3":"status-publish","4":"has-post-thumbnail","6":"product_cat-auta","8":"first","9":"instock","10":"shipping-taxable","11":"purchasable","12":"product-type-variable"},"yoast_head":"<!-- This site is optimized with the Yoast SEO plugin v24.8.1 - https:\/\/yoast.com\/wordpress\/plugins\/seo\/ -->\n<title>Chevrolet Corvette C8 (AT) - Legendy U V\u00e1s<\/title>\n<meta name=\"description\" content=\"Adrenalina prze\u017cycie z Legendy U V\u00e1s \u2013 oryginalny prezent nie tylko dla m\u0119\u017cczyzn i mi\u0142o\u015bnik\u00f3w motoryzacji. Jazda samochodami sportowymi (Ferrari, Lamborghini, Porsche, \u2026) na torze wy\u015bcigowym i drogach lokalnych.\" \/>\n<meta name=\"robots\" content=\"index, follow, max-snippet:-1, max-image-preview:large, max-video-preview:-1\" \/>\n<link rel=\"canonical\" href=\"https:\/\/www.legendyuvas.cz\/produkt\/corvette-c8-convertible\/\" \/>\n<meta property=\"og:locale\" content=\"pl_PL\" \/>\n<meta property=\"og:type\" content=\"article\" \/>\n<meta property=\"og:title\" content=\"Chevrolet Corvette C8 (AT) - Legendy U V\u00e1s\" \/>\n<meta property=\"og:description\" content=\"Adrenalina prze\u017cycie z Legendy U V\u00e1s \u2013 oryginalny prezent nie tylko dla m\u0119\u017cczyzn i mi\u0142o\u015bnik\u00f3w motoryzacji. Jazda samochodami sportowymi (Ferrari, Lamborghini, Porsche, \u2026) na torze wy\u015bcigowym i drogach lokalnych.\" \/>\n<meta property=\"og:url\" content=\"https:\/\/www.legendyuvas.cz\/produkt\/corvette-c8-convertible\/\" \/>\n<meta property=\"og:site_name\" content=\"Legendy U V\u00e1s\" \/>\n<meta property=\"article:publisher\" content=\"https:\/\/www.facebook.com\/autolegendyuvas\" \/>\n<meta property=\"article:modified_time\" content=\"2025-12-27T00:02:40+00:00\" \/>\n<meta property=\"og:image\" content=\"https:\/\/www.legendyuvas.cz\/wp-content\/uploads\/2024\/11\/417-DSC_8537-scaled.jpg\" \/>\n\t<meta property=\"og:image:width\" content=\"2560\" \/>\n\t<meta property=\"og:image:height\" content=\"1707\" \/>\n\t<meta property=\"og:image:type\" content=\"image\/jpeg\" \/>\n<meta name=\"twitter:card\" content=\"summary_large_image\" \/>\n<meta name=\"twitter:label1\" content=\"Szacowany czas czytania\" \/>\n\t<meta name=\"twitter:data1\" content=\"1 minuta\" \/>\n<script type=\"application\/ld+json\" class=\"yoast-schema-graph\">{\"@context\":\"https:\/\/schema.org\",\"@graph\":[{\"@type\":\"WebPage\",\"@id\":\"https:\/\/www.legendyuvas.cz\/produkt\/corvette-c8-convertible\/\",\"url\":\"https:\/\/www.legendyuvas.cz\/produkt\/corvette-c8-convertible\/\",\"name\":\"Chevrolet Corvette C8 (AT) - Legendy U V\u00e1s\",\"isPartOf\":{\"@id\":\"https:\/\/www.legendyuvas.cz\/#website\"},\"primaryImageOfPage\":{\"@id\":\"https:\/\/www.legendyuvas.cz\/produkt\/corvette-c8-convertible\/#primaryimage\"},\"image\":{\"@id\":\"https:\/\/www.legendyuvas.cz\/produkt\/corvette-c8-convertible\/#primaryimage\"},\"thumbnailUrl\":\"https:\/\/www.legendyuvas.cz\/wp-content\/uploads\/2024\/11\/417-DSC_8537-scaled-1.webp\",\"datePublished\":\"2024-11-19T08:52:29+00:00\",\"dateModified\":\"2025-12-27T00:02:40+00:00\",\"description\":\"Adrenalina prze\u017cycie z Legendy U V\u00e1s \u2013 oryginalny prezent nie tylko dla m\u0119\u017cczyzn i mi\u0142o\u015bnik\u00f3w motoryzacji. Jazda samochodami sportowymi (Ferrari, Lamborghini, Porsche, \u2026) na torze wy\u015bcigowym i drogach lokalnych.\",\"breadcrumb\":{\"@id\":\"https:\/\/www.legendyuvas.cz\/produkt\/corvette-c8-convertible\/#breadcrumb\"},\"inLanguage\":\"pl-PL\",\"potentialAction\":[{\"@type\":\"ReadAction\",\"target\":[\"https:\/\/www.legendyuvas.cz\/produkt\/corvette-c8-convertible\/\"]}]},{\"@type\":\"ImageObject\",\"inLanguage\":\"pl-PL\",\"@id\":\"https:\/\/www.legendyuvas.cz\/produkt\/corvette-c8-convertible\/#primaryimage\",\"url\":\"https:\/\/www.legendyuvas.cz\/wp-content\/uploads\/2024\/11\/417-DSC_8537-scaled-1.webp\",\"contentUrl\":\"https:\/\/www.legendyuvas.cz\/wp-content\/uploads\/2024\/11\/417-DSC_8537-scaled-1.webp\",\"width\":2560,\"height\":1707},{\"@type\":\"BreadcrumbList\",\"@id\":\"https:\/\/www.legendyuvas.cz\/produkt\/corvette-c8-convertible\/#breadcrumb\",\"itemListElement\":[{\"@type\":\"ListItem\",\"position\":1,\"name\":\"Dom\u016f\",\"item\":\"https:\/\/www.legendyuvas.cz\/\"},{\"@type\":\"ListItem\",\"position\":2,\"name\":\"Sklep\",\"item\":\"https:\/\/www.legendyuvas.cz\/pl\/sklep\/\"},{\"@type\":\"ListItem\",\"position\":3,\"name\":\"Chevrolet Corvette C8 (AT)\"}]},{\"@type\":\"WebSite\",\"@id\":\"https:\/\/www.legendyuvas.cz\/#website\",\"url\":\"https:\/\/www.legendyuvas.cz\/\",\"name\":\"Legendy U V\u00e1s\",\"description\":\"Dechberouc\u00ed z\u00e1\u017eitky v autech a motork\u00e1ch\",\"publisher\":{\"@id\":\"https:\/\/www.legendyuvas.cz\/#organization\"},\"potentialAction\":[{\"@type\":\"SearchAction\",\"target\":{\"@type\":\"EntryPoint\",\"urlTemplate\":\"https:\/\/www.legendyuvas.cz\/?s={search_term_string}\"},\"query-input\":{\"@type\":\"PropertyValueSpecification\",\"valueRequired\":true,\"valueName\":\"search_term_string\"}}],\"inLanguage\":\"pl-PL\"},{\"@type\":\"Organization\",\"@id\":\"https:\/\/www.legendyuvas.cz\/#organization\",\"name\":\"Bontex2 s.r.o.\",\"url\":\"https:\/\/www.legendyuvas.cz\/\",\"logo\":{\"@type\":\"ImageObject\",\"inLanguage\":\"pl-PL\",\"@id\":\"https:\/\/www.legendyuvas.cz\/#\/schema\/logo\/image\/\",\"url\":\"https:\/\/www.legendyuvas.cz\/wp-content\/uploads\/2021\/03\/Legendy-u-Vas.jpg\",\"contentUrl\":\"https:\/\/www.legendyuvas.cz\/wp-content\/uploads\/2021\/03\/Legendy-u-Vas.jpg\",\"width\":400,\"height\":240,\"caption\":\"Bontex2 s.r.o.\"},\"image\":{\"@id\":\"https:\/\/www.legendyuvas.cz\/#\/schema\/logo\/image\/\"},\"sameAs\":[\"https:\/\/www.facebook.com\/autolegendyuvas\",\"https:\/\/www.facebook.com\/motolegendyuvas\",\"https:\/\/www.instagram.com\/autolegendyuvas\/\",\"https:\/\/www.instagram.com\/motolegendyuvas\/\"]}]}<\/script>\n<!-- \/ Yoast SEO plugin. -->","yoast_head_json":{"title":"Chevrolet Corvette C8 (AT) - Legendy U V\u00e1s","description":"Adrenalina prze\u017cycie z Legendy U V\u00e1s \u2013 oryginalny prezent nie tylko dla m\u0119\u017cczyzn i mi\u0142o\u015bnik\u00f3w motoryzacji. Jazda samochodami sportowymi (Ferrari, Lamborghini, Porsche, \u2026) na torze wy\u015bcigowym i drogach lokalnych.","robots":{"index":"index","follow":"follow","max-snippet":"max-snippet:-1","max-image-preview":"max-image-preview:large","max-video-preview":"max-video-preview:-1"},"canonical":"https:\/\/www.legendyuvas.cz\/produkt\/corvette-c8-convertible\/","og_locale":"pl_PL","og_type":"article","og_title":"Chevrolet Corvette C8 (AT) - Legendy U V\u00e1s","og_description":"Adrenalina prze\u017cycie z Legendy U V\u00e1s \u2013 oryginalny prezent nie tylko dla m\u0119\u017cczyzn i mi\u0142o\u015bnik\u00f3w motoryzacji. Jazda samochodami sportowymi (Ferrari, Lamborghini, Porsche, \u2026) na torze wy\u015bcigowym i drogach lokalnych.","og_url":"https:\/\/www.legendyuvas.cz\/produkt\/corvette-c8-convertible\/","og_site_name":"Legendy U V\u00e1s","article_publisher":"https:\/\/www.facebook.com\/autolegendyuvas","article_modified_time":"2025-12-27T00:02:40+00:00","og_image":[{"width":2560,"height":1707,"url":"https:\/\/www.legendyuvas.cz\/wp-content\/uploads\/2024\/11\/417-DSC_8537-scaled.jpg","type":"image\/jpeg"}],"twitter_card":"summary_large_image","twitter_misc":{"Szacowany czas czytania":"1 minuta"},"schema":{"@context":"https:\/\/schema.org","@graph":[{"@type":"WebPage","@id":"https:\/\/www.legendyuvas.cz\/produkt\/corvette-c8-convertible\/","url":"https:\/\/www.legendyuvas.cz\/produkt\/corvette-c8-convertible\/","name":"Chevrolet Corvette C8 (AT) - Legendy U V\u00e1s","isPartOf":{"@id":"https:\/\/www.legendyuvas.cz\/#website"},"primaryImageOfPage":{"@id":"https:\/\/www.legendyuvas.cz\/produkt\/corvette-c8-convertible\/#primaryimage"},"image":{"@id":"https:\/\/www.legendyuvas.cz\/produkt\/corvette-c8-convertible\/#primaryimage"},"thumbnailUrl":"https:\/\/www.legendyuvas.cz\/wp-content\/uploads\/2024\/11\/417-DSC_8537-scaled-1.webp","datePublished":"2024-11-19T08:52:29+00:00","dateModified":"2025-12-27T00:02:40+00:00","description":"Adrenalina prze\u017cycie z Legendy U V\u00e1s \u2013 oryginalny prezent nie tylko dla m\u0119\u017cczyzn i mi\u0142o\u015bnik\u00f3w motoryzacji. Jazda samochodami sportowymi (Ferrari, Lamborghini, Porsche, \u2026) na torze wy\u015bcigowym i drogach lokalnych.","breadcrumb":{"@id":"https:\/\/www.legendyuvas.cz\/produkt\/corvette-c8-convertible\/#breadcrumb"},"inLanguage":"pl-PL","potentialAction":[{"@type":"ReadAction","target":["https:\/\/www.legendyuvas.cz\/produkt\/corvette-c8-convertible\/"]}]},{"@type":"ImageObject","inLanguage":"pl-PL","@id":"https:\/\/www.legendyuvas.cz\/produkt\/corvette-c8-convertible\/#primaryimage","url":"https:\/\/www.legendyuvas.cz\/wp-content\/uploads\/2024\/11\/417-DSC_8537-scaled-1.webp","contentUrl":"https:\/\/www.legendyuvas.cz\/wp-content\/uploads\/2024\/11\/417-DSC_8537-scaled-1.webp","width":2560,"height":1707},{"@type":"BreadcrumbList","@id":"https:\/\/www.legendyuvas.cz\/produkt\/corvette-c8-convertible\/#breadcrumb","itemListElement":[{"@type":"ListItem","position":1,"name":"Dom\u016f","item":"https:\/\/www.legendyuvas.cz\/"},{"@type":"ListItem","position":2,"name":"Sklep","item":"https:\/\/www.legendyuvas.cz\/pl\/sklep\/"},{"@type":"ListItem","position":3,"name":"Chevrolet Corvette C8 (AT)"}]},{"@type":"WebSite","@id":"https:\/\/www.legendyuvas.cz\/#website","url":"https:\/\/www.legendyuvas.cz\/","name":"Legendy U V\u00e1s","description":"Dechberouc\u00ed z\u00e1\u017eitky v autech a motork\u00e1ch","publisher":{"@id":"https:\/\/www.legendyuvas.cz\/#organization"},"potentialAction":[{"@type":"SearchAction","target":{"@type":"EntryPoint","urlTemplate":"https:\/\/www.legendyuvas.cz\/?s={search_term_string}"},"query-input":{"@type":"PropertyValueSpecification","valueRequired":true,"valueName":"search_term_string"}}],"inLanguage":"pl-PL"},{"@type":"Organization","@id":"https:\/\/www.legendyuvas.cz\/#organization","name":"Bontex2 s.r.o.","url":"https:\/\/www.legendyuvas.cz\/","logo":{"@type":"ImageObject","inLanguage":"pl-PL","@id":"https:\/\/www.legendyuvas.cz\/#\/schema\/logo\/image\/","url":"https:\/\/www.legendyuvas.cz\/wp-content\/uploads\/2021\/03\/Legendy-u-Vas.jpg","contentUrl":"https:\/\/www.legendyuvas.cz\/wp-content\/uploads\/2021\/03\/Legendy-u-Vas.jpg","width":400,"height":240,"caption":"Bontex2 s.r.o."},"image":{"@id":"https:\/\/www.legendyuvas.cz\/#\/schema\/logo\/image\/"},"sameAs":["https:\/\/www.facebook.com\/autolegendyuvas","https:\/\/www.facebook.com\/motolegendyuvas","https:\/\/www.instagram.com\/autolegendyuvas\/","https:\/\/www.instagram.com\/motolegendyuvas\/"]}]}},"_links":{"self":[{"href":"https:\/\/www.legendyuvas.cz\/pl\/wp-json\/wp\/v2\/product\/33100","targetHints":{"allow":["GET"]}}],"collection":[{"href":"https:\/\/www.legendyuvas.cz\/pl\/wp-json\/wp\/v2\/product"}],"about":[{"href":"https:\/\/www.legendyuvas.cz\/pl\/wp-json\/wp\/v2\/types\/product"}],"replies":[{"embeddable":true,"href":"https:\/\/www.legendyuvas.cz\/pl\/wp-json\/wp\/v2\/comments?post=33100"}],"version-history":[{"count":0,"href":"https:\/\/www.legendyuvas.cz\/pl\/wp-json\/wp\/v2\/product\/33100\/revisions"}],"wp:featuredmedia":[{"embeddable":true,"href":"https:\/\/www.legendyuvas.cz\/pl\/wp-json\/wp\/v2\/media\/41269"}],"wp:attachment":[{"href":"https:\/\/www.legendyuvas.cz\/pl\/wp-json\/wp\/v2\/media?parent=33100"}],"wp:term":[{"taxonomy":"product_brand","embeddable":true,"href":"https:\/\/www.legendyuvas.cz\/pl\/wp-json\/wp\/v2\/product_brand?post=33100"},{"taxonomy":"product_cat","embeddable":true,"href":"https:\/\/www.legendyuvas.cz\/pl\/wp-json\/wp\/v2\/product_cat?post=33100"},{"taxonomy":"product_tag","embeddable":true,"href":"https:\/\/www.legendyuvas.cz\/pl\/wp-json\/wp\/v2\/product_tag?post=33100"}],"curies":[{"name":"wp","href":"https:\/\/api.w.org\/{rel}","templated":true}]}}