{"id":33113,"date":"2025-11-26T10:52:47","date_gmt":"2025-11-26T10:52:47","guid":{"rendered":"https:\/\/www.legendyuvas.cz\/produkt\/porsche-718-gt4-rs-at\/"},"modified":"2025-12-27T00:02:43","modified_gmt":"2025-12-27T00:02:43","slug":"porsche-718-gt4-rs-at","status":"publish","type":"product","link":"https:\/\/www.legendyuvas.cz\/pl\/produkt\/porsche-718-gt4-rs-at\/","title":{"rendered":"Porsche 718 GT4 RS (AT)"},"content":{"rendered":"<h1>Tor\u00f3wka w pe\u0142nej krasie<\/h1>\n<p>Porsche GT4 sta\u0142o si\u0119 <strong>ogromnym hitem<\/strong> zaraz po swoim debiucie. Nic dziwnego, \u017ce gdy pojawi\u0142y si\u0119 pierwsze informacje o <strong>modelu GT4 RS<\/strong>, <strong>wstrz\u0105sn\u0119\u0142o to \u015bwiatem<\/strong> samochod\u00f3w sportowych. Czy ju\u017c \u015bwietny Cayman GT4 m\u00f3g\u0142 by\u0107 <strong>jeszcze lepszy?<\/strong> Tak, in\u017cynierom ze Stuttgartu <strong>naprawd\u0119 si\u0119 to uda\u0142o.<\/strong><br \/>\nG\u0142\u00f3wnym magnesem Porsche GT4 RS jest zdecydowanie <strong>nowy silnik.<\/strong> Pochodzi on teraz bezpo\u015brednio z modelu Porsche GT3, kt\u00f3ry z kolei przej\u0105\u0142 go z <strong>GT3 Cup.<\/strong> Ma wi\u0119c, podobnie jak GT3, <strong>500 koni mechanicznych<\/strong>, czyli o 80 KM wi\u0119cej ni\u017c dotychczasowe GT4. W przeciwie\u0144stwie do GT3, w GT4 RS ten <strong>p\u0142aski sze\u015bciocylindrowy silnik o pojemno\u015bci 4 litr\u00f3w<\/strong> znajduje si\u0119 <strong>bezpo\u015brednio za siedzeniami kierowcy.<\/strong> Tak, koncepcja silnika <strong>umieszczonego centralnie<\/strong> pozosta\u0142a taka sama jak w klasycznym GT4. S\u0142ysze\u0107 <strong>9000 obr.\/min<\/strong> tu\u017c za plecami to do\u015bwiadczenie, kt\u00f3re wystrzeli Tw\u00f3j poziom adrenaliny w kosmos. W po\u0142\u0105czeniu z <strong>automatyczn\u0105 skrzyni\u0105 bieg\u00f3w PDK<\/strong> to <strong>kombinacja prosto z krainy marze\u0144.<\/strong><br \/>\n<img fetchpriority=\"high\" decoding=\"async\" class=\"alignnone wp-image-29609 size-full\" src=\"https:\/\/www.legendyuvas.cz\/wp-content\/uploads\/2024\/11\/DSC06218-scaled.jpg\" alt=\"\" width=\"2560\" height=\"1706\" srcset=\"https:\/\/www.legendyuvas.cz\/wp-content\/uploads\/2024\/11\/DSC06218-scaled.jpg 2560w, https:\/\/www.legendyuvas.cz\/wp-content\/uploads\/2024\/11\/DSC06218-300x200.jpg 300w, https:\/\/www.legendyuvas.cz\/wp-content\/uploads\/2024\/11\/DSC06218-1024x683.jpg 1024w, https:\/\/www.legendyuvas.cz\/wp-content\/uploads\/2024\/11\/DSC06218-768x512.jpg 768w, https:\/\/www.legendyuvas.cz\/wp-content\/uploads\/2024\/11\/DSC06218-1536x1024.jpg 1536w, https:\/\/www.legendyuvas.cz\/wp-content\/uploads\/2024\/11\/DSC06218-2048x1365.jpg 2048w, https:\/\/www.legendyuvas.cz\/wp-content\/uploads\/2024\/11\/DSC06218-600x400.jpg 600w\" sizes=\"(max-width: 2560px) 100vw, 2560px\" \/><br \/>\nDo tego wszystkiego dochodzi zmodyfikowana aerodynamika, kt\u00f3ra czyni samoch\u00f3d jeszcze bardziej torowym, ni\u017c by\u0142 dotychczas. Na pierwszy rzut oka nie spos\u00f3b nie zauwa\u017cy\u0107 <strong>nowego tylnego skrzyd\u0142a<\/strong>, inspirowanego wy\u015bcigow\u0105 <strong>911 RSR GT<\/strong>, kt\u00f3re wykorzystuje r\u00f3wnie\u017c nowa GT3.<br \/>\n<img decoding=\"async\" class=\"alignnone wp-image-29624 size-full\" src=\"https:\/\/www.legendyuvas.cz\/wp-content\/uploads\/2024\/11\/DSC07083-scaled.jpg\" alt=\"\" width=\"2560\" height=\"1707\" srcset=\"https:\/\/www.legendyuvas.cz\/wp-content\/uploads\/2024\/11\/DSC07083-scaled.jpg 2560w, https:\/\/www.legendyuvas.cz\/wp-content\/uploads\/2024\/11\/DSC07083-300x200.jpg 300w, https:\/\/www.legendyuvas.cz\/wp-content\/uploads\/2024\/11\/DSC07083-1024x683.jpg 1024w, https:\/\/www.legendyuvas.cz\/wp-content\/uploads\/2024\/11\/DSC07083-768x512.jpg 768w, https:\/\/www.legendyuvas.cz\/wp-content\/uploads\/2024\/11\/DSC07083-1536x1024.jpg 1536w, https:\/\/www.legendyuvas.cz\/wp-content\/uploads\/2024\/11\/DSC07083-2048x1365.jpg 2048w, https:\/\/www.legendyuvas.cz\/wp-content\/uploads\/2024\/11\/DSC07083-600x400.jpg 600w\" sizes=\"(max-width: 2560px) 100vw, 2560px\" \/><br \/>\nPorsche GT4 RS to samoch\u00f3d, kt\u00f3ry jako ca\u0142o\u015b\u0107 <strong>pozostawia niezapomniane wra\u017cenie<\/strong>, kt\u00f3re b\u0119dziesz <strong>wspomina\u0107 przez d\u0142ugi czas<\/strong>. Jego w\u0142a\u015bciwo\u015bci jezdne <strong>zachwycaj\u0105<\/strong>, a dzi\u0119ki ostrym d\u017awi\u0119kom silnika poczujesz si\u0119 jak prawdziwy <strong>kierowca wy\u015bcigowy<\/strong>. Nic dziwnego, \u017ce GT4 RS jest jednym z <strong>najbardziej dyskutowanych<\/strong> samochod\u00f3w sportowych wsp\u00f3\u0142czesno\u015bci.<\/p>\n","protected":false},"excerpt":{"rendered":"<p>Wszystkie nasze samochody <strong>mo\u017cesz prowadzi\u0107<\/strong> lub wybra\u0107 jazd\u0119 jako pilot z kierowc\u0105 wy\u015bcigowym.<\/p>\n","protected":false},"featured_media":29622,"comment_status":"open","ping_status":"closed","template":"","meta":[],"product_brand":[],"product_cat":[452],"product_tag":[],"class_list":{"0":"post-33113","1":"product","2":"type-product","3":"status-publish","4":"has-post-thumbnail","6":"product_cat-auta","8":"first","9":"instock","10":"shipping-taxable","11":"purchasable","12":"product-type-variable"},"yoast_head":"<!-- This site is optimized with the Yoast SEO plugin v24.8.1 - https:\/\/yoast.com\/wordpress\/plugins\/seo\/ -->\n<title>Porsche 718 GT4 RS (AT) - Legendy U V\u00e1s<\/title>\n<meta name=\"description\" content=\"Do\u015bwiadczenie adrenaliny z Legends U V\u00e1s - oryginalny prezent nie tylko dla m\u0119\u017cczyzn i entuzjast\u00f3w motoryzacji. Jazda sportowymi samochodami (Ferrari, Lamborghini, Porsche, ...) na torze wy\u015bcigowym i w dzielnicy.\" \/>\n<meta name=\"robots\" content=\"index, follow, max-snippet:-1, max-image-preview:large, max-video-preview:-1\" \/>\n<link rel=\"canonical\" href=\"https:\/\/www.legendyuvas.cz\/pl\/produkt\/porsche-718-gt4-rs-at\/\" \/>\n<meta property=\"og:locale\" content=\"pl_PL\" \/>\n<meta property=\"og:type\" content=\"article\" \/>\n<meta property=\"og:title\" content=\"Porsche 718 GT4 RS (AT) - Legendy U V\u00e1s\" \/>\n<meta property=\"og:description\" content=\"Do\u015bwiadczenie adrenaliny z Legends U V\u00e1s - oryginalny prezent nie tylko dla m\u0119\u017cczyzn i entuzjast\u00f3w motoryzacji. Jazda sportowymi samochodami (Ferrari, Lamborghini, Porsche, ...) na torze wy\u015bcigowym i w dzielnicy.\" \/>\n<meta property=\"og:url\" content=\"https:\/\/www.legendyuvas.cz\/pl\/produkt\/porsche-718-gt4-rs-at\/\" \/>\n<meta property=\"og:site_name\" content=\"Legendy U V\u00e1s\" \/>\n<meta property=\"article:publisher\" content=\"https:\/\/www.facebook.com\/autolegendyuvas\" \/>\n<meta property=\"article:modified_time\" content=\"2025-12-27T00:02:43+00:00\" \/>\n<meta property=\"og:image\" content=\"https:\/\/www.legendyuvas.cz\/wp-content\/uploads\/2024\/11\/R1PF7326-1-scaled.jpg\" \/>\n\t<meta property=\"og:image:width\" content=\"2560\" \/>\n\t<meta property=\"og:image:height\" content=\"1707\" \/>\n\t<meta property=\"og:image:type\" content=\"image\/jpeg\" \/>\n<meta name=\"twitter:card\" content=\"summary_large_image\" \/>\n<meta name=\"twitter:label1\" content=\"Szacowany czas czytania\" \/>\n\t<meta name=\"twitter:data1\" content=\"1 minuta\" \/>\n<script type=\"application\/ld+json\" class=\"yoast-schema-graph\">{\"@context\":\"https:\/\/schema.org\",\"@graph\":[{\"@type\":\"WebPage\",\"@id\":\"https:\/\/www.legendyuvas.cz\/pl\/produkt\/porsche-718-gt4-rs-at\/\",\"url\":\"https:\/\/www.legendyuvas.cz\/pl\/produkt\/porsche-718-gt4-rs-at\/\",\"name\":\"Porsche 718 GT4 RS (AT) - Legendy U V\u00e1s\",\"isPartOf\":{\"@id\":\"https:\/\/www.legendyuvas.cz\/#website\"},\"primaryImageOfPage\":{\"@id\":\"https:\/\/www.legendyuvas.cz\/pl\/produkt\/porsche-718-gt4-rs-at\/#primaryimage\"},\"image\":{\"@id\":\"https:\/\/www.legendyuvas.cz\/pl\/produkt\/porsche-718-gt4-rs-at\/#primaryimage\"},\"thumbnailUrl\":\"https:\/\/www.legendyuvas.cz\/wp-content\/uploads\/2024\/11\/R1PF7326-1-scaled.jpg\",\"datePublished\":\"2025-11-26T10:52:47+00:00\",\"dateModified\":\"2025-12-27T00:02:43+00:00\",\"description\":\"Do\u015bwiadczenie adrenaliny z Legends U V\u00e1s - oryginalny prezent nie tylko dla m\u0119\u017cczyzn i entuzjast\u00f3w motoryzacji. Jazda sportowymi samochodami (Ferrari, Lamborghini, Porsche, ...) na torze wy\u015bcigowym i w dzielnicy.\",\"breadcrumb\":{\"@id\":\"https:\/\/www.legendyuvas.cz\/pl\/produkt\/porsche-718-gt4-rs-at\/#breadcrumb\"},\"inLanguage\":\"pl-PL\",\"potentialAction\":[{\"@type\":\"ReadAction\",\"target\":[\"https:\/\/www.legendyuvas.cz\/pl\/produkt\/porsche-718-gt4-rs-at\/\"]}]},{\"@type\":\"ImageObject\",\"inLanguage\":\"pl-PL\",\"@id\":\"https:\/\/www.legendyuvas.cz\/pl\/produkt\/porsche-718-gt4-rs-at\/#primaryimage\",\"url\":\"https:\/\/www.legendyuvas.cz\/wp-content\/uploads\/2024\/11\/R1PF7326-1-scaled.jpg\",\"contentUrl\":\"https:\/\/www.legendyuvas.cz\/wp-content\/uploads\/2024\/11\/R1PF7326-1-scaled.jpg\",\"width\":2560,\"height\":1707},{\"@type\":\"BreadcrumbList\",\"@id\":\"https:\/\/www.legendyuvas.cz\/pl\/produkt\/porsche-718-gt4-rs-at\/#breadcrumb\",\"itemListElement\":[{\"@type\":\"ListItem\",\"position\":1,\"name\":\"Dom\u016f\",\"item\":\"https:\/\/www.legendyuvas.cz\/\"},{\"@type\":\"ListItem\",\"position\":2,\"name\":\"Sklep\",\"item\":\"https:\/\/www.legendyuvas.cz\/pl\/sklep\/\"},{\"@type\":\"ListItem\",\"position\":3,\"name\":\"Porsche 718 GT4 RS (AT)\"}]},{\"@type\":\"WebSite\",\"@id\":\"https:\/\/www.legendyuvas.cz\/#website\",\"url\":\"https:\/\/www.legendyuvas.cz\/\",\"name\":\"Legendy U V\u00e1s\",\"description\":\"Dechberouc\u00ed z\u00e1\u017eitky v autech a motork\u00e1ch\",\"publisher\":{\"@id\":\"https:\/\/www.legendyuvas.cz\/#organization\"},\"potentialAction\":[{\"@type\":\"SearchAction\",\"target\":{\"@type\":\"EntryPoint\",\"urlTemplate\":\"https:\/\/www.legendyuvas.cz\/?s={search_term_string}\"},\"query-input\":{\"@type\":\"PropertyValueSpecification\",\"valueRequired\":true,\"valueName\":\"search_term_string\"}}],\"inLanguage\":\"pl-PL\"},{\"@type\":\"Organization\",\"@id\":\"https:\/\/www.legendyuvas.cz\/#organization\",\"name\":\"Bontex2 s.r.o.\",\"url\":\"https:\/\/www.legendyuvas.cz\/\",\"logo\":{\"@type\":\"ImageObject\",\"inLanguage\":\"pl-PL\",\"@id\":\"https:\/\/www.legendyuvas.cz\/#\/schema\/logo\/image\/\",\"url\":\"https:\/\/www.legendyuvas.cz\/wp-content\/uploads\/2021\/03\/Legendy-u-Vas.jpg\",\"contentUrl\":\"https:\/\/www.legendyuvas.cz\/wp-content\/uploads\/2021\/03\/Legendy-u-Vas.jpg\",\"width\":400,\"height\":240,\"caption\":\"Bontex2 s.r.o.\"},\"image\":{\"@id\":\"https:\/\/www.legendyuvas.cz\/#\/schema\/logo\/image\/\"},\"sameAs\":[\"https:\/\/www.facebook.com\/autolegendyuvas\",\"https:\/\/www.facebook.com\/motolegendyuvas\",\"https:\/\/www.instagram.com\/autolegendyuvas\/\",\"https:\/\/www.instagram.com\/motolegendyuvas\/\"]}]}<\/script>\n<!-- \/ Yoast SEO plugin. -->","yoast_head_json":{"title":"Porsche 718 GT4 RS (AT) - Legendy U V\u00e1s","description":"Do\u015bwiadczenie adrenaliny z Legends U V\u00e1s - oryginalny prezent nie tylko dla m\u0119\u017cczyzn i entuzjast\u00f3w motoryzacji. Jazda sportowymi samochodami (Ferrari, Lamborghini, Porsche, ...) na torze wy\u015bcigowym i w dzielnicy.","robots":{"index":"index","follow":"follow","max-snippet":"max-snippet:-1","max-image-preview":"max-image-preview:large","max-video-preview":"max-video-preview:-1"},"canonical":"https:\/\/www.legendyuvas.cz\/pl\/produkt\/porsche-718-gt4-rs-at\/","og_locale":"pl_PL","og_type":"article","og_title":"Porsche 718 GT4 RS (AT) - Legendy U V\u00e1s","og_description":"Do\u015bwiadczenie adrenaliny z Legends U V\u00e1s - oryginalny prezent nie tylko dla m\u0119\u017cczyzn i entuzjast\u00f3w motoryzacji. Jazda sportowymi samochodami (Ferrari, Lamborghini, Porsche, ...) na torze wy\u015bcigowym i w dzielnicy.","og_url":"https:\/\/www.legendyuvas.cz\/pl\/produkt\/porsche-718-gt4-rs-at\/","og_site_name":"Legendy U V\u00e1s","article_publisher":"https:\/\/www.facebook.com\/autolegendyuvas","article_modified_time":"2025-12-27T00:02:43+00:00","og_image":[{"width":2560,"height":1707,"url":"https:\/\/www.legendyuvas.cz\/wp-content\/uploads\/2024\/11\/R1PF7326-1-scaled.jpg","type":"image\/jpeg"}],"twitter_card":"summary_large_image","twitter_misc":{"Szacowany czas czytania":"1 minuta"},"schema":{"@context":"https:\/\/schema.org","@graph":[{"@type":"WebPage","@id":"https:\/\/www.legendyuvas.cz\/pl\/produkt\/porsche-718-gt4-rs-at\/","url":"https:\/\/www.legendyuvas.cz\/pl\/produkt\/porsche-718-gt4-rs-at\/","name":"Porsche 718 GT4 RS (AT) - Legendy U V\u00e1s","isPartOf":{"@id":"https:\/\/www.legendyuvas.cz\/#website"},"primaryImageOfPage":{"@id":"https:\/\/www.legendyuvas.cz\/pl\/produkt\/porsche-718-gt4-rs-at\/#primaryimage"},"image":{"@id":"https:\/\/www.legendyuvas.cz\/pl\/produkt\/porsche-718-gt4-rs-at\/#primaryimage"},"thumbnailUrl":"https:\/\/www.legendyuvas.cz\/wp-content\/uploads\/2024\/11\/R1PF7326-1-scaled.jpg","datePublished":"2025-11-26T10:52:47+00:00","dateModified":"2025-12-27T00:02:43+00:00","description":"Do\u015bwiadczenie adrenaliny z Legends U V\u00e1s - oryginalny prezent nie tylko dla m\u0119\u017cczyzn i entuzjast\u00f3w motoryzacji. Jazda sportowymi samochodami (Ferrari, Lamborghini, Porsche, ...) na torze wy\u015bcigowym i w dzielnicy.","breadcrumb":{"@id":"https:\/\/www.legendyuvas.cz\/pl\/produkt\/porsche-718-gt4-rs-at\/#breadcrumb"},"inLanguage":"pl-PL","potentialAction":[{"@type":"ReadAction","target":["https:\/\/www.legendyuvas.cz\/pl\/produkt\/porsche-718-gt4-rs-at\/"]}]},{"@type":"ImageObject","inLanguage":"pl-PL","@id":"https:\/\/www.legendyuvas.cz\/pl\/produkt\/porsche-718-gt4-rs-at\/#primaryimage","url":"https:\/\/www.legendyuvas.cz\/wp-content\/uploads\/2024\/11\/R1PF7326-1-scaled.jpg","contentUrl":"https:\/\/www.legendyuvas.cz\/wp-content\/uploads\/2024\/11\/R1PF7326-1-scaled.jpg","width":2560,"height":1707},{"@type":"BreadcrumbList","@id":"https:\/\/www.legendyuvas.cz\/pl\/produkt\/porsche-718-gt4-rs-at\/#breadcrumb","itemListElement":[{"@type":"ListItem","position":1,"name":"Dom\u016f","item":"https:\/\/www.legendyuvas.cz\/"},{"@type":"ListItem","position":2,"name":"Sklep","item":"https:\/\/www.legendyuvas.cz\/pl\/sklep\/"},{"@type":"ListItem","position":3,"name":"Porsche 718 GT4 RS (AT)"}]},{"@type":"WebSite","@id":"https:\/\/www.legendyuvas.cz\/#website","url":"https:\/\/www.legendyuvas.cz\/","name":"Legendy U V\u00e1s","description":"Dechberouc\u00ed z\u00e1\u017eitky v autech a motork\u00e1ch","publisher":{"@id":"https:\/\/www.legendyuvas.cz\/#organization"},"potentialAction":[{"@type":"SearchAction","target":{"@type":"EntryPoint","urlTemplate":"https:\/\/www.legendyuvas.cz\/?s={search_term_string}"},"query-input":{"@type":"PropertyValueSpecification","valueRequired":true,"valueName":"search_term_string"}}],"inLanguage":"pl-PL"},{"@type":"Organization","@id":"https:\/\/www.legendyuvas.cz\/#organization","name":"Bontex2 s.r.o.","url":"https:\/\/www.legendyuvas.cz\/","logo":{"@type":"ImageObject","inLanguage":"pl-PL","@id":"https:\/\/www.legendyuvas.cz\/#\/schema\/logo\/image\/","url":"https:\/\/www.legendyuvas.cz\/wp-content\/uploads\/2021\/03\/Legendy-u-Vas.jpg","contentUrl":"https:\/\/www.legendyuvas.cz\/wp-content\/uploads\/2021\/03\/Legendy-u-Vas.jpg","width":400,"height":240,"caption":"Bontex2 s.r.o."},"image":{"@id":"https:\/\/www.legendyuvas.cz\/#\/schema\/logo\/image\/"},"sameAs":["https:\/\/www.facebook.com\/autolegendyuvas","https:\/\/www.facebook.com\/motolegendyuvas","https:\/\/www.instagram.com\/autolegendyuvas\/","https:\/\/www.instagram.com\/motolegendyuvas\/"]}]}},"_links":{"self":[{"href":"https:\/\/www.legendyuvas.cz\/pl\/wp-json\/wp\/v2\/product\/33113","targetHints":{"allow":["GET"]}}],"collection":[{"href":"https:\/\/www.legendyuvas.cz\/pl\/wp-json\/wp\/v2\/product"}],"about":[{"href":"https:\/\/www.legendyuvas.cz\/pl\/wp-json\/wp\/v2\/types\/product"}],"replies":[{"embeddable":true,"href":"https:\/\/www.legendyuvas.cz\/pl\/wp-json\/wp\/v2\/comments?post=33113"}],"version-history":[{"count":1,"href":"https:\/\/www.legendyuvas.cz\/pl\/wp-json\/wp\/v2\/product\/33113\/revisions"}],"predecessor-version":[{"id":33114,"href":"https:\/\/www.legendyuvas.cz\/pl\/wp-json\/wp\/v2\/product\/33113\/revisions\/33114"}],"wp:featuredmedia":[{"embeddable":true,"href":"https:\/\/www.legendyuvas.cz\/pl\/wp-json\/wp\/v2\/media\/29622"}],"wp:attachment":[{"href":"https:\/\/www.legendyuvas.cz\/pl\/wp-json\/wp\/v2\/media?parent=33113"}],"wp:term":[{"taxonomy":"product_brand","embeddable":true,"href":"https:\/\/www.legendyuvas.cz\/pl\/wp-json\/wp\/v2\/product_brand?post=33113"},{"taxonomy":"product_cat","embeddable":true,"href":"https:\/\/www.legendyuvas.cz\/pl\/wp-json\/wp\/v2\/product_cat?post=33113"},{"taxonomy":"product_tag","embeddable":true,"href":"https:\/\/www.legendyuvas.cz\/pl\/wp-json\/wp\/v2\/product_tag?post=33113"}],"curies":[{"name":"wp","href":"https:\/\/api.w.org\/{rel}","templated":true}]}}