{"id":33117,"date":"2025-11-07T12:32:17","date_gmt":"2025-11-07T12:32:17","guid":{"rendered":"https:\/\/www.legendyuvas.cz\/produkt\/uniwersalny-voucher-samochodowy-prezent\/"},"modified":"2025-11-19T11:09:43","modified_gmt":"2025-11-19T11:09:43","slug":"uniwersalny-voucher-samochodowy-prezent","status":"publish","type":"product","link":"https:\/\/www.legendyuvas.cz\/pl\/produkt\/uniwersalny-voucher-samochodowy-prezent\/","title":{"rendered":"UNIWERSALNY VOUCHER SAMOCHODOWY \u2013 Prezent"},"content":{"rendered":"<h2>NIEPOKONANY PREZENT!<\/h2>\n<p><b>Chcesz<\/b> podarowa\u0107 przeja\u017cd\u017ck\u0119 pe\u0142n\u0105 emocji, ale <strong>nie wiesz<\/strong>, kt\u00f3ry samoch\u00f3d wybra\u0107? Uniwersalny voucher prezentowy jest w\u0142a\u015bnie dla Ciebie! Wystarczy wybra\u0107 kwot\u0119, a reszt\u0119 zdecyduje obdarowany. Z tym prezentem na pewno<strong> nie pope\u0142nisz b\u0142\u0119du.<\/strong> <img fetchpriority=\"high\" decoding=\"async\" class=\"alignnone size-medium wp-image-1284\" src=\"https:\/\/www.legendyuvas.cz\/wp-content\/uploads\/2023\/07\/zazitky-images-300x231.png\" alt=\"\" width=\"300\" height=\"231\" srcset=\"https:\/\/www.legendyuvas.cz\/wp-content\/uploads\/2023\/07\/zazitky-images-300x231.png 300w, https:\/\/www.legendyuvas.cz\/wp-content\/uploads\/2023\/07\/zazitky-images-1024x788.png 1024w, https:\/\/www.legendyuvas.cz\/wp-content\/uploads\/2023\/07\/zazitky-images-768x591.png 768w, https:\/\/www.legendyuvas.cz\/wp-content\/uploads\/2023\/07\/zazitky-images-600x462.png 600w, https:\/\/www.legendyuvas.cz\/wp-content\/uploads\/2023\/07\/zazitky-images.png 1300w\" sizes=\"(max-width: 300px) 100vw, 300px\" \/><\/p>\n<p>Obdarowany mo\u017ce nast\u0119pnie wybra\u0107 samoch\u00f3d, miejsce i ewentualnie liczb\u0119 okr\u0105\u017ce\u0144 <strong>wed\u0142ug w\u0142asnego uznania.<\/strong> Je\u015bli wybierze opcj\u0119 dro\u017csz\u0105 ni\u017c warto\u015b\u0107 vouchera, mo\u017ce dop\u0142aci\u0107 r\u00f3\u017cnic\u0119 i cieszy\u0107 si\u0119 swoj\u0105 <strong>wymarzon\u0105 jazd\u0105.<\/strong> Voucher mo\u017cna r\u00f3wnie\u017c wykorzysta\u0107 na kilka samochod\u00f3w \u2013 mo\u017cliwo\u015bci jest mn\u00f3stwo!<\/p>\n","protected":false},"excerpt":{"rendered":"<p>Wszystkie nasze samochody <strong>mo\u017cecie prowadzi\u0107<\/strong> lub wybra\u0107 opcj\u0119 jazdy jako pasa\u017cer z kierowc\u0105 wy\u015bcigowym.<\/p>\n","protected":false},"featured_media":26179,"comment_status":"closed","ping_status":"closed","template":"","meta":[],"product_brand":[],"product_cat":[452],"product_tag":[],"class_list":{"0":"post-33117","1":"product","2":"type-product","3":"status-publish","4":"has-post-thumbnail","6":"product_cat-auta","8":"first","9":"instock","10":"virtual","11":"purchasable","12":"product-type-simple"},"yoast_head":"<!-- This site is optimized with the Yoast SEO plugin v24.8.1 - https:\/\/yoast.com\/wordpress\/plugins\/seo\/ -->\n<title>UNIWERSALNY VOUCHER SAMOCHODOWY \u2013 Prezent - Legendy U V\u00e1s<\/title>\n<meta name=\"description\" content=\"Adrenalina wra\u017ce\u0144 z Legendy u V\u00e1s \u2013 oryginalny prezent nie tylko dla m\u0119\u017cczyzn i mi\u0142o\u015bnik\u00f3w motoryzacji. Jazda samochodami sportowymi (Ferrari, Lamborghini, Porsche, ...) po torze wy\u015bcigowym i drogach publicznych.\" \/>\n<meta name=\"robots\" content=\"index, follow, max-snippet:-1, max-image-preview:large, max-video-preview:-1\" \/>\n<link rel=\"canonical\" href=\"https:\/\/www.legendyuvas.cz\/pl\/produkt\/uniwersalny-voucher-samochodowy-prezent\/\" \/>\n<meta property=\"og:locale\" content=\"pl_PL\" \/>\n<meta property=\"og:type\" content=\"article\" \/>\n<meta property=\"og:title\" content=\"UNIWERSALNY VOUCHER SAMOCHODOWY \u2013 Prezent - Legendy U V\u00e1s\" \/>\n<meta property=\"og:description\" content=\"Adrenalina wra\u017ce\u0144 z Legendy u V\u00e1s \u2013 oryginalny prezent nie tylko dla m\u0119\u017cczyzn i mi\u0142o\u015bnik\u00f3w motoryzacji. Jazda samochodami sportowymi (Ferrari, Lamborghini, Porsche, ...) po torze wy\u015bcigowym i drogach publicznych.\" \/>\n<meta property=\"og:url\" content=\"https:\/\/www.legendyuvas.cz\/pl\/produkt\/uniwersalny-voucher-samochodowy-prezent\/\" \/>\n<meta property=\"og:site_name\" content=\"Legendy U V\u00e1s\" \/>\n<meta property=\"article:publisher\" content=\"https:\/\/www.facebook.com\/autolegendyuvas\" \/>\n<meta property=\"article:modified_time\" content=\"2025-11-19T11:09:43+00:00\" \/>\n<meta property=\"og:image\" content=\"https:\/\/www.legendyuvas.cz\/wp-content\/uploads\/2023\/12\/InShot_20241115_102122962-scaled-e1731767372606.jpg\" \/>\n\t<meta property=\"og:image:width\" content=\"2560\" \/>\n\t<meta property=\"og:image:height\" content=\"1476\" \/>\n\t<meta property=\"og:image:type\" content=\"image\/jpeg\" \/>\n<meta name=\"twitter:card\" content=\"summary_large_image\" \/>\n<meta name=\"twitter:label1\" content=\"Szacowany czas czytania\" \/>\n\t<meta name=\"twitter:data1\" content=\"1 minuta\" \/>\n<script type=\"application\/ld+json\" class=\"yoast-schema-graph\">{\"@context\":\"https:\/\/schema.org\",\"@graph\":[{\"@type\":\"WebPage\",\"@id\":\"https:\/\/www.legendyuvas.cz\/pl\/produkt\/uniwersalny-voucher-samochodowy-prezent\/\",\"url\":\"https:\/\/www.legendyuvas.cz\/pl\/produkt\/uniwersalny-voucher-samochodowy-prezent\/\",\"name\":\"UNIWERSALNY VOUCHER SAMOCHODOWY \u2013 Prezent - Legendy U V\u00e1s\",\"isPartOf\":{\"@id\":\"https:\/\/www.legendyuvas.cz\/#website\"},\"primaryImageOfPage\":{\"@id\":\"https:\/\/www.legendyuvas.cz\/pl\/produkt\/uniwersalny-voucher-samochodowy-prezent\/#primaryimage\"},\"image\":{\"@id\":\"https:\/\/www.legendyuvas.cz\/pl\/produkt\/uniwersalny-voucher-samochodowy-prezent\/#primaryimage\"},\"thumbnailUrl\":\"https:\/\/www.legendyuvas.cz\/wp-content\/uploads\/2023\/12\/InShot_20241115_102122962-scaled-e1731767372606.jpg\",\"datePublished\":\"2025-11-07T12:32:17+00:00\",\"dateModified\":\"2025-11-19T11:09:43+00:00\",\"description\":\"Adrenalina wra\u017ce\u0144 z Legendy u V\u00e1s \u2013 oryginalny prezent nie tylko dla m\u0119\u017cczyzn i mi\u0142o\u015bnik\u00f3w motoryzacji. Jazda samochodami sportowymi (Ferrari, Lamborghini, Porsche, ...) po torze wy\u015bcigowym i drogach publicznych.\",\"breadcrumb\":{\"@id\":\"https:\/\/www.legendyuvas.cz\/pl\/produkt\/uniwersalny-voucher-samochodowy-prezent\/#breadcrumb\"},\"inLanguage\":\"pl-PL\",\"potentialAction\":[{\"@type\":\"ReadAction\",\"target\":[\"https:\/\/www.legendyuvas.cz\/pl\/produkt\/uniwersalny-voucher-samochodowy-prezent\/\"]}]},{\"@type\":\"ImageObject\",\"inLanguage\":\"pl-PL\",\"@id\":\"https:\/\/www.legendyuvas.cz\/pl\/produkt\/uniwersalny-voucher-samochodowy-prezent\/#primaryimage\",\"url\":\"https:\/\/www.legendyuvas.cz\/wp-content\/uploads\/2023\/12\/InShot_20241115_102122962-scaled-e1731767372606.jpg\",\"contentUrl\":\"https:\/\/www.legendyuvas.cz\/wp-content\/uploads\/2023\/12\/InShot_20241115_102122962-scaled-e1731767372606.jpg\",\"width\":2560,\"height\":1476},{\"@type\":\"BreadcrumbList\",\"@id\":\"https:\/\/www.legendyuvas.cz\/pl\/produkt\/uniwersalny-voucher-samochodowy-prezent\/#breadcrumb\",\"itemListElement\":[{\"@type\":\"ListItem\",\"position\":1,\"name\":\"Dom\u016f\",\"item\":\"https:\/\/www.legendyuvas.cz\/\"},{\"@type\":\"ListItem\",\"position\":2,\"name\":\"Sklep\",\"item\":\"https:\/\/www.legendyuvas.cz\/pl\/sklep\/\"},{\"@type\":\"ListItem\",\"position\":3,\"name\":\"UNIWERSALNY VOUCHER SAMOCHODOWY \u2013 Prezent\"}]},{\"@type\":\"WebSite\",\"@id\":\"https:\/\/www.legendyuvas.cz\/#website\",\"url\":\"https:\/\/www.legendyuvas.cz\/\",\"name\":\"Legendy U V\u00e1s\",\"description\":\"Dechberouc\u00ed z\u00e1\u017eitky v autech a motork\u00e1ch\",\"publisher\":{\"@id\":\"https:\/\/www.legendyuvas.cz\/#organization\"},\"potentialAction\":[{\"@type\":\"SearchAction\",\"target\":{\"@type\":\"EntryPoint\",\"urlTemplate\":\"https:\/\/www.legendyuvas.cz\/?s={search_term_string}\"},\"query-input\":{\"@type\":\"PropertyValueSpecification\",\"valueRequired\":true,\"valueName\":\"search_term_string\"}}],\"inLanguage\":\"pl-PL\"},{\"@type\":\"Organization\",\"@id\":\"https:\/\/www.legendyuvas.cz\/#organization\",\"name\":\"Bontex2 s.r.o.\",\"url\":\"https:\/\/www.legendyuvas.cz\/\",\"logo\":{\"@type\":\"ImageObject\",\"inLanguage\":\"pl-PL\",\"@id\":\"https:\/\/www.legendyuvas.cz\/#\/schema\/logo\/image\/\",\"url\":\"https:\/\/www.legendyuvas.cz\/wp-content\/uploads\/2021\/03\/Legendy-u-Vas.jpg\",\"contentUrl\":\"https:\/\/www.legendyuvas.cz\/wp-content\/uploads\/2021\/03\/Legendy-u-Vas.jpg\",\"width\":400,\"height\":240,\"caption\":\"Bontex2 s.r.o.\"},\"image\":{\"@id\":\"https:\/\/www.legendyuvas.cz\/#\/schema\/logo\/image\/\"},\"sameAs\":[\"https:\/\/www.facebook.com\/autolegendyuvas\",\"https:\/\/www.facebook.com\/motolegendyuvas\",\"https:\/\/www.instagram.com\/autolegendyuvas\/\",\"https:\/\/www.instagram.com\/motolegendyuvas\/\"]}]}<\/script>\n<!-- \/ Yoast SEO plugin. -->","yoast_head_json":{"title":"UNIWERSALNY VOUCHER SAMOCHODOWY \u2013 Prezent - Legendy U V\u00e1s","description":"Adrenalina wra\u017ce\u0144 z Legendy u V\u00e1s \u2013 oryginalny prezent nie tylko dla m\u0119\u017cczyzn i mi\u0142o\u015bnik\u00f3w motoryzacji. Jazda samochodami sportowymi (Ferrari, Lamborghini, Porsche, ...) po torze wy\u015bcigowym i drogach publicznych.","robots":{"index":"index","follow":"follow","max-snippet":"max-snippet:-1","max-image-preview":"max-image-preview:large","max-video-preview":"max-video-preview:-1"},"canonical":"https:\/\/www.legendyuvas.cz\/pl\/produkt\/uniwersalny-voucher-samochodowy-prezent\/","og_locale":"pl_PL","og_type":"article","og_title":"UNIWERSALNY VOUCHER SAMOCHODOWY \u2013 Prezent - Legendy U V\u00e1s","og_description":"Adrenalina wra\u017ce\u0144 z Legendy u V\u00e1s \u2013 oryginalny prezent nie tylko dla m\u0119\u017cczyzn i mi\u0142o\u015bnik\u00f3w motoryzacji. Jazda samochodami sportowymi (Ferrari, Lamborghini, Porsche, ...) po torze wy\u015bcigowym i drogach publicznych.","og_url":"https:\/\/www.legendyuvas.cz\/pl\/produkt\/uniwersalny-voucher-samochodowy-prezent\/","og_site_name":"Legendy U V\u00e1s","article_publisher":"https:\/\/www.facebook.com\/autolegendyuvas","article_modified_time":"2025-11-19T11:09:43+00:00","og_image":[{"width":2560,"height":1476,"url":"https:\/\/www.legendyuvas.cz\/wp-content\/uploads\/2023\/12\/InShot_20241115_102122962-scaled-e1731767372606.jpg","type":"image\/jpeg"}],"twitter_card":"summary_large_image","twitter_misc":{"Szacowany czas czytania":"1 minuta"},"schema":{"@context":"https:\/\/schema.org","@graph":[{"@type":"WebPage","@id":"https:\/\/www.legendyuvas.cz\/pl\/produkt\/uniwersalny-voucher-samochodowy-prezent\/","url":"https:\/\/www.legendyuvas.cz\/pl\/produkt\/uniwersalny-voucher-samochodowy-prezent\/","name":"UNIWERSALNY VOUCHER SAMOCHODOWY \u2013 Prezent - Legendy U V\u00e1s","isPartOf":{"@id":"https:\/\/www.legendyuvas.cz\/#website"},"primaryImageOfPage":{"@id":"https:\/\/www.legendyuvas.cz\/pl\/produkt\/uniwersalny-voucher-samochodowy-prezent\/#primaryimage"},"image":{"@id":"https:\/\/www.legendyuvas.cz\/pl\/produkt\/uniwersalny-voucher-samochodowy-prezent\/#primaryimage"},"thumbnailUrl":"https:\/\/www.legendyuvas.cz\/wp-content\/uploads\/2023\/12\/InShot_20241115_102122962-scaled-e1731767372606.jpg","datePublished":"2025-11-07T12:32:17+00:00","dateModified":"2025-11-19T11:09:43+00:00","description":"Adrenalina wra\u017ce\u0144 z Legendy u V\u00e1s \u2013 oryginalny prezent nie tylko dla m\u0119\u017cczyzn i mi\u0142o\u015bnik\u00f3w motoryzacji. Jazda samochodami sportowymi (Ferrari, Lamborghini, Porsche, ...) po torze wy\u015bcigowym i drogach publicznych.","breadcrumb":{"@id":"https:\/\/www.legendyuvas.cz\/pl\/produkt\/uniwersalny-voucher-samochodowy-prezent\/#breadcrumb"},"inLanguage":"pl-PL","potentialAction":[{"@type":"ReadAction","target":["https:\/\/www.legendyuvas.cz\/pl\/produkt\/uniwersalny-voucher-samochodowy-prezent\/"]}]},{"@type":"ImageObject","inLanguage":"pl-PL","@id":"https:\/\/www.legendyuvas.cz\/pl\/produkt\/uniwersalny-voucher-samochodowy-prezent\/#primaryimage","url":"https:\/\/www.legendyuvas.cz\/wp-content\/uploads\/2023\/12\/InShot_20241115_102122962-scaled-e1731767372606.jpg","contentUrl":"https:\/\/www.legendyuvas.cz\/wp-content\/uploads\/2023\/12\/InShot_20241115_102122962-scaled-e1731767372606.jpg","width":2560,"height":1476},{"@type":"BreadcrumbList","@id":"https:\/\/www.legendyuvas.cz\/pl\/produkt\/uniwersalny-voucher-samochodowy-prezent\/#breadcrumb","itemListElement":[{"@type":"ListItem","position":1,"name":"Dom\u016f","item":"https:\/\/www.legendyuvas.cz\/"},{"@type":"ListItem","position":2,"name":"Sklep","item":"https:\/\/www.legendyuvas.cz\/pl\/sklep\/"},{"@type":"ListItem","position":3,"name":"UNIWERSALNY VOUCHER SAMOCHODOWY \u2013 Prezent"}]},{"@type":"WebSite","@id":"https:\/\/www.legendyuvas.cz\/#website","url":"https:\/\/www.legendyuvas.cz\/","name":"Legendy U V\u00e1s","description":"Dechberouc\u00ed z\u00e1\u017eitky v autech a motork\u00e1ch","publisher":{"@id":"https:\/\/www.legendyuvas.cz\/#organization"},"potentialAction":[{"@type":"SearchAction","target":{"@type":"EntryPoint","urlTemplate":"https:\/\/www.legendyuvas.cz\/?s={search_term_string}"},"query-input":{"@type":"PropertyValueSpecification","valueRequired":true,"valueName":"search_term_string"}}],"inLanguage":"pl-PL"},{"@type":"Organization","@id":"https:\/\/www.legendyuvas.cz\/#organization","name":"Bontex2 s.r.o.","url":"https:\/\/www.legendyuvas.cz\/","logo":{"@type":"ImageObject","inLanguage":"pl-PL","@id":"https:\/\/www.legendyuvas.cz\/#\/schema\/logo\/image\/","url":"https:\/\/www.legendyuvas.cz\/wp-content\/uploads\/2021\/03\/Legendy-u-Vas.jpg","contentUrl":"https:\/\/www.legendyuvas.cz\/wp-content\/uploads\/2021\/03\/Legendy-u-Vas.jpg","width":400,"height":240,"caption":"Bontex2 s.r.o."},"image":{"@id":"https:\/\/www.legendyuvas.cz\/#\/schema\/logo\/image\/"},"sameAs":["https:\/\/www.facebook.com\/autolegendyuvas","https:\/\/www.facebook.com\/motolegendyuvas","https:\/\/www.instagram.com\/autolegendyuvas\/","https:\/\/www.instagram.com\/motolegendyuvas\/"]}]}},"_links":{"self":[{"href":"https:\/\/www.legendyuvas.cz\/pl\/wp-json\/wp\/v2\/product\/33117","targetHints":{"allow":["GET"]}}],"collection":[{"href":"https:\/\/www.legendyuvas.cz\/pl\/wp-json\/wp\/v2\/product"}],"about":[{"href":"https:\/\/www.legendyuvas.cz\/pl\/wp-json\/wp\/v2\/types\/product"}],"replies":[{"embeddable":true,"href":"https:\/\/www.legendyuvas.cz\/pl\/wp-json\/wp\/v2\/comments?post=33117"}],"version-history":[{"count":2,"href":"https:\/\/www.legendyuvas.cz\/pl\/wp-json\/wp\/v2\/product\/33117\/revisions"}],"predecessor-version":[{"id":37170,"href":"https:\/\/www.legendyuvas.cz\/pl\/wp-json\/wp\/v2\/product\/33117\/revisions\/37170"}],"wp:featuredmedia":[{"embeddable":true,"href":"https:\/\/www.legendyuvas.cz\/pl\/wp-json\/wp\/v2\/media\/26179"}],"wp:attachment":[{"href":"https:\/\/www.legendyuvas.cz\/pl\/wp-json\/wp\/v2\/media?parent=33117"}],"wp:term":[{"taxonomy":"product_brand","embeddable":true,"href":"https:\/\/www.legendyuvas.cz\/pl\/wp-json\/wp\/v2\/product_brand?post=33117"},{"taxonomy":"product_cat","embeddable":true,"href":"https:\/\/www.legendyuvas.cz\/pl\/wp-json\/wp\/v2\/product_cat?post=33117"},{"taxonomy":"product_tag","embeddable":true,"href":"https:\/\/www.legendyuvas.cz\/pl\/wp-json\/wp\/v2\/product_tag?post=33117"}],"curies":[{"name":"wp","href":"https:\/\/api.w.org\/{rel}","templated":true}]}}