{"id":39082,"date":"2023-07-10T16:34:55","date_gmt":"2023-07-10T16:34:55","guid":{"rendered":"https:\/\/www.legendyuvas.cz\/produkt\/univerzalni-poukaz-moto-pl\/"},"modified":"2023-07-10T16:34:55","modified_gmt":"2023-07-10T16:34:55","slug":"univerzalni-poukaz-moto-pl","status":"publish","type":"product","link":"https:\/\/www.legendyuvas.cz\/pl\/produkt\/univerzalni-poukaz-moto-pl\/","title":{"rendered":"UNIVERZ\u00c1LN\u00cd POUKAZ MOTO PL"},"content":{"rendered":"<p data-start=\"1231\" data-end=\"1527\"><strong data-start=\"1231\" data-end=\"1268\">Podaruj prze\u017cycie na dw\u00f3ch ko\u0142ach<\/strong><br data-start=\"1268\" data-end=\"1271\" \/>Fantastyczny prezent to taki, kt\u00f3ry w sercu obdarowanego pozostawia niezapomniany \u015blad przygody i ekscytacji. Opu\u015b\u0107 zwyk\u0142\u0105 drog\u0119 materialnych prezent\u00f3w i zast\u0105p j\u0105 ekscytuj\u0105cym do\u015bwiadczeniem z jazdy, kt\u00f3re poprowadzi obdarowanego na \u015bcie\u017ck\u0119 pe\u0142n\u0105 przyg\u00f3d.<\/p>\n<p data-start=\"1529\" data-end=\"1857\"><strong data-start=\"1529\" data-end=\"1552\">Wysoka elastyczno\u015b\u0107<\/strong><br data-start=\"1552\" data-end=\"1555\" \/>Nasza obszerna kolekcja motocykli obejmuje zar\u00f3wno legendarne maszyny marek takich jak JAWA, jak i nowoczesne szybkie motocykle od CFMOTO, BMW i HONDA. Ka\u017cdy znajdzie tu motocykl, na kt\u00f3rym b\u0119dzie chcia\u0142 si\u0119 przejecha\u0107, niezale\u017cnie od tego, czy woli klasyk\u0119, czy nowocze\u015bniejsze turystyki i scramblery.<\/p>\n<p data-start=\"1859\" data-end=\"2089\"><strong data-start=\"1859\" data-end=\"1900\">Gwarancja satysfakcji bez kompromis\u00f3w<\/strong><br data-start=\"1900\" data-end=\"1903\" \/>Stawiamy na uczciwe i przyjazne podej\u015bcie, a satysfakcja klienta jest dla nas najwa\u017cniejsza. Mo\u017cesz by\u0107 pewny, \u017ce nasze motocykle s\u0105 zawsze w perfekcyjnym stanie i na drodze nie zawiod\u0105.<\/p>\n<p data-start=\"2091\" data-end=\"2249\">Voucher od nas jest wa\u017cny przez 12 miesi\u0119cy, co daje obdarowanemu wystarczaj\u0105co du\u017co czasu na zaplanowanie swojej jazdy. To prezent, kt\u00f3rego si\u0119 nie zapomina.<\/p>\n<p data-start=\"2251\" data-end=\"2361\">Nie pobieramy \u017cadnych obowi\u0105zkowych dop\u0142at, a ubezpieczenie na wypadek kradzie\u017cy lub wypadku jest ju\u017c w cenie.<\/p>\n","protected":false},"excerpt":{"rendered":"<p>Podaruj prze\u017cycie na dw\u00f3ch ko\u0142achFantastyczny prezent to taki, kt\u00f3ry w sercu obdarowanego pozostawia niezapomniany \u015blad przygody i ekscytacji. Opu\u015b\u0107 zwyk\u0142\u0105 drog\u0119 materialnych prezent\u00f3w i zast\u0105p j\u0105 ekscytuj\u0105cym do\u015bwiadczeniem z jazdy, kt\u00f3re poprowadzi obdarowanego na \u015bcie\u017ck\u0119 pe\u0142n\u0105 przyg\u00f3d. Wysoka elastyczno\u015b\u0107Nasza obszerna kolekcja motocykli obejmuje zar\u00f3wno legendarne maszyny marek takich jak JAWA, jak i nowoczesne szybkie motocykle [&hellip;]<\/p>\n","protected":false},"featured_media":20527,"comment_status":"open","ping_status":"closed","template":"","meta":[],"product_brand":[],"product_cat":[463],"product_tag":[],"class_list":{"0":"post-39082","1":"product","2":"type-product","3":"status-publish","4":"has-post-thumbnail","6":"product_cat-motocykle","8":"first","9":"instock","10":"shipping-taxable","11":"purchasable","12":"product-type-variable"},"yoast_head":"<!-- This site is optimized with the Yoast SEO plugin v24.8.1 - https:\/\/yoast.com\/wordpress\/plugins\/seo\/ -->\n<title>UNIVERZ\u00c1LN\u00cd POUKAZ MOTO PL - Legendy U V\u00e1s<\/title>\n<meta name=\"robots\" content=\"index, follow, max-snippet:-1, max-image-preview:large, max-video-preview:-1\" \/>\n<link rel=\"canonical\" href=\"https:\/\/www.legendyuvas.cz\/pl\/produkt\/univerzalni-poukaz-moto-pl\/\" \/>\n<meta property=\"og:locale\" content=\"pl_PL\" \/>\n<meta property=\"og:type\" content=\"article\" \/>\n<meta property=\"og:title\" content=\"UNIVERZ\u00c1LN\u00cd POUKAZ MOTO PL - Legendy U V\u00e1s\" \/>\n<meta property=\"og:description\" content=\"Podaruj prze\u017cycie na dw\u00f3ch ko\u0142achFantastyczny prezent to taki, kt\u00f3ry w sercu obdarowanego pozostawia niezapomniany \u015blad przygody i ekscytacji. Opu\u015b\u0107 zwyk\u0142\u0105 drog\u0119 materialnych prezent\u00f3w i zast\u0105p j\u0105 ekscytuj\u0105cym do\u015bwiadczeniem z jazdy, kt\u00f3re poprowadzi obdarowanego na \u015bcie\u017ck\u0119 pe\u0142n\u0105 przyg\u00f3d. Wysoka elastyczno\u015b\u0107Nasza obszerna kolekcja motocykli obejmuje zar\u00f3wno legendarne maszyny marek takich jak JAWA, jak i nowoczesne szybkie motocykle [&hellip;]\" \/>\n<meta property=\"og:url\" content=\"https:\/\/www.legendyuvas.cz\/pl\/produkt\/univerzalni-poukaz-moto-pl\/\" \/>\n<meta property=\"og:site_name\" content=\"Legendy U V\u00e1s\" \/>\n<meta property=\"article:publisher\" content=\"https:\/\/www.facebook.com\/autolegendyuvas\" \/>\n<meta property=\"og:image\" content=\"https:\/\/www.legendyuvas.cz\/wp-content\/uploads\/2023\/06\/C5D_0272-1-min-scaled.jpg\" \/>\n\t<meta property=\"og:image:width\" content=\"2560\" \/>\n\t<meta property=\"og:image:height\" content=\"1707\" \/>\n\t<meta property=\"og:image:type\" content=\"image\/jpeg\" \/>\n<meta name=\"twitter:card\" content=\"summary_large_image\" \/>\n<meta name=\"twitter:label1\" content=\"Szacowany czas czytania\" \/>\n\t<meta name=\"twitter:data1\" content=\"1 minuta\" \/>\n<script type=\"application\/ld+json\" class=\"yoast-schema-graph\">{\"@context\":\"https:\/\/schema.org\",\"@graph\":[{\"@type\":\"WebPage\",\"@id\":\"https:\/\/www.legendyuvas.cz\/pl\/produkt\/univerzalni-poukaz-moto-pl\/\",\"url\":\"https:\/\/www.legendyuvas.cz\/pl\/produkt\/univerzalni-poukaz-moto-pl\/\",\"name\":\"UNIVERZ\u00c1LN\u00cd POUKAZ MOTO PL - Legendy U V\u00e1s\",\"isPartOf\":{\"@id\":\"https:\/\/www.legendyuvas.cz\/#website\"},\"primaryImageOfPage\":{\"@id\":\"https:\/\/www.legendyuvas.cz\/pl\/produkt\/univerzalni-poukaz-moto-pl\/#primaryimage\"},\"image\":{\"@id\":\"https:\/\/www.legendyuvas.cz\/pl\/produkt\/univerzalni-poukaz-moto-pl\/#primaryimage\"},\"thumbnailUrl\":\"https:\/\/www.legendyuvas.cz\/wp-content\/uploads\/2023\/06\/C5D_0272-1-min-scaled.jpg\",\"datePublished\":\"2023-07-10T16:34:55+00:00\",\"breadcrumb\":{\"@id\":\"https:\/\/www.legendyuvas.cz\/pl\/produkt\/univerzalni-poukaz-moto-pl\/#breadcrumb\"},\"inLanguage\":\"pl-PL\",\"potentialAction\":[{\"@type\":\"ReadAction\",\"target\":[\"https:\/\/www.legendyuvas.cz\/pl\/produkt\/univerzalni-poukaz-moto-pl\/\"]}]},{\"@type\":\"ImageObject\",\"inLanguage\":\"pl-PL\",\"@id\":\"https:\/\/www.legendyuvas.cz\/pl\/produkt\/univerzalni-poukaz-moto-pl\/#primaryimage\",\"url\":\"https:\/\/www.legendyuvas.cz\/wp-content\/uploads\/2023\/06\/C5D_0272-1-min-scaled.jpg\",\"contentUrl\":\"https:\/\/www.legendyuvas.cz\/wp-content\/uploads\/2023\/06\/C5D_0272-1-min-scaled.jpg\",\"width\":2560,\"height\":1707},{\"@type\":\"BreadcrumbList\",\"@id\":\"https:\/\/www.legendyuvas.cz\/pl\/produkt\/univerzalni-poukaz-moto-pl\/#breadcrumb\",\"itemListElement\":[{\"@type\":\"ListItem\",\"position\":1,\"name\":\"Dom\u016f\",\"item\":\"https:\/\/www.legendyuvas.cz\/\"},{\"@type\":\"ListItem\",\"position\":2,\"name\":\"Sklep\",\"item\":\"https:\/\/www.legendyuvas.cz\/pl\/sklep\/\"},{\"@type\":\"ListItem\",\"position\":3,\"name\":\"UNIVERZ\u00c1LN\u00cd POUKAZ MOTO PL\"}]},{\"@type\":\"WebSite\",\"@id\":\"https:\/\/www.legendyuvas.cz\/#website\",\"url\":\"https:\/\/www.legendyuvas.cz\/\",\"name\":\"Legendy U V\u00e1s\",\"description\":\"Dechberouc\u00ed z\u00e1\u017eitky v autech a motork\u00e1ch\",\"publisher\":{\"@id\":\"https:\/\/www.legendyuvas.cz\/#organization\"},\"potentialAction\":[{\"@type\":\"SearchAction\",\"target\":{\"@type\":\"EntryPoint\",\"urlTemplate\":\"https:\/\/www.legendyuvas.cz\/?s={search_term_string}\"},\"query-input\":{\"@type\":\"PropertyValueSpecification\",\"valueRequired\":true,\"valueName\":\"search_term_string\"}}],\"inLanguage\":\"pl-PL\"},{\"@type\":\"Organization\",\"@id\":\"https:\/\/www.legendyuvas.cz\/#organization\",\"name\":\"Bontex2 s.r.o.\",\"url\":\"https:\/\/www.legendyuvas.cz\/\",\"logo\":{\"@type\":\"ImageObject\",\"inLanguage\":\"pl-PL\",\"@id\":\"https:\/\/www.legendyuvas.cz\/#\/schema\/logo\/image\/\",\"url\":\"https:\/\/www.legendyuvas.cz\/wp-content\/uploads\/2021\/03\/Legendy-u-Vas.jpg\",\"contentUrl\":\"https:\/\/www.legendyuvas.cz\/wp-content\/uploads\/2021\/03\/Legendy-u-Vas.jpg\",\"width\":400,\"height\":240,\"caption\":\"Bontex2 s.r.o.\"},\"image\":{\"@id\":\"https:\/\/www.legendyuvas.cz\/#\/schema\/logo\/image\/\"},\"sameAs\":[\"https:\/\/www.facebook.com\/autolegendyuvas\",\"https:\/\/www.facebook.com\/motolegendyuvas\",\"https:\/\/www.instagram.com\/autolegendyuvas\/\",\"https:\/\/www.instagram.com\/motolegendyuvas\/\"]}]}<\/script>\n<!-- \/ Yoast SEO plugin. -->","yoast_head_json":{"title":"UNIVERZ\u00c1LN\u00cd POUKAZ MOTO PL - Legendy U V\u00e1s","robots":{"index":"index","follow":"follow","max-snippet":"max-snippet:-1","max-image-preview":"max-image-preview:large","max-video-preview":"max-video-preview:-1"},"canonical":"https:\/\/www.legendyuvas.cz\/pl\/produkt\/univerzalni-poukaz-moto-pl\/","og_locale":"pl_PL","og_type":"article","og_title":"UNIVERZ\u00c1LN\u00cd POUKAZ MOTO PL - Legendy U V\u00e1s","og_description":"Podaruj prze\u017cycie na dw\u00f3ch ko\u0142achFantastyczny prezent to taki, kt\u00f3ry w sercu obdarowanego pozostawia niezapomniany \u015blad przygody i ekscytacji. Opu\u015b\u0107 zwyk\u0142\u0105 drog\u0119 materialnych prezent\u00f3w i zast\u0105p j\u0105 ekscytuj\u0105cym do\u015bwiadczeniem z jazdy, kt\u00f3re poprowadzi obdarowanego na \u015bcie\u017ck\u0119 pe\u0142n\u0105 przyg\u00f3d. Wysoka elastyczno\u015b\u0107Nasza obszerna kolekcja motocykli obejmuje zar\u00f3wno legendarne maszyny marek takich jak JAWA, jak i nowoczesne szybkie motocykle [&hellip;]","og_url":"https:\/\/www.legendyuvas.cz\/pl\/produkt\/univerzalni-poukaz-moto-pl\/","og_site_name":"Legendy U V\u00e1s","article_publisher":"https:\/\/www.facebook.com\/autolegendyuvas","og_image":[{"width":2560,"height":1707,"url":"https:\/\/www.legendyuvas.cz\/wp-content\/uploads\/2023\/06\/C5D_0272-1-min-scaled.jpg","type":"image\/jpeg"}],"twitter_card":"summary_large_image","twitter_misc":{"Szacowany czas czytania":"1 minuta"},"schema":{"@context":"https:\/\/schema.org","@graph":[{"@type":"WebPage","@id":"https:\/\/www.legendyuvas.cz\/pl\/produkt\/univerzalni-poukaz-moto-pl\/","url":"https:\/\/www.legendyuvas.cz\/pl\/produkt\/univerzalni-poukaz-moto-pl\/","name":"UNIVERZ\u00c1LN\u00cd POUKAZ MOTO PL - Legendy U V\u00e1s","isPartOf":{"@id":"https:\/\/www.legendyuvas.cz\/#website"},"primaryImageOfPage":{"@id":"https:\/\/www.legendyuvas.cz\/pl\/produkt\/univerzalni-poukaz-moto-pl\/#primaryimage"},"image":{"@id":"https:\/\/www.legendyuvas.cz\/pl\/produkt\/univerzalni-poukaz-moto-pl\/#primaryimage"},"thumbnailUrl":"https:\/\/www.legendyuvas.cz\/wp-content\/uploads\/2023\/06\/C5D_0272-1-min-scaled.jpg","datePublished":"2023-07-10T16:34:55+00:00","breadcrumb":{"@id":"https:\/\/www.legendyuvas.cz\/pl\/produkt\/univerzalni-poukaz-moto-pl\/#breadcrumb"},"inLanguage":"pl-PL","potentialAction":[{"@type":"ReadAction","target":["https:\/\/www.legendyuvas.cz\/pl\/produkt\/univerzalni-poukaz-moto-pl\/"]}]},{"@type":"ImageObject","inLanguage":"pl-PL","@id":"https:\/\/www.legendyuvas.cz\/pl\/produkt\/univerzalni-poukaz-moto-pl\/#primaryimage","url":"https:\/\/www.legendyuvas.cz\/wp-content\/uploads\/2023\/06\/C5D_0272-1-min-scaled.jpg","contentUrl":"https:\/\/www.legendyuvas.cz\/wp-content\/uploads\/2023\/06\/C5D_0272-1-min-scaled.jpg","width":2560,"height":1707},{"@type":"BreadcrumbList","@id":"https:\/\/www.legendyuvas.cz\/pl\/produkt\/univerzalni-poukaz-moto-pl\/#breadcrumb","itemListElement":[{"@type":"ListItem","position":1,"name":"Dom\u016f","item":"https:\/\/www.legendyuvas.cz\/"},{"@type":"ListItem","position":2,"name":"Sklep","item":"https:\/\/www.legendyuvas.cz\/pl\/sklep\/"},{"@type":"ListItem","position":3,"name":"UNIVERZ\u00c1LN\u00cd POUKAZ MOTO PL"}]},{"@type":"WebSite","@id":"https:\/\/www.legendyuvas.cz\/#website","url":"https:\/\/www.legendyuvas.cz\/","name":"Legendy U V\u00e1s","description":"Dechberouc\u00ed z\u00e1\u017eitky v autech a motork\u00e1ch","publisher":{"@id":"https:\/\/www.legendyuvas.cz\/#organization"},"potentialAction":[{"@type":"SearchAction","target":{"@type":"EntryPoint","urlTemplate":"https:\/\/www.legendyuvas.cz\/?s={search_term_string}"},"query-input":{"@type":"PropertyValueSpecification","valueRequired":true,"valueName":"search_term_string"}}],"inLanguage":"pl-PL"},{"@type":"Organization","@id":"https:\/\/www.legendyuvas.cz\/#organization","name":"Bontex2 s.r.o.","url":"https:\/\/www.legendyuvas.cz\/","logo":{"@type":"ImageObject","inLanguage":"pl-PL","@id":"https:\/\/www.legendyuvas.cz\/#\/schema\/logo\/image\/","url":"https:\/\/www.legendyuvas.cz\/wp-content\/uploads\/2021\/03\/Legendy-u-Vas.jpg","contentUrl":"https:\/\/www.legendyuvas.cz\/wp-content\/uploads\/2021\/03\/Legendy-u-Vas.jpg","width":400,"height":240,"caption":"Bontex2 s.r.o."},"image":{"@id":"https:\/\/www.legendyuvas.cz\/#\/schema\/logo\/image\/"},"sameAs":["https:\/\/www.facebook.com\/autolegendyuvas","https:\/\/www.facebook.com\/motolegendyuvas","https:\/\/www.instagram.com\/autolegendyuvas\/","https:\/\/www.instagram.com\/motolegendyuvas\/"]}]}},"_links":{"self":[{"href":"https:\/\/www.legendyuvas.cz\/pl\/wp-json\/wp\/v2\/product\/39082","targetHints":{"allow":["GET"]}}],"collection":[{"href":"https:\/\/www.legendyuvas.cz\/pl\/wp-json\/wp\/v2\/product"}],"about":[{"href":"https:\/\/www.legendyuvas.cz\/pl\/wp-json\/wp\/v2\/types\/product"}],"replies":[{"embeddable":true,"href":"https:\/\/www.legendyuvas.cz\/pl\/wp-json\/wp\/v2\/comments?post=39082"}],"version-history":[{"count":0,"href":"https:\/\/www.legendyuvas.cz\/pl\/wp-json\/wp\/v2\/product\/39082\/revisions"}],"wp:featuredmedia":[{"embeddable":true,"href":"https:\/\/www.legendyuvas.cz\/pl\/wp-json\/wp\/v2\/media\/20527"}],"wp:attachment":[{"href":"https:\/\/www.legendyuvas.cz\/pl\/wp-json\/wp\/v2\/media?parent=39082"}],"wp:term":[{"taxonomy":"product_brand","embeddable":true,"href":"https:\/\/www.legendyuvas.cz\/pl\/wp-json\/wp\/v2\/product_brand?post=39082"},{"taxonomy":"product_cat","embeddable":true,"href":"https:\/\/www.legendyuvas.cz\/pl\/wp-json\/wp\/v2\/product_cat?post=39082"},{"taxonomy":"product_tag","embeddable":true,"href":"https:\/\/www.legendyuvas.cz\/pl\/wp-json\/wp\/v2\/product_tag?post=39082"}],"curies":[{"name":"wp","href":"https:\/\/api.w.org\/{rel}","templated":true}]}}