{"id":39129,"date":"2025-11-26T10:53:22","date_gmt":"2025-11-26T10:53:22","guid":{"rendered":"https:\/\/www.legendyuvas.cz\/produkt\/bmw-m3-f80-at\/"},"modified":"2025-12-27T00:02:21","modified_gmt":"2025-12-27T00:02:21","slug":"bmw-m3-f80-at","status":"publish","type":"product","link":"https:\/\/www.legendyuvas.cz\/pl\/produkt\/bmw-m3-f80-at\/","title":{"rendered":"BMW M3 F80 (AT)"},"content":{"rendered":"<p data-start=\"1227\" data-end=\"1457\"><strong data-start=\"1227\" data-end=\"1263\">Niemiecki lew sportowych sedan\u00f3w<\/strong><br data-start=\"1263\" data-end=\"1266\" \/>BMW M3 F80, arcydzie\u0142o in\u017cynieryjne, zaprasza do \u015bwiata nieko\u0144cz\u0105cej si\u0119 ekscytacji i niezr\u00f3wnanej dynamiki. Ka\u017cda jazda tym autem to wspania\u0142a symfonia mocy, kontroli i czystej przyjemno\u015bci.<\/p>\n<p data-start=\"1459\" data-end=\"1723\">Pod mask\u0105 kryje si\u0119 3,0-litrowy sze\u015bciocylindrowy silnik z podw\u00f3jnym turbodo\u0142adowaniem, generuj\u0105cy imponuj\u0105ce 431 KM. Przyspieszenie od 0 do 100 km\/h w zaledwie 4,1 sekundy dzi\u0119ki automatycznej skrzyni dwusprz\u0119g\u0142owej (DCT) wprowadza kierowc\u0119 w intensywne doznania.<\/p>\n<p data-start=\"1725\" data-end=\"2070\">Oczekuj, \u017ce staniesz si\u0119 dyrygentem w\u0142asnej symfonii. Du\u017ca pr\u0119dko\u015b\u0107, pot\u0119\u017cny d\u017awi\u0119k silnika, piszcz\u0105ce opony i napi\u0119cie w ca\u0142ym ciele. Opr\u00f3cz w\u0142asnych wra\u017ce\u0144 z jazdy tym imponuj\u0105cym samochodem, masz r\u00f3wnie\u017c mo\u017cliwo\u015b\u0107 prze\u017cycia do\u015bwiadczenia z profesjonalnym kierowc\u0105, kt\u00f3ry poka\u017ce Ci, jak opanowa\u0107 t\u0119 niemieck\u0105 pi\u0119kno\u015b\u0107 do granic jej mo\u017cliwo\u015bci.<\/p>\n<p data-start=\"2072\" data-end=\"2345\">Podaruj swoim bliskim wyj\u0105tkow\u0105 okazj\u0119, aby sta\u0107 si\u0119 cz\u0119\u015bci\u0105 tej symfonii. BMW M3 F80 to nie tylko samoch\u00f3d \u2013 to do\u015bwiadczenie, kt\u00f3re pozostawia niezatarte wra\u017cenie u ka\u017cdego, kto mia\u0142 zaszczyt si\u0119 nim przejecha\u0107. Nie czekaj i zarezerwuj t\u0119 niezapomnian\u0105 przygod\u0119 ju\u017c dzi\u015b.<\/p>\n","protected":false},"excerpt":{"rendered":"<p>Niemiecki lew sportowych sedan\u00f3wBMW M3 F80, arcydzie\u0142o in\u017cynieryjne, zaprasza do \u015bwiata nieko\u0144cz\u0105cej si\u0119 ekscytacji i niezr\u00f3wnanej dynamiki. Ka\u017cda jazda tym autem to wspania\u0142a symfonia mocy, kontroli i czystej przyjemno\u015bci. Pod mask\u0105 kryje si\u0119 3,0-litrowy sze\u015bciocylindrowy silnik z podw\u00f3jnym turbodo\u0142adowaniem, generuj\u0105cy imponuj\u0105ce 431 KM. Przyspieszenie od 0 do 100 km\/h w zaledwie 4,1 sekundy dzi\u0119ki automatycznej [&hellip;]<\/p>\n","protected":false},"featured_media":41218,"comment_status":"open","ping_status":"closed","template":"","meta":[],"product_brand":[],"product_cat":[452],"product_tag":[],"class_list":{"0":"post-39129","1":"product","2":"type-product","3":"status-publish","4":"has-post-thumbnail","6":"product_cat-auta","8":"first","9":"instock","10":"shipping-taxable","11":"purchasable","12":"product-type-variable"},"yoast_head":"<!-- This site is optimized with the Yoast SEO plugin v24.8.1 - https:\/\/yoast.com\/wordpress\/plugins\/seo\/ -->\n<title>BMW M3 F80 (AT) - Legendy U V\u00e1s<\/title>\n<meta name=\"description\" content=\"Adrenalinowe prze\u017cycie z Legendy U V\u00e1s \u2013 oryginalny prezent nie tylko dla m\u0119\u017cczyzn i mi\u0142o\u015bnik\u00f3w motoryzacji. Jazda w samochodach sportowych (Ferrari, Lamborghini, Porsche, ...) na torze wy\u015bcigowym oraz na drogach lokalnych.\" \/>\n<meta name=\"robots\" content=\"index, follow, max-snippet:-1, max-image-preview:large, max-video-preview:-1\" \/>\n<link rel=\"canonical\" href=\"https:\/\/www.legendyuvas.cz\/produkt\/taxi-jizda-v-bmw-m3\/\" \/>\n<meta property=\"og:locale\" content=\"pl_PL\" \/>\n<meta property=\"og:type\" content=\"article\" \/>\n<meta property=\"og:title\" content=\"BMW M3 F80 (AT) - Legendy U V\u00e1s\" \/>\n<meta property=\"og:description\" content=\"Adrenalinowe prze\u017cycie z Legendy U V\u00e1s \u2013 oryginalny prezent nie tylko dla m\u0119\u017cczyzn i mi\u0142o\u015bnik\u00f3w motoryzacji. Jazda w samochodach sportowych (Ferrari, Lamborghini, Porsche, ...) na torze wy\u015bcigowym oraz na drogach lokalnych.\" \/>\n<meta property=\"og:url\" content=\"https:\/\/www.legendyuvas.cz\/produkt\/taxi-jizda-v-bmw-m3\/\" \/>\n<meta property=\"og:site_name\" content=\"Legendy U V\u00e1s\" \/>\n<meta property=\"article:publisher\" content=\"https:\/\/www.facebook.com\/autolegendyuvas\" \/>\n<meta property=\"article:modified_time\" content=\"2025-12-27T00:02:21+00:00\" \/>\n<meta property=\"og:image\" content=\"https:\/\/www.legendyuvas.cz\/wp-content\/uploads\/2023\/07\/typeelementorsiteurlhttpswww.legendyuvas.czwp-jsonelementsidba0c5c1elTypewidgetisInnerfalseisLockedfalsesettingsbg_imageurlhttpswww.legendyuvas.czwp-contentuploads202410DSC_0620-2-scale-11.jpg\" \/>\n\t<meta property=\"og:image:width\" content=\"2048\" \/>\n\t<meta property=\"og:image:height\" content=\"1365\" \/>\n\t<meta property=\"og:image:type\" content=\"image\/jpeg\" \/>\n<meta name=\"twitter:card\" content=\"summary_large_image\" \/>\n<meta name=\"twitter:label1\" content=\"Szacowany czas czytania\" \/>\n\t<meta name=\"twitter:data1\" content=\"1 minuta\" \/>\n<script type=\"application\/ld+json\" class=\"yoast-schema-graph\">{\"@context\":\"https:\/\/schema.org\",\"@graph\":[{\"@type\":\"WebPage\",\"@id\":\"https:\/\/www.legendyuvas.cz\/produkt\/taxi-jizda-v-bmw-m3\/\",\"url\":\"https:\/\/www.legendyuvas.cz\/produkt\/taxi-jizda-v-bmw-m3\/\",\"name\":\"BMW M3 F80 (AT) - Legendy U V\u00e1s\",\"isPartOf\":{\"@id\":\"https:\/\/www.legendyuvas.cz\/#website\"},\"primaryImageOfPage\":{\"@id\":\"https:\/\/www.legendyuvas.cz\/produkt\/taxi-jizda-v-bmw-m3\/#primaryimage\"},\"image\":{\"@id\":\"https:\/\/www.legendyuvas.cz\/produkt\/taxi-jizda-v-bmw-m3\/#primaryimage\"},\"thumbnailUrl\":\"https:\/\/www.legendyuvas.cz\/wp-content\/uploads\/2025\/11\/R1PF3899-scaled-1.webp\",\"datePublished\":\"2025-11-26T10:53:22+00:00\",\"dateModified\":\"2025-12-27T00:02:21+00:00\",\"description\":\"Adrenalinowe prze\u017cycie z Legendy U V\u00e1s \u2013 oryginalny prezent nie tylko dla m\u0119\u017cczyzn i mi\u0142o\u015bnik\u00f3w motoryzacji. Jazda w samochodach sportowych (Ferrari, Lamborghini, Porsche, ...) na torze wy\u015bcigowym oraz na drogach lokalnych.\",\"breadcrumb\":{\"@id\":\"https:\/\/www.legendyuvas.cz\/produkt\/taxi-jizda-v-bmw-m3\/#breadcrumb\"},\"inLanguage\":\"pl-PL\",\"potentialAction\":[{\"@type\":\"ReadAction\",\"target\":[\"https:\/\/www.legendyuvas.cz\/produkt\/taxi-jizda-v-bmw-m3\/\"]}]},{\"@type\":\"ImageObject\",\"inLanguage\":\"pl-PL\",\"@id\":\"https:\/\/www.legendyuvas.cz\/produkt\/taxi-jizda-v-bmw-m3\/#primaryimage\",\"url\":\"https:\/\/www.legendyuvas.cz\/wp-content\/uploads\/2025\/11\/R1PF3899-scaled-1.webp\",\"contentUrl\":\"https:\/\/www.legendyuvas.cz\/wp-content\/uploads\/2025\/11\/R1PF3899-scaled-1.webp\",\"width\":2560,\"height\":1707},{\"@type\":\"BreadcrumbList\",\"@id\":\"https:\/\/www.legendyuvas.cz\/produkt\/taxi-jizda-v-bmw-m3\/#breadcrumb\",\"itemListElement\":[{\"@type\":\"ListItem\",\"position\":1,\"name\":\"Dom\u016f\",\"item\":\"https:\/\/www.legendyuvas.cz\/\"},{\"@type\":\"ListItem\",\"position\":2,\"name\":\"Sklep\",\"item\":\"https:\/\/www.legendyuvas.cz\/pl\/sklep\/\"},{\"@type\":\"ListItem\",\"position\":3,\"name\":\"BMW M3 F80 (AT)\"}]},{\"@type\":\"WebSite\",\"@id\":\"https:\/\/www.legendyuvas.cz\/#website\",\"url\":\"https:\/\/www.legendyuvas.cz\/\",\"name\":\"Legendy U V\u00e1s\",\"description\":\"Dechberouc\u00ed z\u00e1\u017eitky v autech a motork\u00e1ch\",\"publisher\":{\"@id\":\"https:\/\/www.legendyuvas.cz\/#organization\"},\"potentialAction\":[{\"@type\":\"SearchAction\",\"target\":{\"@type\":\"EntryPoint\",\"urlTemplate\":\"https:\/\/www.legendyuvas.cz\/?s={search_term_string}\"},\"query-input\":{\"@type\":\"PropertyValueSpecification\",\"valueRequired\":true,\"valueName\":\"search_term_string\"}}],\"inLanguage\":\"pl-PL\"},{\"@type\":\"Organization\",\"@id\":\"https:\/\/www.legendyuvas.cz\/#organization\",\"name\":\"Bontex2 s.r.o.\",\"url\":\"https:\/\/www.legendyuvas.cz\/\",\"logo\":{\"@type\":\"ImageObject\",\"inLanguage\":\"pl-PL\",\"@id\":\"https:\/\/www.legendyuvas.cz\/#\/schema\/logo\/image\/\",\"url\":\"https:\/\/www.legendyuvas.cz\/wp-content\/uploads\/2021\/03\/Legendy-u-Vas.jpg\",\"contentUrl\":\"https:\/\/www.legendyuvas.cz\/wp-content\/uploads\/2021\/03\/Legendy-u-Vas.jpg\",\"width\":400,\"height\":240,\"caption\":\"Bontex2 s.r.o.\"},\"image\":{\"@id\":\"https:\/\/www.legendyuvas.cz\/#\/schema\/logo\/image\/\"},\"sameAs\":[\"https:\/\/www.facebook.com\/autolegendyuvas\",\"https:\/\/www.facebook.com\/motolegendyuvas\",\"https:\/\/www.instagram.com\/autolegendyuvas\/\",\"https:\/\/www.instagram.com\/motolegendyuvas\/\"]}]}<\/script>\n<!-- \/ Yoast SEO plugin. -->","yoast_head_json":{"title":"BMW M3 F80 (AT) - Legendy U V\u00e1s","description":"Adrenalinowe prze\u017cycie z Legendy U V\u00e1s \u2013 oryginalny prezent nie tylko dla m\u0119\u017cczyzn i mi\u0142o\u015bnik\u00f3w motoryzacji. Jazda w samochodach sportowych (Ferrari, Lamborghini, Porsche, ...) na torze wy\u015bcigowym oraz na drogach lokalnych.","robots":{"index":"index","follow":"follow","max-snippet":"max-snippet:-1","max-image-preview":"max-image-preview:large","max-video-preview":"max-video-preview:-1"},"canonical":"https:\/\/www.legendyuvas.cz\/produkt\/taxi-jizda-v-bmw-m3\/","og_locale":"pl_PL","og_type":"article","og_title":"BMW M3 F80 (AT) - Legendy U V\u00e1s","og_description":"Adrenalinowe prze\u017cycie z Legendy U V\u00e1s \u2013 oryginalny prezent nie tylko dla m\u0119\u017cczyzn i mi\u0142o\u015bnik\u00f3w motoryzacji. Jazda w samochodach sportowych (Ferrari, Lamborghini, Porsche, ...) na torze wy\u015bcigowym oraz na drogach lokalnych.","og_url":"https:\/\/www.legendyuvas.cz\/produkt\/taxi-jizda-v-bmw-m3\/","og_site_name":"Legendy U V\u00e1s","article_publisher":"https:\/\/www.facebook.com\/autolegendyuvas","article_modified_time":"2025-12-27T00:02:21+00:00","og_image":[{"width":2048,"height":1365,"url":"https:\/\/www.legendyuvas.cz\/wp-content\/uploads\/2023\/07\/typeelementorsiteurlhttpswww.legendyuvas.czwp-jsonelementsidba0c5c1elTypewidgetisInnerfalseisLockedfalsesettingsbg_imageurlhttpswww.legendyuvas.czwp-contentuploads202410DSC_0620-2-scale-11.jpg","type":"image\/jpeg"}],"twitter_card":"summary_large_image","twitter_misc":{"Szacowany czas czytania":"1 minuta"},"schema":{"@context":"https:\/\/schema.org","@graph":[{"@type":"WebPage","@id":"https:\/\/www.legendyuvas.cz\/produkt\/taxi-jizda-v-bmw-m3\/","url":"https:\/\/www.legendyuvas.cz\/produkt\/taxi-jizda-v-bmw-m3\/","name":"BMW M3 F80 (AT) - Legendy U V\u00e1s","isPartOf":{"@id":"https:\/\/www.legendyuvas.cz\/#website"},"primaryImageOfPage":{"@id":"https:\/\/www.legendyuvas.cz\/produkt\/taxi-jizda-v-bmw-m3\/#primaryimage"},"image":{"@id":"https:\/\/www.legendyuvas.cz\/produkt\/taxi-jizda-v-bmw-m3\/#primaryimage"},"thumbnailUrl":"https:\/\/www.legendyuvas.cz\/wp-content\/uploads\/2025\/11\/R1PF3899-scaled-1.webp","datePublished":"2025-11-26T10:53:22+00:00","dateModified":"2025-12-27T00:02:21+00:00","description":"Adrenalinowe prze\u017cycie z Legendy U V\u00e1s \u2013 oryginalny prezent nie tylko dla m\u0119\u017cczyzn i mi\u0142o\u015bnik\u00f3w motoryzacji. Jazda w samochodach sportowych (Ferrari, Lamborghini, Porsche, ...) na torze wy\u015bcigowym oraz na drogach lokalnych.","breadcrumb":{"@id":"https:\/\/www.legendyuvas.cz\/produkt\/taxi-jizda-v-bmw-m3\/#breadcrumb"},"inLanguage":"pl-PL","potentialAction":[{"@type":"ReadAction","target":["https:\/\/www.legendyuvas.cz\/produkt\/taxi-jizda-v-bmw-m3\/"]}]},{"@type":"ImageObject","inLanguage":"pl-PL","@id":"https:\/\/www.legendyuvas.cz\/produkt\/taxi-jizda-v-bmw-m3\/#primaryimage","url":"https:\/\/www.legendyuvas.cz\/wp-content\/uploads\/2025\/11\/R1PF3899-scaled-1.webp","contentUrl":"https:\/\/www.legendyuvas.cz\/wp-content\/uploads\/2025\/11\/R1PF3899-scaled-1.webp","width":2560,"height":1707},{"@type":"BreadcrumbList","@id":"https:\/\/www.legendyuvas.cz\/produkt\/taxi-jizda-v-bmw-m3\/#breadcrumb","itemListElement":[{"@type":"ListItem","position":1,"name":"Dom\u016f","item":"https:\/\/www.legendyuvas.cz\/"},{"@type":"ListItem","position":2,"name":"Sklep","item":"https:\/\/www.legendyuvas.cz\/pl\/sklep\/"},{"@type":"ListItem","position":3,"name":"BMW M3 F80 (AT)"}]},{"@type":"WebSite","@id":"https:\/\/www.legendyuvas.cz\/#website","url":"https:\/\/www.legendyuvas.cz\/","name":"Legendy U V\u00e1s","description":"Dechberouc\u00ed z\u00e1\u017eitky v autech a motork\u00e1ch","publisher":{"@id":"https:\/\/www.legendyuvas.cz\/#organization"},"potentialAction":[{"@type":"SearchAction","target":{"@type":"EntryPoint","urlTemplate":"https:\/\/www.legendyuvas.cz\/?s={search_term_string}"},"query-input":{"@type":"PropertyValueSpecification","valueRequired":true,"valueName":"search_term_string"}}],"inLanguage":"pl-PL"},{"@type":"Organization","@id":"https:\/\/www.legendyuvas.cz\/#organization","name":"Bontex2 s.r.o.","url":"https:\/\/www.legendyuvas.cz\/","logo":{"@type":"ImageObject","inLanguage":"pl-PL","@id":"https:\/\/www.legendyuvas.cz\/#\/schema\/logo\/image\/","url":"https:\/\/www.legendyuvas.cz\/wp-content\/uploads\/2021\/03\/Legendy-u-Vas.jpg","contentUrl":"https:\/\/www.legendyuvas.cz\/wp-content\/uploads\/2021\/03\/Legendy-u-Vas.jpg","width":400,"height":240,"caption":"Bontex2 s.r.o."},"image":{"@id":"https:\/\/www.legendyuvas.cz\/#\/schema\/logo\/image\/"},"sameAs":["https:\/\/www.facebook.com\/autolegendyuvas","https:\/\/www.facebook.com\/motolegendyuvas","https:\/\/www.instagram.com\/autolegendyuvas\/","https:\/\/www.instagram.com\/motolegendyuvas\/"]}]}},"_links":{"self":[{"href":"https:\/\/www.legendyuvas.cz\/pl\/wp-json\/wp\/v2\/product\/39129","targetHints":{"allow":["GET"]}}],"collection":[{"href":"https:\/\/www.legendyuvas.cz\/pl\/wp-json\/wp\/v2\/product"}],"about":[{"href":"https:\/\/www.legendyuvas.cz\/pl\/wp-json\/wp\/v2\/types\/product"}],"replies":[{"embeddable":true,"href":"https:\/\/www.legendyuvas.cz\/pl\/wp-json\/wp\/v2\/comments?post=39129"}],"version-history":[{"count":0,"href":"https:\/\/www.legendyuvas.cz\/pl\/wp-json\/wp\/v2\/product\/39129\/revisions"}],"wp:featuredmedia":[{"embeddable":true,"href":"https:\/\/www.legendyuvas.cz\/pl\/wp-json\/wp\/v2\/media\/41218"}],"wp:attachment":[{"href":"https:\/\/www.legendyuvas.cz\/pl\/wp-json\/wp\/v2\/media?parent=39129"}],"wp:term":[{"taxonomy":"product_brand","embeddable":true,"href":"https:\/\/www.legendyuvas.cz\/pl\/wp-json\/wp\/v2\/product_brand?post=39129"},{"taxonomy":"product_cat","embeddable":true,"href":"https:\/\/www.legendyuvas.cz\/pl\/wp-json\/wp\/v2\/product_cat?post=39129"},{"taxonomy":"product_tag","embeddable":true,"href":"https:\/\/www.legendyuvas.cz\/pl\/wp-json\/wp\/v2\/product_tag?post=39129"}],"curies":[{"name":"wp","href":"https:\/\/api.w.org\/{rel}","templated":true}]}}